{"id":4448,"date":"2022-02-25T14:19:22","date_gmt":"2022-02-25T13:19:22","guid":{"rendered":"https:\/\/omnivion.net\/core\/?page_id=4448"},"modified":"2022-05-17T22:37:57","modified_gmt":"2022-05-17T21:37:57","slug":"expprim","status":"publish","type":"page","link":"https:\/\/omnivion.net\/core\/fr\/projets\/educational-projects\/expprim\/","title":{"rendered":"Stage d&rsquo;Expression Primitive \/ Danse Africaine"},"content":{"rendered":"<p><img data-recalc-dims=\"1\" loading=\"lazy\" decoding=\"async\" class=\"alignnone size-full wp-image-4449\" src=\"https:\/\/i0.wp.com\/omnivion.net\/core\/wp-content\/uploads\/2022\/02\/2021-06-30_Master_Class_Maria_Kriva_253b_web.jpg?resize=800%2C379\" alt=\"\" width=\"800\" height=\"379\" srcset=\"https:\/\/i0.wp.com\/omnivion.net\/core\/wp-content\/uploads\/2022\/02\/2021-06-30_Master_Class_Maria_Kriva_253b_web.jpg?w=800&amp;ssl=1 800w, https:\/\/i0.wp.com\/omnivion.net\/core\/wp-content\/uploads\/2022\/02\/2021-06-30_Master_Class_Maria_Kriva_253b_web.jpg?resize=300%2C142&amp;ssl=1 300w, https:\/\/i0.wp.com\/omnivion.net\/core\/wp-content\/uploads\/2022\/02\/2021-06-30_Master_Class_Maria_Kriva_253b_web.jpg?resize=768%2C364&amp;ssl=1 768w\" sizes=\"auto, (max-width: 800px) 100vw, 800px\" \/><\/p>\n<h2><\/h2>\n<h2>Stage d&rsquo;Expression Primitive et Danses Africaines du Mali, avec Maria Kriva<\/h2>\n<h2><span style=\"font-size: 14pt;\"><strong>Le 14-15 Mai 2022, Samedi 10H00 &#8211; 13H00 et Dimanche 14H00-17H00,<\/strong>\u00a0<strong>au P\u00e9liau St. Georges, Rabouilleuse, Rochecorbon (<span class=\"LrzXr kno-fv wHYlTd z8gr9e\">37210<\/span>)<\/strong><\/span><\/h2>\n<h2><span style=\"font-size: 14pt;\">dans le cadre de Newtopia 10 \/ Enterres &#8211; Encieux en coproduction avec le Festival Angata de l&rsquo;Association Terre Rouge.<\/span><\/h2>\n<p><strong>TARIF : 60\u20ac<\/strong><\/p>\n<p><strong>R\u00c9SERVATIONS : <a href=\"https:\/\/www.helloasso.com\/associations\/omnivion\/evenements\/stage-d-expression-primitive-par-maria-kriva-2022\">helloasso.com\/associations\/omnivion\/evenements\/stage-d-expression-primitive-par-maria-kriva-2022<\/a><\/strong><\/p>\n<p>&nbsp;<\/p>\n<h2>Deuil et Renaissance<\/h2>\n<p>Pourquoi danser et c\u00e9l\u00e9brer le deuil ?<\/p>\n<p>Pour aider l\u2019\u00eatre humain \u00e0 traverser et \u00e0 sortir du deuil, dans toutes les cultures, il existe des rituels d\u00e9di\u00e9s \u00e0 ces in\u00e9vitables et naturels \u00e9v\u00e9nements de la vie.<\/p>\n<p>La Mort, la perte, la s\u00e9paration comme toute dimension du deuil se danse, se chante, afin d&rsquo;\u00eatre accept\u00e9e, d\u00e9pass\u00e9e, d\u00e9dramatis\u00e9e ou sublim\u00e9e.<\/p>\n<p>Via le mouvement et la voix, les \u00e9motions se lib\u00e8rent du corps et de l&rsquo;esprit en laissant na\u00eetre de nouveaux sens et du renouveau.<\/p>\n<p>Pendant un stage de deux jours nous vous proposons de vivre un processus d\u2019immersion, du deuil \u00e0 la renaissance&#8230;<\/p>\n<p>Maria Kriva s&rsquo;appuie sur son exp\u00e9rience avec les danses africaines, le chant, l&rsquo;expression primitive et les fascias pour vous proposer une exp\u00e9rience immersive singuli\u00e8re.<\/p>\n<p>&nbsp;<\/p>\n<p>&nbsp;<\/p>\n<p><strong>Mini CV de Maria Kriva :<\/strong><\/p>\n<p><span style=\"font-size: 12pt;\">A 4 ans, elle commence sa formation en danse classique et modern jazz dans son pays natal, la Gr\u00e8ce. Entre 14 et 19 ans elle se consacre \u00e0 l&rsquo;athl\u00e9tisme, parall\u00e8lement \u00e0 ses \u00e9tudes d&rsquo;\u00e9ducatrice sportive sp\u00e9cialis\u00e9e pour enfants porteurs d&rsquo;handicap. Ensuite elle \u00e9tudie la danse de Martha Graham et reprend la danse classique. En 2005 en France, elle danse et se forme aupr\u00e8s de France Schott Bilmann en Expression Primitive et \u00e9tudie la danse-th\u00e9rapie \u00e0 l&rsquo;universit\u00e9 Paris 5. Plus tard, elle enrichit son exp\u00e9rience avec les danses orientales et elle va puiser toutes les bases anthropologiques dans les danses africaines de l&rsquo;Afrique de l&rsquo;Ouest et les danses du Mali, qu\u2019elle continue d\u2019\u00e9tudier jusqu\u2019\u00e0 aujourd&rsquo;hui. Pour approfondir sa recherche du mouvement dans\u00e9, elle va \u00e9tudier l&rsquo; ost\u00e9o-fasciath\u00e9rapie. Actuellement elle enseigne les danses maliennes aux enfants et adultes. Parall\u00e8lement, elle soigne en tant que danse-th\u00e9rapeute et ost\u00e9o-fasciath\u00e9rapeute. Aujourd\u2019hui, sa recherche en mouvement et en danse s&rsquo;enrichit avec le Qi Gong.<\/span><\/p>\n<p>&nbsp;<\/p>\n<p><strong>\/\/\/\/\/\/\/\/\/\/\/\/\/\/\/\/\/\/\/\/\/\/\/\/\/\/\/\/\/\/\/\/\/\/\/\/\/\/\/\/\/\/\/\/\/\/\/\/\/\/\/\/\/\/\/\/\/\/\/\/\/\/\/\/\/\/\/\/\/\/\/\/\/\/\/\/\/\/\/\/\/\/\/\/\/\/\/\/\/\/\/\/\/\/\/\/\/\/\/\/\/\/\/\/\/\/\/\/\/\/\/\/\/\/\/\/<\/strong><\/p>\n<p><strong><u>Plus d\u2019infos sur la programmation p\u00e9dagogique : <\/u><\/strong><u><a href=\"https:\/\/omnivion.net\/core\/fr\/projets\/educational-projects\/\"><b>https:\/\/omnivion.net\/core\/fr\/projets\/educational-projects\/<\/b><\/a><\/u><\/p>\n<p>&nbsp;<\/p>\n<div dir=\"auto\"><\/div>\n<div dir=\"auto\"><\/div>\n<p>&nbsp;<\/p>","protected":false},"excerpt":{"rendered":"<p>Stage d&rsquo;Expression Primitive et Danses Africaines du Mali, avec Maria Kriva Le 14-15 [&hellip;]<\/p>\n","protected":false},"author":1,"featured_media":0,"parent":63,"menu_order":0,"comment_status":"closed","ping_status":"closed","template":"","meta":{"jetpack_post_was_ever_published":false,"footnotes":""},"class_list":["post-4448","page","type-page","status-publish","hentry"],"yoast_head":"<!-- This site is optimized with the Yoast SEO plugin v26.8 - https:\/\/yoast.com\/product\/yoast-seo-wordpress\/ -->\n<title>Stage d&#039;Expression Primitive \/ Danse Africaine - omnivion.net<\/title>\n<meta name=\"robots\" content=\"index, follow, max-snippet:-1, max-image-preview:large, max-video-preview:-1\" \/>\n<link rel=\"canonical\" href=\"https:\/\/omnivion.net\/core\/fr\/projets\/educational-projects\/expprim\/\" \/>\n<meta property=\"og:locale\" content=\"fr_FR\" \/>\n<meta property=\"og:type\" content=\"article\" \/>\n<meta property=\"og:title\" content=\"Stage d&#039;Expression Primitive \/ Danse Africaine - omnivion.net\" \/>\n<meta property=\"og:description\" content=\"Stage d&rsquo;Expression Primitive et Danses Africaines du Mali, avec Maria Kriva Le 14-15 [&hellip;]\" \/>\n<meta property=\"og:url\" content=\"https:\/\/omnivion.net\/core\/fr\/projets\/educational-projects\/expprim\/\" \/>\n<meta property=\"og:site_name\" content=\"omnivion.net\" \/>\n<meta property=\"article:modified_time\" content=\"2022-05-17T21:37:57+00:00\" \/>\n<meta property=\"og:image\" content=\"http:\/\/omnivion.net\/core\/wp-content\/uploads\/2022\/02\/2021-06-30_Master_Class_Maria_Kriva_253b_web.jpg\" \/>\n<meta name=\"twitter:card\" content=\"summary_large_image\" \/>\n<meta name=\"twitter:label1\" content=\"Dur\u00e9e de lecture estim\u00e9e\" \/>\n\t<meta name=\"twitter:data1\" content=\"2 minutes\" \/>\n<script type=\"application\/ld+json\" class=\"yoast-schema-graph\">{\"@context\":\"https:\/\/schema.org\",\"@graph\":[{\"@type\":\"WebPage\",\"@id\":\"https:\/\/omnivion.net\/core\/fr\/projets\/educational-projects\/expprim\/\",\"url\":\"https:\/\/omnivion.net\/core\/fr\/projets\/educational-projects\/expprim\/\",\"name\":\"Stage d'Expression Primitive \/ Danse Africaine - omnivion.net\",\"isPartOf\":{\"@id\":\"https:\/\/omnivion.net\/core\/fr\/#website\"},\"primaryImageOfPage\":{\"@id\":\"https:\/\/omnivion.net\/core\/fr\/projets\/educational-projects\/expprim\/#primaryimage\"},\"image\":{\"@id\":\"https:\/\/omnivion.net\/core\/fr\/projets\/educational-projects\/expprim\/#primaryimage\"},\"thumbnailUrl\":\"http:\/\/omnivion.net\/core\/wp-content\/uploads\/2022\/02\/2021-06-30_Master_Class_Maria_Kriva_253b_web.jpg\",\"datePublished\":\"2022-02-25T13:19:22+00:00\",\"dateModified\":\"2022-05-17T21:37:57+00:00\",\"breadcrumb\":{\"@id\":\"https:\/\/omnivion.net\/core\/fr\/projets\/educational-projects\/expprim\/#breadcrumb\"},\"inLanguage\":\"fr-FR\",\"potentialAction\":[{\"@type\":\"ReadAction\",\"target\":[\"https:\/\/omnivion.net\/core\/fr\/projets\/educational-projects\/expprim\/\"]}]},{\"@type\":\"ImageObject\",\"inLanguage\":\"fr-FR\",\"@id\":\"https:\/\/omnivion.net\/core\/fr\/projets\/educational-projects\/expprim\/#primaryimage\",\"url\":\"http:\/\/omnivion.net\/core\/wp-content\/uploads\/2022\/02\/2021-06-30_Master_Class_Maria_Kriva_253b_web.jpg\",\"contentUrl\":\"http:\/\/omnivion.net\/core\/wp-content\/uploads\/2022\/02\/2021-06-30_Master_Class_Maria_Kriva_253b_web.jpg\"},{\"@type\":\"BreadcrumbList\",\"@id\":\"https:\/\/omnivion.net\/core\/fr\/projets\/educational-projects\/expprim\/#breadcrumb\",\"itemListElement\":[{\"@type\":\"ListItem\",\"position\":1,\"name\":\"Accueil\",\"item\":\"https:\/\/omnivion.net\/core\/en\/silverstorm\/\"},{\"@type\":\"ListItem\",\"position\":2,\"name\":\"Projets\",\"item\":\"https:\/\/omnivion.net\/core\/fr\/projets\/\"},{\"@type\":\"ListItem\",\"position\":3,\"name\":\"Projets Educatifs\",\"item\":\"https:\/\/omnivion.net\/core\/projets\/educational-projects\/\"},{\"@type\":\"ListItem\",\"position\":4,\"name\":\"Stage d&rsquo;Expression Primitive \/ Danse Africaine\"}]},{\"@type\":\"WebSite\",\"@id\":\"https:\/\/omnivion.net\/core\/fr\/#website\",\"url\":\"https:\/\/omnivion.net\/core\/fr\/\",\"name\":\"omnivion.net\",\"description\":\"...ARTS D&#039;\u00caTRE CORPS...\",\"potentialAction\":[{\"@type\":\"SearchAction\",\"target\":{\"@type\":\"EntryPoint\",\"urlTemplate\":\"https:\/\/omnivion.net\/core\/fr\/?s={search_term_string}\"},\"query-input\":{\"@type\":\"PropertyValueSpecification\",\"valueRequired\":true,\"valueName\":\"search_term_string\"}}],\"inLanguage\":\"fr-FR\"}]}<\/script>\n<!-- \/ Yoast SEO plugin. -->","yoast_head_json":{"title":"Stage d'Expression Primitive \/ Danse Africaine - omnivion.net","robots":{"index":"index","follow":"follow","max-snippet":"max-snippet:-1","max-image-preview":"max-image-preview:large","max-video-preview":"max-video-preview:-1"},"canonical":"https:\/\/omnivion.net\/core\/fr\/projets\/educational-projects\/expprim\/","og_locale":"fr_FR","og_type":"article","og_title":"Stage d'Expression Primitive \/ Danse Africaine - omnivion.net","og_description":"Stage d&rsquo;Expression Primitive et Danses Africaines du Mali, avec Maria Kriva Le 14-15 [&hellip;]","og_url":"https:\/\/omnivion.net\/core\/fr\/projets\/educational-projects\/expprim\/","og_site_name":"omnivion.net","article_modified_time":"2022-05-17T21:37:57+00:00","og_image":[{"url":"http:\/\/omnivion.net\/core\/wp-content\/uploads\/2022\/02\/2021-06-30_Master_Class_Maria_Kriva_253b_web.jpg","type":"","width":"","height":""}],"twitter_card":"summary_large_image","twitter_misc":{"Dur\u00e9e de lecture estim\u00e9e":"2 minutes"},"schema":{"@context":"https:\/\/schema.org","@graph":[{"@type":"WebPage","@id":"https:\/\/omnivion.net\/core\/fr\/projets\/educational-projects\/expprim\/","url":"https:\/\/omnivion.net\/core\/fr\/projets\/educational-projects\/expprim\/","name":"Stage d'Expression Primitive \/ Danse Africaine - omnivion.net","isPartOf":{"@id":"https:\/\/omnivion.net\/core\/fr\/#website"},"primaryImageOfPage":{"@id":"https:\/\/omnivion.net\/core\/fr\/projets\/educational-projects\/expprim\/#primaryimage"},"image":{"@id":"https:\/\/omnivion.net\/core\/fr\/projets\/educational-projects\/expprim\/#primaryimage"},"thumbnailUrl":"http:\/\/omnivion.net\/core\/wp-content\/uploads\/2022\/02\/2021-06-30_Master_Class_Maria_Kriva_253b_web.jpg","datePublished":"2022-02-25T13:19:22+00:00","dateModified":"2022-05-17T21:37:57+00:00","breadcrumb":{"@id":"https:\/\/omnivion.net\/core\/fr\/projets\/educational-projects\/expprim\/#breadcrumb"},"inLanguage":"fr-FR","potentialAction":[{"@type":"ReadAction","target":["https:\/\/omnivion.net\/core\/fr\/projets\/educational-projects\/expprim\/"]}]},{"@type":"ImageObject","inLanguage":"fr-FR","@id":"https:\/\/omnivion.net\/core\/fr\/projets\/educational-projects\/expprim\/#primaryimage","url":"http:\/\/omnivion.net\/core\/wp-content\/uploads\/2022\/02\/2021-06-30_Master_Class_Maria_Kriva_253b_web.jpg","contentUrl":"http:\/\/omnivion.net\/core\/wp-content\/uploads\/2022\/02\/2021-06-30_Master_Class_Maria_Kriva_253b_web.jpg"},{"@type":"BreadcrumbList","@id":"https:\/\/omnivion.net\/core\/fr\/projets\/educational-projects\/expprim\/#breadcrumb","itemListElement":[{"@type":"ListItem","position":1,"name":"Accueil","item":"https:\/\/omnivion.net\/core\/en\/silverstorm\/"},{"@type":"ListItem","position":2,"name":"Projets","item":"https:\/\/omnivion.net\/core\/fr\/projets\/"},{"@type":"ListItem","position":3,"name":"Projets Educatifs","item":"https:\/\/omnivion.net\/core\/projets\/educational-projects\/"},{"@type":"ListItem","position":4,"name":"Stage d&rsquo;Expression Primitive \/ Danse Africaine"}]},{"@type":"WebSite","@id":"https:\/\/omnivion.net\/core\/fr\/#website","url":"https:\/\/omnivion.net\/core\/fr\/","name":"omnivion.net","description":"...ARTS D&#039;\u00caTRE CORPS...","potentialAction":[{"@type":"SearchAction","target":{"@type":"EntryPoint","urlTemplate":"https:\/\/omnivion.net\/core\/fr\/?s={search_term_string}"},"query-input":{"@type":"PropertyValueSpecification","valueRequired":true,"valueName":"search_term_string"}}],"inLanguage":"fr-FR"}]}},"jetpack_sharing_enabled":true,"jetpack_shortlink":"https:\/\/wp.me\/P2fe7Q-19K","jetpack_likes_enabled":true,"_links":{"self":[{"href":"https:\/\/omnivion.net\/core\/fr\/wp-json\/wp\/v2\/pages\/4448","targetHints":{"allow":["GET"]}}],"collection":[{"href":"https:\/\/omnivion.net\/core\/fr\/wp-json\/wp\/v2\/pages"}],"about":[{"href":"https:\/\/omnivion.net\/core\/fr\/wp-json\/wp\/v2\/types\/page"}],"author":[{"embeddable":true,"href":"https:\/\/omnivion.net\/core\/fr\/wp-json\/wp\/v2\/users\/1"}],"replies":[{"embeddable":true,"href":"https:\/\/omnivion.net\/core\/fr\/wp-json\/wp\/v2\/comments?post=4448"}],"version-history":[{"count":10,"href":"https:\/\/omnivion.net\/core\/fr\/wp-json\/wp\/v2\/pages\/4448\/revisions"}],"predecessor-version":[{"id":4660,"href":"https:\/\/omnivion.net\/core\/fr\/wp-json\/wp\/v2\/pages\/4448\/revisions\/4660"}],"up":[{"embeddable":true,"href":"https:\/\/omnivion.net\/core\/fr\/wp-json\/wp\/v2\/pages\/63"}],"wp:attachment":[{"href":"https:\/\/omnivion.net\/core\/fr\/wp-json\/wp\/v2\/media?parent=4448"}],"curies":[{"name":"wp","href":"https:\/\/api.w.org\/{rel}","templated":true}]}}