{"id":4439,"date":"2022-02-25T00:20:56","date_gmt":"2022-02-24T23:20:56","guid":{"rendered":"https:\/\/omnivion.net\/core\/?page_id=4439"},"modified":"2023-10-12T12:25:18","modified_gmt":"2023-10-12T11:25:18","slug":"fascia-et-arts-de-la-scene","status":"publish","type":"page","link":"https:\/\/omnivion.net\/core\/fr\/projets\/educational-projects\/fascia-et-arts-de-la-scene\/","title":{"rendered":"Fascia et arts de la sc\u00e8ne"},"content":{"rendered":"<p><img data-recalc-dims=\"1\" loading=\"lazy\" decoding=\"async\" class=\"alignnone size-full wp-image-4440\" src=\"https:\/\/i0.wp.com\/omnivion.net\/core\/wp-content\/uploads\/2022\/02\/2011-09-01_%CE%A3%CE%B5%CE%BC%CE%B9%CE%BD%CE%AC%CF%81%CE%B9%CE%BF-%CE%A4%CF%83%CE%B9%CE%B1%CF%80%CE%BA%CE%AF%CE%BD%CE%B7_02_edit_web.jpg?resize=800%2C453\" alt=\"\" width=\"800\" height=\"453\" srcset=\"https:\/\/i0.wp.com\/omnivion.net\/core\/wp-content\/uploads\/2022\/02\/2011-09-01_%CE%A3%CE%B5%CE%BC%CE%B9%CE%BD%CE%AC%CF%81%CE%B9%CE%BF-%CE%A4%CF%83%CE%B9%CE%B1%CF%80%CE%BA%CE%AF%CE%BD%CE%B7_02_edit_web.jpg?w=800&amp;ssl=1 800w, https:\/\/i0.wp.com\/omnivion.net\/core\/wp-content\/uploads\/2022\/02\/2011-09-01_%CE%A3%CE%B5%CE%BC%CE%B9%CE%BD%CE%AC%CF%81%CE%B9%CE%BF-%CE%A4%CF%83%CE%B9%CE%B1%CF%80%CE%BA%CE%AF%CE%BD%CE%B7_02_edit_web.jpg?resize=300%2C170&amp;ssl=1 300w, https:\/\/i0.wp.com\/omnivion.net\/core\/wp-content\/uploads\/2022\/02\/2011-09-01_%CE%A3%CE%B5%CE%BC%CE%B9%CE%BD%CE%AC%CF%81%CE%B9%CE%BF-%CE%A4%CF%83%CE%B9%CE%B1%CF%80%CE%BA%CE%AF%CE%BD%CE%B7_02_edit_web.jpg?resize=768%2C435&amp;ssl=1 768w\" sizes=\"auto, (max-width: 800px) 100vw, 800px\" \/><\/p>\n<p style=\"text-align: left;\" align=\"center\"><span style=\"font-size: xx-large;\"><b>Fascia et arts de la sc\u00e8ne <\/b><\/span><b><br \/>\n<\/b><span style=\"font-size: large;\">Comment l\u2019\u00e9tude des fascias affecterait performance, expressivit\u00e9 et cr\u00e9ativit\u00e9 ?<\/span><\/p>\n<p style=\"text-align: left;\" align=\"center\"><span style=\"font-family: Calibri Light, sans-serif;\"><span style=\"font-size: xx-large;\"><span style=\"font-size: large;\"><b>Une approche p\u00e9dagogique par Dimitri<\/b><\/span><b> <\/b><span style=\"font-size: large;\"><b>Tsiapkinis, M.A.<\/b><\/span><\/span><\/span><\/p>\n<p><strong>Prochain stage sur l&rsquo;anatomie po\u00e9tique des jambes :<\/strong><\/p>\n<p><strong>Printemps 2024<\/strong><strong>, au <a href=\"https:\/\/www.facebook.com\/lepetitmorier\/?eid=ARBDzo-kWAjJ6b1xTOJvrFNvoZJFvbv-sFBwkOAWHeY7yPG4gvy_qwxZOTe2MHrF3VKBp7_6N5Yvjofh\">Petit Morier<\/a>, 81 Boulevard Jean Royer, 37000 Tours<\/strong><\/p>\n<p><strong>[Samedi 14H-18H et dimanche 13H-17H]<\/strong><\/p>\n<p><strong>R\u00e9servation et infos : bient\u00f4t sur cette page!<\/strong><\/p>\n<p>&nbsp;<\/p>\n<p>&nbsp;<\/p>\n<p><span style=\"font-family: Calibri Light, sans-serif;\"><span style=\"font-size: large;\"><b>A propos<\/b><\/span><\/span><\/p>\n<p><b><\/b><span style=\"font-family: Calibri, sans-serif;\">Une s\u00e9rie de stages sur les fascias (<i>P\u00e9dagogie perceptive)<\/i> ayant deux objectifs majeurs : <b>cultiver le sens kinesth\u00e9sique et promouvoir des expressivit\u00e9s authentiques.<\/b> <b>Anatomie en mouvement, connaissance du corps, lib\u00e9ration de tensions musculaires, mais aussi nuances expressives et enrichissement de la perception spatiale et temporelle.<\/b> Dimitri a travaill\u00e9 depuis plus que 25 ans avec des danseurs, com\u00e9diens, musiciens, soignants et des personnes d\u2019autres domaines professionnels, en focalisant sur la <i><b>pr\u00e9sence<\/b><\/i>. <\/span><\/p>\n<p><span style=\"font-family: Calibri, sans-serif;\">Notre<i><b> pr\u00e9sence<\/b><\/i> dans tout domaine de la vie humaine forme notre singularit\u00e9 et constitue le c\u0153ur de nos interactions. Gr\u00e2ce \u00e0 son travail avec le <strong>chor\u00e9graphe Bernardo Montet<\/strong> et ses \u00e9tudes avec le <strong>fasciath\u00e9rapeute Danis Bois<\/strong>, il a d\u00e9velopp\u00e9 des outils p\u00e9dagogiques pour stimuler la pr\u00e9sence sc\u00e9nique, nuancer l\u2019expression artistique, mais surtout d\u00e9velopper un rapport sensible envers soi, l\u2019autre et le monde. (Son CV : <span style=\"color: #0563c1;\"><u><a href=\"https:\/\/omnivion.net\/core\/fr\/team\/dimitrios-tsiapkinis\/\" target=\"_top\" rel=\"noopener\">omnivion.net\/core\/fr\/team\/dimitrios-tsiapkinis<\/a><\/u><\/span> )<\/span><\/p>\n<p><span style=\"font-family: Calibri, sans-serif;\">Sa recherche a \u00e9t\u00e9 nourrie de nombreuses exp\u00e9riences avec des pratiques d\u2019\u00e9ducation somatique (Feldenkrais, Body Mind Centering, etc.) pour finalement se centrer sur une m\u00e9thode fran\u00e7aise bas\u00e9e sur la fluidit\u00e9 du mouvement des fascias (tissus conjonctifs) : <i><b>P\u00e9dagogie de la perception (issue de la Fasciath\u00e9rapie). <\/b><\/i><b>En travaillant avec les outils de cette m\u00e9thode, nous observons l\u2019apaisement spontan\u00e9 des douleurs musculaires, un \u00e9veil posturale accrue et le renouvellement des impulsions expressives et cr\u00e9atrices.<\/b><\/span><\/p>\n<p><span style=\"font-family: Calibri, sans-serif;\">Cet axe d\u2019\u00e9tude sera renforc\u00e9 par des <b>cours d\u2019anatomie et des s\u00e9ances de <\/b><i><b>toucher de relation<\/b><\/i> \u00e0 deux, sur des tables de massage.<\/span><\/p>\n<p><span style=\"font-family: Calibri, sans-serif;\"><b>Contenu d\u2019un stage type<\/b><\/span><\/p>\n<p><span style=\"font-family: Calibri, sans-serif;\"><u>Le cours commence avec un \u00e9chauffement qui inclut : <\/u><\/span><\/p>\n<ul>\n<li><span style=\"font-family: Calibri, sans-serif;\"><i>Se relier \u00e0 sa corpor\u00e9it\u00e9<\/i> : Prendre corps \u2013 \u00eatre corps. Stimulation sensorielle par mobilisation et assouplissement des fascias. (Informations anatomiques en parall\u00e8le)<\/span><\/li>\n<li><span style=\"font-family: Calibri, sans-serif;\">Assumer sa puissance \u00e0 travers les appuis et l\u2019imm\u00e9diatet\u00e9 : Exercices de tonicit\u00e9 du tronc et pratiques qui promeuvent une attention accrue.<\/span><\/li>\n<li><span style=\"font-family: Calibri, sans-serif;\">D\u00e9velopper des<i> <\/i><i><b>esth\u00e9tiques du ressenti<\/b><\/i> qui pr\u00e9c\u00e8de ou transcende celle de la forme ;<i> Red\u00e9finition posturale sensible<\/i> \u00e0 travers des encha\u00eenements et improvisations au sol ou debout.<\/span><\/li>\n<\/ul>\n<p><span style=\"font-family: Calibri, sans-serif;\"><u>Travail de technicit\u00e9 en lien avec l\u2019expressivit\u00e9 personnelle :<\/u><\/span><\/p>\n<ul>\n<li><span style=\"font-family: Calibri, sans-serif;\">Ancrage au sol<\/span><\/li>\n<li><span style=\"font-family: Calibri, sans-serif;\">Peaufiner la coordination entre le tronc et les membres \u00e0 travers la fluidit\u00e9 et\/ou la pulsation<\/span><\/li>\n<li><span style=\"font-family: Calibri, sans-serif;\">Changements radicaux d\u2019\u00e9nergie et de qualit\u00e9 de mouvement<\/span><\/li>\n<li><span style=\"font-family: Calibri, sans-serif;\">Enrichissement de la perception spatiotemporelle <\/span><\/li>\n<\/ul>\n<p><span style=\"font-family: Calibri, sans-serif;\"><br \/>\n<u>Recherche somatique <\/u><\/span><\/p>\n<ul>\n<li><span style=\"font-family: Calibri, sans-serif;\">Applications diverses d\u2019\u00e9ducation somatique : anatomie, kin\u00e9siologie, pr\u00e9vention (<i>toucher de relation<\/i> sur soi ou sur un partenaire).<\/span><\/li>\n<\/ul>\n<p><span style=\"font-family: Calibri, sans-serif;\"><u>Atelier cr\u00e9atif<\/u><\/span><\/p>\n<ul>\n<li><span style=\"font-family: Calibri, sans-serif;\">Stimuler l\u2019int\u00e9gration et la spontan\u00e9it\u00e9 en improvisant sur les mati\u00e8res du cours<\/span><\/li>\n<li><span style=\"font-family: Calibri, sans-serif;\">Explorer diverses applications en danse, musique, th\u00e9\u00e2tre, cirque, etc.<br \/>\n<\/span><\/li>\n<\/ul>\n<p><span style=\"font-family: Calibri, sans-serif;\"><b>Pour plus d\u2019information, contactez : <a href=\"mailto:info@omnivion.net\">info@omnivion.net<\/a><\/b><\/span><\/p>\n<p>&nbsp;<\/p>\n<p><strong>\/\/\/\/\/\/\/\/\/\/\/\/\/\/\/\/\/\/\/\/\/\/\/\/\/\/\/\/\/\/\/\/\/\/\/\/\/\/\/\/\/\/\/\/\/\/\/\/\/\/\/\/\/\/\/\/\/\/\/\/\/\/\/\/\/\/\/\/\/\/\/\/\/\/\/\/\/\/\/\/\/\/\/\/\/\/\/\/\/\/\/\/\/\/\/\/\/\/\/\/\/\/\/\/\/\/\/\/\/\/\/\/\/\/\/\/\/\/\/\/\/\/\/\/\/\/\/\/\/\/\/\/\/<\/strong><\/p>\n<p><strong><u>Plus d\u2019infos sur la programmation p\u00e9dagogique : <\/u><\/strong><u><a href=\"https:\/\/omnivion.net\/core\/fr\/projets\/educational-projects\/\"><b>https:\/\/omnivion.net\/core\/fr\/projets\/educational-projects\/<\/b><\/a><\/u><\/p>","protected":false},"excerpt":{"rendered":"<p>Fascia et arts de la sc\u00e8ne Comment l\u2019\u00e9tude des fascias affecterait performance, expressivit\u00e9 [&hellip;]<\/p>\n","protected":false},"author":1,"featured_media":0,"parent":63,"menu_order":0,"comment_status":"closed","ping_status":"closed","template":"","meta":{"jetpack_post_was_ever_published":false,"footnotes":""},"class_list":["post-4439","page","type-page","status-publish","hentry"],"yoast_head":"<!-- This site is optimized with the Yoast SEO plugin v26.8 - https:\/\/yoast.com\/product\/yoast-seo-wordpress\/ -->\n<title>Fascia et arts de la sc\u00e8ne - omnivion.net<\/title>\n<meta name=\"robots\" content=\"index, follow, max-snippet:-1, max-image-preview:large, max-video-preview:-1\" \/>\n<link rel=\"canonical\" href=\"https:\/\/omnivion.net\/core\/fr\/projets\/educational-projects\/fascia-et-arts-de-la-scene\/\" \/>\n<meta property=\"og:locale\" content=\"fr_FR\" \/>\n<meta property=\"og:type\" content=\"article\" \/>\n<meta property=\"og:title\" content=\"Fascia et arts de la sc\u00e8ne - omnivion.net\" \/>\n<meta property=\"og:description\" content=\"Fascia et arts de la sc\u00e8ne Comment l\u2019\u00e9tude des fascias affecterait performance, expressivit\u00e9 [&hellip;]\" \/>\n<meta property=\"og:url\" content=\"https:\/\/omnivion.net\/core\/fr\/projets\/educational-projects\/fascia-et-arts-de-la-scene\/\" \/>\n<meta property=\"og:site_name\" content=\"omnivion.net\" \/>\n<meta property=\"article:modified_time\" content=\"2023-10-12T11:25:18+00:00\" \/>\n<meta name=\"twitter:card\" content=\"summary_large_image\" \/>\n<meta name=\"twitter:label1\" content=\"Dur\u00e9e de lecture estim\u00e9e\" \/>\n\t<meta name=\"twitter:data1\" content=\"3 minutes\" \/>\n<script type=\"application\/ld+json\" class=\"yoast-schema-graph\">{\"@context\":\"https:\/\/schema.org\",\"@graph\":[{\"@type\":\"WebPage\",\"@id\":\"https:\/\/omnivion.net\/core\/fr\/projets\/educational-projects\/fascia-et-arts-de-la-scene\/\",\"url\":\"https:\/\/omnivion.net\/core\/fr\/projets\/educational-projects\/fascia-et-arts-de-la-scene\/\",\"name\":\"Fascia et arts de la sc\u00e8ne - omnivion.net\",\"isPartOf\":{\"@id\":\"https:\/\/omnivion.net\/core\/fr\/#website\"},\"datePublished\":\"2022-02-24T23:20:56+00:00\",\"dateModified\":\"2023-10-12T11:25:18+00:00\",\"breadcrumb\":{\"@id\":\"https:\/\/omnivion.net\/core\/fr\/projets\/educational-projects\/fascia-et-arts-de-la-scene\/#breadcrumb\"},\"inLanguage\":\"fr-FR\",\"potentialAction\":[{\"@type\":\"ReadAction\",\"target\":[\"https:\/\/omnivion.net\/core\/fr\/projets\/educational-projects\/fascia-et-arts-de-la-scene\/\"]}]},{\"@type\":\"BreadcrumbList\",\"@id\":\"https:\/\/omnivion.net\/core\/fr\/projets\/educational-projects\/fascia-et-arts-de-la-scene\/#breadcrumb\",\"itemListElement\":[{\"@type\":\"ListItem\",\"position\":1,\"name\":\"Accueil\",\"item\":\"https:\/\/omnivion.net\/core\/en\/silverstorm\/\"},{\"@type\":\"ListItem\",\"position\":2,\"name\":\"Projets\",\"item\":\"https:\/\/omnivion.net\/core\/fr\/projets\/\"},{\"@type\":\"ListItem\",\"position\":3,\"name\":\"Projets Educatifs\",\"item\":\"https:\/\/omnivion.net\/core\/projets\/educational-projects\/\"},{\"@type\":\"ListItem\",\"position\":4,\"name\":\"Fascia et arts de la sc\u00e8ne\"}]},{\"@type\":\"WebSite\",\"@id\":\"https:\/\/omnivion.net\/core\/fr\/#website\",\"url\":\"https:\/\/omnivion.net\/core\/fr\/\",\"name\":\"omnivion.net\",\"description\":\"...ARTS D&#039;\u00caTRE CORPS...\",\"potentialAction\":[{\"@type\":\"SearchAction\",\"target\":{\"@type\":\"EntryPoint\",\"urlTemplate\":\"https:\/\/omnivion.net\/core\/fr\/?s={search_term_string}\"},\"query-input\":{\"@type\":\"PropertyValueSpecification\",\"valueRequired\":true,\"valueName\":\"search_term_string\"}}],\"inLanguage\":\"fr-FR\"}]}<\/script>\n<!-- \/ Yoast SEO plugin. -->","yoast_head_json":{"title":"Fascia et arts de la sc\u00e8ne - omnivion.net","robots":{"index":"index","follow":"follow","max-snippet":"max-snippet:-1","max-image-preview":"max-image-preview:large","max-video-preview":"max-video-preview:-1"},"canonical":"https:\/\/omnivion.net\/core\/fr\/projets\/educational-projects\/fascia-et-arts-de-la-scene\/","og_locale":"fr_FR","og_type":"article","og_title":"Fascia et arts de la sc\u00e8ne - omnivion.net","og_description":"Fascia et arts de la sc\u00e8ne Comment l\u2019\u00e9tude des fascias affecterait performance, expressivit\u00e9 [&hellip;]","og_url":"https:\/\/omnivion.net\/core\/fr\/projets\/educational-projects\/fascia-et-arts-de-la-scene\/","og_site_name":"omnivion.net","article_modified_time":"2023-10-12T11:25:18+00:00","twitter_card":"summary_large_image","twitter_misc":{"Dur\u00e9e de lecture estim\u00e9e":"3 minutes"},"schema":{"@context":"https:\/\/schema.org","@graph":[{"@type":"WebPage","@id":"https:\/\/omnivion.net\/core\/fr\/projets\/educational-projects\/fascia-et-arts-de-la-scene\/","url":"https:\/\/omnivion.net\/core\/fr\/projets\/educational-projects\/fascia-et-arts-de-la-scene\/","name":"Fascia et arts de la sc\u00e8ne - omnivion.net","isPartOf":{"@id":"https:\/\/omnivion.net\/core\/fr\/#website"},"datePublished":"2022-02-24T23:20:56+00:00","dateModified":"2023-10-12T11:25:18+00:00","breadcrumb":{"@id":"https:\/\/omnivion.net\/core\/fr\/projets\/educational-projects\/fascia-et-arts-de-la-scene\/#breadcrumb"},"inLanguage":"fr-FR","potentialAction":[{"@type":"ReadAction","target":["https:\/\/omnivion.net\/core\/fr\/projets\/educational-projects\/fascia-et-arts-de-la-scene\/"]}]},{"@type":"BreadcrumbList","@id":"https:\/\/omnivion.net\/core\/fr\/projets\/educational-projects\/fascia-et-arts-de-la-scene\/#breadcrumb","itemListElement":[{"@type":"ListItem","position":1,"name":"Accueil","item":"https:\/\/omnivion.net\/core\/en\/silverstorm\/"},{"@type":"ListItem","position":2,"name":"Projets","item":"https:\/\/omnivion.net\/core\/fr\/projets\/"},{"@type":"ListItem","position":3,"name":"Projets Educatifs","item":"https:\/\/omnivion.net\/core\/projets\/educational-projects\/"},{"@type":"ListItem","position":4,"name":"Fascia et arts de la sc\u00e8ne"}]},{"@type":"WebSite","@id":"https:\/\/omnivion.net\/core\/fr\/#website","url":"https:\/\/omnivion.net\/core\/fr\/","name":"omnivion.net","description":"...ARTS D&#039;\u00caTRE CORPS...","potentialAction":[{"@type":"SearchAction","target":{"@type":"EntryPoint","urlTemplate":"https:\/\/omnivion.net\/core\/fr\/?s={search_term_string}"},"query-input":{"@type":"PropertyValueSpecification","valueRequired":true,"valueName":"search_term_string"}}],"inLanguage":"fr-FR"}]}},"jetpack_sharing_enabled":true,"jetpack_shortlink":"https:\/\/wp.me\/P2fe7Q-19B","jetpack_likes_enabled":true,"_links":{"self":[{"href":"https:\/\/omnivion.net\/core\/fr\/wp-json\/wp\/v2\/pages\/4439","targetHints":{"allow":["GET"]}}],"collection":[{"href":"https:\/\/omnivion.net\/core\/fr\/wp-json\/wp\/v2\/pages"}],"about":[{"href":"https:\/\/omnivion.net\/core\/fr\/wp-json\/wp\/v2\/types\/page"}],"author":[{"embeddable":true,"href":"https:\/\/omnivion.net\/core\/fr\/wp-json\/wp\/v2\/users\/1"}],"replies":[{"embeddable":true,"href":"https:\/\/omnivion.net\/core\/fr\/wp-json\/wp\/v2\/comments?post=4439"}],"version-history":[{"count":14,"href":"https:\/\/omnivion.net\/core\/fr\/wp-json\/wp\/v2\/pages\/4439\/revisions"}],"predecessor-version":[{"id":5166,"href":"https:\/\/omnivion.net\/core\/fr\/wp-json\/wp\/v2\/pages\/4439\/revisions\/5166"}],"up":[{"embeddable":true,"href":"https:\/\/omnivion.net\/core\/fr\/wp-json\/wp\/v2\/pages\/63"}],"wp:attachment":[{"href":"https:\/\/omnivion.net\/core\/fr\/wp-json\/wp\/v2\/media?parent=4439"}],"curies":[{"name":"wp","href":"https:\/\/api.w.org\/{rel}","templated":true}]}}