{"id":4380,"date":"2022-01-03T22:36:23","date_gmt":"2022-01-03T21:36:23","guid":{"rendered":"https:\/\/omnivion.net\/core\/?page_id=4380"},"modified":"2022-01-03T22:51:17","modified_gmt":"2022-01-03T21:51:17","slug":"christine-causera","status":"publish","type":"page","link":"https:\/\/omnivion.net\/core\/fr\/team\/christine-causera\/","title":{"rendered":"Christine Causera"},"content":{"rendered":"<p><div id=\"attachment_4382\" style=\"width: 810px\" class=\"wp-caption alignnone\"><img data-recalc-dims=\"1\" loading=\"lazy\" decoding=\"async\" aria-describedby=\"caption-attachment-4382\" class=\"size-full wp-image-4382\" src=\"https:\/\/i0.wp.com\/omnivion.net\/core\/wp-content\/uploads\/2022\/01\/DURET-Bernard-37_edit_web.jpg?resize=800%2C452\" alt=\"\" width=\"800\" height=\"452\" srcset=\"https:\/\/i0.wp.com\/omnivion.net\/core\/wp-content\/uploads\/2022\/01\/DURET-Bernard-37_edit_web.jpg?w=800&amp;ssl=1 800w, https:\/\/i0.wp.com\/omnivion.net\/core\/wp-content\/uploads\/2022\/01\/DURET-Bernard-37_edit_web.jpg?resize=300%2C170&amp;ssl=1 300w, https:\/\/i0.wp.com\/omnivion.net\/core\/wp-content\/uploads\/2022\/01\/DURET-Bernard-37_edit_web.jpg?resize=768%2C434&amp;ssl=1 768w\" sizes=\"auto, (max-width: 800px) 100vw, 800px\" \/><p id=\"caption-attachment-4382\" class=\"wp-caption-text\"><span style=\"font-size: 10pt;\">Photo par Bernard Duret<\/span><\/p><\/div><\/p>\n<h2><\/h2>\n<h2><\/h2>\n<h2>Christine Causera,<\/h2>\n<p>danse avec Omnivion depuis 2018. Elle a plusieurs passions, son travail en tant qu\u2019in\ufb01rmi\u00e8re psychiatrique, les plantes sauvages qu\u2019elle aime faire d\u00e9couvrir que ce soient sur le terrain ou en atelier, et la danse.<br \/>\nDanse contemporaine pratiqu\u00e9e jeune pendant plusieurs ann\u00e9es, et comme \u00ab outil \u00bb de m\u00e9diation en atelier aupr\u00e8s de jeunes enfants ou d\u2019adultes en dif\ufb01cult\u00e9s psychique pendant certaines de ses ann\u00e9es de travail en psychiatrie.<\/p>\n<p>En 2019, l\u2019arriv\u00e9e de Dimitri au sein du FAM (P\u00f4le de Sant\u00e9 Mentale \u00e0 Saint-Cyr-sur-Loire) dans lequel Christine travaille a intensi\ufb01\u00e9e l\u2019envie de s\u2019engager encore plus en int\u00e9grant les ateliers du mercredi soir au Centre Social la Rabi\u00e8re (Jou\u00e9-l\u00e8s-Tours).<br \/>\n\u00ab L\u2019approche sensorielle propos\u00e9e par Dimitri a \u00e9t\u00e9 un bouleversement et me permet de rechercher une authenticit\u00e9 jusque l\u00e0 \u00e9touff\u00e9e par des codes et des images mentales inscrits au plus profond de moi \u00bb.<\/p>\n<p>Depuis 2021, elle est aussi secr\u00e9taire g\u00e9n\u00e9rale de l&rsquo;association Omnivion.<\/p>","protected":false},"excerpt":{"rendered":"<p>Christine Causera, danse avec Omnivion depuis 2018. Elle a plusieurs passions, son travail [&hellip;]<\/p>\n","protected":false},"author":1,"featured_media":0,"parent":66,"menu_order":0,"comment_status":"closed","ping_status":"closed","template":"","meta":{"jetpack_post_was_ever_published":false,"footnotes":""},"class_list":["post-4380","page","type-page","status-publish","hentry"],"yoast_head":"<!-- This site is optimized with the Yoast SEO plugin v26.8 - https:\/\/yoast.com\/product\/yoast-seo-wordpress\/ -->\n<title>Christine Causera - omnivion.net<\/title>\n<meta name=\"robots\" content=\"index, follow, max-snippet:-1, max-image-preview:large, max-video-preview:-1\" \/>\n<link rel=\"canonical\" href=\"https:\/\/omnivion.net\/core\/fr\/team\/christine-causera\/\" \/>\n<meta property=\"og:locale\" content=\"fr_FR\" \/>\n<meta property=\"og:type\" content=\"article\" \/>\n<meta property=\"og:title\" content=\"Christine Causera - omnivion.net\" \/>\n<meta property=\"og:description\" content=\"Christine Causera, danse avec Omnivion depuis 2018. Elle a plusieurs passions, son travail [&hellip;]\" \/>\n<meta property=\"og:url\" content=\"https:\/\/omnivion.net\/core\/fr\/team\/christine-causera\/\" \/>\n<meta property=\"og:site_name\" content=\"omnivion.net\" \/>\n<meta property=\"article:modified_time\" content=\"2022-01-03T21:51:17+00:00\" \/>\n<meta property=\"og:image\" content=\"http:\/\/omnivion.net\/core\/wp-content\/uploads\/2022\/01\/DURET-Bernard-37_edit_web.jpg\" \/>\n<meta name=\"twitter:card\" content=\"summary_large_image\" \/>\n<meta name=\"twitter:label1\" content=\"Dur\u00e9e de lecture estim\u00e9e\" \/>\n\t<meta name=\"twitter:data1\" content=\"1 minute\" \/>\n<script type=\"application\/ld+json\" class=\"yoast-schema-graph\">{\"@context\":\"https:\/\/schema.org\",\"@graph\":[{\"@type\":\"WebPage\",\"@id\":\"https:\/\/omnivion.net\/core\/fr\/team\/christine-causera\/\",\"url\":\"https:\/\/omnivion.net\/core\/fr\/team\/christine-causera\/\",\"name\":\"Christine Causera - omnivion.net\",\"isPartOf\":{\"@id\":\"https:\/\/omnivion.net\/core\/fr\/#website\"},\"primaryImageOfPage\":{\"@id\":\"https:\/\/omnivion.net\/core\/fr\/team\/christine-causera\/#primaryimage\"},\"image\":{\"@id\":\"https:\/\/omnivion.net\/core\/fr\/team\/christine-causera\/#primaryimage\"},\"thumbnailUrl\":\"http:\/\/omnivion.net\/core\/wp-content\/uploads\/2022\/01\/DURET-Bernard-37_edit_web.jpg\",\"datePublished\":\"2022-01-03T21:36:23+00:00\",\"dateModified\":\"2022-01-03T21:51:17+00:00\",\"breadcrumb\":{\"@id\":\"https:\/\/omnivion.net\/core\/fr\/team\/christine-causera\/#breadcrumb\"},\"inLanguage\":\"fr-FR\",\"potentialAction\":[{\"@type\":\"ReadAction\",\"target\":[\"https:\/\/omnivion.net\/core\/fr\/team\/christine-causera\/\"]}]},{\"@type\":\"ImageObject\",\"inLanguage\":\"fr-FR\",\"@id\":\"https:\/\/omnivion.net\/core\/fr\/team\/christine-causera\/#primaryimage\",\"url\":\"http:\/\/omnivion.net\/core\/wp-content\/uploads\/2022\/01\/DURET-Bernard-37_edit_web.jpg\",\"contentUrl\":\"http:\/\/omnivion.net\/core\/wp-content\/uploads\/2022\/01\/DURET-Bernard-37_edit_web.jpg\"},{\"@type\":\"BreadcrumbList\",\"@id\":\"https:\/\/omnivion.net\/core\/fr\/team\/christine-causera\/#breadcrumb\",\"itemListElement\":[{\"@type\":\"ListItem\",\"position\":1,\"name\":\"Accueil\",\"item\":\"https:\/\/omnivion.net\/core\/en\/silverstorm\/\"},{\"@type\":\"ListItem\",\"position\":2,\"name\":\"Equipe\",\"item\":\"https:\/\/omnivion.net\/core\/team\/\"},{\"@type\":\"ListItem\",\"position\":3,\"name\":\"Christine Causera\"}]},{\"@type\":\"WebSite\",\"@id\":\"https:\/\/omnivion.net\/core\/fr\/#website\",\"url\":\"https:\/\/omnivion.net\/core\/fr\/\",\"name\":\"omnivion.net\",\"description\":\"...ARTS D&#039;\u00caTRE CORPS...\",\"potentialAction\":[{\"@type\":\"SearchAction\",\"target\":{\"@type\":\"EntryPoint\",\"urlTemplate\":\"https:\/\/omnivion.net\/core\/fr\/?s={search_term_string}\"},\"query-input\":{\"@type\":\"PropertyValueSpecification\",\"valueRequired\":true,\"valueName\":\"search_term_string\"}}],\"inLanguage\":\"fr-FR\"}]}<\/script>\n<!-- \/ Yoast SEO plugin. -->","yoast_head_json":{"title":"Christine Causera - omnivion.net","robots":{"index":"index","follow":"follow","max-snippet":"max-snippet:-1","max-image-preview":"max-image-preview:large","max-video-preview":"max-video-preview:-1"},"canonical":"https:\/\/omnivion.net\/core\/fr\/team\/christine-causera\/","og_locale":"fr_FR","og_type":"article","og_title":"Christine Causera - omnivion.net","og_description":"Christine Causera, danse avec Omnivion depuis 2018. Elle a plusieurs passions, son travail [&hellip;]","og_url":"https:\/\/omnivion.net\/core\/fr\/team\/christine-causera\/","og_site_name":"omnivion.net","article_modified_time":"2022-01-03T21:51:17+00:00","og_image":[{"url":"http:\/\/omnivion.net\/core\/wp-content\/uploads\/2022\/01\/DURET-Bernard-37_edit_web.jpg","type":"","width":"","height":""}],"twitter_card":"summary_large_image","twitter_misc":{"Dur\u00e9e de lecture estim\u00e9e":"1 minute"},"schema":{"@context":"https:\/\/schema.org","@graph":[{"@type":"WebPage","@id":"https:\/\/omnivion.net\/core\/fr\/team\/christine-causera\/","url":"https:\/\/omnivion.net\/core\/fr\/team\/christine-causera\/","name":"Christine Causera - omnivion.net","isPartOf":{"@id":"https:\/\/omnivion.net\/core\/fr\/#website"},"primaryImageOfPage":{"@id":"https:\/\/omnivion.net\/core\/fr\/team\/christine-causera\/#primaryimage"},"image":{"@id":"https:\/\/omnivion.net\/core\/fr\/team\/christine-causera\/#primaryimage"},"thumbnailUrl":"http:\/\/omnivion.net\/core\/wp-content\/uploads\/2022\/01\/DURET-Bernard-37_edit_web.jpg","datePublished":"2022-01-03T21:36:23+00:00","dateModified":"2022-01-03T21:51:17+00:00","breadcrumb":{"@id":"https:\/\/omnivion.net\/core\/fr\/team\/christine-causera\/#breadcrumb"},"inLanguage":"fr-FR","potentialAction":[{"@type":"ReadAction","target":["https:\/\/omnivion.net\/core\/fr\/team\/christine-causera\/"]}]},{"@type":"ImageObject","inLanguage":"fr-FR","@id":"https:\/\/omnivion.net\/core\/fr\/team\/christine-causera\/#primaryimage","url":"http:\/\/omnivion.net\/core\/wp-content\/uploads\/2022\/01\/DURET-Bernard-37_edit_web.jpg","contentUrl":"http:\/\/omnivion.net\/core\/wp-content\/uploads\/2022\/01\/DURET-Bernard-37_edit_web.jpg"},{"@type":"BreadcrumbList","@id":"https:\/\/omnivion.net\/core\/fr\/team\/christine-causera\/#breadcrumb","itemListElement":[{"@type":"ListItem","position":1,"name":"Accueil","item":"https:\/\/omnivion.net\/core\/en\/silverstorm\/"},{"@type":"ListItem","position":2,"name":"Equipe","item":"https:\/\/omnivion.net\/core\/team\/"},{"@type":"ListItem","position":3,"name":"Christine Causera"}]},{"@type":"WebSite","@id":"https:\/\/omnivion.net\/core\/fr\/#website","url":"https:\/\/omnivion.net\/core\/fr\/","name":"omnivion.net","description":"...ARTS D&#039;\u00caTRE CORPS...","potentialAction":[{"@type":"SearchAction","target":{"@type":"EntryPoint","urlTemplate":"https:\/\/omnivion.net\/core\/fr\/?s={search_term_string}"},"query-input":{"@type":"PropertyValueSpecification","valueRequired":true,"valueName":"search_term_string"}}],"inLanguage":"fr-FR"}]}},"jetpack_sharing_enabled":true,"jetpack_shortlink":"https:\/\/wp.me\/P2fe7Q-18E","jetpack_likes_enabled":true,"_links":{"self":[{"href":"https:\/\/omnivion.net\/core\/fr\/wp-json\/wp\/v2\/pages\/4380","targetHints":{"allow":["GET"]}}],"collection":[{"href":"https:\/\/omnivion.net\/core\/fr\/wp-json\/wp\/v2\/pages"}],"about":[{"href":"https:\/\/omnivion.net\/core\/fr\/wp-json\/wp\/v2\/types\/page"}],"author":[{"embeddable":true,"href":"https:\/\/omnivion.net\/core\/fr\/wp-json\/wp\/v2\/users\/1"}],"replies":[{"embeddable":true,"href":"https:\/\/omnivion.net\/core\/fr\/wp-json\/wp\/v2\/comments?post=4380"}],"version-history":[{"count":4,"href":"https:\/\/omnivion.net\/core\/fr\/wp-json\/wp\/v2\/pages\/4380\/revisions"}],"predecessor-version":[{"id":4386,"href":"https:\/\/omnivion.net\/core\/fr\/wp-json\/wp\/v2\/pages\/4380\/revisions\/4386"}],"up":[{"embeddable":true,"href":"https:\/\/omnivion.net\/core\/fr\/wp-json\/wp\/v2\/pages\/66"}],"wp:attachment":[{"href":"https:\/\/omnivion.net\/core\/fr\/wp-json\/wp\/v2\/media?parent=4380"}],"curies":[{"name":"wp","href":"https:\/\/api.w.org\/{rel}","templated":true}]}}