{"id":4364,"date":"2021-12-28T22:06:45","date_gmt":"2021-12-28T21:06:45","guid":{"rendered":"https:\/\/omnivion.net\/core\/?page_id=4364"},"modified":"2021-12-28T22:09:02","modified_gmt":"2021-12-28T21:09:02","slug":"thylax-fodo-ii","status":"publish","type":"page","link":"https:\/\/omnivion.net\/core\/fr\/projets\/projets-artistiques\/thylax-fodo-ii\/","title":{"rendered":"Thylax &#038; FODO II"},"content":{"rendered":"<p>&nbsp;<\/p>\n<p>Une double repr\u00e9sentation de deux one-man-shows aux th\u00e9matiques et approches similaires. Un travail d&rsquo;auto-analyse chor\u00e9graphique et vocale, constamment mis \u00e0 jour, dirig\u00e9 de mani\u00e8re \u00e0 \u00eatre constamment en relation directe avec le public.<\/p>\n<p><strong>Thylax<\/strong> est une exp\u00e9rience performative avec se la parole, des \u00e9tats de corps et de la danse. Elle a \u00e9t\u00e9 cr\u00e9\u00e9e avec une forte intuition, la conviction qu&rsquo;un rapport sensible au corps contribue \u00e0 l&rsquo;\u00e9mancipation de l&rsquo;individu. Elle participe \u00e0 la d\u00e9construction de nos pr\u00e9jug\u00e9s culturels, de nos r\u00e9ductionnismes et de nos \u00e9gocentrismes et ethnocentrismes. Elle nous stimule \u00e0 inventer de nouvelles postures sensibles face au monde, \u00e0 nous ressourcer, \u00e0 nous recentrer. Elle nous conduit vers une dynamique de red\u00e9finition constante, psychologiquement et socialement.<\/p>\n<p><strong>Orange Feux d&rsquo;Ours<\/strong> est une sorte de one-man-show autobiographique inspir\u00e9 \u00e0 la fois de la psychanalyse et d&rsquo;\u00e9tats extatiques. Un jeu avec soi-m\u00eame qui contient des pulsions brutes, des situations grotesques et de l&rsquo;auto-d\u00e9rision. Inspir\u00e9 \u00e0 l&rsquo;origine d&rsquo;un po\u00e8me d&rsquo;\u00e9criture automatique personnel qui aborde divers sujets chers \u00e0 l&rsquo;auteur : la religion, la s\u00e9paration entre danseurs et non-danseurs, la s\u00e9paration du corps et de l&rsquo;esprit, le masculin versus le f\u00e9minin, l&rsquo;\u00e9ducation, la manipulation de l&rsquo;opinion publique, le bonheur.<\/p>\n<p>&nbsp;<\/p>\n<p>&nbsp;<\/p>","protected":false},"excerpt":{"rendered":"<p>&nbsp; Une double repr\u00e9sentation de deux one-man-shows aux th\u00e9matiques et approches similaires. Un [&hellip;]<\/p>\n","protected":false},"author":1,"featured_media":0,"parent":60,"menu_order":0,"comment_status":"closed","ping_status":"closed","template":"","meta":{"jetpack_post_was_ever_published":false,"footnotes":""},"class_list":["post-4364","page","type-page","status-publish","hentry"],"yoast_head":"<!-- This site is optimized with the Yoast SEO plugin v26.8 - https:\/\/yoast.com\/product\/yoast-seo-wordpress\/ -->\n<title>Thylax &amp; FODO II - omnivion.net<\/title>\n<meta name=\"robots\" content=\"index, follow, max-snippet:-1, max-image-preview:large, max-video-preview:-1\" \/>\n<link rel=\"canonical\" href=\"https:\/\/omnivion.net\/core\/fr\/projets\/projets-artistiques\/thylax-fodo-ii\/\" \/>\n<meta property=\"og:locale\" content=\"fr_FR\" \/>\n<meta property=\"og:type\" content=\"article\" \/>\n<meta property=\"og:title\" content=\"Thylax &amp; FODO II - omnivion.net\" \/>\n<meta property=\"og:description\" content=\"&nbsp; Une double repr\u00e9sentation de deux one-man-shows aux th\u00e9matiques et approches similaires. Un [&hellip;]\" \/>\n<meta property=\"og:url\" content=\"https:\/\/omnivion.net\/core\/fr\/projets\/projets-artistiques\/thylax-fodo-ii\/\" \/>\n<meta property=\"og:site_name\" content=\"omnivion.net\" \/>\n<meta property=\"article:modified_time\" content=\"2021-12-28T21:09:02+00:00\" \/>\n<meta name=\"twitter:card\" content=\"summary_large_image\" \/>\n<meta name=\"twitter:label1\" content=\"Dur\u00e9e de lecture estim\u00e9e\" \/>\n\t<meta name=\"twitter:data1\" content=\"1 minute\" \/>\n<script type=\"application\/ld+json\" class=\"yoast-schema-graph\">{\"@context\":\"https:\/\/schema.org\",\"@graph\":[{\"@type\":\"WebPage\",\"@id\":\"https:\/\/omnivion.net\/core\/fr\/projets\/projets-artistiques\/thylax-fodo-ii\/\",\"url\":\"https:\/\/omnivion.net\/core\/fr\/projets\/projets-artistiques\/thylax-fodo-ii\/\",\"name\":\"Thylax & FODO II - omnivion.net\",\"isPartOf\":{\"@id\":\"https:\/\/omnivion.net\/core\/fr\/#website\"},\"datePublished\":\"2021-12-28T21:06:45+00:00\",\"dateModified\":\"2021-12-28T21:09:02+00:00\",\"breadcrumb\":{\"@id\":\"https:\/\/omnivion.net\/core\/fr\/projets\/projets-artistiques\/thylax-fodo-ii\/#breadcrumb\"},\"inLanguage\":\"fr-FR\",\"potentialAction\":[{\"@type\":\"ReadAction\",\"target\":[\"https:\/\/omnivion.net\/core\/fr\/projets\/projets-artistiques\/thylax-fodo-ii\/\"]}]},{\"@type\":\"BreadcrumbList\",\"@id\":\"https:\/\/omnivion.net\/core\/fr\/projets\/projets-artistiques\/thylax-fodo-ii\/#breadcrumb\",\"itemListElement\":[{\"@type\":\"ListItem\",\"position\":1,\"name\":\"Accueil\",\"item\":\"https:\/\/omnivion.net\/core\/en\/silverstorm\/\"},{\"@type\":\"ListItem\",\"position\":2,\"name\":\"Projets\",\"item\":\"https:\/\/omnivion.net\/core\/fr\/projets\/\"},{\"@type\":\"ListItem\",\"position\":3,\"name\":\"Projets Artistiques\",\"item\":\"https:\/\/omnivion.net\/core\/projets\/projets-artistiques\/\"},{\"@type\":\"ListItem\",\"position\":4,\"name\":\"Thylax &#038; FODO II\"}]},{\"@type\":\"WebSite\",\"@id\":\"https:\/\/omnivion.net\/core\/fr\/#website\",\"url\":\"https:\/\/omnivion.net\/core\/fr\/\",\"name\":\"omnivion.net\",\"description\":\"...ARTS D&#039;\u00caTRE CORPS...\",\"potentialAction\":[{\"@type\":\"SearchAction\",\"target\":{\"@type\":\"EntryPoint\",\"urlTemplate\":\"https:\/\/omnivion.net\/core\/fr\/?s={search_term_string}\"},\"query-input\":{\"@type\":\"PropertyValueSpecification\",\"valueRequired\":true,\"valueName\":\"search_term_string\"}}],\"inLanguage\":\"fr-FR\"}]}<\/script>\n<!-- \/ Yoast SEO plugin. -->","yoast_head_json":{"title":"Thylax & FODO II - omnivion.net","robots":{"index":"index","follow":"follow","max-snippet":"max-snippet:-1","max-image-preview":"max-image-preview:large","max-video-preview":"max-video-preview:-1"},"canonical":"https:\/\/omnivion.net\/core\/fr\/projets\/projets-artistiques\/thylax-fodo-ii\/","og_locale":"fr_FR","og_type":"article","og_title":"Thylax & FODO II - omnivion.net","og_description":"&nbsp; Une double repr\u00e9sentation de deux one-man-shows aux th\u00e9matiques et approches similaires. Un [&hellip;]","og_url":"https:\/\/omnivion.net\/core\/fr\/projets\/projets-artistiques\/thylax-fodo-ii\/","og_site_name":"omnivion.net","article_modified_time":"2021-12-28T21:09:02+00:00","twitter_card":"summary_large_image","twitter_misc":{"Dur\u00e9e de lecture estim\u00e9e":"1 minute"},"schema":{"@context":"https:\/\/schema.org","@graph":[{"@type":"WebPage","@id":"https:\/\/omnivion.net\/core\/fr\/projets\/projets-artistiques\/thylax-fodo-ii\/","url":"https:\/\/omnivion.net\/core\/fr\/projets\/projets-artistiques\/thylax-fodo-ii\/","name":"Thylax & FODO II - omnivion.net","isPartOf":{"@id":"https:\/\/omnivion.net\/core\/fr\/#website"},"datePublished":"2021-12-28T21:06:45+00:00","dateModified":"2021-12-28T21:09:02+00:00","breadcrumb":{"@id":"https:\/\/omnivion.net\/core\/fr\/projets\/projets-artistiques\/thylax-fodo-ii\/#breadcrumb"},"inLanguage":"fr-FR","potentialAction":[{"@type":"ReadAction","target":["https:\/\/omnivion.net\/core\/fr\/projets\/projets-artistiques\/thylax-fodo-ii\/"]}]},{"@type":"BreadcrumbList","@id":"https:\/\/omnivion.net\/core\/fr\/projets\/projets-artistiques\/thylax-fodo-ii\/#breadcrumb","itemListElement":[{"@type":"ListItem","position":1,"name":"Accueil","item":"https:\/\/omnivion.net\/core\/en\/silverstorm\/"},{"@type":"ListItem","position":2,"name":"Projets","item":"https:\/\/omnivion.net\/core\/fr\/projets\/"},{"@type":"ListItem","position":3,"name":"Projets Artistiques","item":"https:\/\/omnivion.net\/core\/projets\/projets-artistiques\/"},{"@type":"ListItem","position":4,"name":"Thylax &#038; FODO II"}]},{"@type":"WebSite","@id":"https:\/\/omnivion.net\/core\/fr\/#website","url":"https:\/\/omnivion.net\/core\/fr\/","name":"omnivion.net","description":"...ARTS D&#039;\u00caTRE CORPS...","potentialAction":[{"@type":"SearchAction","target":{"@type":"EntryPoint","urlTemplate":"https:\/\/omnivion.net\/core\/fr\/?s={search_term_string}"},"query-input":{"@type":"PropertyValueSpecification","valueRequired":true,"valueName":"search_term_string"}}],"inLanguage":"fr-FR"}]}},"jetpack_sharing_enabled":true,"jetpack_shortlink":"https:\/\/wp.me\/P2fe7Q-18o","jetpack_likes_enabled":true,"_links":{"self":[{"href":"https:\/\/omnivion.net\/core\/fr\/wp-json\/wp\/v2\/pages\/4364","targetHints":{"allow":["GET"]}}],"collection":[{"href":"https:\/\/omnivion.net\/core\/fr\/wp-json\/wp\/v2\/pages"}],"about":[{"href":"https:\/\/omnivion.net\/core\/fr\/wp-json\/wp\/v2\/types\/page"}],"author":[{"embeddable":true,"href":"https:\/\/omnivion.net\/core\/fr\/wp-json\/wp\/v2\/users\/1"}],"replies":[{"embeddable":true,"href":"https:\/\/omnivion.net\/core\/fr\/wp-json\/wp\/v2\/comments?post=4364"}],"version-history":[{"count":2,"href":"https:\/\/omnivion.net\/core\/fr\/wp-json\/wp\/v2\/pages\/4364\/revisions"}],"predecessor-version":[{"id":4366,"href":"https:\/\/omnivion.net\/core\/fr\/wp-json\/wp\/v2\/pages\/4364\/revisions\/4366"}],"up":[{"embeddable":true,"href":"https:\/\/omnivion.net\/core\/fr\/wp-json\/wp\/v2\/pages\/60"}],"wp:attachment":[{"href":"https:\/\/omnivion.net\/core\/fr\/wp-json\/wp\/v2\/media?parent=4364"}],"curies":[{"name":"wp","href":"https:\/\/api.w.org\/{rel}","templated":true}]}}