{"id":4182,"date":"2021-08-14T15:09:39","date_gmt":"2021-08-14T14:09:39","guid":{"rendered":"http:\/\/omnivion.net\/core\/?page_id=4182"},"modified":"2024-11-11T19:43:45","modified_gmt":"2024-11-11T18:43:45","slug":"judith","status":"publish","type":"page","link":"https:\/\/omnivion.net\/core\/fr\/projets\/projets-artistiques\/judith\/","title":{"rendered":"JUDITH \/ Le Corps S\u00e9par\u00e9"},"content":{"rendered":"<p><div id=\"attachment_4184\" style=\"width: 810px\" class=\"wp-caption alignnone\"><img data-recalc-dims=\"1\" loading=\"lazy\" decoding=\"async\" aria-describedby=\"caption-attachment-4184\" class=\"size-full wp-image-4184\" src=\"https:\/\/i0.wp.com\/omnivion.net\/core\/wp-content\/uploads\/2021\/08\/2021_Judith_M.Petry_web.png?resize=800%2C335\" alt=\"\" width=\"800\" height=\"335\" srcset=\"https:\/\/i0.wp.com\/omnivion.net\/core\/wp-content\/uploads\/2021\/08\/2021_Judith_M.Petry_web.png?w=800&amp;ssl=1 800w, https:\/\/i0.wp.com\/omnivion.net\/core\/wp-content\/uploads\/2021\/08\/2021_Judith_M.Petry_web.png?resize=300%2C126&amp;ssl=1 300w, https:\/\/i0.wp.com\/omnivion.net\/core\/wp-content\/uploads\/2021\/08\/2021_Judith_M.Petry_web.png?resize=768%2C322&amp;ssl=1 768w\" sizes=\"auto, (max-width: 800px) 100vw, 800px\" \/><p id=\"caption-attachment-4184\" class=\"wp-caption-text\">Photos par Marie P\u00e9try<\/p><\/div><\/p>\n<p>&nbsp;<\/p>\n<h3><strong>Production ind\u00e9pendante avec un soutien logistique d&rsquo;Omnivion<\/strong><\/h3>\n<h2><img data-recalc-dims=\"1\" loading=\"lazy\" decoding=\"async\" class=\"alignnone size-medium wp-image-5481\" src=\"https:\/\/i0.wp.com\/omnivion.net\/core\/wp-content\/uploads\/2024\/11\/RVB_PASS_CULTURE_HD.png?resize=300%2C125&#038;ssl=1\" alt=\"\" width=\"300\" height=\"125\" srcset=\"https:\/\/i0.wp.com\/omnivion.net\/core\/wp-content\/uploads\/2024\/11\/RVB_PASS_CULTURE_HD.png?resize=300%2C125&amp;ssl=1 300w, https:\/\/i0.wp.com\/omnivion.net\/core\/wp-content\/uploads\/2024\/11\/RVB_PASS_CULTURE_HD.png?resize=1024%2C427&amp;ssl=1 1024w, https:\/\/i0.wp.com\/omnivion.net\/core\/wp-content\/uploads\/2024\/11\/RVB_PASS_CULTURE_HD.png?resize=768%2C320&amp;ssl=1 768w, https:\/\/i0.wp.com\/omnivion.net\/core\/wp-content\/uploads\/2024\/11\/RVB_PASS_CULTURE_HD.png?resize=1536%2C640&amp;ssl=1 1536w, https:\/\/i0.wp.com\/omnivion.net\/core\/wp-content\/uploads\/2024\/11\/RVB_PASS_CULTURE_HD.png?resize=2048%2C853&amp;ssl=1 2048w\" sizes=\"auto, (max-width: 300px) 100vw, 300px\" \/><\/h2>\n<h2>Judith \/ le corps s\u00e9par\u00e9 de Howard Barker, traduction par Jean-Michel D\u00e9prats (\u00e9ditions Th\u00e9\u00e2trales)<\/h2>\n<p><strong>Le Collectif Morsures<\/strong> s\u2019est constitu\u00e9 autour d\u2019un projet de mise en sc\u00e8ne d\u2019un texte de l\u2019auteur anglais contemporain, Howard Barker : \u00ab Judith \/ Le Corps s\u00e9par\u00e9 \u00bb. Cet auteur est jou\u00e9 et traduit dans le monde entier. La\u00a0 pi\u00e8ce revisite la figure biblique de Judith. Cette histoire de la belle veuve qui sauve son pays, Isra\u00ebl en coupant la t\u00eate d\u2019Holopherne, g\u00e9n\u00e9ral en chef des troupes assyriennes de Nabucodonosor. Judith a fait l\u2019objet de multiples repr\u00e9sentations en peinture, en musique, dans la litt\u00e9rature et au th\u00e9\u00e2tre. Howard Barker d\u00e9barrasse l\u2019histoire de son contexte historique et religieux.<\/p>\n<p>Deux femmes (une maquerelle et une prostitu\u00e9e ?) entrent dans la tente d\u2019un g\u00e9n\u00e9ral, la veille d\u2019un combat. Toute l\u2019action se passe dans la nuit, quelques heures avant l\u2019aube o\u00f9 l\u2019attaque des troupes du G\u00e9n\u00e9ral va commencer pour d\u00e9truire le pays. Trois personnages: Judith, la domestique et le g\u00e9n\u00e9ral Holopherne. C\u2019est le danseur et chor\u00e9graphe Dimitri Tsiapkinis qui va jouer ce personnage complexe, bien \u00e9loign\u00e9 du st\u00e9r\u00e9otype du g\u00e9n\u00e9ral sanguinaire, habituellement repr\u00e9sent\u00e9. Ici il est plut\u00f4t port\u00e9 \u00e0 la m\u00e9lancolie, il parle si bien de la mort, et de la violence inh\u00e9rente \u00e0 son m\u00e9tier de militaire, que Judith est s\u00e9duite (ou fait semblant d\u2019\u00eatre s\u00e9duite) par lui au point d\u2019h\u00e9siter \u00e0 commettre l\u2019assassinat qui fait d\u2019elle une figure mythique. Le d\u00e9sir (ou le jeu du d\u00e9sir) peut-\u00eatre l\u2019amour (ou le jeu de l\u2019amour) se joue entre eux sous le regard de la domestique dont le surnom est <em>Id\u00e9ologue<\/em>. C&rsquo;est elle qui va contribuer \u00e0 ce que Judith accomplisse l\u2019acte qu\u2019on (le pouvoir, l\u2019histoire?) attend d\u2019elle. Telle un coryph\u00e9e\u00a0 elle est tour \u00e0 tour dans l\u2019action et dans le commentaire de l\u2019action, t\u00e9moin du trouble du d\u00e9sir qui se noue entre Judith et le g\u00e9n\u00e9ral. Apr\u00e8s la d\u00e9capitation, Barker \u00e9crit une\u00a0 sc\u00e8ne entre les deux femmes o\u00f9 Judith va donner une image d\u2019elle tout \u00e0 fait inattendue\u2026Le projet du Collectif Morsures n\u2019est pas de donner une nouvelle interpr\u00e9tation de Judith, mais de s\u2019attaquer \u00e0 la version de Barker qui offre \u00e0 ses acteurs une partition passionnante \u00e0 jouer.<\/p>\n<p>&nbsp;<\/p>\n<p><strong>Interpr\u00e8tes du Collectif Morsures :<\/strong><\/p>\n<p>CATHERINE\u00a0 JACOUX, com\u00e9dienne &#8211; metteure en sc\u00e8ne<\/p>\n<p>KARIN ROMER,\u00a0 com\u00e9dienne<\/p>\n<p>DIMITRI TSIAPKINIS, danseur-chor\u00e9graphe<\/p>\n<p>&nbsp;<\/p>\n<p><strong>Cr\u00e9ation Sonore : Antoine Lay\u00e8re<\/strong><\/p>\n<p><strong>R\u00e9gie \/ \u00e9clairages : Marine Pourqui\u00e9<\/strong><\/p>\n<p><strong>Dur\u00e9e : 70 min<\/strong><\/p>\n<p>&nbsp;<\/p>\n<p>\/\/\/\/\/\/\/\/\/\/\/\/\/\/\/\/\/\/\/\/\/\/\/\/\/\/\/\/\/\/\/\/\/\/\/\/\/\/\/\/\/\/\/\/\/\/\/\/\/\/\/\/\/\/\/\/\/\/\/\/\/\/\/\/\/\/\/\/\/\/\/\/\/\/\/\/\/\/\/\/\/\/\/\/\/\/\/\/\/\/\/\/\/\/\/\/\/\/\/\/\/\/\/\/\/\/\/\/\/\/\/\/\/\/\/\/\/\/\/\/\/\/<\/p>\n<p>&nbsp;<\/p>\n<p><strong>AVEC LE SOUTIEN DE : Centre Dramatique National de Tours (cadre<\/strong> <strong>des r\u00e9sidences solidaires), la Commune de Nikiti (Stelios Kostikas, Michael Moustakas), Le Petit Morier, Omnivion, Obstinatio Musicae, La Grange Babel \/ Jean Vindras, Ville de Saint-Cyr-sur-Loire, Th\u00e9\u00e2tre Vaugarni, La Charpente, Espace Malraux, Espace Culturel Les Quatre Vents.<br \/>\n<\/strong><\/p>\n<p>&nbsp;<\/p>\n<p><strong>Pr\u00e9c\u00e9dentes sorties de r\u00e9sidence :<\/strong><\/p>\n<ul>\n<li><strong>23 septembre 2022, \u00e0 l&rsquo;Espace Culturel Les Quatre Vents, les Blourdiers, Rouziers (37360)<\/strong><\/li>\n<li><strong>14 juin 2022, \u00e0 l&rsquo;Espace Malraux, 37300 Jou\u00e9-l\u00e8s-Tours<\/strong><\/li>\n<li><strong>8 mai 2022, au Th\u00e9\u00e2tre Vaugarni, 37260 Pont-de-Ruan<\/strong><\/li>\n<li><strong>7 janvier 2022, au Regard du Cygne, 210 Rue de Belleville, 75020 Paris<\/strong><\/li>\n<li><strong>9 d\u00e9cembre 2021, \u00e0 la Salle Rabelais, Esplanade des Droits de l&rsquo;Enfant, 37540 Saint-Cyr-sur-Loire<\/strong><\/li>\n<li><strong>18-19 septembre 2021 \u00e0 la Grange Babel, 1 rue Jean Jaur\u00e8s, 37700 Saint-Pierre-des-Corps, France<\/strong><\/li>\n<li><strong>13 ao\u00fbt 2021, au parvis du Mus\u00e9e Ethnographique de Nikiti, Mac\u00e9doine Centrale, Gr\u00e8ce<\/strong><\/li>\n<li><strong>24 mars 2021, \u00e0 l&rsquo;Olympia,<\/strong> <strong>Centre Dramatique National de Tours (cadre<\/strong> <strong>des r\u00e9sidences solidaires)<\/strong>, <strong>37000 Tours, France<\/strong><\/li>\n<\/ul>\n<p><\/p>","protected":false},"excerpt":{"rendered":"<p>&nbsp; Production ind\u00e9pendante avec un soutien logistique d&rsquo;Omnivion Judith \/ le corps s\u00e9par\u00e9 [&hellip;]<\/p>\n","protected":false},"author":1,"featured_media":0,"parent":60,"menu_order":0,"comment_status":"closed","ping_status":"closed","template":"","meta":{"jetpack_post_was_ever_published":false,"footnotes":""},"class_list":["post-4182","page","type-page","status-publish","hentry"],"yoast_head":"<!-- This site is optimized with the Yoast SEO plugin v26.8 - https:\/\/yoast.com\/product\/yoast-seo-wordpress\/ -->\n<title>JUDITH \/ Le Corps S\u00e9par\u00e9 - omnivion.net<\/title>\n<meta name=\"robots\" content=\"index, follow, max-snippet:-1, max-image-preview:large, max-video-preview:-1\" \/>\n<link rel=\"canonical\" href=\"https:\/\/omnivion.net\/core\/fr\/projets\/projets-artistiques\/judith\/\" \/>\n<meta property=\"og:locale\" content=\"fr_FR\" \/>\n<meta property=\"og:type\" content=\"article\" \/>\n<meta property=\"og:title\" content=\"JUDITH \/ Le Corps S\u00e9par\u00e9 - omnivion.net\" \/>\n<meta property=\"og:description\" content=\"&nbsp; Production ind\u00e9pendante avec un soutien logistique d&rsquo;Omnivion Judith \/ le corps s\u00e9par\u00e9 [&hellip;]\" \/>\n<meta property=\"og:url\" content=\"https:\/\/omnivion.net\/core\/fr\/projets\/projets-artistiques\/judith\/\" \/>\n<meta property=\"og:site_name\" content=\"omnivion.net\" \/>\n<meta property=\"article:modified_time\" content=\"2024-11-11T18:43:45+00:00\" \/>\n<meta property=\"og:image\" content=\"http:\/\/omnivion.net\/core\/wp-content\/uploads\/2021\/08\/2021_Judith_M.Petry_web.png\" \/>\n<meta name=\"twitter:card\" content=\"summary_large_image\" \/>\n<meta name=\"twitter:label1\" content=\"Dur\u00e9e de lecture estim\u00e9e\" \/>\n\t<meta name=\"twitter:data1\" content=\"4 minutes\" \/>\n<script type=\"application\/ld+json\" class=\"yoast-schema-graph\">{\"@context\":\"https:\/\/schema.org\",\"@graph\":[{\"@type\":\"WebPage\",\"@id\":\"https:\/\/omnivion.net\/core\/fr\/projets\/projets-artistiques\/judith\/\",\"url\":\"https:\/\/omnivion.net\/core\/fr\/projets\/projets-artistiques\/judith\/\",\"name\":\"JUDITH \/ Le Corps S\u00e9par\u00e9 - omnivion.net\",\"isPartOf\":{\"@id\":\"https:\/\/omnivion.net\/core\/fr\/#website\"},\"primaryImageOfPage\":{\"@id\":\"https:\/\/omnivion.net\/core\/fr\/projets\/projets-artistiques\/judith\/#primaryimage\"},\"image\":{\"@id\":\"https:\/\/omnivion.net\/core\/fr\/projets\/projets-artistiques\/judith\/#primaryimage\"},\"thumbnailUrl\":\"http:\/\/omnivion.net\/core\/wp-content\/uploads\/2021\/08\/2021_Judith_M.Petry_web.png\",\"datePublished\":\"2021-08-14T14:09:39+00:00\",\"dateModified\":\"2024-11-11T18:43:45+00:00\",\"breadcrumb\":{\"@id\":\"https:\/\/omnivion.net\/core\/fr\/projets\/projets-artistiques\/judith\/#breadcrumb\"},\"inLanguage\":\"fr-FR\",\"potentialAction\":[{\"@type\":\"ReadAction\",\"target\":[\"https:\/\/omnivion.net\/core\/fr\/projets\/projets-artistiques\/judith\/\"]}]},{\"@type\":\"ImageObject\",\"inLanguage\":\"fr-FR\",\"@id\":\"https:\/\/omnivion.net\/core\/fr\/projets\/projets-artistiques\/judith\/#primaryimage\",\"url\":\"http:\/\/omnivion.net\/core\/wp-content\/uploads\/2021\/08\/2021_Judith_M.Petry_web.png\",\"contentUrl\":\"http:\/\/omnivion.net\/core\/wp-content\/uploads\/2021\/08\/2021_Judith_M.Petry_web.png\"},{\"@type\":\"BreadcrumbList\",\"@id\":\"https:\/\/omnivion.net\/core\/fr\/projets\/projets-artistiques\/judith\/#breadcrumb\",\"itemListElement\":[{\"@type\":\"ListItem\",\"position\":1,\"name\":\"Accueil\",\"item\":\"https:\/\/omnivion.net\/core\/en\/silverstorm\/\"},{\"@type\":\"ListItem\",\"position\":2,\"name\":\"Projets\",\"item\":\"https:\/\/omnivion.net\/core\/fr\/projets\/\"},{\"@type\":\"ListItem\",\"position\":3,\"name\":\"Projets Artistiques\",\"item\":\"https:\/\/omnivion.net\/core\/projets\/projets-artistiques\/\"},{\"@type\":\"ListItem\",\"position\":4,\"name\":\"JUDITH \/ Le Corps S\u00e9par\u00e9\"}]},{\"@type\":\"WebSite\",\"@id\":\"https:\/\/omnivion.net\/core\/fr\/#website\",\"url\":\"https:\/\/omnivion.net\/core\/fr\/\",\"name\":\"omnivion.net\",\"description\":\"...ARTS D&#039;\u00caTRE CORPS...\",\"potentialAction\":[{\"@type\":\"SearchAction\",\"target\":{\"@type\":\"EntryPoint\",\"urlTemplate\":\"https:\/\/omnivion.net\/core\/fr\/?s={search_term_string}\"},\"query-input\":{\"@type\":\"PropertyValueSpecification\",\"valueRequired\":true,\"valueName\":\"search_term_string\"}}],\"inLanguage\":\"fr-FR\"}]}<\/script>\n<!-- \/ Yoast SEO plugin. -->","yoast_head_json":{"title":"JUDITH \/ Le Corps S\u00e9par\u00e9 - omnivion.net","robots":{"index":"index","follow":"follow","max-snippet":"max-snippet:-1","max-image-preview":"max-image-preview:large","max-video-preview":"max-video-preview:-1"},"canonical":"https:\/\/omnivion.net\/core\/fr\/projets\/projets-artistiques\/judith\/","og_locale":"fr_FR","og_type":"article","og_title":"JUDITH \/ Le Corps S\u00e9par\u00e9 - omnivion.net","og_description":"&nbsp; Production ind\u00e9pendante avec un soutien logistique d&rsquo;Omnivion Judith \/ le corps s\u00e9par\u00e9 [&hellip;]","og_url":"https:\/\/omnivion.net\/core\/fr\/projets\/projets-artistiques\/judith\/","og_site_name":"omnivion.net","article_modified_time":"2024-11-11T18:43:45+00:00","og_image":[{"url":"http:\/\/omnivion.net\/core\/wp-content\/uploads\/2021\/08\/2021_Judith_M.Petry_web.png","type":"","width":"","height":""}],"twitter_card":"summary_large_image","twitter_misc":{"Dur\u00e9e de lecture estim\u00e9e":"4 minutes"},"schema":{"@context":"https:\/\/schema.org","@graph":[{"@type":"WebPage","@id":"https:\/\/omnivion.net\/core\/fr\/projets\/projets-artistiques\/judith\/","url":"https:\/\/omnivion.net\/core\/fr\/projets\/projets-artistiques\/judith\/","name":"JUDITH \/ Le Corps S\u00e9par\u00e9 - omnivion.net","isPartOf":{"@id":"https:\/\/omnivion.net\/core\/fr\/#website"},"primaryImageOfPage":{"@id":"https:\/\/omnivion.net\/core\/fr\/projets\/projets-artistiques\/judith\/#primaryimage"},"image":{"@id":"https:\/\/omnivion.net\/core\/fr\/projets\/projets-artistiques\/judith\/#primaryimage"},"thumbnailUrl":"http:\/\/omnivion.net\/core\/wp-content\/uploads\/2021\/08\/2021_Judith_M.Petry_web.png","datePublished":"2021-08-14T14:09:39+00:00","dateModified":"2024-11-11T18:43:45+00:00","breadcrumb":{"@id":"https:\/\/omnivion.net\/core\/fr\/projets\/projets-artistiques\/judith\/#breadcrumb"},"inLanguage":"fr-FR","potentialAction":[{"@type":"ReadAction","target":["https:\/\/omnivion.net\/core\/fr\/projets\/projets-artistiques\/judith\/"]}]},{"@type":"ImageObject","inLanguage":"fr-FR","@id":"https:\/\/omnivion.net\/core\/fr\/projets\/projets-artistiques\/judith\/#primaryimage","url":"http:\/\/omnivion.net\/core\/wp-content\/uploads\/2021\/08\/2021_Judith_M.Petry_web.png","contentUrl":"http:\/\/omnivion.net\/core\/wp-content\/uploads\/2021\/08\/2021_Judith_M.Petry_web.png"},{"@type":"BreadcrumbList","@id":"https:\/\/omnivion.net\/core\/fr\/projets\/projets-artistiques\/judith\/#breadcrumb","itemListElement":[{"@type":"ListItem","position":1,"name":"Accueil","item":"https:\/\/omnivion.net\/core\/en\/silverstorm\/"},{"@type":"ListItem","position":2,"name":"Projets","item":"https:\/\/omnivion.net\/core\/fr\/projets\/"},{"@type":"ListItem","position":3,"name":"Projets Artistiques","item":"https:\/\/omnivion.net\/core\/projets\/projets-artistiques\/"},{"@type":"ListItem","position":4,"name":"JUDITH \/ Le Corps S\u00e9par\u00e9"}]},{"@type":"WebSite","@id":"https:\/\/omnivion.net\/core\/fr\/#website","url":"https:\/\/omnivion.net\/core\/fr\/","name":"omnivion.net","description":"...ARTS D&#039;\u00caTRE CORPS...","potentialAction":[{"@type":"SearchAction","target":{"@type":"EntryPoint","urlTemplate":"https:\/\/omnivion.net\/core\/fr\/?s={search_term_string}"},"query-input":{"@type":"PropertyValueSpecification","valueRequired":true,"valueName":"search_term_string"}}],"inLanguage":"fr-FR"}]}},"jetpack_sharing_enabled":true,"jetpack_shortlink":"https:\/\/wp.me\/P2fe7Q-15s","jetpack_likes_enabled":true,"_links":{"self":[{"href":"https:\/\/omnivion.net\/core\/fr\/wp-json\/wp\/v2\/pages\/4182","targetHints":{"allow":["GET"]}}],"collection":[{"href":"https:\/\/omnivion.net\/core\/fr\/wp-json\/wp\/v2\/pages"}],"about":[{"href":"https:\/\/omnivion.net\/core\/fr\/wp-json\/wp\/v2\/types\/page"}],"author":[{"embeddable":true,"href":"https:\/\/omnivion.net\/core\/fr\/wp-json\/wp\/v2\/users\/1"}],"replies":[{"embeddable":true,"href":"https:\/\/omnivion.net\/core\/fr\/wp-json\/wp\/v2\/comments?post=4182"}],"version-history":[{"count":55,"href":"https:\/\/omnivion.net\/core\/fr\/wp-json\/wp\/v2\/pages\/4182\/revisions"}],"predecessor-version":[{"id":5482,"href":"https:\/\/omnivion.net\/core\/fr\/wp-json\/wp\/v2\/pages\/4182\/revisions\/5482"}],"up":[{"embeddable":true,"href":"https:\/\/omnivion.net\/core\/fr\/wp-json\/wp\/v2\/pages\/60"}],"wp:attachment":[{"href":"https:\/\/omnivion.net\/core\/fr\/wp-json\/wp\/v2\/media?parent=4182"}],"curies":[{"name":"wp","href":"https:\/\/api.w.org\/{rel}","templated":true}]}}