{"id":4162,"date":"2021-07-27T18:49:46","date_gmt":"2021-07-27T17:49:46","guid":{"rendered":"http:\/\/omnivion.net\/core\/?page_id=4162"},"modified":"2023-04-04T20:40:52","modified_gmt":"2023-04-04T19:40:52","slug":"metanymphes-2021","status":"publish","type":"page","link":"https:\/\/omnivion.net\/core\/fr\/projets\/projets-artistiques\/newtopia-9\/metanymphes-2021\/","title":{"rendered":"M\u00e9tanymphes (2021-2022)"},"content":{"rendered":"<p><div id=\"attachment_4164\" style=\"width: 810px\" class=\"wp-caption alignnone\"><img data-recalc-dims=\"1\" loading=\"lazy\" decoding=\"async\" aria-describedby=\"caption-attachment-4164\" class=\"size-full wp-image-4164\" src=\"https:\/\/i0.wp.com\/omnivion.net\/core\/wp-content\/uploads\/2021\/07\/20210724_102238-01_mod3.jpeg?resize=800%2C379\" alt=\"\" width=\"800\" height=\"379\" srcset=\"https:\/\/i0.wp.com\/omnivion.net\/core\/wp-content\/uploads\/2021\/07\/20210724_102238-01_mod3.jpeg?w=800&amp;ssl=1 800w, https:\/\/i0.wp.com\/omnivion.net\/core\/wp-content\/uploads\/2021\/07\/20210724_102238-01_mod3.jpeg?resize=300%2C142&amp;ssl=1 300w, https:\/\/i0.wp.com\/omnivion.net\/core\/wp-content\/uploads\/2021\/07\/20210724_102238-01_mod3.jpeg?resize=768%2C364&amp;ssl=1 768w\" sizes=\"auto, (max-width: 800px) 100vw, 800px\" \/><p id=\"caption-attachment-4164\" class=\"wp-caption-text\">Photo par Dimitri Tsiapkinis<\/p><\/div><\/p>\n<p>&nbsp;<\/p>\n<h1><strong>\u00ab<\/strong><em><strong>M\u00e9tanymphes<\/strong><\/em><strong>\u00bb<\/strong> <strong>(2021)<br \/>\n<\/strong><\/h1>\n<h3><strong>\u00a0<\/strong><\/h3>\n<p><strong>BILLETTERIE : <a href=\"https:\/\/omnivion.net\/core\/fr\/contacts\/reservations\/\">omnivion.net\/core\/reservations<\/a><\/strong><\/p>\n<p><strong>Un projet <em>Newtopia<\/em> dans le cadre de <a href=\"http:\/\/omnivion.net\/core\/projets\/projets-artistiques\/newtopia-9\/\"><em>Corps Extatiques<\/em> 2021<\/a>, coproduit avec le Centre International de Danse &amp; de Th\u00e9\u00e2tre de Milos \/ Subventionn\u00e9 par la DRAC et ARS Centre et la Ville de Tours et avec le soutien de la Municipalit\u00e9 de Milos<\/strong><\/p>\n<p><strong>PHOTOS 2021 : <\/strong><a href=\"https:\/\/flic.kr\/s\/aHsmWq8t6r\"><strong>flickr\/METANYMPHES<\/strong><\/a><\/p>\n<p><strong>PHOTOS 2022 : <a href=\"https:\/\/flic.kr\/s\/aHBqjzCkRY\">flickr\/METANYMPHES 2022<\/a><\/strong><\/p>\n<p>Le titre <em>M\u00e9tanymphes <\/em>&#8211; n\u00e9ologisme en r\u00e9sonance avec le mot grec nymphe (larve) &#8211; fait r\u00e9f\u00e9rence au processus de transformation continue. Le th\u00e9\u00e2tre grecque antique, \u00e0 travers la parole, le mouvement et la musique, a acc\u00e9l\u00e9r\u00e9 la pens\u00e9e politique et enrichi la d\u00e9mocratie. De ce point de vue, le projet chor\u00e9graphique propos\u00e9 se place d\u00e9j\u00e0 avant tout intention, dans une dynamique de r\u00e9novation politique et culturelle.<\/p>\n<p><strong>[Le spectacle]<\/strong><strong>\u00a0<\/strong><\/p>\n<p>C\u2019est une exp\u00e9rience passionnante avec des monologues, des corpor\u00e9it\u00e9s sensibles, des danses fulgurantes. Dans la premi\u00e8re partie, la metteur en sc\u00e8ne et chor\u00e9graphe Filio Louvari en r\u00e9sonance avec les pr\u00e9occupations artistiques et philosophiques de Dimitri Tsiapkinis, et avec l&rsquo;heureuse collaboration d&rsquo;une adolescente, Elena Koronaiou, nous offrent un&#8230;<em>two-woman-show <\/em>plein d&rsquo;\u00e9nergie et d&rsquo;humour. En deuxi\u00e8me partie un <em>one-man-show <\/em>du danseur-chor\u00e9graphe Dimitris Tsiapkinis, avec un posture auto-analytique jubilatoire, une sorte de satire m\u00e9tamoderne.<\/p>\n<p><strong>[Concept]<\/strong><strong>\u00a0<\/strong><\/p>\n<p>Quelle est la relation d&rsquo;un citoyen europ\u00e9en moderne avec son souffle? Comment une adolescente de Milos (Cyclades\/Gr\u00e8ce) per\u00e7oit-elle les symboles arch\u00e9typaux de l&rsquo;Histoire de son pays? Comment l&rsquo;ancienne ville de Milos nous am\u00e8ne-t-elle \u00e0 examiner po\u00e9tiquement l&rsquo;espace et le temps? La recherche kinesth\u00e9sique peut-elle gu\u00e9rir nos n\u00e9vroses postmodernes? Des questions que nous \u00e9tudierons dans une ambiance festive, avec humour, intensit\u00e9 physique et des anecdotes politiques.<\/p>\n<p><strong>[<\/strong><strong>\u00c9<\/strong><strong>quipe]<\/strong><strong>\u00a0<\/strong><\/p>\n<p>Conception \/ direction : Dimitri Tsiapkinis (Association Omnivion, France)<\/p>\n<p>Chor\u00e9graphie et mise en sc\u00e8ne : Filio Louvari &amp; Dimitri Tsiapkinis<\/p>\n<p>Interpr\u00e9tation : Elena Koronaiou, Filio Louvari, Dimitri Tsiapkinis<\/p>\n<p>\u00c9clairage : Costas Blougouras<\/p>\n<p>Photographe et commissaire de l&rsquo;exposition num\u00e9rique : Apostolos Zacharakis<\/p>\n<p>Organisation de production, Coordination : Filio Louvari<\/p>\n<p>Assistantes de production : Nadia Kyriakou, Elisabeth Kourti<\/p>\n<p>Responsable Technique : Dimitris Poulimenos (Audiovisuel)<\/p>\n<p>Cadreurs : Nikos Liakakos, Stratos Tsialikis<\/p>\n<p>Dur\u00e9e : ~ 55min<\/p>\n<p><strong>Production\u00a0: Omnivion\/ Arts d\u2019\u00catre Corps (France) et Centre de Danse et de Th\u00e9\u00e2tre de Milos (Gr\u00e8ce)<\/strong><\/p>\n<p><strong>Partenaires et financement : DRAC et ARS Centre, Ville de Tours, CHU de Tours, APAJ37, Fonds de dotation Transept37\/Arpents d\u2019Art, Centre Social la Rabi\u00e8re, Murailles Music, Centre de Danse &amp; Th\u00e9\u00e2tre de Milos.<\/strong><\/p>\n<p><strong>Sponsors : Imerys S.A, Lava SA, Petrakis Petrakis SA, SEAJETS, Petrinela&rsquo;s Guest House, Antonis Poulakis<\/strong><\/p>\n<p><strong><br \/>\nCV des artistes : Filio Louvari<\/strong><\/p>\n<p><strong>\u00a0<\/strong>Filio Louvari est n\u00e9e \u00e0 Ath\u00e8nes. Elle est dipl\u00f4m\u00e9e de l\u2019Ecole Professionnelle de Danse <em>Morianova<\/em><\/p>\n<p><em>&#8211; Trasta <\/em>(Dipl\u00f4me d&rsquo;Etat de Professeur de Danse Classique et Contemporaine), de l&rsquo;<em>Universit\u00e9 Paris VIII <\/em>(\u00ab\u00a0Arts du spectacle, mention danse\u00a0\u00bb) de l&rsquo;Acad\u00e9mie de Danse <em>Isola Danza, <\/em>de la Biennale de Venise (perfectionnement di danseur) et de l\u2019atelier d\u2019art dramatique <em>Akis Davis <\/em>(com\u00e9dienne). Elle a \u00e9galement \u00e9tudi\u00e9 du piano et la th\u00e9orie musicale au Conservatoire national d&rsquo;Ath\u00e8nes.<\/p>\n<p>Elle est interpr\u00e8te de danse et de th\u00e9\u00e2tre depuis plus de vingt-trois ans et elle a collabor\u00e9 avec des chor\u00e9graphes et des metteurs en sc\u00e8ne en Gr\u00e8ce, \u00e0 Chypre, en France, en Italie, en Suisse, au Danemark et en Angleterre. Elle enseigne la danse depuis 15 ans, le th\u00e9\u00e2tre depuis 8 ans et elle dirige des projets artistiques depuis 2008. Elle a \u00e9t\u00e9 honor\u00e9e par la bourse d&rsquo;\u00c9tat Grec et la bourse d&rsquo;\u00c9tat de la Biennale de Venise. Elle a \u00e9t\u00e9 \u00e9galement subventionn\u00e9e par la Fondation pour la culture et le d\u00e9veloppement <em>NEON <\/em>pour son projet d\u2019Exposition &#8211; Performance <em>4 mai N 36 \u00b0 72&rsquo;54 &lsquo;, E 24 \u00b0 44&rsquo;33 May 4th <\/em>au refuge Allemand d&rsquo;Adamas.<\/p>\n<p>En 2015, elle s&rsquo;installe \u00e0 Milos (Cyclades) et fonde le Centre International de Danse et de Th\u00e9\u00e2tre de Milos. Un an plus tard, elle fonde la <em>Cie Performance Project<\/em>, un laboratoire de performance destin\u00e9 aux adolescents et aux adultes, proposant de nombreuses performances \u00e0 Milos. En 2019, elle est nomm\u00e9e directrice artistique du 26\u00e8me festival de la municipalit\u00e9 de Milos et aussi directrice de la coordination et de la communication du premier festival international du th\u00e9\u00e2tre de Milos, organis\u00e9e par la compagnie Parisienne <em>Th\u00e9\u00e2tre de la Jeune Cr\u00e9ation<\/em>.<\/p>\n<p>&nbsp;<\/p>\n<p><strong>Dimitri Tsiapkinis<\/strong><\/p>\n<p>Dimitri est n\u00e9 \u00e0 Didymoteicho, Gr\u00e8ce. Dipl\u00f4m\u00e9 de l\u2019Universit\u00e9 de la Caroline du Nord \/ \u00c9cole des Arts du Spectacle (U.S.A.) et de l\u2019Universit\u00e9 Fernando Pessoa \/ Sciences Humaines (Portugal), Dimitri Tsiapkinis a dans\u00e9 entre autres dans la troupe de Bernardo Montet pendant 22 ans, dans deux centres chor\u00e9graphiques nationaux (CCNRB, &amp; CCNT) et <em>Mawgerite<\/em>. En Gr\u00e8ce, il fonde XSOMA, un collectif avec 3 autres danseuses qui a r\u00e9alis\u00e9 plusieurs performances et cr\u00e9ations entre 2002 et 2009. En 2003, il est nomm\u00e9 danseur de l\u2019ann\u00e9e en Gr\u00e8ce dans le magazine allemand <em>Tanz\/Jahrbuch<\/em>. Il a donn\u00e9 des stages &amp; master classes dans plusieurs missions internationales, en m\u00ealant danse et pratiques somatiques (<em>P\u00e9dagogie perceptive- Fascia\/Danis Bois<\/em>). Depuis sa premi\u00e8re cr\u00e9ation \u00e0 Berlin en 1992, il d\u00e9veloppe une pratique de la danse contemporaine centr\u00e9e sur la psychologie de l\u2019individu et son potentiel de transformation, de lui-m\u00eame et de son environnement. Depuis 2006, il exp\u00e9rimente la p\u00e9dagogie de la danse, dans les services de psychiatrie du CHRU de Tours et en 2015, il r\u00e9alise un projet de recherche Master 2 intitul\u00e9 <em>Pertinence d\u2019un atelier de danse contemporaine en milieu psychiatrique <\/em>(PDF publi\u00e9 ici). Fondateur de l\u2019association Omnivion en France, il pr\u00e9sente, avec elle, plusieurs spectacles de danse contemporaine associant professionnels, amateurs, \u00e9quipes de soignants et patients. Il est aussi instructeur de l\u2019anatomie appliqu\u00e9e \u00e0 la danse au Conservatoire de Tours depuis 2013, et au Conservatoire de Brest entre 2016 et 2018. Il est \u00e9galement assistant du ma\u00eetre Shaolin Shi Yan Jun en Tai Chi (Dipl\u00f4m\u00e9 ALS\/AGEE), avec qui il pratique depuis 2005. En parall\u00e8le, il continue sa collaboration avec Bernardo Montet au sein de l\u2019association <em>Mawguerite <\/em>et des projets hybrides avec la chercheuse et metteur en sc\u00e8ne Isabelle Eliz\u00e9on.<\/p>\n<p><strong>\/\/\/\/\/\/\/\/\/\/\/\/\/\/\/\/\/\/\/\/\/\/\/\/\/\/\/\/\/\/\/\/\/\/\/\/\/\/\/\/\/\/\/\/\/\/\/\/\/\/\/\/\/\/\/\/\/\/\/\/\/\/\/\/\/\/\/\/\/\/\/\/\/\/\/\/\/\/\/\/\/\/\/\/\/\/\/\/\/\/\/\/\/\/\/\/\/\/\/\/\/\/\/\/\/\/<\/strong><\/p>\n<p>&nbsp;<\/p>\n<h3><strong>\u00a0La premi\u00e8re a \u00e9t\u00e9 le 1er Ao\u00fbt 2021, \u00e0 21H, au Th\u00e9\u00e2tre antique de Milos (84800), Cyclades, Gr\u00e8ce<\/strong><\/h3>\n<p><strong>Autre dates :<\/strong><\/p>\n<h3><strong>22 Janvier 2022, \u00e0 19H, au Vodanum, Rochecorbon <\/strong><strong>(37210)<\/strong><strong>, France!<\/strong><\/h3>\n<p><strong>\/\/\/\/\/\/\/\/\/\/\/\/\/\/\/\/\/\/\/\/\/\/\/\/\/\/\/\/\/\/\/\/\/\/\/\/\/\/\/\/\/\/\/\/\/\/\/\/\/\/\/\/\/\/\/\/\/\/\/\/\/\/\/\/\/\/\/\/\/\/\/\/\/\/\/\/\/\/\/\/\/\/\/\/\/\/\/\/\/\/\/\/\/\/\/\/\/\/\/\/\/\/\/\/\/\/<\/strong><\/p>\n<p>&nbsp;<\/p>\n<p><strong>INFORMATIONS\u00a0:<\/strong><\/p>\n<p><strong>Omnivion \/ Arts d\u2019\u00eatre corps<\/strong>, 40 Rue Origet, 37000 Tours \/ <a href=\"http:\/\/www.omnivion.net\/\">www.omnivion.net<\/a> \/ <a href=\"mailto:info@omnivion.net\">info@omnivion.net<\/a><\/p>\n<p><strong>Centre de Danse et de Th\u00e9\u00e2tre de Milos<\/strong> \/ <a href=\"http:\/\/www.facebook.com\/dance.theatre.milos\">www.facebook.com\/dance.theatre.milos<\/a> \/ <a href=\"mailto:dikehothe.milos@gmail.com\">dik<\/a><a href=\"mailto:ehothe.milos@gmail.com\">ehothe.milos@gmail.com<\/a><\/p>\n<p>&nbsp;<\/p>\n<p><strong>Partenaires et financement :<\/strong><\/p>\n<p><img data-recalc-dims=\"1\" loading=\"lazy\" decoding=\"async\" class=\"alignnone size-large wp-image-4409\" src=\"https:\/\/i0.wp.com\/omnivion.net\/core\/wp-content\/uploads\/2022\/01\/Capture-du-2022-01-05-11-28-14-1024x372.png?resize=800%2C291\" alt=\"\" width=\"800\" height=\"291\" srcset=\"https:\/\/i0.wp.com\/omnivion.net\/core\/wp-content\/uploads\/2022\/01\/Capture-du-2022-01-05-11-28-14.png?resize=1024%2C372&amp;ssl=1 1024w, https:\/\/i0.wp.com\/omnivion.net\/core\/wp-content\/uploads\/2022\/01\/Capture-du-2022-01-05-11-28-14.png?resize=300%2C109&amp;ssl=1 300w, https:\/\/i0.wp.com\/omnivion.net\/core\/wp-content\/uploads\/2022\/01\/Capture-du-2022-01-05-11-28-14.png?resize=768%2C279&amp;ssl=1 768w, https:\/\/i0.wp.com\/omnivion.net\/core\/wp-content\/uploads\/2022\/01\/Capture-du-2022-01-05-11-28-14.png?w=1291&amp;ssl=1 1291w\" sizes=\"auto, (max-width: 800px) 100vw, 800px\" \/><\/p>\n<p>&nbsp;<\/p>","protected":false},"excerpt":{"rendered":"<p>&nbsp; \u00abM\u00e9tanymphes\u00bb (2021) \u00a0 BILLETTERIE : omnivion.net\/core\/reservations Un projet Newtopia dans le cadre [&hellip;]<\/p>\n","protected":false},"author":1,"featured_media":0,"parent":3553,"menu_order":0,"comment_status":"closed","ping_status":"closed","template":"","meta":{"jetpack_post_was_ever_published":false,"footnotes":""},"class_list":["post-4162","page","type-page","status-publish","hentry"],"yoast_head":"<!-- This site is optimized with the Yoast SEO plugin v27.4 - https:\/\/yoast.com\/product\/yoast-seo-wordpress\/ -->\n<title>M\u00e9tanymphes (2021-2022) - omnivion.net<\/title>\n<meta name=\"robots\" content=\"index, follow, max-snippet:-1, max-image-preview:large, max-video-preview:-1\" \/>\n<link rel=\"canonical\" href=\"https:\/\/omnivion.net\/core\/fr\/projets\/projets-artistiques\/newtopia-9\/metanymphes-2021\/\" \/>\n<meta property=\"og:locale\" content=\"fr_FR\" \/>\n<meta property=\"og:type\" content=\"article\" \/>\n<meta property=\"og:title\" content=\"M\u00e9tanymphes (2021-2022) - omnivion.net\" \/>\n<meta property=\"og:description\" content=\"&nbsp; \u00abM\u00e9tanymphes\u00bb (2021) \u00a0 BILLETTERIE : omnivion.net\/core\/reservations Un projet Newtopia dans le cadre [&hellip;]\" \/>\n<meta property=\"og:url\" content=\"https:\/\/omnivion.net\/core\/fr\/projets\/projets-artistiques\/newtopia-9\/metanymphes-2021\/\" \/>\n<meta property=\"og:site_name\" content=\"omnivion.net\" \/>\n<meta property=\"article:modified_time\" content=\"2023-04-04T19:40:52+00:00\" \/>\n<meta property=\"og:image\" content=\"http:\/\/omnivion.net\/core\/wp-content\/uploads\/2021\/07\/20210724_102238-01_mod3.jpeg\" \/>\n<meta name=\"twitter:card\" content=\"summary_large_image\" \/>\n<meta name=\"twitter:label1\" content=\"Dur\u00e9e de lecture estim\u00e9e\" \/>\n\t<meta name=\"twitter:data1\" content=\"3 minutes\" \/>\n<script type=\"application\/ld+json\" class=\"yoast-schema-graph\">{\"@context\":\"https:\\\/\\\/schema.org\",\"@graph\":[{\"@type\":\"WebPage\",\"@id\":\"https:\\\/\\\/omnivion.net\\\/core\\\/fr\\\/projets\\\/projets-artistiques\\\/newtopia-9\\\/metanymphes-2021\\\/\",\"url\":\"https:\\\/\\\/omnivion.net\\\/core\\\/fr\\\/projets\\\/projets-artistiques\\\/newtopia-9\\\/metanymphes-2021\\\/\",\"name\":\"M\u00e9tanymphes (2021-2022) - omnivion.net\",\"isPartOf\":{\"@id\":\"https:\\\/\\\/omnivion.net\\\/core\\\/fr\\\/#website\"},\"primaryImageOfPage\":{\"@id\":\"https:\\\/\\\/omnivion.net\\\/core\\\/fr\\\/projets\\\/projets-artistiques\\\/newtopia-9\\\/metanymphes-2021\\\/#primaryimage\"},\"image\":{\"@id\":\"https:\\\/\\\/omnivion.net\\\/core\\\/fr\\\/projets\\\/projets-artistiques\\\/newtopia-9\\\/metanymphes-2021\\\/#primaryimage\"},\"thumbnailUrl\":\"http:\\\/\\\/omnivion.net\\\/core\\\/wp-content\\\/uploads\\\/2021\\\/07\\\/20210724_102238-01_mod3.jpeg\",\"datePublished\":\"2021-07-27T17:49:46+00:00\",\"dateModified\":\"2023-04-04T19:40:52+00:00\",\"breadcrumb\":{\"@id\":\"https:\\\/\\\/omnivion.net\\\/core\\\/fr\\\/projets\\\/projets-artistiques\\\/newtopia-9\\\/metanymphes-2021\\\/#breadcrumb\"},\"inLanguage\":\"fr-FR\",\"potentialAction\":[{\"@type\":\"ReadAction\",\"target\":[\"https:\\\/\\\/omnivion.net\\\/core\\\/fr\\\/projets\\\/projets-artistiques\\\/newtopia-9\\\/metanymphes-2021\\\/\"]}]},{\"@type\":\"ImageObject\",\"inLanguage\":\"fr-FR\",\"@id\":\"https:\\\/\\\/omnivion.net\\\/core\\\/fr\\\/projets\\\/projets-artistiques\\\/newtopia-9\\\/metanymphes-2021\\\/#primaryimage\",\"url\":\"http:\\\/\\\/omnivion.net\\\/core\\\/wp-content\\\/uploads\\\/2021\\\/07\\\/20210724_102238-01_mod3.jpeg\",\"contentUrl\":\"http:\\\/\\\/omnivion.net\\\/core\\\/wp-content\\\/uploads\\\/2021\\\/07\\\/20210724_102238-01_mod3.jpeg\"},{\"@type\":\"BreadcrumbList\",\"@id\":\"https:\\\/\\\/omnivion.net\\\/core\\\/fr\\\/projets\\\/projets-artistiques\\\/newtopia-9\\\/metanymphes-2021\\\/#breadcrumb\",\"itemListElement\":[{\"@type\":\"ListItem\",\"position\":1,\"name\":\"Accueil\",\"item\":\"https:\\\/\\\/omnivion.net\\\/core\\\/en\\\/silverstorm\\\/\"},{\"@type\":\"ListItem\",\"position\":2,\"name\":\"Projets\",\"item\":\"https:\\\/\\\/omnivion.net\\\/core\\\/fr\\\/projets\\\/\"},{\"@type\":\"ListItem\",\"position\":3,\"name\":\"Projets Artistiques\",\"item\":\"https:\\\/\\\/omnivion.net\\\/core\\\/projets\\\/projets-artistiques\\\/\"},{\"@type\":\"ListItem\",\"position\":4,\"name\":\"Corps extatique &#8211; Newtopia 9\",\"item\":\"https:\\\/\\\/omnivion.net\\\/core\\\/projets\\\/projets-artistiques\\\/newtopia-9\\\/\"},{\"@type\":\"ListItem\",\"position\":5,\"name\":\"M\u00e9tanymphes (2021-2022)\"}]},{\"@type\":\"WebSite\",\"@id\":\"https:\\\/\\\/omnivion.net\\\/core\\\/fr\\\/#website\",\"url\":\"https:\\\/\\\/omnivion.net\\\/core\\\/fr\\\/\",\"name\":\"omnivion.net\",\"description\":\"...ARTS D&#039;\u00caTRE CORPS...\",\"potentialAction\":[{\"@type\":\"SearchAction\",\"target\":{\"@type\":\"EntryPoint\",\"urlTemplate\":\"https:\\\/\\\/omnivion.net\\\/core\\\/fr\\\/?s={search_term_string}\"},\"query-input\":{\"@type\":\"PropertyValueSpecification\",\"valueRequired\":true,\"valueName\":\"search_term_string\"}}],\"inLanguage\":\"fr-FR\"}]}<\/script>\n<!-- \/ Yoast SEO plugin. -->","yoast_head_json":{"title":"M\u00e9tanymphes (2021-2022) - omnivion.net","robots":{"index":"index","follow":"follow","max-snippet":"max-snippet:-1","max-image-preview":"max-image-preview:large","max-video-preview":"max-video-preview:-1"},"canonical":"https:\/\/omnivion.net\/core\/fr\/projets\/projets-artistiques\/newtopia-9\/metanymphes-2021\/","og_locale":"fr_FR","og_type":"article","og_title":"M\u00e9tanymphes (2021-2022) - omnivion.net","og_description":"&nbsp; \u00abM\u00e9tanymphes\u00bb (2021) \u00a0 BILLETTERIE : omnivion.net\/core\/reservations Un projet Newtopia dans le cadre [&hellip;]","og_url":"https:\/\/omnivion.net\/core\/fr\/projets\/projets-artistiques\/newtopia-9\/metanymphes-2021\/","og_site_name":"omnivion.net","article_modified_time":"2023-04-04T19:40:52+00:00","og_image":[{"url":"http:\/\/omnivion.net\/core\/wp-content\/uploads\/2021\/07\/20210724_102238-01_mod3.jpeg","type":"","width":"","height":""}],"twitter_card":"summary_large_image","twitter_misc":{"Dur\u00e9e de lecture estim\u00e9e":"3 minutes"},"schema":{"@context":"https:\/\/schema.org","@graph":[{"@type":"WebPage","@id":"https:\/\/omnivion.net\/core\/fr\/projets\/projets-artistiques\/newtopia-9\/metanymphes-2021\/","url":"https:\/\/omnivion.net\/core\/fr\/projets\/projets-artistiques\/newtopia-9\/metanymphes-2021\/","name":"M\u00e9tanymphes (2021-2022) - omnivion.net","isPartOf":{"@id":"https:\/\/omnivion.net\/core\/fr\/#website"},"primaryImageOfPage":{"@id":"https:\/\/omnivion.net\/core\/fr\/projets\/projets-artistiques\/newtopia-9\/metanymphes-2021\/#primaryimage"},"image":{"@id":"https:\/\/omnivion.net\/core\/fr\/projets\/projets-artistiques\/newtopia-9\/metanymphes-2021\/#primaryimage"},"thumbnailUrl":"http:\/\/omnivion.net\/core\/wp-content\/uploads\/2021\/07\/20210724_102238-01_mod3.jpeg","datePublished":"2021-07-27T17:49:46+00:00","dateModified":"2023-04-04T19:40:52+00:00","breadcrumb":{"@id":"https:\/\/omnivion.net\/core\/fr\/projets\/projets-artistiques\/newtopia-9\/metanymphes-2021\/#breadcrumb"},"inLanguage":"fr-FR","potentialAction":[{"@type":"ReadAction","target":["https:\/\/omnivion.net\/core\/fr\/projets\/projets-artistiques\/newtopia-9\/metanymphes-2021\/"]}]},{"@type":"ImageObject","inLanguage":"fr-FR","@id":"https:\/\/omnivion.net\/core\/fr\/projets\/projets-artistiques\/newtopia-9\/metanymphes-2021\/#primaryimage","url":"http:\/\/omnivion.net\/core\/wp-content\/uploads\/2021\/07\/20210724_102238-01_mod3.jpeg","contentUrl":"http:\/\/omnivion.net\/core\/wp-content\/uploads\/2021\/07\/20210724_102238-01_mod3.jpeg"},{"@type":"BreadcrumbList","@id":"https:\/\/omnivion.net\/core\/fr\/projets\/projets-artistiques\/newtopia-9\/metanymphes-2021\/#breadcrumb","itemListElement":[{"@type":"ListItem","position":1,"name":"Accueil","item":"https:\/\/omnivion.net\/core\/en\/silverstorm\/"},{"@type":"ListItem","position":2,"name":"Projets","item":"https:\/\/omnivion.net\/core\/fr\/projets\/"},{"@type":"ListItem","position":3,"name":"Projets Artistiques","item":"https:\/\/omnivion.net\/core\/projets\/projets-artistiques\/"},{"@type":"ListItem","position":4,"name":"Corps extatique &#8211; Newtopia 9","item":"https:\/\/omnivion.net\/core\/projets\/projets-artistiques\/newtopia-9\/"},{"@type":"ListItem","position":5,"name":"M\u00e9tanymphes (2021-2022)"}]},{"@type":"WebSite","@id":"https:\/\/omnivion.net\/core\/fr\/#website","url":"https:\/\/omnivion.net\/core\/fr\/","name":"omnivion.net","description":"...ARTS D&#039;\u00caTRE CORPS...","potentialAction":[{"@type":"SearchAction","target":{"@type":"EntryPoint","urlTemplate":"https:\/\/omnivion.net\/core\/fr\/?s={search_term_string}"},"query-input":{"@type":"PropertyValueSpecification","valueRequired":true,"valueName":"search_term_string"}}],"inLanguage":"fr-FR"}]}},"jetpack_sharing_enabled":true,"jetpack_shortlink":"https:\/\/wp.me\/P2fe7Q-158","jetpack_likes_enabled":true,"_links":{"self":[{"href":"https:\/\/omnivion.net\/core\/fr\/wp-json\/wp\/v2\/pages\/4162","targetHints":{"allow":["GET"]}}],"collection":[{"href":"https:\/\/omnivion.net\/core\/fr\/wp-json\/wp\/v2\/pages"}],"about":[{"href":"https:\/\/omnivion.net\/core\/fr\/wp-json\/wp\/v2\/types\/page"}],"author":[{"embeddable":true,"href":"https:\/\/omnivion.net\/core\/fr\/wp-json\/wp\/v2\/users\/1"}],"replies":[{"embeddable":true,"href":"https:\/\/omnivion.net\/core\/fr\/wp-json\/wp\/v2\/comments?post=4162"}],"version-history":[{"count":14,"href":"https:\/\/omnivion.net\/core\/fr\/wp-json\/wp\/v2\/pages\/4162\/revisions"}],"predecessor-version":[{"id":4964,"href":"https:\/\/omnivion.net\/core\/fr\/wp-json\/wp\/v2\/pages\/4162\/revisions\/4964"}],"up":[{"embeddable":true,"href":"https:\/\/omnivion.net\/core\/fr\/wp-json\/wp\/v2\/pages\/3553"}],"wp:attachment":[{"href":"https:\/\/omnivion.net\/core\/fr\/wp-json\/wp\/v2\/media?parent=4162"}],"curies":[{"name":"wp","href":"https:\/\/api.w.org\/{rel}","templated":true}]}}