{"id":4130,"date":"2021-07-09T10:58:24","date_gmt":"2021-07-09T09:58:24","guid":{"rendered":"http:\/\/omnivion.net\/core\/?page_id=4130"},"modified":"2021-11-07T19:04:34","modified_gmt":"2021-11-07T18:04:34","slug":"petites-planetes","status":"publish","type":"page","link":"https:\/\/omnivion.net\/core\/fr\/projets\/projets-artistiques\/newtopia-9\/petites-planetes\/","title":{"rendered":"\u2018Petites plan\u00e8tes\u2019 Live cinema (Priscilla Telmon &#038; Vincent Moon)"},"content":{"rendered":"<p><div id=\"attachment_4131\" style=\"width: 810px\" class=\"wp-caption alignnone\"><img data-recalc-dims=\"1\" loading=\"lazy\" decoding=\"async\" aria-describedby=\"caption-attachment-4131\" class=\"wp-image-4131 size-large\" src=\"https:\/\/i0.wp.com\/omnivion.net\/core\/wp-content\/uploads\/2021\/07\/A-E%CC%81glise-St-Merry-Paris-%C2%A9-Jeremie-Bouillon-5_mod_web-1024x558.jpg?resize=800%2C436\" alt=\"\" width=\"800\" height=\"436\" srcset=\"https:\/\/i0.wp.com\/omnivion.net\/core\/wp-content\/uploads\/2021\/07\/A-E%CC%81glise-St-Merry-Paris-%C2%A9-Jeremie-Bouillon-5_mod_web.jpg?resize=1024%2C558&amp;ssl=1 1024w, https:\/\/i0.wp.com\/omnivion.net\/core\/wp-content\/uploads\/2021\/07\/A-E%CC%81glise-St-Merry-Paris-%C2%A9-Jeremie-Bouillon-5_mod_web.jpg?resize=300%2C164&amp;ssl=1 300w, https:\/\/i0.wp.com\/omnivion.net\/core\/wp-content\/uploads\/2021\/07\/A-E%CC%81glise-St-Merry-Paris-%C2%A9-Jeremie-Bouillon-5_mod_web.jpg?resize=768%2C419&amp;ssl=1 768w, https:\/\/i0.wp.com\/omnivion.net\/core\/wp-content\/uploads\/2021\/07\/A-E%CC%81glise-St-Merry-Paris-%C2%A9-Jeremie-Bouillon-5_mod_web.jpg?w=1200&amp;ssl=1 1200w\" sizes=\"auto, (max-width: 800px) 100vw, 800px\" \/><p id=\"caption-attachment-4131\" class=\"wp-caption-text\">A-E\u0301glise St Merry, Paris \u00a9 Jeremie Bouillon<\/p><\/div><\/p>\n<h3>Omnivion a invit\u00e9 et organis\u00e9 :<\/h3>\n<h2 class=\"western\"><a href=\"https:\/\/muraillesmusic.com\/news\/nouvelle-signature-petites-planetes-live-cinema-priscilla-telmon-vincent-moon\/\">\u2018Petites plan\u00e8tes\u2019 Live cinema (Priscilla Telmon &amp; Vincent Moon)<\/a><\/h2>\n<ul>\n<li><span style=\"font-size: 14pt;\"><strong>le 9 octobre 2021, 20H00, \u00e0 la Chapelle des Fr\u00e8res Mineurs, 8 Rue de la Pierre, 37100 Tours<\/strong><\/span><\/li>\n<li><span style=\"font-size: 14pt;\"><strong>le 10 octobre 2021, 20H00 \u00e0 la Rabouilleuse, Quai de la Loire, 37210 Rochecorbon, France<\/strong><\/span><\/li>\n<\/ul>\n<h3><strong>!!!<\/strong> <strong>TEASER : <a href=\"https:\/\/vimeo.com\/253026796\">vimeo.com\/petitesplanetes<\/a> \/ DOSSIER DE PRESSE PDF : <a href=\"http:\/\/omnivion.net\/core\/wp-content\/uploads\/2021\/09\/Petites-planetes_Live-cinema-Priscilla-Telmon-Vincent-Moon.pdf\">DOSSIER PLAN\u00c8TES!<\/a><\/strong><\/h3>\n<p><strong>Avec le buffet grec d\u00e9licieux du cuisinier-ing\u00e9nieur-peintre-danseur Kostas Papazoglou et les tapis marocains pr\u00eat\u00e9s par Cie Mawguerite\/Bernardo Montet! :-D<\/strong><\/p>\n<p><b>\/\/\/\/\/\/\/\/\/\/\/\/\/\/\/\/\/\/\/\/\/\/\/\/\/\/\/\/\/\/\/\/\/\/\/\/\/\/\/\/\/\/\/\/\/\/\/\/\/\/\/\/\/\/\/\/\/\/\/\/\/\/\/\/\/\/\/\/\/\/\/\/\/\/\/\/\/\/\/\/\/\/\/\/\/\/\/\/\/\/\/\/\/\/\/\/\/\/\/\/\/\/\/\/\/\/\/\/\/\/\/\/\/\/\/\/\/\/\/\/\/\/\/\/\/\/\/\/\/\/\/\/\/\/\/\/\/<\/b><\/p>\n<p>&nbsp;<\/p>\n<p><i><strong>\u00ab\u00a0Live cinema\u00a0est une performance cabriolante\u00a0et hant\u00e9e embrassant dans le m\u00eame geste cin\u00e9ma mont\u00e9 en direct et musique live \u00e0 la recherche d\u2019un nouveau format ritualiste.\u00a0\u00bb<\/strong> <\/i><\/p>\n<p>Apr\u00e8s des performances \u00e0 Montr\u00e9al et Berlin cet \u00e9t\u00e9, le duo d\u2019artistes <strong>Priscilla Telmon &amp; Vincent Moon<\/strong> ont \u00e9t\u00e9 invit\u00e9s \u00e0 Tours pour nous accompagner \u00e0 de nouvelles transes. <strong><a href=\"http:\/\/omnivion.net\/core\/projets\/projets-artistiques\/newtopia-9\/\">Corps Extatique (Newtopia 9)<\/a> <\/strong>de 2021 \u00e9tait consacr\u00e9e \u00e0 ces \u00e9tats humains qui \u00e9chappent \u00e0 l\u2019esprit rationnel. Une exploration de sons, mouvements et images avec eux et l\u2019\u00e9quipe d\u2019Omnivion dans le cadre exceptionnel de <strong>la <\/strong><strong>Chapelle des Fr\u00e8res Mineurs <\/strong><strong>et aux bords de la Loire.<\/strong><\/p>\n<p>&nbsp;<\/p>\n<p><b>Descriptif des Petites Plan\u00e8tes\u00a0:<\/b><\/p>\n<p><u><b>LIVE CINEMA<\/b><\/u><\/p>\n<p>Le\u00a0\u2018<b>Live cinema\u2019<\/b>\u00a0de\u00a0\u2018<b>Petites Plan\u00e8tes\u2019<\/b>\u00a0est une performance unique m\u00ealant cin\u00e9ma mont\u00e9 en direct, musique live, et collaborations artistiques vari\u00e9es (danse, etc\u2026) selon les lieux de repr\u00e9sentation \u2013 dans une d\u00e9marche de recherche et de questionnement autour de notre rapport contemporain au sacr\u00e9 et \u00e0 l\u2019invention de nouvelles c\u00e9r\u00e9monies.<\/p>\n<p>Chaque performance est une combinaison de films et de musiques bas\u00e9e sur les enregistrements de la Collection \u2018<b>Petites Plan\u00e8tes\u2019<\/b> \u2013 une ethnographie exp\u00e9rimentale du 21\u00e8me si\u00e8cle, compos\u00e9e de plus de 800 films et enregistrements musicaux r\u00e9alis\u00e9s \u00e0 travers le monde. D\u2019un chant polyphonique g\u00e9orgien \u00e0 une pri\u00e8re orthodoxe \u00e9thiopienne, d\u2019une transe indon\u00e9sienne \u00e0 un chant sacr\u00e9 amazonien, des pratiques n\u00e9o-chamaniques fran\u00e7aises \u00e0 des rites soufis kurdes, chaque soir, le spectacle est unique, cr\u00e9\u00e9 pour l\u2019occasion selon les spectateurs, le lieu, la dur\u00e9e du \u2018rituel artistique\u2019\u2026 Toutes les repr\u00e9sentations sont adapt\u00e9es au lieu de r\u00e9ception, impliquant parfois des musiciens et des participants locaux. <strong>Pour cette \u00e9dition, ils auront la participation&#8230;extatique de l&rsquo;\u00e9quipe inclusive d&rsquo;Omnivion.<\/strong><\/p>\n<p><u><b>PETITES PLAN\u00c8TES<\/b><\/u><\/p>\n<p>\u2018<b>Petites Plan\u00e8tes<\/b>\u2018 est un projet compos\u00e9 de films, d\u2019enregistrements musicaux, de performances cin\u00e9matographiques, d\u2019installations immersives et d\u2019\u0153uvres photographiques.<\/p>\n<p>Cr\u00e9\u00e9e par les artistes fran\u00e7ais\u00a0<b>Priscilla Telmon<\/b>\u00a0et\u00a0<b>Mathieu Moon Saura<\/b>, la Collection \u2018<b>Petites Plan\u00e8tes<\/b>\u2019 a pour but d\u2019explorer les fronti\u00e8res entre le cin\u00e9ma, la musique et les formes de rituels modernes. Une vision qui se d\u00e9place entre les domaines de la cr\u00e9ation documentaire, de la recherche ethnographique et de l\u2019exp\u00e9rimentation cin\u00e9matographique. Leur vision artistique est \u00e9galement profond\u00e9ment impr\u00e9gn\u00e9e d\u2019improvisation, de la cr\u00e9ation des projets \u00e0 leur diffusion en format performance, gardant au coeur une coh\u00e9rence de cr\u00e9ation bas\u00e9e sur un travail sensoriel.<\/p>\n<p>Le travail ind\u00e9pendant de\u00a0<b>Priscilla Telmon<\/b>\u00a0et\u00a0<b>Mathieu Moon Saura<\/b>\u00a0est diffus\u00e9 enti\u00e8rement en format court m\u00e9trage sous licence libre sur les sites <a href=\"http:\/\/www.petitesplanetes.earth\">www.petitesplanetes.earth<\/a> et\u00a0<a href=\"http:\/\/www.vincentmoon.com\/\" target=\"_blank\" rel=\"noopener\">www.vincentmoon.com<\/a>, dans une d\u00e9marche de partage conforme \u00e0 la circulation des savoirs ancestraux qu\u2019on leur confie. Duo d\u2019artistes multidisciplinaires collaborant en tant que r\u00e9alisateurs ind\u00e9pendants et explorateurs sonores, ils produisent des films exp\u00e9rimentaux ethnographiques et des enregistrements musicaux.<\/p>\n<p><b>Priscilla Telmon<\/b>\u00a0est une aventuri\u00e8re fran\u00e7aise, \u00e9crivaine, photographe et r\u00e9alisatrice. Connue notamment pour ses livres et films\u00a0\u2018<i>La Chevauch\u00e9e des Steppes\u2019\u00a0<\/i>avec l\u2019\u00e9crivain\u00a0<b>Sylvain Tesson<\/b>, et\u00a0\u2018<i>Himalayas\u2019<\/i>\u00a0pour sa travers\u00e9e \u00e0 pied et en solitaire sur les traces de l\u2019exploratrice\u00a0<b>Alexandra David-Neel<\/b>, elle se consacre \u00e0 de longues exp\u00e9ditions rendant hommage aux tradition de sagesse et au myst\u00e8re des cultures qu\u2019elle visite. Des enseignements qu\u2019elle re\u00e7oit des gu\u00e9risseurs de part le monde, elle d\u00e9veloppe une technique de chants chamaniques et vibratoires.<\/p>\n<p><b>Mathieu Moon Saura<\/b>, aussi connu sous le nom de\u00a0<b>Vincent Moon<\/b>, fut le cr\u00e9ateur des \u2018Concerts \u00e0 Emporter\u2019 de\u00a0<b>la Blogoth\u00e8que<\/b>, projet devenu culte de films musicaux r\u00e9alis\u00e9s en compl\u00e8te improvisation dans les espaces publics de Paris principalement. Apr\u00e8s avoir r\u00e9alis\u00e9 plus d\u2019une centaine de films avec notamment\u00a0<b>REM, Arcade Fire, The National\u00a0<\/b>ou\u00a0<b>Beirut<\/b>, il parcourt le monde tel un Lomax moderne et contemporain, documentant des musiques oubli\u00e9es, des rites m\u00e9connus ou des transes contemporaines, explorant la r\u00e9-int\u00e9gration de formes spirituelles ancestrales via des formes artistiques modernes et exp\u00e9rimentales.<\/p>\n<p><b>\/\/\/\/\/\/\/\/\/\/\/\/\/\/\/\/\/\/\/\/\/\/\/\/\/\/\/\/\/\/\/\/\/\/\/\/\/\/\/\/\/\/\/\/\/\/\/\/\/\/\/\/\/\/\/\/\/\/\/\/\/\/\/\/\/\/\/\/\/\/\/\/\/\/\/\/\/\/\/\/\/\/\/\/\/\/\/\/\/\/\/\/\/\/\/\/\/\/\/\/\/\/\/\/\/\/\/\/\/\/\/\/\/\/\/\/\/\/\/\/\/\/\/\/\/\/\/\/\/\/\/\/\/\/\/\/\/<\/b><\/p>\n<p><strong>Partenaires et financement :<\/strong><\/p>\n<p><strong><span style=\"color: #000000;\"><span style=\"font-family: Calibri, sans-serif;\">DRAC Centre,\u00a0ARS Centre,\u00a0CHRU de Tours,\u00a0<\/span><\/span><\/strong><strong><span style=\"font-family: Calibri, sans-serif;\">Transept37, <\/span><\/strong><strong><span style=\"color: #000000;\"><span style=\"font-family: Calibri, sans-serif;\">Arpents d\u2019Art,\u00a0Ville de Tours,\u00a0APAJH37, Le Petit Morier, Centre Sociale la Rabi\u00e8re, <\/span><\/span><\/strong><strong><span style=\"color: #000000;\"><span style=\"font-family: Calibri, sans-serif;\">Murailles Music, Association Mawguerite, La Rabouilleuse<\/span><\/span><\/strong><strong><span style=\"color: #000000;\"><span style=\"font-family: Calibri, sans-serif;\">.<\/span><\/span><\/strong><\/p>\n<p><img data-recalc-dims=\"1\" loading=\"lazy\" decoding=\"async\" class=\"alignnone size-large wp-image-3990\" src=\"https:\/\/i0.wp.com\/omnivion.net\/core\/wp-content\/uploads\/2021\/02\/Logos_N9-1024x383.jpg?resize=800%2C299\" alt=\"\" width=\"800\" height=\"299\" srcset=\"https:\/\/i0.wp.com\/omnivion.net\/core\/wp-content\/uploads\/2021\/02\/Logos_N9.jpg?resize=1024%2C383&amp;ssl=1 1024w, https:\/\/i0.wp.com\/omnivion.net\/core\/wp-content\/uploads\/2021\/02\/Logos_N9.jpg?resize=300%2C112&amp;ssl=1 300w, https:\/\/i0.wp.com\/omnivion.net\/core\/wp-content\/uploads\/2021\/02\/Logos_N9.jpg?resize=768%2C287&amp;ssl=1 768w, https:\/\/i0.wp.com\/omnivion.net\/core\/wp-content\/uploads\/2021\/02\/Logos_N9.jpg?w=1317&amp;ssl=1 1317w\" sizes=\"auto, (max-width: 800px) 100vw, 800px\" \/><\/p>\n<p><strong><a href=\"https:\/\/omnivion.net\/core\/fr\/contacts\/reservations\/\">omnivion.net\/core\/fr\/contacts\/reservations<\/a><\/strong><\/p>\n<p><img data-recalc-dims=\"1\" loading=\"lazy\" decoding=\"async\" class=\"alignnone size-thumbnail wp-image-4137\" src=\"https:\/\/i0.wp.com\/omnivion.net\/core\/wp-content\/uploads\/2021\/07\/qrcode-150x150.png?resize=150%2C150\" alt=\"\" width=\"150\" height=\"150\" srcset=\"https:\/\/i0.wp.com\/omnivion.net\/core\/wp-content\/uploads\/2021\/07\/qrcode.png?resize=150%2C150&amp;ssl=1 150w, https:\/\/i0.wp.com\/omnivion.net\/core\/wp-content\/uploads\/2021\/07\/qrcode.png?resize=300%2C300&amp;ssl=1 300w, https:\/\/i0.wp.com\/omnivion.net\/core\/wp-content\/uploads\/2021\/07\/qrcode.png?w=600&amp;ssl=1 600w\" sizes=\"auto, (max-width: 150px) 100vw, 150px\" \/><\/p>","protected":false},"excerpt":{"rendered":"<p>Omnivion a invit\u00e9 et organis\u00e9 : \u2018Petites plan\u00e8tes\u2019 Live cinema (Priscilla Telmon &amp; [&hellip;]<\/p>\n","protected":false},"author":1,"featured_media":0,"parent":3553,"menu_order":0,"comment_status":"closed","ping_status":"closed","template":"","meta":{"jetpack_post_was_ever_published":false,"footnotes":""},"class_list":["post-4130","page","type-page","status-publish","hentry"],"yoast_head":"<!-- This site is optimized with the Yoast SEO plugin v27.4 - https:\/\/yoast.com\/product\/yoast-seo-wordpress\/ -->\n<title>\u2018Petites plan\u00e8tes\u2019 Live cinema (Priscilla Telmon &amp; Vincent Moon) - omnivion.net<\/title>\n<meta name=\"robots\" content=\"index, follow, max-snippet:-1, max-image-preview:large, max-video-preview:-1\" \/>\n<link rel=\"canonical\" href=\"https:\/\/omnivion.net\/core\/fr\/projets\/projets-artistiques\/newtopia-9\/petites-planetes\/\" \/>\n<meta property=\"og:locale\" content=\"fr_FR\" \/>\n<meta property=\"og:type\" content=\"article\" \/>\n<meta property=\"og:title\" content=\"\u2018Petites plan\u00e8tes\u2019 Live cinema (Priscilla Telmon &amp; Vincent Moon) - omnivion.net\" \/>\n<meta property=\"og:description\" content=\"Omnivion a invit\u00e9 et organis\u00e9 : \u2018Petites plan\u00e8tes\u2019 Live cinema (Priscilla Telmon &amp; [&hellip;]\" \/>\n<meta property=\"og:url\" content=\"https:\/\/omnivion.net\/core\/fr\/projets\/projets-artistiques\/newtopia-9\/petites-planetes\/\" \/>\n<meta property=\"og:site_name\" content=\"omnivion.net\" \/>\n<meta property=\"article:modified_time\" content=\"2021-11-07T18:04:34+00:00\" \/>\n<meta property=\"og:image\" content=\"http:\/\/omnivion.net\/core\/wp-content\/uploads\/2021\/02\/Logos_N9-1024x383.jpg\" \/>\n<meta name=\"twitter:card\" content=\"summary_large_image\" \/>\n<meta name=\"twitter:label1\" content=\"Dur\u00e9e de lecture estim\u00e9e\" \/>\n\t<meta name=\"twitter:data1\" content=\"4 minutes\" \/>\n<script type=\"application\/ld+json\" class=\"yoast-schema-graph\">{\"@context\":\"https:\\\/\\\/schema.org\",\"@graph\":[{\"@type\":\"WebPage\",\"@id\":\"https:\\\/\\\/omnivion.net\\\/core\\\/fr\\\/projets\\\/projets-artistiques\\\/newtopia-9\\\/petites-planetes\\\/\",\"url\":\"https:\\\/\\\/omnivion.net\\\/core\\\/fr\\\/projets\\\/projets-artistiques\\\/newtopia-9\\\/petites-planetes\\\/\",\"name\":\"\u2018Petites plan\u00e8tes\u2019 Live cinema (Priscilla Telmon & Vincent Moon) - omnivion.net\",\"isPartOf\":{\"@id\":\"https:\\\/\\\/omnivion.net\\\/core\\\/fr\\\/#website\"},\"primaryImageOfPage\":{\"@id\":\"https:\\\/\\\/omnivion.net\\\/core\\\/fr\\\/projets\\\/projets-artistiques\\\/newtopia-9\\\/petites-planetes\\\/#primaryimage\"},\"image\":{\"@id\":\"https:\\\/\\\/omnivion.net\\\/core\\\/fr\\\/projets\\\/projets-artistiques\\\/newtopia-9\\\/petites-planetes\\\/#primaryimage\"},\"thumbnailUrl\":\"http:\\\/\\\/omnivion.net\\\/core\\\/wp-content\\\/uploads\\\/2021\\\/02\\\/Logos_N9-1024x383.jpg\",\"datePublished\":\"2021-07-09T09:58:24+00:00\",\"dateModified\":\"2021-11-07T18:04:34+00:00\",\"breadcrumb\":{\"@id\":\"https:\\\/\\\/omnivion.net\\\/core\\\/fr\\\/projets\\\/projets-artistiques\\\/newtopia-9\\\/petites-planetes\\\/#breadcrumb\"},\"inLanguage\":\"fr-FR\",\"potentialAction\":[{\"@type\":\"ReadAction\",\"target\":[\"https:\\\/\\\/omnivion.net\\\/core\\\/fr\\\/projets\\\/projets-artistiques\\\/newtopia-9\\\/petites-planetes\\\/\"]}]},{\"@type\":\"ImageObject\",\"inLanguage\":\"fr-FR\",\"@id\":\"https:\\\/\\\/omnivion.net\\\/core\\\/fr\\\/projets\\\/projets-artistiques\\\/newtopia-9\\\/petites-planetes\\\/#primaryimage\",\"url\":\"http:\\\/\\\/omnivion.net\\\/core\\\/wp-content\\\/uploads\\\/2021\\\/02\\\/Logos_N9-1024x383.jpg\",\"contentUrl\":\"http:\\\/\\\/omnivion.net\\\/core\\\/wp-content\\\/uploads\\\/2021\\\/02\\\/Logos_N9-1024x383.jpg\"},{\"@type\":\"BreadcrumbList\",\"@id\":\"https:\\\/\\\/omnivion.net\\\/core\\\/fr\\\/projets\\\/projets-artistiques\\\/newtopia-9\\\/petites-planetes\\\/#breadcrumb\",\"itemListElement\":[{\"@type\":\"ListItem\",\"position\":1,\"name\":\"Accueil\",\"item\":\"https:\\\/\\\/omnivion.net\\\/core\\\/en\\\/silverstorm\\\/\"},{\"@type\":\"ListItem\",\"position\":2,\"name\":\"Projets\",\"item\":\"https:\\\/\\\/omnivion.net\\\/core\\\/fr\\\/projets\\\/\"},{\"@type\":\"ListItem\",\"position\":3,\"name\":\"Projets Artistiques\",\"item\":\"https:\\\/\\\/omnivion.net\\\/core\\\/projets\\\/projets-artistiques\\\/\"},{\"@type\":\"ListItem\",\"position\":4,\"name\":\"Corps extatique &#8211; Newtopia 9\",\"item\":\"https:\\\/\\\/omnivion.net\\\/core\\\/projets\\\/projets-artistiques\\\/newtopia-9\\\/\"},{\"@type\":\"ListItem\",\"position\":5,\"name\":\"\u2018Petites plan\u00e8tes\u2019 Live cinema (Priscilla Telmon &#038; Vincent Moon)\"}]},{\"@type\":\"WebSite\",\"@id\":\"https:\\\/\\\/omnivion.net\\\/core\\\/fr\\\/#website\",\"url\":\"https:\\\/\\\/omnivion.net\\\/core\\\/fr\\\/\",\"name\":\"omnivion.net\",\"description\":\"...ARTS D&#039;\u00caTRE CORPS...\",\"potentialAction\":[{\"@type\":\"SearchAction\",\"target\":{\"@type\":\"EntryPoint\",\"urlTemplate\":\"https:\\\/\\\/omnivion.net\\\/core\\\/fr\\\/?s={search_term_string}\"},\"query-input\":{\"@type\":\"PropertyValueSpecification\",\"valueRequired\":true,\"valueName\":\"search_term_string\"}}],\"inLanguage\":\"fr-FR\"}]}<\/script>\n<!-- \/ Yoast SEO plugin. -->","yoast_head_json":{"title":"\u2018Petites plan\u00e8tes\u2019 Live cinema (Priscilla Telmon & Vincent Moon) - omnivion.net","robots":{"index":"index","follow":"follow","max-snippet":"max-snippet:-1","max-image-preview":"max-image-preview:large","max-video-preview":"max-video-preview:-1"},"canonical":"https:\/\/omnivion.net\/core\/fr\/projets\/projets-artistiques\/newtopia-9\/petites-planetes\/","og_locale":"fr_FR","og_type":"article","og_title":"\u2018Petites plan\u00e8tes\u2019 Live cinema (Priscilla Telmon & Vincent Moon) - omnivion.net","og_description":"Omnivion a invit\u00e9 et organis\u00e9 : \u2018Petites plan\u00e8tes\u2019 Live cinema (Priscilla Telmon &amp; [&hellip;]","og_url":"https:\/\/omnivion.net\/core\/fr\/projets\/projets-artistiques\/newtopia-9\/petites-planetes\/","og_site_name":"omnivion.net","article_modified_time":"2021-11-07T18:04:34+00:00","og_image":[{"url":"http:\/\/omnivion.net\/core\/wp-content\/uploads\/2021\/02\/Logos_N9-1024x383.jpg","type":"","width":"","height":""}],"twitter_card":"summary_large_image","twitter_misc":{"Dur\u00e9e de lecture estim\u00e9e":"4 minutes"},"schema":{"@context":"https:\/\/schema.org","@graph":[{"@type":"WebPage","@id":"https:\/\/omnivion.net\/core\/fr\/projets\/projets-artistiques\/newtopia-9\/petites-planetes\/","url":"https:\/\/omnivion.net\/core\/fr\/projets\/projets-artistiques\/newtopia-9\/petites-planetes\/","name":"\u2018Petites plan\u00e8tes\u2019 Live cinema (Priscilla Telmon & Vincent Moon) - omnivion.net","isPartOf":{"@id":"https:\/\/omnivion.net\/core\/fr\/#website"},"primaryImageOfPage":{"@id":"https:\/\/omnivion.net\/core\/fr\/projets\/projets-artistiques\/newtopia-9\/petites-planetes\/#primaryimage"},"image":{"@id":"https:\/\/omnivion.net\/core\/fr\/projets\/projets-artistiques\/newtopia-9\/petites-planetes\/#primaryimage"},"thumbnailUrl":"http:\/\/omnivion.net\/core\/wp-content\/uploads\/2021\/02\/Logos_N9-1024x383.jpg","datePublished":"2021-07-09T09:58:24+00:00","dateModified":"2021-11-07T18:04:34+00:00","breadcrumb":{"@id":"https:\/\/omnivion.net\/core\/fr\/projets\/projets-artistiques\/newtopia-9\/petites-planetes\/#breadcrumb"},"inLanguage":"fr-FR","potentialAction":[{"@type":"ReadAction","target":["https:\/\/omnivion.net\/core\/fr\/projets\/projets-artistiques\/newtopia-9\/petites-planetes\/"]}]},{"@type":"ImageObject","inLanguage":"fr-FR","@id":"https:\/\/omnivion.net\/core\/fr\/projets\/projets-artistiques\/newtopia-9\/petites-planetes\/#primaryimage","url":"http:\/\/omnivion.net\/core\/wp-content\/uploads\/2021\/02\/Logos_N9-1024x383.jpg","contentUrl":"http:\/\/omnivion.net\/core\/wp-content\/uploads\/2021\/02\/Logos_N9-1024x383.jpg"},{"@type":"BreadcrumbList","@id":"https:\/\/omnivion.net\/core\/fr\/projets\/projets-artistiques\/newtopia-9\/petites-planetes\/#breadcrumb","itemListElement":[{"@type":"ListItem","position":1,"name":"Accueil","item":"https:\/\/omnivion.net\/core\/en\/silverstorm\/"},{"@type":"ListItem","position":2,"name":"Projets","item":"https:\/\/omnivion.net\/core\/fr\/projets\/"},{"@type":"ListItem","position":3,"name":"Projets Artistiques","item":"https:\/\/omnivion.net\/core\/projets\/projets-artistiques\/"},{"@type":"ListItem","position":4,"name":"Corps extatique &#8211; Newtopia 9","item":"https:\/\/omnivion.net\/core\/projets\/projets-artistiques\/newtopia-9\/"},{"@type":"ListItem","position":5,"name":"\u2018Petites plan\u00e8tes\u2019 Live cinema (Priscilla Telmon &#038; Vincent Moon)"}]},{"@type":"WebSite","@id":"https:\/\/omnivion.net\/core\/fr\/#website","url":"https:\/\/omnivion.net\/core\/fr\/","name":"omnivion.net","description":"...ARTS D&#039;\u00caTRE CORPS...","potentialAction":[{"@type":"SearchAction","target":{"@type":"EntryPoint","urlTemplate":"https:\/\/omnivion.net\/core\/fr\/?s={search_term_string}"},"query-input":{"@type":"PropertyValueSpecification","valueRequired":true,"valueName":"search_term_string"}}],"inLanguage":"fr-FR"}]}},"jetpack_sharing_enabled":true,"jetpack_shortlink":"https:\/\/wp.me\/P2fe7Q-14C","jetpack_likes_enabled":true,"_links":{"self":[{"href":"https:\/\/omnivion.net\/core\/fr\/wp-json\/wp\/v2\/pages\/4130","targetHints":{"allow":["GET"]}}],"collection":[{"href":"https:\/\/omnivion.net\/core\/fr\/wp-json\/wp\/v2\/pages"}],"about":[{"href":"https:\/\/omnivion.net\/core\/fr\/wp-json\/wp\/v2\/types\/page"}],"author":[{"embeddable":true,"href":"https:\/\/omnivion.net\/core\/fr\/wp-json\/wp\/v2\/users\/1"}],"replies":[{"embeddable":true,"href":"https:\/\/omnivion.net\/core\/fr\/wp-json\/wp\/v2\/comments?post=4130"}],"version-history":[{"count":25,"href":"https:\/\/omnivion.net\/core\/fr\/wp-json\/wp\/v2\/pages\/4130\/revisions"}],"predecessor-version":[{"id":4302,"href":"https:\/\/omnivion.net\/core\/fr\/wp-json\/wp\/v2\/pages\/4130\/revisions\/4302"}],"up":[{"embeddable":true,"href":"https:\/\/omnivion.net\/core\/fr\/wp-json\/wp\/v2\/pages\/3553"}],"wp:attachment":[{"href":"https:\/\/omnivion.net\/core\/fr\/wp-json\/wp\/v2\/media?parent=4130"}],"curies":[{"name":"wp","href":"https:\/\/api.w.org\/{rel}","templated":true}]}}