{"id":4072,"date":"2021-05-28T23:00:45","date_gmt":"2021-05-28T22:00:45","guid":{"rendered":"http:\/\/omnivion.net\/core\/?page_id=4072"},"modified":"2025-06-30T10:57:05","modified_gmt":"2025-06-30T09:57:05","slug":"corpsx-newtopia-9-6","status":"publish","type":"page","link":"https:\/\/omnivion.net\/core\/fr\/projets\/projets-artistiques\/newtopia-9\/corpsx-newtopia-9-6\/","title":{"rendered":"Corps Extatique \/ Newtopia 9.6"},"content":{"rendered":"<p><div id=\"attachment_4067\" style=\"width: 810px\" class=\"wp-caption alignnone\"><img data-recalc-dims=\"1\" loading=\"lazy\" decoding=\"async\" aria-describedby=\"caption-attachment-4067\" class=\"size-full wp-image-4067\" src=\"https:\/\/i0.wp.com\/omnivion.net\/core\/wp-content\/uploads\/2021\/05\/DURET-Bernard-92_mod_web-1.jpg?resize=800%2C534\" alt=\"\" width=\"800\" height=\"534\" srcset=\"https:\/\/i0.wp.com\/omnivion.net\/core\/wp-content\/uploads\/2021\/05\/DURET-Bernard-92_mod_web-1.jpg?w=800&amp;ssl=1 800w, https:\/\/i0.wp.com\/omnivion.net\/core\/wp-content\/uploads\/2021\/05\/DURET-Bernard-92_mod_web-1.jpg?resize=300%2C200&amp;ssl=1 300w, https:\/\/i0.wp.com\/omnivion.net\/core\/wp-content\/uploads\/2021\/05\/DURET-Bernard-92_mod_web-1.jpg?resize=768%2C513&amp;ssl=1 768w\" sizes=\"auto, (max-width: 800px) 100vw, 800px\" \/><p id=\"caption-attachment-4067\" class=\"wp-caption-text\">Photo (mod) par Bernard Duret<\/p><\/div><\/p>\n<h1>Corps Extatique \/ Newtopia 9.6<\/h1>\n<h2>Une proposition chor\u00e9graphique autour de l&rsquo;\u00e9tat extatique<\/h2>\n<p>&nbsp;<\/p>\n<h2><strong>Programme :<\/strong><\/h2>\n<p>&nbsp;<\/p>\n<h2><span style=\"font-size: 24pt;\">\u03b5<\/span><strong>kstatik (2022)\u00a0<\/strong><span style=\"font-size: 8pt;\">[du grec \u1f14\u03f0\u03c3\u03c4\u03b1\u03c3\u03b9\u03c2, transport, de \u1f10\u03be, hors, et \u03c3\u03c4\u03ac\u03c3\u03b9\u03c2, base, fondement]<\/span><\/h2>\n<p><b>Pi\u00e8ce chor\u00e9graphique inclusive, collaboration d\u2019Omnivion avec le service psychiatrique du CHU de Tours.<\/b><\/p>\n<p>Dossier de presse : <a href=\"http:\/\/omnivion.net\/core\/wp-content\/uploads\/2023\/04\/2022_Newtopia_9.6_Dossier_Presse.pdf\">omnivion.net\/core\/2022_Newtopia_9.6_Dossier_Presse.pdf<\/a><\/p>\n<h2><span style=\"font-size: 14pt;\">Photos by Bernard Duret : <\/span><a href=\"https:\/\/www.flickr.com\/photos\/omnivion\/albums\/72177720296684190\" target=\"_blank\" rel=\"noopener\"><span style=\"font-size: 14pt;\">Flickr\/Extatiques<\/span><\/a><\/h2>\n<p><strong>\u00a0<\/strong><br \/>\n<strong>C\u2019est quoi la transe\u00a0?<\/strong><\/p>\n<p>Un va et vient rythmique ? Une pulsation du corps\u00a0? Un \u00e9tat d\u2019ivresse\u00a0? Un acc\u00e8s \u00e0 des mondes invisibles\u00a0? Hadra des soufis, Anastenaria des Grecs, derviches tourneurs, tarantella en Italie, danses vaudous du B\u00e9nin ou d\u2019Ha\u00efti, rituels gnawa, danses balinaises, la liste est longue des traditions qui explorent des \u00e9tats modifi\u00e9s de conscience. Qu\u2019en est-t-il des transes d\u2019immobilit\u00e9, des m\u00e9ditations, ou des lenteurs\u00a0extr\u00eames ? Des psychologues, neurophysiologues, anthropologues, sociologues, musicologues et depuis quelques temps des chor\u00e9graphes de danse contemporaine occidentale se passionnent pour l\u2019\u00e9tude de la transe allant jusqu\u2019\u00e0 s\u2019approprier ce ph\u00e9nom\u00e8ne.<\/p>\n<p>Les motivations pour tenter ces exp\u00e9riences semblent multiples. D\u00e9tente psychique, apaisement de douleurs, transformation de la perception, questionnement spirituel, connexion avec la communaut\u00e9, etc. Nos soci\u00e9t\u00e9s de plus en plus mat\u00e9rialistes mettent en avant des \u00e9tats extatiques addictifs\u00a0pour promouvoir le profit, comme par exemple la consommation de m\u00e9dias, de jeux vid\u00e9o et\/ou de substances chimiques et psychotropes.<\/p>\n<p>La psychanalyste et danse-th\u00e9rapeute France Schott-Billmann \u00e9tudie depuis des d\u00e9cennies les danses de pulsion, inspir\u00e9es des danses ha\u00eftiennes : \u00a8<i>On avait le sentiment d\u2019y retrouver des racines, une innocence joyeuse, une \u00e2me de \u00ab primitif \u00bb, on communiait dans la chaleur du groupe, on se reconnectait \u00e0 l\u2019\u00e9nergie vitale de la pulsation et la r\u00e9p\u00e9tition du geste conduisait \u00e0 l\u2019exultation de la transe<\/i> \u00a8 (Billmann, dans \u00c9r\u00e8s | \u00ab Insistance \u00bb 2015\/1 n\u00b0 9)<\/p>\n<p>Le projet Omnivion de cette ann\u00e9e <b>\u00ab\u00a0Corps Extatique\u00a0\u00bb<\/b> puise sa th\u00e9matique dans la notion d\u2019extase, d\u2019<i>inconscient<\/i>\u00a0et dans des \u00e9tats modifi\u00e9s de conscience. C\u2019est un questionnement sur la diversit\u00e9 des formes de la connaissance en compl\u00e9mentarit\u00e9 avec l\u2019intelligence rationnelle. C\u2019est une manifestation vibratoire, contre le pouvoir monolithique d\u2019un scientisme omnipr\u00e9sent qui cherche \u00e0 dicter, parfois violemment, le vivre ensemble.<\/p>\n<p>La pi\u00e8ce<span style=\"font-size: large;\"><i><b> \u03b5<\/b><\/i><\/span><i><b>kstatik<\/b><\/i> est une plong\u00e9e chor\u00e9graphique collective de l\u2019\u00e9quipe d\u2019Omnivion dans des situations qui promeuvent des \u00e9tats extatiques. Une \u00e9quipe qui \u00e9volue en nombre et en exp\u00e9rience depuis 2013, tout en restant inclusive et qui affirme sa passion pour les liens entre danse et psychisme. Un travail collectif avec des amateurs et des professionnels, soutenu par le CHU de Tours, la DRAC et ARS Centre, la ville de Tours et la Fondation Transept37. Quelle danse, quel rythme, quel costume, quelle configuration nous fera voyager dans des \u00e9tats de transe? Et en quoi l\u2019\u00e9tat extatique enrichit la communaut\u00e9 ?<\/p>\n<p><strong>Conception \/ direction :<\/strong>\u00a0Dimitri Tsiapkinis<br \/>\n<strong>Danse, Chor\u00e9graphie par l\u2019\u00e9quipe d\u2019Omnivion : <\/strong>Sophie Abbas, Bartel Bruynseels, Christine Causera, Claire Guillaume, Nikicha Jaillette, Ghislaine Lorne, Dani\u00e8le Martzloff, Catherine Mondou, Bruno Morin, Quentin Perrotte, Rosa Pires de Matos, Beno\u00eet Pradier, Magali dos Santos, Keely Sigot, Dimitri Tsiapkinis.<\/p>\n<p><strong>Dramaturgie Vocale<\/strong>\u00a0: Keely Sigot<br \/>\n<strong>\u00c9clairage\/r\u00e9gie technique<\/strong> : Marine Pourqui\u00e9<\/p>\n<p><strong>Dur\u00e9e<\/strong> : ~ 35min<\/p>\n<p>Pour d\u2019autres \u00e9v\u00e8nements dans cette m\u00eame th\u00e9matique, jetez un \u0153il sur la page du projet : <span style=\"color: #0563c1;\"><u><a href=\"http:\/\/omnivion.net\/core\/projets\/projets-artistiques\/newtopia-9\/\" target=\"_top\" rel=\"noopener\">omnivion.net\/core\/fr\/projets\/projets-artistiques\/newtopia-9\/<\/a><\/u><\/span><\/p>\n<p><strong>\/\/\/\/\/\/\/\/\/\/\/\/\/\/\/\/\/\/\/\/\/\/\/\/\/\/\/\/\/\/\/\/\/\/\/\/\/\/\/\/\/\/\/\/\/\/\/\/\/\/\/\/\/\/\/\/\/\/\/\/\/\/\/\/\/\/\/\/\/\/\/\/\/\/\/\/\/\/\/\/\/\/\/\/\/\/\/\/\/\/\/\/\/\/\/\/\/\/\/\/\/\/\/\/\/\/\/\/\/\/\/\/\/\/\/\/\/\/\/\/\/<\/strong><\/p>\n<p>&nbsp;<\/p>\n<h2><em><strong>M\u00e9tanymphes II<\/strong><\/em>\u00a0<strong>(2022)<br \/>\n<\/strong><\/h2>\n<p><strong>Un projet\u00a0<em>Newtopia<\/em>\u00a0dans le cadre de\u00a0<a href=\"http:\/\/omnivion.net\/core\/projets\/projets-artistiques\/newtopia-9\/\"><em>Corps Extatiques<\/em>\u00a02021<\/a>, coproduit avec le Centre International de Danse &amp; de Th\u00e9\u00e2tre de Milos \/ Subventionn\u00e9 par la DRAC et ARS Centre et la Ville de Tours et avec le soutien de la Municipalit\u00e9 de Milos. Une premi\u00e8re version (en grecque) a \u00e9t\u00e9 pr\u00e9sent\u00e9e le 1er Ao\u00fbt 2021 au Th\u00e9\u00e2tre Antique de Milos.<\/strong><\/p>\n<p><strong>PHOTOS 2021 : <\/strong><a href=\"https:\/\/flic.kr\/s\/aHsmWq8t6r\"><strong>flickr\/METANYMPHES<\/strong><\/a><\/p>\n<p><strong>PHOTOS 2022 : <a href=\"https:\/\/flic.kr\/s\/aHBqjzCkRY\">flickr\/METANYMPHES 2022<\/a><\/strong><\/p>\n<p>Le titre\u00a0<em>M\u00e9tanymphes\u00a0<\/em>\u2013 n\u00e9ologisme en r\u00e9sonance avec le mot grec nymphe (larve) \u2013 fait r\u00e9f\u00e9rence au processus de transformation continue. Le th\u00e9\u00e2tre grecque antique, \u00e0 travers la parole, le mouvement et la musique, a acc\u00e9l\u00e9r\u00e9 la pens\u00e9e politique et enrichi la d\u00e9mocratie. De ce point de vue, le projet chor\u00e9graphique initiale et sa continuit\u00e9 (II) propos\u00e9 se place d\u00e9j\u00e0 avant tout intention, dans une dynamique de r\u00e9novation politique et culturelle.<\/p>\n<p><strong>[Le spectacle]<\/strong><strong>\u00a0<\/strong><\/p>\n<p>C\u2019est une exp\u00e9rience passionnante avec des monologues, des corpor\u00e9it\u00e9s sensibles, des danses fulgurantes. Dans la premi\u00e8re partie, la metteur en sc\u00e8ne et chor\u00e9graphe Filio Louvari en r\u00e9sonance avec les pr\u00e9occupations artistiques et philosophiques de Dimitri Tsiapkinis, et avec l\u2019heureuse collaboration d\u2019une adolescente, Elena Koronaiou, nous offrent un\u2026<em>two-woman-show\u00a0<\/em>plein d\u2019\u00e9nergie et d\u2019humour. En deuxi\u00e8me partie un solo d\u00e9lirant du danseur-chor\u00e9graphe Dimitris Tsiapkinis, o\u00f9 l&rsquo;\u00e9tat extatique interroge des absurdit\u00e9s politiques, une sorte de satire m\u00e9tamoderne.<\/p>\n<p><strong>[Concept]<\/strong><strong>\u00a0<\/strong><\/p>\n<p>Quelle est la relation d\u2019un citoyen europ\u00e9en moderne avec son souffle? Comment une adolescente de Milos (Cyclades\/Gr\u00e8ce) per\u00e7oit-elle les symboles arch\u00e9typaux de l\u2019Histoire de son pays? Comment l\u2019ancienne ville de Milos nous am\u00e8ne-t-elle \u00e0 examiner po\u00e9tiquement l\u2019espace et le temps? La recherche kinesth\u00e9sique peut-elle gu\u00e9rir nos n\u00e9vroses postmodernes? Et la transe dans tout \u00e7a? Des questions que nous \u00e9tudierons dans une ambiance festive, avec humour, intensit\u00e9 physique et des anecdotes politiques.<\/p>\n<p><strong>[<\/strong><strong>\u00c9<\/strong><strong>quipe]<\/strong><strong>\u00a0<\/strong><\/p>\n<p><strong>Conception \/ direction :<\/strong> Dimitri Tsiapkinis (Association Omnivion, France)<\/p>\n<p><strong>Chor\u00e9graphie et mise en sc\u00e8ne :<\/strong> Filio Louvari &amp; Dimitri Tsiapkinis<\/p>\n<p><strong>Interpr\u00e9tation :<\/strong> Elena Koronaiou, Filio Louvari, Dimitri Tsiapkinis<\/p>\n<p><strong>Organisation de production, Coordination :<\/strong> Filio Louvari<\/p>\n<p><strong>Assistantes de production :<\/strong> Nadia Kyriakou<\/p>\n<p><b>\u00c9clairage\/r\u00e9gie technique : <\/b>Marine Pourqui\u00e9<\/p>\n<p><strong>Dur\u00e9e :<\/strong> ~ 35min<\/p>\n<p><strong>Production : Omnivion\/ Arts d\u2019\u00catre Corps (France) et Centre International de Danse et de Th\u00e9\u00e2tre de Milos (Gr\u00e8ce)<\/strong><\/p>\n<p>Plus d&rsquo;info : <a href=\"https:\/\/omnivion.net\/core\/fr\/projets\/projets-artistiques\/newtopia-9\/metanymphes-2021\/\">https:\/\/omnivion.net\/core\/metanymphes-2021<\/a><\/p>\n<p>&nbsp;<\/p>\n<p><strong>Dates :<\/strong><\/p>\n<p><strong>Le 22 janvier 2022, \u00e0 19H00, \u00e0 Vodanum, 15 Rue des Clouet, 37210 Rochecorbon<\/strong><\/p>\n<p>&nbsp;<\/p>\n<p>Pour d\u2019autres \u00e9v\u00e8nements dans cette m\u00eame th\u00e9matique, jetez un \u0153il sur la page du projet Corps Extatiques : <a href=\"http:\/\/omnivion.net\/core\/projets\/projets-artistiques\/newtopia-9\/\">omnivion.net\/core\/fr\/projets\/projets-artistiques\/newtopia-9\/<\/a><\/p>\n<p><strong>\/\/\/\/\/\/\/\/\/\/\/\/\/\/\/\/\/\/\/\/\/\/\/\/\/\/\/\/\/\/\/\/\/\/\/\/\/\/\/\/\/\/\/\/\/\/\/\/\/\/\/\/\/\/\/\/\/\/\/\/\/\/\/\/\/\/\/\/\/\/\/\/\/\/\/\/\/\/\/\/\/\/\/\/\/\/\/\/\/\/\/\/\/\/\/\/\/\/\/\/\/\/\/\/\/\/\/\/\/\/\/\/\/\/\/\/\/\/\/\/\/<\/strong><\/p>\n<p>&nbsp;<\/p>\n<p><strong>Partenaires et financement :<\/strong><\/p>\n<p class=\"western\"><span style=\"color: #000000;\"><strong><span style=\"font-family: Calibri, sans-serif;\">DRAC Centre,\u00a0ARS Centre,\u00a0CHRU de Tours, Ville de Tours, <\/span><\/strong><strong><span style=\"font-family: Calibri, sans-serif;\">Transept37, Centre International de Danse et de Th\u00e9\u00e2tre de Milos, Municipalit\u00e9 de Milos, <\/span><\/strong><strong><span style=\"font-family: Calibri, sans-serif;\">Arpents d\u2019Art, Le Petit Morier, Centre Sociale la Rabi\u00e8re, Grange Babel.<\/span><\/strong><\/span><\/p>\n<p>&nbsp;<\/p>\n<p><img data-recalc-dims=\"1\" loading=\"lazy\" decoding=\"async\" class=\"alignnone size-large wp-image-4409\" src=\"https:\/\/i0.wp.com\/omnivion.net\/core\/wp-content\/uploads\/2022\/01\/Capture-du-2022-01-05-11-28-14-1024x372.png?resize=800%2C291\" alt=\"\" width=\"800\" height=\"291\" srcset=\"https:\/\/i0.wp.com\/omnivion.net\/core\/wp-content\/uploads\/2022\/01\/Capture-du-2022-01-05-11-28-14.png?resize=1024%2C372&amp;ssl=1 1024w, https:\/\/i0.wp.com\/omnivion.net\/core\/wp-content\/uploads\/2022\/01\/Capture-du-2022-01-05-11-28-14.png?resize=300%2C109&amp;ssl=1 300w, https:\/\/i0.wp.com\/omnivion.net\/core\/wp-content\/uploads\/2022\/01\/Capture-du-2022-01-05-11-28-14.png?resize=768%2C279&amp;ssl=1 768w, https:\/\/i0.wp.com\/omnivion.net\/core\/wp-content\/uploads\/2022\/01\/Capture-du-2022-01-05-11-28-14.png?w=1291&amp;ssl=1 1291w\" sizes=\"auto, (max-width: 800px) 100vw, 800px\" \/><\/p>\n<p><strong><a href=\"https:\/\/omnivion.net\/core\/fr\/contacts\/reservations\/\">omnivion.net\/core\/fr\/contacts\/reservations<\/a><\/strong><\/p>\n<p>&nbsp;<\/p>","protected":false},"excerpt":{"rendered":"<p>Corps Extatique \/ Newtopia 9.6 Une proposition chor\u00e9graphique autour de l&rsquo;\u00e9tat extatique &nbsp; [&hellip;]<\/p>\n","protected":false},"author":1,"featured_media":0,"parent":3553,"menu_order":0,"comment_status":"closed","ping_status":"closed","template":"","meta":{"jetpack_post_was_ever_published":false,"footnotes":""},"class_list":["post-4072","page","type-page","status-publish","hentry"],"yoast_head":"<!-- This site is optimized with the Yoast SEO plugin v27.4 - https:\/\/yoast.com\/product\/yoast-seo-wordpress\/ -->\n<title>Corps Extatique \/ Newtopia 9.6 - omnivion.net<\/title>\n<meta name=\"robots\" content=\"index, follow, max-snippet:-1, max-image-preview:large, max-video-preview:-1\" \/>\n<link rel=\"canonical\" href=\"https:\/\/omnivion.net\/core\/fr\/projets\/projets-artistiques\/newtopia-9\/corpsx-newtopia-9-6\/\" \/>\n<meta property=\"og:locale\" content=\"fr_FR\" \/>\n<meta property=\"og:type\" content=\"article\" \/>\n<meta property=\"og:title\" content=\"Corps Extatique \/ Newtopia 9.6 - omnivion.net\" \/>\n<meta property=\"og:description\" content=\"Corps Extatique \/ Newtopia 9.6 Une proposition chor\u00e9graphique autour de l&rsquo;\u00e9tat extatique &nbsp; [&hellip;]\" \/>\n<meta property=\"og:url\" content=\"https:\/\/omnivion.net\/core\/fr\/projets\/projets-artistiques\/newtopia-9\/corpsx-newtopia-9-6\/\" \/>\n<meta property=\"og:site_name\" content=\"omnivion.net\" \/>\n<meta property=\"article:modified_time\" content=\"2025-06-30T09:57:05+00:00\" \/>\n<meta property=\"og:image\" content=\"http:\/\/omnivion.net\/core\/wp-content\/uploads\/2021\/05\/DURET-Bernard-92_mod_web-1.jpg\" \/>\n<meta name=\"twitter:card\" content=\"summary_large_image\" \/>\n<meta name=\"twitter:label1\" content=\"Dur\u00e9e de lecture estim\u00e9e\" \/>\n\t<meta name=\"twitter:data1\" content=\"6 minutes\" \/>\n<script type=\"application\/ld+json\" class=\"yoast-schema-graph\">{\"@context\":\"https:\\\/\\\/schema.org\",\"@graph\":[{\"@type\":\"WebPage\",\"@id\":\"https:\\\/\\\/omnivion.net\\\/core\\\/fr\\\/projets\\\/projets-artistiques\\\/newtopia-9\\\/corpsx-newtopia-9-6\\\/\",\"url\":\"https:\\\/\\\/omnivion.net\\\/core\\\/fr\\\/projets\\\/projets-artistiques\\\/newtopia-9\\\/corpsx-newtopia-9-6\\\/\",\"name\":\"Corps Extatique \\\/ Newtopia 9.6 - omnivion.net\",\"isPartOf\":{\"@id\":\"https:\\\/\\\/omnivion.net\\\/core\\\/fr\\\/#website\"},\"primaryImageOfPage\":{\"@id\":\"https:\\\/\\\/omnivion.net\\\/core\\\/fr\\\/projets\\\/projets-artistiques\\\/newtopia-9\\\/corpsx-newtopia-9-6\\\/#primaryimage\"},\"image\":{\"@id\":\"https:\\\/\\\/omnivion.net\\\/core\\\/fr\\\/projets\\\/projets-artistiques\\\/newtopia-9\\\/corpsx-newtopia-9-6\\\/#primaryimage\"},\"thumbnailUrl\":\"http:\\\/\\\/omnivion.net\\\/core\\\/wp-content\\\/uploads\\\/2021\\\/05\\\/DURET-Bernard-92_mod_web-1.jpg\",\"datePublished\":\"2021-05-28T22:00:45+00:00\",\"dateModified\":\"2025-06-30T09:57:05+00:00\",\"breadcrumb\":{\"@id\":\"https:\\\/\\\/omnivion.net\\\/core\\\/fr\\\/projets\\\/projets-artistiques\\\/newtopia-9\\\/corpsx-newtopia-9-6\\\/#breadcrumb\"},\"inLanguage\":\"fr-FR\",\"potentialAction\":[{\"@type\":\"ReadAction\",\"target\":[\"https:\\\/\\\/omnivion.net\\\/core\\\/fr\\\/projets\\\/projets-artistiques\\\/newtopia-9\\\/corpsx-newtopia-9-6\\\/\"]}]},{\"@type\":\"ImageObject\",\"inLanguage\":\"fr-FR\",\"@id\":\"https:\\\/\\\/omnivion.net\\\/core\\\/fr\\\/projets\\\/projets-artistiques\\\/newtopia-9\\\/corpsx-newtopia-9-6\\\/#primaryimage\",\"url\":\"http:\\\/\\\/omnivion.net\\\/core\\\/wp-content\\\/uploads\\\/2021\\\/05\\\/DURET-Bernard-92_mod_web-1.jpg\",\"contentUrl\":\"http:\\\/\\\/omnivion.net\\\/core\\\/wp-content\\\/uploads\\\/2021\\\/05\\\/DURET-Bernard-92_mod_web-1.jpg\"},{\"@type\":\"BreadcrumbList\",\"@id\":\"https:\\\/\\\/omnivion.net\\\/core\\\/fr\\\/projets\\\/projets-artistiques\\\/newtopia-9\\\/corpsx-newtopia-9-6\\\/#breadcrumb\",\"itemListElement\":[{\"@type\":\"ListItem\",\"position\":1,\"name\":\"Accueil\",\"item\":\"https:\\\/\\\/omnivion.net\\\/core\\\/en\\\/silverstorm\\\/\"},{\"@type\":\"ListItem\",\"position\":2,\"name\":\"Projets\",\"item\":\"https:\\\/\\\/omnivion.net\\\/core\\\/fr\\\/projets\\\/\"},{\"@type\":\"ListItem\",\"position\":3,\"name\":\"Projets Artistiques\",\"item\":\"https:\\\/\\\/omnivion.net\\\/core\\\/projets\\\/projets-artistiques\\\/\"},{\"@type\":\"ListItem\",\"position\":4,\"name\":\"Corps extatique &#8211; Newtopia 9\",\"item\":\"https:\\\/\\\/omnivion.net\\\/core\\\/projets\\\/projets-artistiques\\\/newtopia-9\\\/\"},{\"@type\":\"ListItem\",\"position\":5,\"name\":\"Corps Extatique \\\/ Newtopia 9.6\"}]},{\"@type\":\"WebSite\",\"@id\":\"https:\\\/\\\/omnivion.net\\\/core\\\/fr\\\/#website\",\"url\":\"https:\\\/\\\/omnivion.net\\\/core\\\/fr\\\/\",\"name\":\"omnivion.net\",\"description\":\"...ARTS D&#039;\u00caTRE CORPS...\",\"potentialAction\":[{\"@type\":\"SearchAction\",\"target\":{\"@type\":\"EntryPoint\",\"urlTemplate\":\"https:\\\/\\\/omnivion.net\\\/core\\\/fr\\\/?s={search_term_string}\"},\"query-input\":{\"@type\":\"PropertyValueSpecification\",\"valueRequired\":true,\"valueName\":\"search_term_string\"}}],\"inLanguage\":\"fr-FR\"}]}<\/script>\n<!-- \/ Yoast SEO plugin. -->","yoast_head_json":{"title":"Corps Extatique \/ Newtopia 9.6 - omnivion.net","robots":{"index":"index","follow":"follow","max-snippet":"max-snippet:-1","max-image-preview":"max-image-preview:large","max-video-preview":"max-video-preview:-1"},"canonical":"https:\/\/omnivion.net\/core\/fr\/projets\/projets-artistiques\/newtopia-9\/corpsx-newtopia-9-6\/","og_locale":"fr_FR","og_type":"article","og_title":"Corps Extatique \/ Newtopia 9.6 - omnivion.net","og_description":"Corps Extatique \/ Newtopia 9.6 Une proposition chor\u00e9graphique autour de l&rsquo;\u00e9tat extatique &nbsp; [&hellip;]","og_url":"https:\/\/omnivion.net\/core\/fr\/projets\/projets-artistiques\/newtopia-9\/corpsx-newtopia-9-6\/","og_site_name":"omnivion.net","article_modified_time":"2025-06-30T09:57:05+00:00","og_image":[{"url":"http:\/\/omnivion.net\/core\/wp-content\/uploads\/2021\/05\/DURET-Bernard-92_mod_web-1.jpg","type":"","width":"","height":""}],"twitter_card":"summary_large_image","twitter_misc":{"Dur\u00e9e de lecture estim\u00e9e":"6 minutes"},"schema":{"@context":"https:\/\/schema.org","@graph":[{"@type":"WebPage","@id":"https:\/\/omnivion.net\/core\/fr\/projets\/projets-artistiques\/newtopia-9\/corpsx-newtopia-9-6\/","url":"https:\/\/omnivion.net\/core\/fr\/projets\/projets-artistiques\/newtopia-9\/corpsx-newtopia-9-6\/","name":"Corps Extatique \/ Newtopia 9.6 - omnivion.net","isPartOf":{"@id":"https:\/\/omnivion.net\/core\/fr\/#website"},"primaryImageOfPage":{"@id":"https:\/\/omnivion.net\/core\/fr\/projets\/projets-artistiques\/newtopia-9\/corpsx-newtopia-9-6\/#primaryimage"},"image":{"@id":"https:\/\/omnivion.net\/core\/fr\/projets\/projets-artistiques\/newtopia-9\/corpsx-newtopia-9-6\/#primaryimage"},"thumbnailUrl":"http:\/\/omnivion.net\/core\/wp-content\/uploads\/2021\/05\/DURET-Bernard-92_mod_web-1.jpg","datePublished":"2021-05-28T22:00:45+00:00","dateModified":"2025-06-30T09:57:05+00:00","breadcrumb":{"@id":"https:\/\/omnivion.net\/core\/fr\/projets\/projets-artistiques\/newtopia-9\/corpsx-newtopia-9-6\/#breadcrumb"},"inLanguage":"fr-FR","potentialAction":[{"@type":"ReadAction","target":["https:\/\/omnivion.net\/core\/fr\/projets\/projets-artistiques\/newtopia-9\/corpsx-newtopia-9-6\/"]}]},{"@type":"ImageObject","inLanguage":"fr-FR","@id":"https:\/\/omnivion.net\/core\/fr\/projets\/projets-artistiques\/newtopia-9\/corpsx-newtopia-9-6\/#primaryimage","url":"http:\/\/omnivion.net\/core\/wp-content\/uploads\/2021\/05\/DURET-Bernard-92_mod_web-1.jpg","contentUrl":"http:\/\/omnivion.net\/core\/wp-content\/uploads\/2021\/05\/DURET-Bernard-92_mod_web-1.jpg"},{"@type":"BreadcrumbList","@id":"https:\/\/omnivion.net\/core\/fr\/projets\/projets-artistiques\/newtopia-9\/corpsx-newtopia-9-6\/#breadcrumb","itemListElement":[{"@type":"ListItem","position":1,"name":"Accueil","item":"https:\/\/omnivion.net\/core\/en\/silverstorm\/"},{"@type":"ListItem","position":2,"name":"Projets","item":"https:\/\/omnivion.net\/core\/fr\/projets\/"},{"@type":"ListItem","position":3,"name":"Projets Artistiques","item":"https:\/\/omnivion.net\/core\/projets\/projets-artistiques\/"},{"@type":"ListItem","position":4,"name":"Corps extatique &#8211; Newtopia 9","item":"https:\/\/omnivion.net\/core\/projets\/projets-artistiques\/newtopia-9\/"},{"@type":"ListItem","position":5,"name":"Corps Extatique \/ Newtopia 9.6"}]},{"@type":"WebSite","@id":"https:\/\/omnivion.net\/core\/fr\/#website","url":"https:\/\/omnivion.net\/core\/fr\/","name":"omnivion.net","description":"...ARTS D&#039;\u00caTRE CORPS...","potentialAction":[{"@type":"SearchAction","target":{"@type":"EntryPoint","urlTemplate":"https:\/\/omnivion.net\/core\/fr\/?s={search_term_string}"},"query-input":{"@type":"PropertyValueSpecification","valueRequired":true,"valueName":"search_term_string"}}],"inLanguage":"fr-FR"}]}},"jetpack_sharing_enabled":true,"jetpack_shortlink":"https:\/\/wp.me\/P2fe7Q-13G","jetpack_likes_enabled":true,"_links":{"self":[{"href":"https:\/\/omnivion.net\/core\/fr\/wp-json\/wp\/v2\/pages\/4072","targetHints":{"allow":["GET"]}}],"collection":[{"href":"https:\/\/omnivion.net\/core\/fr\/wp-json\/wp\/v2\/pages"}],"about":[{"href":"https:\/\/omnivion.net\/core\/fr\/wp-json\/wp\/v2\/types\/page"}],"author":[{"embeddable":true,"href":"https:\/\/omnivion.net\/core\/fr\/wp-json\/wp\/v2\/users\/1"}],"replies":[{"embeddable":true,"href":"https:\/\/omnivion.net\/core\/fr\/wp-json\/wp\/v2\/comments?post=4072"}],"version-history":[{"count":49,"href":"https:\/\/omnivion.net\/core\/fr\/wp-json\/wp\/v2\/pages\/4072\/revisions"}],"predecessor-version":[{"id":5620,"href":"https:\/\/omnivion.net\/core\/fr\/wp-json\/wp\/v2\/pages\/4072\/revisions\/5620"}],"up":[{"embeddable":true,"href":"https:\/\/omnivion.net\/core\/fr\/wp-json\/wp\/v2\/pages\/3553"}],"wp:attachment":[{"href":"https:\/\/omnivion.net\/core\/fr\/wp-json\/wp\/v2\/media?parent=4072"}],"curies":[{"name":"wp","href":"https:\/\/api.w.org\/{rel}","templated":true}]}}