{"id":4011,"date":"2021-03-04T22:39:46","date_gmt":"2021-03-04T21:39:46","guid":{"rendered":"http:\/\/omnivion.net\/core\/?page_id=4011"},"modified":"2022-05-30T22:51:54","modified_gmt":"2022-05-30T21:51:54","slug":"les-inconnu-e-s-corps-extatiques","status":"publish","type":"page","link":"https:\/\/omnivion.net\/core\/fr\/projets\/projets-artistiques\/newtopia-9\/les-inconnu-e-s-corps-extatiques\/","title":{"rendered":"Les Inconnu.e.s \/ Corps extatiques"},"content":{"rendered":"<p><\/p>\n<div>\n<div id=\"attachment_4012\" style=\"width: 810px\" class=\"wp-caption alignnone\"><img data-recalc-dims=\"1\" loading=\"lazy\" decoding=\"async\" aria-describedby=\"caption-attachment-4012\" class=\"wp-image-4012\" src=\"https:\/\/i0.wp.com\/omnivion.net\/core\/wp-content\/uploads\/2021\/03\/DSC07490-copy.jpg?resize=800%2C457\" alt=\"\" width=\"800\" height=\"457\" srcset=\"https:\/\/i0.wp.com\/omnivion.net\/core\/wp-content\/uploads\/2021\/03\/DSC07490-copy.jpg?w=1000&amp;ssl=1 1000w, https:\/\/i0.wp.com\/omnivion.net\/core\/wp-content\/uploads\/2021\/03\/DSC07490-copy.jpg?resize=300%2C171&amp;ssl=1 300w, https:\/\/i0.wp.com\/omnivion.net\/core\/wp-content\/uploads\/2021\/03\/DSC07490-copy.jpg?resize=768%2C439&amp;ssl=1 768w\" sizes=\"auto, (max-width: 800px) 100vw, 800px\" \/><p id=\"caption-attachment-4012\" class=\"wp-caption-text\">Photo by Anthony Le Guen<\/p><\/div>\n<p>&nbsp;<\/p>\n<\/div>\n<h2>Les Inconnu.e.s \/ Newtopia 9.2<\/h2>\n<div><\/div>\n<div>Deuxi\u00e8me transe de l&rsquo;ann\u00e9e 2021 avec la m\u00eame th\u00e9matique : le corps extatique dans des contextes divers.<\/div>\n<div><strong>Est-ce qu&rsquo;un \u00eatre-corps-humain dans des \u00e9tats \u00ab\u00a0extra-quotidiens\u00a0\u00bb peut apporter des nouveaux souffles \u00e0 cette nouvelle d\u00e9cennie semi-asphyxi\u00e9e?<\/strong><\/div>\n<div>Performance chor\u00e9graphique avec des masques. Comme dans les traditions africaines, asiatiques et autres, l&rsquo;individu dispara\u00eet pour laisser la place \u00e0 l&rsquo;Autre; une place pour appara\u00eetre et communiquer de mouvements in\u00e9dits.<\/div>\n<div>L&rsquo;\u00e9quipe d&rsquo;Omnivion et des ami.e.s invit\u00e9.e.s \u00e9taient \u00e9parpill\u00e9s autour du march\u00e9 pour respecter les distances&#8230;anti-covid!<\/div>\n<div>Un \u00e9v\u00e9nement solidaire en r\u00e9sonance avec les manifestation du monde de la culture, une c\u00e9l\u00e9bration du vivant!<\/div>\n<div><\/div>\n<div><strong>Interpr\u00e8tes<\/strong> : Bartel Bruynseels, Aur\u00e9lie Brunnet, Christine Causera, Dominique Chanteloup, Claire Guillaume,\u00a0Julien Nicola\u00ef, Rosa Pire de Matos, Bruno Morin,\u00a0Beno\u00eet Pradier, Yvan Pousset, Dimitri Tsiapkinis.<\/div>\n<div><\/div>\n<div>DATES :<\/div>\n<div><\/div>\n<div>\n<p><strong>\u2013 28 mars 2021 : <a href=\"https:\/\/omnivion.net\/core\/fr\/projets\/projets-artistiques\/newtopia-9\/les-inconnu-e-s-corps-extatiques\/\">Les Inconnu.e.s \/ Newtopia 9.2<\/a>, \u00e0 la Place Paul Bert, Tours (37000)<\/strong><\/p>\n<p><strong>\u2013 6 f\u00e9vrier 2021 : <a href=\"https:\/\/omnivion.net\/core\/fr\/projets\/projets-artistiques\/newtopia-9\/les-inconnu-e-s-corps-extatiques\/\">Les Inconnu.e.s \/ Newtopia 9.2<\/a>, au march\u00e9 Beaujardin, Tours (37000)<\/strong><\/p>\n<p><strong>\u2013 31 janvier 2021 : <a href=\"https:\/\/omnivion.net\/core\/fr\/projets\/projets-artistiques\/newtopia-9\/les-inconnu-e-s-corps-extatiques\/\">Les Inconnu.e.s \/ Newtopia 9.2<\/a>, au march\u00e9 V\u00e9lpeau, Tours (37000)<\/strong><\/p>\n<p>&nbsp;<\/p>\n<\/div>\n<p><\/p>","protected":false},"excerpt":{"rendered":"<p>&nbsp; Les Inconnu.e.s \/ Newtopia 9.2 Deuxi\u00e8me transe de l&rsquo;ann\u00e9e 2021 avec la [&hellip;]<\/p>\n","protected":false},"author":1,"featured_media":0,"parent":3553,"menu_order":0,"comment_status":"closed","ping_status":"closed","template":"","meta":{"jetpack_post_was_ever_published":false,"footnotes":""},"class_list":["post-4011","page","type-page","status-publish","hentry"],"yoast_head":"<!-- This site is optimized with the Yoast SEO plugin v26.8 - https:\/\/yoast.com\/product\/yoast-seo-wordpress\/ -->\n<title>Les Inconnu.e.s \/ Corps extatiques - omnivion.net<\/title>\n<meta name=\"robots\" content=\"index, follow, max-snippet:-1, max-image-preview:large, max-video-preview:-1\" \/>\n<link rel=\"canonical\" href=\"https:\/\/omnivion.net\/core\/fr\/projets\/projets-artistiques\/newtopia-9\/les-inconnu-e-s-corps-extatiques\/\" \/>\n<meta property=\"og:locale\" content=\"fr_FR\" \/>\n<meta property=\"og:type\" content=\"article\" \/>\n<meta property=\"og:title\" content=\"Les Inconnu.e.s \/ Corps extatiques - omnivion.net\" \/>\n<meta property=\"og:description\" content=\"&nbsp; Les Inconnu.e.s \/ Newtopia 9.2 Deuxi\u00e8me transe de l&rsquo;ann\u00e9e 2021 avec la [&hellip;]\" \/>\n<meta property=\"og:url\" content=\"https:\/\/omnivion.net\/core\/fr\/projets\/projets-artistiques\/newtopia-9\/les-inconnu-e-s-corps-extatiques\/\" \/>\n<meta property=\"og:site_name\" content=\"omnivion.net\" \/>\n<meta property=\"article:modified_time\" content=\"2022-05-30T21:51:54+00:00\" \/>\n<meta property=\"og:image\" content=\"http:\/\/omnivion.net\/core\/wp-content\/uploads\/2021\/03\/DSC07490-copy.jpg\" \/>\n<meta name=\"twitter:card\" content=\"summary_large_image\" \/>\n<meta name=\"twitter:label1\" content=\"Dur\u00e9e de lecture estim\u00e9e\" \/>\n\t<meta name=\"twitter:data1\" content=\"1 minute\" \/>\n<script type=\"application\/ld+json\" class=\"yoast-schema-graph\">{\"@context\":\"https:\/\/schema.org\",\"@graph\":[{\"@type\":\"WebPage\",\"@id\":\"https:\/\/omnivion.net\/core\/fr\/projets\/projets-artistiques\/newtopia-9\/les-inconnu-e-s-corps-extatiques\/\",\"url\":\"https:\/\/omnivion.net\/core\/fr\/projets\/projets-artistiques\/newtopia-9\/les-inconnu-e-s-corps-extatiques\/\",\"name\":\"Les Inconnu.e.s \/ Corps extatiques - omnivion.net\",\"isPartOf\":{\"@id\":\"https:\/\/omnivion.net\/core\/fr\/#website\"},\"primaryImageOfPage\":{\"@id\":\"https:\/\/omnivion.net\/core\/fr\/projets\/projets-artistiques\/newtopia-9\/les-inconnu-e-s-corps-extatiques\/#primaryimage\"},\"image\":{\"@id\":\"https:\/\/omnivion.net\/core\/fr\/projets\/projets-artistiques\/newtopia-9\/les-inconnu-e-s-corps-extatiques\/#primaryimage\"},\"thumbnailUrl\":\"http:\/\/omnivion.net\/core\/wp-content\/uploads\/2021\/03\/DSC07490-copy.jpg\",\"datePublished\":\"2021-03-04T21:39:46+00:00\",\"dateModified\":\"2022-05-30T21:51:54+00:00\",\"breadcrumb\":{\"@id\":\"https:\/\/omnivion.net\/core\/fr\/projets\/projets-artistiques\/newtopia-9\/les-inconnu-e-s-corps-extatiques\/#breadcrumb\"},\"inLanguage\":\"fr-FR\",\"potentialAction\":[{\"@type\":\"ReadAction\",\"target\":[\"https:\/\/omnivion.net\/core\/fr\/projets\/projets-artistiques\/newtopia-9\/les-inconnu-e-s-corps-extatiques\/\"]}]},{\"@type\":\"ImageObject\",\"inLanguage\":\"fr-FR\",\"@id\":\"https:\/\/omnivion.net\/core\/fr\/projets\/projets-artistiques\/newtopia-9\/les-inconnu-e-s-corps-extatiques\/#primaryimage\",\"url\":\"http:\/\/omnivion.net\/core\/wp-content\/uploads\/2021\/03\/DSC07490-copy.jpg\",\"contentUrl\":\"http:\/\/omnivion.net\/core\/wp-content\/uploads\/2021\/03\/DSC07490-copy.jpg\"},{\"@type\":\"BreadcrumbList\",\"@id\":\"https:\/\/omnivion.net\/core\/fr\/projets\/projets-artistiques\/newtopia-9\/les-inconnu-e-s-corps-extatiques\/#breadcrumb\",\"itemListElement\":[{\"@type\":\"ListItem\",\"position\":1,\"name\":\"Accueil\",\"item\":\"https:\/\/omnivion.net\/core\/en\/silverstorm\/\"},{\"@type\":\"ListItem\",\"position\":2,\"name\":\"Projets\",\"item\":\"https:\/\/omnivion.net\/core\/fr\/projets\/\"},{\"@type\":\"ListItem\",\"position\":3,\"name\":\"Projets Artistiques\",\"item\":\"https:\/\/omnivion.net\/core\/projets\/projets-artistiques\/\"},{\"@type\":\"ListItem\",\"position\":4,\"name\":\"Corps extatique &#8211; Newtopia 9\",\"item\":\"https:\/\/omnivion.net\/core\/projets\/projets-artistiques\/newtopia-9\/\"},{\"@type\":\"ListItem\",\"position\":5,\"name\":\"Les Inconnu.e.s \/ Corps extatiques\"}]},{\"@type\":\"WebSite\",\"@id\":\"https:\/\/omnivion.net\/core\/fr\/#website\",\"url\":\"https:\/\/omnivion.net\/core\/fr\/\",\"name\":\"omnivion.net\",\"description\":\"...ARTS D&#039;\u00caTRE CORPS...\",\"potentialAction\":[{\"@type\":\"SearchAction\",\"target\":{\"@type\":\"EntryPoint\",\"urlTemplate\":\"https:\/\/omnivion.net\/core\/fr\/?s={search_term_string}\"},\"query-input\":{\"@type\":\"PropertyValueSpecification\",\"valueRequired\":true,\"valueName\":\"search_term_string\"}}],\"inLanguage\":\"fr-FR\"}]}<\/script>\n<!-- \/ Yoast SEO plugin. -->","yoast_head_json":{"title":"Les Inconnu.e.s \/ Corps extatiques - omnivion.net","robots":{"index":"index","follow":"follow","max-snippet":"max-snippet:-1","max-image-preview":"max-image-preview:large","max-video-preview":"max-video-preview:-1"},"canonical":"https:\/\/omnivion.net\/core\/fr\/projets\/projets-artistiques\/newtopia-9\/les-inconnu-e-s-corps-extatiques\/","og_locale":"fr_FR","og_type":"article","og_title":"Les Inconnu.e.s \/ Corps extatiques - omnivion.net","og_description":"&nbsp; Les Inconnu.e.s \/ Newtopia 9.2 Deuxi\u00e8me transe de l&rsquo;ann\u00e9e 2021 avec la [&hellip;]","og_url":"https:\/\/omnivion.net\/core\/fr\/projets\/projets-artistiques\/newtopia-9\/les-inconnu-e-s-corps-extatiques\/","og_site_name":"omnivion.net","article_modified_time":"2022-05-30T21:51:54+00:00","og_image":[{"url":"http:\/\/omnivion.net\/core\/wp-content\/uploads\/2021\/03\/DSC07490-copy.jpg","type":"","width":"","height":""}],"twitter_card":"summary_large_image","twitter_misc":{"Dur\u00e9e de lecture estim\u00e9e":"1 minute"},"schema":{"@context":"https:\/\/schema.org","@graph":[{"@type":"WebPage","@id":"https:\/\/omnivion.net\/core\/fr\/projets\/projets-artistiques\/newtopia-9\/les-inconnu-e-s-corps-extatiques\/","url":"https:\/\/omnivion.net\/core\/fr\/projets\/projets-artistiques\/newtopia-9\/les-inconnu-e-s-corps-extatiques\/","name":"Les Inconnu.e.s \/ Corps extatiques - omnivion.net","isPartOf":{"@id":"https:\/\/omnivion.net\/core\/fr\/#website"},"primaryImageOfPage":{"@id":"https:\/\/omnivion.net\/core\/fr\/projets\/projets-artistiques\/newtopia-9\/les-inconnu-e-s-corps-extatiques\/#primaryimage"},"image":{"@id":"https:\/\/omnivion.net\/core\/fr\/projets\/projets-artistiques\/newtopia-9\/les-inconnu-e-s-corps-extatiques\/#primaryimage"},"thumbnailUrl":"http:\/\/omnivion.net\/core\/wp-content\/uploads\/2021\/03\/DSC07490-copy.jpg","datePublished":"2021-03-04T21:39:46+00:00","dateModified":"2022-05-30T21:51:54+00:00","breadcrumb":{"@id":"https:\/\/omnivion.net\/core\/fr\/projets\/projets-artistiques\/newtopia-9\/les-inconnu-e-s-corps-extatiques\/#breadcrumb"},"inLanguage":"fr-FR","potentialAction":[{"@type":"ReadAction","target":["https:\/\/omnivion.net\/core\/fr\/projets\/projets-artistiques\/newtopia-9\/les-inconnu-e-s-corps-extatiques\/"]}]},{"@type":"ImageObject","inLanguage":"fr-FR","@id":"https:\/\/omnivion.net\/core\/fr\/projets\/projets-artistiques\/newtopia-9\/les-inconnu-e-s-corps-extatiques\/#primaryimage","url":"http:\/\/omnivion.net\/core\/wp-content\/uploads\/2021\/03\/DSC07490-copy.jpg","contentUrl":"http:\/\/omnivion.net\/core\/wp-content\/uploads\/2021\/03\/DSC07490-copy.jpg"},{"@type":"BreadcrumbList","@id":"https:\/\/omnivion.net\/core\/fr\/projets\/projets-artistiques\/newtopia-9\/les-inconnu-e-s-corps-extatiques\/#breadcrumb","itemListElement":[{"@type":"ListItem","position":1,"name":"Accueil","item":"https:\/\/omnivion.net\/core\/en\/silverstorm\/"},{"@type":"ListItem","position":2,"name":"Projets","item":"https:\/\/omnivion.net\/core\/fr\/projets\/"},{"@type":"ListItem","position":3,"name":"Projets Artistiques","item":"https:\/\/omnivion.net\/core\/projets\/projets-artistiques\/"},{"@type":"ListItem","position":4,"name":"Corps extatique &#8211; Newtopia 9","item":"https:\/\/omnivion.net\/core\/projets\/projets-artistiques\/newtopia-9\/"},{"@type":"ListItem","position":5,"name":"Les Inconnu.e.s \/ Corps extatiques"}]},{"@type":"WebSite","@id":"https:\/\/omnivion.net\/core\/fr\/#website","url":"https:\/\/omnivion.net\/core\/fr\/","name":"omnivion.net","description":"...ARTS D&#039;\u00caTRE CORPS...","potentialAction":[{"@type":"SearchAction","target":{"@type":"EntryPoint","urlTemplate":"https:\/\/omnivion.net\/core\/fr\/?s={search_term_string}"},"query-input":{"@type":"PropertyValueSpecification","valueRequired":true,"valueName":"search_term_string"}}],"inLanguage":"fr-FR"}]}},"jetpack_sharing_enabled":true,"jetpack_shortlink":"https:\/\/wp.me\/P2fe7Q-12H","jetpack_likes_enabled":true,"_links":{"self":[{"href":"https:\/\/omnivion.net\/core\/fr\/wp-json\/wp\/v2\/pages\/4011","targetHints":{"allow":["GET"]}}],"collection":[{"href":"https:\/\/omnivion.net\/core\/fr\/wp-json\/wp\/v2\/pages"}],"about":[{"href":"https:\/\/omnivion.net\/core\/fr\/wp-json\/wp\/v2\/types\/page"}],"author":[{"embeddable":true,"href":"https:\/\/omnivion.net\/core\/fr\/wp-json\/wp\/v2\/users\/1"}],"replies":[{"embeddable":true,"href":"https:\/\/omnivion.net\/core\/fr\/wp-json\/wp\/v2\/comments?post=4011"}],"version-history":[{"count":3,"href":"https:\/\/omnivion.net\/core\/fr\/wp-json\/wp\/v2\/pages\/4011\/revisions"}],"predecessor-version":[{"id":4685,"href":"https:\/\/omnivion.net\/core\/fr\/wp-json\/wp\/v2\/pages\/4011\/revisions\/4685"}],"up":[{"embeddable":true,"href":"https:\/\/omnivion.net\/core\/fr\/wp-json\/wp\/v2\/pages\/3553"}],"wp:attachment":[{"href":"https:\/\/omnivion.net\/core\/fr\/wp-json\/wp\/v2\/media?parent=4011"}],"curies":[{"name":"wp","href":"https:\/\/api.w.org\/{rel}","templated":true}]}}