{"id":3944,"date":"2020-12-31T01:12:54","date_gmt":"2020-12-31T00:12:54","guid":{"rendered":"http:\/\/omnivion.net\/core\/?page_id=3944"},"modified":"2021-01-02T21:03:03","modified_gmt":"2021-01-02T20:03:03","slug":"paian-newtopia-9-1","status":"publish","type":"page","link":"https:\/\/omnivion.net\/core\/fr\/projets\/projets-artistiques\/newtopia-9\/paian-newtopia-9-1\/","title":{"rendered":"Pai\u00e0n (Newtopia 9.1)"},"content":{"rendered":"<p><div id=\"attachment_3957\" style=\"width: 810px\" class=\"wp-caption alignnone\"><a href=\"https:\/\/i0.wp.com\/omnivion.net\/core\/wp-content\/uploads\/2021\/01\/20210101_144305-01_b.jpeg\"><img data-recalc-dims=\"1\" loading=\"lazy\" decoding=\"async\" aria-describedby=\"caption-attachment-3957\" class=\"size-full wp-image-3957\" src=\"https:\/\/i0.wp.com\/omnivion.net\/core\/wp-content\/uploads\/2021\/01\/20210101_144305-01_b.jpeg?resize=800%2C379\" alt=\"\" width=\"800\" height=\"379\" srcset=\"https:\/\/i0.wp.com\/omnivion.net\/core\/wp-content\/uploads\/2021\/01\/20210101_144305-01_b.jpeg?w=800&amp;ssl=1 800w, https:\/\/i0.wp.com\/omnivion.net\/core\/wp-content\/uploads\/2021\/01\/20210101_144305-01_b.jpeg?resize=300%2C142&amp;ssl=1 300w, https:\/\/i0.wp.com\/omnivion.net\/core\/wp-content\/uploads\/2021\/01\/20210101_144305-01_b.jpeg?resize=768%2C364&amp;ssl=1 768w\" sizes=\"auto, (max-width: 800px) 100vw, 800px\" \/><\/a><p id=\"caption-attachment-3957\" class=\"wp-caption-text\">Photo par Katerina Koutlianou et Dimitri Tsiapkinis<\/p><\/div><\/p>\n<p>&nbsp;<\/p>\n<h1><strong>Pai<em>\u00e1<\/em>n <\/strong>(Newtopia 9.1)<\/h1>\n<p>&nbsp;<\/p>\n<p><strong><span style=\"font-size: 14pt;\">Performance chor\u00e9graphique le 1<sup>er<\/sup> janvier 2021, \u00e0 14H00 (15H00 heure locale en Gr\u00e8ce) \u00e0 H\u00e9ptapyrgion, Thessaloniki 546 34.<\/span> <\/strong><\/p>\n<p><strong>ATTENTION\u00a0(!) : <\/strong><strong><u>Toute performance publique \u00e9tant interdite<\/u><\/strong> par souci&#8230; d\u2019hygi\u00e8ne grippale, nous allons tenter une transmission en temps r\u00e9el, avec des outils du web. D\u2019habitude nous promouvons les outils libres et nous boycottons les GAFAM. Malgr\u00e9 tout et exceptionnellement, nous allons r\u00e9aliser cette transmission\u00a0par Facebook live (nos connaissances techniques actuelles ne nous permettent pas encore de le faire autrement).<\/p>\n<p><strong><span style=\"font-size: 18pt;\">Voici le lien de l\u2019\u00e9v\u00e9nement :\u00a0 <\/span><a href=\"https:\/\/fb.me\/e\/1R2bqmPFN\"><span style=\"font-size: 18pt;\">Pai\u00e0n FB Live<\/span><\/a><\/strong><\/p>\n<p><strong>\u03a0\u03b1\u03b9\u03ac\u03bd <\/strong><em>pai\u00e1n<\/em> <a href=\"https:\/\/fr.wiktionary.org\/wiki\/Annexe:Prononciation\/grec_ancien\">\\pa\u035ci.\u02c8an\\<\/a> <em>masculin :<\/em> (nom principal) le docteur des dieux\u00a0; sauveur, r\u00e9dempteur\u00a0; chant choral, ode, hymne. On disait que dieu Apollon soignait avec une seule frappe magique\u2026<\/p>\n<p>Premier \u00e9v\u00e9nement extatique de cette ann\u00e9e, <strong>Pai<em>\u00e1<\/em>n <\/strong>une performance de Dimitri Tsiapkinis en r\u00e9sonance avec plusieurs \u00e9l\u00e9ments qui hantent son parcours chor\u00e9graphique\u00a0: la multiplicit\u00e9 identitaire et culturelle, la danse but\u014d, le corps extatique, le soin par le mouvement sonore ou gestuel, les danses clandestines, la mythologie&#8230; Il a \u00e9t\u00e9 cr\u00e9\u00e9 dans le contexte de <strong>Corps extatiques \/<\/strong> <strong>Newtopia 9<\/strong>, une s\u00e9rie d\u2019exp\u00e9riences artistiques singuli\u00e8res en lien avec la sant\u00e9 psychique qui puisent leur th\u00e9matique dans les ph\u00e9nom\u00e8nes de transe et dans l\u2019inconscient.<\/p>\n<p>&nbsp;<\/p>\n<p><strong>Note d\u2019intention\u00a0:<\/strong><\/p>\n<p>Une exp\u00e9rience du mouvement dans\u00e9 brut, semi-hypnotique, contextualis\u00e9 par l\u2019architecture du lieu choisi\u00a0: des murailles byzantines et ottomanes \u00e0 <em>H\u00e9ptapyrgion<\/em> (<em>Porte aux sept tours\u00a0; Y\u00e9di &#8211; Coul\u00e9<\/em>\u00a0en turc), \u00e0 Thessalonique, Mac\u00e9doine centrale, Gr\u00e8ce. Danser au pied de symboles de protection imp\u00e9riale, de murs qui s\u00e9parent de l\u2019ennemi, de l\u2019alt\u00e9rit\u00e9 qui annihile les acquis, les modes de vie, les ressources\u2026 Danser en vague souvenir de faits historiques des empires monoth\u00e9istes qui ont marqu\u00e9 l\u2019histoire du monde occidental par leur verticalit\u00e9, leur d\u00e9terminisme, leur cruaut\u00e9. <em>On ne peut qu\u2019imaginer notre origine<\/em>, disait Bernardo Montet. L\u2019histoire nous d\u00e9passe. Il nous reste sa r\u00e9invention, \u00e0 travers l\u2019art, la philosophie, la spiritualit\u00e9, \u00e0 travers nos complexit\u00e9s individuelles.<\/p>\n<p>Nous sommes dans un processus de m\u00e9tamorphose constant. Nous traversons les \u00e2ges, les empires, les cultures et nous changeons de visage. Mais dans quels sens\u00a0?<\/p>\n<p><em>\u00ab\u00a0Dans une m\u00e9tamorphose, la puissance qui nous traverse et nous transforme n\u2019est en rien un acte conscient et personnel de volont\u00e9. Elle vient d\u2019ailleurs, est plus ancienne que le corps qu\u2019elle fa\u00e7onne et op\u00e8re au-del\u00e0 de toute d\u00e9cision. Et surtout, il n\u2019y a aucun mouvement de refoulement ou de n\u00e9gation d\u2019un pass\u00e9 ou d\u2019une identit\u00e9. <strong>Un \u00eatre m\u00e9tamorphique est, au contraire, un \u00eatre qui a d\u00e9pos\u00e9 toute ambition \u00e0 vouloir se reconnaitre dans un seul visage<\/strong>.\u00a0\u00bb<\/em> (Extrait de <em>M\u00e9tamorphoses<\/em>, par Emmanuel Coccia, p. 66)<\/p>\n<p><strong>Conception \/ performance :<\/strong> Dimitri Tsiapkinis<br \/>\n<strong>Dur\u00e9e<\/strong> : ~ 30min<\/p>\n<p>&nbsp;<\/p>\n<p>\/\/\/\/\/\/\/\/\/\/\/\/\/\/\/\/\/\/\/\/\/\/\/\/\/\/\/\/\/\/\/\/\/\/\/\/\/\/\/\/\/\/\/\/\/\/\/\/\/\/\/\/\/\/\/\/\/\/\/\/\/\/\/\/\/\/\/\/\/\/\/\/\/\/\/\/\/\/\/\/\/\/\/\/\/\/\/\/\/\/\/\/\/\/\/\/\/\/\/\/\/\/\/\/\/\/\/\/\/\/\/\/\/\/\/\/<\/p>\n<p><strong>Partenaires et financement\u00a0:<\/strong> DRAC et ARS Centre, CHU de Tours, Ville de Tours, Fonds de dotation Transept37\/Arpents d\u2019Art, Centre Social la Rabi\u00e8re.<\/p>\n<p>\/\/\/\/\/\/\/\/\/\/\/\/\/\/\/\/\/\/\/\/\/\/\/\/\/\/\/\/\/\/\/\/\/\/\/\/\/\/\/\/\/\/\/\/\/\/\/\/\/\/\/\/\/\/\/\/\/\/\/\/\/\/\/\/\/\/\/\/\/\/\/\/\/\/\/\/\/\/\/\/\/\/\/\/\/<strong><br \/>\nACCESSIBILIT\u00c9<\/strong><strong> :<br \/>\n<\/strong><\/p>\n<p>\/\/\/\/\/\/\/\/\/\/\/\/\/\/\/\/\/\/\/\/\/\/\/\/\/\/\/\/\/\/\/\/\/\/\/\/\/\/\/\/\/\/\/\/\/\/\/\/\/\/\/\/\/\/\/\/\/\/\/\/\/\/\/\/\/\/\/\/\/\/\/\/\/\/\/\/\/\/\/\/\/\/\/\/\/\/\/\/\/\/\/\/\/\/\/<\/p>","protected":false},"excerpt":{"rendered":"<p>&nbsp; Pai\u00e1n (Newtopia 9.1) &nbsp; Performance chor\u00e9graphique le 1er janvier 2021, \u00e0 14H00 [&hellip;]<\/p>\n","protected":false},"author":1,"featured_media":0,"parent":3553,"menu_order":0,"comment_status":"closed","ping_status":"closed","template":"","meta":{"jetpack_post_was_ever_published":false,"footnotes":""},"class_list":["post-3944","page","type-page","status-publish","hentry"],"yoast_head":"<!-- This site is optimized with the Yoast SEO plugin v27.4 - https:\/\/yoast.com\/product\/yoast-seo-wordpress\/ -->\n<title>Pai\u00e0n (Newtopia 9.1) - omnivion.net<\/title>\n<meta name=\"robots\" content=\"index, follow, max-snippet:-1, max-image-preview:large, max-video-preview:-1\" \/>\n<link rel=\"canonical\" href=\"https:\/\/omnivion.net\/core\/fr\/projets\/projets-artistiques\/newtopia-9\/paian-newtopia-9-1\/\" \/>\n<meta property=\"og:locale\" content=\"fr_FR\" \/>\n<meta property=\"og:type\" content=\"article\" \/>\n<meta property=\"og:title\" content=\"Pai\u00e0n (Newtopia 9.1) - omnivion.net\" \/>\n<meta property=\"og:description\" content=\"&nbsp; Pai\u00e1n (Newtopia 9.1) &nbsp; Performance chor\u00e9graphique le 1er janvier 2021, \u00e0 14H00 [&hellip;]\" \/>\n<meta property=\"og:url\" content=\"https:\/\/omnivion.net\/core\/fr\/projets\/projets-artistiques\/newtopia-9\/paian-newtopia-9-1\/\" \/>\n<meta property=\"og:site_name\" content=\"omnivion.net\" \/>\n<meta property=\"article:modified_time\" content=\"2021-01-02T20:03:03+00:00\" \/>\n<meta property=\"og:image\" content=\"http:\/\/omnivion.net\/core\/wp-content\/uploads\/2021\/01\/20210101_144305-01_b.jpeg\" \/>\n<meta name=\"twitter:card\" content=\"summary_large_image\" \/>\n<meta name=\"twitter:label1\" content=\"Dur\u00e9e de lecture estim\u00e9e\" \/>\n\t<meta name=\"twitter:data1\" content=\"5 minutes\" \/>\n<script type=\"application\/ld+json\" class=\"yoast-schema-graph\">{\"@context\":\"https:\\\/\\\/schema.org\",\"@graph\":[{\"@type\":\"WebPage\",\"@id\":\"https:\\\/\\\/omnivion.net\\\/core\\\/fr\\\/projets\\\/projets-artistiques\\\/newtopia-9\\\/paian-newtopia-9-1\\\/\",\"url\":\"https:\\\/\\\/omnivion.net\\\/core\\\/fr\\\/projets\\\/projets-artistiques\\\/newtopia-9\\\/paian-newtopia-9-1\\\/\",\"name\":\"Pai\u00e0n (Newtopia 9.1) - omnivion.net\",\"isPartOf\":{\"@id\":\"https:\\\/\\\/omnivion.net\\\/core\\\/fr\\\/#website\"},\"primaryImageOfPage\":{\"@id\":\"https:\\\/\\\/omnivion.net\\\/core\\\/fr\\\/projets\\\/projets-artistiques\\\/newtopia-9\\\/paian-newtopia-9-1\\\/#primaryimage\"},\"image\":{\"@id\":\"https:\\\/\\\/omnivion.net\\\/core\\\/fr\\\/projets\\\/projets-artistiques\\\/newtopia-9\\\/paian-newtopia-9-1\\\/#primaryimage\"},\"thumbnailUrl\":\"http:\\\/\\\/omnivion.net\\\/core\\\/wp-content\\\/uploads\\\/2021\\\/01\\\/20210101_144305-01_b.jpeg\",\"datePublished\":\"2020-12-31T00:12:54+00:00\",\"dateModified\":\"2021-01-02T20:03:03+00:00\",\"breadcrumb\":{\"@id\":\"https:\\\/\\\/omnivion.net\\\/core\\\/fr\\\/projets\\\/projets-artistiques\\\/newtopia-9\\\/paian-newtopia-9-1\\\/#breadcrumb\"},\"inLanguage\":\"fr-FR\",\"potentialAction\":[{\"@type\":\"ReadAction\",\"target\":[\"https:\\\/\\\/omnivion.net\\\/core\\\/fr\\\/projets\\\/projets-artistiques\\\/newtopia-9\\\/paian-newtopia-9-1\\\/\"]}]},{\"@type\":\"ImageObject\",\"inLanguage\":\"fr-FR\",\"@id\":\"https:\\\/\\\/omnivion.net\\\/core\\\/fr\\\/projets\\\/projets-artistiques\\\/newtopia-9\\\/paian-newtopia-9-1\\\/#primaryimage\",\"url\":\"http:\\\/\\\/omnivion.net\\\/core\\\/wp-content\\\/uploads\\\/2021\\\/01\\\/20210101_144305-01_b.jpeg\",\"contentUrl\":\"http:\\\/\\\/omnivion.net\\\/core\\\/wp-content\\\/uploads\\\/2021\\\/01\\\/20210101_144305-01_b.jpeg\"},{\"@type\":\"BreadcrumbList\",\"@id\":\"https:\\\/\\\/omnivion.net\\\/core\\\/fr\\\/projets\\\/projets-artistiques\\\/newtopia-9\\\/paian-newtopia-9-1\\\/#breadcrumb\",\"itemListElement\":[{\"@type\":\"ListItem\",\"position\":1,\"name\":\"Accueil\",\"item\":\"https:\\\/\\\/omnivion.net\\\/core\\\/en\\\/silverstorm\\\/\"},{\"@type\":\"ListItem\",\"position\":2,\"name\":\"Projets\",\"item\":\"https:\\\/\\\/omnivion.net\\\/core\\\/fr\\\/projets\\\/\"},{\"@type\":\"ListItem\",\"position\":3,\"name\":\"Projets Artistiques\",\"item\":\"https:\\\/\\\/omnivion.net\\\/core\\\/projets\\\/projets-artistiques\\\/\"},{\"@type\":\"ListItem\",\"position\":4,\"name\":\"Corps extatique &#8211; Newtopia 9\",\"item\":\"https:\\\/\\\/omnivion.net\\\/core\\\/projets\\\/projets-artistiques\\\/newtopia-9\\\/\"},{\"@type\":\"ListItem\",\"position\":5,\"name\":\"Pai\u00e0n (Newtopia 9.1)\"}]},{\"@type\":\"WebSite\",\"@id\":\"https:\\\/\\\/omnivion.net\\\/core\\\/fr\\\/#website\",\"url\":\"https:\\\/\\\/omnivion.net\\\/core\\\/fr\\\/\",\"name\":\"omnivion.net\",\"description\":\"...ARTS D&#039;\u00caTRE CORPS...\",\"potentialAction\":[{\"@type\":\"SearchAction\",\"target\":{\"@type\":\"EntryPoint\",\"urlTemplate\":\"https:\\\/\\\/omnivion.net\\\/core\\\/fr\\\/?s={search_term_string}\"},\"query-input\":{\"@type\":\"PropertyValueSpecification\",\"valueRequired\":true,\"valueName\":\"search_term_string\"}}],\"inLanguage\":\"fr-FR\"}]}<\/script>\n<!-- \/ Yoast SEO plugin. -->","yoast_head_json":{"title":"Pai\u00e0n (Newtopia 9.1) - omnivion.net","robots":{"index":"index","follow":"follow","max-snippet":"max-snippet:-1","max-image-preview":"max-image-preview:large","max-video-preview":"max-video-preview:-1"},"canonical":"https:\/\/omnivion.net\/core\/fr\/projets\/projets-artistiques\/newtopia-9\/paian-newtopia-9-1\/","og_locale":"fr_FR","og_type":"article","og_title":"Pai\u00e0n (Newtopia 9.1) - omnivion.net","og_description":"&nbsp; Pai\u00e1n (Newtopia 9.1) &nbsp; Performance chor\u00e9graphique le 1er janvier 2021, \u00e0 14H00 [&hellip;]","og_url":"https:\/\/omnivion.net\/core\/fr\/projets\/projets-artistiques\/newtopia-9\/paian-newtopia-9-1\/","og_site_name":"omnivion.net","article_modified_time":"2021-01-02T20:03:03+00:00","og_image":[{"url":"http:\/\/omnivion.net\/core\/wp-content\/uploads\/2021\/01\/20210101_144305-01_b.jpeg","type":"","width":"","height":""}],"twitter_card":"summary_large_image","twitter_misc":{"Dur\u00e9e de lecture estim\u00e9e":"5 minutes"},"schema":{"@context":"https:\/\/schema.org","@graph":[{"@type":"WebPage","@id":"https:\/\/omnivion.net\/core\/fr\/projets\/projets-artistiques\/newtopia-9\/paian-newtopia-9-1\/","url":"https:\/\/omnivion.net\/core\/fr\/projets\/projets-artistiques\/newtopia-9\/paian-newtopia-9-1\/","name":"Pai\u00e0n (Newtopia 9.1) - omnivion.net","isPartOf":{"@id":"https:\/\/omnivion.net\/core\/fr\/#website"},"primaryImageOfPage":{"@id":"https:\/\/omnivion.net\/core\/fr\/projets\/projets-artistiques\/newtopia-9\/paian-newtopia-9-1\/#primaryimage"},"image":{"@id":"https:\/\/omnivion.net\/core\/fr\/projets\/projets-artistiques\/newtopia-9\/paian-newtopia-9-1\/#primaryimage"},"thumbnailUrl":"http:\/\/omnivion.net\/core\/wp-content\/uploads\/2021\/01\/20210101_144305-01_b.jpeg","datePublished":"2020-12-31T00:12:54+00:00","dateModified":"2021-01-02T20:03:03+00:00","breadcrumb":{"@id":"https:\/\/omnivion.net\/core\/fr\/projets\/projets-artistiques\/newtopia-9\/paian-newtopia-9-1\/#breadcrumb"},"inLanguage":"fr-FR","potentialAction":[{"@type":"ReadAction","target":["https:\/\/omnivion.net\/core\/fr\/projets\/projets-artistiques\/newtopia-9\/paian-newtopia-9-1\/"]}]},{"@type":"ImageObject","inLanguage":"fr-FR","@id":"https:\/\/omnivion.net\/core\/fr\/projets\/projets-artistiques\/newtopia-9\/paian-newtopia-9-1\/#primaryimage","url":"http:\/\/omnivion.net\/core\/wp-content\/uploads\/2021\/01\/20210101_144305-01_b.jpeg","contentUrl":"http:\/\/omnivion.net\/core\/wp-content\/uploads\/2021\/01\/20210101_144305-01_b.jpeg"},{"@type":"BreadcrumbList","@id":"https:\/\/omnivion.net\/core\/fr\/projets\/projets-artistiques\/newtopia-9\/paian-newtopia-9-1\/#breadcrumb","itemListElement":[{"@type":"ListItem","position":1,"name":"Accueil","item":"https:\/\/omnivion.net\/core\/en\/silverstorm\/"},{"@type":"ListItem","position":2,"name":"Projets","item":"https:\/\/omnivion.net\/core\/fr\/projets\/"},{"@type":"ListItem","position":3,"name":"Projets Artistiques","item":"https:\/\/omnivion.net\/core\/projets\/projets-artistiques\/"},{"@type":"ListItem","position":4,"name":"Corps extatique &#8211; Newtopia 9","item":"https:\/\/omnivion.net\/core\/projets\/projets-artistiques\/newtopia-9\/"},{"@type":"ListItem","position":5,"name":"Pai\u00e0n (Newtopia 9.1)"}]},{"@type":"WebSite","@id":"https:\/\/omnivion.net\/core\/fr\/#website","url":"https:\/\/omnivion.net\/core\/fr\/","name":"omnivion.net","description":"...ARTS D&#039;\u00caTRE CORPS...","potentialAction":[{"@type":"SearchAction","target":{"@type":"EntryPoint","urlTemplate":"https:\/\/omnivion.net\/core\/fr\/?s={search_term_string}"},"query-input":{"@type":"PropertyValueSpecification","valueRequired":true,"valueName":"search_term_string"}}],"inLanguage":"fr-FR"}]}},"jetpack_sharing_enabled":true,"jetpack_shortlink":"https:\/\/wp.me\/P2fe7Q-11C","jetpack_likes_enabled":true,"_links":{"self":[{"href":"https:\/\/omnivion.net\/core\/fr\/wp-json\/wp\/v2\/pages\/3944","targetHints":{"allow":["GET"]}}],"collection":[{"href":"https:\/\/omnivion.net\/core\/fr\/wp-json\/wp\/v2\/pages"}],"about":[{"href":"https:\/\/omnivion.net\/core\/fr\/wp-json\/wp\/v2\/types\/page"}],"author":[{"embeddable":true,"href":"https:\/\/omnivion.net\/core\/fr\/wp-json\/wp\/v2\/users\/1"}],"replies":[{"embeddable":true,"href":"https:\/\/omnivion.net\/core\/fr\/wp-json\/wp\/v2\/comments?post=3944"}],"version-history":[{"count":4,"href":"https:\/\/omnivion.net\/core\/fr\/wp-json\/wp\/v2\/pages\/3944\/revisions"}],"predecessor-version":[{"id":3958,"href":"https:\/\/omnivion.net\/core\/fr\/wp-json\/wp\/v2\/pages\/3944\/revisions\/3958"}],"up":[{"embeddable":true,"href":"https:\/\/omnivion.net\/core\/fr\/wp-json\/wp\/v2\/pages\/3553"}],"wp:attachment":[{"href":"https:\/\/omnivion.net\/core\/fr\/wp-json\/wp\/v2\/media?parent=3944"}],"curies":[{"name":"wp","href":"https:\/\/api.w.org\/{rel}","templated":true}]}}