{"id":3924,"date":"2020-12-16T13:17:32","date_gmt":"2020-12-16T12:17:32","guid":{"rendered":"http:\/\/omnivion.net\/core\/team\/keely-sigot-copy\/"},"modified":"2023-11-27T23:19:15","modified_gmt":"2023-11-27T22:19:15","slug":"yvan_pousset","status":"publish","type":"page","link":"https:\/\/omnivion.net\/core\/fr\/team\/yvan_pousset\/","title":{"rendered":"Yvan Pousset"},"content":{"rendered":"<p><\/p>\n<h3><img data-recalc-dims=\"1\" loading=\"lazy\" decoding=\"async\" class=\"alignnone size-full wp-image-5192\" src=\"https:\/\/i0.wp.com\/omnivion.net\/core\/wp-content\/uploads\/2023\/11\/PhotoY.Pousset_web.jpeg?resize=800%2C533\" alt=\"\" width=\"800\" height=\"533\" srcset=\"https:\/\/i0.wp.com\/omnivion.net\/core\/wp-content\/uploads\/2023\/11\/PhotoY.Pousset_web.jpeg?w=800&amp;ssl=1 800w, https:\/\/i0.wp.com\/omnivion.net\/core\/wp-content\/uploads\/2023\/11\/PhotoY.Pousset_web.jpeg?resize=300%2C200&amp;ssl=1 300w, https:\/\/i0.wp.com\/omnivion.net\/core\/wp-content\/uploads\/2023\/11\/PhotoY.Pousset_web.jpeg?resize=768%2C512&amp;ssl=1 768w\" sizes=\"auto, (max-width: 800px) 100vw, 800px\" \/><\/h3>\n<p>&nbsp;<\/p>\n<h3>Yvan Pousset :<\/h3>\n<p>&nbsp;<\/p>\n<p>N\u00e9 en 1977, dipl\u00f4m\u00e9 des Beaux Arts, Yvan Pousset utilise la vid\u00e9o sous diff\u00e9rentes formes : documentaires, installations-vid\u00e9o, captations d\u2019\u00e9v\u00e9nements. Adepte du cin\u00e9ma direct, son approche est d\u2019adapter son \u00e9criture filmique \u00e0 chaque situation de tournage.<br \/>\nPerformeur, danseur et vid\u00e9aste-plasticien, son travail a \u00e9galement \u00e9t\u00e9 s\u00e9lectionn\u00e9 \u00e0 plusieurs reprises dans des festivals de cin\u00e9ma contemporain. Il collabore avec la compagnie Omnivion \u00e0 Tours depuis 2018, en tant que danseur, mais aussi vid\u00e9aste et musicien. Sa page web : <a href=\"https:\/\/www.yvanpousset.net\/\">https:\/\/www.yvanpousset.net<\/a><\/p>\n<p>&nbsp;<\/p>","protected":false},"excerpt":{"rendered":"<p>&nbsp; Yvan Pousset : &nbsp; N\u00e9 en 1977, dipl\u00f4m\u00e9 des Beaux Arts, Yvan [&hellip;]<\/p>\n","protected":false},"author":1,"featured_media":0,"parent":66,"menu_order":0,"comment_status":"closed","ping_status":"closed","template":"","meta":{"jetpack_post_was_ever_published":false,"footnotes":""},"class_list":["post-3924","page","type-page","status-publish","hentry"],"yoast_head":"<!-- This site is optimized with the Yoast SEO plugin v26.8 - https:\/\/yoast.com\/product\/yoast-seo-wordpress\/ -->\n<title>Yvan Pousset - omnivion.net<\/title>\n<meta name=\"robots\" content=\"index, follow, max-snippet:-1, max-image-preview:large, max-video-preview:-1\" \/>\n<link rel=\"canonical\" href=\"https:\/\/omnivion.net\/core\/fr\/team\/yvan_pousset\/\" \/>\n<meta property=\"og:locale\" content=\"fr_FR\" \/>\n<meta property=\"og:type\" content=\"article\" \/>\n<meta property=\"og:title\" content=\"Yvan Pousset - omnivion.net\" \/>\n<meta property=\"og:description\" content=\"&nbsp; Yvan Pousset : &nbsp; N\u00e9 en 1977, dipl\u00f4m\u00e9 des Beaux Arts, Yvan [&hellip;]\" \/>\n<meta property=\"og:url\" content=\"https:\/\/omnivion.net\/core\/fr\/team\/yvan_pousset\/\" \/>\n<meta property=\"og:site_name\" content=\"omnivion.net\" \/>\n<meta property=\"article:modified_time\" content=\"2023-11-27T22:19:15+00:00\" \/>\n<meta property=\"og:image\" content=\"http:\/\/omnivion.net\/core\/wp-content\/uploads\/2023\/11\/PhotoY.Pousset_web.jpeg\" \/>\n<meta name=\"twitter:card\" content=\"summary_large_image\" \/>\n<meta name=\"twitter:label1\" content=\"Dur\u00e9e de lecture estim\u00e9e\" \/>\n\t<meta name=\"twitter:data1\" content=\"1 minute\" \/>\n<script type=\"application\/ld+json\" class=\"yoast-schema-graph\">{\"@context\":\"https:\/\/schema.org\",\"@graph\":[{\"@type\":\"WebPage\",\"@id\":\"https:\/\/omnivion.net\/core\/fr\/team\/yvan_pousset\/\",\"url\":\"https:\/\/omnivion.net\/core\/fr\/team\/yvan_pousset\/\",\"name\":\"Yvan Pousset - omnivion.net\",\"isPartOf\":{\"@id\":\"https:\/\/omnivion.net\/core\/fr\/#website\"},\"primaryImageOfPage\":{\"@id\":\"https:\/\/omnivion.net\/core\/fr\/team\/yvan_pousset\/#primaryimage\"},\"image\":{\"@id\":\"https:\/\/omnivion.net\/core\/fr\/team\/yvan_pousset\/#primaryimage\"},\"thumbnailUrl\":\"http:\/\/omnivion.net\/core\/wp-content\/uploads\/2023\/11\/PhotoY.Pousset_web.jpeg\",\"datePublished\":\"2020-12-16T12:17:32+00:00\",\"dateModified\":\"2023-11-27T22:19:15+00:00\",\"breadcrumb\":{\"@id\":\"https:\/\/omnivion.net\/core\/fr\/team\/yvan_pousset\/#breadcrumb\"},\"inLanguage\":\"fr-FR\",\"potentialAction\":[{\"@type\":\"ReadAction\",\"target\":[\"https:\/\/omnivion.net\/core\/fr\/team\/yvan_pousset\/\"]}]},{\"@type\":\"ImageObject\",\"inLanguage\":\"fr-FR\",\"@id\":\"https:\/\/omnivion.net\/core\/fr\/team\/yvan_pousset\/#primaryimage\",\"url\":\"http:\/\/omnivion.net\/core\/wp-content\/uploads\/2023\/11\/PhotoY.Pousset_web.jpeg\",\"contentUrl\":\"http:\/\/omnivion.net\/core\/wp-content\/uploads\/2023\/11\/PhotoY.Pousset_web.jpeg\"},{\"@type\":\"BreadcrumbList\",\"@id\":\"https:\/\/omnivion.net\/core\/fr\/team\/yvan_pousset\/#breadcrumb\",\"itemListElement\":[{\"@type\":\"ListItem\",\"position\":1,\"name\":\"Accueil\",\"item\":\"https:\/\/omnivion.net\/core\/en\/silverstorm\/\"},{\"@type\":\"ListItem\",\"position\":2,\"name\":\"Equipe\",\"item\":\"https:\/\/omnivion.net\/core\/team\/\"},{\"@type\":\"ListItem\",\"position\":3,\"name\":\"Yvan Pousset\"}]},{\"@type\":\"WebSite\",\"@id\":\"https:\/\/omnivion.net\/core\/fr\/#website\",\"url\":\"https:\/\/omnivion.net\/core\/fr\/\",\"name\":\"omnivion.net\",\"description\":\"...ARTS D&#039;\u00caTRE CORPS...\",\"potentialAction\":[{\"@type\":\"SearchAction\",\"target\":{\"@type\":\"EntryPoint\",\"urlTemplate\":\"https:\/\/omnivion.net\/core\/fr\/?s={search_term_string}\"},\"query-input\":{\"@type\":\"PropertyValueSpecification\",\"valueRequired\":true,\"valueName\":\"search_term_string\"}}],\"inLanguage\":\"fr-FR\"}]}<\/script>\n<!-- \/ Yoast SEO plugin. -->","yoast_head_json":{"title":"Yvan Pousset - omnivion.net","robots":{"index":"index","follow":"follow","max-snippet":"max-snippet:-1","max-image-preview":"max-image-preview:large","max-video-preview":"max-video-preview:-1"},"canonical":"https:\/\/omnivion.net\/core\/fr\/team\/yvan_pousset\/","og_locale":"fr_FR","og_type":"article","og_title":"Yvan Pousset - omnivion.net","og_description":"&nbsp; Yvan Pousset : &nbsp; N\u00e9 en 1977, dipl\u00f4m\u00e9 des Beaux Arts, Yvan [&hellip;]","og_url":"https:\/\/omnivion.net\/core\/fr\/team\/yvan_pousset\/","og_site_name":"omnivion.net","article_modified_time":"2023-11-27T22:19:15+00:00","og_image":[{"url":"http:\/\/omnivion.net\/core\/wp-content\/uploads\/2023\/11\/PhotoY.Pousset_web.jpeg","type":"","width":"","height":""}],"twitter_card":"summary_large_image","twitter_misc":{"Dur\u00e9e de lecture estim\u00e9e":"1 minute"},"schema":{"@context":"https:\/\/schema.org","@graph":[{"@type":"WebPage","@id":"https:\/\/omnivion.net\/core\/fr\/team\/yvan_pousset\/","url":"https:\/\/omnivion.net\/core\/fr\/team\/yvan_pousset\/","name":"Yvan Pousset - omnivion.net","isPartOf":{"@id":"https:\/\/omnivion.net\/core\/fr\/#website"},"primaryImageOfPage":{"@id":"https:\/\/omnivion.net\/core\/fr\/team\/yvan_pousset\/#primaryimage"},"image":{"@id":"https:\/\/omnivion.net\/core\/fr\/team\/yvan_pousset\/#primaryimage"},"thumbnailUrl":"http:\/\/omnivion.net\/core\/wp-content\/uploads\/2023\/11\/PhotoY.Pousset_web.jpeg","datePublished":"2020-12-16T12:17:32+00:00","dateModified":"2023-11-27T22:19:15+00:00","breadcrumb":{"@id":"https:\/\/omnivion.net\/core\/fr\/team\/yvan_pousset\/#breadcrumb"},"inLanguage":"fr-FR","potentialAction":[{"@type":"ReadAction","target":["https:\/\/omnivion.net\/core\/fr\/team\/yvan_pousset\/"]}]},{"@type":"ImageObject","inLanguage":"fr-FR","@id":"https:\/\/omnivion.net\/core\/fr\/team\/yvan_pousset\/#primaryimage","url":"http:\/\/omnivion.net\/core\/wp-content\/uploads\/2023\/11\/PhotoY.Pousset_web.jpeg","contentUrl":"http:\/\/omnivion.net\/core\/wp-content\/uploads\/2023\/11\/PhotoY.Pousset_web.jpeg"},{"@type":"BreadcrumbList","@id":"https:\/\/omnivion.net\/core\/fr\/team\/yvan_pousset\/#breadcrumb","itemListElement":[{"@type":"ListItem","position":1,"name":"Accueil","item":"https:\/\/omnivion.net\/core\/en\/silverstorm\/"},{"@type":"ListItem","position":2,"name":"Equipe","item":"https:\/\/omnivion.net\/core\/team\/"},{"@type":"ListItem","position":3,"name":"Yvan Pousset"}]},{"@type":"WebSite","@id":"https:\/\/omnivion.net\/core\/fr\/#website","url":"https:\/\/omnivion.net\/core\/fr\/","name":"omnivion.net","description":"...ARTS D&#039;\u00caTRE CORPS...","potentialAction":[{"@type":"SearchAction","target":{"@type":"EntryPoint","urlTemplate":"https:\/\/omnivion.net\/core\/fr\/?s={search_term_string}"},"query-input":{"@type":"PropertyValueSpecification","valueRequired":true,"valueName":"search_term_string"}}],"inLanguage":"fr-FR"}]}},"jetpack_sharing_enabled":true,"jetpack_shortlink":"https:\/\/wp.me\/P2fe7Q-11i","jetpack_likes_enabled":true,"_links":{"self":[{"href":"https:\/\/omnivion.net\/core\/fr\/wp-json\/wp\/v2\/pages\/3924","targetHints":{"allow":["GET"]}}],"collection":[{"href":"https:\/\/omnivion.net\/core\/fr\/wp-json\/wp\/v2\/pages"}],"about":[{"href":"https:\/\/omnivion.net\/core\/fr\/wp-json\/wp\/v2\/types\/page"}],"author":[{"embeddable":true,"href":"https:\/\/omnivion.net\/core\/fr\/wp-json\/wp\/v2\/users\/1"}],"replies":[{"embeddable":true,"href":"https:\/\/omnivion.net\/core\/fr\/wp-json\/wp\/v2\/comments?post=3924"}],"version-history":[{"count":7,"href":"https:\/\/omnivion.net\/core\/fr\/wp-json\/wp\/v2\/pages\/3924\/revisions"}],"predecessor-version":[{"id":5196,"href":"https:\/\/omnivion.net\/core\/fr\/wp-json\/wp\/v2\/pages\/3924\/revisions\/5196"}],"up":[{"embeddable":true,"href":"https:\/\/omnivion.net\/core\/fr\/wp-json\/wp\/v2\/pages\/66"}],"wp:attachment":[{"href":"https:\/\/omnivion.net\/core\/fr\/wp-json\/wp\/v2\/media?parent=3924"}],"curies":[{"name":"wp","href":"https:\/\/api.w.org\/{rel}","templated":true}]}}