{"id":3917,"date":"2020-12-16T11:43:11","date_gmt":"2020-12-16T10:43:11","guid":{"rendered":"http:\/\/omnivion.net\/core\/team\/ahlam-ettamri-copy\/"},"modified":"2020-12-16T13:12:31","modified_gmt":"2020-12-16T12:12:31","slug":"annaick_nicolazic","status":"publish","type":"page","link":"https:\/\/omnivion.net\/core\/fr\/team\/annaick_nicolazic\/","title":{"rendered":"Anna\u00efck Nicolazic"},"content":{"rendered":"<p><a href=\"https:\/\/i0.wp.com\/omnivion.net\/core\/wp-content\/uploads\/2020\/12\/duret-bernard-15_edit1-scaled.jpg\"><img data-recalc-dims=\"1\" loading=\"lazy\" decoding=\"async\" class=\"alignnone size-large wp-image-3922\" src=\"https:\/\/i0.wp.com\/omnivion.net\/core\/wp-content\/uploads\/2020\/12\/duret-bernard-15_edit1-1024x642.jpg?resize=800%2C502\" alt=\"Portrait de Anna\u00efck\" width=\"800\" height=\"502\" srcset=\"https:\/\/i0.wp.com\/omnivion.net\/core\/wp-content\/uploads\/2020\/12\/duret-bernard-15_edit1-scaled.jpg?resize=1024%2C642&amp;ssl=1 1024w, https:\/\/i0.wp.com\/omnivion.net\/core\/wp-content\/uploads\/2020\/12\/duret-bernard-15_edit1-scaled.jpg?resize=300%2C188&amp;ssl=1 300w, https:\/\/i0.wp.com\/omnivion.net\/core\/wp-content\/uploads\/2020\/12\/duret-bernard-15_edit1-scaled.jpg?resize=768%2C481&amp;ssl=1 768w, https:\/\/i0.wp.com\/omnivion.net\/core\/wp-content\/uploads\/2020\/12\/duret-bernard-15_edit1-scaled.jpg?resize=1536%2C963&amp;ssl=1 1536w, https:\/\/i0.wp.com\/omnivion.net\/core\/wp-content\/uploads\/2020\/12\/duret-bernard-15_edit1-scaled.jpg?resize=2048%2C1284&amp;ssl=1 2048w\" sizes=\"auto, (max-width: 800px) 100vw, 800px\" \/><\/a><\/p>\n<p>&nbsp;<\/p>\n<p>Anna\u00efck Nicolazic<\/p>\n<p>&nbsp;<\/p>\n<p>&nbsp;<\/p>\n<p>&nbsp;<\/p>\n<p><strong>FORMATION<\/strong><\/p>\n<p>1994-1999\u00a0: Conservatoire National de R\u00e9gion de Tours, obtention du \u00ab\u00a0Certificat d\u2019\u00e9tudes<\/p>\n<p>Th\u00e9\u00e2trales\u00a0\u00bb avec mention Tr\u00e8s Bien \u00e0 l\u2019unanimit\u00e9.<\/p>\n<p>&nbsp;<\/p>\n<p>1995\u00a0: Niveau Deug 1 Histoire de l\u2019Art.<\/p>\n<p>&nbsp;<\/p>\n<p>1993\u00a0: Baccalaur\u00e9at litt\u00e9raire option Art Dramatique.<\/p>\n<p>Repr\u00e9sentations en Autriche de \u00ab\u00a0Croisades\u00a0\u00bb de Michel Azama et en Hongrie, \u00ab\u00a0Les<\/p>\n<p>Acteurs de bonne foi\u00a0\u00bb de Marivaux.<\/p>\n<p>&nbsp;<\/p>\n<p>1990-1993\u00a0: Conservatoire National D\u00e9partemental de la Roche sur Yon.<\/p>\n<p>&nbsp;<\/p>\n<p><strong>EXP\u00c9RIENCE PROFESSIONNELLE<\/strong><\/p>\n<p>2020\u00a0: Visite historique et burlesque du jardin des Vikings \u00e0 Tours, \u00ab\u00a0Le guide s\u2019appelle<\/p>\n<p>Martine\u00a0\u00bb, avec la Cie L\u2019\u00c9chapp\u00e9e Belle, Adeline Gautret, Didier marin et Chantal<\/p>\n<p>Nicolas.<\/p>\n<p>&nbsp;<\/p>\n<p>2019\u00a0: Spectacle de danse contemporaine \u00ab\u00a0Polite\u00efes\u00a0\u00bb, avec Omnivion, dans le cadre<\/p>\n<p>D\u2019un atelier de danse contemporaine dirig\u00e9 par Dimitri Tsiapkinis.<\/p>\n<p>&nbsp;<\/p>\n<p>2019-2020\u00a0: Repr\u00e9sentations du spectacle po\u00e9tique et burlesque du \u00ab\u00a0Duo constructif\u00a0\u00bb, avec<\/p>\n<p>La Cie L\u2019\u00c9chapp\u00e9e Belle, Micha\u00ebl Bernard et Adeline Gautret.<\/p>\n<p>&nbsp;<\/p>\n<p>2015-2020\u00a0: Intervenante \u00e0 l\u2019ITEP de Mettray aupr\u00e8s des jeunes adultes et adolescents, pour<\/p>\n<p>Un atelier hebdomadaire avec la Cie L\u2019\u00c9chapp\u00e9e Belle, Philippe Ouzounian,<\/p>\n<p>Didier Marin et Chantal Nicolas.<\/p>\n<p>&nbsp;<\/p>\n<p>2019\u00a0: Reprise du spectacle \u00ab\u00a0Firmin le petit sapin\u00a0\u00bb, avec la Cie Pois de Senteur, spectacle<\/p>\n<p>De marionnettes pour la petite enfance, avec une tourn\u00e9e dans les \u00e9coles.<\/p>\n<p>&nbsp;<\/p>\n<p>2012-2019\u00a0: Intervenante aupr\u00e8s des Terminales et de Premi\u00e8res dans le cadre de l\u2019option<\/p>\n<p>Facultative au lyc\u00e9e Grandmont \u00e0 Tours avec le \u00ab\u00a0Th\u00e9\u00e2tre de l\u2019Ante\u00a0\u00bb.<\/p>\n<p>&nbsp;<\/p>\n<p>2017-2018\u00a0: Repr\u00e9sentations \u00ab\u00a0Au pied de la lettre\u00a0\u00bb, spectacle documentaire sur<\/p>\n<p>L\u2019illettrisme et des \u00ab\u00a0Cl\u00e9s du paradigme\u00a0\u00bb, spectacle documentaire sur<\/p>\n<p>La citoyennet\u00e9 avec la Cie L\u2019\u00c9chapp\u00e9e Belle.<\/p>\n<p>&nbsp;<\/p>\n<p>2017\u00a0: Reprise du spectacle \u00ab\u00a0Nicolas le chocolat\u00a0\u00bb, avec la Cie Pois de Senteur, spectacle<\/p>\n<p>De marionnettes pour la petite enfance, avec une tourn\u00e9e dans les \u00e9coles.<\/p>\n<p>&nbsp;<\/p>\n<p>2017\u00a0: Intervention \u00e9v\u00e8nementielle pour les dix ans d\u2019un club de chefs d\u2019entreprises avec la<\/p>\n<p>Cie L\u2019\u00c9chapp\u00e9e Belle, et Didier Marin.<\/p>\n<p>&nbsp;<\/p>\n<p>2016-2017\u00a0: Lectures \u00e0 Mettray pour les Journ\u00e9es du patrimoine avec la Cie L\u2019\u00c9chapp\u00e9e<\/p>\n<p>Belle, Philippe Ouzounian et Chantal Nicolas.<\/p>\n<p>&nbsp;<\/p>\n<p>2017\u00a0: Repr\u00e9sentation de \u00ab\u00a0Nasr Eddin, le fou qui \u00e9tait sage\u00a0\u00bb, avec la Cie L\u2019\u00c9chapp\u00e9e Belle,<\/p>\n<p>Philippe Ouzounian et Didier Marin.<\/p>\n<p>&nbsp;<\/p>\n<p>2017\u00a0: Lecture th\u00e9\u00e2tralis\u00e9e au cimeti\u00e8re La Salle, visite nocturne avec la Cie L\u2019\u00c9chapp\u00e9e<\/p>\n<p>Belle, et Philippe Ouzounian.<\/p>\n<p>&nbsp;<\/p>\n<p>2017\u00a0: Intervenante dans un atelier th\u00e9\u00e2tre aupr\u00e8s de P\u00f4le Emploi \u00e0 Saint-Jean de Braye, avec<\/p>\n<p>Des ch\u00f4meurs de longue dur\u00e9e, et deux repr\u00e9sentations publiques au mois de juin.<\/p>\n<p>Cie L\u2019\u00c9chapp\u00e9e Belle, avec Philippe Ouzounian et Didier Marin.<\/p>\n<p>&nbsp;<\/p>\n<p>2012-2017\u00a0: Th\u00e9\u00e2tre Forum et atelier pour enfants avec le Barroco Th\u00e9\u00e2tre.<\/p>\n<p>&nbsp;<\/p>\n<p>2016\u00a0: Spectacle sur la peste, avec la Cie L\u2019\u00c9chapp\u00e9e Belle, et Philippe Ouzounian, dans le<\/p>\n<p>Cadre d\u2019un colloque \u00ab\u00a0La sant\u00e9 en r\u00e9gion centre au Moyen-\u00c2ge et \u00e0 la Renaissance\u00a0\u00bb.<\/p>\n<p>&nbsp;<\/p>\n<p>2016\u00a0: Reprise du spectacle \u00ab\u00a0Firmin le petit sapin\u00a0\u00bb, avec la Cie Pois de Senteur, spectacle<\/p>\n<p>De marionnettes pour la petite enfance, avec une tourn\u00e9e dans les \u00e9coles.<\/p>\n<p>&nbsp;<\/p>\n<p>2014-2017\u00a0: Intervenante dans des ateliers th\u00e9\u00e2tre pour enfants avec la Cie L\u2019\u00c9chapp\u00e9e Belle,<\/p>\n<p>\u00c0 Monts, Mettray, et dans les \u00e9coles primaires et maternelles de Tours.<\/p>\n<p>&nbsp;<\/p>\n<p>2015\u00a0: Reprise du spectacle, \u00ab\u00a0Le no\u00ebl de N\u00e9roline\u00a0\u00bb, avec la Cie Pois de Senteur, spectacle de<\/p>\n<p>Marionnettes pour la petite enfance avec une tourn\u00e9e dans les \u00e9coles.<\/p>\n<p>&nbsp;<\/p>\n<p>2014-2015\u00a0: Lectures dans le cadre de \u00ab\u00a0Jeudi, je lis\u00a0\u00bb, \u00e0 Lire au jardin avec la Cie<\/p>\n<p>L\u2019\u00c9chapp\u00e9e belle.<\/p>\n<p>&nbsp;<\/p>\n<p>2014\u00a0: \u00ab\u00a0Les jouets de no\u00ebl\u00a0\u00bb, avec la Cie Pois de Senteur, spectacle de marionnettes pour la<\/p>\n<p>Petite enfance.<\/p>\n<p>Avec une tourn\u00e9e dans les \u00e9coles.<\/p>\n<p>&nbsp;<\/p>\n<p>2014\u00a0: \u00ab\u00a0Lettres d\u2019un poilu\u00a0\u00bb, \u00e0 l\u2019H\u00f4tel de Ville avec la Cie L\u2019\u00c9chapp\u00e9e belle.<\/p>\n<p>&nbsp;<\/p>\n<p>2014\u00a0: Spectacle de danse contemporaine \u00ab\u00a0Newtopia 2.1\u00a0\u00bb, avec Omnivion, dans le cadre<\/p>\n<p>D\u2019un atelier de danse contemporaine dirig\u00e9 par Dimitri Tsiapkinis.<\/p>\n<p>&nbsp;<\/p>\n<p>2013\u00a0: Reprise du spectacle, \u00ab\u00a0Firmin le petit sapin\u00a0\u00bb, avec la Cie Pois de Senteur, spectacle<\/p>\n<p>De marionnettes pour la petite enfance, avec une tourn\u00e9e dans les \u00e9coles.<\/p>\n<p>&nbsp;<\/p>\n<p>2012-2013\u00a0: Cr\u00e9ation autour du texte \u00ab\u00a0Huit monologues de femmes\u00a0\u00bb, de Barzou<\/p>\n<p>Abdourazzoqov, avec la Cie Aux deux Ailes.<\/p>\n<p>&nbsp;<\/p>\n<p>2012-2013\u00a0: Intervenante dans l\u2019atelier th\u00e9\u00e2tre pour enfants du th\u00e9\u00e2tre de l\u2019Ante \u00e0 Langeais.<\/p>\n<p>&nbsp;<\/p>\n<p>2012\u00a0: Reprise du spectacle, \u00ab\u00a0Nicolas le chocolat\u00a0\u00bb, avec la Cie Pois de Senteur, spectacle de<\/p>\n<p>Marionnettes pour la petite enfance, avec une tourn\u00e9e dans les \u00e9coles.<\/p>\n<p>&nbsp;<\/p>\n<p>2009-2012\u00a0: Intervenante aupr\u00e8s des secondes, dans le cadre de l\u2019option th\u00e9\u00e2tre facultative au<\/p>\n<p>Lyc\u00e9e Grandmont \u00e0 Tours.<\/p>\n<p>&nbsp;<\/p>\n<p>2010-2012\u00a0: Intervenante dans des ateliers de th\u00e9\u00e2tre pour enfants et adolescents avec le<\/p>\n<p>Barroco Th\u00e9\u00e2tre et la Cie Cr\u00e9atures.<\/p>\n<p>&nbsp;<\/p>\n<p>2011\u00a0: \u00ab\u00a0P\u00e8re No\u00ebl en voit de toutes les couleurs\u00a0\u00bb, avec la Cie Pois de Senteur, spectacle de<\/p>\n<p>Marionnettes pour la petite enfance, avec une tourn\u00e9e dans les \u00e9coles.<\/p>\n<p>&nbsp;<\/p>\n<p>2010\u00a0: Stage de cinq semaines \u00e0 l\u2019ARIA intitul\u00e9 \u00ab\u00a0Rencontres en Haute-Corse\u00a0\u00bb, organis\u00e9 par<\/p>\n<p>Robin Renucci et dirig\u00e9 par Serge Lipszyc.<\/p>\n<p>&nbsp;<\/p>\n<p>2010\u00a0:\u00a0\u00ab\u00a0Bonshommes de neige\u00a0\u00bb, avec la Cie Pois de Senteur, spectacle de marionnettes pour<\/p>\n<p>La petite enfance avec une tourn\u00e9e dans les \u00e9coles.<\/p>\n<p>&nbsp;<\/p>\n<p>2010\u00a0: \u00ab\u00a0Petit bout mange de tout\u00a0\u00bb, avec la Cie Marmitons et Merveilles, spectacle de<\/p>\n<p>Marionnettes pour la petite enfance, avec une tourn\u00e9e dans les \u00e9coles.<\/p>\n<p>&nbsp;<\/p>\n<p>2009-2010\u00a0: Coach lors de 2 courts-m\u00e9trages avec les coll\u00e9giens de St Pierre des Corps<\/p>\n<p>\u00ab\u00a0L\u2019issue\u00a0\u00bb et \u00ab\u00a0C@che-C@che\u00a0\u00bb, avec l\u2019Astronef, r\u00e9alis\u00e9 par Franck Ternier.<\/p>\n<p>&nbsp;<\/p>\n<p>2009\u00a0: \u00ab\u00a0Nez rouge, le petit renne de no\u00ebl\u00a0\u00bb, avec la Cie Pois de Senteur, spectacle de<\/p>\n<p>Marionnettes pour la petite enfance, avec une tourn\u00e9e dans les \u00e9coles.<\/p>\n<p>&nbsp;<\/p>\n<p>2009\u00a0: \u00ab\u00a0Georges Dandin\u00a0\u00bb de Moli\u00e8re, dans le cadre d\u2019une tourn\u00e9e d\u2019\u00e9t\u00e9 avec le th\u00e9\u00e2tre de<\/p>\n<p>L\u2019Ante.<\/p>\n<p>&nbsp;<\/p>\n<p>2008\u00a0: \u00ab\u00a0Firmin le petit sapin\u00a0\u00bb, avec la Cie Pois de Senteur, spectacle de<\/p>\n<p>Marionnettes pour la petite enfance, avec une tourn\u00e9e dans les \u00e9coles.<\/p>\n<p>&nbsp;<\/p>\n<p>2008\u00a0: Cr\u00e9ation d\u2019un spectacle de rue avec la Cie Tuchenn, \u00ab\u00a0Si la musique doit mourir\u00a0\u00bb avec<\/p>\n<p>Avec des r\u00e9sidences au Fourneau \u00e0 Brest, et des repr\u00e9sentations aux festivals de<\/p>\n<p>Sotteville-L\u00e8s-Rouen, Al\u00e8s, Morlaix et H\u00e9d\u00e9.<\/p>\n<p>&nbsp;<\/p>\n<p>2008\u00a0: Stage de 18 jours intitul\u00e9 \u00ab\u00a0Le com\u00e9dien et les musiques populaires d\u2019Europe et<\/p>\n<p>D\u2019Am\u00e9rique Latine\u00a0\u00bb, dirig\u00e9 par Karine Huet et Nasrin Pourhosseni.<\/p>\n<p>&nbsp;<\/p>\n<p>2007\u00a0: Post-synchronisation au studio de Yann Legay, AGM Productions.<\/p>\n<p>&nbsp;<\/p>\n<p>2007\u00a0: \u00ab\u00a0March\u00e9 aux paroles\u00a0\u00bb, lectures de po\u00e9sies en rue dans le cadre de la f\u00eate du livre \u00e0<\/p>\n<p>Saint-\u00c9tienne, avec la Cie Tuchenn.<\/p>\n<p>&nbsp;<\/p>\n<p>2007\u00a0: Tourn\u00e9e du spectacle de marionnettes \u00ab\u00a0Le petit tailleur\u00a0\u00bb en Guyane, et organisation<\/p>\n<p>D\u2019un stage ouvert aux enfants, avec la Cie Les Trois Elfes.<\/p>\n<p>&nbsp;<\/p>\n<p>2007\u00a0: Stage de 15 jours intitul\u00e9 \u00ab\u00a0Les m\u00e9tiers de crieurs publics\u00a0\u00bb, dirig\u00e9 par Bernard Colin.<\/p>\n<p>&nbsp;<\/p>\n<p>2006-2007\u00a0: \u00ab\u00a0Le no\u00ebl de N\u00e9roline\u00a0\u00bb, \u00ab\u00a0Le g\u00e2teau de N\u00e9roline\u00a0\u00bb et \u00ab\u00a0Nicolas le chocolat\u00a0\u00bb\u00a0;<\/p>\n<p>Spectacle de marionnettes interactifs pour la petite enfance, avec la Cie Pois de<\/p>\n<p>Senteur, pr\u00e9sent\u00e9s dans les \u00e9coles.<\/p>\n<p>&nbsp;<\/p>\n<p>2006\u00a0: \u00ab\u00a0Les speaker\u2019s corners\u00a0\u00bb, le coin de l\u2019orateur, avec la Cie Ex-Nihilo, pr\u00e9sent\u00e9 \u00e0<\/p>\n<p>Chalon-sur-Sa\u00f4ne, pour le festival \u00ab\u00a0Art de la rue\u00a0\u00bb.<\/p>\n<p>&nbsp;<\/p>\n<p>2006\u00a0: \u00ab\u00a0La vie \u00e0 en mourir\u00a0\u00bb, d\u2019apr\u00e8s des lettres de fusill\u00e9s, avec la Cie le Th\u00e9\u00e2tre dans la<\/p>\n<p>Nuit, mise en sc\u00e8ne de Jean-Marc Doron.<\/p>\n<p>&nbsp;<\/p>\n<p>2005\u00a0: \u00ab\u00a0Hamlet versus Britney Spears\u00a0\u00bb, cr\u00e9ation de la Cie le Groupe en fonction, mise en<\/p>\n<p>Sc\u00e8ne d\u2019Arnaud Pirault.<\/p>\n<p>&nbsp;<\/p>\n<p>2004-2005\u00a0: \u00ab\u00a0Le petit tailleur\u00a0\u00bb, d\u2019apr\u00e8s le conte de Grimm, spectacle de marionnettes,<\/p>\n<p>Tourn\u00e9e en r\u00e9gion centre, avec la Cie les Trois Elfes.<\/p>\n<p>&nbsp;<\/p>\n<p>2004\u00a0: Projet de recherche sur \u00ab\u00a0John and Mary\u00a0\u00bb de Pascal Rambert, mise en sc\u00e8ne<\/p>\n<p>D\u2019Arnaud Pirault.<\/p>\n<p>&nbsp;<\/p>\n<p>2004\u00a0: Projet d\u2019improvisation sur \u00ab\u00a0La mouette\u00a0\u00bb de Tch\u00e9kov (Prolegomeni al Gabbiano),<\/p>\n<p>Repr\u00e9sentation \u00e0 Bologne (Italie), mise en sc\u00e8ne de Lucia Amara.<\/p>\n<p>&nbsp;<\/p>\n<p>2003\u00a0: Actrice dans le court-m\u00e9trage \u00ab\u00a0L\u2019estraneo\u00a0\u00bb \u00e0 Bologne (Italie), r\u00e9alisation de Fabian<\/p>\n<p>Ribezzo.<\/p>\n<p>&nbsp;<\/p>\n<p>2003\u00a0: Stage de deux mois dans le cadre des \u00ab\u00a0P\u00e9pini\u00e8res Europ\u00e9ennes pour Jeunes Artistes\u00a0\u00bb,<\/p>\n<p>Dirig\u00e9 par Lucia Amara. Parcours de cr\u00e9ation autour du texte d\u2019Antonin Artaud \u00ab\u00a0L\u2019art<\/p>\n<p>Et la mort\u00a0\u00bb. R\u00e9sidence au Plessis Th\u00e9\u00e2tre (Cie Jos\u00e9 Cano Lopez).<\/p>\n<p>&nbsp;<\/p>\n<p>2003\u00a0: Lecture publique du texte de Gilles Granouillet, avec la Cie de La Lune Blanche, mise<\/p>\n<p>En sc\u00e8ne de Jean-Michel Rivinoff, dans le cadre du festival de Saran, des auteurs<\/p>\n<p>Contemporains.<\/p>\n<p>&nbsp;<\/p>\n<p>2003\u00a0: Lecture pour l\u2019inauguration d\u2019une gare, avec la Cie Interligne.<\/p>\n<p>&nbsp;<\/p>\n<p>2002-2003\u00a0: \u00ab\u00a0Les femmes lampes\u00a0\u00bb, th\u00e9\u00e2tre de rue, Cie Ex-Nihilo, festival d\u2019Avignon,<\/p>\n<p>Chalon-sur-Sa\u00f4ne, Aurillac.<\/p>\n<p>&nbsp;<\/p>\n<p>2002\u00a0: Stage avec Jean-Michel Rivinoff, Cie de La Lune Blanche.<\/p>\n<p>&nbsp;<\/p>\n<p>2002\u00a0: \u00ab\u00a0La marelle\u00a0\u00bb et \u00ab\u00a0Stand de tir\u00a0\u00bb, d\u2019Isra\u00ebl Horovitz, Cie du Chat Perch\u00e9, mise ne sc\u00e8ne<\/p>\n<p>De C\u00e9dric Le Stunff.<\/p>\n<p>&nbsp;<\/p>\n<p>2002\u00a0: \u00ab\u00a0L\u2019histoire des ours panda\u00a0\u00bb de Mat\u00e9i Visniec, Cie Promoth\u00e9\u00e2tre, mise en sc\u00e8ne de<\/p>\n<p>Laure Mandrau.<\/p>\n<p>&nbsp;<\/p>\n<p>2000-2002\u00a0: \u00ab\u00a0La l\u00e9gende du P\u00e8re No\u00ebl\u00a0\u00bb, spectacle de marionnettes, Cie les Trois Elfes.<\/p>\n<p>&nbsp;<\/p>\n<p>2002-2001\u00a0: \u00ab\u00a0Les femmes fleurs\u00a0\u00bb, th\u00e9\u00e2tre de rue, Cie Ex-Nihilo.<\/p>\n<p>&nbsp;<\/p>\n<p>2001\u00a0: Intervention \u00e9v\u00e8nementielle pour le Tour de France.<\/p>\n<p>&nbsp;<\/p>\n<p>2000\u00a0:\u00a0\u00ab\u00a0Les contes de la m\u00e8re l\u2019Oye\u00a0\u00bb, de Maurice Ravel, r\u00e9citante lors du festival \u00ab\u00a0Les<\/p>\n<p>Sonates d\u2019automne\u00a0\u00bb.<\/p>\n<p>&nbsp;<\/p>\n<p>2000\u00a0: \u00ab\u00a0Spectacle cabaret Feydeau\u00a0\u00bb, avec la Cie du Chat Perch\u00e9.<\/p>\n<p>&nbsp;<\/p>\n<p>1999-2002\u00a0: \u00ab\u00a0L\u2019\u00eele des esclaves\u00a0\u00bb de Marivaux, \u00ab\u00a0La paix du dimanche\u00a0\u00bb de John Osborne et<\/p>\n<p>\u00ab\u00a0La cousine Bette\u00a0\u00bb de Balzac, avec la Cie Prom\u00e9th\u00e9\u00e2tre, mise en sc\u00e8ne de Laure<\/p>\n<p>Mandrau.<\/p>\n<p>&nbsp;<\/p>\n<p>2000\u00a0: Cours et stages de th\u00e9\u00e2tre donn\u00e9s aux enfants avec Laure Mandrau.<\/p>\n<p>&nbsp;<\/p>\n<p>2000\u00a0: \u00ab\u00a0La noce\u00a0\u00bb de Tch\u00e9khov, mise en sc\u00e8ne de Philippe Lebas et Christine Joly.<\/p>\n<p>&nbsp;<\/p>\n<p>1999\u00a0: \u00ab\u00a0Les derniers jours de Turnus\u00a0\u00bb, de Sophie Baudeuf et Gr\u00e9gory Augendre.<\/p>\n<p>&nbsp;<\/p>\n<p>1998\u00a0: \u00ab\u00a0Chaumont, les domestiques, la belle \u00e9poque\u00a0\u00bb, de Sophie Baudeuf et Gr\u00e9gory<\/p>","protected":false},"excerpt":{"rendered":"<p>&nbsp; Anna\u00efck Nicolazic &nbsp; &nbsp; &nbsp; FORMATION 1994-1999\u00a0: Conservatoire National de R\u00e9gion de [&hellip;]<\/p>\n","protected":false},"author":1,"featured_media":0,"parent":66,"menu_order":0,"comment_status":"closed","ping_status":"closed","template":"","meta":{"jetpack_post_was_ever_published":false,"footnotes":""},"class_list":["post-3917","page","type-page","status-publish","hentry"],"yoast_head":"<!-- This site is optimized with the Yoast SEO plugin v26.8 - https:\/\/yoast.com\/product\/yoast-seo-wordpress\/ -->\n<title>Anna\u00efck Nicolazic - omnivion.net<\/title>\n<meta name=\"robots\" content=\"index, follow, max-snippet:-1, max-image-preview:large, max-video-preview:-1\" \/>\n<link rel=\"canonical\" href=\"https:\/\/omnivion.net\/core\/fr\/team\/annaick_nicolazic\/\" \/>\n<meta property=\"og:locale\" content=\"fr_FR\" \/>\n<meta property=\"og:type\" content=\"article\" \/>\n<meta property=\"og:title\" content=\"Anna\u00efck Nicolazic - omnivion.net\" \/>\n<meta property=\"og:description\" content=\"&nbsp; Anna\u00efck Nicolazic &nbsp; &nbsp; &nbsp; FORMATION 1994-1999\u00a0: Conservatoire National de R\u00e9gion de [&hellip;]\" \/>\n<meta property=\"og:url\" content=\"https:\/\/omnivion.net\/core\/fr\/team\/annaick_nicolazic\/\" \/>\n<meta property=\"og:site_name\" content=\"omnivion.net\" \/>\n<meta property=\"article:modified_time\" content=\"2020-12-16T12:12:31+00:00\" \/>\n<meta property=\"og:image\" content=\"http:\/\/omnivion.net\/core\/wp-content\/uploads\/2020\/12\/duret-bernard-15_edit1-1024x642.jpg\" \/>\n<meta name=\"twitter:card\" content=\"summary_large_image\" \/>\n<meta name=\"twitter:label1\" content=\"Dur\u00e9e de lecture estim\u00e9e\" \/>\n\t<meta name=\"twitter:data1\" content=\"8 minutes\" \/>\n<script type=\"application\/ld+json\" class=\"yoast-schema-graph\">{\"@context\":\"https:\/\/schema.org\",\"@graph\":[{\"@type\":\"WebPage\",\"@id\":\"https:\/\/omnivion.net\/core\/fr\/team\/annaick_nicolazic\/\",\"url\":\"https:\/\/omnivion.net\/core\/fr\/team\/annaick_nicolazic\/\",\"name\":\"Anna\u00efck Nicolazic - omnivion.net\",\"isPartOf\":{\"@id\":\"https:\/\/omnivion.net\/core\/fr\/#website\"},\"primaryImageOfPage\":{\"@id\":\"https:\/\/omnivion.net\/core\/fr\/team\/annaick_nicolazic\/#primaryimage\"},\"image\":{\"@id\":\"https:\/\/omnivion.net\/core\/fr\/team\/annaick_nicolazic\/#primaryimage\"},\"thumbnailUrl\":\"http:\/\/omnivion.net\/core\/wp-content\/uploads\/2020\/12\/duret-bernard-15_edit1-1024x642.jpg\",\"datePublished\":\"2020-12-16T10:43:11+00:00\",\"dateModified\":\"2020-12-16T12:12:31+00:00\",\"breadcrumb\":{\"@id\":\"https:\/\/omnivion.net\/core\/fr\/team\/annaick_nicolazic\/#breadcrumb\"},\"inLanguage\":\"fr-FR\",\"potentialAction\":[{\"@type\":\"ReadAction\",\"target\":[\"https:\/\/omnivion.net\/core\/fr\/team\/annaick_nicolazic\/\"]}]},{\"@type\":\"ImageObject\",\"inLanguage\":\"fr-FR\",\"@id\":\"https:\/\/omnivion.net\/core\/fr\/team\/annaick_nicolazic\/#primaryimage\",\"url\":\"http:\/\/omnivion.net\/core\/wp-content\/uploads\/2020\/12\/duret-bernard-15_edit1-1024x642.jpg\",\"contentUrl\":\"http:\/\/omnivion.net\/core\/wp-content\/uploads\/2020\/12\/duret-bernard-15_edit1-1024x642.jpg\"},{\"@type\":\"BreadcrumbList\",\"@id\":\"https:\/\/omnivion.net\/core\/fr\/team\/annaick_nicolazic\/#breadcrumb\",\"itemListElement\":[{\"@type\":\"ListItem\",\"position\":1,\"name\":\"Accueil\",\"item\":\"https:\/\/omnivion.net\/core\/en\/silverstorm\/\"},{\"@type\":\"ListItem\",\"position\":2,\"name\":\"Equipe\",\"item\":\"https:\/\/omnivion.net\/core\/team\/\"},{\"@type\":\"ListItem\",\"position\":3,\"name\":\"Anna\u00efck Nicolazic\"}]},{\"@type\":\"WebSite\",\"@id\":\"https:\/\/omnivion.net\/core\/fr\/#website\",\"url\":\"https:\/\/omnivion.net\/core\/fr\/\",\"name\":\"omnivion.net\",\"description\":\"...ARTS D&#039;\u00caTRE CORPS...\",\"potentialAction\":[{\"@type\":\"SearchAction\",\"target\":{\"@type\":\"EntryPoint\",\"urlTemplate\":\"https:\/\/omnivion.net\/core\/fr\/?s={search_term_string}\"},\"query-input\":{\"@type\":\"PropertyValueSpecification\",\"valueRequired\":true,\"valueName\":\"search_term_string\"}}],\"inLanguage\":\"fr-FR\"}]}<\/script>\n<!-- \/ Yoast SEO plugin. -->","yoast_head_json":{"title":"Anna\u00efck Nicolazic - omnivion.net","robots":{"index":"index","follow":"follow","max-snippet":"max-snippet:-1","max-image-preview":"max-image-preview:large","max-video-preview":"max-video-preview:-1"},"canonical":"https:\/\/omnivion.net\/core\/fr\/team\/annaick_nicolazic\/","og_locale":"fr_FR","og_type":"article","og_title":"Anna\u00efck Nicolazic - omnivion.net","og_description":"&nbsp; Anna\u00efck Nicolazic &nbsp; &nbsp; &nbsp; FORMATION 1994-1999\u00a0: Conservatoire National de R\u00e9gion de [&hellip;]","og_url":"https:\/\/omnivion.net\/core\/fr\/team\/annaick_nicolazic\/","og_site_name":"omnivion.net","article_modified_time":"2020-12-16T12:12:31+00:00","og_image":[{"url":"http:\/\/omnivion.net\/core\/wp-content\/uploads\/2020\/12\/duret-bernard-15_edit1-1024x642.jpg","type":"","width":"","height":""}],"twitter_card":"summary_large_image","twitter_misc":{"Dur\u00e9e de lecture estim\u00e9e":"8 minutes"},"schema":{"@context":"https:\/\/schema.org","@graph":[{"@type":"WebPage","@id":"https:\/\/omnivion.net\/core\/fr\/team\/annaick_nicolazic\/","url":"https:\/\/omnivion.net\/core\/fr\/team\/annaick_nicolazic\/","name":"Anna\u00efck Nicolazic - omnivion.net","isPartOf":{"@id":"https:\/\/omnivion.net\/core\/fr\/#website"},"primaryImageOfPage":{"@id":"https:\/\/omnivion.net\/core\/fr\/team\/annaick_nicolazic\/#primaryimage"},"image":{"@id":"https:\/\/omnivion.net\/core\/fr\/team\/annaick_nicolazic\/#primaryimage"},"thumbnailUrl":"http:\/\/omnivion.net\/core\/wp-content\/uploads\/2020\/12\/duret-bernard-15_edit1-1024x642.jpg","datePublished":"2020-12-16T10:43:11+00:00","dateModified":"2020-12-16T12:12:31+00:00","breadcrumb":{"@id":"https:\/\/omnivion.net\/core\/fr\/team\/annaick_nicolazic\/#breadcrumb"},"inLanguage":"fr-FR","potentialAction":[{"@type":"ReadAction","target":["https:\/\/omnivion.net\/core\/fr\/team\/annaick_nicolazic\/"]}]},{"@type":"ImageObject","inLanguage":"fr-FR","@id":"https:\/\/omnivion.net\/core\/fr\/team\/annaick_nicolazic\/#primaryimage","url":"http:\/\/omnivion.net\/core\/wp-content\/uploads\/2020\/12\/duret-bernard-15_edit1-1024x642.jpg","contentUrl":"http:\/\/omnivion.net\/core\/wp-content\/uploads\/2020\/12\/duret-bernard-15_edit1-1024x642.jpg"},{"@type":"BreadcrumbList","@id":"https:\/\/omnivion.net\/core\/fr\/team\/annaick_nicolazic\/#breadcrumb","itemListElement":[{"@type":"ListItem","position":1,"name":"Accueil","item":"https:\/\/omnivion.net\/core\/en\/silverstorm\/"},{"@type":"ListItem","position":2,"name":"Equipe","item":"https:\/\/omnivion.net\/core\/team\/"},{"@type":"ListItem","position":3,"name":"Anna\u00efck Nicolazic"}]},{"@type":"WebSite","@id":"https:\/\/omnivion.net\/core\/fr\/#website","url":"https:\/\/omnivion.net\/core\/fr\/","name":"omnivion.net","description":"...ARTS D&#039;\u00caTRE CORPS...","potentialAction":[{"@type":"SearchAction","target":{"@type":"EntryPoint","urlTemplate":"https:\/\/omnivion.net\/core\/fr\/?s={search_term_string}"},"query-input":{"@type":"PropertyValueSpecification","valueRequired":true,"valueName":"search_term_string"}}],"inLanguage":"fr-FR"}]}},"jetpack_sharing_enabled":true,"jetpack_shortlink":"https:\/\/wp.me\/P2fe7Q-11b","jetpack_likes_enabled":true,"_links":{"self":[{"href":"https:\/\/omnivion.net\/core\/fr\/wp-json\/wp\/v2\/pages\/3917","targetHints":{"allow":["GET"]}}],"collection":[{"href":"https:\/\/omnivion.net\/core\/fr\/wp-json\/wp\/v2\/pages"}],"about":[{"href":"https:\/\/omnivion.net\/core\/fr\/wp-json\/wp\/v2\/types\/page"}],"author":[{"embeddable":true,"href":"https:\/\/omnivion.net\/core\/fr\/wp-json\/wp\/v2\/users\/1"}],"replies":[{"embeddable":true,"href":"https:\/\/omnivion.net\/core\/fr\/wp-json\/wp\/v2\/comments?post=3917"}],"version-history":[{"count":2,"href":"https:\/\/omnivion.net\/core\/fr\/wp-json\/wp\/v2\/pages\/3917\/revisions"}],"predecessor-version":[{"id":3923,"href":"https:\/\/omnivion.net\/core\/fr\/wp-json\/wp\/v2\/pages\/3917\/revisions\/3923"}],"up":[{"embeddable":true,"href":"https:\/\/omnivion.net\/core\/fr\/wp-json\/wp\/v2\/pages\/66"}],"wp:attachment":[{"href":"https:\/\/omnivion.net\/core\/fr\/wp-json\/wp\/v2\/media?parent=3917"}],"curies":[{"name":"wp","href":"https:\/\/api.w.org\/{rel}","templated":true}]}}