{"id":3792,"date":"2020-09-27T20:37:20","date_gmt":"2020-09-27T19:37:20","guid":{"rendered":"http:\/\/omnivion.net\/core\/projets\/projets-artistiques\/newtopia-8\/rumeurs-2020-copy\/"},"modified":"2025-06-30T10:57:50","modified_gmt":"2025-06-30T09:57:50","slug":"omninihilum","status":"publish","type":"page","link":"https:\/\/omnivion.net\/core\/fr\/projets\/projets-artistiques\/newtopia-8\/omninihilum\/","title":{"rendered":"Omni-Nihilum (2020-2021)"},"content":{"rendered":"<p><div id=\"attachment_3793\" style=\"width: 810px\" class=\"wp-caption alignnone\"><a href=\"https:\/\/i0.wp.com\/omnivion.net\/core\/wp-content\/uploads\/2020\/09\/P1260286b_web.jpg\"><img data-recalc-dims=\"1\" loading=\"lazy\" decoding=\"async\" aria-describedby=\"caption-attachment-3793\" class=\"size-full wp-image-3793\" src=\"https:\/\/i0.wp.com\/omnivion.net\/core\/wp-content\/uploads\/2020\/09\/P1260286b_web.jpg?resize=800%2C276\" alt=\"\" width=\"800\" height=\"276\" srcset=\"https:\/\/i0.wp.com\/omnivion.net\/core\/wp-content\/uploads\/2020\/09\/P1260286b_web.jpg?w=800&amp;ssl=1 800w, https:\/\/i0.wp.com\/omnivion.net\/core\/wp-content\/uploads\/2020\/09\/P1260286b_web.jpg?resize=300%2C104&amp;ssl=1 300w, https:\/\/i0.wp.com\/omnivion.net\/core\/wp-content\/uploads\/2020\/09\/P1260286b_web.jpg?resize=768%2C265&amp;ssl=1 768w\" sizes=\"auto, (max-width: 800px) 100vw, 800px\" \/><\/a><p id=\"caption-attachment-3793\" class=\"wp-caption-text\">Photo par Dimitri Tsiapkinis<\/p><\/div><\/p>\n<h3>NEWTOPIA 8.3 \/ Omni-Nihilum<\/h3>\n<p><strong><em>\u00ab\u00a0Les contraires s&rsquo;accordent, la discordance cr\u00e9e la plus belle harmonie : le devenir tout entier est une lutte.\u00a0\u00bb <\/em>H\u00e9raclite<\/strong><\/p>\n<p>Une\u00a0 cr\u00e9ation danse-th\u00e9\u00e2trale (2020-2021) de l\u2019\u00e9quipe d\u2019Omnivion, centr\u00e9e sur la polarit\u00e9, les oppos\u00e9s, la discordance.<\/p>\n<p>Un projet danse et sant\u00e9 psychique soutenu par la DRAC et ARS Centre, la Ville de Tours et Transept37.<\/p>\n<p><strong>La premi\u00e8re a \u00e9t\u00e9 le 2 et 3 octobre 2021, au Petit Morier \u00e0 Tours. <\/strong><\/p>\n<h3>DOSSIER DE PRESSE : <a href=\"http:\/\/omnivion.net\/core\/wp-content\/uploads\/2021\/09\/2021-10_Newtopia_8.3_Dossier_Presse_II.pdf\">DOSSIER OMNINIHILUM!<\/a><\/h3>\n<p><span style=\"font-size: 14pt;\"><strong>Photos : <a href=\"https:\/\/flic.kr\/s\/aHsmWSUSJD\">flic.kr\/OmniNihilum<\/a><\/strong><\/span><\/p>\n<p>&nbsp;<\/p>\n<p><strong>\u00ab\u00a0<em>Chuter, s\u2019\u00e9riger\u2026Tomber, se relever. Une vielle histoire\u2026de danse.<\/em><\/strong><\/p>\n<p><em>Les tensions nous \u00e9crasent mais elles nous tiennent debout aussi.<\/em><\/p>\n<p><em>Certains d\u2019entre nous n\u2019ont pas peur des conflits, d\u2019autres \u2013 comme moi \u2013 vivent en angoisse face aux conflits imminents. L\u2019art pourrait nous donner des appuis n\u00e9cessaires pour contenir les oppos\u00e9s sans se briser. N\u00e9anmoins, l\u2019art n\u2019est pas une th\u00e9rapie. Il peut nous soigner certes, mais il peut aussi d\u00e9chirer nos visions du monde et nous d\u00e9munir. Quel p\u00f4le choisir, quelle perspective, quelle v\u00e9rit\u00e9 et \u00e0 quel moment\u00a0? Chaque pas, chaque souffle dessine des nouveaux traits sur nos cartographies dualistes. Le 21\u00e8me si\u00e8cle pourrait nous r\u00e9v\u00e9ler d\u2019autres r\u00e9ponses, non-binaires, face au miracle de la vie\u00a0? Quelle \u00e9volution pour l\u2019Humain lorsque l\u2019Intelligence Artificielle a d\u00e9j\u00e0 transcend\u00e9 le binaire avec le supercalculateur quantique de Google ?<\/em><\/p>\n<p><em>Oui&#8230;des grandes questions que nous ne comprenons pas vraiment, mais qui nous intriguent tout de m\u00eame.<\/em><\/p>\n<p><em>Un nouveau d\u00e9fi avec nous-m\u00eames se manifeste : Quelle danse inventer sur nos pas perdus, en oscillation incessante entre le noir et le blanc, le masculin et le f\u00e9minin, le z\u00e9ro et le un ?\u00a0 Malgr\u00e9 nos connaissances limit\u00e9es, nos n\u00e9vroses, nos psychoses, chacun cherchera des r\u00e9ponses avec sa singularit\u00e9, sa subjectivit\u00e9, son \u00e9prouv\u00e9&#8230;Un jeu impr\u00e9visible d\u2019\u00e9quilibriste qui renouvelle nos vertiges existentiels<\/em> ?\u00a0\u00bb Dimitri Tsiapkinis<\/p>\n<p><strong>Conception<\/strong> \/ <strong>direction<\/strong> : Dimitri Tsiapkinis<\/p>\n<p><strong>Danse, chor\u00e9graphie<\/strong>\u00a0: Bartel Bruynseels, Christine Causera, Vanessa Gilbert, Claire Guillaume, Catherine Mondou, Bruno Morin, Kostas Papazoglou, Quentin Perrotte, Rosa Pires de Matos, Yvan Pousset, Dimitri Tsiapkinis, Xing Yang<\/p>\n<p><strong>Dur\u00e9e\u00a0<\/strong>: 55 min<\/p>\n<p>&nbsp;<\/p>\n<p><strong>Partenaires et financement :<\/strong><\/p>\n<p><a href=\"https:\/\/i0.wp.com\/omnivion.net\/core\/wp-content\/uploads\/2020\/10\/Logos_Newtopia_8.3-1.jpg\"><img data-recalc-dims=\"1\" loading=\"lazy\" decoding=\"async\" class=\"alignnone size-large wp-image-3806\" src=\"https:\/\/i0.wp.com\/omnivion.net\/core\/wp-content\/uploads\/2020\/10\/Logos_Newtopia_8.3-1-1024x319.jpg?resize=800%2C249\" alt=\"\" width=\"800\" height=\"249\" srcset=\"https:\/\/i0.wp.com\/omnivion.net\/core\/wp-content\/uploads\/2020\/10\/Logos_Newtopia_8.3-1.jpg?resize=1024%2C319&amp;ssl=1 1024w, https:\/\/i0.wp.com\/omnivion.net\/core\/wp-content\/uploads\/2020\/10\/Logos_Newtopia_8.3-1.jpg?resize=300%2C93&amp;ssl=1 300w, https:\/\/i0.wp.com\/omnivion.net\/core\/wp-content\/uploads\/2020\/10\/Logos_Newtopia_8.3-1.jpg?resize=768%2C239&amp;ssl=1 768w, https:\/\/i0.wp.com\/omnivion.net\/core\/wp-content\/uploads\/2020\/10\/Logos_Newtopia_8.3-1.jpg?w=1122&amp;ssl=1 1122w\" sizes=\"auto, (max-width: 800px) 100vw, 800px\" \/><\/a><\/p>\n<p>&nbsp;<\/p>","protected":false},"excerpt":{"rendered":"<p>NEWTOPIA 8.3 \/ Omni-Nihilum \u00ab\u00a0Les contraires s&rsquo;accordent, la discordance cr\u00e9e la plus belle [&hellip;]<\/p>\n","protected":false},"author":1,"featured_media":0,"parent":3491,"menu_order":0,"comment_status":"closed","ping_status":"closed","template":"","meta":{"jetpack_post_was_ever_published":false,"footnotes":""},"class_list":["post-3792","page","type-page","status-publish","hentry"],"yoast_head":"<!-- This site is optimized with the Yoast SEO plugin v26.8 - https:\/\/yoast.com\/product\/yoast-seo-wordpress\/ -->\n<title>Omni-Nihilum (2020-2021) - omnivion.net<\/title>\n<meta name=\"robots\" content=\"index, follow, max-snippet:-1, max-image-preview:large, max-video-preview:-1\" \/>\n<link rel=\"canonical\" href=\"https:\/\/omnivion.net\/core\/fr\/projets\/projets-artistiques\/newtopia-8\/omninihilum\/\" \/>\n<meta property=\"og:locale\" content=\"fr_FR\" \/>\n<meta property=\"og:type\" content=\"article\" \/>\n<meta property=\"og:title\" content=\"Omni-Nihilum (2020-2021) - omnivion.net\" \/>\n<meta property=\"og:description\" content=\"NEWTOPIA 8.3 \/ Omni-Nihilum \u00ab\u00a0Les contraires s&rsquo;accordent, la discordance cr\u00e9e la plus belle [&hellip;]\" \/>\n<meta property=\"og:url\" content=\"https:\/\/omnivion.net\/core\/fr\/projets\/projets-artistiques\/newtopia-8\/omninihilum\/\" \/>\n<meta property=\"og:site_name\" content=\"omnivion.net\" \/>\n<meta property=\"article:modified_time\" content=\"2025-06-30T09:57:50+00:00\" \/>\n<meta property=\"og:image\" content=\"http:\/\/omnivion.net\/core\/wp-content\/uploads\/2020\/09\/P1260286b_web.jpg\" \/>\n<meta name=\"twitter:card\" content=\"summary_large_image\" \/>\n<meta name=\"twitter:label1\" content=\"Dur\u00e9e de lecture estim\u00e9e\" \/>\n\t<meta name=\"twitter:data1\" content=\"3 minutes\" \/>\n<script type=\"application\/ld+json\" class=\"yoast-schema-graph\">{\"@context\":\"https:\/\/schema.org\",\"@graph\":[{\"@type\":\"WebPage\",\"@id\":\"https:\/\/omnivion.net\/core\/fr\/projets\/projets-artistiques\/newtopia-8\/omninihilum\/\",\"url\":\"https:\/\/omnivion.net\/core\/fr\/projets\/projets-artistiques\/newtopia-8\/omninihilum\/\",\"name\":\"Omni-Nihilum (2020-2021) - omnivion.net\",\"isPartOf\":{\"@id\":\"https:\/\/omnivion.net\/core\/fr\/#website\"},\"primaryImageOfPage\":{\"@id\":\"https:\/\/omnivion.net\/core\/fr\/projets\/projets-artistiques\/newtopia-8\/omninihilum\/#primaryimage\"},\"image\":{\"@id\":\"https:\/\/omnivion.net\/core\/fr\/projets\/projets-artistiques\/newtopia-8\/omninihilum\/#primaryimage\"},\"thumbnailUrl\":\"http:\/\/omnivion.net\/core\/wp-content\/uploads\/2020\/09\/P1260286b_web.jpg\",\"datePublished\":\"2020-09-27T19:37:20+00:00\",\"dateModified\":\"2025-06-30T09:57:50+00:00\",\"breadcrumb\":{\"@id\":\"https:\/\/omnivion.net\/core\/fr\/projets\/projets-artistiques\/newtopia-8\/omninihilum\/#breadcrumb\"},\"inLanguage\":\"fr-FR\",\"potentialAction\":[{\"@type\":\"ReadAction\",\"target\":[\"https:\/\/omnivion.net\/core\/fr\/projets\/projets-artistiques\/newtopia-8\/omninihilum\/\"]}]},{\"@type\":\"ImageObject\",\"inLanguage\":\"fr-FR\",\"@id\":\"https:\/\/omnivion.net\/core\/fr\/projets\/projets-artistiques\/newtopia-8\/omninihilum\/#primaryimage\",\"url\":\"http:\/\/omnivion.net\/core\/wp-content\/uploads\/2020\/09\/P1260286b_web.jpg\",\"contentUrl\":\"http:\/\/omnivion.net\/core\/wp-content\/uploads\/2020\/09\/P1260286b_web.jpg\"},{\"@type\":\"BreadcrumbList\",\"@id\":\"https:\/\/omnivion.net\/core\/fr\/projets\/projets-artistiques\/newtopia-8\/omninihilum\/#breadcrumb\",\"itemListElement\":[{\"@type\":\"ListItem\",\"position\":1,\"name\":\"Accueil\",\"item\":\"https:\/\/omnivion.net\/core\/en\/silverstorm\/\"},{\"@type\":\"ListItem\",\"position\":2,\"name\":\"Projets\",\"item\":\"https:\/\/omnivion.net\/core\/fr\/projets\/\"},{\"@type\":\"ListItem\",\"position\":3,\"name\":\"Projets Artistiques\",\"item\":\"https:\/\/omnivion.net\/core\/projets\/projets-artistiques\/\"},{\"@type\":\"ListItem\",\"position\":4,\"name\":\"Newtopia 8\",\"item\":\"https:\/\/omnivion.net\/core\/projets\/projets-artistiques\/newtopia-8\/\"},{\"@type\":\"ListItem\",\"position\":5,\"name\":\"Omni-Nihilum (2020-2021)\"}]},{\"@type\":\"WebSite\",\"@id\":\"https:\/\/omnivion.net\/core\/fr\/#website\",\"url\":\"https:\/\/omnivion.net\/core\/fr\/\",\"name\":\"omnivion.net\",\"description\":\"...ARTS D&#039;\u00caTRE CORPS...\",\"potentialAction\":[{\"@type\":\"SearchAction\",\"target\":{\"@type\":\"EntryPoint\",\"urlTemplate\":\"https:\/\/omnivion.net\/core\/fr\/?s={search_term_string}\"},\"query-input\":{\"@type\":\"PropertyValueSpecification\",\"valueRequired\":true,\"valueName\":\"search_term_string\"}}],\"inLanguage\":\"fr-FR\"}]}<\/script>\n<!-- \/ Yoast SEO plugin. -->","yoast_head_json":{"title":"Omni-Nihilum (2020-2021) - omnivion.net","robots":{"index":"index","follow":"follow","max-snippet":"max-snippet:-1","max-image-preview":"max-image-preview:large","max-video-preview":"max-video-preview:-1"},"canonical":"https:\/\/omnivion.net\/core\/fr\/projets\/projets-artistiques\/newtopia-8\/omninihilum\/","og_locale":"fr_FR","og_type":"article","og_title":"Omni-Nihilum (2020-2021) - omnivion.net","og_description":"NEWTOPIA 8.3 \/ Omni-Nihilum \u00ab\u00a0Les contraires s&rsquo;accordent, la discordance cr\u00e9e la plus belle [&hellip;]","og_url":"https:\/\/omnivion.net\/core\/fr\/projets\/projets-artistiques\/newtopia-8\/omninihilum\/","og_site_name":"omnivion.net","article_modified_time":"2025-06-30T09:57:50+00:00","og_image":[{"url":"http:\/\/omnivion.net\/core\/wp-content\/uploads\/2020\/09\/P1260286b_web.jpg","type":"","width":"","height":""}],"twitter_card":"summary_large_image","twitter_misc":{"Dur\u00e9e de lecture estim\u00e9e":"3 minutes"},"schema":{"@context":"https:\/\/schema.org","@graph":[{"@type":"WebPage","@id":"https:\/\/omnivion.net\/core\/fr\/projets\/projets-artistiques\/newtopia-8\/omninihilum\/","url":"https:\/\/omnivion.net\/core\/fr\/projets\/projets-artistiques\/newtopia-8\/omninihilum\/","name":"Omni-Nihilum (2020-2021) - omnivion.net","isPartOf":{"@id":"https:\/\/omnivion.net\/core\/fr\/#website"},"primaryImageOfPage":{"@id":"https:\/\/omnivion.net\/core\/fr\/projets\/projets-artistiques\/newtopia-8\/omninihilum\/#primaryimage"},"image":{"@id":"https:\/\/omnivion.net\/core\/fr\/projets\/projets-artistiques\/newtopia-8\/omninihilum\/#primaryimage"},"thumbnailUrl":"http:\/\/omnivion.net\/core\/wp-content\/uploads\/2020\/09\/P1260286b_web.jpg","datePublished":"2020-09-27T19:37:20+00:00","dateModified":"2025-06-30T09:57:50+00:00","breadcrumb":{"@id":"https:\/\/omnivion.net\/core\/fr\/projets\/projets-artistiques\/newtopia-8\/omninihilum\/#breadcrumb"},"inLanguage":"fr-FR","potentialAction":[{"@type":"ReadAction","target":["https:\/\/omnivion.net\/core\/fr\/projets\/projets-artistiques\/newtopia-8\/omninihilum\/"]}]},{"@type":"ImageObject","inLanguage":"fr-FR","@id":"https:\/\/omnivion.net\/core\/fr\/projets\/projets-artistiques\/newtopia-8\/omninihilum\/#primaryimage","url":"http:\/\/omnivion.net\/core\/wp-content\/uploads\/2020\/09\/P1260286b_web.jpg","contentUrl":"http:\/\/omnivion.net\/core\/wp-content\/uploads\/2020\/09\/P1260286b_web.jpg"},{"@type":"BreadcrumbList","@id":"https:\/\/omnivion.net\/core\/fr\/projets\/projets-artistiques\/newtopia-8\/omninihilum\/#breadcrumb","itemListElement":[{"@type":"ListItem","position":1,"name":"Accueil","item":"https:\/\/omnivion.net\/core\/en\/silverstorm\/"},{"@type":"ListItem","position":2,"name":"Projets","item":"https:\/\/omnivion.net\/core\/fr\/projets\/"},{"@type":"ListItem","position":3,"name":"Projets Artistiques","item":"https:\/\/omnivion.net\/core\/projets\/projets-artistiques\/"},{"@type":"ListItem","position":4,"name":"Newtopia 8","item":"https:\/\/omnivion.net\/core\/projets\/projets-artistiques\/newtopia-8\/"},{"@type":"ListItem","position":5,"name":"Omni-Nihilum (2020-2021)"}]},{"@type":"WebSite","@id":"https:\/\/omnivion.net\/core\/fr\/#website","url":"https:\/\/omnivion.net\/core\/fr\/","name":"omnivion.net","description":"...ARTS D&#039;\u00caTRE CORPS...","potentialAction":[{"@type":"SearchAction","target":{"@type":"EntryPoint","urlTemplate":"https:\/\/omnivion.net\/core\/fr\/?s={search_term_string}"},"query-input":{"@type":"PropertyValueSpecification","valueRequired":true,"valueName":"search_term_string"}}],"inLanguage":"fr-FR"}]}},"jetpack_sharing_enabled":true,"jetpack_shortlink":"https:\/\/wp.me\/P2fe7Q-Za","jetpack_likes_enabled":true,"_links":{"self":[{"href":"https:\/\/omnivion.net\/core\/fr\/wp-json\/wp\/v2\/pages\/3792","targetHints":{"allow":["GET"]}}],"collection":[{"href":"https:\/\/omnivion.net\/core\/fr\/wp-json\/wp\/v2\/pages"}],"about":[{"href":"https:\/\/omnivion.net\/core\/fr\/wp-json\/wp\/v2\/types\/page"}],"author":[{"embeddable":true,"href":"https:\/\/omnivion.net\/core\/fr\/wp-json\/wp\/v2\/users\/1"}],"replies":[{"embeddable":true,"href":"https:\/\/omnivion.net\/core\/fr\/wp-json\/wp\/v2\/comments?post=3792"}],"version-history":[{"count":12,"href":"https:\/\/omnivion.net\/core\/fr\/wp-json\/wp\/v2\/pages\/3792\/revisions"}],"predecessor-version":[{"id":5621,"href":"https:\/\/omnivion.net\/core\/fr\/wp-json\/wp\/v2\/pages\/3792\/revisions\/5621"}],"up":[{"embeddable":true,"href":"https:\/\/omnivion.net\/core\/fr\/wp-json\/wp\/v2\/pages\/3491"}],"wp:attachment":[{"href":"https:\/\/omnivion.net\/core\/fr\/wp-json\/wp\/v2\/media?parent=3792"}],"curies":[{"name":"wp","href":"https:\/\/api.w.org\/{rel}","templated":true}]}}