{"id":3760,"date":"2020-09-08T11:49:21","date_gmt":"2020-09-08T10:49:21","guid":{"rendered":"http:\/\/omnivion.net\/core\/?page_id=3760"},"modified":"2022-05-30T22:11:14","modified_gmt":"2022-05-30T21:11:14","slug":"rumeurs-2020","status":"publish","type":"page","link":"https:\/\/omnivion.net\/core\/fr\/projets\/projets-artistiques\/newtopia-8\/rumeurs-2020\/","title":{"rendered":"Rumeurs de la Mer (2020) \/ Newtopia 8.2"},"content":{"rendered":"<p><div id=\"attachment_3761\" style=\"width: 810px\" class=\"wp-caption alignnone\"><a href=\"https:\/\/i0.wp.com\/omnivion.net\/core\/wp-content\/uploads\/2020\/09\/Omnivion-2979_EDIT_Extrait_web_Photo_par_C.Vinson.jpeg\"><img data-recalc-dims=\"1\" loading=\"lazy\" decoding=\"async\" aria-describedby=\"caption-attachment-3761\" class=\"size-full wp-image-3761\" src=\"https:\/\/i0.wp.com\/omnivion.net\/core\/wp-content\/uploads\/2020\/09\/Omnivion-2979_EDIT_Extrait_web_Photo_par_C.Vinson.jpeg?resize=800%2C435\" alt=\"\" width=\"800\" height=\"435\" srcset=\"https:\/\/i0.wp.com\/omnivion.net\/core\/wp-content\/uploads\/2020\/09\/Omnivion-2979_EDIT_Extrait_web_Photo_par_C.Vinson.jpeg?w=800&amp;ssl=1 800w, https:\/\/i0.wp.com\/omnivion.net\/core\/wp-content\/uploads\/2020\/09\/Omnivion-2979_EDIT_Extrait_web_Photo_par_C.Vinson.jpeg?resize=300%2C163&amp;ssl=1 300w, https:\/\/i0.wp.com\/omnivion.net\/core\/wp-content\/uploads\/2020\/09\/Omnivion-2979_EDIT_Extrait_web_Photo_par_C.Vinson.jpeg?resize=768%2C418&amp;ssl=1 768w\" sizes=\"auto, (max-width: 800px) 100vw, 800px\" \/><\/a><p id=\"caption-attachment-3761\" class=\"wp-caption-text\">Photo par Claire VINSON<\/p><\/div><\/p>\n<p><em>Rumeurs de la Mer<\/em> est la derni\u00e8re performance chor\u00e9graphique de <a href=\"http:\/\/omnivion.net\/core\/team\/dimitrios-tsiapkinis\/\">Dimitri Tsiapkinis<\/a> produite par l\u2019association Omnivion dans le cadre de <strong><a href=\"http:\/\/omnivion.net\/core\/projets\/projets-artistiques\/newtopia-8\/\">Newtopia 8<\/a><\/strong> et suite \u00e0 une invitation par le festival les Inattendus de la Ville de Tours. Il a \u00e9t\u00e9 pr\u00e9sent\u00e9 le<strong> 15 ao\u00fbt 2020, \u00e0 la Guinguette de Tours (37000).<br \/>\n<\/strong><\/p>\n<p><strong>Teaser :<a href=\"https:\/\/vimeo.com\/455866092\" target=\"_blank\" rel=\"noopener noreferrer\">vimeo.com\/455866092<\/a><\/strong><\/p>\n<p>C\u2019est une improvisation structur\u00e9e, avec des mati\u00e8res de <a href=\"https:\/\/omnivion.net\/core\/projets\/projets-artistiques\/newtopia-8\/omninihilum\/\"><strong>Omni-Nihilum \/ Newtopia 8.3<\/strong><\/a>, inspir\u00e9e d\u2019une citation de l\u2019\u00e9crivain Nikos Kazantzakis qui interroge la notion du bonheur : <em>\u00ab\u00a0Nous rest\u00e2mes silencieux aupr\u00e8s du brasero, tard dans la nuit. Je sentais de nouveau combien le bonheur est chose simple et frugale : un verre de vin, une ch\u00e2taigne, un mis\u00e9rable po\u00eale, la rumeur de la mer. Rien d&rsquo;autre. Et pour sentir que tout cela c&rsquo;est du bonheur, il ne faut qu&rsquo;un c\u0153ur simple et frugal.\u00a0\u00bb <\/em>Nikos Kazantzakis, du roman Alexis Zorbas<\/p>\n<p>Conception \/ interpr\u00e9tation : Dimitri Tsiapkinis<\/p>\n<p><strong>Dur\u00e9e\u00a0<\/strong>: 15-20 min<\/p>\n<p><strong>\u00a0<\/strong><\/p>\n<p><strong>NOTE D\u2019INTENTION<\/strong><\/p>\n<p>Une performance solo, en r\u00e9sonance avec des questionnements actuelles sur les besoins humains essentiels, dans un monde avec des ressources limit\u00e9es. Subjectivit\u00e9s et intersubjectivit\u00e9s qui tissent des nouvelles lucidit\u00e9s face aux d\u00e9fis de notre si\u00e8cle. Est-ce qu\u2019une danse sensible peut nous inspirer pour transcender nos \u00ab rages de vivre \u00bb ? Est-ce qu\u2019une danse extatique peut d\u00e9construire \u00ab nos \u00bb urgences artificielles de consommer ? Est-ce que la mer, source de vie peut toujours nous inspirer avec ses rumeurs semi-divins? Le grand bleu, l&rsquo;eau sal\u00e9 qui nous entoure et nous habite pourrait encore nous pr\u00eater une certaine fluidit\u00e9 de penser, de s\u2019\u00e9mouvoir, de vivre en harmonie avec&#8230;<\/p>\n<p>&nbsp;<\/p>\n<p><strong>\u00a0<\/strong><\/p>","protected":false},"excerpt":{"rendered":"<p>Rumeurs de la Mer est la derni\u00e8re performance chor\u00e9graphique de Dimitri Tsiapkinis produite [&hellip;]<\/p>\n","protected":false},"author":1,"featured_media":0,"parent":3491,"menu_order":0,"comment_status":"closed","ping_status":"closed","template":"","meta":{"jetpack_post_was_ever_published":false,"footnotes":""},"class_list":["post-3760","page","type-page","status-publish","hentry"],"yoast_head":"<!-- This site is optimized with the Yoast SEO plugin v26.8 - https:\/\/yoast.com\/product\/yoast-seo-wordpress\/ -->\n<title>Rumeurs de la Mer (2020) \/ Newtopia 8.2 - omnivion.net<\/title>\n<meta name=\"robots\" content=\"index, follow, max-snippet:-1, max-image-preview:large, max-video-preview:-1\" \/>\n<link rel=\"canonical\" href=\"https:\/\/omnivion.net\/core\/fr\/projets\/projets-artistiques\/newtopia-8\/rumeurs-2020\/\" \/>\n<meta property=\"og:locale\" content=\"fr_FR\" \/>\n<meta property=\"og:type\" content=\"article\" \/>\n<meta property=\"og:title\" content=\"Rumeurs de la Mer (2020) \/ Newtopia 8.2 - omnivion.net\" \/>\n<meta property=\"og:description\" content=\"Rumeurs de la Mer est la derni\u00e8re performance chor\u00e9graphique de Dimitri Tsiapkinis produite [&hellip;]\" \/>\n<meta property=\"og:url\" content=\"https:\/\/omnivion.net\/core\/fr\/projets\/projets-artistiques\/newtopia-8\/rumeurs-2020\/\" \/>\n<meta property=\"og:site_name\" content=\"omnivion.net\" \/>\n<meta property=\"article:modified_time\" content=\"2022-05-30T21:11:14+00:00\" \/>\n<meta property=\"og:image\" content=\"http:\/\/omnivion.net\/core\/wp-content\/uploads\/2020\/09\/Omnivion-2979_EDIT_Extrait_web_Photo_par_C.Vinson.jpeg\" \/>\n<meta name=\"twitter:card\" content=\"summary_large_image\" \/>\n<meta name=\"twitter:label1\" content=\"Dur\u00e9e de lecture estim\u00e9e\" \/>\n\t<meta name=\"twitter:data1\" content=\"2 minutes\" \/>\n<script type=\"application\/ld+json\" class=\"yoast-schema-graph\">{\"@context\":\"https:\/\/schema.org\",\"@graph\":[{\"@type\":\"WebPage\",\"@id\":\"https:\/\/omnivion.net\/core\/fr\/projets\/projets-artistiques\/newtopia-8\/rumeurs-2020\/\",\"url\":\"https:\/\/omnivion.net\/core\/fr\/projets\/projets-artistiques\/newtopia-8\/rumeurs-2020\/\",\"name\":\"Rumeurs de la Mer (2020) \/ Newtopia 8.2 - omnivion.net\",\"isPartOf\":{\"@id\":\"https:\/\/omnivion.net\/core\/fr\/#website\"},\"primaryImageOfPage\":{\"@id\":\"https:\/\/omnivion.net\/core\/fr\/projets\/projets-artistiques\/newtopia-8\/rumeurs-2020\/#primaryimage\"},\"image\":{\"@id\":\"https:\/\/omnivion.net\/core\/fr\/projets\/projets-artistiques\/newtopia-8\/rumeurs-2020\/#primaryimage\"},\"thumbnailUrl\":\"http:\/\/omnivion.net\/core\/wp-content\/uploads\/2020\/09\/Omnivion-2979_EDIT_Extrait_web_Photo_par_C.Vinson.jpeg\",\"datePublished\":\"2020-09-08T10:49:21+00:00\",\"dateModified\":\"2022-05-30T21:11:14+00:00\",\"breadcrumb\":{\"@id\":\"https:\/\/omnivion.net\/core\/fr\/projets\/projets-artistiques\/newtopia-8\/rumeurs-2020\/#breadcrumb\"},\"inLanguage\":\"fr-FR\",\"potentialAction\":[{\"@type\":\"ReadAction\",\"target\":[\"https:\/\/omnivion.net\/core\/fr\/projets\/projets-artistiques\/newtopia-8\/rumeurs-2020\/\"]}]},{\"@type\":\"ImageObject\",\"inLanguage\":\"fr-FR\",\"@id\":\"https:\/\/omnivion.net\/core\/fr\/projets\/projets-artistiques\/newtopia-8\/rumeurs-2020\/#primaryimage\",\"url\":\"http:\/\/omnivion.net\/core\/wp-content\/uploads\/2020\/09\/Omnivion-2979_EDIT_Extrait_web_Photo_par_C.Vinson.jpeg\",\"contentUrl\":\"http:\/\/omnivion.net\/core\/wp-content\/uploads\/2020\/09\/Omnivion-2979_EDIT_Extrait_web_Photo_par_C.Vinson.jpeg\"},{\"@type\":\"BreadcrumbList\",\"@id\":\"https:\/\/omnivion.net\/core\/fr\/projets\/projets-artistiques\/newtopia-8\/rumeurs-2020\/#breadcrumb\",\"itemListElement\":[{\"@type\":\"ListItem\",\"position\":1,\"name\":\"Accueil\",\"item\":\"https:\/\/omnivion.net\/core\/en\/silverstorm\/\"},{\"@type\":\"ListItem\",\"position\":2,\"name\":\"Projets\",\"item\":\"https:\/\/omnivion.net\/core\/fr\/projets\/\"},{\"@type\":\"ListItem\",\"position\":3,\"name\":\"Projets Artistiques\",\"item\":\"https:\/\/omnivion.net\/core\/projets\/projets-artistiques\/\"},{\"@type\":\"ListItem\",\"position\":4,\"name\":\"Newtopia 8\",\"item\":\"https:\/\/omnivion.net\/core\/projets\/projets-artistiques\/newtopia-8\/\"},{\"@type\":\"ListItem\",\"position\":5,\"name\":\"Rumeurs de la Mer (2020) \/ Newtopia 8.2\"}]},{\"@type\":\"WebSite\",\"@id\":\"https:\/\/omnivion.net\/core\/fr\/#website\",\"url\":\"https:\/\/omnivion.net\/core\/fr\/\",\"name\":\"omnivion.net\",\"description\":\"...ARTS D&#039;\u00caTRE CORPS...\",\"potentialAction\":[{\"@type\":\"SearchAction\",\"target\":{\"@type\":\"EntryPoint\",\"urlTemplate\":\"https:\/\/omnivion.net\/core\/fr\/?s={search_term_string}\"},\"query-input\":{\"@type\":\"PropertyValueSpecification\",\"valueRequired\":true,\"valueName\":\"search_term_string\"}}],\"inLanguage\":\"fr-FR\"}]}<\/script>\n<!-- \/ Yoast SEO plugin. -->","yoast_head_json":{"title":"Rumeurs de la Mer (2020) \/ Newtopia 8.2 - omnivion.net","robots":{"index":"index","follow":"follow","max-snippet":"max-snippet:-1","max-image-preview":"max-image-preview:large","max-video-preview":"max-video-preview:-1"},"canonical":"https:\/\/omnivion.net\/core\/fr\/projets\/projets-artistiques\/newtopia-8\/rumeurs-2020\/","og_locale":"fr_FR","og_type":"article","og_title":"Rumeurs de la Mer (2020) \/ Newtopia 8.2 - omnivion.net","og_description":"Rumeurs de la Mer est la derni\u00e8re performance chor\u00e9graphique de Dimitri Tsiapkinis produite [&hellip;]","og_url":"https:\/\/omnivion.net\/core\/fr\/projets\/projets-artistiques\/newtopia-8\/rumeurs-2020\/","og_site_name":"omnivion.net","article_modified_time":"2022-05-30T21:11:14+00:00","og_image":[{"url":"http:\/\/omnivion.net\/core\/wp-content\/uploads\/2020\/09\/Omnivion-2979_EDIT_Extrait_web_Photo_par_C.Vinson.jpeg","type":"","width":"","height":""}],"twitter_card":"summary_large_image","twitter_misc":{"Dur\u00e9e de lecture estim\u00e9e":"2 minutes"},"schema":{"@context":"https:\/\/schema.org","@graph":[{"@type":"WebPage","@id":"https:\/\/omnivion.net\/core\/fr\/projets\/projets-artistiques\/newtopia-8\/rumeurs-2020\/","url":"https:\/\/omnivion.net\/core\/fr\/projets\/projets-artistiques\/newtopia-8\/rumeurs-2020\/","name":"Rumeurs de la Mer (2020) \/ Newtopia 8.2 - omnivion.net","isPartOf":{"@id":"https:\/\/omnivion.net\/core\/fr\/#website"},"primaryImageOfPage":{"@id":"https:\/\/omnivion.net\/core\/fr\/projets\/projets-artistiques\/newtopia-8\/rumeurs-2020\/#primaryimage"},"image":{"@id":"https:\/\/omnivion.net\/core\/fr\/projets\/projets-artistiques\/newtopia-8\/rumeurs-2020\/#primaryimage"},"thumbnailUrl":"http:\/\/omnivion.net\/core\/wp-content\/uploads\/2020\/09\/Omnivion-2979_EDIT_Extrait_web_Photo_par_C.Vinson.jpeg","datePublished":"2020-09-08T10:49:21+00:00","dateModified":"2022-05-30T21:11:14+00:00","breadcrumb":{"@id":"https:\/\/omnivion.net\/core\/fr\/projets\/projets-artistiques\/newtopia-8\/rumeurs-2020\/#breadcrumb"},"inLanguage":"fr-FR","potentialAction":[{"@type":"ReadAction","target":["https:\/\/omnivion.net\/core\/fr\/projets\/projets-artistiques\/newtopia-8\/rumeurs-2020\/"]}]},{"@type":"ImageObject","inLanguage":"fr-FR","@id":"https:\/\/omnivion.net\/core\/fr\/projets\/projets-artistiques\/newtopia-8\/rumeurs-2020\/#primaryimage","url":"http:\/\/omnivion.net\/core\/wp-content\/uploads\/2020\/09\/Omnivion-2979_EDIT_Extrait_web_Photo_par_C.Vinson.jpeg","contentUrl":"http:\/\/omnivion.net\/core\/wp-content\/uploads\/2020\/09\/Omnivion-2979_EDIT_Extrait_web_Photo_par_C.Vinson.jpeg"},{"@type":"BreadcrumbList","@id":"https:\/\/omnivion.net\/core\/fr\/projets\/projets-artistiques\/newtopia-8\/rumeurs-2020\/#breadcrumb","itemListElement":[{"@type":"ListItem","position":1,"name":"Accueil","item":"https:\/\/omnivion.net\/core\/en\/silverstorm\/"},{"@type":"ListItem","position":2,"name":"Projets","item":"https:\/\/omnivion.net\/core\/fr\/projets\/"},{"@type":"ListItem","position":3,"name":"Projets Artistiques","item":"https:\/\/omnivion.net\/core\/projets\/projets-artistiques\/"},{"@type":"ListItem","position":4,"name":"Newtopia 8","item":"https:\/\/omnivion.net\/core\/projets\/projets-artistiques\/newtopia-8\/"},{"@type":"ListItem","position":5,"name":"Rumeurs de la Mer (2020) \/ Newtopia 8.2"}]},{"@type":"WebSite","@id":"https:\/\/omnivion.net\/core\/fr\/#website","url":"https:\/\/omnivion.net\/core\/fr\/","name":"omnivion.net","description":"...ARTS D&#039;\u00caTRE CORPS...","potentialAction":[{"@type":"SearchAction","target":{"@type":"EntryPoint","urlTemplate":"https:\/\/omnivion.net\/core\/fr\/?s={search_term_string}"},"query-input":{"@type":"PropertyValueSpecification","valueRequired":true,"valueName":"search_term_string"}}],"inLanguage":"fr-FR"}]}},"jetpack_sharing_enabled":true,"jetpack_shortlink":"https:\/\/wp.me\/P2fe7Q-YE","jetpack_likes_enabled":true,"_links":{"self":[{"href":"https:\/\/omnivion.net\/core\/fr\/wp-json\/wp\/v2\/pages\/3760","targetHints":{"allow":["GET"]}}],"collection":[{"href":"https:\/\/omnivion.net\/core\/fr\/wp-json\/wp\/v2\/pages"}],"about":[{"href":"https:\/\/omnivion.net\/core\/fr\/wp-json\/wp\/v2\/types\/page"}],"author":[{"embeddable":true,"href":"https:\/\/omnivion.net\/core\/fr\/wp-json\/wp\/v2\/users\/1"}],"replies":[{"embeddable":true,"href":"https:\/\/omnivion.net\/core\/fr\/wp-json\/wp\/v2\/comments?post=3760"}],"version-history":[{"count":4,"href":"https:\/\/omnivion.net\/core\/fr\/wp-json\/wp\/v2\/pages\/3760\/revisions"}],"predecessor-version":[{"id":4684,"href":"https:\/\/omnivion.net\/core\/fr\/wp-json\/wp\/v2\/pages\/3760\/revisions\/4684"}],"up":[{"embeddable":true,"href":"https:\/\/omnivion.net\/core\/fr\/wp-json\/wp\/v2\/pages\/3491"}],"wp:attachment":[{"href":"https:\/\/omnivion.net\/core\/fr\/wp-json\/wp\/v2\/media?parent=3760"}],"curies":[{"name":"wp","href":"https:\/\/api.w.org\/{rel}","templated":true}]}}