{"id":3714,"date":"2020-07-05T15:58:11","date_gmt":"2020-07-05T14:58:11","guid":{"rendered":"http:\/\/omnivion.net\/core\/?page_id=3714"},"modified":"2020-11-27T20:26:12","modified_gmt":"2020-11-27T19:26:12","slug":"atelier-danse-2020-2021","status":"publish","type":"page","link":"https:\/\/omnivion.net\/core\/fr\/projets\/educational-projects\/atelier-danse-2020-2021\/","title":{"rendered":"Atelier de danse contemporaine Omnivion 2020-2021"},"content":{"rendered":"<p><div id=\"attachment_3715\" style=\"width: 810px\" class=\"wp-caption alignnone\"><a href=\"https:\/\/i0.wp.com\/omnivion.net\/core\/wp-content\/uploads\/2020\/07\/2020-07-04-17-08-16-P1260058b_web.jpg\"><img data-recalc-dims=\"1\" loading=\"lazy\" decoding=\"async\" aria-describedby=\"caption-attachment-3715\" class=\"size-full wp-image-3715\" src=\"https:\/\/i0.wp.com\/omnivion.net\/core\/wp-content\/uploads\/2020\/07\/2020-07-04-17-08-16-P1260058b_web.jpg?resize=800%2C543\" alt=\"\" width=\"800\" height=\"543\" srcset=\"https:\/\/i0.wp.com\/omnivion.net\/core\/wp-content\/uploads\/2020\/07\/2020-07-04-17-08-16-P1260058b_web.jpg?w=800&amp;ssl=1 800w, https:\/\/i0.wp.com\/omnivion.net\/core\/wp-content\/uploads\/2020\/07\/2020-07-04-17-08-16-P1260058b_web.jpg?resize=300%2C204&amp;ssl=1 300w, https:\/\/i0.wp.com\/omnivion.net\/core\/wp-content\/uploads\/2020\/07\/2020-07-04-17-08-16-P1260058b_web.jpg?resize=768%2C521&amp;ssl=1 768w\" sizes=\"auto, (max-width: 800px) 100vw, 800px\" \/><\/a><p id=\"caption-attachment-3715\" class=\"wp-caption-text\">Photo par Dimitri Tsiapkinis<\/p><\/div><\/p>\n<p>&nbsp;<\/p>\n<h2 style=\"text-align: center;\"><strong>Atelier hebdomadaire avec Dimitri Tsiapkinis ouvert \u00e0 toute personne ayant un minimum d\u2019exp\u00e9rience <\/strong><\/h2>\n<h2 style=\"text-align: center;\"><strong>en expression corporelle de tout genre (Niveau mixte)<\/strong><\/h2>\n<p>Une nouvelle s\u00e9rie d\u2019ateliers Omnivion commence ce 9 septembre 2020!<\/p>\n<p><strong>Objectifs\u00a0 :<\/strong><\/p>\n<ul>\n<li>&gt;\u00c9tudier diverses pratiques de danse contemporaine dans une perspective d&rsquo;ouverture<\/li>\n<li>&gt;Prendre plaisir \u00e0 improviser et \u00e0 inventer des danses ; seul ou \u00e0 plusieurs<\/li>\n<li>&gt;Participer \u00e0 l\u2019invention des mati\u00e8res pour Newtopia 8 et 9 \/ Projets de danse inclusif<\/li>\n<\/ul>\n<p>Un travail technique et cr\u00e9atif avec les fondamentaux de la danse contemporaine qui s\u2019inspire de multiples sources, comme les pratiques somatiques (p\u00e9dagogie perceptive\/fascia), les arts martiaux Shaolin, le th\u00e9\u00e2tre corporel, les danses d\u2019ailleurs. Les improvisations cadencent et re-contextualisent le travail technique. Nous insistons \u00e0 l\u2019expressivit\u00e9 sensible et \u00e0 la singularit\u00e9 du danseur en opposition au <em>corps-objet<\/em> qui perdure dans nos soci\u00e9t\u00e9s. Les mati\u00e8res que nous allons partager vont nourrir des performances diverses dans le cadre de Newtopia 8 et 9 (2020-2021). Une \u00e9ventuelle participation aux performances publiques sera n\u00e9goci\u00e9e avec le directeur du projet.<\/p>\n<p><strong>Horaires : mercredis 18H30-21H00<\/strong> (25 sessions) <strong>[Parfois mardis apr\u00e8s concertation avec l&rsquo;\u00e9quipe*]<\/strong><\/p>\n<p><strong>Lieu : Centre social La Rabi\u00e8re,<\/strong> Rue de la Roti\u00e9re 37300 Jou\u00e9-l\u00e8s-Tours (Il y a une station de tramway juste devant la porte!)<\/p>\n<p><strong>Dates du 1er trimestre \/\u00a0<\/strong><span style=\"text-decoration: line-through;\"><strong>10 sessions\u00a0<\/strong><\/span><strong> : 4 sessions<\/strong><\/p>\n<p>9, 16, 30 septembre \/ 7 octobre \/\u00a0<span style=\"text-decoration: line-through;\">4, 10*, 18, 25 novembre \/ 2, 16 d\u00e9cembre<\/span>\u00a0 :\u00a0<strong>ANNULES &#8211; COVID-19<\/strong><\/p>\n<p><strong>Dates du 2\u00e8me trimestre \/ 10 sessions :<\/strong><\/p>\n<p>20, 27 janvier \/ 3, 10, 17 f\u00e9vrier \/ 10, 13, 17, 24, 37 mars,<\/p>\n<p><strong>Dates du 3\u00e8me trimestre \/ 11 sessions :<\/strong><br \/>\nseront annonc\u00e9s ici et par mail aux inscrits fin f\u00e9vrier.<\/p>\n<p><strong>Tarif pour les 25 ateliers : 225\u20ac<\/strong> (facilit\u00e9s de paiement possible) <strong>Inscriptions : <a href=\"https:\/\/www.helloasso.com\/associations\/omnivion\/evenements\/atelier-de-danse-contemporaine-omnivion-2020-2021\">helloasso.com\/omnivion\/atelier-de-danse-contemporaine-2020-2021<\/a><\/strong><\/p>\n<p><strong>+ Adh\u00e9sion \u00e0 Omnivion : 10\u20ac.<\/strong> Vous pouvez adh\u00e9rez ici : <strong><a href=\"https:\/\/www.helloasso.com\/associations\/omnivion\/adhesions\/adhesions-cotisations-2020-2022\">helloasso.com\/associations\/omnivion\/adhesions<\/a><\/strong><\/p>\n<p>&nbsp;<\/p>\n<p>\/\/\/\/\/\/\/\/\/\/\/\/\/\/\/\/\/\/\/\/\/\/\/\/\/\/\/\/\/\/\/\/\/\/\/\/\/\/\/\/\/\/\/\/\/\/\/\/\/\/\/\/\/\/\/\/\/\/\/\/\/\/\/\/\/\/\/\/\/\/\/\/\/\/\/\/\/\/\/\/\/\/\/\/\/\/\/\/\/\/\/\/\/\/\/\/\/\/\/\/\/\/\/\/\/\/\/\/\/\/\/\/\/\/\/<\/p>\n<p>Autres infos, photos etc. sur <a href=\"https:\/\/www.facebook.com\/omnivion\">Facebook<\/a> et par mail \u00e0 nos adh\u00e9rents.<\/p>","protected":false},"excerpt":{"rendered":"<p>&nbsp; Atelier hebdomadaire avec Dimitri Tsiapkinis ouvert \u00e0 toute personne ayant un minimum [&hellip;]<\/p>\n","protected":false},"author":1,"featured_media":0,"parent":63,"menu_order":0,"comment_status":"closed","ping_status":"closed","template":"","meta":{"jetpack_post_was_ever_published":false,"footnotes":""},"class_list":["post-3714","page","type-page","status-publish","hentry"],"yoast_head":"<!-- This site is optimized with the Yoast SEO plugin v26.8 - https:\/\/yoast.com\/product\/yoast-seo-wordpress\/ -->\n<title>Atelier de danse contemporaine Omnivion 2020-2021 - omnivion.net<\/title>\n<meta name=\"robots\" content=\"index, follow, max-snippet:-1, max-image-preview:large, max-video-preview:-1\" \/>\n<link rel=\"canonical\" href=\"https:\/\/omnivion.net\/core\/fr\/projets\/educational-projects\/atelier-danse-2020-2021\/\" \/>\n<meta property=\"og:locale\" content=\"fr_FR\" \/>\n<meta property=\"og:type\" content=\"article\" \/>\n<meta property=\"og:title\" content=\"Atelier de danse contemporaine Omnivion 2020-2021 - omnivion.net\" \/>\n<meta property=\"og:description\" content=\"&nbsp; Atelier hebdomadaire avec Dimitri Tsiapkinis ouvert \u00e0 toute personne ayant un minimum [&hellip;]\" \/>\n<meta property=\"og:url\" content=\"https:\/\/omnivion.net\/core\/fr\/projets\/educational-projects\/atelier-danse-2020-2021\/\" \/>\n<meta property=\"og:site_name\" content=\"omnivion.net\" \/>\n<meta property=\"article:modified_time\" content=\"2020-11-27T19:26:12+00:00\" \/>\n<meta property=\"og:image\" content=\"https:\/\/i0.wp.com\/omnivion.net\/core\/wp-content\/uploads\/2020\/07\/2020-07-04-17-08-16-P1260058b_web.jpg?fit=800%2C543&ssl=1\" \/>\n\t<meta property=\"og:image:width\" content=\"800\" \/>\n\t<meta property=\"og:image:height\" content=\"543\" \/>\n\t<meta property=\"og:image:type\" content=\"image\/jpeg\" \/>\n<meta name=\"twitter:card\" content=\"summary_large_image\" \/>\n<meta name=\"twitter:label1\" content=\"Dur\u00e9e de lecture estim\u00e9e\" \/>\n\t<meta name=\"twitter:data1\" content=\"3 minutes\" \/>\n<script type=\"application\/ld+json\" class=\"yoast-schema-graph\">{\"@context\":\"https:\/\/schema.org\",\"@graph\":[{\"@type\":\"WebPage\",\"@id\":\"https:\/\/omnivion.net\/core\/fr\/projets\/educational-projects\/atelier-danse-2020-2021\/\",\"url\":\"https:\/\/omnivion.net\/core\/fr\/projets\/educational-projects\/atelier-danse-2020-2021\/\",\"name\":\"Atelier de danse contemporaine Omnivion 2020-2021 - omnivion.net\",\"isPartOf\":{\"@id\":\"https:\/\/omnivion.net\/core\/fr\/#website\"},\"primaryImageOfPage\":{\"@id\":\"https:\/\/omnivion.net\/core\/fr\/projets\/educational-projects\/atelier-danse-2020-2021\/#primaryimage\"},\"image\":{\"@id\":\"https:\/\/omnivion.net\/core\/fr\/projets\/educational-projects\/atelier-danse-2020-2021\/#primaryimage\"},\"thumbnailUrl\":\"http:\/\/omnivion.net\/core\/wp-content\/uploads\/2020\/07\/2020-07-04-17-08-16-P1260058b_web.jpg\",\"datePublished\":\"2020-07-05T14:58:11+00:00\",\"dateModified\":\"2020-11-27T19:26:12+00:00\",\"breadcrumb\":{\"@id\":\"https:\/\/omnivion.net\/core\/fr\/projets\/educational-projects\/atelier-danse-2020-2021\/#breadcrumb\"},\"inLanguage\":\"fr-FR\",\"potentialAction\":[{\"@type\":\"ReadAction\",\"target\":[\"https:\/\/omnivion.net\/core\/fr\/projets\/educational-projects\/atelier-danse-2020-2021\/\"]}]},{\"@type\":\"ImageObject\",\"inLanguage\":\"fr-FR\",\"@id\":\"https:\/\/omnivion.net\/core\/fr\/projets\/educational-projects\/atelier-danse-2020-2021\/#primaryimage\",\"url\":\"http:\/\/omnivion.net\/core\/wp-content\/uploads\/2020\/07\/2020-07-04-17-08-16-P1260058b_web.jpg\",\"contentUrl\":\"http:\/\/omnivion.net\/core\/wp-content\/uploads\/2020\/07\/2020-07-04-17-08-16-P1260058b_web.jpg\"},{\"@type\":\"BreadcrumbList\",\"@id\":\"https:\/\/omnivion.net\/core\/fr\/projets\/educational-projects\/atelier-danse-2020-2021\/#breadcrumb\",\"itemListElement\":[{\"@type\":\"ListItem\",\"position\":1,\"name\":\"Accueil\",\"item\":\"https:\/\/omnivion.net\/core\/en\/silverstorm\/\"},{\"@type\":\"ListItem\",\"position\":2,\"name\":\"Projets\",\"item\":\"https:\/\/omnivion.net\/core\/fr\/projets\/\"},{\"@type\":\"ListItem\",\"position\":3,\"name\":\"Projets Educatifs\",\"item\":\"https:\/\/omnivion.net\/core\/projets\/educational-projects\/\"},{\"@type\":\"ListItem\",\"position\":4,\"name\":\"Atelier de danse contemporaine Omnivion 2020-2021\"}]},{\"@type\":\"WebSite\",\"@id\":\"https:\/\/omnivion.net\/core\/fr\/#website\",\"url\":\"https:\/\/omnivion.net\/core\/fr\/\",\"name\":\"omnivion.net\",\"description\":\"...ARTS D&#039;\u00caTRE CORPS...\",\"potentialAction\":[{\"@type\":\"SearchAction\",\"target\":{\"@type\":\"EntryPoint\",\"urlTemplate\":\"https:\/\/omnivion.net\/core\/fr\/?s={search_term_string}\"},\"query-input\":{\"@type\":\"PropertyValueSpecification\",\"valueRequired\":true,\"valueName\":\"search_term_string\"}}],\"inLanguage\":\"fr-FR\"}]}<\/script>\n<!-- \/ Yoast SEO plugin. -->","yoast_head_json":{"title":"Atelier de danse contemporaine Omnivion 2020-2021 - omnivion.net","robots":{"index":"index","follow":"follow","max-snippet":"max-snippet:-1","max-image-preview":"max-image-preview:large","max-video-preview":"max-video-preview:-1"},"canonical":"https:\/\/omnivion.net\/core\/fr\/projets\/educational-projects\/atelier-danse-2020-2021\/","og_locale":"fr_FR","og_type":"article","og_title":"Atelier de danse contemporaine Omnivion 2020-2021 - omnivion.net","og_description":"&nbsp; Atelier hebdomadaire avec Dimitri Tsiapkinis ouvert \u00e0 toute personne ayant un minimum [&hellip;]","og_url":"https:\/\/omnivion.net\/core\/fr\/projets\/educational-projects\/atelier-danse-2020-2021\/","og_site_name":"omnivion.net","article_modified_time":"2020-11-27T19:26:12+00:00","og_image":[{"width":800,"height":543,"url":"https:\/\/i0.wp.com\/omnivion.net\/core\/wp-content\/uploads\/2020\/07\/2020-07-04-17-08-16-P1260058b_web.jpg?fit=800%2C543&ssl=1","type":"image\/jpeg"}],"twitter_card":"summary_large_image","twitter_misc":{"Dur\u00e9e de lecture estim\u00e9e":"3 minutes"},"schema":{"@context":"https:\/\/schema.org","@graph":[{"@type":"WebPage","@id":"https:\/\/omnivion.net\/core\/fr\/projets\/educational-projects\/atelier-danse-2020-2021\/","url":"https:\/\/omnivion.net\/core\/fr\/projets\/educational-projects\/atelier-danse-2020-2021\/","name":"Atelier de danse contemporaine Omnivion 2020-2021 - omnivion.net","isPartOf":{"@id":"https:\/\/omnivion.net\/core\/fr\/#website"},"primaryImageOfPage":{"@id":"https:\/\/omnivion.net\/core\/fr\/projets\/educational-projects\/atelier-danse-2020-2021\/#primaryimage"},"image":{"@id":"https:\/\/omnivion.net\/core\/fr\/projets\/educational-projects\/atelier-danse-2020-2021\/#primaryimage"},"thumbnailUrl":"http:\/\/omnivion.net\/core\/wp-content\/uploads\/2020\/07\/2020-07-04-17-08-16-P1260058b_web.jpg","datePublished":"2020-07-05T14:58:11+00:00","dateModified":"2020-11-27T19:26:12+00:00","breadcrumb":{"@id":"https:\/\/omnivion.net\/core\/fr\/projets\/educational-projects\/atelier-danse-2020-2021\/#breadcrumb"},"inLanguage":"fr-FR","potentialAction":[{"@type":"ReadAction","target":["https:\/\/omnivion.net\/core\/fr\/projets\/educational-projects\/atelier-danse-2020-2021\/"]}]},{"@type":"ImageObject","inLanguage":"fr-FR","@id":"https:\/\/omnivion.net\/core\/fr\/projets\/educational-projects\/atelier-danse-2020-2021\/#primaryimage","url":"http:\/\/omnivion.net\/core\/wp-content\/uploads\/2020\/07\/2020-07-04-17-08-16-P1260058b_web.jpg","contentUrl":"http:\/\/omnivion.net\/core\/wp-content\/uploads\/2020\/07\/2020-07-04-17-08-16-P1260058b_web.jpg"},{"@type":"BreadcrumbList","@id":"https:\/\/omnivion.net\/core\/fr\/projets\/educational-projects\/atelier-danse-2020-2021\/#breadcrumb","itemListElement":[{"@type":"ListItem","position":1,"name":"Accueil","item":"https:\/\/omnivion.net\/core\/en\/silverstorm\/"},{"@type":"ListItem","position":2,"name":"Projets","item":"https:\/\/omnivion.net\/core\/fr\/projets\/"},{"@type":"ListItem","position":3,"name":"Projets Educatifs","item":"https:\/\/omnivion.net\/core\/projets\/educational-projects\/"},{"@type":"ListItem","position":4,"name":"Atelier de danse contemporaine Omnivion 2020-2021"}]},{"@type":"WebSite","@id":"https:\/\/omnivion.net\/core\/fr\/#website","url":"https:\/\/omnivion.net\/core\/fr\/","name":"omnivion.net","description":"...ARTS D&#039;\u00caTRE CORPS...","potentialAction":[{"@type":"SearchAction","target":{"@type":"EntryPoint","urlTemplate":"https:\/\/omnivion.net\/core\/fr\/?s={search_term_string}"},"query-input":{"@type":"PropertyValueSpecification","valueRequired":true,"valueName":"search_term_string"}}],"inLanguage":"fr-FR"}]}},"jetpack_sharing_enabled":true,"jetpack_shortlink":"https:\/\/wp.me\/P2fe7Q-XU","jetpack_likes_enabled":true,"_links":{"self":[{"href":"https:\/\/omnivion.net\/core\/fr\/wp-json\/wp\/v2\/pages\/3714","targetHints":{"allow":["GET"]}}],"collection":[{"href":"https:\/\/omnivion.net\/core\/fr\/wp-json\/wp\/v2\/pages"}],"about":[{"href":"https:\/\/omnivion.net\/core\/fr\/wp-json\/wp\/v2\/types\/page"}],"author":[{"embeddable":true,"href":"https:\/\/omnivion.net\/core\/fr\/wp-json\/wp\/v2\/users\/1"}],"replies":[{"embeddable":true,"href":"https:\/\/omnivion.net\/core\/fr\/wp-json\/wp\/v2\/comments?post=3714"}],"version-history":[{"count":16,"href":"https:\/\/omnivion.net\/core\/fr\/wp-json\/wp\/v2\/pages\/3714\/revisions"}],"predecessor-version":[{"id":3872,"href":"https:\/\/omnivion.net\/core\/fr\/wp-json\/wp\/v2\/pages\/3714\/revisions\/3872"}],"up":[{"embeddable":true,"href":"https:\/\/omnivion.net\/core\/fr\/wp-json\/wp\/v2\/pages\/63"}],"wp:attachment":[{"href":"https:\/\/omnivion.net\/core\/fr\/wp-json\/wp\/v2\/media?parent=3714"}],"curies":[{"name":"wp","href":"https:\/\/api.w.org\/{rel}","templated":true}]}}