{"id":3594,"date":"2020-02-22T00:08:48","date_gmt":"2020-02-21T23:08:48","guid":{"rendered":"http:\/\/omnivion.net\/core\/projets\/projets-artistiques\/newtopia-8\/newtopia-8-1-copy\/"},"modified":"2020-10-01T23:11:38","modified_gmt":"2020-10-01T22:11:38","slug":"newtopia-8-6","status":"publish","type":"page","link":"https:\/\/omnivion.net\/core\/fr\/projets\/projets-artistiques\/newtopia-8\/newtopia-8-6\/","title":{"rendered":"Newtopia 8.6"},"content":{"rendered":"<p><div id=\"attachment_3596\" style=\"width: 810px\" class=\"wp-caption alignnone\"><a href=\"https:\/\/i0.wp.com\/omnivion.net\/core\/wp-content\/uploads\/2020\/02\/Hikmet.jpg\"><img data-recalc-dims=\"1\" loading=\"lazy\" decoding=\"async\" aria-describedby=\"caption-attachment-3596\" class=\"size-full wp-image-3596\" src=\"https:\/\/i0.wp.com\/omnivion.net\/core\/wp-content\/uploads\/2020\/02\/Hikmet.jpg?resize=800%2C479\" alt=\"\" width=\"800\" height=\"479\" srcset=\"https:\/\/i0.wp.com\/omnivion.net\/core\/wp-content\/uploads\/2020\/02\/Hikmet.jpg?w=800&amp;ssl=1 800w, https:\/\/i0.wp.com\/omnivion.net\/core\/wp-content\/uploads\/2020\/02\/Hikmet.jpg?resize=300%2C180&amp;ssl=1 300w, https:\/\/i0.wp.com\/omnivion.net\/core\/wp-content\/uploads\/2020\/02\/Hikmet.jpg?resize=768%2C460&amp;ssl=1 768w\" sizes=\"auto, (max-width: 800px) 100vw, 800px\" \/><\/a><p id=\"caption-attachment-3596\" class=\"wp-caption-text\"><em>N. HIKMET<\/em> en prison \/Photo par : ???<\/p><\/div><\/p>\n<h3>Les Arpents d\u2019art et Omnivion pr\u00e9sentent :<\/h3>\n<h1>NEWTOPIA 8.6 \\o\/<\/h1>\n<h1>DANSE DES CORPS ET DANSE DES MOTS (2020-2021)<\/h1>\n<h3><strong>Lecture-performance au Plessis Th\u00e9\u00e2tre, \u00e0 la Riche (37520) <\/strong><\/h3>\n<h3><strong><span style=\"color: #ff0000;\">(La premi\u00e8re version a \u00e9t\u00e9 annul\u00e9 \u00e0 cause du SARS-CoV-2 : <\/span><\/strong><span style=\"color: #ff0000;\"><strong>UNE NOUVELLE DATE SERA COMMUNIQUE BIENT\u00d4T)<\/strong> <\/span><\/h3>\n<p><em>\u00ab\u00a0Un projet en lien avec le printemps des po\u00e8tes 2020 qui avait pour th\u00e8me : le courage. Mille d\u00e9finitions de ce mot ne suffiraient pas \u00e0 en \u00e9puiser toutes les nuances.<\/em><\/p>\n<p><em>Alors nous est venue l\u2019id\u00e9e d\u2019interrompre le po\u00e8me, ou le texte, pour que la danse puisse porter les mots qui ne seront pas dits. La danse s\u2019arr\u00eatera et les mots reviendront\u2026<\/em><\/p>\n<p><em>Des po\u00e8tes, des \u00e9crivains emprisonn\u00e9s ou emp\u00each\u00e9s de publier seront nos compagnons, nos \u00e9claireurs. Ne pas c\u00e9der sur ce qui nous m\u00e8ne dans la vie, m\u00eame au prix de la perdre. Puissent les mots et les corps en porter t\u00e9moignage\u2026<\/em><\/p>\n<p><em>Textes de A. AKMATOVA, de S. DEMIRTAS, de N. HIKMET, de D.HARMS, de R.LUXEMBURG.<\/em><\/p>\n<p><em>Suppression de textes, textes mutil\u00e9s sont des outils de la censure. La coupure que nous ferons dans les textes, fera surgir la danse !\u00a0 La censure n\u2019\u00e9pargne pas le corps mais le corps peut tenter de la vaincre.\u00a0\u00bb<\/em><\/p>\n<p>Roland Lebret<\/p>\n<p>&nbsp;<\/p>\n<p><strong>Avec le soutien de Plessis Th\u00e9\u00e2tre.<\/strong><\/p>\n<h3><strong><u>il y aura une billetterie sur place (entr\u00e9e gratuite). R\u00e9servations : <span class=\"color_18\">02.47.38.29.29<\/span><\/u><\/strong><\/h3>\n<p>&lt;&lt;&lt;&lt;&lt;&lt;&lt;&lt;&lt;&lt;&lt;&lt;&lt;&lt;&lt;&lt;&lt;&lt;&lt;&lt;&lt;&lt;&lt;&lt;&lt;&lt;&lt;&lt;&lt;&lt;&lt;&lt;&lt;&lt;&lt;&lt;&lt;&lt;&lt;&lt;&lt;&lt;&lt;&lt;&lt;&lt;&lt;&lt;&lt;&lt;&lt;&lt;&lt;&lt;&lt;&lt;&lt;&lt;&lt;&lt;&lt;&lt;&lt;&lt;&lt;&lt;&lt;&lt;&lt;&lt;&lt;<\/p>\n<p><strong>Partenaires &amp; financement :<\/strong><\/p>\n<p><a href=\"https:\/\/i0.wp.com\/omnivion.net\/core\/wp-content\/uploads\/2020\/02\/Logos_NEWT_8.2.png\"><img data-recalc-dims=\"1\" loading=\"lazy\" decoding=\"async\" class=\"alignnone size-large wp-image-3597\" src=\"https:\/\/i0.wp.com\/omnivion.net\/core\/wp-content\/uploads\/2020\/02\/Logos_NEWT_8.2-1024x352.png?resize=800%2C275\" alt=\"\" width=\"800\" height=\"275\" srcset=\"https:\/\/i0.wp.com\/omnivion.net\/core\/wp-content\/uploads\/2020\/02\/Logos_NEWT_8.2.png?resize=1024%2C352&amp;ssl=1 1024w, https:\/\/i0.wp.com\/omnivion.net\/core\/wp-content\/uploads\/2020\/02\/Logos_NEWT_8.2.png?resize=300%2C103&amp;ssl=1 300w, https:\/\/i0.wp.com\/omnivion.net\/core\/wp-content\/uploads\/2020\/02\/Logos_NEWT_8.2.png?resize=768%2C264&amp;ssl=1 768w, https:\/\/i0.wp.com\/omnivion.net\/core\/wp-content\/uploads\/2020\/02\/Logos_NEWT_8.2.png?w=1349&amp;ssl=1 1349w\" sizes=\"auto, (max-width: 800px) 100vw, 800px\" \/><\/a><\/p>\n<p>&nbsp;<\/p>\n<p>&nbsp;<\/p>\n<p>&nbsp;<\/p>","protected":false},"excerpt":{"rendered":"<p>Les Arpents d\u2019art et Omnivion pr\u00e9sentent : NEWTOPIA 8.6 \\o\/ DANSE DES CORPS [&hellip;]<\/p>\n","protected":false},"author":1,"featured_media":0,"parent":3491,"menu_order":0,"comment_status":"closed","ping_status":"closed","template":"","meta":{"jetpack_post_was_ever_published":false,"footnotes":""},"class_list":["post-3594","page","type-page","status-publish","hentry"],"yoast_head":"<!-- This site is optimized with the Yoast SEO plugin v26.8 - https:\/\/yoast.com\/product\/yoast-seo-wordpress\/ -->\n<title>Newtopia 8.6 - omnivion.net<\/title>\n<meta name=\"robots\" content=\"index, follow, max-snippet:-1, max-image-preview:large, max-video-preview:-1\" \/>\n<link rel=\"canonical\" href=\"https:\/\/omnivion.net\/core\/fr\/projets\/projets-artistiques\/newtopia-8\/newtopia-8-6\/\" \/>\n<meta property=\"og:locale\" content=\"fr_FR\" \/>\n<meta property=\"og:type\" content=\"article\" \/>\n<meta property=\"og:title\" content=\"Newtopia 8.6 - omnivion.net\" \/>\n<meta property=\"og:description\" content=\"Les Arpents d\u2019art et Omnivion pr\u00e9sentent : NEWTOPIA 8.6 o\/ DANSE DES CORPS [&hellip;]\" \/>\n<meta property=\"og:url\" content=\"https:\/\/omnivion.net\/core\/fr\/projets\/projets-artistiques\/newtopia-8\/newtopia-8-6\/\" \/>\n<meta property=\"og:site_name\" content=\"omnivion.net\" \/>\n<meta property=\"article:modified_time\" content=\"2020-10-01T22:11:38+00:00\" \/>\n<meta property=\"og:image\" content=\"http:\/\/omnivion.net\/core\/wp-content\/uploads\/2020\/02\/Hikmet.jpg\" \/>\n<meta name=\"twitter:card\" content=\"summary_large_image\" \/>\n<meta name=\"twitter:label1\" content=\"Dur\u00e9e de lecture estim\u00e9e\" \/>\n\t<meta name=\"twitter:data1\" content=\"3 minutes\" \/>\n<script type=\"application\/ld+json\" class=\"yoast-schema-graph\">{\"@context\":\"https:\/\/schema.org\",\"@graph\":[{\"@type\":\"WebPage\",\"@id\":\"https:\/\/omnivion.net\/core\/fr\/projets\/projets-artistiques\/newtopia-8\/newtopia-8-6\/\",\"url\":\"https:\/\/omnivion.net\/core\/fr\/projets\/projets-artistiques\/newtopia-8\/newtopia-8-6\/\",\"name\":\"Newtopia 8.6 - omnivion.net\",\"isPartOf\":{\"@id\":\"https:\/\/omnivion.net\/core\/fr\/#website\"},\"primaryImageOfPage\":{\"@id\":\"https:\/\/omnivion.net\/core\/fr\/projets\/projets-artistiques\/newtopia-8\/newtopia-8-6\/#primaryimage\"},\"image\":{\"@id\":\"https:\/\/omnivion.net\/core\/fr\/projets\/projets-artistiques\/newtopia-8\/newtopia-8-6\/#primaryimage\"},\"thumbnailUrl\":\"http:\/\/omnivion.net\/core\/wp-content\/uploads\/2020\/02\/Hikmet.jpg\",\"datePublished\":\"2020-02-21T23:08:48+00:00\",\"dateModified\":\"2020-10-01T22:11:38+00:00\",\"breadcrumb\":{\"@id\":\"https:\/\/omnivion.net\/core\/fr\/projets\/projets-artistiques\/newtopia-8\/newtopia-8-6\/#breadcrumb\"},\"inLanguage\":\"fr-FR\",\"potentialAction\":[{\"@type\":\"ReadAction\",\"target\":[\"https:\/\/omnivion.net\/core\/fr\/projets\/projets-artistiques\/newtopia-8\/newtopia-8-6\/\"]}]},{\"@type\":\"ImageObject\",\"inLanguage\":\"fr-FR\",\"@id\":\"https:\/\/omnivion.net\/core\/fr\/projets\/projets-artistiques\/newtopia-8\/newtopia-8-6\/#primaryimage\",\"url\":\"http:\/\/omnivion.net\/core\/wp-content\/uploads\/2020\/02\/Hikmet.jpg\",\"contentUrl\":\"http:\/\/omnivion.net\/core\/wp-content\/uploads\/2020\/02\/Hikmet.jpg\"},{\"@type\":\"BreadcrumbList\",\"@id\":\"https:\/\/omnivion.net\/core\/fr\/projets\/projets-artistiques\/newtopia-8\/newtopia-8-6\/#breadcrumb\",\"itemListElement\":[{\"@type\":\"ListItem\",\"position\":1,\"name\":\"Accueil\",\"item\":\"https:\/\/omnivion.net\/core\/en\/silverstorm\/\"},{\"@type\":\"ListItem\",\"position\":2,\"name\":\"Projets\",\"item\":\"https:\/\/omnivion.net\/core\/fr\/projets\/\"},{\"@type\":\"ListItem\",\"position\":3,\"name\":\"Projets Artistiques\",\"item\":\"https:\/\/omnivion.net\/core\/projets\/projets-artistiques\/\"},{\"@type\":\"ListItem\",\"position\":4,\"name\":\"Newtopia 8\",\"item\":\"https:\/\/omnivion.net\/core\/projets\/projets-artistiques\/newtopia-8\/\"},{\"@type\":\"ListItem\",\"position\":5,\"name\":\"Newtopia 8.6\"}]},{\"@type\":\"WebSite\",\"@id\":\"https:\/\/omnivion.net\/core\/fr\/#website\",\"url\":\"https:\/\/omnivion.net\/core\/fr\/\",\"name\":\"omnivion.net\",\"description\":\"...ARTS D&#039;\u00caTRE CORPS...\",\"potentialAction\":[{\"@type\":\"SearchAction\",\"target\":{\"@type\":\"EntryPoint\",\"urlTemplate\":\"https:\/\/omnivion.net\/core\/fr\/?s={search_term_string}\"},\"query-input\":{\"@type\":\"PropertyValueSpecification\",\"valueRequired\":true,\"valueName\":\"search_term_string\"}}],\"inLanguage\":\"fr-FR\"}]}<\/script>\n<!-- \/ Yoast SEO plugin. -->","yoast_head_json":{"title":"Newtopia 8.6 - omnivion.net","robots":{"index":"index","follow":"follow","max-snippet":"max-snippet:-1","max-image-preview":"max-image-preview:large","max-video-preview":"max-video-preview:-1"},"canonical":"https:\/\/omnivion.net\/core\/fr\/projets\/projets-artistiques\/newtopia-8\/newtopia-8-6\/","og_locale":"fr_FR","og_type":"article","og_title":"Newtopia 8.6 - omnivion.net","og_description":"Les Arpents d\u2019art et Omnivion pr\u00e9sentent : NEWTOPIA 8.6 o\/ DANSE DES CORPS [&hellip;]","og_url":"https:\/\/omnivion.net\/core\/fr\/projets\/projets-artistiques\/newtopia-8\/newtopia-8-6\/","og_site_name":"omnivion.net","article_modified_time":"2020-10-01T22:11:38+00:00","og_image":[{"url":"http:\/\/omnivion.net\/core\/wp-content\/uploads\/2020\/02\/Hikmet.jpg","type":"","width":"","height":""}],"twitter_card":"summary_large_image","twitter_misc":{"Dur\u00e9e de lecture estim\u00e9e":"3 minutes"},"schema":{"@context":"https:\/\/schema.org","@graph":[{"@type":"WebPage","@id":"https:\/\/omnivion.net\/core\/fr\/projets\/projets-artistiques\/newtopia-8\/newtopia-8-6\/","url":"https:\/\/omnivion.net\/core\/fr\/projets\/projets-artistiques\/newtopia-8\/newtopia-8-6\/","name":"Newtopia 8.6 - omnivion.net","isPartOf":{"@id":"https:\/\/omnivion.net\/core\/fr\/#website"},"primaryImageOfPage":{"@id":"https:\/\/omnivion.net\/core\/fr\/projets\/projets-artistiques\/newtopia-8\/newtopia-8-6\/#primaryimage"},"image":{"@id":"https:\/\/omnivion.net\/core\/fr\/projets\/projets-artistiques\/newtopia-8\/newtopia-8-6\/#primaryimage"},"thumbnailUrl":"http:\/\/omnivion.net\/core\/wp-content\/uploads\/2020\/02\/Hikmet.jpg","datePublished":"2020-02-21T23:08:48+00:00","dateModified":"2020-10-01T22:11:38+00:00","breadcrumb":{"@id":"https:\/\/omnivion.net\/core\/fr\/projets\/projets-artistiques\/newtopia-8\/newtopia-8-6\/#breadcrumb"},"inLanguage":"fr-FR","potentialAction":[{"@type":"ReadAction","target":["https:\/\/omnivion.net\/core\/fr\/projets\/projets-artistiques\/newtopia-8\/newtopia-8-6\/"]}]},{"@type":"ImageObject","inLanguage":"fr-FR","@id":"https:\/\/omnivion.net\/core\/fr\/projets\/projets-artistiques\/newtopia-8\/newtopia-8-6\/#primaryimage","url":"http:\/\/omnivion.net\/core\/wp-content\/uploads\/2020\/02\/Hikmet.jpg","contentUrl":"http:\/\/omnivion.net\/core\/wp-content\/uploads\/2020\/02\/Hikmet.jpg"},{"@type":"BreadcrumbList","@id":"https:\/\/omnivion.net\/core\/fr\/projets\/projets-artistiques\/newtopia-8\/newtopia-8-6\/#breadcrumb","itemListElement":[{"@type":"ListItem","position":1,"name":"Accueil","item":"https:\/\/omnivion.net\/core\/en\/silverstorm\/"},{"@type":"ListItem","position":2,"name":"Projets","item":"https:\/\/omnivion.net\/core\/fr\/projets\/"},{"@type":"ListItem","position":3,"name":"Projets Artistiques","item":"https:\/\/omnivion.net\/core\/projets\/projets-artistiques\/"},{"@type":"ListItem","position":4,"name":"Newtopia 8","item":"https:\/\/omnivion.net\/core\/projets\/projets-artistiques\/newtopia-8\/"},{"@type":"ListItem","position":5,"name":"Newtopia 8.6"}]},{"@type":"WebSite","@id":"https:\/\/omnivion.net\/core\/fr\/#website","url":"https:\/\/omnivion.net\/core\/fr\/","name":"omnivion.net","description":"...ARTS D&#039;\u00caTRE CORPS...","potentialAction":[{"@type":"SearchAction","target":{"@type":"EntryPoint","urlTemplate":"https:\/\/omnivion.net\/core\/fr\/?s={search_term_string}"},"query-input":{"@type":"PropertyValueSpecification","valueRequired":true,"valueName":"search_term_string"}}],"inLanguage":"fr-FR"}]}},"jetpack_sharing_enabled":true,"jetpack_shortlink":"https:\/\/wp.me\/P2fe7Q-VY","jetpack_likes_enabled":true,"_links":{"self":[{"href":"https:\/\/omnivion.net\/core\/fr\/wp-json\/wp\/v2\/pages\/3594","targetHints":{"allow":["GET"]}}],"collection":[{"href":"https:\/\/omnivion.net\/core\/fr\/wp-json\/wp\/v2\/pages"}],"about":[{"href":"https:\/\/omnivion.net\/core\/fr\/wp-json\/wp\/v2\/types\/page"}],"author":[{"embeddable":true,"href":"https:\/\/omnivion.net\/core\/fr\/wp-json\/wp\/v2\/users\/1"}],"replies":[{"embeddable":true,"href":"https:\/\/omnivion.net\/core\/fr\/wp-json\/wp\/v2\/comments?post=3594"}],"version-history":[{"count":9,"href":"https:\/\/omnivion.net\/core\/fr\/wp-json\/wp\/v2\/pages\/3594\/revisions"}],"predecessor-version":[{"id":3797,"href":"https:\/\/omnivion.net\/core\/fr\/wp-json\/wp\/v2\/pages\/3594\/revisions\/3797"}],"up":[{"embeddable":true,"href":"https:\/\/omnivion.net\/core\/fr\/wp-json\/wp\/v2\/pages\/3491"}],"wp:attachment":[{"href":"https:\/\/omnivion.net\/core\/fr\/wp-json\/wp\/v2\/media?parent=3594"}],"curies":[{"name":"wp","href":"https:\/\/api.w.org\/{rel}","templated":true}]}}