{"id":3578,"date":"2020-02-20T19:31:45","date_gmt":"2020-02-20T18:31:45","guid":{"rendered":"http:\/\/omnivion.net\/core\/projets\/projets-artistiques\/newtopia-8-copy\/"},"modified":"2020-02-23T21:46:35","modified_gmt":"2020-02-23T20:46:35","slug":"newtopia-8-1","status":"publish","type":"page","link":"https:\/\/omnivion.net\/core\/fr\/projets\/projets-artistiques\/newtopia-8\/newtopia-8-1\/","title":{"rendered":"Newtopia 8.1"},"content":{"rendered":"<p><div id=\"attachment_3581\" style=\"width: 810px\" class=\"wp-caption alignnone\"><a href=\"https:\/\/i0.wp.com\/omnivion.net\/core\/wp-content\/uploads\/2020\/02\/andre-et-les-martiens2_edit.gif\"><img data-recalc-dims=\"1\" loading=\"lazy\" decoding=\"async\" aria-describedby=\"caption-attachment-3581\" class=\"size-full wp-image-3581\" src=\"https:\/\/i0.wp.com\/omnivion.net\/core\/wp-content\/uploads\/2020\/02\/andre-et-les-martiens2_edit.gif?resize=800%2C475\" alt=\"\" width=\"800\" height=\"475\" \/><\/a><p id=\"caption-attachment-3581\" class=\"wp-caption-text\">Photo par : C-P Productions<\/p><\/div><\/p>\n<h1>Newtopia 8.1 \/ O\u00f9 va la Psychiatrie? (2020)<\/h1>\n<h3><strong>Cin\u00e9-d\u00e9bat aux cin\u00e9mas Studio, \u00e0 Tours (37000), le 12 mars 2020, \u00e0 20H00 <\/strong><\/h3>\n<p>Omnivion (arts d\u2019\u00eatre corps) le CNP, S\u00e9bastien Russo (Trakt magazine) et les Arpents d&rsquo;Art vous pr\u00e9sentent une soir\u00e9e cin\u00e9matographique, sur l\u2019\u0153uvre passionnant de 4 artistes. Un pr\u00e9texte pour parler de la psychiatrie, ou un pr\u00e9texte pour parler de notre rapport avec la folie?<\/p>\n<p><em>\u00ab\u00a0L\u2019histoire de la psychiatrie est politique et sociale autant que m\u00e9dicale. Mais le m\u00e9dical n\u2019est pas la seule cause du malaise actuel de la psychiatrie. Une classification des comportements est venue s\u2019ajouter aux diagnostics m\u00e9dicaux et aux traitements pharmaceutiques. Les neurosciences ont liquid\u00e9 la psychanalyse au nom d\u2019un scientisme. Andr\u00e9 Robillard, patient psychiatrique, rencontra Jean Dubuffet (art brut). Le d\u00e9lire est une reconstruction, disait FREUD, l\u00e0 o\u00f9 le r\u00e9el a surgi et d\u00e9truit. Les arts font partie de cette reconstruction.\u00a0\u00bb <\/em>Texte par Roland Lebret (\u00e9dit\u00e9)<\/p>\n<p>S\u00e9bastien Russo (Plasticien \/ Magazine Trakt) et Lise Gaignard (psychologue) pr\u00e9senteront le film documentaire et encadreront le d\u00e9bat.<\/p>\n<p><strong>Titre <\/strong><em><strong>: <\/strong><\/em><em><strong>Andr\u00e9 et les martiens<\/strong><\/em><\/p>\n<p><em><strong>R\u00e9alisateur : <\/strong><\/em>Philippe Lespinasse (Fr-2016-66\u2019)<\/p>\n<p><strong>Production<\/strong> : C-P Productions \/ <a href=\"https:\/\/www.cp-productions.fr\/\">www.cp-productions.fr<\/a><\/p>\n<p>&nbsp;<\/p>\n<p><strong>Soir\u00e9e co-produite par : les Arpents d&rsquo;Art, le magazine TRAKT! (S\u00e9bastien Russo), le Cin\u00e9ma National Populaire et Omnivion (dans le cadre de <a href=\"http:\/\/omnivion.net\/core\/projets\/projets-artistiques\/newtopia-8\/\">Newtopia 8<\/a>).<\/strong><\/p>\n<p>\u30fb Les s\u00e9ances sont ouvertes \u00e0 toutes et \u00e0\u00a0 tous<\/p>\n<p>\u30fb\u00a0<strong>Caisse du CNP \u00e0 l\u2019entr\u00e9e de la salle<\/strong><\/p>\n<p>\u30fb\u00a0<strong>Participation aux frais<\/strong>\u00a0:\u00a0 4,50 \u20ac ou 3,50 \u20ac (<a title=\"Plus d'informations\" href=\"https:\/\/www.studiocine.com\/tarifs-26.html\">pour les abonn\u00e9(e)s aux Carnets du Studio<\/a>)\u00a0<strong>uniquement en esp\u00e8ces ou ch\u00e8ques<\/strong>.<\/p>\n<p>&nbsp;<\/p>\n<p>&nbsp;<\/p>\n<p><strong>Partenaires &amp; financement :<\/strong><\/p>\n<p><a href=\"https:\/\/i0.wp.com\/omnivion.net\/core\/wp-content\/uploads\/2020\/02\/Logos_N8.1.png\"><img data-recalc-dims=\"1\" loading=\"lazy\" decoding=\"async\" class=\"alignnone size-full wp-image-3603\" src=\"https:\/\/i0.wp.com\/omnivion.net\/core\/wp-content\/uploads\/2020\/02\/Logos_N8.1.png?resize=937%2C338\" alt=\"\" width=\"937\" height=\"338\" srcset=\"https:\/\/i0.wp.com\/omnivion.net\/core\/wp-content\/uploads\/2020\/02\/Logos_N8.1.png?w=937&amp;ssl=1 937w, https:\/\/i0.wp.com\/omnivion.net\/core\/wp-content\/uploads\/2020\/02\/Logos_N8.1.png?resize=300%2C108&amp;ssl=1 300w, https:\/\/i0.wp.com\/omnivion.net\/core\/wp-content\/uploads\/2020\/02\/Logos_N8.1.png?resize=768%2C277&amp;ssl=1 768w\" sizes=\"auto, (max-width: 937px) 100vw, 937px\" \/><\/a><\/p>\n<p>&nbsp;<\/p>\n<p>&nbsp;<\/p>\n<p>&nbsp;<\/p>","protected":false},"excerpt":{"rendered":"<p>Newtopia 8.1 \/ O\u00f9 va la Psychiatrie? (2020) Cin\u00e9-d\u00e9bat aux cin\u00e9mas Studio, \u00e0 [&hellip;]<\/p>\n","protected":false},"author":1,"featured_media":0,"parent":3491,"menu_order":0,"comment_status":"closed","ping_status":"closed","template":"","meta":{"jetpack_post_was_ever_published":false,"footnotes":""},"class_list":["post-3578","page","type-page","status-publish","hentry"],"yoast_head":"<!-- This site is optimized with the Yoast SEO plugin v26.8 - https:\/\/yoast.com\/product\/yoast-seo-wordpress\/ -->\n<title>Newtopia 8.1 - omnivion.net<\/title>\n<meta name=\"robots\" content=\"index, follow, max-snippet:-1, max-image-preview:large, max-video-preview:-1\" \/>\n<link rel=\"canonical\" href=\"https:\/\/omnivion.net\/core\/fr\/projets\/projets-artistiques\/newtopia-8\/newtopia-8-1\/\" \/>\n<meta property=\"og:locale\" content=\"fr_FR\" \/>\n<meta property=\"og:type\" content=\"article\" \/>\n<meta property=\"og:title\" content=\"Newtopia 8.1 - omnivion.net\" \/>\n<meta property=\"og:description\" content=\"Newtopia 8.1 \/ O\u00f9 va la Psychiatrie? (2020) Cin\u00e9-d\u00e9bat aux cin\u00e9mas Studio, \u00e0 [&hellip;]\" \/>\n<meta property=\"og:url\" content=\"https:\/\/omnivion.net\/core\/fr\/projets\/projets-artistiques\/newtopia-8\/newtopia-8-1\/\" \/>\n<meta property=\"og:site_name\" content=\"omnivion.net\" \/>\n<meta property=\"article:modified_time\" content=\"2020-02-23T20:46:35+00:00\" \/>\n<meta property=\"og:image\" content=\"http:\/\/omnivion.net\/core\/wp-content\/uploads\/2020\/02\/andre-et-les-martiens2_edit.gif\" \/>\n<meta name=\"twitter:card\" content=\"summary_large_image\" \/>\n<meta name=\"twitter:label1\" content=\"Dur\u00e9e de lecture estim\u00e9e\" \/>\n\t<meta name=\"twitter:data1\" content=\"3 minutes\" \/>\n<script type=\"application\/ld+json\" class=\"yoast-schema-graph\">{\"@context\":\"https:\/\/schema.org\",\"@graph\":[{\"@type\":\"WebPage\",\"@id\":\"https:\/\/omnivion.net\/core\/fr\/projets\/projets-artistiques\/newtopia-8\/newtopia-8-1\/\",\"url\":\"https:\/\/omnivion.net\/core\/fr\/projets\/projets-artistiques\/newtopia-8\/newtopia-8-1\/\",\"name\":\"Newtopia 8.1 - omnivion.net\",\"isPartOf\":{\"@id\":\"https:\/\/omnivion.net\/core\/fr\/#website\"},\"primaryImageOfPage\":{\"@id\":\"https:\/\/omnivion.net\/core\/fr\/projets\/projets-artistiques\/newtopia-8\/newtopia-8-1\/#primaryimage\"},\"image\":{\"@id\":\"https:\/\/omnivion.net\/core\/fr\/projets\/projets-artistiques\/newtopia-8\/newtopia-8-1\/#primaryimage\"},\"thumbnailUrl\":\"http:\/\/omnivion.net\/core\/wp-content\/uploads\/2020\/02\/andre-et-les-martiens2_edit.gif\",\"datePublished\":\"2020-02-20T18:31:45+00:00\",\"dateModified\":\"2020-02-23T20:46:35+00:00\",\"breadcrumb\":{\"@id\":\"https:\/\/omnivion.net\/core\/fr\/projets\/projets-artistiques\/newtopia-8\/newtopia-8-1\/#breadcrumb\"},\"inLanguage\":\"fr-FR\",\"potentialAction\":[{\"@type\":\"ReadAction\",\"target\":[\"https:\/\/omnivion.net\/core\/fr\/projets\/projets-artistiques\/newtopia-8\/newtopia-8-1\/\"]}]},{\"@type\":\"ImageObject\",\"inLanguage\":\"fr-FR\",\"@id\":\"https:\/\/omnivion.net\/core\/fr\/projets\/projets-artistiques\/newtopia-8\/newtopia-8-1\/#primaryimage\",\"url\":\"http:\/\/omnivion.net\/core\/wp-content\/uploads\/2020\/02\/andre-et-les-martiens2_edit.gif\",\"contentUrl\":\"http:\/\/omnivion.net\/core\/wp-content\/uploads\/2020\/02\/andre-et-les-martiens2_edit.gif\"},{\"@type\":\"BreadcrumbList\",\"@id\":\"https:\/\/omnivion.net\/core\/fr\/projets\/projets-artistiques\/newtopia-8\/newtopia-8-1\/#breadcrumb\",\"itemListElement\":[{\"@type\":\"ListItem\",\"position\":1,\"name\":\"Accueil\",\"item\":\"https:\/\/omnivion.net\/core\/en\/silverstorm\/\"},{\"@type\":\"ListItem\",\"position\":2,\"name\":\"Projets\",\"item\":\"https:\/\/omnivion.net\/core\/fr\/projets\/\"},{\"@type\":\"ListItem\",\"position\":3,\"name\":\"Projets Artistiques\",\"item\":\"https:\/\/omnivion.net\/core\/projets\/projets-artistiques\/\"},{\"@type\":\"ListItem\",\"position\":4,\"name\":\"Newtopia 8\",\"item\":\"https:\/\/omnivion.net\/core\/projets\/projets-artistiques\/newtopia-8\/\"},{\"@type\":\"ListItem\",\"position\":5,\"name\":\"Newtopia 8.1\"}]},{\"@type\":\"WebSite\",\"@id\":\"https:\/\/omnivion.net\/core\/fr\/#website\",\"url\":\"https:\/\/omnivion.net\/core\/fr\/\",\"name\":\"omnivion.net\",\"description\":\"...ARTS D&#039;\u00caTRE CORPS...\",\"potentialAction\":[{\"@type\":\"SearchAction\",\"target\":{\"@type\":\"EntryPoint\",\"urlTemplate\":\"https:\/\/omnivion.net\/core\/fr\/?s={search_term_string}\"},\"query-input\":{\"@type\":\"PropertyValueSpecification\",\"valueRequired\":true,\"valueName\":\"search_term_string\"}}],\"inLanguage\":\"fr-FR\"}]}<\/script>\n<!-- \/ Yoast SEO plugin. -->","yoast_head_json":{"title":"Newtopia 8.1 - omnivion.net","robots":{"index":"index","follow":"follow","max-snippet":"max-snippet:-1","max-image-preview":"max-image-preview:large","max-video-preview":"max-video-preview:-1"},"canonical":"https:\/\/omnivion.net\/core\/fr\/projets\/projets-artistiques\/newtopia-8\/newtopia-8-1\/","og_locale":"fr_FR","og_type":"article","og_title":"Newtopia 8.1 - omnivion.net","og_description":"Newtopia 8.1 \/ O\u00f9 va la Psychiatrie? (2020) Cin\u00e9-d\u00e9bat aux cin\u00e9mas Studio, \u00e0 [&hellip;]","og_url":"https:\/\/omnivion.net\/core\/fr\/projets\/projets-artistiques\/newtopia-8\/newtopia-8-1\/","og_site_name":"omnivion.net","article_modified_time":"2020-02-23T20:46:35+00:00","og_image":[{"url":"http:\/\/omnivion.net\/core\/wp-content\/uploads\/2020\/02\/andre-et-les-martiens2_edit.gif","type":"","width":"","height":""}],"twitter_card":"summary_large_image","twitter_misc":{"Dur\u00e9e de lecture estim\u00e9e":"3 minutes"},"schema":{"@context":"https:\/\/schema.org","@graph":[{"@type":"WebPage","@id":"https:\/\/omnivion.net\/core\/fr\/projets\/projets-artistiques\/newtopia-8\/newtopia-8-1\/","url":"https:\/\/omnivion.net\/core\/fr\/projets\/projets-artistiques\/newtopia-8\/newtopia-8-1\/","name":"Newtopia 8.1 - omnivion.net","isPartOf":{"@id":"https:\/\/omnivion.net\/core\/fr\/#website"},"primaryImageOfPage":{"@id":"https:\/\/omnivion.net\/core\/fr\/projets\/projets-artistiques\/newtopia-8\/newtopia-8-1\/#primaryimage"},"image":{"@id":"https:\/\/omnivion.net\/core\/fr\/projets\/projets-artistiques\/newtopia-8\/newtopia-8-1\/#primaryimage"},"thumbnailUrl":"http:\/\/omnivion.net\/core\/wp-content\/uploads\/2020\/02\/andre-et-les-martiens2_edit.gif","datePublished":"2020-02-20T18:31:45+00:00","dateModified":"2020-02-23T20:46:35+00:00","breadcrumb":{"@id":"https:\/\/omnivion.net\/core\/fr\/projets\/projets-artistiques\/newtopia-8\/newtopia-8-1\/#breadcrumb"},"inLanguage":"fr-FR","potentialAction":[{"@type":"ReadAction","target":["https:\/\/omnivion.net\/core\/fr\/projets\/projets-artistiques\/newtopia-8\/newtopia-8-1\/"]}]},{"@type":"ImageObject","inLanguage":"fr-FR","@id":"https:\/\/omnivion.net\/core\/fr\/projets\/projets-artistiques\/newtopia-8\/newtopia-8-1\/#primaryimage","url":"http:\/\/omnivion.net\/core\/wp-content\/uploads\/2020\/02\/andre-et-les-martiens2_edit.gif","contentUrl":"http:\/\/omnivion.net\/core\/wp-content\/uploads\/2020\/02\/andre-et-les-martiens2_edit.gif"},{"@type":"BreadcrumbList","@id":"https:\/\/omnivion.net\/core\/fr\/projets\/projets-artistiques\/newtopia-8\/newtopia-8-1\/#breadcrumb","itemListElement":[{"@type":"ListItem","position":1,"name":"Accueil","item":"https:\/\/omnivion.net\/core\/en\/silverstorm\/"},{"@type":"ListItem","position":2,"name":"Projets","item":"https:\/\/omnivion.net\/core\/fr\/projets\/"},{"@type":"ListItem","position":3,"name":"Projets Artistiques","item":"https:\/\/omnivion.net\/core\/projets\/projets-artistiques\/"},{"@type":"ListItem","position":4,"name":"Newtopia 8","item":"https:\/\/omnivion.net\/core\/projets\/projets-artistiques\/newtopia-8\/"},{"@type":"ListItem","position":5,"name":"Newtopia 8.1"}]},{"@type":"WebSite","@id":"https:\/\/omnivion.net\/core\/fr\/#website","url":"https:\/\/omnivion.net\/core\/fr\/","name":"omnivion.net","description":"...ARTS D&#039;\u00caTRE CORPS...","potentialAction":[{"@type":"SearchAction","target":{"@type":"EntryPoint","urlTemplate":"https:\/\/omnivion.net\/core\/fr\/?s={search_term_string}"},"query-input":{"@type":"PropertyValueSpecification","valueRequired":true,"valueName":"search_term_string"}}],"inLanguage":"fr-FR"}]}},"jetpack_sharing_enabled":true,"jetpack_shortlink":"https:\/\/wp.me\/P2fe7Q-VI","jetpack_likes_enabled":true,"_links":{"self":[{"href":"https:\/\/omnivion.net\/core\/fr\/wp-json\/wp\/v2\/pages\/3578","targetHints":{"allow":["GET"]}}],"collection":[{"href":"https:\/\/omnivion.net\/core\/fr\/wp-json\/wp\/v2\/pages"}],"about":[{"href":"https:\/\/omnivion.net\/core\/fr\/wp-json\/wp\/v2\/types\/page"}],"author":[{"embeddable":true,"href":"https:\/\/omnivion.net\/core\/fr\/wp-json\/wp\/v2\/users\/1"}],"replies":[{"embeddable":true,"href":"https:\/\/omnivion.net\/core\/fr\/wp-json\/wp\/v2\/comments?post=3578"}],"version-history":[{"count":7,"href":"https:\/\/omnivion.net\/core\/fr\/wp-json\/wp\/v2\/pages\/3578\/revisions"}],"predecessor-version":[{"id":3605,"href":"https:\/\/omnivion.net\/core\/fr\/wp-json\/wp\/v2\/pages\/3578\/revisions\/3605"}],"up":[{"embeddable":true,"href":"https:\/\/omnivion.net\/core\/fr\/wp-json\/wp\/v2\/pages\/3491"}],"wp:attachment":[{"href":"https:\/\/omnivion.net\/core\/fr\/wp-json\/wp\/v2\/media?parent=3578"}],"curies":[{"name":"wp","href":"https:\/\/api.w.org\/{rel}","templated":true}]}}