{"id":3558,"date":"2020-02-12T22:28:51","date_gmt":"2020-02-12T21:28:51","guid":{"rendered":"http:\/\/omnivion.net\/core\/?page_id=3558"},"modified":"2022-01-05T10:21:07","modified_gmt":"2022-01-05T09:21:07","slug":"shaolindanse","status":"publish","type":"page","link":"https:\/\/omnivion.net\/core\/fr\/projets\/educational-projects\/shaolindanse\/","title":{"rendered":"Stages de Danses Martiales"},"content":{"rendered":"<p><div id=\"attachment_3562\" style=\"width: 810px\" class=\"wp-caption alignnone\"><a href=\"https:\/\/i0.wp.com\/omnivion.net\/core\/wp-content\/uploads\/2020\/02\/China-in-the-1930s-29_edit.jpg\"><img data-recalc-dims=\"1\" loading=\"lazy\" decoding=\"async\" aria-describedby=\"caption-attachment-3562\" class=\"size-full wp-image-3562\" src=\"https:\/\/i0.wp.com\/omnivion.net\/core\/wp-content\/uploads\/2020\/02\/China-in-the-1930s-29_edit.jpg?resize=800%2C392\" alt=\"\" width=\"800\" height=\"392\" srcset=\"https:\/\/i0.wp.com\/omnivion.net\/core\/wp-content\/uploads\/2020\/02\/China-in-the-1930s-29_edit.jpg?w=800&amp;ssl=1 800w, https:\/\/i0.wp.com\/omnivion.net\/core\/wp-content\/uploads\/2020\/02\/China-in-the-1930s-29_edit.jpg?resize=300%2C147&amp;ssl=1 300w, https:\/\/i0.wp.com\/omnivion.net\/core\/wp-content\/uploads\/2020\/02\/China-in-the-1930s-29_edit.jpg?resize=768%2C376&amp;ssl=1 768w\" sizes=\"auto, (max-width: 800px) 100vw, 800px\" \/><\/a><p id=\"caption-attachment-3562\" class=\"wp-caption-text\">Photo par : ???<\/p><\/div><\/p>\n<h3><\/h3>\n<h3>PROCHAIN STAGE :<\/h3>\n<h2><strong><em>Danse Shaolin &#8211; Ciel et Terre<\/em><\/strong><\/h2>\n<p><strong><em>Mouvements animales, enchainements explosifs et expressivit\u00e9 sensible <\/em><\/strong><\/p>\n<p><strong>une exp\u00e9rience p\u00e9dagogique par Dimitri Tsiapkinis, (M.A.) adress\u00e9 aux professionnels et amateurs du mouvement<\/strong><\/p>\n<p><strong><em>au Petit Morier, <\/em><\/strong><strong><em><span class=\"_l1a\">81 Boulevard Jean Royer, 37000 Tours<\/span><\/em><\/strong><\/p>\n<p><strong><span lang=\"fr-FR\">26-27 F\u00e9vrier<\/span><span lang=\"fr-FR\"> 2022 \/ Samedi et Dimanche 14H-18H.<\/span><\/strong><\/p>\n<p><strong><em>Tarif\u00a0: 50\u20ac<\/em><\/strong><\/p>\n<p><strong>R\u00e9servations : <a href=\"https:\/\/www.helloasso.com\/associations\/omnivion\/evenements\/danse-shaolin-ciel-et-terre\">Helloasso\/evenements\/danse-shaolin-ciel-et-terre<\/a><\/strong><\/p>\n<h2><\/h2>\n<h2>S\u00e9rie de stages sur les liens possibles entre arts martiaux Shaolin et danse contemporaine.<\/h2>\n<ul>\n<li><strong>Le Kung Fu et le Tai Chi Chen<\/strong> sont deux formes que l&rsquo;artiste chor\u00e9graphique Dimitri Tsiapkinis a eu le privil\u00e8ge d&rsquo;\u00e9tudier, avec le <strong>ma\u00eetre Shi Yan Jun, Shaolin de 34\u00e8me g\u00e9n\u00e9ration,<\/strong> \u00e0 Tours depuis 2005. Assistant du ma\u00eetre depuis 12 ans, il nous propose d\u2019\u00e9tudier des possibilit\u00e9s d\u2019expressivit\u00e9 gestuelle inspir\u00e9e du Kung Fu et du Tai Chi. L\u2019ancrage au sol, la concentration aigu\u00eb, la rapidit\u00e9 et la pr\u00e9cision gestuelle font partie des \u00e9l\u00e9ments cl\u00e9s dans l\u2019entrainement Shaolin, mais aussi dans celui de la danse.<\/li>\n<\/ul>\n<p><strong>La fusion entre arts martiaux et danse se fait depuis l&rsquo;aube de temps.<\/strong> Les com\u00e9diens Chinois se forment autant en danse qu&rsquo;en art martiaux et on le voit bien dans les films. Les sc\u00e8nes de bataille corps \u00e0 corps d\u00e9passent la finalit\u00e9 d&rsquo;abattre le rival pour s&rsquo;envoler dans des chor\u00e9graphies vertigineuses avec des gestes qui explorent l\u2019esth\u00e9tisme du geste.<\/p>\n<p>De l&rsquo;autre cot\u00e9, il y a l&rsquo;aspect de la violence. Comment l&rsquo;exprimer, la maitriser, l&rsquo;esquiver, la transformer? Personne veut se faire mal. Enfin presque&#8230;Comme <strong>le chor\u00e9graphe Bernardo Montet<\/strong> disait : la violence en soi n&rsquo;est pas \u00ab\u00a0mauvaise\u00a0\u00bb. Un fleur qui s&rsquo;ouvre \u00e9prouve une violence \u00e0 son \u00e9ch\u00e8le. Une femme qui accouche vit une violence transformatrice et porteuse de vie. <strong>Le ma\u00eetre Shi Yan Jun<\/strong> revendique la n\u00e9cessit\u00e9 de traverser souvent la douleur, non seulement pour savoir la supporter, mais aussi pour savoir mieux l&rsquo;\u00e9viter. Les enfants surprot\u00e9g\u00e9s avec des sols en caoutchouc aux \u00e9coles risquent de retarder leur d\u00e9veloppement postural, parce qu&rsquo;ils n&rsquo;apprennent pas \u00e0 chuter&#8230;<\/p>\n<h3><\/h3>\n<p>&gt;&gt;&gt;&gt;Deux objectifs majeurs pour ce 1er stage : <strong>mettre des d\u00e9fis nouveaux \u00e0 notre sens kinesth\u00e9sique et explorer des mobilit\u00e9s au sol et en l&rsquo;air.<\/strong><\/p>\n<p><strong>Contenu de l\u2019entrainement <\/strong><\/p>\n<p><u>Le cours commence avec un \u00e9chauffement qui inclut : <\/u><\/p>\n<ul>\n<li>Stimulation sensorielle par mobilisation et assouplissement des fascias.<\/li>\n<li>Exercices de tonicit\u00e9 du tronc et pratiques qui promeuvent une attention accrue.<\/li>\n<\/ul>\n<p><u>Travail de technicit\u00e9 en lien avec l\u2019expressivit\u00e9 personnelle (encha\u00eenements et improvisations) :<\/u><\/p>\n<ul>\n<li>Pratiques martiales diverses<\/li>\n<li>Danses animales au sol inspir\u00e9es de la technique de danse <em>Release<\/em><\/li>\n<li>Changements radicaux d\u2019\u00e9nergie et de qualit\u00e9 de mouvement<\/li>\n<\/ul>\n<p><u>Atelier cr\u00e9atif<\/u><\/p>\n<ul>\n<li>Stimuler l\u2019int\u00e9gration et la spontan\u00e9it\u00e9 en improvisant sur les mati\u00e8res du cours<\/li>\n<li>Explorer diverses approches dramaturgiques du mouvement en solo, duo ou en groupe.<\/li>\n<\/ul>\n<p>&nbsp;<\/p>","protected":false},"excerpt":{"rendered":"<p>PROCHAIN STAGE : Danse Shaolin &#8211; Ciel et Terre Mouvements animales, enchainements explosifs [&hellip;]<\/p>\n","protected":false},"author":1,"featured_media":0,"parent":63,"menu_order":0,"comment_status":"closed","ping_status":"closed","template":"","meta":{"jetpack_post_was_ever_published":false,"footnotes":""},"class_list":["post-3558","page","type-page","status-publish","hentry"],"yoast_head":"<!-- This site is optimized with the Yoast SEO plugin v26.8 - https:\/\/yoast.com\/product\/yoast-seo-wordpress\/ -->\n<title>Stages de Danses Martiales - omnivion.net<\/title>\n<meta name=\"robots\" content=\"index, follow, max-snippet:-1, max-image-preview:large, max-video-preview:-1\" \/>\n<link rel=\"canonical\" href=\"https:\/\/omnivion.net\/core\/fr\/projets\/educational-projects\/shaolindanse\/\" \/>\n<meta property=\"og:locale\" content=\"fr_FR\" \/>\n<meta property=\"og:type\" content=\"article\" \/>\n<meta property=\"og:title\" content=\"Stages de Danses Martiales - omnivion.net\" \/>\n<meta property=\"og:description\" content=\"PROCHAIN STAGE : Danse Shaolin &#8211; Ciel et Terre Mouvements animales, enchainements explosifs [&hellip;]\" \/>\n<meta property=\"og:url\" content=\"https:\/\/omnivion.net\/core\/fr\/projets\/educational-projects\/shaolindanse\/\" \/>\n<meta property=\"og:site_name\" content=\"omnivion.net\" \/>\n<meta property=\"article:modified_time\" content=\"2022-01-05T09:21:07+00:00\" \/>\n<meta property=\"og:image\" content=\"http:\/\/omnivion.net\/core\/wp-content\/uploads\/2020\/02\/China-in-the-1930s-29_edit.jpg\" \/>\n<meta name=\"twitter:card\" content=\"summary_large_image\" \/>\n<meta name=\"twitter:label1\" content=\"Dur\u00e9e de lecture estim\u00e9e\" \/>\n\t<meta name=\"twitter:data1\" content=\"2 minutes\" \/>\n<script type=\"application\/ld+json\" class=\"yoast-schema-graph\">{\"@context\":\"https:\/\/schema.org\",\"@graph\":[{\"@type\":\"WebPage\",\"@id\":\"https:\/\/omnivion.net\/core\/fr\/projets\/educational-projects\/shaolindanse\/\",\"url\":\"https:\/\/omnivion.net\/core\/fr\/projets\/educational-projects\/shaolindanse\/\",\"name\":\"Stages de Danses Martiales - omnivion.net\",\"isPartOf\":{\"@id\":\"https:\/\/omnivion.net\/core\/fr\/#website\"},\"primaryImageOfPage\":{\"@id\":\"https:\/\/omnivion.net\/core\/fr\/projets\/educational-projects\/shaolindanse\/#primaryimage\"},\"image\":{\"@id\":\"https:\/\/omnivion.net\/core\/fr\/projets\/educational-projects\/shaolindanse\/#primaryimage\"},\"thumbnailUrl\":\"http:\/\/omnivion.net\/core\/wp-content\/uploads\/2020\/02\/China-in-the-1930s-29_edit.jpg\",\"datePublished\":\"2020-02-12T21:28:51+00:00\",\"dateModified\":\"2022-01-05T09:21:07+00:00\",\"breadcrumb\":{\"@id\":\"https:\/\/omnivion.net\/core\/fr\/projets\/educational-projects\/shaolindanse\/#breadcrumb\"},\"inLanguage\":\"fr-FR\",\"potentialAction\":[{\"@type\":\"ReadAction\",\"target\":[\"https:\/\/omnivion.net\/core\/fr\/projets\/educational-projects\/shaolindanse\/\"]}]},{\"@type\":\"ImageObject\",\"inLanguage\":\"fr-FR\",\"@id\":\"https:\/\/omnivion.net\/core\/fr\/projets\/educational-projects\/shaolindanse\/#primaryimage\",\"url\":\"http:\/\/omnivion.net\/core\/wp-content\/uploads\/2020\/02\/China-in-the-1930s-29_edit.jpg\",\"contentUrl\":\"http:\/\/omnivion.net\/core\/wp-content\/uploads\/2020\/02\/China-in-the-1930s-29_edit.jpg\"},{\"@type\":\"BreadcrumbList\",\"@id\":\"https:\/\/omnivion.net\/core\/fr\/projets\/educational-projects\/shaolindanse\/#breadcrumb\",\"itemListElement\":[{\"@type\":\"ListItem\",\"position\":1,\"name\":\"Accueil\",\"item\":\"https:\/\/omnivion.net\/core\/en\/silverstorm\/\"},{\"@type\":\"ListItem\",\"position\":2,\"name\":\"Projets\",\"item\":\"https:\/\/omnivion.net\/core\/fr\/projets\/\"},{\"@type\":\"ListItem\",\"position\":3,\"name\":\"Projets Educatifs\",\"item\":\"https:\/\/omnivion.net\/core\/projets\/educational-projects\/\"},{\"@type\":\"ListItem\",\"position\":4,\"name\":\"Stages de Danses Martiales\"}]},{\"@type\":\"WebSite\",\"@id\":\"https:\/\/omnivion.net\/core\/fr\/#website\",\"url\":\"https:\/\/omnivion.net\/core\/fr\/\",\"name\":\"omnivion.net\",\"description\":\"...ARTS D&#039;\u00caTRE CORPS...\",\"potentialAction\":[{\"@type\":\"SearchAction\",\"target\":{\"@type\":\"EntryPoint\",\"urlTemplate\":\"https:\/\/omnivion.net\/core\/fr\/?s={search_term_string}\"},\"query-input\":{\"@type\":\"PropertyValueSpecification\",\"valueRequired\":true,\"valueName\":\"search_term_string\"}}],\"inLanguage\":\"fr-FR\"}]}<\/script>\n<!-- \/ Yoast SEO plugin. -->","yoast_head_json":{"title":"Stages de Danses Martiales - omnivion.net","robots":{"index":"index","follow":"follow","max-snippet":"max-snippet:-1","max-image-preview":"max-image-preview:large","max-video-preview":"max-video-preview:-1"},"canonical":"https:\/\/omnivion.net\/core\/fr\/projets\/educational-projects\/shaolindanse\/","og_locale":"fr_FR","og_type":"article","og_title":"Stages de Danses Martiales - omnivion.net","og_description":"PROCHAIN STAGE : Danse Shaolin &#8211; Ciel et Terre Mouvements animales, enchainements explosifs [&hellip;]","og_url":"https:\/\/omnivion.net\/core\/fr\/projets\/educational-projects\/shaolindanse\/","og_site_name":"omnivion.net","article_modified_time":"2022-01-05T09:21:07+00:00","og_image":[{"url":"http:\/\/omnivion.net\/core\/wp-content\/uploads\/2020\/02\/China-in-the-1930s-29_edit.jpg","type":"","width":"","height":""}],"twitter_card":"summary_large_image","twitter_misc":{"Dur\u00e9e de lecture estim\u00e9e":"2 minutes"},"schema":{"@context":"https:\/\/schema.org","@graph":[{"@type":"WebPage","@id":"https:\/\/omnivion.net\/core\/fr\/projets\/educational-projects\/shaolindanse\/","url":"https:\/\/omnivion.net\/core\/fr\/projets\/educational-projects\/shaolindanse\/","name":"Stages de Danses Martiales - omnivion.net","isPartOf":{"@id":"https:\/\/omnivion.net\/core\/fr\/#website"},"primaryImageOfPage":{"@id":"https:\/\/omnivion.net\/core\/fr\/projets\/educational-projects\/shaolindanse\/#primaryimage"},"image":{"@id":"https:\/\/omnivion.net\/core\/fr\/projets\/educational-projects\/shaolindanse\/#primaryimage"},"thumbnailUrl":"http:\/\/omnivion.net\/core\/wp-content\/uploads\/2020\/02\/China-in-the-1930s-29_edit.jpg","datePublished":"2020-02-12T21:28:51+00:00","dateModified":"2022-01-05T09:21:07+00:00","breadcrumb":{"@id":"https:\/\/omnivion.net\/core\/fr\/projets\/educational-projects\/shaolindanse\/#breadcrumb"},"inLanguage":"fr-FR","potentialAction":[{"@type":"ReadAction","target":["https:\/\/omnivion.net\/core\/fr\/projets\/educational-projects\/shaolindanse\/"]}]},{"@type":"ImageObject","inLanguage":"fr-FR","@id":"https:\/\/omnivion.net\/core\/fr\/projets\/educational-projects\/shaolindanse\/#primaryimage","url":"http:\/\/omnivion.net\/core\/wp-content\/uploads\/2020\/02\/China-in-the-1930s-29_edit.jpg","contentUrl":"http:\/\/omnivion.net\/core\/wp-content\/uploads\/2020\/02\/China-in-the-1930s-29_edit.jpg"},{"@type":"BreadcrumbList","@id":"https:\/\/omnivion.net\/core\/fr\/projets\/educational-projects\/shaolindanse\/#breadcrumb","itemListElement":[{"@type":"ListItem","position":1,"name":"Accueil","item":"https:\/\/omnivion.net\/core\/en\/silverstorm\/"},{"@type":"ListItem","position":2,"name":"Projets","item":"https:\/\/omnivion.net\/core\/fr\/projets\/"},{"@type":"ListItem","position":3,"name":"Projets Educatifs","item":"https:\/\/omnivion.net\/core\/projets\/educational-projects\/"},{"@type":"ListItem","position":4,"name":"Stages de Danses Martiales"}]},{"@type":"WebSite","@id":"https:\/\/omnivion.net\/core\/fr\/#website","url":"https:\/\/omnivion.net\/core\/fr\/","name":"omnivion.net","description":"...ARTS D&#039;\u00caTRE CORPS...","potentialAction":[{"@type":"SearchAction","target":{"@type":"EntryPoint","urlTemplate":"https:\/\/omnivion.net\/core\/fr\/?s={search_term_string}"},"query-input":{"@type":"PropertyValueSpecification","valueRequired":true,"valueName":"search_term_string"}}],"inLanguage":"fr-FR"}]}},"jetpack_sharing_enabled":true,"jetpack_shortlink":"https:\/\/wp.me\/P2fe7Q-Vo","jetpack_likes_enabled":true,"_links":{"self":[{"href":"https:\/\/omnivion.net\/core\/fr\/wp-json\/wp\/v2\/pages\/3558","targetHints":{"allow":["GET"]}}],"collection":[{"href":"https:\/\/omnivion.net\/core\/fr\/wp-json\/wp\/v2\/pages"}],"about":[{"href":"https:\/\/omnivion.net\/core\/fr\/wp-json\/wp\/v2\/types\/page"}],"author":[{"embeddable":true,"href":"https:\/\/omnivion.net\/core\/fr\/wp-json\/wp\/v2\/users\/1"}],"replies":[{"embeddable":true,"href":"https:\/\/omnivion.net\/core\/fr\/wp-json\/wp\/v2\/comments?post=3558"}],"version-history":[{"count":20,"href":"https:\/\/omnivion.net\/core\/fr\/wp-json\/wp\/v2\/pages\/3558\/revisions"}],"predecessor-version":[{"id":4393,"href":"https:\/\/omnivion.net\/core\/fr\/wp-json\/wp\/v2\/pages\/3558\/revisions\/4393"}],"up":[{"embeddable":true,"href":"https:\/\/omnivion.net\/core\/fr\/wp-json\/wp\/v2\/pages\/63"}],"wp:attachment":[{"href":"https:\/\/omnivion.net\/core\/fr\/wp-json\/wp\/v2\/media?parent=3558"}],"curies":[{"name":"wp","href":"https:\/\/api.w.org\/{rel}","templated":true}]}}