{"id":3553,"date":"2020-02-03T18:56:44","date_gmt":"2020-02-03T17:56:44","guid":{"rendered":"http:\/\/omnivion.net\/core\/projets\/projets-artistiques\/newtopia-8-copy\/"},"modified":"2022-02-14T21:24:45","modified_gmt":"2022-02-14T20:24:45","slug":"newtopia-9","status":"publish","type":"page","link":"https:\/\/omnivion.net\/core\/fr\/projets\/projets-artistiques\/newtopia-9\/","title":{"rendered":"Corps extatique &#8211; Newtopia 9"},"content":{"rendered":"<p><div id=\"attachment_4067\" style=\"width: 810px\" class=\"wp-caption alignnone\"><img data-recalc-dims=\"1\" loading=\"lazy\" decoding=\"async\" aria-describedby=\"caption-attachment-4067\" class=\"size-full wp-image-4067\" src=\"https:\/\/i0.wp.com\/omnivion.net\/core\/wp-content\/uploads\/2021\/05\/DURET-Bernard-92_mod_web-1.jpg?resize=800%2C534\" alt=\"\" width=\"800\" height=\"534\" srcset=\"https:\/\/i0.wp.com\/omnivion.net\/core\/wp-content\/uploads\/2021\/05\/DURET-Bernard-92_mod_web-1.jpg?w=800&amp;ssl=1 800w, https:\/\/i0.wp.com\/omnivion.net\/core\/wp-content\/uploads\/2021\/05\/DURET-Bernard-92_mod_web-1.jpg?resize=300%2C200&amp;ssl=1 300w, https:\/\/i0.wp.com\/omnivion.net\/core\/wp-content\/uploads\/2021\/05\/DURET-Bernard-92_mod_web-1.jpg?resize=768%2C513&amp;ssl=1 768w\" sizes=\"auto, (max-width: 800px) 100vw, 800px\" \/><p id=\"caption-attachment-4067\" class=\"wp-caption-text\">Photo (mod) par Bernard Duret<\/p><\/div><\/p>\n<h1><\/h1>\n<h1>Corps Extatique (2021)<\/h1>\n<p>Des \u00e9v\u00e9nements chor\u00e9graphiques et artistiques <em>inclusifs<\/em> d\u00e9velopp\u00e9s autour de la conviction que la danse participe \u00e0 la construction et la r\u00e9-construction de soi et de la communaut\u00e9.<\/p>\n<p>Le nouveau projet Omnivion de cette ann\u00e9e <strong>\u00ab\u00a0Corps Extatique\u00a0\u00bb<\/strong> puise sa th\u00e9matique de la notion de l\u2019extase, de l\u2019<em>inconscient<\/em> et des \u00e9tats modifi\u00e9s de la conscience. C\u2019est un questionnement sur la diversit\u00e9 des formes de la connaissance en compl\u00e9mentarit\u00e9 \u00e0 l\u2019intelligence rationnelle. Une tentative de mod\u00e9rer le pouvoir monolithique d\u2019un scientisme omnipr\u00e9sent qui cherche \u00e0 dicter, parfois violemment, le vivre ensemble.<\/p>\n<p class=\"Standard\">Certains penseurs, redoutent le d\u00e9calage du d\u00e9veloppement de nos intelligences multiples, par exemple : l\u2019intelligence rationnelle trop en avance par rapport \u00e0 l\u2019intelligence \u00e9motionnelle ou sociale. Sommes-nous incapables de percevoir le monde d\u2019une fa\u00e7on globale ou sommes-nous juste d\u00e9pass\u00e9s, frustr\u00e9s par la complexit\u00e9 de nos interactions avec le r\u00e9el ?<\/p>\n<p class=\"Standard\">Et d&rsquo;autres continuent \u00e0 regarder avec une sup\u00e9riorit\u00e9 arrogante des civilisations de chasseurs- cueilleurs qui persistent, avec des mod\u00e8les de vie en harmonie avec le vivant que nous sommes comme chez les <strong>Zo\u2019\u00e9s<\/strong> (Communisme primitif, protection de ressources sans accumulation, \u00e9quit\u00e9 hommes-femmes, polygamie, c\u00e9r\u00e9monies festives de transe pour les fun\u00e9railles, etc.). Nous ne pouvons peut-\u00eatre pas imiter leur mod\u00e8le, mais qu\u2019est-ce qu\u2019on pourrait apprendre d\u2019eux ? Nous entendons de plus en plus parler de la d\u00e9sillusion que la science, la technologie et la consommation en exc\u00e8s vont nous apporter du bonheur. Serrons-nous capables de vivre plus frugalement et plus heureux ? Reconna\u00eetre la mort comme alli\u00e9e du vivant et pas comme exterminateur de l\u2019humain ?<\/p>\n<p class=\"Standard\"><strong>Corps extatique \/ Newtopia 9 puisera ses mati\u00e8res dans les notions ci-dessus : inconscient, communaut\u00e9, transe.<\/strong><\/p>\n<p>&nbsp;<\/p>\n<h2><strong>Au programme :<\/strong><\/h2>\n<p>&nbsp;<\/p>\n<p><strong>\u2013 1er janvier 2021 : <a href=\"http:\/\/omnivion.net\/core\/projets\/projets-artistiques\/newtopia-9\/paian-newtopia-9-1\/\">Pai<em>\u00e1<\/em>n<\/a> \/ Newtopia 9.1<\/strong>, \u00e0 H\u00e9ptapyrgion, Thessaloniki, Gr\u00e8ce<\/p>\n<p><strong>\u2013 31 janvier 2021 :\u00a0<a href=\"https:\/\/omnivion.net\/core\/fr\/projets\/projets-artistiques\/newtopia-9\/les-inconnu-e-s-corps-extatiques\/\">Les Inconnu.e.s \/ Newtopia 9.2<\/a>, <\/strong>au march\u00e9 V\u00e9lpeau, Tours (37000)<\/p>\n<p><strong>\u2013 6 f\u00e9vrier 2021 :\u00a0<a href=\"https:\/\/omnivion.net\/core\/fr\/projets\/projets-artistiques\/newtopia-9\/les-inconnu-e-s-corps-extatiques\/\">Les Inconnu.e.s \/ Newtopia 9.2<\/a>, <\/strong>au march\u00e9 Beaujardin, Tours (37000)<\/p>\n<p><strong>\u2013 28 mars 2021 :\u00a0<a href=\"https:\/\/omnivion.net\/core\/fr\/projets\/projets-artistiques\/newtopia-9\/les-inconnu-e-s-corps-extatiques\/\">Les Inconnu.e.s \/ Newtopia 9.2<\/a>, <\/strong>\u00e0 la Place Paul Bert, Tours (37000)<\/p>\n<p><strong>\u2013 1er ao\u00fbt 2021 : <a href=\"http:\/\/omnivion.net\/core\/projets\/projets-artistiques\/newtopia-9\/metanymphes-2021\/\">M\u00e9tanymphes \/ Newtopia 9.3<\/a>, <\/strong>au Th\u00e9\u00e2tre Antique de Milos (84800), Gr\u00e8ce<\/p>\n<p><strong>\u2013 9-10 octobre 2021 :\u00a0<a href=\"http:\/\/omnivion.net\/core\/projets\/projets-artistiques\/newtopia-9\/petites-planetes\/\">Petites Plan\u00e8tes \/ Newtopia 9.4<\/a>, Cin\u00e9-concert <\/strong>\u00e0 la Chapelle des Capucins, Tours (37100) et aux bords de la Loire, Rochecorbon (37210)<\/p>\n<p><strong>\u2013 16 d\u00e9cembre 2021 : Newtopia 9.5<\/strong>, performance priv\u00e9e au <a href=\"https:\/\/www.cesap.asso.fr\/38-etablissementetservice\/actualites-etablissements\/mas-chateau-de-launay\" target=\"_blank\" rel=\"noopener\">CESAP de Reugny<\/a> (37380) <span style=\"color: #ff0000;\">[Annul\u00e9 cas COVID]<\/span><\/p>\n<p><strong>\u2013 22 janvier 2022\u00a0<\/strong><strong>: <a href=\"http:\/\/omnivion.net\/core\/projets\/projets-artistiques\/newtopia-9\/corpsx-newtopia-9-6\/\">\u03b5xtatik \/ Newtopia 9.6<\/a>,\u00a0<\/strong>performance \u00e0 Vodanum \/ salle polyvalente de Rochecorbon (37210)<\/p>\n<p>&nbsp;<\/p>\n<p><strong>PARTENAIRES ET FINANCEMENT :<\/strong><\/p>\n<p><img data-recalc-dims=\"1\" loading=\"lazy\" decoding=\"async\" class=\"alignnone size-large wp-image-3990\" src=\"https:\/\/i0.wp.com\/omnivion.net\/core\/wp-content\/uploads\/2021\/02\/Logos_N9-1024x383.jpg?resize=800%2C299\" alt=\"\" width=\"800\" height=\"299\" srcset=\"https:\/\/i0.wp.com\/omnivion.net\/core\/wp-content\/uploads\/2021\/02\/Logos_N9.jpg?resize=1024%2C383&amp;ssl=1 1024w, https:\/\/i0.wp.com\/omnivion.net\/core\/wp-content\/uploads\/2021\/02\/Logos_N9.jpg?resize=300%2C112&amp;ssl=1 300w, https:\/\/i0.wp.com\/omnivion.net\/core\/wp-content\/uploads\/2021\/02\/Logos_N9.jpg?resize=768%2C287&amp;ssl=1 768w, https:\/\/i0.wp.com\/omnivion.net\/core\/wp-content\/uploads\/2021\/02\/Logos_N9.jpg?w=1317&amp;ssl=1 1317w\" sizes=\"auto, (max-width: 800px) 100vw, 800px\" \/><\/p>","protected":false},"excerpt":{"rendered":"<p>Corps Extatique (2021) Des \u00e9v\u00e9nements chor\u00e9graphiques et artistiques inclusifs d\u00e9velopp\u00e9s autour de la [&hellip;]<\/p>\n","protected":false},"author":1,"featured_media":0,"parent":60,"menu_order":0,"comment_status":"closed","ping_status":"closed","template":"","meta":{"jetpack_post_was_ever_published":false,"footnotes":""},"class_list":["post-3553","page","type-page","status-publish","hentry"],"yoast_head":"<!-- This site is optimized with the Yoast SEO plugin v27.4 - https:\/\/yoast.com\/product\/yoast-seo-wordpress\/ -->\n<title>Corps extatique - Newtopia 9 - omnivion.net<\/title>\n<meta name=\"robots\" content=\"index, follow, max-snippet:-1, max-image-preview:large, max-video-preview:-1\" \/>\n<link rel=\"canonical\" href=\"https:\/\/omnivion.net\/core\/fr\/projets\/projets-artistiques\/newtopia-9\/\" \/>\n<meta property=\"og:locale\" content=\"fr_FR\" \/>\n<meta property=\"og:type\" content=\"article\" \/>\n<meta property=\"og:title\" content=\"Corps extatique - Newtopia 9 - omnivion.net\" \/>\n<meta property=\"og:description\" content=\"Corps Extatique (2021) Des \u00e9v\u00e9nements chor\u00e9graphiques et artistiques inclusifs d\u00e9velopp\u00e9s autour de la [&hellip;]\" \/>\n<meta property=\"og:url\" content=\"https:\/\/omnivion.net\/core\/fr\/projets\/projets-artistiques\/newtopia-9\/\" \/>\n<meta property=\"og:site_name\" content=\"omnivion.net\" \/>\n<meta property=\"article:modified_time\" content=\"2022-02-14T20:24:45+00:00\" \/>\n<meta property=\"og:image\" content=\"http:\/\/omnivion.net\/core\/wp-content\/uploads\/2021\/05\/DURET-Bernard-92_mod_web-1.jpg\" \/>\n<meta name=\"twitter:card\" content=\"summary_large_image\" \/>\n<meta name=\"twitter:label1\" content=\"Dur\u00e9e de lecture estim\u00e9e\" \/>\n\t<meta name=\"twitter:data1\" content=\"3 minutes\" \/>\n<script type=\"application\/ld+json\" class=\"yoast-schema-graph\">{\"@context\":\"https:\\\/\\\/schema.org\",\"@graph\":[{\"@type\":\"WebPage\",\"@id\":\"https:\\\/\\\/omnivion.net\\\/core\\\/fr\\\/projets\\\/projets-artistiques\\\/newtopia-9\\\/\",\"url\":\"https:\\\/\\\/omnivion.net\\\/core\\\/fr\\\/projets\\\/projets-artistiques\\\/newtopia-9\\\/\",\"name\":\"Corps extatique - Newtopia 9 - omnivion.net\",\"isPartOf\":{\"@id\":\"https:\\\/\\\/omnivion.net\\\/core\\\/fr\\\/#website\"},\"primaryImageOfPage\":{\"@id\":\"https:\\\/\\\/omnivion.net\\\/core\\\/fr\\\/projets\\\/projets-artistiques\\\/newtopia-9\\\/#primaryimage\"},\"image\":{\"@id\":\"https:\\\/\\\/omnivion.net\\\/core\\\/fr\\\/projets\\\/projets-artistiques\\\/newtopia-9\\\/#primaryimage\"},\"thumbnailUrl\":\"http:\\\/\\\/omnivion.net\\\/core\\\/wp-content\\\/uploads\\\/2021\\\/05\\\/DURET-Bernard-92_mod_web-1.jpg\",\"datePublished\":\"2020-02-03T17:56:44+00:00\",\"dateModified\":\"2022-02-14T20:24:45+00:00\",\"breadcrumb\":{\"@id\":\"https:\\\/\\\/omnivion.net\\\/core\\\/fr\\\/projets\\\/projets-artistiques\\\/newtopia-9\\\/#breadcrumb\"},\"inLanguage\":\"fr-FR\",\"potentialAction\":[{\"@type\":\"ReadAction\",\"target\":[\"https:\\\/\\\/omnivion.net\\\/core\\\/fr\\\/projets\\\/projets-artistiques\\\/newtopia-9\\\/\"]}]},{\"@type\":\"ImageObject\",\"inLanguage\":\"fr-FR\",\"@id\":\"https:\\\/\\\/omnivion.net\\\/core\\\/fr\\\/projets\\\/projets-artistiques\\\/newtopia-9\\\/#primaryimage\",\"url\":\"http:\\\/\\\/omnivion.net\\\/core\\\/wp-content\\\/uploads\\\/2021\\\/05\\\/DURET-Bernard-92_mod_web-1.jpg\",\"contentUrl\":\"http:\\\/\\\/omnivion.net\\\/core\\\/wp-content\\\/uploads\\\/2021\\\/05\\\/DURET-Bernard-92_mod_web-1.jpg\"},{\"@type\":\"BreadcrumbList\",\"@id\":\"https:\\\/\\\/omnivion.net\\\/core\\\/fr\\\/projets\\\/projets-artistiques\\\/newtopia-9\\\/#breadcrumb\",\"itemListElement\":[{\"@type\":\"ListItem\",\"position\":1,\"name\":\"Accueil\",\"item\":\"https:\\\/\\\/omnivion.net\\\/core\\\/en\\\/silverstorm\\\/\"},{\"@type\":\"ListItem\",\"position\":2,\"name\":\"Projets\",\"item\":\"https:\\\/\\\/omnivion.net\\\/core\\\/fr\\\/projets\\\/\"},{\"@type\":\"ListItem\",\"position\":3,\"name\":\"Projets Artistiques\",\"item\":\"https:\\\/\\\/omnivion.net\\\/core\\\/projets\\\/projets-artistiques\\\/\"},{\"@type\":\"ListItem\",\"position\":4,\"name\":\"Corps extatique &#8211; Newtopia 9\"}]},{\"@type\":\"WebSite\",\"@id\":\"https:\\\/\\\/omnivion.net\\\/core\\\/fr\\\/#website\",\"url\":\"https:\\\/\\\/omnivion.net\\\/core\\\/fr\\\/\",\"name\":\"omnivion.net\",\"description\":\"...ARTS D&#039;\u00caTRE CORPS...\",\"potentialAction\":[{\"@type\":\"SearchAction\",\"target\":{\"@type\":\"EntryPoint\",\"urlTemplate\":\"https:\\\/\\\/omnivion.net\\\/core\\\/fr\\\/?s={search_term_string}\"},\"query-input\":{\"@type\":\"PropertyValueSpecification\",\"valueRequired\":true,\"valueName\":\"search_term_string\"}}],\"inLanguage\":\"fr-FR\"}]}<\/script>\n<!-- \/ Yoast SEO plugin. -->","yoast_head_json":{"title":"Corps extatique - Newtopia 9 - omnivion.net","robots":{"index":"index","follow":"follow","max-snippet":"max-snippet:-1","max-image-preview":"max-image-preview:large","max-video-preview":"max-video-preview:-1"},"canonical":"https:\/\/omnivion.net\/core\/fr\/projets\/projets-artistiques\/newtopia-9\/","og_locale":"fr_FR","og_type":"article","og_title":"Corps extatique - Newtopia 9 - omnivion.net","og_description":"Corps Extatique (2021) Des \u00e9v\u00e9nements chor\u00e9graphiques et artistiques inclusifs d\u00e9velopp\u00e9s autour de la [&hellip;]","og_url":"https:\/\/omnivion.net\/core\/fr\/projets\/projets-artistiques\/newtopia-9\/","og_site_name":"omnivion.net","article_modified_time":"2022-02-14T20:24:45+00:00","og_image":[{"url":"http:\/\/omnivion.net\/core\/wp-content\/uploads\/2021\/05\/DURET-Bernard-92_mod_web-1.jpg","type":"","width":"","height":""}],"twitter_card":"summary_large_image","twitter_misc":{"Dur\u00e9e de lecture estim\u00e9e":"3 minutes"},"schema":{"@context":"https:\/\/schema.org","@graph":[{"@type":"WebPage","@id":"https:\/\/omnivion.net\/core\/fr\/projets\/projets-artistiques\/newtopia-9\/","url":"https:\/\/omnivion.net\/core\/fr\/projets\/projets-artistiques\/newtopia-9\/","name":"Corps extatique - Newtopia 9 - omnivion.net","isPartOf":{"@id":"https:\/\/omnivion.net\/core\/fr\/#website"},"primaryImageOfPage":{"@id":"https:\/\/omnivion.net\/core\/fr\/projets\/projets-artistiques\/newtopia-9\/#primaryimage"},"image":{"@id":"https:\/\/omnivion.net\/core\/fr\/projets\/projets-artistiques\/newtopia-9\/#primaryimage"},"thumbnailUrl":"http:\/\/omnivion.net\/core\/wp-content\/uploads\/2021\/05\/DURET-Bernard-92_mod_web-1.jpg","datePublished":"2020-02-03T17:56:44+00:00","dateModified":"2022-02-14T20:24:45+00:00","breadcrumb":{"@id":"https:\/\/omnivion.net\/core\/fr\/projets\/projets-artistiques\/newtopia-9\/#breadcrumb"},"inLanguage":"fr-FR","potentialAction":[{"@type":"ReadAction","target":["https:\/\/omnivion.net\/core\/fr\/projets\/projets-artistiques\/newtopia-9\/"]}]},{"@type":"ImageObject","inLanguage":"fr-FR","@id":"https:\/\/omnivion.net\/core\/fr\/projets\/projets-artistiques\/newtopia-9\/#primaryimage","url":"http:\/\/omnivion.net\/core\/wp-content\/uploads\/2021\/05\/DURET-Bernard-92_mod_web-1.jpg","contentUrl":"http:\/\/omnivion.net\/core\/wp-content\/uploads\/2021\/05\/DURET-Bernard-92_mod_web-1.jpg"},{"@type":"BreadcrumbList","@id":"https:\/\/omnivion.net\/core\/fr\/projets\/projets-artistiques\/newtopia-9\/#breadcrumb","itemListElement":[{"@type":"ListItem","position":1,"name":"Accueil","item":"https:\/\/omnivion.net\/core\/en\/silverstorm\/"},{"@type":"ListItem","position":2,"name":"Projets","item":"https:\/\/omnivion.net\/core\/fr\/projets\/"},{"@type":"ListItem","position":3,"name":"Projets Artistiques","item":"https:\/\/omnivion.net\/core\/projets\/projets-artistiques\/"},{"@type":"ListItem","position":4,"name":"Corps extatique &#8211; Newtopia 9"}]},{"@type":"WebSite","@id":"https:\/\/omnivion.net\/core\/fr\/#website","url":"https:\/\/omnivion.net\/core\/fr\/","name":"omnivion.net","description":"...ARTS D&#039;\u00caTRE CORPS...","potentialAction":[{"@type":"SearchAction","target":{"@type":"EntryPoint","urlTemplate":"https:\/\/omnivion.net\/core\/fr\/?s={search_term_string}"},"query-input":{"@type":"PropertyValueSpecification","valueRequired":true,"valueName":"search_term_string"}}],"inLanguage":"fr-FR"}]}},"jetpack_sharing_enabled":true,"jetpack_shortlink":"https:\/\/wp.me\/P2fe7Q-Vj","jetpack_likes_enabled":true,"_links":{"self":[{"href":"https:\/\/omnivion.net\/core\/fr\/wp-json\/wp\/v2\/pages\/3553","targetHints":{"allow":["GET"]}}],"collection":[{"href":"https:\/\/omnivion.net\/core\/fr\/wp-json\/wp\/v2\/pages"}],"about":[{"href":"https:\/\/omnivion.net\/core\/fr\/wp-json\/wp\/v2\/types\/page"}],"author":[{"embeddable":true,"href":"https:\/\/omnivion.net\/core\/fr\/wp-json\/wp\/v2\/users\/1"}],"replies":[{"embeddable":true,"href":"https:\/\/omnivion.net\/core\/fr\/wp-json\/wp\/v2\/comments?post=3553"}],"version-history":[{"count":33,"href":"https:\/\/omnivion.net\/core\/fr\/wp-json\/wp\/v2\/pages\/3553\/revisions"}],"predecessor-version":[{"id":4427,"href":"https:\/\/omnivion.net\/core\/fr\/wp-json\/wp\/v2\/pages\/3553\/revisions\/4427"}],"up":[{"embeddable":true,"href":"https:\/\/omnivion.net\/core\/fr\/wp-json\/wp\/v2\/pages\/60"}],"wp:attachment":[{"href":"https:\/\/omnivion.net\/core\/fr\/wp-json\/wp\/v2\/media?parent=3553"}],"curies":[{"name":"wp","href":"https:\/\/api.w.org\/{rel}","templated":true}]}}