{"id":3491,"date":"2020-01-10T19:36:49","date_gmt":"2020-01-10T18:36:49","guid":{"rendered":"http:\/\/omnivion.net\/core\/projets\/projets-artistiques\/newtopia-7-copy\/"},"modified":"2021-11-07T19:30:43","modified_gmt":"2021-11-07T18:30:43","slug":"newtopia-8","status":"publish","type":"page","link":"https:\/\/omnivion.net\/core\/fr\/projets\/projets-artistiques\/newtopia-8\/","title":{"rendered":"Newtopia 8"},"content":{"rendered":"<p><div id=\"attachment_3509\" style=\"width: 810px\" class=\"wp-caption aligncenter\"><a href=\"https:\/\/i0.wp.com\/omnivion.net\/core\/wp-content\/uploads\/2020\/01\/P1250015b_web-1.jpg\"><img data-recalc-dims=\"1\" loading=\"lazy\" decoding=\"async\" aria-describedby=\"caption-attachment-3509\" class=\"size-full wp-image-3509\" src=\"https:\/\/i0.wp.com\/omnivion.net\/core\/wp-content\/uploads\/2020\/01\/P1250015b_web-1.jpg?resize=800%2C444\" alt=\"\" width=\"800\" height=\"444\" srcset=\"https:\/\/i0.wp.com\/omnivion.net\/core\/wp-content\/uploads\/2020\/01\/P1250015b_web-1.jpg?w=800&amp;ssl=1 800w, https:\/\/i0.wp.com\/omnivion.net\/core\/wp-content\/uploads\/2020\/01\/P1250015b_web-1.jpg?resize=300%2C167&amp;ssl=1 300w, https:\/\/i0.wp.com\/omnivion.net\/core\/wp-content\/uploads\/2020\/01\/P1250015b_web-1.jpg?resize=768%2C426&amp;ssl=1 768w\" sizes=\"auto, (max-width: 800px) 100vw, 800px\" \/><\/a><p id=\"caption-attachment-3509\" class=\"wp-caption-text\">Photo par Dimitri Tsiapkinis<\/p><\/div><\/p>\n<h1><\/h1>\n<h1><strong>Newtopia 8<\/strong> <strong>(2020) \/ Polarit\u00e9s et Dissonances<\/strong><\/h1>\n<p>&nbsp;<\/p>\n<p><span style=\"font-size: 14pt;\"><strong>[Programme Covid provisoire et \u00e9volutif, en bas de page !]<\/strong><\/span><\/p>\n<p>Des \u00e9v\u00e9nements chor\u00e9graphiques et artistiques <em>inclusifs<\/em> d\u00e9velopp\u00e9s autour de la conviction que la danse participe \u00e0 la construction et la re-construction de soi et de la communaut\u00e9.<\/p>\n<p>La nouvelle s\u00e9rie de Newtopia de cette ann\u00e9e 2020 qui semble \u00eatre une ann\u00e9e de discordances sociales majestueuses puise d\u00e9j\u00e0 \u2013 depuis septembre &#8211; sa th\u00e9matique dans les \u00ab\u00a0jeux\u00a0\u00bb d\u2019opposition, de polarit\u00e9, de dualit\u00e9.<\/p>\n<p>Pour H\u00e9raclite la <em>discordance<\/em> est souhaitable comme ingr\u00e9dient primordial pour former <em>l\u2019Harmonie<\/em>\u00a0:<\/p>\n<p><strong><em>\u00ab\u00a0Les contraires s&rsquo;accordent, la discordance cr\u00e9e la plus belle harmonie : le devenir tout entier est une lutte.\u00a0\u00bb <\/em>H\u00e9raclite<\/strong><\/p>\n<p>Chuter, s\u2019\u00e9riger\u2026<\/p>\n<p>Les tensions nous \u00e9crasent mais elles nous tiennent debout aussi.<\/p>\n<p>Certains d\u2019entre nous n\u2019ont pas peur des conflits, d\u2019autres \u2013 comme moi \u2013 vivent en angoisse face aux conflits imminents. L\u2019art pourrait nous donner des appuis n\u00e9cessaires pour contenir les oppos\u00e9s sans nous briser. N\u00e9anmoins, l\u2019art n\u2019est pas une th\u00e9rapie. Il peut nous soigner certes, mais il peut aussi d\u00e9chirer nos visions du monde et nous d\u00e9munir. Quel p\u00f4le choisir, quelle perspective, quelle v\u00e9rit\u00e9 et \u00e0 quel moment\u00a0? Chaque pas, chaque souffle dessine de nouveaux traits sur nos cartographies dualistes. Le 21<sup>\u00e8me<\/sup> si\u00e8cle pourrait-il nous r\u00e9v\u00e9ler d\u2019autres r\u00e9ponses, non-binaires, face au miracle de la vie\u00a0? Quelle \u00e9volution pour l\u2019Humain lorsque l\u2019Intelligence Artificielle a d\u00e9j\u00e0 transcend\u00e9 le binaire avec le supercalculateur quantique de Google?<\/p>\n<p>Sur France Culture l\u2019autre jour, on disait que la <strong><em>morale<\/em><\/strong> et la <strong><em>bont\u00e9<\/em><\/strong> \u00e9taient devenues des termes ringards. Idem pour <strong><em>amour<\/em><\/strong> et <strong><em>\u00e2me<\/em><\/strong>\u2026 Pourquoi\u00a0? Le rationalisme et le scientisme de ce d\u00e9but du 21<sup>\u00e8me<\/sup> si\u00e8cle ne supporteraient pas la dissonance et la complexit\u00e9 de nos psych\u00e9s\u00a0? Pas facile \u00e0 quantifier, \u00e0 caser dans des concepts universels\u00a0? D\u2019o\u00f9, peut-\u00eatre, l\u2019exclusion de la psychanalyse de nos h\u00f4pitaux\u00a0?<\/p>\n<p>Albert Camus disait : <em>\u00ab\u00a0Je ne connais qu&rsquo;un devoir, c&rsquo;est celui d&rsquo;aimer\u00a0\u00bb.<\/em> Qu\u2019est-ce qu\u2019aimer\u00a0? Perdons-nous des bouts de notre humanit\u00e9 en perdant des dimensions d\u2019\u00eatre myst\u00e9rieuses qui nous lient au monde d\u2019une fa\u00e7on po\u00e9tique\u00a0?<\/p>\n<p>Oui&#8230; de grandes questions que nous ne comprenons pas vraiment mais qui nous intriguent tout de m\u00eame et nous interpellent pour red\u00e9finir notre place dans le monde.<\/p>\n<p>Un nouveau d\u00e9fi avec nous-m\u00eames se manifeste\u00a0: quelle danse inventer sur nos pas perdus, en oscillation incessante entre le noir et le blanc, le masculin et le f\u00e9minin, le z\u00e9ro et le un\u00a0?\u00a0 Malgr\u00e9 nos connaissances limit\u00e9es, nos n\u00e9vroses, nos psychoses, chacun de nous cherchera des r\u00e9ponses avec sa singularit\u00e9, sa subjectivit\u00e9, son \u00e9prouv\u00e9&#8230; Un jeu impr\u00e9visible d\u2019\u00e9quilibriste qui renouvelle nos vertiges existentiels\u00a0? Je ne sais pas encore quelle forme cela prendra mais les corps des interpr\u00e8tes ont d\u00e9j\u00e0 commenc\u00e9 \u00e0 vibrer et c\u2019est passionnant de les observer dans cette nouvelle aventure.<\/p>\n<p>Voil\u00e0\u00a0! Notre \u00e9quipe plongera dans la po\u00e9tique des oppositions, des duels, des contrastes pour embrasser mais aussi transcender les dualismes qui nous habitent.<\/p>\n<p>Avec <strong>Newtopia 8<\/strong>, <a href=\"http:\/\/omnivion.net\/core\/team\/dimitrios-tsiapkinis\/\">Dimitri Tsiapkinis<\/a>, l\u2019\u00e9quipe d\u2019Omnivion et ses partenaires, r\u00e9affirment leur engagement artistique et solidaire pour <strong>faire face aux d\u00e9fis sociaux de notre si\u00e8cle : immigration, diversit\u00e9 culturelle, partage de ressources, \u00e9quit\u00e9, justice sociale, \u00e9cologie.<\/strong> Prendre plaisir et se battre pour affirmer des projets exp\u00e9rimentaux qui mettent \u00e0 l\u2019\u00e9preuve des approches p\u00e9dagogiques en danse contemporaine, dans le contexte psychiatrique (CHU de Tours).<\/p>\n<p><strong>Au programme\u00a0:<\/strong> une nouvelle cr\u00e9ation, des performances d\u2019artistes invit\u00e9s, des projections de documentaires et une nouvelle exposition de photos. La cr\u00e9ation principale de cette ann\u00e9e est <a href=\"http:\/\/omnivion.net\/core\/projets\/projets-artistiques\/newtopia-8\/omninihilum\/\"><strong>Omni\/Nihilum<\/strong><\/a> et sera en partenariat avec le Petit Morier\u00a0!<\/p>\n<p><strong>On vous attend pour danser et \u00e9changer : <\/strong><\/p>\n<h3><strong>\u00a0\u00a0\u00a0\u00a0\u00a0\u00a0\u00a0\u00a0 &#8211; 12 mars 2020 : <a href=\"http:\/\/omnivion.net\/core\/projets\/projets-artistiques\/newtopia-8\/newtopia-8-1\/\">Newtopia 8.1<\/a><\/strong> \/ cin\u00e9-d\u00e9bat en coproduction avec les <a href=\"https:\/\/fr-fr.facebook.com\/arpents.dart\/\" target=\"_blank\" rel=\"noopener noreferrer\"><strong>Arpents d&rsquo;Art<\/strong><\/a> et le <strong><a href=\"https:\/\/www.revue-trakt.com\/\" target=\"_blank\" rel=\"noopener noreferrer\">magazine TRAKT<\/a><\/strong>! aux cin\u00e9mas Studio, Tours (37000),<\/h3>\n<h3><strong>\u00a0\u00a0\u00a0\u00a0\u00a0\u00a0\u00a0\u00a0 &#8211; 15 ao\u00fbt 2020 : <a href=\"http:\/\/omnivion.net\/core\/projets\/projets-artistiques\/newtopia-8\/rumeurs-2020\/\">Newtopia 8.2<\/a><\/strong> \/ improvisation chor\u00e9graphique au Festival les Inattendus, avec des mati\u00e8res d&rsquo;<a href=\"http:\/\/omnivion.net\/core\/projets\/projets-artistiques\/newtopia-8\/omninihilum\/\" target=\"_blank\" rel=\"noopener noreferrer\"><strong>Omni-Nihilum<\/strong><\/a>, \u00e0 la Guinguette de Tours (37000)<\/h3>\n<h3><strong>\u00a0\u00a0\u00a0\u00a0\u00a0\u00a0\u00a0\u00a0 <\/strong><strong>&#8211; 8 D\u00e9cembre 2020 &#8211; 14 f\u00e9vrier 2021 : <a href=\"http:\/\/omnivion.net\/core\/projets\/projets-artistiques\/newtopia-8\/newtopia-8-4\/\">Newtopia 8.4<\/a>, <\/strong>exposition photos de Bernard Duret \u00e0 l\u2019h\u00f4pital Bretonneau et Trousseau, Saint-Avertin (37550)<\/h3>\n<h3><strong>\u00a0\u00a0\u00a0\u00a0\u00a0\u00a0\u00a0\u00a0 &#8211; 2 &amp; 3 octobre 2021 : <a href=\"http:\/\/omnivion.net\/core\/projets\/projets-artistiques\/newtopia-8\/omninihilum\/\">Newtopia 8.3<\/a><\/strong> <a href=\"http:\/\/omnivion.net\/core\/projets\/projets-artistiques\/newtopia-8\/omninihilum\/\"><strong>&#8211; OmniNihilum<\/strong> <\/a>\/ cr\u00e9ation chor\u00e9graphique au Petit Morier (37000)<\/h3>\n<h3><strong>\u00a0 \u00a0 \u00a0 \u00a0 \u00a0<\/strong><strong>&#8211; D\u00e9cembre 2021 : <a href=\"http:\/\/omnivion.net\/core\/projets\/projets-artistiques\/newtopia-8\/newtopia-8-5\/\">Newtopia 8.5<\/a>, <\/strong>performance et projection au CentreSocial la Rabi\u00e8re (37300) [\u00e0 confirmer]<\/h3>\n<p>&nbsp;<\/p>\n<p><strong>Partenaires et financement :<\/strong><\/p>\n<p><a href=\"https:\/\/i0.wp.com\/omnivion.net\/core\/wp-content\/uploads\/2020\/10\/Logos_Newtopia_8.3.jpg\"><img data-recalc-dims=\"1\" loading=\"lazy\" decoding=\"async\" class=\"alignnone size-large wp-image-3800\" src=\"https:\/\/i0.wp.com\/omnivion.net\/core\/wp-content\/uploads\/2020\/10\/Logos_Newtopia_8.3-1024x297.jpg?resize=800%2C232\" alt=\"\" width=\"800\" height=\"232\" srcset=\"https:\/\/i0.wp.com\/omnivion.net\/core\/wp-content\/uploads\/2020\/10\/Logos_Newtopia_8.3.jpg?resize=1024%2C297&amp;ssl=1 1024w, https:\/\/i0.wp.com\/omnivion.net\/core\/wp-content\/uploads\/2020\/10\/Logos_Newtopia_8.3.jpg?resize=300%2C87&amp;ssl=1 300w, https:\/\/i0.wp.com\/omnivion.net\/core\/wp-content\/uploads\/2020\/10\/Logos_Newtopia_8.3.jpg?resize=768%2C223&amp;ssl=1 768w, https:\/\/i0.wp.com\/omnivion.net\/core\/wp-content\/uploads\/2020\/10\/Logos_Newtopia_8.3.jpg?w=1352&amp;ssl=1 1352w\" sizes=\"auto, (max-width: 800px) 100vw, 800px\" \/><\/a><\/p>\n<p>&nbsp;<\/p>\n<p>&nbsp;<\/p>\n<p>&nbsp;<\/p>","protected":false},"excerpt":{"rendered":"<p>Newtopia 8 (2020) \/ Polarit\u00e9s et Dissonances &nbsp; [Programme Covid provisoire et \u00e9volutif, [&hellip;]<\/p>\n","protected":false},"author":1,"featured_media":0,"parent":60,"menu_order":0,"comment_status":"closed","ping_status":"closed","template":"","meta":{"jetpack_post_was_ever_published":false,"footnotes":""},"class_list":["post-3491","page","type-page","status-publish","hentry"],"yoast_head":"<!-- This site is optimized with the Yoast SEO plugin v26.8 - https:\/\/yoast.com\/product\/yoast-seo-wordpress\/ -->\n<title>Newtopia 8 - omnivion.net<\/title>\n<meta name=\"robots\" content=\"index, follow, max-snippet:-1, max-image-preview:large, max-video-preview:-1\" \/>\n<link rel=\"canonical\" href=\"https:\/\/omnivion.net\/core\/fr\/projets\/projets-artistiques\/newtopia-8\/\" \/>\n<meta property=\"og:locale\" content=\"fr_FR\" \/>\n<meta property=\"og:type\" content=\"article\" \/>\n<meta property=\"og:title\" content=\"Newtopia 8 - omnivion.net\" \/>\n<meta property=\"og:description\" content=\"Newtopia 8 (2020) \/ Polarit\u00e9s et Dissonances &nbsp; [Programme Covid provisoire et \u00e9volutif, [&hellip;]\" \/>\n<meta property=\"og:url\" content=\"https:\/\/omnivion.net\/core\/fr\/projets\/projets-artistiques\/newtopia-8\/\" \/>\n<meta property=\"og:site_name\" content=\"omnivion.net\" \/>\n<meta property=\"article:modified_time\" content=\"2021-11-07T18:30:43+00:00\" \/>\n<meta property=\"og:image\" content=\"http:\/\/omnivion.net\/core\/wp-content\/uploads\/2020\/01\/P1250015b_web-1.jpg\" \/>\n<meta name=\"twitter:card\" content=\"summary_large_image\" \/>\n<meta name=\"twitter:label1\" content=\"Dur\u00e9e de lecture estim\u00e9e\" \/>\n\t<meta name=\"twitter:data1\" content=\"4 minutes\" \/>\n<script type=\"application\/ld+json\" class=\"yoast-schema-graph\">{\"@context\":\"https:\/\/schema.org\",\"@graph\":[{\"@type\":\"WebPage\",\"@id\":\"https:\/\/omnivion.net\/core\/fr\/projets\/projets-artistiques\/newtopia-8\/\",\"url\":\"https:\/\/omnivion.net\/core\/fr\/projets\/projets-artistiques\/newtopia-8\/\",\"name\":\"Newtopia 8 - omnivion.net\",\"isPartOf\":{\"@id\":\"https:\/\/omnivion.net\/core\/fr\/#website\"},\"primaryImageOfPage\":{\"@id\":\"https:\/\/omnivion.net\/core\/fr\/projets\/projets-artistiques\/newtopia-8\/#primaryimage\"},\"image\":{\"@id\":\"https:\/\/omnivion.net\/core\/fr\/projets\/projets-artistiques\/newtopia-8\/#primaryimage\"},\"thumbnailUrl\":\"http:\/\/omnivion.net\/core\/wp-content\/uploads\/2020\/01\/P1250015b_web-1.jpg\",\"datePublished\":\"2020-01-10T18:36:49+00:00\",\"dateModified\":\"2021-11-07T18:30:43+00:00\",\"breadcrumb\":{\"@id\":\"https:\/\/omnivion.net\/core\/fr\/projets\/projets-artistiques\/newtopia-8\/#breadcrumb\"},\"inLanguage\":\"fr-FR\",\"potentialAction\":[{\"@type\":\"ReadAction\",\"target\":[\"https:\/\/omnivion.net\/core\/fr\/projets\/projets-artistiques\/newtopia-8\/\"]}]},{\"@type\":\"ImageObject\",\"inLanguage\":\"fr-FR\",\"@id\":\"https:\/\/omnivion.net\/core\/fr\/projets\/projets-artistiques\/newtopia-8\/#primaryimage\",\"url\":\"http:\/\/omnivion.net\/core\/wp-content\/uploads\/2020\/01\/P1250015b_web-1.jpg\",\"contentUrl\":\"http:\/\/omnivion.net\/core\/wp-content\/uploads\/2020\/01\/P1250015b_web-1.jpg\"},{\"@type\":\"BreadcrumbList\",\"@id\":\"https:\/\/omnivion.net\/core\/fr\/projets\/projets-artistiques\/newtopia-8\/#breadcrumb\",\"itemListElement\":[{\"@type\":\"ListItem\",\"position\":1,\"name\":\"Accueil\",\"item\":\"https:\/\/omnivion.net\/core\/en\/silverstorm\/\"},{\"@type\":\"ListItem\",\"position\":2,\"name\":\"Projets\",\"item\":\"https:\/\/omnivion.net\/core\/fr\/projets\/\"},{\"@type\":\"ListItem\",\"position\":3,\"name\":\"Projets Artistiques\",\"item\":\"https:\/\/omnivion.net\/core\/projets\/projets-artistiques\/\"},{\"@type\":\"ListItem\",\"position\":4,\"name\":\"Newtopia 8\"}]},{\"@type\":\"WebSite\",\"@id\":\"https:\/\/omnivion.net\/core\/fr\/#website\",\"url\":\"https:\/\/omnivion.net\/core\/fr\/\",\"name\":\"omnivion.net\",\"description\":\"...ARTS D&#039;\u00caTRE CORPS...\",\"potentialAction\":[{\"@type\":\"SearchAction\",\"target\":{\"@type\":\"EntryPoint\",\"urlTemplate\":\"https:\/\/omnivion.net\/core\/fr\/?s={search_term_string}\"},\"query-input\":{\"@type\":\"PropertyValueSpecification\",\"valueRequired\":true,\"valueName\":\"search_term_string\"}}],\"inLanguage\":\"fr-FR\"}]}<\/script>\n<!-- \/ Yoast SEO plugin. -->","yoast_head_json":{"title":"Newtopia 8 - omnivion.net","robots":{"index":"index","follow":"follow","max-snippet":"max-snippet:-1","max-image-preview":"max-image-preview:large","max-video-preview":"max-video-preview:-1"},"canonical":"https:\/\/omnivion.net\/core\/fr\/projets\/projets-artistiques\/newtopia-8\/","og_locale":"fr_FR","og_type":"article","og_title":"Newtopia 8 - omnivion.net","og_description":"Newtopia 8 (2020) \/ Polarit\u00e9s et Dissonances &nbsp; [Programme Covid provisoire et \u00e9volutif, [&hellip;]","og_url":"https:\/\/omnivion.net\/core\/fr\/projets\/projets-artistiques\/newtopia-8\/","og_site_name":"omnivion.net","article_modified_time":"2021-11-07T18:30:43+00:00","og_image":[{"url":"http:\/\/omnivion.net\/core\/wp-content\/uploads\/2020\/01\/P1250015b_web-1.jpg","type":"","width":"","height":""}],"twitter_card":"summary_large_image","twitter_misc":{"Dur\u00e9e de lecture estim\u00e9e":"4 minutes"},"schema":{"@context":"https:\/\/schema.org","@graph":[{"@type":"WebPage","@id":"https:\/\/omnivion.net\/core\/fr\/projets\/projets-artistiques\/newtopia-8\/","url":"https:\/\/omnivion.net\/core\/fr\/projets\/projets-artistiques\/newtopia-8\/","name":"Newtopia 8 - omnivion.net","isPartOf":{"@id":"https:\/\/omnivion.net\/core\/fr\/#website"},"primaryImageOfPage":{"@id":"https:\/\/omnivion.net\/core\/fr\/projets\/projets-artistiques\/newtopia-8\/#primaryimage"},"image":{"@id":"https:\/\/omnivion.net\/core\/fr\/projets\/projets-artistiques\/newtopia-8\/#primaryimage"},"thumbnailUrl":"http:\/\/omnivion.net\/core\/wp-content\/uploads\/2020\/01\/P1250015b_web-1.jpg","datePublished":"2020-01-10T18:36:49+00:00","dateModified":"2021-11-07T18:30:43+00:00","breadcrumb":{"@id":"https:\/\/omnivion.net\/core\/fr\/projets\/projets-artistiques\/newtopia-8\/#breadcrumb"},"inLanguage":"fr-FR","potentialAction":[{"@type":"ReadAction","target":["https:\/\/omnivion.net\/core\/fr\/projets\/projets-artistiques\/newtopia-8\/"]}]},{"@type":"ImageObject","inLanguage":"fr-FR","@id":"https:\/\/omnivion.net\/core\/fr\/projets\/projets-artistiques\/newtopia-8\/#primaryimage","url":"http:\/\/omnivion.net\/core\/wp-content\/uploads\/2020\/01\/P1250015b_web-1.jpg","contentUrl":"http:\/\/omnivion.net\/core\/wp-content\/uploads\/2020\/01\/P1250015b_web-1.jpg"},{"@type":"BreadcrumbList","@id":"https:\/\/omnivion.net\/core\/fr\/projets\/projets-artistiques\/newtopia-8\/#breadcrumb","itemListElement":[{"@type":"ListItem","position":1,"name":"Accueil","item":"https:\/\/omnivion.net\/core\/en\/silverstorm\/"},{"@type":"ListItem","position":2,"name":"Projets","item":"https:\/\/omnivion.net\/core\/fr\/projets\/"},{"@type":"ListItem","position":3,"name":"Projets Artistiques","item":"https:\/\/omnivion.net\/core\/projets\/projets-artistiques\/"},{"@type":"ListItem","position":4,"name":"Newtopia 8"}]},{"@type":"WebSite","@id":"https:\/\/omnivion.net\/core\/fr\/#website","url":"https:\/\/omnivion.net\/core\/fr\/","name":"omnivion.net","description":"...ARTS D&#039;\u00caTRE CORPS...","potentialAction":[{"@type":"SearchAction","target":{"@type":"EntryPoint","urlTemplate":"https:\/\/omnivion.net\/core\/fr\/?s={search_term_string}"},"query-input":{"@type":"PropertyValueSpecification","valueRequired":true,"valueName":"search_term_string"}}],"inLanguage":"fr-FR"}]}},"jetpack_sharing_enabled":true,"jetpack_shortlink":"https:\/\/wp.me\/P2fe7Q-Uj","jetpack_likes_enabled":true,"_links":{"self":[{"href":"https:\/\/omnivion.net\/core\/fr\/wp-json\/wp\/v2\/pages\/3491","targetHints":{"allow":["GET"]}}],"collection":[{"href":"https:\/\/omnivion.net\/core\/fr\/wp-json\/wp\/v2\/pages"}],"about":[{"href":"https:\/\/omnivion.net\/core\/fr\/wp-json\/wp\/v2\/types\/page"}],"author":[{"embeddable":true,"href":"https:\/\/omnivion.net\/core\/fr\/wp-json\/wp\/v2\/users\/1"}],"replies":[{"embeddable":true,"href":"https:\/\/omnivion.net\/core\/fr\/wp-json\/wp\/v2\/comments?post=3491"}],"version-history":[{"count":38,"href":"https:\/\/omnivion.net\/core\/fr\/wp-json\/wp\/v2\/pages\/3491\/revisions"}],"predecessor-version":[{"id":4309,"href":"https:\/\/omnivion.net\/core\/fr\/wp-json\/wp\/v2\/pages\/3491\/revisions\/4309"}],"up":[{"embeddable":true,"href":"https:\/\/omnivion.net\/core\/fr\/wp-json\/wp\/v2\/pages\/60"}],"wp:attachment":[{"href":"https:\/\/omnivion.net\/core\/fr\/wp-json\/wp\/v2\/media?parent=3491"}],"curies":[{"name":"wp","href":"https:\/\/api.w.org\/{rel}","templated":true}]}}