{"id":348,"date":"2012-03-20T17:17:17","date_gmt":"2012-03-20T16:17:17","guid":{"rendered":"http:\/\/www.omnivion.net\/core\/?page_id=348"},"modified":"2025-06-24T10:11:23","modified_gmt":"2025-06-24T09:11:23","slug":"dimitrios-tsiapkinis","status":"publish","type":"page","link":"https:\/\/omnivion.net\/core\/fr\/team\/dimitrios-tsiapkinis\/","title":{"rendered":"Dimitri Tsiapkinis"},"content":{"rendered":"<p><img data-recalc-dims=\"1\" loading=\"lazy\" decoding=\"async\" class=\"alignnone size-large wp-image-5611\" src=\"https:\/\/i0.wp.com\/omnivion.net\/core\/wp-content\/uploads\/2025\/06\/Dimitri_Tsiapkinis.jpg?resize=800%2C600&#038;ssl=1\" alt=\"\" width=\"800\" height=\"600\" srcset=\"https:\/\/i0.wp.com\/omnivion.net\/core\/wp-content\/uploads\/2025\/06\/Dimitri_Tsiapkinis.jpg?resize=1024%2C768&amp;ssl=1 1024w, https:\/\/i0.wp.com\/omnivion.net\/core\/wp-content\/uploads\/2025\/06\/Dimitri_Tsiapkinis.jpg?resize=300%2C225&amp;ssl=1 300w, https:\/\/i0.wp.com\/omnivion.net\/core\/wp-content\/uploads\/2025\/06\/Dimitri_Tsiapkinis.jpg?resize=768%2C576&amp;ssl=1 768w, https:\/\/i0.wp.com\/omnivion.net\/core\/wp-content\/uploads\/2025\/06\/Dimitri_Tsiapkinis.jpg?resize=1536%2C1152&amp;ssl=1 1536w, https:\/\/i0.wp.com\/omnivion.net\/core\/wp-content\/uploads\/2025\/06\/Dimitri_Tsiapkinis.jpg?w=2048&amp;ssl=1 2048w\" sizes=\"auto, (max-width: 800px) 100vw, 800px\" \/><\/p>\n<p>Photo par?<\/p>\n<p>&nbsp;<\/p>\n<h4>Dimitri Tsiapkinis \/ Chor\u00e9graphe<\/h4>\n<p>&#8230;est titulaire du dipl\u00f4me de danse contemporaine de l<strong>\u2019<a href=\"https:\/\/www.uncsa.edu\/\"><em>Universit\u00e9 de la Caroline du Nord \/ \u00c9cole des Arts du Spectacle<\/em><\/a> (U.S.A.)<\/strong> et du <strong><em>Centre National de la Danse de Paris (D.E.)<\/em><\/strong>. Il a dans\u00e9 \u00e0 la <strong><em>Dance Berlin<\/em><\/strong> et la <strong><em>Tolada Dance Company<\/em><\/strong> \u00e0 Berlin de 1991 \u00e0 1995 [<em>Danse neo-expressionniste\u00a0et danse-th\u00e9\u00e2tre<\/em>]. Apr\u00e8s Berlin, il rencontre <a href=\"https:\/\/fr.wikipedia.org\/wiki\/Bernardo_Montet\"><strong>Bernardo Montet<\/strong><\/a> et suit ses projets au <em><strong>Centre Chor\u00e9graphique National de Rennes \u2013 Bretagne<\/strong>,\u00a0<\/em>mais aussi au sein de la <strong><em>compagnie Mawguerite<\/em><\/strong> \u00e0 Brest. [<em>Danse m\u00e9tamoderne<\/em>].<br \/>\nDe 2003 \u00e0 2011, il est danseur et p\u00e9dagogue permanent du <strong><em>Centre Chor\u00e9graphique National de Tours<\/em><\/strong>. Il d\u00e9veloppe \u00e9galement ses propres projets, notamment avec le collectif de danse <strong><em>xsoma<\/em> <\/strong>\u00e0 Thessaloniki en Gr\u00e8ce (<a href=\"http:\/\/omnivion.net\/xsoma.net\/\" target=\"_blank\" rel=\"noopener noreferrer\">omnivion.net\/xsoma.net<\/a>) et <em><strong>Rixi Okladon<\/strong><\/em> (<a href=\"https:\/\/rixi-ok.tumblr.com\">rixi-ok.com<\/a>), ou plus r\u00e9cemment <em><strong>Omnivion<\/strong> <\/em>\u00e0 Tours (<a href=\"http:\/\/www.omnivion.net\/\">www.omnivion.net<\/a>)<br \/>\nEn 2003, il est nomm\u00e9 <strong>danseur de l\u2019ann\u00e9e en Gr\u00e8ce<\/strong> dans le magazine Tanz\/Jahrbuch \/ Allemagne.<\/p>\n<p>Il a donn\u00e9 des stages &amp; master classes de danse contemporaine en : France, Maroc, Gr\u00e8ce, Angleterre, Martinique, Allemagne, Serbie, Turquie, Chili, Br\u00e9sil, Kenya, Mali et Madagascar. Depuis 2006, il dirige un atelier de danse contemporaine en milieu psychiatrique (CHRU de Tours) lequel devient son objet de recherche universitaire. Sa recherche p\u00e9dagogique l\u2019am\u00e8ne \u00e0 un dipl\u00f4me universitaire et un <strong>Master 2 en <em>p\u00e9dagogie de la perception<\/em> (<a href=\"http:\/\/international.ufp.pt\/\">Universit\u00e9 Fernando Pessoa de Porto<\/a>)<\/strong>. Sa recherche est t\u00e9l\u00e9chargeable ici : (<a href=\"http:\/\/bdigital.ufp.pt\/handle\/10284\/4645?locale=en\" target=\"_blank\" rel=\"noopener noreferrer\">PDF <\/a><a href=\"http:\/\/bdigital.ufp.pt\/handle\/10284\/4645?locale=en\" target=\"_blank\" rel=\"noopener noreferrer\">Link<\/a>)<\/p>\n<p>Parall\u00e8lement et suite \u00e0 ses formations universitaires en <strong><a href=\"http:\/\/www.cerap.org\/\" target=\"_blank\" rel=\"noopener noreferrer\">P\u00e9dagogie Perceptive &amp; Fascia<\/a>,<\/strong> il enseigne l\u2019anatomie appliqu\u00e9e \u00e0 la danse au Conservatoire de Tours (2013-2020), et au Conservatoire de Brest (2016-2018). Il est \u00e9galement assistant du ma\u00eetre <strong>Shaolin Shi Yan Jun<\/strong> en <strong>Chen\u00a0<\/strong><strong>Tai Chi<\/strong>, avec qui il pratique depuis 2005. Il enseigne le Tai Chi \u00e0 l&rsquo;Association <strong>Touraine Inter-\u00e2ges Universit\u00e9<\/strong> et \u00e0 l&rsquo;<strong>\u00c9cole de Sage-Femmes du CHRU de Tours <\/strong>(Dipl\u00f4m\u00e9 ALS\/AGEE).<\/p>\n<p>Au sein d&rsquo;<em><strong>Omnivion<\/strong><\/em>, il dirige <strong>Newtopia<\/strong> un projet de Danse Inclusive en milieu psychiatrique, depuis 2013 \u00e0 Tours. En parall\u00e8le de son travail avec l\u2019association <em>Omnivion<\/em>, il a aussi collabor\u00e9 avec l&rsquo;anthropologue-chercheuse <strong>Isabelle Eliz\u00e9on<\/strong> (<a href=\"https:\/\/www.compagnielasko.com\/isabelle-elizeon-hubert\">Cie Lasko, Brest<\/a>) \u00e0 des projets artistiques et scientifiques hybrides (2018-2022).<\/p>\n<p><strong><br \/>\nChor\u00e9graphies et performances (liens vid\u00e9os en cliquant sur les titres) : <\/strong><\/p>\n<p><a href=\"https:\/\/flic.kr\/s\/aHBqjCfSrG\">Se Faire Un? Des? Films<\/a>&#8230;(2025)<br \/>\n<a href=\"https:\/\/vimeo.com\/854800783\" target=\"_blank\" rel=\"noopener\">Thanatos &amp; Cie<\/a> (2023)<br \/>\n<a href=\"https:\/\/vimeo.com\/manage\/videos\/861950819\">Omni-Nihilum<\/a> (2021)<br \/>\n<a href=\"https:\/\/vimeo.com\/373783493\" target=\"_blank\" rel=\"nofollow noopener noreferrer\">Polite\u00efes<\/a> (2019)<br \/>\n<a href=\"https:\/\/vimeo.com\/460333355\">0,2 \/ Thylax II<\/a> (2019)<br \/>\n<a href=\"https:\/\/vimeo.com\/268165176\" target=\"_blank\" rel=\"noopener noreferrer\">Divine(s)<\/a> (2018)<br \/>\n<a href=\"https:\/\/vimeo.com\/259403113\" target=\"_blank\" rel=\"noopener noreferrer\">Feux Oranges d&rsquo;Ours II<\/a> (2018)<br \/>\n<a href=\"https:\/\/vimeo.com\/manage\/videos\/787170824\" target=\"_blank\" rel=\"noopener noreferrer\">Forme-D\u00e9(sin)forme<\/a> (2017)<br \/>\n<a href=\"https:\/\/vimeo.com\/170397592\" target=\"_blank\" rel=\"noopener noreferrer\">Praxagora.nu<\/a> (2016)<br \/>\n<a href=\"https:\/\/vimeo.com\/170308483\" target=\"_blank\" rel=\"noopener noreferrer\">Moon Eaters<\/a> (2016)<br \/>\n<a href=\"https:\/\/vimeo.com\/172312529\" target=\"_blank\" rel=\"noopener noreferrer\">Feux Oranges d&rsquo;Ours<\/a> (2015)<br \/>\n<a href=\"https:\/\/vimeo.com\/227157140\" target=\"_blank\" rel=\"noopener noreferrer\">M\u00e9canique des B(ea-i)ts<\/a> (2015)<br \/>\n<a href=\"https:\/\/www.dailymotion.com\/video\/x2h9bsu_fraises-indigo-au-ccnt-septembre-2014_creation\" target=\"_blank\" rel=\"noopener noreferrer\">Fraises-Indigo<\/a> (2014)<br \/>\nLes Appara\u00eetres (2013)<br \/>\n<a href=\"https:\/\/www.youtube.com\/watch?v=LXL_6aXI-0I\" target=\"_blank\" rel=\"noopener noreferrer\">\u00c2ge d&rsquo;Or<\/a> (2012)<br \/>\n<a href=\"https:\/\/vimeo.com\/184465297\" target=\"_blank\" rel=\"noopener noreferrer\">Delirium Tremens<\/a> (2010)<br \/>\nTrinity (2010)<br \/>\n0,2 \/ Thylax (2011)<br \/>\nPertus (2010)<br \/>\n<a href=\"https:\/\/www.youtube.com\/watch?v=JwuqV49CsIQ\" target=\"_blank\" rel=\"noopener noreferrer\">Apnea<\/a> (2005)<br \/>\n<a href=\"https:\/\/www.dailymotion.com\/video\/x798u4_tsolias-brest-2004_creation\" target=\"_blank\" rel=\"noopener noreferrer\">Tsolias<\/a> (2002)<br \/>\n<a href=\"https:\/\/archive.org\/details\/0-1-thessaloniki-2002\" target=\"_blank\" rel=\"noopener\">0,1<\/a> (2002)<br \/>\nFish in the Bottle (1994)<br \/>\n<a href=\"https:\/\/archive.org\/details\/Ex-Gudrun_1992\" target=\"_blank\" rel=\"noopener noreferrer\">Ex-Gudrun<\/a> (1992)<\/p>\n<p>&nbsp;<\/p>\n<p>T\u00e9l\u00e9chargez son CV d\u00e9taill\u00e9 ici\u00a0: <a href=\"https:\/\/omnivion.net\/core\/wp-content\/uploads\/2024\/05\/2024_TSIAPKINIS_Dimitrios_CV_FR.pdf\">FULL VERSION<\/a><\/p>\n<p>&nbsp;<\/p>","protected":false},"excerpt":{"rendered":"<p>Photo par? &nbsp; Dimitri Tsiapkinis \/ Chor\u00e9graphe &#8230;est titulaire du dipl\u00f4me de danse [&hellip;]<\/p>\n","protected":false},"author":1,"featured_media":0,"parent":66,"menu_order":0,"comment_status":"closed","ping_status":"closed","template":"","meta":{"jetpack_post_was_ever_published":false,"footnotes":""},"class_list":["post-348","page","type-page","status-publish","hentry"],"yoast_head":"<!-- This site is optimized with the Yoast SEO plugin v26.8 - https:\/\/yoast.com\/product\/yoast-seo-wordpress\/ -->\n<title>Dimitri Tsiapkinis - omnivion.net<\/title>\n<meta name=\"robots\" content=\"index, follow, max-snippet:-1, max-image-preview:large, max-video-preview:-1\" \/>\n<link rel=\"canonical\" href=\"https:\/\/omnivion.net\/core\/fr\/team\/dimitrios-tsiapkinis\/\" \/>\n<meta property=\"og:locale\" content=\"fr_FR\" \/>\n<meta property=\"og:type\" content=\"article\" \/>\n<meta property=\"og:title\" content=\"Dimitri Tsiapkinis - omnivion.net\" \/>\n<meta property=\"og:description\" content=\"Photo par? &nbsp; Dimitri Tsiapkinis \/ Chor\u00e9graphe &#8230;est titulaire du dipl\u00f4me de danse [&hellip;]\" \/>\n<meta property=\"og:url\" content=\"https:\/\/omnivion.net\/core\/fr\/team\/dimitrios-tsiapkinis\/\" \/>\n<meta property=\"og:site_name\" content=\"omnivion.net\" \/>\n<meta property=\"article:modified_time\" content=\"2025-06-24T09:11:23+00:00\" \/>\n<meta property=\"og:image\" content=\"https:\/\/omnivion.net\/core\/wp-content\/uploads\/2025\/06\/Dimitri_Tsiapkinis-1024x768.jpg\" \/>\n<meta name=\"twitter:card\" content=\"summary_large_image\" \/>\n<meta name=\"twitter:label1\" content=\"Dur\u00e9e de lecture estim\u00e9e\" \/>\n\t<meta name=\"twitter:data1\" content=\"5 minutes\" \/>\n<script type=\"application\/ld+json\" class=\"yoast-schema-graph\">{\"@context\":\"https:\/\/schema.org\",\"@graph\":[{\"@type\":\"WebPage\",\"@id\":\"https:\/\/omnivion.net\/core\/fr\/team\/dimitrios-tsiapkinis\/\",\"url\":\"https:\/\/omnivion.net\/core\/fr\/team\/dimitrios-tsiapkinis\/\",\"name\":\"Dimitri Tsiapkinis - omnivion.net\",\"isPartOf\":{\"@id\":\"https:\/\/omnivion.net\/core\/fr\/#website\"},\"primaryImageOfPage\":{\"@id\":\"https:\/\/omnivion.net\/core\/fr\/team\/dimitrios-tsiapkinis\/#primaryimage\"},\"image\":{\"@id\":\"https:\/\/omnivion.net\/core\/fr\/team\/dimitrios-tsiapkinis\/#primaryimage\"},\"thumbnailUrl\":\"https:\/\/omnivion.net\/core\/wp-content\/uploads\/2025\/06\/Dimitri_Tsiapkinis-1024x768.jpg\",\"datePublished\":\"2012-03-20T16:17:17+00:00\",\"dateModified\":\"2025-06-24T09:11:23+00:00\",\"breadcrumb\":{\"@id\":\"https:\/\/omnivion.net\/core\/fr\/team\/dimitrios-tsiapkinis\/#breadcrumb\"},\"inLanguage\":\"fr-FR\",\"potentialAction\":[{\"@type\":\"ReadAction\",\"target\":[\"https:\/\/omnivion.net\/core\/fr\/team\/dimitrios-tsiapkinis\/\"]}]},{\"@type\":\"ImageObject\",\"inLanguage\":\"fr-FR\",\"@id\":\"https:\/\/omnivion.net\/core\/fr\/team\/dimitrios-tsiapkinis\/#primaryimage\",\"url\":\"https:\/\/omnivion.net\/core\/wp-content\/uploads\/2025\/06\/Dimitri_Tsiapkinis-1024x768.jpg\",\"contentUrl\":\"https:\/\/omnivion.net\/core\/wp-content\/uploads\/2025\/06\/Dimitri_Tsiapkinis-1024x768.jpg\"},{\"@type\":\"BreadcrumbList\",\"@id\":\"https:\/\/omnivion.net\/core\/fr\/team\/dimitrios-tsiapkinis\/#breadcrumb\",\"itemListElement\":[{\"@type\":\"ListItem\",\"position\":1,\"name\":\"Accueil\",\"item\":\"https:\/\/omnivion.net\/core\/en\/silverstorm\/\"},{\"@type\":\"ListItem\",\"position\":2,\"name\":\"Equipe\",\"item\":\"https:\/\/omnivion.net\/core\/team\/\"},{\"@type\":\"ListItem\",\"position\":3,\"name\":\"Dimitri Tsiapkinis\"}]},{\"@type\":\"WebSite\",\"@id\":\"https:\/\/omnivion.net\/core\/fr\/#website\",\"url\":\"https:\/\/omnivion.net\/core\/fr\/\",\"name\":\"omnivion.net\",\"description\":\"...ARTS D&#039;\u00caTRE CORPS...\",\"potentialAction\":[{\"@type\":\"SearchAction\",\"target\":{\"@type\":\"EntryPoint\",\"urlTemplate\":\"https:\/\/omnivion.net\/core\/fr\/?s={search_term_string}\"},\"query-input\":{\"@type\":\"PropertyValueSpecification\",\"valueRequired\":true,\"valueName\":\"search_term_string\"}}],\"inLanguage\":\"fr-FR\"}]}<\/script>\n<!-- \/ Yoast SEO plugin. -->","yoast_head_json":{"title":"Dimitri Tsiapkinis - omnivion.net","robots":{"index":"index","follow":"follow","max-snippet":"max-snippet:-1","max-image-preview":"max-image-preview:large","max-video-preview":"max-video-preview:-1"},"canonical":"https:\/\/omnivion.net\/core\/fr\/team\/dimitrios-tsiapkinis\/","og_locale":"fr_FR","og_type":"article","og_title":"Dimitri Tsiapkinis - omnivion.net","og_description":"Photo par? &nbsp; Dimitri Tsiapkinis \/ Chor\u00e9graphe &#8230;est titulaire du dipl\u00f4me de danse [&hellip;]","og_url":"https:\/\/omnivion.net\/core\/fr\/team\/dimitrios-tsiapkinis\/","og_site_name":"omnivion.net","article_modified_time":"2025-06-24T09:11:23+00:00","og_image":[{"url":"https:\/\/omnivion.net\/core\/wp-content\/uploads\/2025\/06\/Dimitri_Tsiapkinis-1024x768.jpg","type":"","width":"","height":""}],"twitter_card":"summary_large_image","twitter_misc":{"Dur\u00e9e de lecture estim\u00e9e":"5 minutes"},"schema":{"@context":"https:\/\/schema.org","@graph":[{"@type":"WebPage","@id":"https:\/\/omnivion.net\/core\/fr\/team\/dimitrios-tsiapkinis\/","url":"https:\/\/omnivion.net\/core\/fr\/team\/dimitrios-tsiapkinis\/","name":"Dimitri Tsiapkinis - omnivion.net","isPartOf":{"@id":"https:\/\/omnivion.net\/core\/fr\/#website"},"primaryImageOfPage":{"@id":"https:\/\/omnivion.net\/core\/fr\/team\/dimitrios-tsiapkinis\/#primaryimage"},"image":{"@id":"https:\/\/omnivion.net\/core\/fr\/team\/dimitrios-tsiapkinis\/#primaryimage"},"thumbnailUrl":"https:\/\/omnivion.net\/core\/wp-content\/uploads\/2025\/06\/Dimitri_Tsiapkinis-1024x768.jpg","datePublished":"2012-03-20T16:17:17+00:00","dateModified":"2025-06-24T09:11:23+00:00","breadcrumb":{"@id":"https:\/\/omnivion.net\/core\/fr\/team\/dimitrios-tsiapkinis\/#breadcrumb"},"inLanguage":"fr-FR","potentialAction":[{"@type":"ReadAction","target":["https:\/\/omnivion.net\/core\/fr\/team\/dimitrios-tsiapkinis\/"]}]},{"@type":"ImageObject","inLanguage":"fr-FR","@id":"https:\/\/omnivion.net\/core\/fr\/team\/dimitrios-tsiapkinis\/#primaryimage","url":"https:\/\/omnivion.net\/core\/wp-content\/uploads\/2025\/06\/Dimitri_Tsiapkinis-1024x768.jpg","contentUrl":"https:\/\/omnivion.net\/core\/wp-content\/uploads\/2025\/06\/Dimitri_Tsiapkinis-1024x768.jpg"},{"@type":"BreadcrumbList","@id":"https:\/\/omnivion.net\/core\/fr\/team\/dimitrios-tsiapkinis\/#breadcrumb","itemListElement":[{"@type":"ListItem","position":1,"name":"Accueil","item":"https:\/\/omnivion.net\/core\/en\/silverstorm\/"},{"@type":"ListItem","position":2,"name":"Equipe","item":"https:\/\/omnivion.net\/core\/team\/"},{"@type":"ListItem","position":3,"name":"Dimitri Tsiapkinis"}]},{"@type":"WebSite","@id":"https:\/\/omnivion.net\/core\/fr\/#website","url":"https:\/\/omnivion.net\/core\/fr\/","name":"omnivion.net","description":"...ARTS D&#039;\u00caTRE CORPS...","potentialAction":[{"@type":"SearchAction","target":{"@type":"EntryPoint","urlTemplate":"https:\/\/omnivion.net\/core\/fr\/?s={search_term_string}"},"query-input":{"@type":"PropertyValueSpecification","valueRequired":true,"valueName":"search_term_string"}}],"inLanguage":"fr-FR"}]}},"jetpack_sharing_enabled":true,"jetpack_shortlink":"https:\/\/wp.me\/P2fe7Q-5C","jetpack_likes_enabled":true,"_links":{"self":[{"href":"https:\/\/omnivion.net\/core\/fr\/wp-json\/wp\/v2\/pages\/348","targetHints":{"allow":["GET"]}}],"collection":[{"href":"https:\/\/omnivion.net\/core\/fr\/wp-json\/wp\/v2\/pages"}],"about":[{"href":"https:\/\/omnivion.net\/core\/fr\/wp-json\/wp\/v2\/types\/page"}],"author":[{"embeddable":true,"href":"https:\/\/omnivion.net\/core\/fr\/wp-json\/wp\/v2\/users\/1"}],"replies":[{"embeddable":true,"href":"https:\/\/omnivion.net\/core\/fr\/wp-json\/wp\/v2\/comments?post=348"}],"version-history":[{"count":68,"href":"https:\/\/omnivion.net\/core\/fr\/wp-json\/wp\/v2\/pages\/348\/revisions"}],"predecessor-version":[{"id":5616,"href":"https:\/\/omnivion.net\/core\/fr\/wp-json\/wp\/v2\/pages\/348\/revisions\/5616"}],"up":[{"embeddable":true,"href":"https:\/\/omnivion.net\/core\/fr\/wp-json\/wp\/v2\/pages\/66"}],"wp:attachment":[{"href":"https:\/\/omnivion.net\/core\/fr\/wp-json\/wp\/v2\/media?parent=348"}],"curies":[{"name":"wp","href":"https:\/\/api.w.org\/{rel}","templated":true}]}}