{"id":3418,"date":"2019-10-17T17:13:06","date_gmt":"2019-10-17T16:13:06","guid":{"rendered":"http:\/\/omnivion.net\/core\/projets\/projets-artistiques\/newtopia-7\/newtopia-7-4\/politeies-copy\/"},"modified":"2021-12-08T00:45:07","modified_gmt":"2021-12-07T23:45:07","slug":"thylax","status":"publish","type":"page","link":"https:\/\/omnivion.net\/core\/fr\/projets\/projets-artistiques\/newtopia-7\/newtopia-7-4\/thylax\/","title":{"rendered":"0,2 \/ Thylax"},"content":{"rendered":"<p><div id=\"attachment_3419\" style=\"width: 810px\" class=\"wp-caption alignnone\"><a href=\"https:\/\/i0.wp.com\/omnivion.net\/core\/wp-content\/uploads\/2019\/10\/DURET-Bernard-70_edit_web.jpg\"><img data-recalc-dims=\"1\" loading=\"lazy\" decoding=\"async\" aria-describedby=\"caption-attachment-3419\" class=\"size-full wp-image-3419\" src=\"https:\/\/i0.wp.com\/omnivion.net\/core\/wp-content\/uploads\/2019\/10\/DURET-Bernard-70_edit_web.jpg?resize=800%2C423\" alt=\"\" width=\"800\" height=\"423\" srcset=\"https:\/\/i0.wp.com\/omnivion.net\/core\/wp-content\/uploads\/2019\/10\/DURET-Bernard-70_edit_web.jpg?w=800&amp;ssl=1 800w, https:\/\/i0.wp.com\/omnivion.net\/core\/wp-content\/uploads\/2019\/10\/DURET-Bernard-70_edit_web.jpg?resize=300%2C159&amp;ssl=1 300w, https:\/\/i0.wp.com\/omnivion.net\/core\/wp-content\/uploads\/2019\/10\/DURET-Bernard-70_edit_web.jpg?resize=768%2C406&amp;ssl=1 768w\" sizes=\"auto, (max-width: 800px) 100vw, 800px\" \/><\/a><p id=\"caption-attachment-3419\" class=\"wp-caption-text\">Photo par Bernard Duret (edit)<\/p><\/div><\/p>\n<h2>Omnivion pr\u00e9sente :<\/h2>\n<p>&nbsp;<\/p>\n<h2>0,2 \/ Thylax avec Filio Louvari<strong><em><b>\u00a0<\/b><\/em><\/strong><\/h2>\n<p><strong>Performance chor\u00e9graphique et th\u00e9\u00e2trale<br \/>\n<\/strong><\/p>\n<p><strong>Direction artistique<\/strong> : Dimitri Tsiapkinis<br \/>\n<strong>Conception \/ Chor\u00e9graphie :<\/strong> Filio Louvari, Dimitri Tsiapkinis<br \/>\n<strong>Interpr\u00e9tation <\/strong>: Filio Louvari<\/p>\n<p><strong>Dur\u00e9e<\/strong> : ~ 30min<\/p>\n<p><strong>TEASER sur VIMEO : <a href=\"https:\/\/vimeo.com\/460333355\">vimeo.com\/460333355<\/a><\/strong><\/p>\n<p>Une performance pr\u00e9sent\u00e9e en Gr\u00e8ce en 2011, au Th\u00e9\u00e2tre National de la Gr\u00e8ce du Nord \/ Abbaye des Lazaristes.<\/p>\n<p><em><strong>Z\u00c9RO-VIRGULE-DEUX (Thylax)<\/strong><\/em> est une exp\u00e9rience performative avec de la parole, des \u00e9tats de corps, de la danse.<br \/>\nElle a \u00e9t\u00e9 cr\u00e9\u00e9e \u00e0 partir de l\u2019intuition forte, de la conviction qu\u2019un rapport sensible \u00e0 nos corpor\u00e9it\u00e9s participe de<br \/>\nl\u2019\u00e9mancipation de l\u2019individu. Elle participe de la d\u00e9construction de nos a priori culturels, de nos r\u00e9ductionnismes de nos \u00e9go- et \u00e9thno-centrismes\u2026<br \/>\nElle nous stimule pour inventer de nouvelles postures sensibles au monde, pour nous ressourcer, nous recentrer. Elle nous dirige vers une dynamique de red\u00e9finition constante, psychologique et sociale. Filio Louvari en r\u00e9sonance avec les pr\u00e9occupations artistiques et philosophiques<br \/>\nde Dimitri Tsiapkinis, nous propose une performance singuli\u00e8re, un one-woman-show avec plein d\u2019\u00e9nergie et d\u2019humour.<\/p>\n<p><i>Quelles kinesth\u00e9sies nous lient aux autres ? Est-ce que la kinesth\u00e9sie peut nous soigner de nos n\u00e9vroses m\u00e9tamodernes ? Nos omniviations fr\u00e9n\u00e9tiques, nos rythmes du quotidien qui nous implosent ? Questionner d\u2019une fa\u00e7on jubilatoire, avec de l\u2019humour, de l\u2019engagement physique, nos postures citoyennes. <\/i><\/p>\n<p>&nbsp;<\/p>\n<p><strong>Photos du spectacle du 27 sept. 2019 : <a href=\"https:\/\/flic.kr\/s\/aHsmHLcahf\">flickr\/Thylax<\/a><\/strong><\/p>\n<p>\/\/\/\/\/\/\/\/\/\/\/\/\/\/\/\/\/\/\/\/\/\/\/\/\/\/\/\/\/\/\/\/\/\/\/\/\/\/\/\/\/\/\/\/\/\/\/\/\/\/\/\/\/\/\/\/\/\/\/\/\/\/\/\/\/\/\/\/\/\/\/\/\/\/\/\/\/\/\/\/\/\/\/\/\/\/\/\/\/\/\/\/\/\/\/\/\/\/\/\/\/\/\/\/\/\/\/\/\/<\/p>\n<p>&nbsp;<\/p>\n<p><strong>DATES :<br \/>\n<\/strong><br \/>\n<strong>&lt;&lt; 27 septembre 2019, \u00e0 20H dans le cadre de Newtopia 7.4, \u00e0 la Pl\u00e9iade, la Riche (37520), France.<\/strong><\/p>\n<p><strong>&lt;&lt; \u00c9t\u00e9 2021, au Festival de Milos \/ Cyclades, Gr\u00e8ce (\u00e0 confirmer).<br \/>\n<\/strong><\/p>\n<p>&nbsp;<\/p>\n<p><strong>Info &amp; r<\/strong><strong>\u00e9servations :\u00a0<\/strong><strong><a href=\"https:\/\/omnivion.net\/core\/fr\/contacts\/reservations\/\">omnivion.net\/reservations<\/a><\/strong><\/p>\n<h2>&lt;&lt;&lt;&lt;&lt;&lt;&lt;&lt;&lt;&lt;&lt;&lt;&lt;&lt;&lt;&lt;&lt;&lt;&lt;&lt;&lt;&lt;&lt;&lt;&lt;&lt;&lt;&lt;&lt;&lt;&lt;&lt;&lt;&lt;&lt;&lt;&lt;&lt;&lt;&lt;&lt;&lt;&lt;&lt;&lt;&lt;&lt;&lt;&lt;&lt;&lt;&lt;&lt;&lt;&lt;&lt;&lt;&lt;&lt;&lt;&lt;&lt;<\/h2>\n<p><a href=\"http:\/\/omnivion.net\/core\/projets\/projets-artistiques\/newtopia-5\/newtopia-5-3\/log\/\" rel=\"attachment wp-att-2307\"><img data-recalc-dims=\"1\" loading=\"lazy\" decoding=\"async\" class=\"alignnone wp-image-2307\" src=\"https:\/\/i0.wp.com\/omnivion.net\/core\/wp-content\/uploads\/2017\/05\/log.jpg?resize=213%2C120\" alt=\"\" width=\"213\" height=\"120\" srcset=\"https:\/\/i0.wp.com\/omnivion.net\/core\/wp-content\/uploads\/2017\/05\/log.jpg?w=556&amp;ssl=1 556w, https:\/\/i0.wp.com\/omnivion.net\/core\/wp-content\/uploads\/2017\/05\/log.jpg?resize=300%2C169&amp;ssl=1 300w\" sizes=\"auto, (max-width: 213px) 100vw, 213px\" \/><br \/>\n<\/a><\/p>\n<p><strong>Partenaires et financement :<\/strong><\/p>\n<p><a href=\"https:\/\/i0.wp.com\/omnivion.net\/core\/wp-content\/uploads\/2019\/06\/Logos_Polite%C3%AFes_II.jpg\"><img data-recalc-dims=\"1\" loading=\"lazy\" decoding=\"async\" class=\"alignnone size-large wp-image-3274\" src=\"https:\/\/i0.wp.com\/omnivion.net\/core\/wp-content\/uploads\/2019\/06\/Logos_Polite%C3%AFes_II-1024x435.jpg?resize=800%2C340\" alt=\"\" width=\"800\" height=\"340\" srcset=\"https:\/\/i0.wp.com\/omnivion.net\/core\/wp-content\/uploads\/2019\/06\/Logos_Polite%C3%AFes_II.jpg?resize=1024%2C435&amp;ssl=1 1024w, https:\/\/i0.wp.com\/omnivion.net\/core\/wp-content\/uploads\/2019\/06\/Logos_Polite%C3%AFes_II.jpg?resize=300%2C128&amp;ssl=1 300w, https:\/\/i0.wp.com\/omnivion.net\/core\/wp-content\/uploads\/2019\/06\/Logos_Polite%C3%AFes_II.jpg?resize=768%2C327&amp;ssl=1 768w, https:\/\/i0.wp.com\/omnivion.net\/core\/wp-content\/uploads\/2019\/06\/Logos_Polite%C3%AFes_II.jpg?w=1385&amp;ssl=1 1385w\" sizes=\"auto, (max-width: 800px) 100vw, 800px\" \/><\/a><\/p>\n<p>&nbsp;<\/p>","protected":false},"excerpt":{"rendered":"<p>Omnivion pr\u00e9sente : &nbsp; 0,2 \/ Thylax avec Filio Louvari\u00a0 Performance chor\u00e9graphique et [&hellip;]<\/p>\n","protected":false},"author":1,"featured_media":0,"parent":3091,"menu_order":0,"comment_status":"closed","ping_status":"closed","template":"","meta":{"jetpack_post_was_ever_published":false,"footnotes":""},"class_list":["post-3418","page","type-page","status-publish","hentry"],"yoast_head":"<!-- This site is optimized with the Yoast SEO plugin v27.4 - https:\/\/yoast.com\/product\/yoast-seo-wordpress\/ -->\n<title>0,2 \/ Thylax - omnivion.net<\/title>\n<meta name=\"robots\" content=\"index, follow, max-snippet:-1, max-image-preview:large, max-video-preview:-1\" \/>\n<link rel=\"canonical\" href=\"https:\/\/omnivion.net\/core\/fr\/projets\/projets-artistiques\/newtopia-7\/newtopia-7-4\/thylax\/\" \/>\n<meta property=\"og:locale\" content=\"fr_FR\" \/>\n<meta property=\"og:type\" content=\"article\" \/>\n<meta property=\"og:title\" content=\"0,2 \/ Thylax - omnivion.net\" \/>\n<meta property=\"og:description\" content=\"Omnivion pr\u00e9sente : &nbsp; 0,2 \/ Thylax avec Filio Louvari\u00a0 Performance chor\u00e9graphique et [&hellip;]\" \/>\n<meta property=\"og:url\" content=\"https:\/\/omnivion.net\/core\/fr\/projets\/projets-artistiques\/newtopia-7\/newtopia-7-4\/thylax\/\" \/>\n<meta property=\"og:site_name\" content=\"omnivion.net\" \/>\n<meta property=\"article:modified_time\" content=\"2021-12-07T23:45:07+00:00\" \/>\n<meta property=\"og:image\" content=\"http:\/\/omnivion.net\/core\/wp-content\/uploads\/2019\/10\/DURET-Bernard-70_edit_web.jpg\" \/>\n<meta name=\"twitter:card\" content=\"summary_large_image\" \/>\n<meta name=\"twitter:label1\" content=\"Dur\u00e9e de lecture estim\u00e9e\" \/>\n\t<meta name=\"twitter:data1\" content=\"2 minutes\" \/>\n<script type=\"application\/ld+json\" class=\"yoast-schema-graph\">{\"@context\":\"https:\\\/\\\/schema.org\",\"@graph\":[{\"@type\":\"WebPage\",\"@id\":\"https:\\\/\\\/omnivion.net\\\/core\\\/fr\\\/projets\\\/projets-artistiques\\\/newtopia-7\\\/newtopia-7-4\\\/thylax\\\/\",\"url\":\"https:\\\/\\\/omnivion.net\\\/core\\\/fr\\\/projets\\\/projets-artistiques\\\/newtopia-7\\\/newtopia-7-4\\\/thylax\\\/\",\"name\":\"0,2 \\\/ Thylax - omnivion.net\",\"isPartOf\":{\"@id\":\"https:\\\/\\\/omnivion.net\\\/core\\\/fr\\\/#website\"},\"primaryImageOfPage\":{\"@id\":\"https:\\\/\\\/omnivion.net\\\/core\\\/fr\\\/projets\\\/projets-artistiques\\\/newtopia-7\\\/newtopia-7-4\\\/thylax\\\/#primaryimage\"},\"image\":{\"@id\":\"https:\\\/\\\/omnivion.net\\\/core\\\/fr\\\/projets\\\/projets-artistiques\\\/newtopia-7\\\/newtopia-7-4\\\/thylax\\\/#primaryimage\"},\"thumbnailUrl\":\"http:\\\/\\\/omnivion.net\\\/core\\\/wp-content\\\/uploads\\\/2019\\\/10\\\/DURET-Bernard-70_edit_web.jpg\",\"datePublished\":\"2019-10-17T16:13:06+00:00\",\"dateModified\":\"2021-12-07T23:45:07+00:00\",\"breadcrumb\":{\"@id\":\"https:\\\/\\\/omnivion.net\\\/core\\\/fr\\\/projets\\\/projets-artistiques\\\/newtopia-7\\\/newtopia-7-4\\\/thylax\\\/#breadcrumb\"},\"inLanguage\":\"fr-FR\",\"potentialAction\":[{\"@type\":\"ReadAction\",\"target\":[\"https:\\\/\\\/omnivion.net\\\/core\\\/fr\\\/projets\\\/projets-artistiques\\\/newtopia-7\\\/newtopia-7-4\\\/thylax\\\/\"]}]},{\"@type\":\"ImageObject\",\"inLanguage\":\"fr-FR\",\"@id\":\"https:\\\/\\\/omnivion.net\\\/core\\\/fr\\\/projets\\\/projets-artistiques\\\/newtopia-7\\\/newtopia-7-4\\\/thylax\\\/#primaryimage\",\"url\":\"http:\\\/\\\/omnivion.net\\\/core\\\/wp-content\\\/uploads\\\/2019\\\/10\\\/DURET-Bernard-70_edit_web.jpg\",\"contentUrl\":\"http:\\\/\\\/omnivion.net\\\/core\\\/wp-content\\\/uploads\\\/2019\\\/10\\\/DURET-Bernard-70_edit_web.jpg\"},{\"@type\":\"BreadcrumbList\",\"@id\":\"https:\\\/\\\/omnivion.net\\\/core\\\/fr\\\/projets\\\/projets-artistiques\\\/newtopia-7\\\/newtopia-7-4\\\/thylax\\\/#breadcrumb\",\"itemListElement\":[{\"@type\":\"ListItem\",\"position\":1,\"name\":\"Accueil\",\"item\":\"https:\\\/\\\/omnivion.net\\\/core\\\/en\\\/silverstorm\\\/\"},{\"@type\":\"ListItem\",\"position\":2,\"name\":\"Projets\",\"item\":\"https:\\\/\\\/omnivion.net\\\/core\\\/fr\\\/projets\\\/\"},{\"@type\":\"ListItem\",\"position\":3,\"name\":\"Projets Artistiques\",\"item\":\"https:\\\/\\\/omnivion.net\\\/core\\\/projets\\\/projets-artistiques\\\/\"},{\"@type\":\"ListItem\",\"position\":4,\"name\":\"Newtopia 7\",\"item\":\"https:\\\/\\\/omnivion.net\\\/core\\\/projets\\\/projets-artistiques\\\/newtopia-7\\\/\"},{\"@type\":\"ListItem\",\"position\":5,\"name\":\"Newtopia 7.4\",\"item\":\"https:\\\/\\\/omnivion.net\\\/core\\\/projets\\\/projets-artistiques\\\/newtopia-7\\\/newtopia-7-4\\\/\"},{\"@type\":\"ListItem\",\"position\":6,\"name\":\"0,2 \\\/ Thylax\"}]},{\"@type\":\"WebSite\",\"@id\":\"https:\\\/\\\/omnivion.net\\\/core\\\/fr\\\/#website\",\"url\":\"https:\\\/\\\/omnivion.net\\\/core\\\/fr\\\/\",\"name\":\"omnivion.net\",\"description\":\"...ARTS D&#039;\u00caTRE CORPS...\",\"potentialAction\":[{\"@type\":\"SearchAction\",\"target\":{\"@type\":\"EntryPoint\",\"urlTemplate\":\"https:\\\/\\\/omnivion.net\\\/core\\\/fr\\\/?s={search_term_string}\"},\"query-input\":{\"@type\":\"PropertyValueSpecification\",\"valueRequired\":true,\"valueName\":\"search_term_string\"}}],\"inLanguage\":\"fr-FR\"}]}<\/script>\n<!-- \/ Yoast SEO plugin. -->","yoast_head_json":{"title":"0,2 \/ Thylax - omnivion.net","robots":{"index":"index","follow":"follow","max-snippet":"max-snippet:-1","max-image-preview":"max-image-preview:large","max-video-preview":"max-video-preview:-1"},"canonical":"https:\/\/omnivion.net\/core\/fr\/projets\/projets-artistiques\/newtopia-7\/newtopia-7-4\/thylax\/","og_locale":"fr_FR","og_type":"article","og_title":"0,2 \/ Thylax - omnivion.net","og_description":"Omnivion pr\u00e9sente : &nbsp; 0,2 \/ Thylax avec Filio Louvari\u00a0 Performance chor\u00e9graphique et [&hellip;]","og_url":"https:\/\/omnivion.net\/core\/fr\/projets\/projets-artistiques\/newtopia-7\/newtopia-7-4\/thylax\/","og_site_name":"omnivion.net","article_modified_time":"2021-12-07T23:45:07+00:00","og_image":[{"url":"http:\/\/omnivion.net\/core\/wp-content\/uploads\/2019\/10\/DURET-Bernard-70_edit_web.jpg","type":"","width":"","height":""}],"twitter_card":"summary_large_image","twitter_misc":{"Dur\u00e9e de lecture estim\u00e9e":"2 minutes"},"schema":{"@context":"https:\/\/schema.org","@graph":[{"@type":"WebPage","@id":"https:\/\/omnivion.net\/core\/fr\/projets\/projets-artistiques\/newtopia-7\/newtopia-7-4\/thylax\/","url":"https:\/\/omnivion.net\/core\/fr\/projets\/projets-artistiques\/newtopia-7\/newtopia-7-4\/thylax\/","name":"0,2 \/ Thylax - omnivion.net","isPartOf":{"@id":"https:\/\/omnivion.net\/core\/fr\/#website"},"primaryImageOfPage":{"@id":"https:\/\/omnivion.net\/core\/fr\/projets\/projets-artistiques\/newtopia-7\/newtopia-7-4\/thylax\/#primaryimage"},"image":{"@id":"https:\/\/omnivion.net\/core\/fr\/projets\/projets-artistiques\/newtopia-7\/newtopia-7-4\/thylax\/#primaryimage"},"thumbnailUrl":"http:\/\/omnivion.net\/core\/wp-content\/uploads\/2019\/10\/DURET-Bernard-70_edit_web.jpg","datePublished":"2019-10-17T16:13:06+00:00","dateModified":"2021-12-07T23:45:07+00:00","breadcrumb":{"@id":"https:\/\/omnivion.net\/core\/fr\/projets\/projets-artistiques\/newtopia-7\/newtopia-7-4\/thylax\/#breadcrumb"},"inLanguage":"fr-FR","potentialAction":[{"@type":"ReadAction","target":["https:\/\/omnivion.net\/core\/fr\/projets\/projets-artistiques\/newtopia-7\/newtopia-7-4\/thylax\/"]}]},{"@type":"ImageObject","inLanguage":"fr-FR","@id":"https:\/\/omnivion.net\/core\/fr\/projets\/projets-artistiques\/newtopia-7\/newtopia-7-4\/thylax\/#primaryimage","url":"http:\/\/omnivion.net\/core\/wp-content\/uploads\/2019\/10\/DURET-Bernard-70_edit_web.jpg","contentUrl":"http:\/\/omnivion.net\/core\/wp-content\/uploads\/2019\/10\/DURET-Bernard-70_edit_web.jpg"},{"@type":"BreadcrumbList","@id":"https:\/\/omnivion.net\/core\/fr\/projets\/projets-artistiques\/newtopia-7\/newtopia-7-4\/thylax\/#breadcrumb","itemListElement":[{"@type":"ListItem","position":1,"name":"Accueil","item":"https:\/\/omnivion.net\/core\/en\/silverstorm\/"},{"@type":"ListItem","position":2,"name":"Projets","item":"https:\/\/omnivion.net\/core\/fr\/projets\/"},{"@type":"ListItem","position":3,"name":"Projets Artistiques","item":"https:\/\/omnivion.net\/core\/projets\/projets-artistiques\/"},{"@type":"ListItem","position":4,"name":"Newtopia 7","item":"https:\/\/omnivion.net\/core\/projets\/projets-artistiques\/newtopia-7\/"},{"@type":"ListItem","position":5,"name":"Newtopia 7.4","item":"https:\/\/omnivion.net\/core\/projets\/projets-artistiques\/newtopia-7\/newtopia-7-4\/"},{"@type":"ListItem","position":6,"name":"0,2 \/ Thylax"}]},{"@type":"WebSite","@id":"https:\/\/omnivion.net\/core\/fr\/#website","url":"https:\/\/omnivion.net\/core\/fr\/","name":"omnivion.net","description":"...ARTS D&#039;\u00caTRE CORPS...","potentialAction":[{"@type":"SearchAction","target":{"@type":"EntryPoint","urlTemplate":"https:\/\/omnivion.net\/core\/fr\/?s={search_term_string}"},"query-input":{"@type":"PropertyValueSpecification","valueRequired":true,"valueName":"search_term_string"}}],"inLanguage":"fr-FR"}]}},"jetpack_sharing_enabled":true,"jetpack_shortlink":"https:\/\/wp.me\/P2fe7Q-T8","jetpack_likes_enabled":true,"_links":{"self":[{"href":"https:\/\/omnivion.net\/core\/fr\/wp-json\/wp\/v2\/pages\/3418","targetHints":{"allow":["GET"]}}],"collection":[{"href":"https:\/\/omnivion.net\/core\/fr\/wp-json\/wp\/v2\/pages"}],"about":[{"href":"https:\/\/omnivion.net\/core\/fr\/wp-json\/wp\/v2\/types\/page"}],"author":[{"embeddable":true,"href":"https:\/\/omnivion.net\/core\/fr\/wp-json\/wp\/v2\/users\/1"}],"replies":[{"embeddable":true,"href":"https:\/\/omnivion.net\/core\/fr\/wp-json\/wp\/v2\/comments?post=3418"}],"version-history":[{"count":14,"href":"https:\/\/omnivion.net\/core\/fr\/wp-json\/wp\/v2\/pages\/3418\/revisions"}],"predecessor-version":[{"id":4341,"href":"https:\/\/omnivion.net\/core\/fr\/wp-json\/wp\/v2\/pages\/3418\/revisions\/4341"}],"up":[{"embeddable":true,"href":"https:\/\/omnivion.net\/core\/fr\/wp-json\/wp\/v2\/pages\/3091"}],"wp:attachment":[{"href":"https:\/\/omnivion.net\/core\/fr\/wp-json\/wp\/v2\/media?parent=3418"}],"curies":[{"name":"wp","href":"https:\/\/api.w.org\/{rel}","templated":true}]}}