{"id":3394,"date":"2019-10-04T09:47:31","date_gmt":"2019-10-04T08:47:31","guid":{"rendered":"http:\/\/omnivion.net\/core\/projets\/projets-artistiques\/newtopia-7\/newtopia-7-3-copy\/"},"modified":"2019-10-16T18:27:14","modified_gmt":"2019-10-16T17:27:14","slug":"newtopia-7-5","status":"publish","type":"page","link":"https:\/\/omnivion.net\/core\/fr\/projets\/projets-artistiques\/newtopia-7\/newtopia-7-5\/","title":{"rendered":"Newtopia 7.5 \/ \u00catre Autre &#8211; Corps Extatique"},"content":{"rendered":"<p><b><i><a href=\"https:\/\/i0.wp.com\/omnivion.net\/core\/wp-content\/uploads\/2012\/02\/On-Marche-2008-261e_web.jpg\"><img data-recalc-dims=\"1\" loading=\"lazy\" decoding=\"async\" class=\"alignnone size-full wp-image-468\" src=\"https:\/\/i0.wp.com\/omnivion.net\/core\/wp-content\/uploads\/2012\/02\/On-Marche-2008-261e_web.jpg?resize=800%2C323\" alt=\"\" width=\"800\" height=\"323\" srcset=\"https:\/\/i0.wp.com\/omnivion.net\/core\/wp-content\/uploads\/2012\/02\/On-Marche-2008-261e_web.jpg?w=800&amp;ssl=1 800w, https:\/\/i0.wp.com\/omnivion.net\/core\/wp-content\/uploads\/2012\/02\/On-Marche-2008-261e_web.jpg?resize=300%2C121&amp;ssl=1 300w\" sizes=\"auto, (max-width: 800px) 100vw, 800px\" \/><\/a><\/i><\/b><\/p>\n<p>&nbsp;<\/p>\n<h2>Exposition de Photographies par Dimitri Tsiapkinis<\/h2>\n<h2>Du 5 octobre, au 4 novembre 2019, au bar le Strapontin,<br \/>\n23 rue de Chateauneuf, 37000 Tours.<\/h2>\n<p><strong>Entr\u00e9e libre \/ Vente des tableaux sur helloasso ou sur notre page web : <a href=\"https:\/\/www.helloasso.com\/associations\/omnivion\/paiements\/newtopia-7-5-corps-extatique-1\" target=\"_blank\" rel=\"noopener noreferrer\">Helloasso\/Newtopia_7.5<\/a><br \/>\n<\/strong><\/p>\n<p>Vernissage le dimanche 20 octobre \u00e0 18H!<\/p>\n<p>&nbsp;<\/p>\n<p><b><i>Voici<\/i><\/b> le&#8230;5\u00e8me volet de <a style=\"font-weight: bold;\" href=\"http:\/\/omnivion.net\/core\/projets\/projets-artistiques\/newtopia-7\/\">Newtopia 7<\/a><b>\u00a0 <\/b><\/p>\n<p><b>Un petit mot de l&rsquo;auteur sur le propos\u00a0 :<br \/>\n<\/b><\/p>\n<p><em>\u00ab\u00a0La th\u00e9matique de l&rsquo;expo est extraite des ann\u00e9es de travail avec le chor\u00e9graphe Bernardo Montet, mais aussi quelques regards sur le travail de Taoufiq Izeddiou et sur mes cr\u00e9ations avec Omnivion \u00e0 Tours et le collectif XSOMA en Gr\u00e8ce. Ces photographies ont \u00e9t\u00e9 mises \u00e0 la lumi\u00e8re en r\u00e9sonance avec la th\u00e9matique actuelle de mon projet chor\u00e9graphique Newtopia \/ Danse et Sant\u00e9 Psychique. Le corps extatique a \u00e9t\u00e9 pr\u00e9sent dans diverses traditions \u00e0 travers les \u00e2ges \u00e0 travers le monde. C&rsquo;est un lieu de soi o\u00f9 la singularit\u00e9 est prot\u00e9g\u00e9e, voire valoris\u00e9e. Un lieu de ressourcement de l&rsquo;individu qui nourrit la communaut\u00e9 par le sens de la libert\u00e9 et du renouvellement par la cr\u00e9ativit\u00e9.\u00a0\u00bb<\/em><\/p>\n<p>Dimitri Tsiapkinis<\/p>\n<p>[Tous les tableaux sont des impressions sur aluminium (sauf <em>Al\u00e9eff<\/em> qui est sur toile) et sont num\u00e9rot\u00e9s (30 copies max de chaque)]<\/p>\n<p>Voici quelques-unes de ces tableaux sur Flickr : <a href=\"https:\/\/flic.kr\/s\/aHsjAT9gN1\" target=\"_blank\" rel=\"noopener noreferrer\">Expo 2018-2020<\/a><\/p>\n<p><strong>Vous pouvez r\u00e9server et r\u00e9gler les tableaux photos que vous avez choisis \u00e0 l&rsquo;exposition sur notre site web ou au bar Le Strapontin : <\/strong><strong><a href=\"https:\/\/www.helloasso.com\/associations\/omnivion\/paiements\/newtopia-7-5-corps-extatique-1\" target=\"_blank\" rel=\"noopener noreferrer\">Helloasso\/Newtopia_7.5 <\/a><br \/>\n<\/strong><strong>D\u00e8s que nous recevrons votre commande, nous vous contacterons pour vous d\u00e9livrer une copie num\u00e9rot\u00e9e de la photo choisie.<\/strong><\/p>\n<p>&lt;&lt;&lt;&lt;&lt;&lt;&lt;&lt;&lt;&lt;&lt;&lt;&lt;&lt;&lt;&lt;&lt;&lt;&lt;&lt;&lt;&lt;&lt;&lt;&lt;&lt;&lt;&lt;&lt;&lt;&lt;&lt;&lt;&lt;&lt;&lt;&lt;&lt;&lt;&lt;&lt;&lt;&lt;&lt;&lt;&lt;&lt;&lt;&lt;&lt;&lt;&lt;&lt;&lt;&lt;&lt;&lt;&lt;&lt;&lt;&lt;&lt;&lt;&lt;&lt;&lt;&lt;&lt;&lt;&lt;&lt;<\/p>\n<p><strong>Partenaires et financement : <\/strong><\/p>\n<p><strong><a href=\"http:\/\/www.culturecommunication.gouv.fr\/Regions\/Drac-Centre-Val-de-Loire\" target=\"_blank\" rel=\"noopener noreferrer\">DRAC Centre<\/a>, <a href=\"http:\/\/ars.centre.sante.fr\/\" target=\"_blank\" rel=\"noopener noreferrer\">ARS Centre<\/a>, <a href=\"https:\/\/transept37.fr\/\" target=\"_blank\" rel=\"noopener noreferrer\">Fonds de dotation Transept37<\/a>, <a href=\"http:\/\/www.chu-tours.fr\/\" target=\"_blank\" rel=\"noopener noreferrer\">CHRU de Tours<\/a>, <a href=\"http:\/\/lesarpentsdart.fr\/cms\/\" target=\"_blank\" rel=\"noopener noreferrer\">Arpents d\u2019Art<\/a>, <a href=\"http:\/\/ville-lariche.fr\/spip.php?page=pleiade\">Ville de la Riche\/Pl\u00e9iade<\/a>, <a href=\"http:\/\/www.tours.fr\/\">Ville de Tours<\/a>, <a href=\"http:\/\/centresocialrabiere.fr\/\" target=\"_blank\" rel=\"noopener noreferrer\">Centre Sociale la Rabi\u00e8re<\/a>.<\/strong><\/p>\n<p>&nbsp;<\/p>\n<p><strong>ACCESSIBILIT\u00c9 :<\/strong><\/p>\n<p><a href=\"http:\/\/omnivion.net\/core\/projets\/projets-artistiques\/newtopia-5\/newtopia-5-3\/log\/\" rel=\"attachment wp-att-2307\"><img data-recalc-dims=\"1\" loading=\"lazy\" decoding=\"async\" class=\"alignnone wp-image-2307\" src=\"https:\/\/i0.wp.com\/omnivion.net\/core\/wp-content\/uploads\/2017\/05\/log.jpg?resize=242%2C136\" alt=\"\" width=\"242\" height=\"136\" srcset=\"https:\/\/i0.wp.com\/omnivion.net\/core\/wp-content\/uploads\/2017\/05\/log.jpg?w=556&amp;ssl=1 556w, https:\/\/i0.wp.com\/omnivion.net\/core\/wp-content\/uploads\/2017\/05\/log.jpg?resize=300%2C169&amp;ssl=1 300w\" sizes=\"auto, (max-width: 242px) 100vw, 242px\" \/><\/a><\/p>\n<p>&nbsp;<\/p>\n<p>&nbsp;<\/p>","protected":false},"excerpt":{"rendered":"<p>&nbsp; Exposition de Photographies par Dimitri Tsiapkinis Du 5 octobre, au 4 novembre [&hellip;]<\/p>\n","protected":false},"author":1,"featured_media":0,"parent":3058,"menu_order":0,"comment_status":"closed","ping_status":"closed","template":"","meta":{"jetpack_post_was_ever_published":false,"footnotes":""},"class_list":["post-3394","page","type-page","status-publish","hentry"],"yoast_head":"<!-- This site is optimized with the Yoast SEO plugin v27.4 - https:\/\/yoast.com\/product\/yoast-seo-wordpress\/ -->\n<title>Newtopia 7.5 \/ \u00catre Autre - Corps Extatique - omnivion.net<\/title>\n<meta name=\"robots\" content=\"index, follow, max-snippet:-1, max-image-preview:large, max-video-preview:-1\" \/>\n<link rel=\"canonical\" href=\"https:\/\/omnivion.net\/core\/fr\/projets\/projets-artistiques\/newtopia-7\/newtopia-7-5\/\" \/>\n<meta property=\"og:locale\" content=\"fr_FR\" \/>\n<meta property=\"og:type\" content=\"article\" \/>\n<meta property=\"og:title\" content=\"Newtopia 7.5 \/ \u00catre Autre - Corps Extatique - omnivion.net\" \/>\n<meta property=\"og:description\" content=\"&nbsp; Exposition de Photographies par Dimitri Tsiapkinis Du 5 octobre, au 4 novembre [&hellip;]\" \/>\n<meta property=\"og:url\" content=\"https:\/\/omnivion.net\/core\/fr\/projets\/projets-artistiques\/newtopia-7\/newtopia-7-5\/\" \/>\n<meta property=\"og:site_name\" content=\"omnivion.net\" \/>\n<meta property=\"article:modified_time\" content=\"2019-10-16T17:27:14+00:00\" \/>\n<meta property=\"og:image\" content=\"http:\/\/omnivion.net\/core\/wp-content\/uploads\/2012\/02\/On-Marche-2008-261e_web.jpg\" \/>\n<meta name=\"twitter:card\" content=\"summary_large_image\" \/>\n<meta name=\"twitter:label1\" content=\"Dur\u00e9e de lecture estim\u00e9e\" \/>\n\t<meta name=\"twitter:data1\" content=\"3 minutes\" \/>\n<script type=\"application\/ld+json\" class=\"yoast-schema-graph\">{\"@context\":\"https:\\\/\\\/schema.org\",\"@graph\":[{\"@type\":\"WebPage\",\"@id\":\"https:\\\/\\\/omnivion.net\\\/core\\\/fr\\\/projets\\\/projets-artistiques\\\/newtopia-7\\\/newtopia-7-5\\\/\",\"url\":\"https:\\\/\\\/omnivion.net\\\/core\\\/fr\\\/projets\\\/projets-artistiques\\\/newtopia-7\\\/newtopia-7-5\\\/\",\"name\":\"Newtopia 7.5 \\\/ \u00catre Autre - Corps Extatique - omnivion.net\",\"isPartOf\":{\"@id\":\"https:\\\/\\\/omnivion.net\\\/core\\\/fr\\\/#website\"},\"primaryImageOfPage\":{\"@id\":\"https:\\\/\\\/omnivion.net\\\/core\\\/fr\\\/projets\\\/projets-artistiques\\\/newtopia-7\\\/newtopia-7-5\\\/#primaryimage\"},\"image\":{\"@id\":\"https:\\\/\\\/omnivion.net\\\/core\\\/fr\\\/projets\\\/projets-artistiques\\\/newtopia-7\\\/newtopia-7-5\\\/#primaryimage\"},\"thumbnailUrl\":\"http:\\\/\\\/omnivion.net\\\/core\\\/wp-content\\\/uploads\\\/2012\\\/02\\\/On-Marche-2008-261e_web.jpg\",\"datePublished\":\"2019-10-04T08:47:31+00:00\",\"dateModified\":\"2019-10-16T17:27:14+00:00\",\"breadcrumb\":{\"@id\":\"https:\\\/\\\/omnivion.net\\\/core\\\/fr\\\/projets\\\/projets-artistiques\\\/newtopia-7\\\/newtopia-7-5\\\/#breadcrumb\"},\"inLanguage\":\"fr-FR\",\"potentialAction\":[{\"@type\":\"ReadAction\",\"target\":[\"https:\\\/\\\/omnivion.net\\\/core\\\/fr\\\/projets\\\/projets-artistiques\\\/newtopia-7\\\/newtopia-7-5\\\/\"]}]},{\"@type\":\"ImageObject\",\"inLanguage\":\"fr-FR\",\"@id\":\"https:\\\/\\\/omnivion.net\\\/core\\\/fr\\\/projets\\\/projets-artistiques\\\/newtopia-7\\\/newtopia-7-5\\\/#primaryimage\",\"url\":\"http:\\\/\\\/omnivion.net\\\/core\\\/wp-content\\\/uploads\\\/2012\\\/02\\\/On-Marche-2008-261e_web.jpg\",\"contentUrl\":\"http:\\\/\\\/omnivion.net\\\/core\\\/wp-content\\\/uploads\\\/2012\\\/02\\\/On-Marche-2008-261e_web.jpg\"},{\"@type\":\"BreadcrumbList\",\"@id\":\"https:\\\/\\\/omnivion.net\\\/core\\\/fr\\\/projets\\\/projets-artistiques\\\/newtopia-7\\\/newtopia-7-5\\\/#breadcrumb\",\"itemListElement\":[{\"@type\":\"ListItem\",\"position\":1,\"name\":\"Accueil\",\"item\":\"https:\\\/\\\/omnivion.net\\\/core\\\/en\\\/silverstorm\\\/\"},{\"@type\":\"ListItem\",\"position\":2,\"name\":\"Projets\",\"item\":\"https:\\\/\\\/omnivion.net\\\/core\\\/fr\\\/projets\\\/\"},{\"@type\":\"ListItem\",\"position\":3,\"name\":\"Projets Artistiques\",\"item\":\"https:\\\/\\\/omnivion.net\\\/core\\\/projets\\\/projets-artistiques\\\/\"},{\"@type\":\"ListItem\",\"position\":4,\"name\":\"Newtopia 7\",\"item\":\"https:\\\/\\\/omnivion.net\\\/core\\\/projets\\\/projets-artistiques\\\/newtopia-7\\\/\"},{\"@type\":\"ListItem\",\"position\":5,\"name\":\"Newtopia 7.5 \\\/ \u00catre Autre &#8211; Corps Extatique\"}]},{\"@type\":\"WebSite\",\"@id\":\"https:\\\/\\\/omnivion.net\\\/core\\\/fr\\\/#website\",\"url\":\"https:\\\/\\\/omnivion.net\\\/core\\\/fr\\\/\",\"name\":\"omnivion.net\",\"description\":\"...ARTS D&#039;\u00caTRE CORPS...\",\"potentialAction\":[{\"@type\":\"SearchAction\",\"target\":{\"@type\":\"EntryPoint\",\"urlTemplate\":\"https:\\\/\\\/omnivion.net\\\/core\\\/fr\\\/?s={search_term_string}\"},\"query-input\":{\"@type\":\"PropertyValueSpecification\",\"valueRequired\":true,\"valueName\":\"search_term_string\"}}],\"inLanguage\":\"fr-FR\"}]}<\/script>\n<!-- \/ Yoast SEO plugin. -->","yoast_head_json":{"title":"Newtopia 7.5 \/ \u00catre Autre - Corps Extatique - omnivion.net","robots":{"index":"index","follow":"follow","max-snippet":"max-snippet:-1","max-image-preview":"max-image-preview:large","max-video-preview":"max-video-preview:-1"},"canonical":"https:\/\/omnivion.net\/core\/fr\/projets\/projets-artistiques\/newtopia-7\/newtopia-7-5\/","og_locale":"fr_FR","og_type":"article","og_title":"Newtopia 7.5 \/ \u00catre Autre - Corps Extatique - omnivion.net","og_description":"&nbsp; Exposition de Photographies par Dimitri Tsiapkinis Du 5 octobre, au 4 novembre [&hellip;]","og_url":"https:\/\/omnivion.net\/core\/fr\/projets\/projets-artistiques\/newtopia-7\/newtopia-7-5\/","og_site_name":"omnivion.net","article_modified_time":"2019-10-16T17:27:14+00:00","og_image":[{"url":"http:\/\/omnivion.net\/core\/wp-content\/uploads\/2012\/02\/On-Marche-2008-261e_web.jpg","type":"","width":"","height":""}],"twitter_card":"summary_large_image","twitter_misc":{"Dur\u00e9e de lecture estim\u00e9e":"3 minutes"},"schema":{"@context":"https:\/\/schema.org","@graph":[{"@type":"WebPage","@id":"https:\/\/omnivion.net\/core\/fr\/projets\/projets-artistiques\/newtopia-7\/newtopia-7-5\/","url":"https:\/\/omnivion.net\/core\/fr\/projets\/projets-artistiques\/newtopia-7\/newtopia-7-5\/","name":"Newtopia 7.5 \/ \u00catre Autre - Corps Extatique - omnivion.net","isPartOf":{"@id":"https:\/\/omnivion.net\/core\/fr\/#website"},"primaryImageOfPage":{"@id":"https:\/\/omnivion.net\/core\/fr\/projets\/projets-artistiques\/newtopia-7\/newtopia-7-5\/#primaryimage"},"image":{"@id":"https:\/\/omnivion.net\/core\/fr\/projets\/projets-artistiques\/newtopia-7\/newtopia-7-5\/#primaryimage"},"thumbnailUrl":"http:\/\/omnivion.net\/core\/wp-content\/uploads\/2012\/02\/On-Marche-2008-261e_web.jpg","datePublished":"2019-10-04T08:47:31+00:00","dateModified":"2019-10-16T17:27:14+00:00","breadcrumb":{"@id":"https:\/\/omnivion.net\/core\/fr\/projets\/projets-artistiques\/newtopia-7\/newtopia-7-5\/#breadcrumb"},"inLanguage":"fr-FR","potentialAction":[{"@type":"ReadAction","target":["https:\/\/omnivion.net\/core\/fr\/projets\/projets-artistiques\/newtopia-7\/newtopia-7-5\/"]}]},{"@type":"ImageObject","inLanguage":"fr-FR","@id":"https:\/\/omnivion.net\/core\/fr\/projets\/projets-artistiques\/newtopia-7\/newtopia-7-5\/#primaryimage","url":"http:\/\/omnivion.net\/core\/wp-content\/uploads\/2012\/02\/On-Marche-2008-261e_web.jpg","contentUrl":"http:\/\/omnivion.net\/core\/wp-content\/uploads\/2012\/02\/On-Marche-2008-261e_web.jpg"},{"@type":"BreadcrumbList","@id":"https:\/\/omnivion.net\/core\/fr\/projets\/projets-artistiques\/newtopia-7\/newtopia-7-5\/#breadcrumb","itemListElement":[{"@type":"ListItem","position":1,"name":"Accueil","item":"https:\/\/omnivion.net\/core\/en\/silverstorm\/"},{"@type":"ListItem","position":2,"name":"Projets","item":"https:\/\/omnivion.net\/core\/fr\/projets\/"},{"@type":"ListItem","position":3,"name":"Projets Artistiques","item":"https:\/\/omnivion.net\/core\/projets\/projets-artistiques\/"},{"@type":"ListItem","position":4,"name":"Newtopia 7","item":"https:\/\/omnivion.net\/core\/projets\/projets-artistiques\/newtopia-7\/"},{"@type":"ListItem","position":5,"name":"Newtopia 7.5 \/ \u00catre Autre &#8211; Corps Extatique"}]},{"@type":"WebSite","@id":"https:\/\/omnivion.net\/core\/fr\/#website","url":"https:\/\/omnivion.net\/core\/fr\/","name":"omnivion.net","description":"...ARTS D&#039;\u00caTRE CORPS...","potentialAction":[{"@type":"SearchAction","target":{"@type":"EntryPoint","urlTemplate":"https:\/\/omnivion.net\/core\/fr\/?s={search_term_string}"},"query-input":{"@type":"PropertyValueSpecification","valueRequired":true,"valueName":"search_term_string"}}],"inLanguage":"fr-FR"}]}},"jetpack_sharing_enabled":true,"jetpack_shortlink":"https:\/\/wp.me\/P2fe7Q-SK","jetpack_likes_enabled":true,"_links":{"self":[{"href":"https:\/\/omnivion.net\/core\/fr\/wp-json\/wp\/v2\/pages\/3394","targetHints":{"allow":["GET"]}}],"collection":[{"href":"https:\/\/omnivion.net\/core\/fr\/wp-json\/wp\/v2\/pages"}],"about":[{"href":"https:\/\/omnivion.net\/core\/fr\/wp-json\/wp\/v2\/types\/page"}],"author":[{"embeddable":true,"href":"https:\/\/omnivion.net\/core\/fr\/wp-json\/wp\/v2\/users\/1"}],"replies":[{"embeddable":true,"href":"https:\/\/omnivion.net\/core\/fr\/wp-json\/wp\/v2\/comments?post=3394"}],"version-history":[{"count":10,"href":"https:\/\/omnivion.net\/core\/fr\/wp-json\/wp\/v2\/pages\/3394\/revisions"}],"predecessor-version":[{"id":3415,"href":"https:\/\/omnivion.net\/core\/fr\/wp-json\/wp\/v2\/pages\/3394\/revisions\/3415"}],"up":[{"embeddable":true,"href":"https:\/\/omnivion.net\/core\/fr\/wp-json\/wp\/v2\/pages\/3058"}],"wp:attachment":[{"href":"https:\/\/omnivion.net\/core\/fr\/wp-json\/wp\/v2\/media?parent=3394"}],"curies":[{"name":"wp","href":"https:\/\/api.w.org\/{rel}","templated":true}]}}