{"id":3244,"date":"2019-05-16T11:38:08","date_gmt":"2019-05-16T10:38:08","guid":{"rendered":"http:\/\/omnivion.net\/core\/projets\/projets-artistiques\/newtopia-7\/newtopia-7-4-copy\/"},"modified":"2020-01-17T15:40:40","modified_gmt":"2020-01-17T14:40:40","slug":"politeies","status":"publish","type":"page","link":"https:\/\/omnivion.net\/core\/fr\/projets\/projets-artistiques\/newtopia-7\/newtopia-7-4\/politeies\/","title":{"rendered":"POLITE\u00efES"},"content":{"rendered":"<p><div id=\"attachment_3299\" style=\"width: 810px\" class=\"wp-caption alignnone\"><a href=\"https:\/\/i0.wp.com\/omnivion.net\/core\/wp-content\/uploads\/2019\/06\/DURET-Bernard-56_edit_web.jpg\"><img data-recalc-dims=\"1\" loading=\"lazy\" decoding=\"async\" aria-describedby=\"caption-attachment-3299\" class=\"size-full wp-image-3299\" src=\"https:\/\/i0.wp.com\/omnivion.net\/core\/wp-content\/uploads\/2019\/06\/DURET-Bernard-56_edit_web.jpg?resize=800%2C407\" alt=\"\" width=\"800\" height=\"407\" srcset=\"https:\/\/i0.wp.com\/omnivion.net\/core\/wp-content\/uploads\/2019\/06\/DURET-Bernard-56_edit_web.jpg?w=800&amp;ssl=1 800w, https:\/\/i0.wp.com\/omnivion.net\/core\/wp-content\/uploads\/2019\/06\/DURET-Bernard-56_edit_web.jpg?resize=300%2C153&amp;ssl=1 300w, https:\/\/i0.wp.com\/omnivion.net\/core\/wp-content\/uploads\/2019\/06\/DURET-Bernard-56_edit_web.jpg?resize=768%2C391&amp;ssl=1 768w\" sizes=\"auto, (max-width: 800px) 100vw, 800px\" \/><\/a><p id=\"caption-attachment-3299\" class=\"wp-caption-text\">Photo (edit) par Bernard Duret<\/p><\/div><\/p>\n<h2>Omnivion pr\u00e9sente :<\/h2>\n<p>&nbsp;<\/p>\n<h2>POLITE\u00efES<\/h2>\n<p><strong>Performance chor\u00e9graphique, vid\u00e9ographique et musicale<br \/>\n<\/strong><\/p>\n<p><strong>Conception \/ direction :<\/strong> Dimitri Tsiapkinis<br \/>\n<strong>Interpr\u00e9t\u00e9 par<\/strong><strong> : <\/strong>Anna\u00efck Nicolazic, Bruno Morin, Catherine Mondou, Cereza Candela, Christine Causera, Claire Guillaume, Constance Renard, Dianne Bikok, Dimitri Tsiapkinis, Emilie Coud\u00e8re, Ghislaine Lorne, Gilles Lolivier, Keely Sigot, Kostas Papazoglou, Lilou Melamed, <span class=\"_5yl5\">Lina Candela<\/span>, Marie Renard, Nael Tsiapkinis, Nikicha Jaillette, Quentin Perrotte, Roland Lebret, Rosa Pires de Matos, Yvan Pousset.<br \/>\n<strong>Eclairage\/r\u00e9gie technique : <\/strong>Marine Pourqui\u00e9<br \/>\n<strong>Dur\u00e9e<\/strong> : ~ 55min<\/p>\n<p><strong>Photos du spectacle du 27 sept. 2019 : <a href=\"https:\/\/flic.kr\/s\/aHsmHtGCsw\">flickr\/POLITEIES<\/a><\/strong><\/p>\n<p><strong>Vid\u00e9o \/ teaser :<\/strong> <a href=\"https:\/\/vimeo.com\/373783493\"><strong>Vimeo\/Polite\u00efes<\/strong><\/a><\/p>\n<p>&nbsp;<\/p>\n<p>\/\/\/\/\/\/\/\/\/\/\/\/\/\/\/\/\/\/\/\/\/\/\/\/\/\/\/\/\/\/\/\/\/\/\/\/\/\/\/\/\/\/\/\/\/\/\/\/\/\/\/\/\/\/\/\/\/\/\/\/\/\/\/\/\/\/\/\/\/\/\/\/\/\/\/\/\/\/\/\/\/\/\/\/\/\/\/\/\/\/\/\/\/\/\/\/\/\/\/\/\/\/\/\/\/\/\/\/\/<\/p>\n<h3><strong>Polite(<\/strong><strong>\u1fd3<\/strong><strong>)es\u00a0<\/strong><\/h3>\n<p>[\u03a0\u03bf\u03bb\u03b9\u03c4\u03b5\u03af\u03b5\u03c2 : pluriel du mot grec <em>\u03c0\u03cc\u03bb\u03b9\u03c2<\/em> \/ cit\u00e9, et du verbe <em>\u03c0\u03bf\u03bb\u03b9\u03c4\u03b5\u03cd\u03bf\u03bc\u03b1\u03b9<\/em> \/ \u00eatre citoyen actif]<\/p>\n<p><strong>Note d\u2019intention\u00a0:<\/strong><\/p>\n<p>Une cr\u00e9ation chor\u00e9graphique inclusive d\u00e9velopp\u00e9e autour de la th\u00e9matique du vivre ensemble. L\u2019urgence ancestrale des rassemblements civils seront \u00e9tudi\u00e9s par questionnement po\u00e9tique, avec l\u2019<em>\u00eatre corps <\/em>au centre des pr\u00e9occupations.\u00a0 L\u2019exclusion du corps d\u00e9viant, du corps-esprit d\u00e9s\u00e9quilibr\u00e9, la place de l\u2019individu singulier, la corruption des \u00e9lites, la solidarit\u00e9 et les nouvelles utopies du vivre ensemble semblent \u00eatre des sujets essentiels pour contempler la complexit\u00e9 de nos civilisations. Nos na\u00efvet\u00e9s semi-\u00e9rudites n\u2019ont pas d\u2019autres choix que de <strong>se mettre en mouvement et<\/strong> <strong>de<\/strong> <strong>prendre corps<\/strong> \u00e0 chaque instant face aux flux d\u2019informations qui saturent nos neurones. L\u2019\u00e9quipe d\u2019Omnivion, sous la direction de Dimitri Tsiapkinis, renouvelle son engagement artistique et solidaire pour faire face aux d\u00e9fis sociaux de notre si\u00e8cle\u00a0: immigration, diversit\u00e9 culturelle, partage de ressources, \u00e9quit\u00e9, justice sociale, d\u00e9mocratie.<\/p>\n<p>\/\/\/\/\/\/\/\/\/\/\/\/\/\/\/\/\/\/\/\/\/\/\/\/\/\/\/\/\/\/\/\/\/\/\/\/\/\/\/\/\/\/\/\/\/\/\/\/\/\/\/\/\/\/\/\/\/\/\/\/\/\/\/\/\/\/\/\/\/\/\/\/\/\/\/\/\/\/\/\/\/\/\/\/\/\/\/\/\/\/\/\/\/\/\/\/\/\/\/\/\/\/\/\/\/\/\/\/\/<\/p>\n<p><strong>Polite(<\/strong><strong>\u1fd3<\/strong><strong>)es <\/strong><strong>est une performance de danse-th\u00e9\u00e2tre m\u00e9tamoderne, <\/strong>\u00e9labor\u00e9 par l\u2019improvisation, l\u2019\u00e9criture de plateau, le croisement des disciplines artistiques. Elabor\u00e9 par une \u00e9quipe qui inclut des artistes professionnels et amateurs, certains souffrants de psychopathologies. Interroger nos attachements et nos aspirations id\u00e9ologiques sur le vivre en communaut\u00e9. Chaque participant est invit\u00e9 \u00e0 composer des mati\u00e8res artistiques sur ses pr\u00e9occupations politiques et sociales. <em>Une jubilation chor\u00e9graphique du potentiel expressif g\u00e9n\u00e9r\u00e9 par une communaut\u00e9 h\u00e9t\u00e9rog\u00e8ne qui accueille la diff\u00e9rence : personnes suivies en psychiatrie, professionnels de la sant\u00e9, artistes amateurs et professionnels.<\/em><br \/>\n<strong>Omnivion<\/strong>, participe \u00e0 la r\u00e9flexion sur la multiplicit\u00e9 du vivant, mais \u00e0 travers l\u2019<em>\u00eatre-corps<\/em>. <em>Une multiplicit\u00e9 qui d\u00e9fie la culture de la normalit\u00e9, de l\u2019unicit\u00e9, des pens\u00e9es uniques. <\/em>Nous continuons de <em>po\u00e9tiser la folie, d\u2019interroger nos a priori sur les normalit\u00e9s expressives et cr\u00e9atives.<\/em><\/p>\n<p><strong>Polite(<\/strong><strong>\u1fd3<\/strong><strong>)es <\/strong>fait partie de la s\u00e9rie <strong><a href=\"http:\/\/omnivion.net\/core\/projets\/projets-artistiques\/newtopia-7\/\">Newtopia 7 (2019)<\/a><\/strong>, un \u00e9v\u00e9nement Danse &amp; Sant\u00e9 Mentale soutenu par la DRAC &amp; ARS Centre (Culture &amp; Sant\u00e9), le CHRU de Tours\u00a0et les Fonds de dotation Transept37.<\/p>\n<h2><span style=\"font-size: 12pt;\">\/\/\/\/\/\/\/\/\/\/\/\/\/\/\/\/\/\/\/\/\/\/\/\/\/\/\/\/\/\/\/\/\/\/\/\/\/\/\/\/\/\/\/\/\/\/\/\/\/\/\/\/\/\/\/\/\/\/\/\/\/\/\/\/\/\/\/\/\/\/\/\/\/\/\/\/\/\/\/\/\/\/\/\/\/\/\/\/\/\/\/\/\/\/\/\/\/\/\/\/\/<\/span><\/h2>\n<p>&nbsp;<\/p>\n<p><strong>Le chor\u00e9graphe \/ directeur du projet Newtopia\u00a0:<\/strong><\/p>\n<p><strong>Dimitri Tsiapkinis<br \/>\n<\/strong>Dipl\u00f4m\u00e9 de <strong>l\u2019Universit\u00e9 de la Caroline du Nord <\/strong>\/ \u00c9cole des Arts du Spectacle (U.S.A.) et de <strong>l\u2019Universit\u00e9 Fernando Pessoa <\/strong>(Portugal),<strong> <a href=\"http:\/\/www.omnivion.net\/core\/team\/dimitrios-tsiapkinis\/\">Dimitri Tsiapkinis<\/a><\/strong> a dans\u00e9 entre autres dans la troupe de <strong>Bernardo Montet<\/strong> pendant 22 ans (CCNRB, Mawguerite &amp; CCNT). En Gr\u00e8ce, il fonde <strong><a href=\"http:\/\/omnivion.net\/xsoma.net\/\">xsoma<\/a><\/strong>, un collectif avec 3 autres danseuses qui a r\u00e9alis\u00e9 plusieurs performances et cr\u00e9ations entre 2002 et 2009. En 2003, il est nomm\u00e9<strong> danseur de l\u2019ann\u00e9e en Gr\u00e8ce<\/strong> dans le magazine allemand <em>Tanz\/Jahrbuch<\/em>. Il a donn\u00e9 des stages &amp; master classes dans plusieurs missions internationales, en m\u00ealant danse et pratiques somatiques <strong>(<em>P\u00e9dagogie perceptive\/Danis Bois<\/em>).<\/strong> Depuis sa premi\u00e8re cr\u00e9ation \u00e0 Berlin en 1992, il d\u00e9veloppe une <strong>pratique de la danse contemporaine centr\u00e9e sur la psychologie de l\u2019individu et son potentiel de transformation<\/strong>, de lui-m\u00eame et de son environnement. Depuis 2006, il exp\u00e9rimente la p\u00e9dagogie de la danse, dans les services de psychiatrie du CHRU de Tours et en 2015, il r\u00e9alise un projet de recherche Master 2\u00a0intitul\u00e9 <strong><em>Pertinence d\u2019un atelier de danse contemporaine en milieu psychiatrique <\/em><a href=\"http:\/\/bdigital.ufp.pt\/bitstream\/10284\/4645\/3\/Tsiapkinis_M%c3%a9moire_Master_2_UFP-2011-2014_publi%c3%a9.pdf\">(PDF publi\u00e9 ici)<\/a>.<\/strong> Co-fondateur de l\u2019association Omnivion, il pr\u00e9sente, avec elle, plusieurs spectacles de danse contemporaine associant professionnels, amateurs, \u00e9quipes de soignants et patients. En parall\u00e8le, il continue sa collaboration avec Bernardo Montet au sein de l\u2019association Mawguerite (Morlaix). Depuis 2009, il est assistant du ma\u00eetre Shaolin Shi Yan Jun en Tai Chi Chen. Plus d\u2019info : <a href=\"http:\/\/www.omniviations.com\">www.omniviations.com<\/a><\/p>\n<p>&nbsp;<\/p>\n<p><strong>DATES :<br \/>\n<\/strong><br \/>\n<strong>&lt;&lt; 27 septembre, 2019, \u00e0 20H dans le cadre de <a href=\"http:\/\/omnivion.net\/core\/projets\/projets-artistiques\/newtopia-7\/newtopia-7-4\/\">Newtopia 7.4<\/a>, \u00e0 la Pl\u00e9iade, la Riche (37520) \/ France.<\/strong><\/p>\n<p><strong>&lt;&lt; 13 F\u00e9vrier, 2020, \u00e0 14H00 <a href=\"https:\/\/jeudiffusion.synavi.fr\/jeudi-13-fevrier-2020-41\/\">\u00e0 la Maison B\u00e9gon, \u00e0 Blois (41000)<\/a> \/ France. (Projet de diffusion par Synavi adress\u00e9 aux professionnels)<\/strong><\/p>\n<p><strong>&lt;&lt; 19 juillet, 2020, \u00e0 20H dans le cadre de <a href=\"http:\/\/omnivion.net\/core\/projets\/projets-artistiques\/newtopia-7\/newtopia-7-4\/\">Newtopia 7.4<\/a>,au Festival de Milos \/ Cyclades, Gr\u00e8ce (\u00e0 confirmer).<\/strong><\/p>\n<p>&nbsp;<\/p>\n<p><strong>Info &amp; r<\/strong><strong>\u00e9servations :\u00a0<\/strong><strong><a href=\"https:\/\/omnivion.net\/core\/fr\/contacts\/reservations\/\">omnivion.net\/reservations<\/a><\/strong><\/p>\n<h2>&lt;&lt;&lt;&lt;&lt;&lt;&lt;&lt;&lt;&lt;&lt;&lt;&lt;&lt;&lt;&lt;&lt;&lt;&lt;&lt;&lt;&lt;&lt;&lt;&lt;&lt;&lt;&lt;&lt;&lt;&lt;&lt;&lt;&lt;&lt;&lt;&lt;&lt;&lt;&lt;&lt;&lt;&lt;&lt;&lt;&lt;&lt;&lt;&lt;&lt;&lt;&lt;&lt;&lt;&lt;&lt;&lt;&lt;&lt;&lt;&lt;&lt;<\/h2>\n<p><a href=\"http:\/\/omnivion.net\/core\/projets\/projets-artistiques\/newtopia-5\/newtopia-5-3\/log\/\" rel=\"attachment wp-att-2307\"><img data-recalc-dims=\"1\" loading=\"lazy\" decoding=\"async\" class=\"alignnone wp-image-2307\" src=\"https:\/\/i0.wp.com\/omnivion.net\/core\/wp-content\/uploads\/2017\/05\/log.jpg?resize=213%2C120\" alt=\"\" width=\"213\" height=\"120\" srcset=\"https:\/\/i0.wp.com\/omnivion.net\/core\/wp-content\/uploads\/2017\/05\/log.jpg?w=556&amp;ssl=1 556w, https:\/\/i0.wp.com\/omnivion.net\/core\/wp-content\/uploads\/2017\/05\/log.jpg?resize=300%2C169&amp;ssl=1 300w\" sizes=\"auto, (max-width: 213px) 100vw, 213px\" \/><br \/>\n<\/a><\/p>\n<p><strong>Partenaires et financement :<\/strong><\/p>\n<p><a href=\"https:\/\/i0.wp.com\/omnivion.net\/core\/wp-content\/uploads\/2019\/06\/Logos_Polite%C3%AFes_II.jpg\"><img data-recalc-dims=\"1\" loading=\"lazy\" decoding=\"async\" class=\"alignnone size-large wp-image-3274\" src=\"https:\/\/i0.wp.com\/omnivion.net\/core\/wp-content\/uploads\/2019\/06\/Logos_Polite%C3%AFes_II-1024x435.jpg?resize=800%2C340\" alt=\"\" width=\"800\" height=\"340\" srcset=\"https:\/\/i0.wp.com\/omnivion.net\/core\/wp-content\/uploads\/2019\/06\/Logos_Polite%C3%AFes_II.jpg?resize=1024%2C435&amp;ssl=1 1024w, https:\/\/i0.wp.com\/omnivion.net\/core\/wp-content\/uploads\/2019\/06\/Logos_Polite%C3%AFes_II.jpg?resize=300%2C128&amp;ssl=1 300w, https:\/\/i0.wp.com\/omnivion.net\/core\/wp-content\/uploads\/2019\/06\/Logos_Polite%C3%AFes_II.jpg?resize=768%2C327&amp;ssl=1 768w, https:\/\/i0.wp.com\/omnivion.net\/core\/wp-content\/uploads\/2019\/06\/Logos_Polite%C3%AFes_II.jpg?w=1385&amp;ssl=1 1385w\" sizes=\"auto, (max-width: 800px) 100vw, 800px\" \/><\/a><\/p>\n<p>&nbsp;<\/p>","protected":false},"excerpt":{"rendered":"<p>Omnivion pr\u00e9sente : &nbsp; POLITE\u00efES Performance chor\u00e9graphique, vid\u00e9ographique et musicale Conception \/ direction [&hellip;]<\/p>\n","protected":false},"author":1,"featured_media":0,"parent":3091,"menu_order":0,"comment_status":"closed","ping_status":"closed","template":"","meta":{"jetpack_post_was_ever_published":false,"footnotes":""},"class_list":["post-3244","page","type-page","status-publish","hentry"],"yoast_head":"<!-- This site is optimized with the Yoast SEO plugin v26.8 - https:\/\/yoast.com\/product\/yoast-seo-wordpress\/ -->\n<title>POLITE\u00efES - omnivion.net<\/title>\n<meta name=\"robots\" content=\"index, follow, max-snippet:-1, max-image-preview:large, max-video-preview:-1\" \/>\n<link rel=\"canonical\" href=\"https:\/\/omnivion.net\/core\/fr\/projets\/projets-artistiques\/newtopia-7\/newtopia-7-4\/politeies\/\" \/>\n<meta property=\"og:locale\" content=\"fr_FR\" \/>\n<meta property=\"og:type\" content=\"article\" \/>\n<meta property=\"og:title\" content=\"POLITE\u00efES - omnivion.net\" \/>\n<meta property=\"og:description\" content=\"Omnivion pr\u00e9sente : &nbsp; POLITE\u00efES Performance chor\u00e9graphique, vid\u00e9ographique et musicale Conception \/ direction [&hellip;]\" \/>\n<meta property=\"og:url\" content=\"https:\/\/omnivion.net\/core\/fr\/projets\/projets-artistiques\/newtopia-7\/newtopia-7-4\/politeies\/\" \/>\n<meta property=\"og:site_name\" content=\"omnivion.net\" \/>\n<meta property=\"article:modified_time\" content=\"2020-01-17T14:40:40+00:00\" \/>\n<meta property=\"og:image\" content=\"http:\/\/omnivion.net\/core\/wp-content\/uploads\/2019\/06\/DURET-Bernard-56_edit_web.jpg\" \/>\n<meta name=\"twitter:card\" content=\"summary_large_image\" \/>\n<meta name=\"twitter:label1\" content=\"Dur\u00e9e de lecture estim\u00e9e\" \/>\n\t<meta name=\"twitter:data1\" content=\"8 minutes\" \/>\n<script type=\"application\/ld+json\" class=\"yoast-schema-graph\">{\"@context\":\"https:\/\/schema.org\",\"@graph\":[{\"@type\":\"WebPage\",\"@id\":\"https:\/\/omnivion.net\/core\/fr\/projets\/projets-artistiques\/newtopia-7\/newtopia-7-4\/politeies\/\",\"url\":\"https:\/\/omnivion.net\/core\/fr\/projets\/projets-artistiques\/newtopia-7\/newtopia-7-4\/politeies\/\",\"name\":\"POLITE\u00efES - omnivion.net\",\"isPartOf\":{\"@id\":\"https:\/\/omnivion.net\/core\/fr\/#website\"},\"primaryImageOfPage\":{\"@id\":\"https:\/\/omnivion.net\/core\/fr\/projets\/projets-artistiques\/newtopia-7\/newtopia-7-4\/politeies\/#primaryimage\"},\"image\":{\"@id\":\"https:\/\/omnivion.net\/core\/fr\/projets\/projets-artistiques\/newtopia-7\/newtopia-7-4\/politeies\/#primaryimage\"},\"thumbnailUrl\":\"http:\/\/omnivion.net\/core\/wp-content\/uploads\/2019\/06\/DURET-Bernard-56_edit_web.jpg\",\"datePublished\":\"2019-05-16T10:38:08+00:00\",\"dateModified\":\"2020-01-17T14:40:40+00:00\",\"breadcrumb\":{\"@id\":\"https:\/\/omnivion.net\/core\/fr\/projets\/projets-artistiques\/newtopia-7\/newtopia-7-4\/politeies\/#breadcrumb\"},\"inLanguage\":\"fr-FR\",\"potentialAction\":[{\"@type\":\"ReadAction\",\"target\":[\"https:\/\/omnivion.net\/core\/fr\/projets\/projets-artistiques\/newtopia-7\/newtopia-7-4\/politeies\/\"]}]},{\"@type\":\"ImageObject\",\"inLanguage\":\"fr-FR\",\"@id\":\"https:\/\/omnivion.net\/core\/fr\/projets\/projets-artistiques\/newtopia-7\/newtopia-7-4\/politeies\/#primaryimage\",\"url\":\"http:\/\/omnivion.net\/core\/wp-content\/uploads\/2019\/06\/DURET-Bernard-56_edit_web.jpg\",\"contentUrl\":\"http:\/\/omnivion.net\/core\/wp-content\/uploads\/2019\/06\/DURET-Bernard-56_edit_web.jpg\"},{\"@type\":\"BreadcrumbList\",\"@id\":\"https:\/\/omnivion.net\/core\/fr\/projets\/projets-artistiques\/newtopia-7\/newtopia-7-4\/politeies\/#breadcrumb\",\"itemListElement\":[{\"@type\":\"ListItem\",\"position\":1,\"name\":\"Accueil\",\"item\":\"https:\/\/omnivion.net\/core\/en\/silverstorm\/\"},{\"@type\":\"ListItem\",\"position\":2,\"name\":\"Projets\",\"item\":\"https:\/\/omnivion.net\/core\/fr\/projets\/\"},{\"@type\":\"ListItem\",\"position\":3,\"name\":\"Projets Artistiques\",\"item\":\"https:\/\/omnivion.net\/core\/projets\/projets-artistiques\/\"},{\"@type\":\"ListItem\",\"position\":4,\"name\":\"Newtopia 7\",\"item\":\"https:\/\/omnivion.net\/core\/projets\/projets-artistiques\/newtopia-7\/\"},{\"@type\":\"ListItem\",\"position\":5,\"name\":\"Newtopia 7.4\",\"item\":\"https:\/\/omnivion.net\/core\/projets\/projets-artistiques\/newtopia-7\/newtopia-7-4\/\"},{\"@type\":\"ListItem\",\"position\":6,\"name\":\"POLITE\u00efES\"}]},{\"@type\":\"WebSite\",\"@id\":\"https:\/\/omnivion.net\/core\/fr\/#website\",\"url\":\"https:\/\/omnivion.net\/core\/fr\/\",\"name\":\"omnivion.net\",\"description\":\"...ARTS D&#039;\u00caTRE CORPS...\",\"potentialAction\":[{\"@type\":\"SearchAction\",\"target\":{\"@type\":\"EntryPoint\",\"urlTemplate\":\"https:\/\/omnivion.net\/core\/fr\/?s={search_term_string}\"},\"query-input\":{\"@type\":\"PropertyValueSpecification\",\"valueRequired\":true,\"valueName\":\"search_term_string\"}}],\"inLanguage\":\"fr-FR\"}]}<\/script>\n<!-- \/ Yoast SEO plugin. -->","yoast_head_json":{"title":"POLITE\u00efES - omnivion.net","robots":{"index":"index","follow":"follow","max-snippet":"max-snippet:-1","max-image-preview":"max-image-preview:large","max-video-preview":"max-video-preview:-1"},"canonical":"https:\/\/omnivion.net\/core\/fr\/projets\/projets-artistiques\/newtopia-7\/newtopia-7-4\/politeies\/","og_locale":"fr_FR","og_type":"article","og_title":"POLITE\u00efES - omnivion.net","og_description":"Omnivion pr\u00e9sente : &nbsp; POLITE\u00efES Performance chor\u00e9graphique, vid\u00e9ographique et musicale Conception \/ direction [&hellip;]","og_url":"https:\/\/omnivion.net\/core\/fr\/projets\/projets-artistiques\/newtopia-7\/newtopia-7-4\/politeies\/","og_site_name":"omnivion.net","article_modified_time":"2020-01-17T14:40:40+00:00","og_image":[{"url":"http:\/\/omnivion.net\/core\/wp-content\/uploads\/2019\/06\/DURET-Bernard-56_edit_web.jpg","type":"","width":"","height":""}],"twitter_card":"summary_large_image","twitter_misc":{"Dur\u00e9e de lecture estim\u00e9e":"8 minutes"},"schema":{"@context":"https:\/\/schema.org","@graph":[{"@type":"WebPage","@id":"https:\/\/omnivion.net\/core\/fr\/projets\/projets-artistiques\/newtopia-7\/newtopia-7-4\/politeies\/","url":"https:\/\/omnivion.net\/core\/fr\/projets\/projets-artistiques\/newtopia-7\/newtopia-7-4\/politeies\/","name":"POLITE\u00efES - omnivion.net","isPartOf":{"@id":"https:\/\/omnivion.net\/core\/fr\/#website"},"primaryImageOfPage":{"@id":"https:\/\/omnivion.net\/core\/fr\/projets\/projets-artistiques\/newtopia-7\/newtopia-7-4\/politeies\/#primaryimage"},"image":{"@id":"https:\/\/omnivion.net\/core\/fr\/projets\/projets-artistiques\/newtopia-7\/newtopia-7-4\/politeies\/#primaryimage"},"thumbnailUrl":"http:\/\/omnivion.net\/core\/wp-content\/uploads\/2019\/06\/DURET-Bernard-56_edit_web.jpg","datePublished":"2019-05-16T10:38:08+00:00","dateModified":"2020-01-17T14:40:40+00:00","breadcrumb":{"@id":"https:\/\/omnivion.net\/core\/fr\/projets\/projets-artistiques\/newtopia-7\/newtopia-7-4\/politeies\/#breadcrumb"},"inLanguage":"fr-FR","potentialAction":[{"@type":"ReadAction","target":["https:\/\/omnivion.net\/core\/fr\/projets\/projets-artistiques\/newtopia-7\/newtopia-7-4\/politeies\/"]}]},{"@type":"ImageObject","inLanguage":"fr-FR","@id":"https:\/\/omnivion.net\/core\/fr\/projets\/projets-artistiques\/newtopia-7\/newtopia-7-4\/politeies\/#primaryimage","url":"http:\/\/omnivion.net\/core\/wp-content\/uploads\/2019\/06\/DURET-Bernard-56_edit_web.jpg","contentUrl":"http:\/\/omnivion.net\/core\/wp-content\/uploads\/2019\/06\/DURET-Bernard-56_edit_web.jpg"},{"@type":"BreadcrumbList","@id":"https:\/\/omnivion.net\/core\/fr\/projets\/projets-artistiques\/newtopia-7\/newtopia-7-4\/politeies\/#breadcrumb","itemListElement":[{"@type":"ListItem","position":1,"name":"Accueil","item":"https:\/\/omnivion.net\/core\/en\/silverstorm\/"},{"@type":"ListItem","position":2,"name":"Projets","item":"https:\/\/omnivion.net\/core\/fr\/projets\/"},{"@type":"ListItem","position":3,"name":"Projets Artistiques","item":"https:\/\/omnivion.net\/core\/projets\/projets-artistiques\/"},{"@type":"ListItem","position":4,"name":"Newtopia 7","item":"https:\/\/omnivion.net\/core\/projets\/projets-artistiques\/newtopia-7\/"},{"@type":"ListItem","position":5,"name":"Newtopia 7.4","item":"https:\/\/omnivion.net\/core\/projets\/projets-artistiques\/newtopia-7\/newtopia-7-4\/"},{"@type":"ListItem","position":6,"name":"POLITE\u00efES"}]},{"@type":"WebSite","@id":"https:\/\/omnivion.net\/core\/fr\/#website","url":"https:\/\/omnivion.net\/core\/fr\/","name":"omnivion.net","description":"...ARTS D&#039;\u00caTRE CORPS...","potentialAction":[{"@type":"SearchAction","target":{"@type":"EntryPoint","urlTemplate":"https:\/\/omnivion.net\/core\/fr\/?s={search_term_string}"},"query-input":{"@type":"PropertyValueSpecification","valueRequired":true,"valueName":"search_term_string"}}],"inLanguage":"fr-FR"}]}},"jetpack_sharing_enabled":true,"jetpack_shortlink":"https:\/\/wp.me\/P2fe7Q-Qk","jetpack_likes_enabled":true,"_links":{"self":[{"href":"https:\/\/omnivion.net\/core\/fr\/wp-json\/wp\/v2\/pages\/3244","targetHints":{"allow":["GET"]}}],"collection":[{"href":"https:\/\/omnivion.net\/core\/fr\/wp-json\/wp\/v2\/pages"}],"about":[{"href":"https:\/\/omnivion.net\/core\/fr\/wp-json\/wp\/v2\/types\/page"}],"author":[{"embeddable":true,"href":"https:\/\/omnivion.net\/core\/fr\/wp-json\/wp\/v2\/users\/1"}],"replies":[{"embeddable":true,"href":"https:\/\/omnivion.net\/core\/fr\/wp-json\/wp\/v2\/comments?post=3244"}],"version-history":[{"count":22,"href":"https:\/\/omnivion.net\/core\/fr\/wp-json\/wp\/v2\/pages\/3244\/revisions"}],"predecessor-version":[{"id":3545,"href":"https:\/\/omnivion.net\/core\/fr\/wp-json\/wp\/v2\/pages\/3244\/revisions\/3545"}],"up":[{"embeddable":true,"href":"https:\/\/omnivion.net\/core\/fr\/wp-json\/wp\/v2\/pages\/3091"}],"wp:attachment":[{"href":"https:\/\/omnivion.net\/core\/fr\/wp-json\/wp\/v2\/media?parent=3244"}],"curies":[{"name":"wp","href":"https:\/\/api.w.org\/{rel}","templated":true}]}}