{"id":3154,"date":"2019-02-14T12:27:26","date_gmt":"2019-02-14T11:27:26","guid":{"rendered":"http:\/\/omnivion.net\/core\/projets\/projets-artistiques\/newtopia-7\/newtopia-7-1-copy\/"},"modified":"2019-02-25T16:44:20","modified_gmt":"2019-02-25T15:44:20","slug":"newtopia-7-2","status":"publish","type":"page","link":"https:\/\/omnivion.net\/core\/fr\/projets\/projets-artistiques\/newtopia-7\/newtopia-7-2\/","title":{"rendered":"Newtopia 7.2"},"content":{"rendered":"<p><div id=\"attachment_3155\" style=\"width: 810px\" class=\"wp-caption alignnone\"><a href=\"https:\/\/i0.wp.com\/omnivion.net\/core\/wp-content\/uploads\/2019\/02\/Hermes_Mus%C3%A9e_dAth%C3%A8nes_Copyright-CC_by_2_J.E._edit_web.jpg\"><img data-recalc-dims=\"1\" loading=\"lazy\" decoding=\"async\" aria-describedby=\"caption-attachment-3155\" class=\"size-full wp-image-3155\" src=\"https:\/\/i0.wp.com\/omnivion.net\/core\/wp-content\/uploads\/2019\/02\/Hermes_Mus%C3%A9e_dAth%C3%A8nes_Copyright-CC_by_2_J.E._edit_web.jpg?resize=800%2C532\" alt=\"\" width=\"800\" height=\"532\" srcset=\"https:\/\/i0.wp.com\/omnivion.net\/core\/wp-content\/uploads\/2019\/02\/Hermes_Mus%C3%A9e_dAth%C3%A8nes_Copyright-CC_by_2_J.E._edit_web.jpg?w=800&amp;ssl=1 800w, https:\/\/i0.wp.com\/omnivion.net\/core\/wp-content\/uploads\/2019\/02\/Hermes_Mus%C3%A9e_dAth%C3%A8nes_Copyright-CC_by_2_J.E._edit_web.jpg?resize=300%2C200&amp;ssl=1 300w, https:\/\/i0.wp.com\/omnivion.net\/core\/wp-content\/uploads\/2019\/02\/Hermes_Mus%C3%A9e_dAth%C3%A8nes_Copyright-CC_by_2_J.E._edit_web.jpg?resize=768%2C511&amp;ssl=1 768w\" sizes=\"auto, (max-width: 800px) 100vw, 800px\" \/><\/a><p id=\"caption-attachment-3155\" class=\"wp-caption-text\">Photo CC_by_2.0 by JE. [https:\/\/boeufblogginon.com\/tag\/national-archaeological-museum-athens\/]<\/p><\/div><\/p>\n<h1>Newtopia\u00a07.2 (2019) \/<\/h1>\n<h1>\u00c9sope : la source de Jean de la Fontaine<\/h1>\n<p>Deuxi\u00e8me proposition de la s\u00e9rie <a href=\"http:\/\/omnivion.net\/core\/projets\/projets-artistiques\/newtopia-7\/\"><strong>Newtopia 7<\/strong><\/a>\u00a0autour de la th\u00e9matique\u00a0du vivre ensemble en communaut\u00e9. Une commande de l&rsquo;association franco-hell\u00e9nique de Tours en partenariat avec les Arpents d&rsquo;Art. <b><\/b>Une soir\u00e9e d\u2019art chor\u00e9graphique et th\u00e9\u00e2tral autour de fables antiques. D\u00e9couvrez une pi\u00e8ce originale de Roland Lebret, avec l\u2019\u00e9quipe des Arpents d\u2019Art et une performance solo du chor\u00e9graphe Dimitri Tsiapkinis,<\/p>\n<h3 style=\"text-align: center;\"><strong>le 8 mars 2019, \u00e0 20H,<\/strong> <strong>\u00e0 la Salle Ockeghem, <\/strong><a href=\"https:\/\/www.google.com\/maps?saddr=Current+Location&amp;daddr=47.393746,0.682482\">15 place de Chateauneuf 37000 TOURS<\/a><strong>. <\/strong><strong><br \/>\nPrix d\u2019entr\u00e9e\u00a0: 8\u20ac (R\u00e9duit\u00a0: 5\u20ac) <\/strong><br \/>\n<strong><br \/>\n<u>R\u00e9servations uniquement sur<\/u><\/strong> :\u00a0<strong><a href=\"mailto:m.vibet@sfr.fr\">m.vibet@sfr.fr<\/a> &amp; 06 14 99 28 92<\/strong><\/h3>\n<p><strong>A Propos\u00a0:<br \/>\n<\/strong>L\u2019association Franco-Hell\u00e9nique de Tours \u00e0 travers ses diff\u00e9rentes missions, accorde une grande importance \u00e0 la culture et aux rencontres humaines. A cet effet, la d\u00e9l\u00e9gu\u00e9e culturelle de l\u2019association, Maritsa VIBET, propose un pont culturel entre la Gr\u00e8ce et la France en particulier et avec d\u2019autres pays.\u00a0 Diff\u00e9rentes manifestations culturelles ont \u00e9t\u00e9 r\u00e9alis\u00e9es en France et en Gr\u00e8ce (po\u00e9sie, chant, festival, musique, peinture). On vous propose une pr\u00e9sentation (chor\u00e9graphie, th\u00e9\u00e2tre) avec la collaboration du chor\u00e9graphe Dimitri Tsiapkinis (Omnivion art d\u2019\u00eatre corps) et Roland LEBRET et son \u00e9quipe d\u2019artistes (Les Arpents d\u2019art).<\/p>\n<p>Les deux associations invit\u00e9es, vous pr\u00e9sentent un parcours entre \u00c9SOPE (fabuliste grec) et Jean de la FONTAINE. Il y sera question des humains et des dieux. Des contes et des fables qui interrogent l\u2019humain avec humour et qui ont amus\u00e9 des milliers des g\u00e9n\u00e9rations. Comment r\u00e9sonnent ces textes antiques \u00e0 nos jours\u00a0? Qu\u2019est-ce que nous ont laiss\u00e9 \u00c9sope et Jean de la Fontaine, censur\u00e9 pour ses contes qui lui \u00e9taient si chers ?<\/p>\n<p>\/\/\/\/\/\/\/\/\/\/\/\/\/\/\/\/\/\/\/\/\/\/\/\/\/\/\/\/\/\/\/\/\/\/\/\/\/\/\/\/\/\/\/\/\/\/\/\/\/\/\/\/\/\/\/\/\/\/\/\/\/\/\/\/\/\/\/\/\/\/\/\/\/\/\/\/\/\/\/\/\/\/\/\/\/\/\/\/\/\/\/\/\/\/\/\/\/\/\/\/\/\/\/\/\/\/<\/p>\n<h3><strong>Programme\u00a0:<\/strong><\/h3>\n<p><strong>\u00a0<\/strong><\/p>\n<p><strong>&gt; 20H00 &lt; LES VIVANTS et LES DIEUX<em> (2019)<\/em><\/strong><\/p>\n<p><strong>Performance Th\u00e9\u00e2trale<\/strong><strong>\u00a0<\/strong><\/p>\n<p>La surface du r\u00e9cit\u00a0:<\/p>\n<p>Une femme et deux hommes, X, Y et Z se rencontrent\u00a0; tr\u00e8s vite \u00e7a se complique. Malentendus, suspicions, \u00ab\u00a0embrouillements\u00a0\u00bb sont au c\u0153ur de cette rencontre. Mais tr\u00e8s vite un autre trio introduit des textes d\u2019\u00c9sope et de JEAN DE LA FONTAINE. Que viennent-ils faire l\u00e0\u00a0? Est-ce un simple anachronisme\u00a0ou l\u2019histoire d\u2019une censure qui est toujours l\u00e0 sans qu\u2019on s\u2019en aper\u00e7oive\u00a0? Au nom de qui\u00a0? Au nom de quoi\u00a0? Le clown \u00e9clairera-t-il tout cela\u00a0? L\u2019Inconnu masqu\u00e9 qui se substitue \u00e0 Z serait-il poss\u00e9d\u00e9 lui aussi\u00a0?<\/p>\n<p><strong>Conception \/ direction :<\/strong> Roland Lebret<br \/>\n<strong>Interpr\u00e8tes<\/strong> par ordre d\u2019apparition\u00a0:<br \/>\nY\u00a0: Patrick Robert, X\u00a0: C\u00e9cile Lebret,\u00a0 Z\u00a0: Gilles Lolivier<br \/>\nLes Conteuses\u00a0: Maritsa Vibet, Martine Cevrier, Danielle Tsikis<br \/>\nLe danseur masqu\u00e9\u00a0: Dimitri Tsiapkinis, Gilles de Poche\u00a0: Roland Lebret<br \/>\n<strong>Dur\u00e9e<\/strong> : ~ 55min<\/p>\n<p>&nbsp;<\/p>\n<p>\/\/\/\/\/\/\/\/\/\/\/\/\/\/\/\/\/\/\/\/\/\/\/\/\/\/\/\/\/\/\/\/\/\/\/\/\/\/\/\/\/\/\/\/\/\/\/\/\/\/\/\/\/\/\/\/\/\/\/\/\/\/\/\/\/\/\/\/\/\/\/\/\/\/\/\/\/\/\/\/\/\/\/\/\/\/\/\/\/\/\/\/\/\/\/\/\/\/\/\/\/\/\/\/\/\/<\/p>\n<p><strong>&gt; 21H00 &lt; Herm\u00e8s ou Alopix\u00a0?<em> (2019)<\/em><\/strong><\/p>\n<p><strong>Improvisation chor\u00e9graphique<br \/>\n<\/strong><\/p>\n<p>[\u0395\u03c1\u03bc\u03ae\u03c2 \u03ae \u0391\u03bb\u03ce\u03c0\u03b7\u03be;]<\/p>\n<p>Une improvisation discursive et gestuelle inspir\u00e9e des textes d\u2019\u00c9sope.<\/p>\n<p>Pourquoi Herm\u00e8s, un dieu antique, voleur et menteur est choisi comme messager entre Dieux et Hommes\u00a0? Et pourquoi \u00c9sope n\u2019a fit une histoire entre lui et le roi des ruses, le Renard\u00a0? Et si la danse \u00e9tait un moyen de parler de cette relation fictive\u00a0?<\/p>\n<p><strong>Conception \/ interpr\u00e9tation :<\/strong> Dimitri Tsiapkinis<br \/>\n<strong>Dur\u00e9e<\/strong> : ~ 20min<\/p>\n<p>&nbsp;<\/p>\n<p>\/\/\/\/\/\/\/\/\/\/\/\/\/\/\/\/\/\/\/\/\/\/\/\/\/\/\/\/\/\/\/\/\/\/\/\/\/\/\/\/\/\/\/\/\/\/\/\/\/\/\/\/\/\/\/\/\/\/\/\/\/\/\/\/\/\/\/\/\/\/\/\/\/\/\/\/\/\/\/\/\/\/\/\/\/\/\/\/\/\/\/\/\/\/\/\/\/\/\/\/\/\/\/\/\/\/<\/p>\n<p><strong>21H30 &lt; Bavardages et Mezz\u00e9s <\/strong><\/p>\n<p><strong>\u00c9changes <\/strong>libres entre l\u2019\u00e9quipe artistique et le public, suivis d\u2019une d\u00e9gustation des produits grecs.<\/p>\n<p>&nbsp;<\/p>\n<p>\/\/\/\/\/\/\/\/\/\/\/\/\/\/\/\/\/\/\/\/\/\/\/\/\/\/\/\/\/\/\/\/\/\/\/\/\/\/\/\/\/\/\/\/\/\/\/\/\/\/\/\/\/\/\/\/\/\/\/\/\/\/\/\/\/\/\/\/\/\/\/\/\/\/\/\/\/\/\/\/\/\/\/\/\/\/\/\/\/\/\/\/\/\/\/\/\/\/\/\/\/<\/p>\n<p><strong>Partenaires et co-financement\u00a0:\u00a0<\/strong>DRAC et ARS Centre, CHU de Tours, Fonds de dotation Transept37, Ville de Tours, Ville de la Riche, Plessis Th\u00e9\u00e2tre<br \/>\n\/\/\/\/\/\/\/\/\/\/\/\/\/\/\/\/\/\/\/\/\/\/\/\/\/\/\/\/\/\/\/\/\/\/\/\/\/\/\/\/\/\/\/\/\/\/\/\/\/\/\/\/\/\/\/\/\/\/\/\/\/\/\/\/\/\/\/\/\/\/\/\/\/\/\/\/\/\/\/\/\/\/\/\/\/\/\/\/\/\/\/\/<\/p>\n<p><strong>ACCESSIBILITE\u00a0:<\/strong>\u00a0\u00a0<a href=\"https:\/\/i0.wp.com\/omnivion.net\/core\/wp-content\/uploads\/2017\/05\/mental.png\"><img data-recalc-dims=\"1\" loading=\"lazy\" decoding=\"async\" class=\"alignnone wp-image-2305\" src=\"https:\/\/i0.wp.com\/omnivion.net\/core\/wp-content\/uploads\/2017\/05\/mental.png?resize=49%2C49\" alt=\"\" width=\"49\" height=\"49\" srcset=\"https:\/\/i0.wp.com\/omnivion.net\/core\/wp-content\/uploads\/2017\/05\/mental.png?w=534&amp;ssl=1 534w, https:\/\/i0.wp.com\/omnivion.net\/core\/wp-content\/uploads\/2017\/05\/mental.png?resize=150%2C150&amp;ssl=1 150w, https:\/\/i0.wp.com\/omnivion.net\/core\/wp-content\/uploads\/2017\/05\/mental.png?resize=300%2C300&amp;ssl=1 300w\" sizes=\"auto, (max-width: 49px) 100vw, 49px\" \/><\/a><\/p>\n<p>\/\/\/\/\/\/\/\/\/\/\/\/\/\/\/\/\/\/\/\/\/\/\/\/\/\/\/\/\/\/\/\/\/\/\/\/\/\/\/\/\/\/\/\/\/\/\/\/\/\/\/\/\/\/\/\/\/\/\/\/\/\/\/\/\/\/\/\/\/\/\/\/\/\/\/\/\/\/\/\/\/\/\/\/\/\/\/\/\/\/\/\/\/\/\/<\/p>\n<p>&nbsp;<\/p>\n<p>&nbsp;<\/p>\n<p>&nbsp;<\/p>","protected":false},"excerpt":{"rendered":"<p>Newtopia\u00a07.2 (2019) \/ \u00c9sope : la source de Jean de la Fontaine Deuxi\u00e8me [&hellip;]<\/p>\n","protected":false},"author":1,"featured_media":0,"parent":3058,"menu_order":0,"comment_status":"closed","ping_status":"closed","template":"","meta":{"jetpack_post_was_ever_published":false,"footnotes":""},"class_list":["post-3154","page","type-page","status-publish","hentry"],"yoast_head":"<!-- This site is optimized with the Yoast SEO plugin v26.8 - https:\/\/yoast.com\/product\/yoast-seo-wordpress\/ -->\n<title>Newtopia 7.2 - omnivion.net<\/title>\n<meta name=\"robots\" content=\"index, follow, max-snippet:-1, max-image-preview:large, max-video-preview:-1\" \/>\n<link rel=\"canonical\" href=\"https:\/\/omnivion.net\/core\/fr\/projets\/projets-artistiques\/newtopia-7\/newtopia-7-2\/\" \/>\n<meta property=\"og:locale\" content=\"fr_FR\" \/>\n<meta property=\"og:type\" content=\"article\" \/>\n<meta property=\"og:title\" content=\"Newtopia 7.2 - omnivion.net\" \/>\n<meta property=\"og:description\" content=\"Newtopia\u00a07.2 (2019) \/ \u00c9sope : la source de Jean de la Fontaine Deuxi\u00e8me [&hellip;]\" \/>\n<meta property=\"og:url\" content=\"https:\/\/omnivion.net\/core\/fr\/projets\/projets-artistiques\/newtopia-7\/newtopia-7-2\/\" \/>\n<meta property=\"og:site_name\" content=\"omnivion.net\" \/>\n<meta property=\"article:modified_time\" content=\"2019-02-25T15:44:20+00:00\" \/>\n<meta property=\"og:image\" content=\"http:\/\/omnivion.net\/core\/wp-content\/uploads\/2017\/05\/mental.png\" \/>\n<meta name=\"twitter:card\" content=\"summary_large_image\" \/>\n<meta name=\"twitter:label1\" content=\"Dur\u00e9e de lecture estim\u00e9e\" \/>\n\t<meta name=\"twitter:data1\" content=\"6 minutes\" \/>\n<script type=\"application\/ld+json\" class=\"yoast-schema-graph\">{\"@context\":\"https:\/\/schema.org\",\"@graph\":[{\"@type\":\"WebPage\",\"@id\":\"https:\/\/omnivion.net\/core\/fr\/projets\/projets-artistiques\/newtopia-7\/newtopia-7-2\/\",\"url\":\"https:\/\/omnivion.net\/core\/fr\/projets\/projets-artistiques\/newtopia-7\/newtopia-7-2\/\",\"name\":\"Newtopia 7.2 - omnivion.net\",\"isPartOf\":{\"@id\":\"https:\/\/omnivion.net\/core\/fr\/#website\"},\"primaryImageOfPage\":{\"@id\":\"https:\/\/omnivion.net\/core\/fr\/projets\/projets-artistiques\/newtopia-7\/newtopia-7-2\/#primaryimage\"},\"image\":{\"@id\":\"https:\/\/omnivion.net\/core\/fr\/projets\/projets-artistiques\/newtopia-7\/newtopia-7-2\/#primaryimage\"},\"thumbnailUrl\":\"http:\/\/omnivion.net\/core\/wp-content\/uploads\/2017\/05\/mental.png\",\"datePublished\":\"2019-02-14T11:27:26+00:00\",\"dateModified\":\"2019-02-25T15:44:20+00:00\",\"breadcrumb\":{\"@id\":\"https:\/\/omnivion.net\/core\/fr\/projets\/projets-artistiques\/newtopia-7\/newtopia-7-2\/#breadcrumb\"},\"inLanguage\":\"fr-FR\",\"potentialAction\":[{\"@type\":\"ReadAction\",\"target\":[\"https:\/\/omnivion.net\/core\/fr\/projets\/projets-artistiques\/newtopia-7\/newtopia-7-2\/\"]}]},{\"@type\":\"ImageObject\",\"inLanguage\":\"fr-FR\",\"@id\":\"https:\/\/omnivion.net\/core\/fr\/projets\/projets-artistiques\/newtopia-7\/newtopia-7-2\/#primaryimage\",\"url\":\"http:\/\/omnivion.net\/core\/wp-content\/uploads\/2017\/05\/mental.png\",\"contentUrl\":\"http:\/\/omnivion.net\/core\/wp-content\/uploads\/2017\/05\/mental.png\"},{\"@type\":\"BreadcrumbList\",\"@id\":\"https:\/\/omnivion.net\/core\/fr\/projets\/projets-artistiques\/newtopia-7\/newtopia-7-2\/#breadcrumb\",\"itemListElement\":[{\"@type\":\"ListItem\",\"position\":1,\"name\":\"Accueil\",\"item\":\"https:\/\/omnivion.net\/core\/en\/silverstorm\/\"},{\"@type\":\"ListItem\",\"position\":2,\"name\":\"Projets\",\"item\":\"https:\/\/omnivion.net\/core\/fr\/projets\/\"},{\"@type\":\"ListItem\",\"position\":3,\"name\":\"Projets Artistiques\",\"item\":\"https:\/\/omnivion.net\/core\/projets\/projets-artistiques\/\"},{\"@type\":\"ListItem\",\"position\":4,\"name\":\"Newtopia 7\",\"item\":\"https:\/\/omnivion.net\/core\/projets\/projets-artistiques\/newtopia-7\/\"},{\"@type\":\"ListItem\",\"position\":5,\"name\":\"Newtopia 7.2\"}]},{\"@type\":\"WebSite\",\"@id\":\"https:\/\/omnivion.net\/core\/fr\/#website\",\"url\":\"https:\/\/omnivion.net\/core\/fr\/\",\"name\":\"omnivion.net\",\"description\":\"...ARTS D&#039;\u00caTRE CORPS...\",\"potentialAction\":[{\"@type\":\"SearchAction\",\"target\":{\"@type\":\"EntryPoint\",\"urlTemplate\":\"https:\/\/omnivion.net\/core\/fr\/?s={search_term_string}\"},\"query-input\":{\"@type\":\"PropertyValueSpecification\",\"valueRequired\":true,\"valueName\":\"search_term_string\"}}],\"inLanguage\":\"fr-FR\"}]}<\/script>\n<!-- \/ Yoast SEO plugin. -->","yoast_head_json":{"title":"Newtopia 7.2 - omnivion.net","robots":{"index":"index","follow":"follow","max-snippet":"max-snippet:-1","max-image-preview":"max-image-preview:large","max-video-preview":"max-video-preview:-1"},"canonical":"https:\/\/omnivion.net\/core\/fr\/projets\/projets-artistiques\/newtopia-7\/newtopia-7-2\/","og_locale":"fr_FR","og_type":"article","og_title":"Newtopia 7.2 - omnivion.net","og_description":"Newtopia\u00a07.2 (2019) \/ \u00c9sope : la source de Jean de la Fontaine Deuxi\u00e8me [&hellip;]","og_url":"https:\/\/omnivion.net\/core\/fr\/projets\/projets-artistiques\/newtopia-7\/newtopia-7-2\/","og_site_name":"omnivion.net","article_modified_time":"2019-02-25T15:44:20+00:00","og_image":[{"url":"http:\/\/omnivion.net\/core\/wp-content\/uploads\/2017\/05\/mental.png","type":"","width":"","height":""}],"twitter_card":"summary_large_image","twitter_misc":{"Dur\u00e9e de lecture estim\u00e9e":"6 minutes"},"schema":{"@context":"https:\/\/schema.org","@graph":[{"@type":"WebPage","@id":"https:\/\/omnivion.net\/core\/fr\/projets\/projets-artistiques\/newtopia-7\/newtopia-7-2\/","url":"https:\/\/omnivion.net\/core\/fr\/projets\/projets-artistiques\/newtopia-7\/newtopia-7-2\/","name":"Newtopia 7.2 - omnivion.net","isPartOf":{"@id":"https:\/\/omnivion.net\/core\/fr\/#website"},"primaryImageOfPage":{"@id":"https:\/\/omnivion.net\/core\/fr\/projets\/projets-artistiques\/newtopia-7\/newtopia-7-2\/#primaryimage"},"image":{"@id":"https:\/\/omnivion.net\/core\/fr\/projets\/projets-artistiques\/newtopia-7\/newtopia-7-2\/#primaryimage"},"thumbnailUrl":"http:\/\/omnivion.net\/core\/wp-content\/uploads\/2017\/05\/mental.png","datePublished":"2019-02-14T11:27:26+00:00","dateModified":"2019-02-25T15:44:20+00:00","breadcrumb":{"@id":"https:\/\/omnivion.net\/core\/fr\/projets\/projets-artistiques\/newtopia-7\/newtopia-7-2\/#breadcrumb"},"inLanguage":"fr-FR","potentialAction":[{"@type":"ReadAction","target":["https:\/\/omnivion.net\/core\/fr\/projets\/projets-artistiques\/newtopia-7\/newtopia-7-2\/"]}]},{"@type":"ImageObject","inLanguage":"fr-FR","@id":"https:\/\/omnivion.net\/core\/fr\/projets\/projets-artistiques\/newtopia-7\/newtopia-7-2\/#primaryimage","url":"http:\/\/omnivion.net\/core\/wp-content\/uploads\/2017\/05\/mental.png","contentUrl":"http:\/\/omnivion.net\/core\/wp-content\/uploads\/2017\/05\/mental.png"},{"@type":"BreadcrumbList","@id":"https:\/\/omnivion.net\/core\/fr\/projets\/projets-artistiques\/newtopia-7\/newtopia-7-2\/#breadcrumb","itemListElement":[{"@type":"ListItem","position":1,"name":"Accueil","item":"https:\/\/omnivion.net\/core\/en\/silverstorm\/"},{"@type":"ListItem","position":2,"name":"Projets","item":"https:\/\/omnivion.net\/core\/fr\/projets\/"},{"@type":"ListItem","position":3,"name":"Projets Artistiques","item":"https:\/\/omnivion.net\/core\/projets\/projets-artistiques\/"},{"@type":"ListItem","position":4,"name":"Newtopia 7","item":"https:\/\/omnivion.net\/core\/projets\/projets-artistiques\/newtopia-7\/"},{"@type":"ListItem","position":5,"name":"Newtopia 7.2"}]},{"@type":"WebSite","@id":"https:\/\/omnivion.net\/core\/fr\/#website","url":"https:\/\/omnivion.net\/core\/fr\/","name":"omnivion.net","description":"...ARTS D&#039;\u00caTRE CORPS...","potentialAction":[{"@type":"SearchAction","target":{"@type":"EntryPoint","urlTemplate":"https:\/\/omnivion.net\/core\/fr\/?s={search_term_string}"},"query-input":{"@type":"PropertyValueSpecification","valueRequired":true,"valueName":"search_term_string"}}],"inLanguage":"fr-FR"}]}},"jetpack_sharing_enabled":true,"jetpack_shortlink":"https:\/\/wp.me\/P2fe7Q-OS","jetpack_likes_enabled":true,"_links":{"self":[{"href":"https:\/\/omnivion.net\/core\/fr\/wp-json\/wp\/v2\/pages\/3154","targetHints":{"allow":["GET"]}}],"collection":[{"href":"https:\/\/omnivion.net\/core\/fr\/wp-json\/wp\/v2\/pages"}],"about":[{"href":"https:\/\/omnivion.net\/core\/fr\/wp-json\/wp\/v2\/types\/page"}],"author":[{"embeddable":true,"href":"https:\/\/omnivion.net\/core\/fr\/wp-json\/wp\/v2\/users\/1"}],"replies":[{"embeddable":true,"href":"https:\/\/omnivion.net\/core\/fr\/wp-json\/wp\/v2\/comments?post=3154"}],"version-history":[{"count":4,"href":"https:\/\/omnivion.net\/core\/fr\/wp-json\/wp\/v2\/pages\/3154\/revisions"}],"predecessor-version":[{"id":3189,"href":"https:\/\/omnivion.net\/core\/fr\/wp-json\/wp\/v2\/pages\/3154\/revisions\/3189"}],"up":[{"embeddable":true,"href":"https:\/\/omnivion.net\/core\/fr\/wp-json\/wp\/v2\/pages\/3058"}],"wp:attachment":[{"href":"https:\/\/omnivion.net\/core\/fr\/wp-json\/wp\/v2\/media?parent=3154"}],"curies":[{"name":"wp","href":"https:\/\/api.w.org\/{rel}","templated":true}]}}