{"id":315,"date":"2012-03-04T21:54:27","date_gmt":"2012-03-04T20:54:27","guid":{"rendered":"http:\/\/www.omnivion.net\/core\/?page_id=315"},"modified":"2024-01-21T22:25:10","modified_gmt":"2024-01-21T21:25:10","slug":"dancepsy","status":"publish","type":"page","link":"https:\/\/omnivion.net\/core\/fr\/projets\/educational-projects\/dancepsy\/","title":{"rendered":"Ateliers de danse contemporaine en milieu psychiatrique"},"content":{"rendered":"<p><strong><a href=\"https:\/\/i0.wp.com\/www.omnivion.net\/core\/wp-content\/uploads\/2012\/03\/2013-06-08_Newtopia_1_B.Duret_58_mod.jpg\"><img data-recalc-dims=\"1\" loading=\"lazy\" decoding=\"async\" class=\"alignnone size-large wp-image-818\" title=\"Photo par : Bernard Duret\" src=\"https:\/\/i0.wp.com\/www.omnivion.net\/core\/wp-content\/uploads\/2012\/03\/2013-06-08_Newtopia_1_B.Duret_58_mod-1024x408.jpg?resize=800%2C318\" alt=\"2013-06-08_Newtopia_1_B.Duret_58_mod\" width=\"800\" height=\"318\" srcset=\"https:\/\/i0.wp.com\/omnivion.net\/core\/wp-content\/uploads\/2012\/03\/2013-06-08_Newtopia_1_B.Duret_58_mod.jpg?resize=1024%2C408&amp;ssl=1 1024w, https:\/\/i0.wp.com\/omnivion.net\/core\/wp-content\/uploads\/2012\/03\/2013-06-08_Newtopia_1_B.Duret_58_mod.jpg?resize=300%2C119&amp;ssl=1 300w, https:\/\/i0.wp.com\/omnivion.net\/core\/wp-content\/uploads\/2012\/03\/2013-06-08_Newtopia_1_B.Duret_58_mod.jpg?w=2000&amp;ssl=1 2000w, https:\/\/i0.wp.com\/omnivion.net\/core\/wp-content\/uploads\/2012\/03\/2013-06-08_Newtopia_1_B.Duret_58_mod.jpg?w=3000&amp;ssl=1 3000w\" sizes=\"auto, (max-width: 800px) 100vw, 800px\" \/><\/a> <\/strong><\/p>\n<p>&nbsp;<\/p>\n<p><strong><em>Indigo, Lapis Lazuli, Emeraude, Violine sont des codes couleurs qui servent comme noms aux divers<\/em><\/strong><strong> projets culturels d&rsquo;Omnivion ax\u00e9s sur l\u2019\u00e9ducation artistique et plus sp\u00e9cifiquement sur la transmission de la p\u00e9dagogie de la danse contemporaine<\/strong> <strong><em>en milieu psychiatrique<\/em><\/strong>.<\/p>\n<p>Le point central de cette p\u00e9dagogie est l&rsquo;interrogation de la place du <em>corps sujet \/ corps sensible<\/em> dans le milieu hospitalier psychiatrique et ses liens avec le monde ext\u00e9rieur. Quelle pertinence pour une expressivit\u00e9 sensible en milieu psychiatrique\u00a0? <a href=\"http:\/\/omnivion.net\/core\/team\/dimitrios-tsiapkinis\/\">Dimitri Tsiapkinis<\/a> a r\u00e9alis\u00e9 un projet de recherche universitaire (Master 2) qui interroge\u00a0la pertinence de cet atelier; Elle est librement accessible sur le site de l&rsquo;UFP :\u00a0<a href=\"http:\/\/bdigital.ufp.pt\/handle\/10284\/4645?locale=en\">bdigital.ufp.pt\/tsiapkinis<\/a><\/p>\n<p>Aujourd&rsquo;hui, les <strong>aventures p\u00e9dagogique dans le milieu de la sant\u00e9 psychique et mentale<\/strong>, font partie du projet global <a href=\"http:\/\/omnivion.net\/core\/projets\/projets-artistiques\/newtopia-4\/\"><strong>Newtopia<\/strong> <\/a>et concerne les personnes hospitalis\u00e9es et\/ou suivies en milieu psychiatrique ou ailleurs (centres m\u00e9dico-psychop\u00e9dagogiques, associations, etc.). \u00c7a concerne \u00e9galement une partie des \u00e9quipes soignantes qui s\u2019implique avec passion dans cette aventure cr\u00e9ative depuis des ann\u00e9es , des danseurs professionnels et amateurs, et autres artistes qui ont exprim\u00e9 un d\u00e9sir de pratiquer leur art aupr\u00e8s de cette population. Une mise en commun des moyens d\u2019expression et de la cr\u00e9ativit\u00e9 pour stimuler l\u2019authenticit\u00e9, les \u00e9changes sociaux et la citoyennet\u00e9, tout en gagnant de la confiance en soi et au monde.<\/p>\n<p><strong>Historique<\/strong><\/p>\n<p><strong>Indigo,<\/strong> le premier historiquement atelier chor\u00e9graphique, \u00e9tait\u00a0 initi\u00e9 par <strong>Evelyne Rebboh-Flaschner<\/strong>, <strong>psychologue au CHU de Tours<\/strong> et <strong>Bernardo Montet, directeur artistique du Centre Chor\u00e9graphique National de Tours (2003-2011). <\/strong>D\u00e8s son d\u00e9but l&rsquo;atelier a \u00e9t\u00e9 confi\u00e9 au <strong>danseur-chor\u00e9graphe Dimitri Tsiapkinis.<\/strong> Apr\u00e8s 12 ans d&rsquo;exp\u00e9rimentations, le bilan est positif. L&rsquo;\u00e9quipe d&rsquo;Indigo a d\u00e9j\u00e0 pr\u00e9sent\u00e9 une conf\u00e9rence dans\u00e9e pendant un stage de formation pour psychiatres (Croix Marine, 201), une chor\u00e9graphie au festival HandiDanse (Monts) et elle est aujourd&rsquo;hui li\u00e9e \u00e0 tous les \u00e9v\u00e9nements <strong><a href=\"https:\/\/omnivion.net\/core\/fr\/projets\/projets-artistiques\/\">Newtopia<\/a><\/strong>. La demande, initiale \u00e9tait faite par la <strong>clinique B du \u00a0CHU de Tours<\/strong> pour en arriver progressivement \u00e0 encore trois cliniques : <strong>A, D et la clinique de Ch\u00e2teau-Renault<\/strong>. Comme la direction et l&rsquo;\u00e9quipe du Centre chor\u00e9graphique a chang\u00e9 depuis janvier 2011, ces ateliers sont repris par l&rsquo;association Omnivion, mais toujours encadr\u00e9s par <a href=\"https:\/\/omnivion.net\/core\/team\/dimitrios-tsiapkinis\/\">Dimitri Tsiapkinis<\/a>. Depuis, l&rsquo;\u00e9quipe soignante des cliniques concern\u00e9es assure passionn\u00e9ment la p\u00e9rennit\u00e9 de ce travail. Entre 2016 et 2018, nous avons accueilli encore deux services : <strong>le centre d&rsquo;addictologie Port Bretagne et la Clinique Psychiatrique de Saint-Cyr-sur-Loire \/ service adolescents<\/strong>. Dans la m\u00eame p\u00e9riode nous avons co-r\u00e9alis\u00e9 des stages avec l&rsquo;association de <strong>handi-danse FDH (danse &#8211; handicap mental)<\/strong>. Les derni\u00e8res ann\u00e9es, nous collaborons \u00e9galement avec le <strong>P\u00f4le de Sant\u00e9 Mentale la Confluence<\/strong> \/ Saint-Cyr-sur-Loire, le <strong>CESAP de Reugny (Polyhandicap)<\/strong> et \u00e0 <strong>l\u2019EHPAD de Plougourvest<\/strong> en Bretagne (Unit\u00e9 Alzheimer).<\/p>\n<p><strong>Contenu<\/strong><\/p>\n<p>Dans la pratique avec les fondamentaux de la danse contemporaine, et des propositions p\u00e9dagogiques enrichies\u00a0par la <strong><a href=\"http:\/\/cf3p.info\/index.php\/la-pedagogie-perceptive\" target=\"_blank\" rel=\"noopener noreferrer\">p\u00e9dagogie perceptive<\/a><\/strong>, les patients d\u00e9couvrent d&rsquo;autres fa\u00e7ons d&rsquo;\u00eatre au monde. Ils exp\u00e9rimentent des rapports sensibles avec eux m\u00eames \u00e0 travers des gestes et des postures. Ils composent des relations po\u00e9tiques entre eux, mais aussi avec l&rsquo;\u00e9quipe soignante, tout en cultivant l&rsquo;ouverture et l\u2019\u00e9coute envers l&rsquo;autre. Ils cr\u00e9ent des espaces d&rsquo;expression in\u00e9dits, gr\u00e2ce \u00e0 l&rsquo;ouverture qui offre la danse contemporaine. Cette libert\u00e9 est bien \u00e9videment cadr\u00e9e par l\u2019\u0153il exp\u00e9riment\u00e9 des infirmi\u00e8res, des psychologues et du professeur de danse. De plus, le contexte de l\u2019atelier ouvre l\u2019acc\u00e8s \u00e0 la culture et \u00e0 la cit\u00e9, contre l\u2019enferment impos\u00e9 parfois par la maladie. Depuis 2010, l\u2019atelier s\u2019ouvre \u00e0 un public plus large par des performances artistiques (Voir projets <strong>Newtopia<\/strong> : <a href=\"https:\/\/omnivion.net\/core\/fr\/projets\/projets-artistiques\/\"><strong>ICI<\/strong><\/a>).<\/p>\n<p>Photos : <a href=\"https:\/\/flic.kr\/s\/aHsk3ojdKk\" target=\"_blank\" rel=\"noopener noreferrer\">Flickr Omnivion<\/a><\/p>\n<p>&nbsp;<\/p>\n<p><strong>Autres projets de recherche universitaires sur l&rsquo;atelier Indigo :\u00a0<\/strong><\/p>\n<ul>\n<li>Formation d&rsquo;Adultes, Analyse de l&rsquo;Activit\u00e9 et P\u00e9dagogies Innovantes. Universit\u00e9 de Bretagne Occidentale (UBO) de Brest. L&rsquo;\u00e9preuve : Analyse ergonomique de l&rsquo;activit\u00e9 d&rsquo;un formateur expert. Auteur : Jasmine Haettiger (2018)<\/li>\n<li><a href=\"https:\/\/books.google.fr\/books\/about\/La_danse_contemporaine_en_psychiatrie.html\" target=\"_blank\" rel=\"noopener\">La danse contemporaine en psychiatrie &#8211; Myl\u00e8ne Cr\u00e9ti\u00e9neau (2018)<\/a><\/li>\n<\/ul>\n<p>Plus d&rsquo;info : <a title=\"infos\" href=\"mailto:info@omnivion.net \">info@omnivion.net <\/a><\/p>","protected":false},"excerpt":{"rendered":"<p>&nbsp; Indigo, Lapis Lazuli, Emeraude, Violine sont des codes couleurs qui servent comme [&hellip;]<\/p>\n","protected":false},"author":1,"featured_media":0,"parent":63,"menu_order":0,"comment_status":"closed","ping_status":"closed","template":"","meta":{"jetpack_post_was_ever_published":false,"footnotes":""},"class_list":["post-315","page","type-page","status-publish","hentry"],"yoast_head":"<!-- This site is optimized with the Yoast SEO plugin v26.8 - https:\/\/yoast.com\/product\/yoast-seo-wordpress\/ -->\n<title>Ateliers de danse contemporaine en milieu psychiatrique - omnivion.net<\/title>\n<meta name=\"robots\" content=\"index, follow, max-snippet:-1, max-image-preview:large, max-video-preview:-1\" \/>\n<link rel=\"canonical\" href=\"https:\/\/omnivion.net\/core\/fr\/projets\/educational-projects\/dancepsy\/\" \/>\n<meta property=\"og:locale\" content=\"fr_FR\" \/>\n<meta property=\"og:type\" content=\"article\" \/>\n<meta property=\"og:title\" content=\"Ateliers de danse contemporaine en milieu psychiatrique - omnivion.net\" \/>\n<meta property=\"og:description\" content=\"&nbsp; Indigo, Lapis Lazuli, Emeraude, Violine sont des codes couleurs qui servent comme [&hellip;]\" \/>\n<meta property=\"og:url\" content=\"https:\/\/omnivion.net\/core\/fr\/projets\/educational-projects\/dancepsy\/\" \/>\n<meta property=\"og:site_name\" content=\"omnivion.net\" \/>\n<meta property=\"article:modified_time\" content=\"2024-01-21T21:25:10+00:00\" \/>\n<meta property=\"og:image\" content=\"http:\/\/www.omnivion.net\/core\/wp-content\/uploads\/2012\/03\/2013-06-08_Newtopia_1_B.Duret_58_mod-1024x408.jpg\" \/>\n<meta name=\"twitter:card\" content=\"summary_large_image\" \/>\n<meta name=\"twitter:label1\" content=\"Dur\u00e9e de lecture estim\u00e9e\" \/>\n\t<meta name=\"twitter:data1\" content=\"4 minutes\" \/>\n<script type=\"application\/ld+json\" class=\"yoast-schema-graph\">{\"@context\":\"https:\/\/schema.org\",\"@graph\":[{\"@type\":\"WebPage\",\"@id\":\"https:\/\/omnivion.net\/core\/fr\/projets\/educational-projects\/dancepsy\/\",\"url\":\"https:\/\/omnivion.net\/core\/fr\/projets\/educational-projects\/dancepsy\/\",\"name\":\"Ateliers de danse contemporaine en milieu psychiatrique - omnivion.net\",\"isPartOf\":{\"@id\":\"https:\/\/omnivion.net\/core\/fr\/#website\"},\"primaryImageOfPage\":{\"@id\":\"https:\/\/omnivion.net\/core\/fr\/projets\/educational-projects\/dancepsy\/#primaryimage\"},\"image\":{\"@id\":\"https:\/\/omnivion.net\/core\/fr\/projets\/educational-projects\/dancepsy\/#primaryimage\"},\"thumbnailUrl\":\"http:\/\/www.omnivion.net\/core\/wp-content\/uploads\/2012\/03\/2013-06-08_Newtopia_1_B.Duret_58_mod-1024x408.jpg\",\"datePublished\":\"2012-03-04T20:54:27+00:00\",\"dateModified\":\"2024-01-21T21:25:10+00:00\",\"breadcrumb\":{\"@id\":\"https:\/\/omnivion.net\/core\/fr\/projets\/educational-projects\/dancepsy\/#breadcrumb\"},\"inLanguage\":\"fr-FR\",\"potentialAction\":[{\"@type\":\"ReadAction\",\"target\":[\"https:\/\/omnivion.net\/core\/fr\/projets\/educational-projects\/dancepsy\/\"]}]},{\"@type\":\"ImageObject\",\"inLanguage\":\"fr-FR\",\"@id\":\"https:\/\/omnivion.net\/core\/fr\/projets\/educational-projects\/dancepsy\/#primaryimage\",\"url\":\"http:\/\/www.omnivion.net\/core\/wp-content\/uploads\/2012\/03\/2013-06-08_Newtopia_1_B.Duret_58_mod-1024x408.jpg\",\"contentUrl\":\"http:\/\/www.omnivion.net\/core\/wp-content\/uploads\/2012\/03\/2013-06-08_Newtopia_1_B.Duret_58_mod-1024x408.jpg\"},{\"@type\":\"BreadcrumbList\",\"@id\":\"https:\/\/omnivion.net\/core\/fr\/projets\/educational-projects\/dancepsy\/#breadcrumb\",\"itemListElement\":[{\"@type\":\"ListItem\",\"position\":1,\"name\":\"Accueil\",\"item\":\"https:\/\/omnivion.net\/core\/en\/silverstorm\/\"},{\"@type\":\"ListItem\",\"position\":2,\"name\":\"Projets\",\"item\":\"https:\/\/omnivion.net\/core\/fr\/projets\/\"},{\"@type\":\"ListItem\",\"position\":3,\"name\":\"Projets Educatifs\",\"item\":\"https:\/\/omnivion.net\/core\/projets\/educational-projects\/\"},{\"@type\":\"ListItem\",\"position\":4,\"name\":\"Ateliers de danse contemporaine en milieu psychiatrique\"}]},{\"@type\":\"WebSite\",\"@id\":\"https:\/\/omnivion.net\/core\/fr\/#website\",\"url\":\"https:\/\/omnivion.net\/core\/fr\/\",\"name\":\"omnivion.net\",\"description\":\"...ARTS D&#039;\u00caTRE CORPS...\",\"potentialAction\":[{\"@type\":\"SearchAction\",\"target\":{\"@type\":\"EntryPoint\",\"urlTemplate\":\"https:\/\/omnivion.net\/core\/fr\/?s={search_term_string}\"},\"query-input\":{\"@type\":\"PropertyValueSpecification\",\"valueRequired\":true,\"valueName\":\"search_term_string\"}}],\"inLanguage\":\"fr-FR\"}]}<\/script>\n<!-- \/ Yoast SEO plugin. -->","yoast_head_json":{"title":"Ateliers de danse contemporaine en milieu psychiatrique - omnivion.net","robots":{"index":"index","follow":"follow","max-snippet":"max-snippet:-1","max-image-preview":"max-image-preview:large","max-video-preview":"max-video-preview:-1"},"canonical":"https:\/\/omnivion.net\/core\/fr\/projets\/educational-projects\/dancepsy\/","og_locale":"fr_FR","og_type":"article","og_title":"Ateliers de danse contemporaine en milieu psychiatrique - omnivion.net","og_description":"&nbsp; Indigo, Lapis Lazuli, Emeraude, Violine sont des codes couleurs qui servent comme [&hellip;]","og_url":"https:\/\/omnivion.net\/core\/fr\/projets\/educational-projects\/dancepsy\/","og_site_name":"omnivion.net","article_modified_time":"2024-01-21T21:25:10+00:00","og_image":[{"url":"http:\/\/www.omnivion.net\/core\/wp-content\/uploads\/2012\/03\/2013-06-08_Newtopia_1_B.Duret_58_mod-1024x408.jpg","type":"","width":"","height":""}],"twitter_card":"summary_large_image","twitter_misc":{"Dur\u00e9e de lecture estim\u00e9e":"4 minutes"},"schema":{"@context":"https:\/\/schema.org","@graph":[{"@type":"WebPage","@id":"https:\/\/omnivion.net\/core\/fr\/projets\/educational-projects\/dancepsy\/","url":"https:\/\/omnivion.net\/core\/fr\/projets\/educational-projects\/dancepsy\/","name":"Ateliers de danse contemporaine en milieu psychiatrique - omnivion.net","isPartOf":{"@id":"https:\/\/omnivion.net\/core\/fr\/#website"},"primaryImageOfPage":{"@id":"https:\/\/omnivion.net\/core\/fr\/projets\/educational-projects\/dancepsy\/#primaryimage"},"image":{"@id":"https:\/\/omnivion.net\/core\/fr\/projets\/educational-projects\/dancepsy\/#primaryimage"},"thumbnailUrl":"http:\/\/www.omnivion.net\/core\/wp-content\/uploads\/2012\/03\/2013-06-08_Newtopia_1_B.Duret_58_mod-1024x408.jpg","datePublished":"2012-03-04T20:54:27+00:00","dateModified":"2024-01-21T21:25:10+00:00","breadcrumb":{"@id":"https:\/\/omnivion.net\/core\/fr\/projets\/educational-projects\/dancepsy\/#breadcrumb"},"inLanguage":"fr-FR","potentialAction":[{"@type":"ReadAction","target":["https:\/\/omnivion.net\/core\/fr\/projets\/educational-projects\/dancepsy\/"]}]},{"@type":"ImageObject","inLanguage":"fr-FR","@id":"https:\/\/omnivion.net\/core\/fr\/projets\/educational-projects\/dancepsy\/#primaryimage","url":"http:\/\/www.omnivion.net\/core\/wp-content\/uploads\/2012\/03\/2013-06-08_Newtopia_1_B.Duret_58_mod-1024x408.jpg","contentUrl":"http:\/\/www.omnivion.net\/core\/wp-content\/uploads\/2012\/03\/2013-06-08_Newtopia_1_B.Duret_58_mod-1024x408.jpg"},{"@type":"BreadcrumbList","@id":"https:\/\/omnivion.net\/core\/fr\/projets\/educational-projects\/dancepsy\/#breadcrumb","itemListElement":[{"@type":"ListItem","position":1,"name":"Accueil","item":"https:\/\/omnivion.net\/core\/en\/silverstorm\/"},{"@type":"ListItem","position":2,"name":"Projets","item":"https:\/\/omnivion.net\/core\/fr\/projets\/"},{"@type":"ListItem","position":3,"name":"Projets Educatifs","item":"https:\/\/omnivion.net\/core\/projets\/educational-projects\/"},{"@type":"ListItem","position":4,"name":"Ateliers de danse contemporaine en milieu psychiatrique"}]},{"@type":"WebSite","@id":"https:\/\/omnivion.net\/core\/fr\/#website","url":"https:\/\/omnivion.net\/core\/fr\/","name":"omnivion.net","description":"...ARTS D&#039;\u00caTRE CORPS...","potentialAction":[{"@type":"SearchAction","target":{"@type":"EntryPoint","urlTemplate":"https:\/\/omnivion.net\/core\/fr\/?s={search_term_string}"},"query-input":{"@type":"PropertyValueSpecification","valueRequired":true,"valueName":"search_term_string"}}],"inLanguage":"fr-FR"}]}},"jetpack_sharing_enabled":true,"jetpack_shortlink":"https:\/\/wp.me\/P2fe7Q-55","jetpack_likes_enabled":true,"_links":{"self":[{"href":"https:\/\/omnivion.net\/core\/fr\/wp-json\/wp\/v2\/pages\/315","targetHints":{"allow":["GET"]}}],"collection":[{"href":"https:\/\/omnivion.net\/core\/fr\/wp-json\/wp\/v2\/pages"}],"about":[{"href":"https:\/\/omnivion.net\/core\/fr\/wp-json\/wp\/v2\/types\/page"}],"author":[{"embeddable":true,"href":"https:\/\/omnivion.net\/core\/fr\/wp-json\/wp\/v2\/users\/1"}],"replies":[{"embeddable":true,"href":"https:\/\/omnivion.net\/core\/fr\/wp-json\/wp\/v2\/comments?post=315"}],"version-history":[{"count":31,"href":"https:\/\/omnivion.net\/core\/fr\/wp-json\/wp\/v2\/pages\/315\/revisions"}],"predecessor-version":[{"id":5251,"href":"https:\/\/omnivion.net\/core\/fr\/wp-json\/wp\/v2\/pages\/315\/revisions\/5251"}],"up":[{"embeddable":true,"href":"https:\/\/omnivion.net\/core\/fr\/wp-json\/wp\/v2\/pages\/63"}],"wp:attachment":[{"href":"https:\/\/omnivion.net\/core\/fr\/wp-json\/wp\/v2\/media?parent=315"}],"curies":[{"name":"wp","href":"https:\/\/api.w.org\/{rel}","templated":true}]}}