{"id":3138,"date":"2019-02-02T01:07:00","date_gmt":"2019-02-02T00:07:00","guid":{"rendered":"http:\/\/omnivion.net\/core\/?page_id=3138"},"modified":"2019-02-02T23:25:12","modified_gmt":"2019-02-02T22:25:12","slug":"politeies-matieres","status":"publish","type":"page","link":"https:\/\/omnivion.net\/core\/fr\/projets\/projets-artistiques\/newtopia-7\/politeies-matieres\/","title":{"rendered":"POLITE\u00cfES mati\u00e8res"},"content":{"rendered":"<p><a href=\"https:\/\/i0.wp.com\/omnivion.net\/core\/wp-content\/uploads\/2019\/02\/tragedyofseasors00ellm_0034-1.jpg\"><img data-recalc-dims=\"1\" loading=\"lazy\" decoding=\"async\" class=\"alignnone size-large wp-image-3139\" src=\"https:\/\/i0.wp.com\/omnivion.net\/core\/wp-content\/uploads\/2019\/02\/tragedyofseasors00ellm_0034-1-1024x632.jpg?resize=800%2C494\" alt=\"\" width=\"800\" height=\"494\" \/><\/a><\/p>\n<h1>Page d\u00e9di\u00e9e aux mati\u00e8res pour POLITE\u00cfES (2019)<\/h1>\n<p>&nbsp;<\/p>\n<p>QUI SOMMES NOUS ?<\/p>\n<p>\u00eatre(s) sur terre autour d&rsquo;une \u00e9toile, autour d&rsquo;un centre de galaxie. Partager la poussi\u00e8re et les gouttes d&rsquo;eau&#8230;<\/p>\n<p>\u0391\u039d\u0398\u03a1\u03a9\u03a0\u039f\u03a3&#8230;(Humain)<\/p>\n<p>&nbsp;<\/p>\n<h2><span style=\"color: #808000;\">Mati\u00e8res 1 f\u00e9vrier 2019<br \/>\n<\/span><\/h2>\n<p>1. Musique pour Kostas ou celle qui s&rsquo;accroche \u00e0 ce son :<\/p>\n<p><iframe loading=\"lazy\" src=\"https:\/\/www.youtube.com\/embed\/HUfBTGavAg4\" width=\"560\" height=\"315\" frameborder=\"0\" allowfullscreen=\"allowfullscreen\"><\/iframe><\/p>\n<p>Paroles : <a href=\"http:\/\/www.stixoi.info\/stixoi.php?info=Lyrics&amp;act=details&amp;song_id=45777\">http:\/\/www.stixoi.info\/stixoi.php?info=Lyrics&amp;act=details&amp;song_id=45777<\/a><\/p>\n<p>autre musique possible :<\/p>\n<p><iframe loading=\"lazy\" src=\"https:\/\/www.youtube.com\/embed\/P5rmWIXHnIQ\" width=\"560\" height=\"315\" frameborder=\"0\" allowfullscreen=\"allowfullscreen\"><\/iframe><\/p>\n<p>Paroles : <a href=\"https:\/\/lyricstranslate.com\/en\/argiles-hookah.html\">https:\/\/lyricstranslate.com\/en\/argiles-hookah.html<\/a><\/p>\n<p>&nbsp;<\/p>\n<p>2. #conscience tribale \/ Id\u00e9es chor\u00e9graphiques : balancements du tronc extatiques en groupe!<\/p>\n<p>&lt;&lt;&lt;&lt;&lt;&lt;&lt;&lt;&lt;&lt;&lt;&lt;&lt;&lt;&lt;&lt;&lt;&lt;&lt;&lt;&lt;&lt;&lt;&lt;&lt;&lt;&lt;&lt;&lt;&lt;&lt;&lt;&lt;&lt;&lt;&lt;&lt;&lt;&lt;&lt;&lt;&lt;&lt;&lt;&lt;&lt;&lt;&lt;&lt;&lt;&lt;&lt;&lt;&lt;&lt;<\/p>\n<p>3. Id\u00e9e objets : Dialogue avec des masques tenus dans les mains<\/p>\n<div>Artiste Romuald Hazoum\u00e9 bidon-visages \/\u00a0 :<br \/>\n<a href=\"https:\/\/i0.wp.com\/omnivion.net\/core\/wp-content\/uploads\/2019\/02\/Hazoume_Pata.jpg\"><img data-recalc-dims=\"1\" loading=\"lazy\" decoding=\"async\" class=\"alignnone wp-image-3142\" src=\"https:\/\/i0.wp.com\/omnivion.net\/core\/wp-content\/uploads\/2019\/02\/Hazoume_Pata.jpg?resize=229%2C287\" alt=\"\" width=\"229\" height=\"287\" srcset=\"https:\/\/i0.wp.com\/omnivion.net\/core\/wp-content\/uploads\/2019\/02\/Hazoume_Pata.jpg?w=630&amp;ssl=1 630w, https:\/\/i0.wp.com\/omnivion.net\/core\/wp-content\/uploads\/2019\/02\/Hazoume_Pata.jpg?resize=240%2C300&amp;ssl=1 240w\" sizes=\"auto, (max-width: 229px) 100vw, 229px\" \/>\u00a0<\/a><a href=\"https:\/\/i0.wp.com\/omnivion.net\/core\/wp-content\/uploads\/2019\/02\/FB_IMG_1524725259418.jpg\"><img data-recalc-dims=\"1\" loading=\"lazy\" decoding=\"async\" class=\"alignnone wp-image-3146\" src=\"https:\/\/i0.wp.com\/omnivion.net\/core\/wp-content\/uploads\/2019\/02\/FB_IMG_1524725259418-765x1024.jpg?resize=219%2C293\" alt=\"\" width=\"219\" height=\"293\" srcset=\"https:\/\/i0.wp.com\/omnivion.net\/core\/wp-content\/uploads\/2019\/02\/FB_IMG_1524725259418.jpg?resize=765%2C1024&amp;ssl=1 765w, https:\/\/i0.wp.com\/omnivion.net\/core\/wp-content\/uploads\/2019\/02\/FB_IMG_1524725259418.jpg?resize=224%2C300&amp;ssl=1 224w, https:\/\/i0.wp.com\/omnivion.net\/core\/wp-content\/uploads\/2019\/02\/FB_IMG_1524725259418.jpg?resize=768%2C1027&amp;ssl=1 768w, https:\/\/i0.wp.com\/omnivion.net\/core\/wp-content\/uploads\/2019\/02\/FB_IMG_1524725259418.jpg?w=1196&amp;ssl=1 1196w\" sizes=\"auto, (max-width: 219px) 100vw, 219px\" \/>\u00a0<\/a><\/div>\n<p>&lt;&lt;&lt;&lt;&lt;&lt;&lt;&lt;&lt;&lt;&lt;&lt;&lt;&lt;&lt;&lt;&lt;&lt;&lt;&lt;&lt;&lt;&lt;&lt;&lt;&lt;&lt;&lt;&lt;&lt;&lt;&lt;&lt;&lt;&lt;&lt;&lt;&lt;&lt;&lt;&lt;&lt;&lt;&lt;&lt;&lt;&lt;&lt;&lt;&lt;&lt;&lt;&lt;&lt;&lt;&lt;&lt;&lt;&lt;&lt;&lt;&lt;&lt;&lt;&lt;&lt;&lt;&lt;&lt;&lt;&lt;&lt;<\/p>\n<h2><\/h2>\n<h2><span style=\"color: #808000;\">Mati\u00e8res 2 f\u00e9vrier 2019<\/span><\/h2>\n<p>1. Inventer des situations de danse-th\u00e9\u00e2tre \u00e0 partir de ces images : <a href=\"https:\/\/retronaut.com\/content\/1920-selfridges-school\">https:\/\/retronaut.com\/content\/1920-selfridges-school<\/a><\/p>\n<p>2.La chanteuse chinoise tourangelle chante et Shi Yan Jun qui fait du Kung Fu dans\u00e9 en costard.<\/p>\n<p><iframe loading=\"lazy\" src=\"https:\/\/www.youtube.com\/embed\/wqI4h1uODng\" width=\"560\" height=\"315\" frameborder=\"0\" allowfullscreen=\"allowfullscreen\"><\/iframe><\/p>\n<p>&nbsp;<\/p>\n<p>3. F\u00eate de soupir chacun \u00e0 son tour \/ le groupe soutient l&rsquo;individu devant le micro<\/p>\n<p>&nbsp;<\/p>\n<p>&nbsp;<\/p>","protected":false},"excerpt":{"rendered":"<p>Page d\u00e9di\u00e9e aux mati\u00e8res pour POLITE\u00cfES (2019) &nbsp; QUI SOMMES NOUS ? \u00eatre(s) [&hellip;]<\/p>\n","protected":false},"author":1,"featured_media":0,"parent":3058,"menu_order":0,"comment_status":"closed","ping_status":"closed","template":"","meta":{"jetpack_post_was_ever_published":false,"footnotes":""},"class_list":["post-3138","page","type-page","status-publish","hentry"],"yoast_head":"<!-- This site is optimized with the Yoast SEO plugin v26.8 - https:\/\/yoast.com\/product\/yoast-seo-wordpress\/ -->\n<title>POLITE\u00cfES mati\u00e8res - omnivion.net<\/title>\n<meta name=\"robots\" content=\"index, follow, max-snippet:-1, max-image-preview:large, max-video-preview:-1\" \/>\n<link rel=\"canonical\" href=\"https:\/\/omnivion.net\/core\/fr\/projets\/projets-artistiques\/newtopia-7\/politeies-matieres\/\" \/>\n<meta property=\"og:locale\" content=\"fr_FR\" \/>\n<meta property=\"og:type\" content=\"article\" \/>\n<meta property=\"og:title\" content=\"POLITE\u00cfES mati\u00e8res - omnivion.net\" \/>\n<meta property=\"og:description\" content=\"Page d\u00e9di\u00e9e aux mati\u00e8res pour POLITE\u00cfES (2019) &nbsp; QUI SOMMES NOUS ? \u00eatre(s) [&hellip;]\" \/>\n<meta property=\"og:url\" content=\"https:\/\/omnivion.net\/core\/fr\/projets\/projets-artistiques\/newtopia-7\/politeies-matieres\/\" \/>\n<meta property=\"og:site_name\" content=\"omnivion.net\" \/>\n<meta property=\"article:modified_time\" content=\"2019-02-02T22:25:12+00:00\" \/>\n<meta property=\"og:image\" content=\"http:\/\/omnivion.net\/core\/wp-content\/uploads\/2019\/02\/tragedyofseasors00ellm_0034-1-1024x632.jpg\" \/>\n<meta name=\"twitter:card\" content=\"summary_large_image\" \/>\n<meta name=\"twitter:label1\" content=\"Dur\u00e9e de lecture estim\u00e9e\" \/>\n\t<meta name=\"twitter:data1\" content=\"1 minute\" \/>\n<script type=\"application\/ld+json\" class=\"yoast-schema-graph\">{\"@context\":\"https:\/\/schema.org\",\"@graph\":[{\"@type\":\"WebPage\",\"@id\":\"https:\/\/omnivion.net\/core\/fr\/projets\/projets-artistiques\/newtopia-7\/politeies-matieres\/\",\"url\":\"https:\/\/omnivion.net\/core\/fr\/projets\/projets-artistiques\/newtopia-7\/politeies-matieres\/\",\"name\":\"POLITE\u00cfES mati\u00e8res - omnivion.net\",\"isPartOf\":{\"@id\":\"https:\/\/omnivion.net\/core\/fr\/#website\"},\"primaryImageOfPage\":{\"@id\":\"https:\/\/omnivion.net\/core\/fr\/projets\/projets-artistiques\/newtopia-7\/politeies-matieres\/#primaryimage\"},\"image\":{\"@id\":\"https:\/\/omnivion.net\/core\/fr\/projets\/projets-artistiques\/newtopia-7\/politeies-matieres\/#primaryimage\"},\"thumbnailUrl\":\"http:\/\/omnivion.net\/core\/wp-content\/uploads\/2019\/02\/tragedyofseasors00ellm_0034-1-1024x632.jpg\",\"datePublished\":\"2019-02-02T00:07:00+00:00\",\"dateModified\":\"2019-02-02T22:25:12+00:00\",\"breadcrumb\":{\"@id\":\"https:\/\/omnivion.net\/core\/fr\/projets\/projets-artistiques\/newtopia-7\/politeies-matieres\/#breadcrumb\"},\"inLanguage\":\"fr-FR\",\"potentialAction\":[{\"@type\":\"ReadAction\",\"target\":[\"https:\/\/omnivion.net\/core\/fr\/projets\/projets-artistiques\/newtopia-7\/politeies-matieres\/\"]}]},{\"@type\":\"ImageObject\",\"inLanguage\":\"fr-FR\",\"@id\":\"https:\/\/omnivion.net\/core\/fr\/projets\/projets-artistiques\/newtopia-7\/politeies-matieres\/#primaryimage\",\"url\":\"http:\/\/omnivion.net\/core\/wp-content\/uploads\/2019\/02\/tragedyofseasors00ellm_0034-1-1024x632.jpg\",\"contentUrl\":\"http:\/\/omnivion.net\/core\/wp-content\/uploads\/2019\/02\/tragedyofseasors00ellm_0034-1-1024x632.jpg\"},{\"@type\":\"BreadcrumbList\",\"@id\":\"https:\/\/omnivion.net\/core\/fr\/projets\/projets-artistiques\/newtopia-7\/politeies-matieres\/#breadcrumb\",\"itemListElement\":[{\"@type\":\"ListItem\",\"position\":1,\"name\":\"Accueil\",\"item\":\"https:\/\/omnivion.net\/core\/en\/silverstorm\/\"},{\"@type\":\"ListItem\",\"position\":2,\"name\":\"Projets\",\"item\":\"https:\/\/omnivion.net\/core\/fr\/projets\/\"},{\"@type\":\"ListItem\",\"position\":3,\"name\":\"Projets Artistiques\",\"item\":\"https:\/\/omnivion.net\/core\/projets\/projets-artistiques\/\"},{\"@type\":\"ListItem\",\"position\":4,\"name\":\"Newtopia 7\",\"item\":\"https:\/\/omnivion.net\/core\/projets\/projets-artistiques\/newtopia-7\/\"},{\"@type\":\"ListItem\",\"position\":5,\"name\":\"POLITE\u00cfES mati\u00e8res\"}]},{\"@type\":\"WebSite\",\"@id\":\"https:\/\/omnivion.net\/core\/fr\/#website\",\"url\":\"https:\/\/omnivion.net\/core\/fr\/\",\"name\":\"omnivion.net\",\"description\":\"...ARTS D&#039;\u00caTRE CORPS...\",\"potentialAction\":[{\"@type\":\"SearchAction\",\"target\":{\"@type\":\"EntryPoint\",\"urlTemplate\":\"https:\/\/omnivion.net\/core\/fr\/?s={search_term_string}\"},\"query-input\":{\"@type\":\"PropertyValueSpecification\",\"valueRequired\":true,\"valueName\":\"search_term_string\"}}],\"inLanguage\":\"fr-FR\"}]}<\/script>\n<!-- \/ Yoast SEO plugin. -->","yoast_head_json":{"title":"POLITE\u00cfES mati\u00e8res - omnivion.net","robots":{"index":"index","follow":"follow","max-snippet":"max-snippet:-1","max-image-preview":"max-image-preview:large","max-video-preview":"max-video-preview:-1"},"canonical":"https:\/\/omnivion.net\/core\/fr\/projets\/projets-artistiques\/newtopia-7\/politeies-matieres\/","og_locale":"fr_FR","og_type":"article","og_title":"POLITE\u00cfES mati\u00e8res - omnivion.net","og_description":"Page d\u00e9di\u00e9e aux mati\u00e8res pour POLITE\u00cfES (2019) &nbsp; QUI SOMMES NOUS ? \u00eatre(s) [&hellip;]","og_url":"https:\/\/omnivion.net\/core\/fr\/projets\/projets-artistiques\/newtopia-7\/politeies-matieres\/","og_site_name":"omnivion.net","article_modified_time":"2019-02-02T22:25:12+00:00","og_image":[{"url":"http:\/\/omnivion.net\/core\/wp-content\/uploads\/2019\/02\/tragedyofseasors00ellm_0034-1-1024x632.jpg","type":"","width":"","height":""}],"twitter_card":"summary_large_image","twitter_misc":{"Dur\u00e9e de lecture estim\u00e9e":"1 minute"},"schema":{"@context":"https:\/\/schema.org","@graph":[{"@type":"WebPage","@id":"https:\/\/omnivion.net\/core\/fr\/projets\/projets-artistiques\/newtopia-7\/politeies-matieres\/","url":"https:\/\/omnivion.net\/core\/fr\/projets\/projets-artistiques\/newtopia-7\/politeies-matieres\/","name":"POLITE\u00cfES mati\u00e8res - omnivion.net","isPartOf":{"@id":"https:\/\/omnivion.net\/core\/fr\/#website"},"primaryImageOfPage":{"@id":"https:\/\/omnivion.net\/core\/fr\/projets\/projets-artistiques\/newtopia-7\/politeies-matieres\/#primaryimage"},"image":{"@id":"https:\/\/omnivion.net\/core\/fr\/projets\/projets-artistiques\/newtopia-7\/politeies-matieres\/#primaryimage"},"thumbnailUrl":"http:\/\/omnivion.net\/core\/wp-content\/uploads\/2019\/02\/tragedyofseasors00ellm_0034-1-1024x632.jpg","datePublished":"2019-02-02T00:07:00+00:00","dateModified":"2019-02-02T22:25:12+00:00","breadcrumb":{"@id":"https:\/\/omnivion.net\/core\/fr\/projets\/projets-artistiques\/newtopia-7\/politeies-matieres\/#breadcrumb"},"inLanguage":"fr-FR","potentialAction":[{"@type":"ReadAction","target":["https:\/\/omnivion.net\/core\/fr\/projets\/projets-artistiques\/newtopia-7\/politeies-matieres\/"]}]},{"@type":"ImageObject","inLanguage":"fr-FR","@id":"https:\/\/omnivion.net\/core\/fr\/projets\/projets-artistiques\/newtopia-7\/politeies-matieres\/#primaryimage","url":"http:\/\/omnivion.net\/core\/wp-content\/uploads\/2019\/02\/tragedyofseasors00ellm_0034-1-1024x632.jpg","contentUrl":"http:\/\/omnivion.net\/core\/wp-content\/uploads\/2019\/02\/tragedyofseasors00ellm_0034-1-1024x632.jpg"},{"@type":"BreadcrumbList","@id":"https:\/\/omnivion.net\/core\/fr\/projets\/projets-artistiques\/newtopia-7\/politeies-matieres\/#breadcrumb","itemListElement":[{"@type":"ListItem","position":1,"name":"Accueil","item":"https:\/\/omnivion.net\/core\/en\/silverstorm\/"},{"@type":"ListItem","position":2,"name":"Projets","item":"https:\/\/omnivion.net\/core\/fr\/projets\/"},{"@type":"ListItem","position":3,"name":"Projets Artistiques","item":"https:\/\/omnivion.net\/core\/projets\/projets-artistiques\/"},{"@type":"ListItem","position":4,"name":"Newtopia 7","item":"https:\/\/omnivion.net\/core\/projets\/projets-artistiques\/newtopia-7\/"},{"@type":"ListItem","position":5,"name":"POLITE\u00cfES mati\u00e8res"}]},{"@type":"WebSite","@id":"https:\/\/omnivion.net\/core\/fr\/#website","url":"https:\/\/omnivion.net\/core\/fr\/","name":"omnivion.net","description":"...ARTS D&#039;\u00caTRE CORPS...","potentialAction":[{"@type":"SearchAction","target":{"@type":"EntryPoint","urlTemplate":"https:\/\/omnivion.net\/core\/fr\/?s={search_term_string}"},"query-input":{"@type":"PropertyValueSpecification","valueRequired":true,"valueName":"search_term_string"}}],"inLanguage":"fr-FR"}]}},"jetpack_sharing_enabled":true,"jetpack_shortlink":"https:\/\/wp.me\/P2fe7Q-OC","jetpack_likes_enabled":true,"_links":{"self":[{"href":"https:\/\/omnivion.net\/core\/fr\/wp-json\/wp\/v2\/pages\/3138","targetHints":{"allow":["GET"]}}],"collection":[{"href":"https:\/\/omnivion.net\/core\/fr\/wp-json\/wp\/v2\/pages"}],"about":[{"href":"https:\/\/omnivion.net\/core\/fr\/wp-json\/wp\/v2\/types\/page"}],"author":[{"embeddable":true,"href":"https:\/\/omnivion.net\/core\/fr\/wp-json\/wp\/v2\/users\/1"}],"replies":[{"embeddable":true,"href":"https:\/\/omnivion.net\/core\/fr\/wp-json\/wp\/v2\/comments?post=3138"}],"version-history":[{"count":8,"href":"https:\/\/omnivion.net\/core\/fr\/wp-json\/wp\/v2\/pages\/3138\/revisions"}],"predecessor-version":[{"id":3149,"href":"https:\/\/omnivion.net\/core\/fr\/wp-json\/wp\/v2\/pages\/3138\/revisions\/3149"}],"up":[{"embeddable":true,"href":"https:\/\/omnivion.net\/core\/fr\/wp-json\/wp\/v2\/pages\/3058"}],"wp:attachment":[{"href":"https:\/\/omnivion.net\/core\/fr\/wp-json\/wp\/v2\/media?parent=3138"}],"curies":[{"name":"wp","href":"https:\/\/api.w.org\/{rel}","templated":true}]}}