{"id":310,"date":"2012-03-04T21:31:25","date_gmt":"2012-03-04T20:31:25","guid":{"rendered":"http:\/\/www.omnivion.net\/core\/?page_id=310"},"modified":"2012-09-28T12:00:06","modified_gmt":"2012-09-28T11:00:06","slug":"laboratoire-de-recherche-autour-de-la-perception-sensible","status":"publish","type":"page","link":"https:\/\/omnivion.net\/core\/fr\/projets\/educational-projects\/laboratoire-de-recherche-autour-de-la-perception-sensible\/","title":{"rendered":"Laboratoire de recherche \/ CORPS SENSIBLE \/ Ateliers de pratique somatique int\u00e9grale"},"content":{"rendered":"<p><img data-recalc-dims=\"1\" loading=\"lazy\" decoding=\"async\" class=\"alignnone size-full wp-image-498\" title=\"2010-03-20_Atelier SUAPS_Poitiers_01b_web\" src=\"https:\/\/i0.wp.com\/www.omnivion.net\/core\/wp-content\/uploads\/2012\/03\/2010-03-20_Atelier-SUAPS_Poitiers_01b_web.jpg?resize=800%2C341\" alt=\"\" width=\"800\" height=\"341\" srcset=\"https:\/\/i0.wp.com\/omnivion.net\/core\/wp-content\/uploads\/2012\/03\/2010-03-20_Atelier-SUAPS_Poitiers_01b_web.jpg?w=800&amp;ssl=1 800w, https:\/\/i0.wp.com\/omnivion.net\/core\/wp-content\/uploads\/2012\/03\/2010-03-20_Atelier-SUAPS_Poitiers_01b_web.jpg?resize=300%2C127&amp;ssl=1 300w\" sizes=\"auto, (max-width: 800px) 100vw, 800px\" \/><br \/>\nCORPS SENSIBLE \/ Stages-ateliers de pratique somatique int\u00e9grale<\/p>\n<p>L&rsquo;association Omnivion, organise des stages\/ateliers d\u2019exp\u00e9rimentation et de r\u00e9flexion autour du geste sensible \u00e0 Tours, et ailleurs.<br \/>\nCes ateliers sont inspir\u00e9s de la <em><strong>Somato-psychop\u00e9dagogie<\/strong><\/em>, pratique corporelle introspective qui met la personne en relation sensible avec son geste et son expressivit\u00e9. C&rsquo;est un travail sur la pr\u00e9sence \u00e0 soi et aux autres, cr\u00e9\u00e9 par Danis Bois, professeur en sciences humaines et sociales \u00e0 l&rsquo;Universit\u00e9 Fernando Pessoa et fondateur de la Fasciath\u00e9rapie. Cette ann\u00e9e il sera enrichi avec de nouveaux outils, inspir\u00e9s des travaux de Ken Wilber, un de principaux concepteurs de l\u2019<strong><em>Integral Theory<\/em><\/strong>.<\/p>\n<div>\n<p>Au menu :<\/p>\n<p>\u2022 Introspection sensorielle assise<br \/>\n\u2022 Travail postural assis et debout en lenteur<br \/>\n\u2022 Etudes anatomiques<br \/>\n\u2022 Travail de perception sensorielle avec des s\u00e9quences de mouvements codifi\u00e9s<br \/>\n\u2022 Exercices de tonicit\u00e9 musculaire sensible<br \/>\n\u2022 \u00c9tirements sensoriels<br \/>\n\u2022 Ateliers sur le toucher sensible<br \/>\n\u2022 Ateliers de mouvement libre et d\u2019expressivit\u00e9 sensible<br \/>\n\u2022 \u00c9change des paroles sur les exp\u00e9riences<\/p>\n<p>Intervenant : Dimitri Tsiapkinis <\/p>\n<\/div>\n<p>Info : <a title=\"infos\" href=\"mailto:info@omnivion.net\">info@omnivion.net<\/a><\/p>","protected":false},"excerpt":{"rendered":"<p>CORPS SENSIBLE \/ Stages-ateliers de pratique somatique int\u00e9grale L&rsquo;association Omnivion, organise des stages\/ateliers [&hellip;]<\/p>\n","protected":false},"author":1,"featured_media":0,"parent":63,"menu_order":0,"comment_status":"closed","ping_status":"closed","template":"","meta":{"jetpack_post_was_ever_published":false,"footnotes":""},"class_list":["post-310","page","type-page","status-publish","hentry"],"yoast_head":"<!-- This site is optimized with the Yoast SEO plugin v27.4 - https:\/\/yoast.com\/product\/yoast-seo-wordpress\/ -->\n<title>Laboratoire de recherche \/ CORPS SENSIBLE \/ Ateliers de pratique somatique int\u00e9grale - omnivion.net<\/title>\n<meta name=\"robots\" content=\"index, follow, max-snippet:-1, max-image-preview:large, max-video-preview:-1\" \/>\n<link rel=\"canonical\" href=\"https:\/\/omnivion.net\/core\/fr\/projets\/educational-projects\/laboratoire-de-recherche-autour-de-la-perception-sensible\/\" \/>\n<meta property=\"og:locale\" content=\"fr_FR\" \/>\n<meta property=\"og:type\" content=\"article\" \/>\n<meta property=\"og:title\" content=\"Laboratoire de recherche \/ CORPS SENSIBLE \/ Ateliers de pratique somatique int\u00e9grale - omnivion.net\" \/>\n<meta property=\"og:description\" content=\"CORPS SENSIBLE \/ Stages-ateliers de pratique somatique int\u00e9grale L&rsquo;association Omnivion, organise des stages\/ateliers [&hellip;]\" \/>\n<meta property=\"og:url\" content=\"https:\/\/omnivion.net\/core\/fr\/projets\/educational-projects\/laboratoire-de-recherche-autour-de-la-perception-sensible\/\" \/>\n<meta property=\"og:site_name\" content=\"omnivion.net\" \/>\n<meta property=\"article:modified_time\" content=\"2012-09-28T11:00:06+00:00\" \/>\n<meta property=\"og:image\" content=\"http:\/\/www.omnivion.net\/core\/wp-content\/uploads\/2012\/03\/2010-03-20_Atelier-SUAPS_Poitiers_01b_web.jpg\" \/>\n<meta name=\"twitter:card\" content=\"summary_large_image\" \/>\n<meta name=\"twitter:label1\" content=\"Dur\u00e9e de lecture estim\u00e9e\" \/>\n\t<meta name=\"twitter:data1\" content=\"1 minute\" \/>\n<script type=\"application\/ld+json\" class=\"yoast-schema-graph\">{\"@context\":\"https:\\\/\\\/schema.org\",\"@graph\":[{\"@type\":\"WebPage\",\"@id\":\"https:\\\/\\\/omnivion.net\\\/core\\\/fr\\\/projets\\\/educational-projects\\\/laboratoire-de-recherche-autour-de-la-perception-sensible\\\/\",\"url\":\"https:\\\/\\\/omnivion.net\\\/core\\\/fr\\\/projets\\\/educational-projects\\\/laboratoire-de-recherche-autour-de-la-perception-sensible\\\/\",\"name\":\"Laboratoire de recherche \\\/ CORPS SENSIBLE \\\/ Ateliers de pratique somatique int\u00e9grale - omnivion.net\",\"isPartOf\":{\"@id\":\"https:\\\/\\\/omnivion.net\\\/core\\\/fr\\\/#website\"},\"primaryImageOfPage\":{\"@id\":\"https:\\\/\\\/omnivion.net\\\/core\\\/fr\\\/projets\\\/educational-projects\\\/laboratoire-de-recherche-autour-de-la-perception-sensible\\\/#primaryimage\"},\"image\":{\"@id\":\"https:\\\/\\\/omnivion.net\\\/core\\\/fr\\\/projets\\\/educational-projects\\\/laboratoire-de-recherche-autour-de-la-perception-sensible\\\/#primaryimage\"},\"thumbnailUrl\":\"http:\\\/\\\/www.omnivion.net\\\/core\\\/wp-content\\\/uploads\\\/2012\\\/03\\\/2010-03-20_Atelier-SUAPS_Poitiers_01b_web.jpg\",\"datePublished\":\"2012-03-04T20:31:25+00:00\",\"dateModified\":\"2012-09-28T11:00:06+00:00\",\"breadcrumb\":{\"@id\":\"https:\\\/\\\/omnivion.net\\\/core\\\/fr\\\/projets\\\/educational-projects\\\/laboratoire-de-recherche-autour-de-la-perception-sensible\\\/#breadcrumb\"},\"inLanguage\":\"fr-FR\",\"potentialAction\":[{\"@type\":\"ReadAction\",\"target\":[\"https:\\\/\\\/omnivion.net\\\/core\\\/fr\\\/projets\\\/educational-projects\\\/laboratoire-de-recherche-autour-de-la-perception-sensible\\\/\"]}]},{\"@type\":\"ImageObject\",\"inLanguage\":\"fr-FR\",\"@id\":\"https:\\\/\\\/omnivion.net\\\/core\\\/fr\\\/projets\\\/educational-projects\\\/laboratoire-de-recherche-autour-de-la-perception-sensible\\\/#primaryimage\",\"url\":\"http:\\\/\\\/www.omnivion.net\\\/core\\\/wp-content\\\/uploads\\\/2012\\\/03\\\/2010-03-20_Atelier-SUAPS_Poitiers_01b_web.jpg\",\"contentUrl\":\"http:\\\/\\\/www.omnivion.net\\\/core\\\/wp-content\\\/uploads\\\/2012\\\/03\\\/2010-03-20_Atelier-SUAPS_Poitiers_01b_web.jpg\"},{\"@type\":\"BreadcrumbList\",\"@id\":\"https:\\\/\\\/omnivion.net\\\/core\\\/fr\\\/projets\\\/educational-projects\\\/laboratoire-de-recherche-autour-de-la-perception-sensible\\\/#breadcrumb\",\"itemListElement\":[{\"@type\":\"ListItem\",\"position\":1,\"name\":\"Accueil\",\"item\":\"https:\\\/\\\/omnivion.net\\\/core\\\/en\\\/silverstorm\\\/\"},{\"@type\":\"ListItem\",\"position\":2,\"name\":\"Projets\",\"item\":\"https:\\\/\\\/omnivion.net\\\/core\\\/fr\\\/projets\\\/\"},{\"@type\":\"ListItem\",\"position\":3,\"name\":\"Projets Educatifs\",\"item\":\"https:\\\/\\\/omnivion.net\\\/core\\\/projets\\\/educational-projects\\\/\"},{\"@type\":\"ListItem\",\"position\":4,\"name\":\"Laboratoire de recherche \\\/ CORPS SENSIBLE \\\/ Ateliers de pratique somatique int\u00e9grale\"}]},{\"@type\":\"WebSite\",\"@id\":\"https:\\\/\\\/omnivion.net\\\/core\\\/fr\\\/#website\",\"url\":\"https:\\\/\\\/omnivion.net\\\/core\\\/fr\\\/\",\"name\":\"omnivion.net\",\"description\":\"...ARTS D&#039;\u00caTRE CORPS...\",\"potentialAction\":[{\"@type\":\"SearchAction\",\"target\":{\"@type\":\"EntryPoint\",\"urlTemplate\":\"https:\\\/\\\/omnivion.net\\\/core\\\/fr\\\/?s={search_term_string}\"},\"query-input\":{\"@type\":\"PropertyValueSpecification\",\"valueRequired\":true,\"valueName\":\"search_term_string\"}}],\"inLanguage\":\"fr-FR\"}]}<\/script>\n<!-- \/ Yoast SEO plugin. -->","yoast_head_json":{"title":"Laboratoire de recherche \/ CORPS SENSIBLE \/ Ateliers de pratique somatique int\u00e9grale - omnivion.net","robots":{"index":"index","follow":"follow","max-snippet":"max-snippet:-1","max-image-preview":"max-image-preview:large","max-video-preview":"max-video-preview:-1"},"canonical":"https:\/\/omnivion.net\/core\/fr\/projets\/educational-projects\/laboratoire-de-recherche-autour-de-la-perception-sensible\/","og_locale":"fr_FR","og_type":"article","og_title":"Laboratoire de recherche \/ CORPS SENSIBLE \/ Ateliers de pratique somatique int\u00e9grale - omnivion.net","og_description":"CORPS SENSIBLE \/ Stages-ateliers de pratique somatique int\u00e9grale L&rsquo;association Omnivion, organise des stages\/ateliers [&hellip;]","og_url":"https:\/\/omnivion.net\/core\/fr\/projets\/educational-projects\/laboratoire-de-recherche-autour-de-la-perception-sensible\/","og_site_name":"omnivion.net","article_modified_time":"2012-09-28T11:00:06+00:00","og_image":[{"url":"http:\/\/www.omnivion.net\/core\/wp-content\/uploads\/2012\/03\/2010-03-20_Atelier-SUAPS_Poitiers_01b_web.jpg","type":"","width":"","height":""}],"twitter_card":"summary_large_image","twitter_misc":{"Dur\u00e9e de lecture estim\u00e9e":"1 minute"},"schema":{"@context":"https:\/\/schema.org","@graph":[{"@type":"WebPage","@id":"https:\/\/omnivion.net\/core\/fr\/projets\/educational-projects\/laboratoire-de-recherche-autour-de-la-perception-sensible\/","url":"https:\/\/omnivion.net\/core\/fr\/projets\/educational-projects\/laboratoire-de-recherche-autour-de-la-perception-sensible\/","name":"Laboratoire de recherche \/ CORPS SENSIBLE \/ Ateliers de pratique somatique int\u00e9grale - omnivion.net","isPartOf":{"@id":"https:\/\/omnivion.net\/core\/fr\/#website"},"primaryImageOfPage":{"@id":"https:\/\/omnivion.net\/core\/fr\/projets\/educational-projects\/laboratoire-de-recherche-autour-de-la-perception-sensible\/#primaryimage"},"image":{"@id":"https:\/\/omnivion.net\/core\/fr\/projets\/educational-projects\/laboratoire-de-recherche-autour-de-la-perception-sensible\/#primaryimage"},"thumbnailUrl":"http:\/\/www.omnivion.net\/core\/wp-content\/uploads\/2012\/03\/2010-03-20_Atelier-SUAPS_Poitiers_01b_web.jpg","datePublished":"2012-03-04T20:31:25+00:00","dateModified":"2012-09-28T11:00:06+00:00","breadcrumb":{"@id":"https:\/\/omnivion.net\/core\/fr\/projets\/educational-projects\/laboratoire-de-recherche-autour-de-la-perception-sensible\/#breadcrumb"},"inLanguage":"fr-FR","potentialAction":[{"@type":"ReadAction","target":["https:\/\/omnivion.net\/core\/fr\/projets\/educational-projects\/laboratoire-de-recherche-autour-de-la-perception-sensible\/"]}]},{"@type":"ImageObject","inLanguage":"fr-FR","@id":"https:\/\/omnivion.net\/core\/fr\/projets\/educational-projects\/laboratoire-de-recherche-autour-de-la-perception-sensible\/#primaryimage","url":"http:\/\/www.omnivion.net\/core\/wp-content\/uploads\/2012\/03\/2010-03-20_Atelier-SUAPS_Poitiers_01b_web.jpg","contentUrl":"http:\/\/www.omnivion.net\/core\/wp-content\/uploads\/2012\/03\/2010-03-20_Atelier-SUAPS_Poitiers_01b_web.jpg"},{"@type":"BreadcrumbList","@id":"https:\/\/omnivion.net\/core\/fr\/projets\/educational-projects\/laboratoire-de-recherche-autour-de-la-perception-sensible\/#breadcrumb","itemListElement":[{"@type":"ListItem","position":1,"name":"Accueil","item":"https:\/\/omnivion.net\/core\/en\/silverstorm\/"},{"@type":"ListItem","position":2,"name":"Projets","item":"https:\/\/omnivion.net\/core\/fr\/projets\/"},{"@type":"ListItem","position":3,"name":"Projets Educatifs","item":"https:\/\/omnivion.net\/core\/projets\/educational-projects\/"},{"@type":"ListItem","position":4,"name":"Laboratoire de recherche \/ CORPS SENSIBLE \/ Ateliers de pratique somatique int\u00e9grale"}]},{"@type":"WebSite","@id":"https:\/\/omnivion.net\/core\/fr\/#website","url":"https:\/\/omnivion.net\/core\/fr\/","name":"omnivion.net","description":"...ARTS D&#039;\u00caTRE CORPS...","potentialAction":[{"@type":"SearchAction","target":{"@type":"EntryPoint","urlTemplate":"https:\/\/omnivion.net\/core\/fr\/?s={search_term_string}"},"query-input":{"@type":"PropertyValueSpecification","valueRequired":true,"valueName":"search_term_string"}}],"inLanguage":"fr-FR"}]}},"jetpack_sharing_enabled":true,"jetpack_shortlink":"https:\/\/wp.me\/P2fe7Q-50","jetpack_likes_enabled":true,"_links":{"self":[{"href":"https:\/\/omnivion.net\/core\/fr\/wp-json\/wp\/v2\/pages\/310","targetHints":{"allow":["GET"]}}],"collection":[{"href":"https:\/\/omnivion.net\/core\/fr\/wp-json\/wp\/v2\/pages"}],"about":[{"href":"https:\/\/omnivion.net\/core\/fr\/wp-json\/wp\/v2\/types\/page"}],"author":[{"embeddable":true,"href":"https:\/\/omnivion.net\/core\/fr\/wp-json\/wp\/v2\/users\/1"}],"replies":[{"embeddable":true,"href":"https:\/\/omnivion.net\/core\/fr\/wp-json\/wp\/v2\/comments?post=310"}],"version-history":[{"count":7,"href":"https:\/\/omnivion.net\/core\/fr\/wp-json\/wp\/v2\/pages\/310\/revisions"}],"predecessor-version":[{"id":522,"href":"https:\/\/omnivion.net\/core\/fr\/wp-json\/wp\/v2\/pages\/310\/revisions\/522"}],"up":[{"embeddable":true,"href":"https:\/\/omnivion.net\/core\/fr\/wp-json\/wp\/v2\/pages\/63"}],"wp:attachment":[{"href":"https:\/\/omnivion.net\/core\/fr\/wp-json\/wp\/v2\/media?parent=310"}],"curies":[{"name":"wp","href":"https:\/\/api.w.org\/{rel}","templated":true}]}}