{"id":3091,"date":"2019-01-05T02:23:07","date_gmt":"2019-01-05T01:23:07","guid":{"rendered":"http:\/\/omnivion.net\/core\/projets\/projets-artistiques\/newtopia-6\/newtopia_6_1\/divines-copy\/"},"modified":"2025-06-30T10:58:59","modified_gmt":"2025-06-30T09:58:59","slug":"newtopia-7-4","status":"publish","type":"page","link":"https:\/\/omnivion.net\/core\/fr\/projets\/projets-artistiques\/newtopia-7\/newtopia-7-4\/","title":{"rendered":"Newtopia 7.4"},"content":{"rendered":"<p><div id=\"attachment_3416\" style=\"width: 810px\" class=\"wp-caption alignnone\"><a href=\"https:\/\/i0.wp.com\/omnivion.net\/core\/wp-content\/uploads\/2019\/10\/DURET-Bernard-7_edit1_web.jpg\"><img data-recalc-dims=\"1\" loading=\"lazy\" decoding=\"async\" aria-describedby=\"caption-attachment-3416\" class=\"size-full wp-image-3416\" src=\"https:\/\/i0.wp.com\/omnivion.net\/core\/wp-content\/uploads\/2019\/10\/DURET-Bernard-7_edit1_web.jpg?resize=800%2C467\" alt=\"\" width=\"800\" height=\"467\" srcset=\"https:\/\/i0.wp.com\/omnivion.net\/core\/wp-content\/uploads\/2019\/10\/DURET-Bernard-7_edit1_web.jpg?w=800&amp;ssl=1 800w, https:\/\/i0.wp.com\/omnivion.net\/core\/wp-content\/uploads\/2019\/10\/DURET-Bernard-7_edit1_web.jpg?resize=300%2C175&amp;ssl=1 300w, https:\/\/i0.wp.com\/omnivion.net\/core\/wp-content\/uploads\/2019\/10\/DURET-Bernard-7_edit1_web.jpg?resize=768%2C448&amp;ssl=1 768w\" sizes=\"auto, (max-width: 800px) 100vw, 800px\" \/><\/a><p id=\"caption-attachment-3416\" class=\"wp-caption-text\">Photo par Bernard Duret<\/p><\/div><\/p>\n<p>&nbsp;<\/p>\n<h2>Omnivion pr\u00e9sente :<\/h2>\n<h2><strong><em>Newtopia 7.4 \/ La Chute enchant\u00e9e<\/em><\/strong><\/h2>\n<p><strong>27 septembre 2019, 20H \u00e0 la Pl\u00e9iade, la Riche (37520).<br \/>\n<a href=\"http:\/\/omnivion.net\/core\/wp-content\/uploads\/2019\/07\/2019-09_Newtopia_7.4_Dossier_Presse.pdf\"><span style=\"color: #ff0000;\">[Dossier de Presse\/PDF]<\/span><\/a><\/strong><\/p>\n<p><strong>IMPORTANT\u00a0: N\u2019appelez pas le th\u00e9\u00e2tre pour r\u00e9server s\u2019il vous pla\u00eet\u00a0!<br \/>\n<u>R\u00e9servations uniquement sur<\/u><\/strong> : <strong>Helloasso<\/strong><\/p>\n<p>4\u00e8me \u00e9v\u00e9nement <strong><em>inclusif<\/em><\/strong> de la s\u00e9rie\u00a0<a href=\"http:\/\/omnivion.net\/core\/projets\/projets-artistiques\/newtopia-7\/\"><strong>Newtopia 7<\/strong><\/a>, soutenu entre autres par la DRAC &amp; ARS Centre (Culture &amp; Sant\u00e9). <strong>Le projet <em>Newtopia \/ danse et sant\u00e9 psychique<\/em> de l\u2019association Omnivion<\/strong>, est un espace de cr\u00e9ation artistique, r\u00e9unissant amateurs et professionnels de danse et d\u2019art contemporain, dans une dynamique de recherche <strong>en partenariat durable avec le service psychiatrique du CHRU de Tours depuis 2011<\/strong>. (plus d\u2019info\u00a0: <a href=\"https:\/\/omnivion.net\/core\/fr\/projets\/projets-artistiques\/newtopia-7\/\">omnivion.net\/core\/newtopia-7<\/a> )<\/p>\n<p>Avec Newtopia 7,\u00a0<a href=\"http:\/\/omnivion.net\/core\/team\/dimitrios-tsiapkinis\/\">Dimitri Tsiapkinis<\/a>,\u00a0l\u2019\u00e9quipe d\u2019Omnivion et ses partenaires, renouvellent leur engagement artistique et solidaire pour\u00a0<strong>faire face aux d\u00e9fis sociaux de notre si\u00e8cle\u00a0: immigration, diversit\u00e9 culturelle, partage de ressources, \u00e9quit\u00e9, justice sociale, d\u00e9mocratie.<\/strong>\u00a0Prendre plaisir et se battre pour affirmer des projets exp\u00e9rimentaux qui mettent \u00e0 l\u2019\u00e9preuve des approches dramaturgiques en danse contemporaine, dans une posture solidaire. (Coup de C\u0153ur Solidaire SNCF Fondation 2019)<\/p>\n<p>Le volet actuel <strong>(7.4) est une soir\u00e9e de performances, collaboration entre Omnivion et le Centre de Danse et de Th\u00e9\u00e2tre de Milos (Gr\u00e8ce). <\/strong><\/p>\n<p>Un d\u00e9fi chor\u00e9graphique pour ce groupe h\u00e9t\u00e9rog\u00e8ne, constitu\u00e9 majoritairement d\u2019amateurs. Mati\u00e8res chor\u00e9graphiques complexes, textes litt\u00e9raires et scientifiques qui remettent en question nos postures au monde, musiques extravagantes\u2026Dans la m\u00eame soir\u00e9e, nous aurions le privil\u00e8ge de d\u00e9couvrir l\u2019artiste Filio Louvari, avec un solo cr\u00e9\u00e9 en 2011 en Gr\u00e8ce.<\/p>\n<p>&nbsp;<\/p>\n<h2>PROGRAMME DE LA SOIR\u00c9E DU 27 SEPTEMBRE :<\/h2>\n<h2>\/\/\/\/\/\/\/\/\/\/\/\/\/\/\/\/\/\/\/\/\/\/\/\/\/\/\/\/\/\/\/\/\/\/\/\/\/\/\/\/\/\/\/\/\/\/\/\/\/\/\/\/\/\/\/\/\/\/\/\/\/\/\/\/\/\/\/<\/h2>\n<p>&nbsp;<\/p>\n<h2>20H00 &lt; 0,2 \/ Thylax avec Filio Louvari<strong><em><b>\u00a0<\/b><\/em><\/strong><\/h2>\n<p><strong>Performance chor\u00e9graphique et th\u00e9\u00e2trale<br \/>\n<\/strong><\/p>\n<p><strong>Direction artistique<\/strong> : Dimitri Tsiapkinis<br \/>\n<strong>Conception \/ Chor\u00e9graphie :<\/strong> Filio Louvari<br \/>\n<strong>Interpr\u00e9tation <\/strong>: Filio Louvari<\/p>\n<p><strong>Dur\u00e9e<\/strong> : ~ 30min<\/p>\n<p>Une performance pr\u00e9sent\u00e9e en Gr\u00e8ce en 2011, au Th\u00e9\u00e2tre National de la Gr\u00e8ce du Nord \/ Abbaye des Lazaristes.<\/p>\n<p><em><strong>Z\u00c9RO-VIRGULE-DEUX (Thylax)<\/strong><\/em> est une exp\u00e9rience performative avec de la parole, des \u00e9tats de corps, de la danse.<br \/>\nElle a \u00e9t\u00e9 cr\u00e9\u00e9e \u00e0 partir de l\u2019intuition forte, de la conviction qu\u2019un rapport sensible \u00e0 nos corpor\u00e9it\u00e9s participe de<br \/>\nl\u2019\u00e9mancipation de l\u2019individu. Elle participe de la d\u00e9construction de nos a priori culturels, de nos r\u00e9ductionnismes de nos \u00e9go- et \u00e9thno-centrismes\u2026<br \/>\nElle nous stimule pour inventer de nouvelles postures sensibles au monde, pour nous ressourcer, nous recentrer. Elle nous dirige vers une dynamique de<br \/>\nred\u00e9finition constante, psychologique et sociale. Filio Louvari en r\u00e9sonance avec les pr\u00e9occupations artistiques et philosophiques<br \/>\nde Dimitri Tsiapkinis, nous propose une performance singuli\u00e8re, un one-woman-show avec plein d\u2019\u00e9nergie et d\u2019humour.<\/p>\n<p><i>Quelles kinesth\u00e9sies nous lient aux autres ? Est-ce que la kinesth\u00e9sie peut nous soigner de nos n\u00e9vrose m\u00e9tamodernes ? Nos omniviations fr\u00e9n\u00e9tiques, nos rythmes du quotidien qui nous implosent ? Questionner d\u2019une fa\u00e7on jubilatoire, avec de l\u2019humour, de l\u2019engagement physique, nos postures citoyennes.<\/i><\/p>\n<p>Plus d&rsquo;info : <strong><a href=\"http:\/\/omnivion.net\/core\/projets\/projets-artistiques\/newtopia-7\/newtopia-7-4\/thylax\/\">THYLAX!<\/a><\/strong><\/p>\n<p>\/\/\/\/\/\/\/\/\/\/\/\/\/\/\/\/\/\/\/\/\/\/\/\/\/\/\/\/\/\/\/\/\/\/\/\/\/\/\/\/\/\/\/\/\/\/\/\/\/\/\/\/\/\/\/\/\/\/\/\/\/\/\/\/\/\/\/\/\/\/\/\/\/\/\/\/\/\/\/\/\/\/\/\/\/\/\/\/\/\/\/\/\/\/\/\/\/\/\/\/\/\/\/\/\/\/\/\/\/<\/p>\n<p>&nbsp;<\/p>\n<h2>20H50 &lt; POLITEiES<\/h2>\n<p><strong>Performance chor\u00e9graphique et musicale<\/strong><\/p>\n<p>\/\/\/\/\/\/\/\/\/\/\/\/\/\/\/\/\/\/\/\/\/\/\/\/\/\/\/\/\/\/\/\/\/\/\/\/\/\/\/\/\/\/\/\/\/\/\/\/\/\/\/\/\/\/\/\/\/\/\/\/\/\/\/\/\/\/\/\/\/\/\/\/\/\/\/\/\/\/\/\/\/\/\/\/\/\/\/\/\/\/\/\/\/\/\/\/\/\/\/\/\/\/\/\/\/\/\/\/\/<\/p>\n<p><strong>Conception \/ direction :<\/strong>\u00a0Dimitri Tsiapkinis<br \/>\n<strong>Interpr\u00e9tation, chor\u00e9graphie<\/strong><strong>\u00a0:<\/strong> Anna\u00efck Nicolazic, Bruno Morin, Catherine Mondou, Cereza Candela, Christine Causera, Claire Guillaume, Constance Renard, Dianne Bikok, Dimitri Tsiapkinis, Emilie Coud\u00e8re, Ghislaine Lorne, Gilles Lolivier, Keely Sigot, Kostas Papazoglou, Lilou Melamed, <span class=\"_5yl5\">Lina Candela<\/span>, Marie Renard, Nael Tsiapkinis, Nikicha Jaillette, Quentin Perrotte, Roland Lebret, Rosa Pires de Matos, Yvan Pousset<br \/>\n<strong>Eclairage\/r\u00e9gie technique :\u00a0<\/strong>Marine Pourqui\u00e9<\/p>\n<p><strong>Dur\u00e9e<\/strong>\u00a0: ~ 55min<\/p>\n<p><strong>Polite(<\/strong><strong>\u1fd3<\/strong><strong>)es <\/strong><strong>est une performance de danse-th\u00e9\u00e2tre m\u00e9tamoderne, <\/strong>\u00e9labor\u00e9e par l\u2019improvisation, l\u2019\u00e9criture de plateau, le croisement des disciplines artistiques. Interroger nos attachements et nos aspirations id\u00e9ologiques sur le vivre en communaut\u00e9. Chaque participant est invit\u00e9 \u00e0 composer des mati\u00e8res artistiques sur ses pr\u00e9occupations politiques et sociales. <em>Une jubilation chor\u00e9graphique du potentiel expressif g\u00e9n\u00e9r\u00e9 par une communaut\u00e9 h\u00e9t\u00e9rog\u00e8ne qui accueille la diff\u00e9rence. <\/em><br \/>\n<strong>Omnivion<\/strong>, participe \u00e0 la r\u00e9flexion sur la multiplicit\u00e9 du vivant, mais \u00e0 travers l\u2019<em>\u00eatre-corps<\/em>. <em>Une multiplicit\u00e9 qui d\u00e9fie la culture de la normalit\u00e9, de l\u2019unicit\u00e9, des pens\u00e9es uniques. <\/em>Nous continuons de <em>po\u00e9tiser la folie, d\u2019interroger nos a priori sur les normalit\u00e9s expressives et cr\u00e9atives.<\/em><\/p>\n<p>Plus d&rsquo;info : <a href=\"http:\/\/omnivion.net\/core\/en\/projets\/projets-artistiques\/newtopia-7\/newtopia-7-4\/politeies\/\"><strong>POLITE\u00efES<\/strong><\/a><\/p>\n<h2><span style=\"font-size: 12pt;\">\/\/\/\/\/\/\/\/\/\/\/\/\/\/\/\/\/\/\/\/\/\/\/\/\/\/\/\/\/\/\/\/\/\/\/\/\/\/\/\/\/\/\/\/\/\/\/\/\/\/\/\/\/\/\/\/\/\/\/\/\/\/\/\/\/\/\/\/\/\/\/\/\/\/\/\/\/\/\/\/\/\/\/\/\/\/\/\/\/\/\/\/\/\/\/\/\/\/\/\/\/<\/span><\/h2>\n<p><strong>Info &amp; r<\/strong><strong>\u00e9servations : \u00e0 partir de fin juin 2019 sur notre page de r\u00e9servations : <a href=\"http:\/\/omnivion.net\/core\/contacts\/reservations\/\">omnivion.net\/reservations<\/a><\/strong><\/p>\n<h2>&lt;&lt;&lt;&lt;&lt;&lt;&lt;&lt;&lt;&lt;&lt;&lt;&lt;&lt;&lt;&lt;&lt;&lt;&lt;&lt;&lt;&lt;&lt;&lt;&lt;&lt;&lt;&lt;&lt;&lt;&lt;&lt;&lt;&lt;&lt;&lt;&lt;&lt;&lt;&lt;&lt;&lt;&lt;&lt;&lt;&lt;&lt;&lt;&lt;&lt;&lt;&lt;&lt;&lt;&lt;&lt;&lt;&lt;&lt;&lt;&lt;&lt;<\/h2>\n<p><a href=\"http:\/\/omnivion.net\/core\/projets\/projets-artistiques\/newtopia-5\/newtopia-5-3\/log\/\" rel=\"attachment wp-att-2307\"><img data-recalc-dims=\"1\" loading=\"lazy\" decoding=\"async\" class=\"alignnone wp-image-2307\" src=\"https:\/\/i0.wp.com\/omnivion.net\/core\/wp-content\/uploads\/2017\/05\/log.jpg?resize=213%2C120\" alt=\"\" width=\"213\" height=\"120\" srcset=\"https:\/\/i0.wp.com\/omnivion.net\/core\/wp-content\/uploads\/2017\/05\/log.jpg?w=556&amp;ssl=1 556w, https:\/\/i0.wp.com\/omnivion.net\/core\/wp-content\/uploads\/2017\/05\/log.jpg?resize=300%2C169&amp;ssl=1 300w\" sizes=\"auto, (max-width: 213px) 100vw, 213px\" \/><br \/>\n<\/a><\/p>\n<h2>Partenaires et financement :<\/h2>\n<h2><a href=\"https:\/\/i0.wp.com\/omnivion.net\/core\/wp-content\/uploads\/2019\/06\/Logos_Polite%C3%AFes_II.jpg\"><img data-recalc-dims=\"1\" loading=\"lazy\" decoding=\"async\" class=\"alignnone size-large wp-image-3274\" src=\"https:\/\/i0.wp.com\/omnivion.net\/core\/wp-content\/uploads\/2019\/06\/Logos_Polite%C3%AFes_II-1024x435.jpg?resize=800%2C340\" alt=\"\" width=\"800\" height=\"340\" srcset=\"https:\/\/i0.wp.com\/omnivion.net\/core\/wp-content\/uploads\/2019\/06\/Logos_Polite%C3%AFes_II.jpg?resize=1024%2C435&amp;ssl=1 1024w, https:\/\/i0.wp.com\/omnivion.net\/core\/wp-content\/uploads\/2019\/06\/Logos_Polite%C3%AFes_II.jpg?resize=300%2C128&amp;ssl=1 300w, https:\/\/i0.wp.com\/omnivion.net\/core\/wp-content\/uploads\/2019\/06\/Logos_Polite%C3%AFes_II.jpg?resize=768%2C327&amp;ssl=1 768w, https:\/\/i0.wp.com\/omnivion.net\/core\/wp-content\/uploads\/2019\/06\/Logos_Polite%C3%AFes_II.jpg?w=1385&amp;ssl=1 1385w\" sizes=\"auto, (max-width: 800px) 100vw, 800px\" \/><\/a><\/h2>\n<p><\/p>","protected":false},"excerpt":{"rendered":"<p>&nbsp; Omnivion pr\u00e9sente : Newtopia 7.4 \/ La Chute enchant\u00e9e 27 septembre 2019, [&hellip;]<\/p>\n","protected":false},"author":1,"featured_media":0,"parent":3058,"menu_order":0,"comment_status":"closed","ping_status":"closed","template":"","meta":{"jetpack_post_was_ever_published":false,"footnotes":""},"class_list":["post-3091","page","type-page","status-publish","hentry"],"yoast_head":"<!-- This site is optimized with the Yoast SEO plugin v27.4 - https:\/\/yoast.com\/product\/yoast-seo-wordpress\/ -->\n<title>Newtopia 7.4 - omnivion.net<\/title>\n<meta name=\"robots\" content=\"index, follow, max-snippet:-1, max-image-preview:large, max-video-preview:-1\" \/>\n<link rel=\"canonical\" href=\"https:\/\/omnivion.net\/core\/fr\/projets\/projets-artistiques\/newtopia-7\/newtopia-7-4\/\" \/>\n<meta property=\"og:locale\" content=\"fr_FR\" \/>\n<meta property=\"og:type\" content=\"article\" \/>\n<meta property=\"og:title\" content=\"Newtopia 7.4 - omnivion.net\" \/>\n<meta property=\"og:description\" content=\"&nbsp; Omnivion pr\u00e9sente : Newtopia 7.4 \/ La Chute enchant\u00e9e 27 septembre 2019, [&hellip;]\" \/>\n<meta property=\"og:url\" content=\"https:\/\/omnivion.net\/core\/fr\/projets\/projets-artistiques\/newtopia-7\/newtopia-7-4\/\" \/>\n<meta property=\"og:site_name\" content=\"omnivion.net\" \/>\n<meta property=\"article:modified_time\" content=\"2025-06-30T09:58:59+00:00\" \/>\n<meta property=\"og:image\" content=\"http:\/\/omnivion.net\/core\/wp-content\/uploads\/2019\/10\/DURET-Bernard-7_edit1_web.jpg\" \/>\n<meta name=\"twitter:card\" content=\"summary_large_image\" \/>\n<meta name=\"twitter:label1\" content=\"Dur\u00e9e de lecture estim\u00e9e\" \/>\n\t<meta name=\"twitter:data1\" content=\"4 minutes\" \/>\n<script type=\"application\/ld+json\" class=\"yoast-schema-graph\">{\"@context\":\"https:\\\/\\\/schema.org\",\"@graph\":[{\"@type\":\"WebPage\",\"@id\":\"https:\\\/\\\/omnivion.net\\\/core\\\/fr\\\/projets\\\/projets-artistiques\\\/newtopia-7\\\/newtopia-7-4\\\/\",\"url\":\"https:\\\/\\\/omnivion.net\\\/core\\\/fr\\\/projets\\\/projets-artistiques\\\/newtopia-7\\\/newtopia-7-4\\\/\",\"name\":\"Newtopia 7.4 - omnivion.net\",\"isPartOf\":{\"@id\":\"https:\\\/\\\/omnivion.net\\\/core\\\/fr\\\/#website\"},\"primaryImageOfPage\":{\"@id\":\"https:\\\/\\\/omnivion.net\\\/core\\\/fr\\\/projets\\\/projets-artistiques\\\/newtopia-7\\\/newtopia-7-4\\\/#primaryimage\"},\"image\":{\"@id\":\"https:\\\/\\\/omnivion.net\\\/core\\\/fr\\\/projets\\\/projets-artistiques\\\/newtopia-7\\\/newtopia-7-4\\\/#primaryimage\"},\"thumbnailUrl\":\"http:\\\/\\\/omnivion.net\\\/core\\\/wp-content\\\/uploads\\\/2019\\\/10\\\/DURET-Bernard-7_edit1_web.jpg\",\"datePublished\":\"2019-01-05T01:23:07+00:00\",\"dateModified\":\"2025-06-30T09:58:59+00:00\",\"breadcrumb\":{\"@id\":\"https:\\\/\\\/omnivion.net\\\/core\\\/fr\\\/projets\\\/projets-artistiques\\\/newtopia-7\\\/newtopia-7-4\\\/#breadcrumb\"},\"inLanguage\":\"fr-FR\",\"potentialAction\":[{\"@type\":\"ReadAction\",\"target\":[\"https:\\\/\\\/omnivion.net\\\/core\\\/fr\\\/projets\\\/projets-artistiques\\\/newtopia-7\\\/newtopia-7-4\\\/\"]}]},{\"@type\":\"ImageObject\",\"inLanguage\":\"fr-FR\",\"@id\":\"https:\\\/\\\/omnivion.net\\\/core\\\/fr\\\/projets\\\/projets-artistiques\\\/newtopia-7\\\/newtopia-7-4\\\/#primaryimage\",\"url\":\"http:\\\/\\\/omnivion.net\\\/core\\\/wp-content\\\/uploads\\\/2019\\\/10\\\/DURET-Bernard-7_edit1_web.jpg\",\"contentUrl\":\"http:\\\/\\\/omnivion.net\\\/core\\\/wp-content\\\/uploads\\\/2019\\\/10\\\/DURET-Bernard-7_edit1_web.jpg\"},{\"@type\":\"BreadcrumbList\",\"@id\":\"https:\\\/\\\/omnivion.net\\\/core\\\/fr\\\/projets\\\/projets-artistiques\\\/newtopia-7\\\/newtopia-7-4\\\/#breadcrumb\",\"itemListElement\":[{\"@type\":\"ListItem\",\"position\":1,\"name\":\"Accueil\",\"item\":\"https:\\\/\\\/omnivion.net\\\/core\\\/en\\\/silverstorm\\\/\"},{\"@type\":\"ListItem\",\"position\":2,\"name\":\"Projets\",\"item\":\"https:\\\/\\\/omnivion.net\\\/core\\\/fr\\\/projets\\\/\"},{\"@type\":\"ListItem\",\"position\":3,\"name\":\"Projets Artistiques\",\"item\":\"https:\\\/\\\/omnivion.net\\\/core\\\/projets\\\/projets-artistiques\\\/\"},{\"@type\":\"ListItem\",\"position\":4,\"name\":\"Newtopia 7\",\"item\":\"https:\\\/\\\/omnivion.net\\\/core\\\/projets\\\/projets-artistiques\\\/newtopia-7\\\/\"},{\"@type\":\"ListItem\",\"position\":5,\"name\":\"Newtopia 7.4\"}]},{\"@type\":\"WebSite\",\"@id\":\"https:\\\/\\\/omnivion.net\\\/core\\\/fr\\\/#website\",\"url\":\"https:\\\/\\\/omnivion.net\\\/core\\\/fr\\\/\",\"name\":\"omnivion.net\",\"description\":\"...ARTS D&#039;\u00caTRE CORPS...\",\"potentialAction\":[{\"@type\":\"SearchAction\",\"target\":{\"@type\":\"EntryPoint\",\"urlTemplate\":\"https:\\\/\\\/omnivion.net\\\/core\\\/fr\\\/?s={search_term_string}\"},\"query-input\":{\"@type\":\"PropertyValueSpecification\",\"valueRequired\":true,\"valueName\":\"search_term_string\"}}],\"inLanguage\":\"fr-FR\"}]}<\/script>\n<!-- \/ Yoast SEO plugin. -->","yoast_head_json":{"title":"Newtopia 7.4 - omnivion.net","robots":{"index":"index","follow":"follow","max-snippet":"max-snippet:-1","max-image-preview":"max-image-preview:large","max-video-preview":"max-video-preview:-1"},"canonical":"https:\/\/omnivion.net\/core\/fr\/projets\/projets-artistiques\/newtopia-7\/newtopia-7-4\/","og_locale":"fr_FR","og_type":"article","og_title":"Newtopia 7.4 - omnivion.net","og_description":"&nbsp; Omnivion pr\u00e9sente : Newtopia 7.4 \/ La Chute enchant\u00e9e 27 septembre 2019, [&hellip;]","og_url":"https:\/\/omnivion.net\/core\/fr\/projets\/projets-artistiques\/newtopia-7\/newtopia-7-4\/","og_site_name":"omnivion.net","article_modified_time":"2025-06-30T09:58:59+00:00","og_image":[{"url":"http:\/\/omnivion.net\/core\/wp-content\/uploads\/2019\/10\/DURET-Bernard-7_edit1_web.jpg","type":"","width":"","height":""}],"twitter_card":"summary_large_image","twitter_misc":{"Dur\u00e9e de lecture estim\u00e9e":"4 minutes"},"schema":{"@context":"https:\/\/schema.org","@graph":[{"@type":"WebPage","@id":"https:\/\/omnivion.net\/core\/fr\/projets\/projets-artistiques\/newtopia-7\/newtopia-7-4\/","url":"https:\/\/omnivion.net\/core\/fr\/projets\/projets-artistiques\/newtopia-7\/newtopia-7-4\/","name":"Newtopia 7.4 - omnivion.net","isPartOf":{"@id":"https:\/\/omnivion.net\/core\/fr\/#website"},"primaryImageOfPage":{"@id":"https:\/\/omnivion.net\/core\/fr\/projets\/projets-artistiques\/newtopia-7\/newtopia-7-4\/#primaryimage"},"image":{"@id":"https:\/\/omnivion.net\/core\/fr\/projets\/projets-artistiques\/newtopia-7\/newtopia-7-4\/#primaryimage"},"thumbnailUrl":"http:\/\/omnivion.net\/core\/wp-content\/uploads\/2019\/10\/DURET-Bernard-7_edit1_web.jpg","datePublished":"2019-01-05T01:23:07+00:00","dateModified":"2025-06-30T09:58:59+00:00","breadcrumb":{"@id":"https:\/\/omnivion.net\/core\/fr\/projets\/projets-artistiques\/newtopia-7\/newtopia-7-4\/#breadcrumb"},"inLanguage":"fr-FR","potentialAction":[{"@type":"ReadAction","target":["https:\/\/omnivion.net\/core\/fr\/projets\/projets-artistiques\/newtopia-7\/newtopia-7-4\/"]}]},{"@type":"ImageObject","inLanguage":"fr-FR","@id":"https:\/\/omnivion.net\/core\/fr\/projets\/projets-artistiques\/newtopia-7\/newtopia-7-4\/#primaryimage","url":"http:\/\/omnivion.net\/core\/wp-content\/uploads\/2019\/10\/DURET-Bernard-7_edit1_web.jpg","contentUrl":"http:\/\/omnivion.net\/core\/wp-content\/uploads\/2019\/10\/DURET-Bernard-7_edit1_web.jpg"},{"@type":"BreadcrumbList","@id":"https:\/\/omnivion.net\/core\/fr\/projets\/projets-artistiques\/newtopia-7\/newtopia-7-4\/#breadcrumb","itemListElement":[{"@type":"ListItem","position":1,"name":"Accueil","item":"https:\/\/omnivion.net\/core\/en\/silverstorm\/"},{"@type":"ListItem","position":2,"name":"Projets","item":"https:\/\/omnivion.net\/core\/fr\/projets\/"},{"@type":"ListItem","position":3,"name":"Projets Artistiques","item":"https:\/\/omnivion.net\/core\/projets\/projets-artistiques\/"},{"@type":"ListItem","position":4,"name":"Newtopia 7","item":"https:\/\/omnivion.net\/core\/projets\/projets-artistiques\/newtopia-7\/"},{"@type":"ListItem","position":5,"name":"Newtopia 7.4"}]},{"@type":"WebSite","@id":"https:\/\/omnivion.net\/core\/fr\/#website","url":"https:\/\/omnivion.net\/core\/fr\/","name":"omnivion.net","description":"...ARTS D&#039;\u00caTRE CORPS...","potentialAction":[{"@type":"SearchAction","target":{"@type":"EntryPoint","urlTemplate":"https:\/\/omnivion.net\/core\/fr\/?s={search_term_string}"},"query-input":{"@type":"PropertyValueSpecification","valueRequired":true,"valueName":"search_term_string"}}],"inLanguage":"fr-FR"}]}},"jetpack_sharing_enabled":true,"jetpack_shortlink":"https:\/\/wp.me\/P2fe7Q-NR","jetpack_likes_enabled":true,"_links":{"self":[{"href":"https:\/\/omnivion.net\/core\/fr\/wp-json\/wp\/v2\/pages\/3091","targetHints":{"allow":["GET"]}}],"collection":[{"href":"https:\/\/omnivion.net\/core\/fr\/wp-json\/wp\/v2\/pages"}],"about":[{"href":"https:\/\/omnivion.net\/core\/fr\/wp-json\/wp\/v2\/types\/page"}],"author":[{"embeddable":true,"href":"https:\/\/omnivion.net\/core\/fr\/wp-json\/wp\/v2\/users\/1"}],"replies":[{"embeddable":true,"href":"https:\/\/omnivion.net\/core\/fr\/wp-json\/wp\/v2\/comments?post=3091"}],"version-history":[{"count":28,"href":"https:\/\/omnivion.net\/core\/fr\/wp-json\/wp\/v2\/pages\/3091\/revisions"}],"predecessor-version":[{"id":5622,"href":"https:\/\/omnivion.net\/core\/fr\/wp-json\/wp\/v2\/pages\/3091\/revisions\/5622"}],"up":[{"embeddable":true,"href":"https:\/\/omnivion.net\/core\/fr\/wp-json\/wp\/v2\/pages\/3058"}],"wp:attachment":[{"href":"https:\/\/omnivion.net\/core\/fr\/wp-json\/wp\/v2\/media?parent=3091"}],"curies":[{"name":"wp","href":"https:\/\/api.w.org\/{rel}","templated":true}]}}