{"id":3073,"date":"2019-01-04T18:51:03","date_gmt":"2019-01-04T17:51:03","guid":{"rendered":"http:\/\/omnivion.net\/core\/projets\/projets-artistiques\/newtopia-6-copy\/"},"modified":"2019-01-08T01:01:57","modified_gmt":"2019-01-08T00:01:57","slug":"newtopia-7-1","status":"publish","type":"page","link":"https:\/\/omnivion.net\/core\/fr\/projets\/projets-artistiques\/newtopia-7\/newtopia-7-1\/","title":{"rendered":"Newtopia 7.1"},"content":{"rendered":"<p><iframe loading=\"lazy\" src=\"https:\/\/www.youtube.com\/embed\/eEe0aSJNy-c\" width=\"800\" height=\"450\" frameborder=\"0\" allowfullscreen=\"allowfullscreen\"><\/iframe><\/p>\n<h1>Newtopia\u00a07.1 (2019)<\/h1>\n<p>Premier \u00e9v\u00e9nement de la s\u00e9rie <a href=\"http:\/\/omnivion.net\/core\/projets\/projets-artistiques\/newtopia-7\/\"><strong>Newtopia 7<\/strong><\/a>\u00a0autour de la th\u00e9matique\u00a0du vivre ensemble en communaut\u00e9. \u00catre inclusif, \u00eatre d\u00e9mocratique, promouvoir la singularit\u00e9 \u00e0 travers l&rsquo;\u00e9ducation et les arts. Nous vous proposons une exposition des photographies, un film documentaire et une conf\u00e9rence dans\u00e9e.<b><br \/>\n<\/b><\/p>\n<p><strong>Programmation\u00a0 :<\/strong><\/p>\n<p><strong>&lt;&lt; 7-31 janvier 2019 : Fin de l\u2019exposition\u00a0<em>Plus pr\u00e8s de soi par le mouvement<\/em>, par Bernard Duret,\u00a0<\/strong>Centre Gentiana \/ L\u00e9o Lagrange \/ Tours. <strong>Vernissage le 10 janvier \u00e0 18H! INFO: <a href=\"http:\/\/www.leolagrange-gentiana.org\/\" target=\"_blank\" rel=\"noopener\">Gentiana<\/a><br \/>\n<\/strong><\/p>\n<p><strong>&lt;&lt; 17 janvier 2019 :\u00a0<\/strong><strong><a href=\"http:\/\/www.cemeacentre.org\/soiree-debat-au-cinema-studio-de-tours-2\/#more-1206\" target=\"_blank\" rel=\"noopener\">P\u00e9dagogies alternatives et d\u00e9mocratie \u00e0 l\u2019\u00e9cole<\/a>,<\/strong><strong>\u00a0<\/strong>projection du film\u00a0<em>\u00catre plut\u00f4t qu\u2019Avoir<\/em>\u00a0d&rsquo;Agn\u00e8s Fouilleux (France-2018-1h28) et d\u00e9bat, en partenariat avec les CEMEA et le CNP (Cin\u00e9ma National Populaire)\u00a0aux Cin\u00e9mas Studio \/ Tours (37000)<\/p>\n<p><strong>&lt;&lt; 22 janvier 2019 :\u00a0Conf\u00e9rence dans\u00e9e :\u00a0<em>la danse Inclusive<\/em><\/strong>, avec Dimitri Tsiapkinis \u00e0 l&rsquo;<a href=\"http:\/\/www.apajh37.org\/\" target=\"_blank\" rel=\"noopener\">APAJ37, Tours<\/a> (37000)<\/p>\n<p>&nbsp;<\/p>\n<p>&nbsp;<\/p>\n<p><strong>Partenaires et financement :<\/strong><\/p>\n<p><a href=\"http:\/\/omnivion.net\/core\/projets\/projets-artistiques\/newtopia-6\/logos_n6_new_3\/\" rel=\"attachment wp-att-2665\"><img data-recalc-dims=\"1\" loading=\"lazy\" decoding=\"async\" class=\"alignnone size-full wp-image-2665\" src=\"https:\/\/i0.wp.com\/omnivion.net\/core\/wp-content\/uploads\/2018\/03\/logos_N6_New_3.jpg?resize=800%2C429\" alt=\"\" width=\"800\" height=\"429\" srcset=\"https:\/\/i0.wp.com\/omnivion.net\/core\/wp-content\/uploads\/2018\/03\/logos_N6_New_3.jpg?w=800&amp;ssl=1 800w, https:\/\/i0.wp.com\/omnivion.net\/core\/wp-content\/uploads\/2018\/03\/logos_N6_New_3.jpg?resize=300%2C161&amp;ssl=1 300w, https:\/\/i0.wp.com\/omnivion.net\/core\/wp-content\/uploads\/2018\/03\/logos_N6_New_3.jpg?resize=768%2C412&amp;ssl=1 768w\" sizes=\"auto, (max-width: 800px) 100vw, 800px\" \/><\/a><\/p>\n<p>&nbsp;<\/p>\n<p>&nbsp;<\/p>\n<p>&nbsp;<\/p>","protected":false},"excerpt":{"rendered":"<p>Newtopia\u00a07.1 (2019) Premier \u00e9v\u00e9nement de la s\u00e9rie Newtopia 7\u00a0autour de la th\u00e9matique\u00a0du vivre [&hellip;]<\/p>\n","protected":false},"author":1,"featured_media":0,"parent":3058,"menu_order":0,"comment_status":"closed","ping_status":"closed","template":"","meta":{"jetpack_post_was_ever_published":false,"footnotes":""},"class_list":["post-3073","page","type-page","status-publish","hentry"],"yoast_head":"<!-- This site is optimized with the Yoast SEO plugin v27.4 - https:\/\/yoast.com\/product\/yoast-seo-wordpress\/ -->\n<title>Newtopia 7.1 - omnivion.net<\/title>\n<meta name=\"robots\" content=\"index, follow, max-snippet:-1, max-image-preview:large, max-video-preview:-1\" \/>\n<link rel=\"canonical\" href=\"https:\/\/omnivion.net\/core\/fr\/projets\/projets-artistiques\/newtopia-7\/newtopia-7-1\/\" \/>\n<meta property=\"og:locale\" content=\"fr_FR\" \/>\n<meta property=\"og:type\" content=\"article\" \/>\n<meta property=\"og:title\" content=\"Newtopia 7.1 - omnivion.net\" \/>\n<meta property=\"og:description\" content=\"Newtopia\u00a07.1 (2019) Premier \u00e9v\u00e9nement de la s\u00e9rie Newtopia 7\u00a0autour de la th\u00e9matique\u00a0du vivre [&hellip;]\" \/>\n<meta property=\"og:url\" content=\"https:\/\/omnivion.net\/core\/fr\/projets\/projets-artistiques\/newtopia-7\/newtopia-7-1\/\" \/>\n<meta property=\"og:site_name\" content=\"omnivion.net\" \/>\n<meta property=\"article:modified_time\" content=\"2019-01-08T00:01:57+00:00\" \/>\n<meta property=\"og:image\" content=\"http:\/\/omnivion.net\/core\/wp-content\/uploads\/2018\/03\/logos_N6_New_3.jpg\" \/>\n<meta name=\"twitter:card\" content=\"summary_large_image\" \/>\n<meta name=\"twitter:label1\" content=\"Dur\u00e9e de lecture estim\u00e9e\" \/>\n\t<meta name=\"twitter:data1\" content=\"1 minute\" \/>\n<script type=\"application\/ld+json\" class=\"yoast-schema-graph\">{\"@context\":\"https:\\\/\\\/schema.org\",\"@graph\":[{\"@type\":\"WebPage\",\"@id\":\"https:\\\/\\\/omnivion.net\\\/core\\\/fr\\\/projets\\\/projets-artistiques\\\/newtopia-7\\\/newtopia-7-1\\\/\",\"url\":\"https:\\\/\\\/omnivion.net\\\/core\\\/fr\\\/projets\\\/projets-artistiques\\\/newtopia-7\\\/newtopia-7-1\\\/\",\"name\":\"Newtopia 7.1 - omnivion.net\",\"isPartOf\":{\"@id\":\"https:\\\/\\\/omnivion.net\\\/core\\\/fr\\\/#website\"},\"primaryImageOfPage\":{\"@id\":\"https:\\\/\\\/omnivion.net\\\/core\\\/fr\\\/projets\\\/projets-artistiques\\\/newtopia-7\\\/newtopia-7-1\\\/#primaryimage\"},\"image\":{\"@id\":\"https:\\\/\\\/omnivion.net\\\/core\\\/fr\\\/projets\\\/projets-artistiques\\\/newtopia-7\\\/newtopia-7-1\\\/#primaryimage\"},\"thumbnailUrl\":\"http:\\\/\\\/omnivion.net\\\/core\\\/wp-content\\\/uploads\\\/2018\\\/03\\\/logos_N6_New_3.jpg\",\"datePublished\":\"2019-01-04T17:51:03+00:00\",\"dateModified\":\"2019-01-08T00:01:57+00:00\",\"breadcrumb\":{\"@id\":\"https:\\\/\\\/omnivion.net\\\/core\\\/fr\\\/projets\\\/projets-artistiques\\\/newtopia-7\\\/newtopia-7-1\\\/#breadcrumb\"},\"inLanguage\":\"fr-FR\",\"potentialAction\":[{\"@type\":\"ReadAction\",\"target\":[\"https:\\\/\\\/omnivion.net\\\/core\\\/fr\\\/projets\\\/projets-artistiques\\\/newtopia-7\\\/newtopia-7-1\\\/\"]}]},{\"@type\":\"ImageObject\",\"inLanguage\":\"fr-FR\",\"@id\":\"https:\\\/\\\/omnivion.net\\\/core\\\/fr\\\/projets\\\/projets-artistiques\\\/newtopia-7\\\/newtopia-7-1\\\/#primaryimage\",\"url\":\"http:\\\/\\\/omnivion.net\\\/core\\\/wp-content\\\/uploads\\\/2018\\\/03\\\/logos_N6_New_3.jpg\",\"contentUrl\":\"http:\\\/\\\/omnivion.net\\\/core\\\/wp-content\\\/uploads\\\/2018\\\/03\\\/logos_N6_New_3.jpg\"},{\"@type\":\"BreadcrumbList\",\"@id\":\"https:\\\/\\\/omnivion.net\\\/core\\\/fr\\\/projets\\\/projets-artistiques\\\/newtopia-7\\\/newtopia-7-1\\\/#breadcrumb\",\"itemListElement\":[{\"@type\":\"ListItem\",\"position\":1,\"name\":\"Accueil\",\"item\":\"https:\\\/\\\/omnivion.net\\\/core\\\/en\\\/silverstorm\\\/\"},{\"@type\":\"ListItem\",\"position\":2,\"name\":\"Projets\",\"item\":\"https:\\\/\\\/omnivion.net\\\/core\\\/fr\\\/projets\\\/\"},{\"@type\":\"ListItem\",\"position\":3,\"name\":\"Projets Artistiques\",\"item\":\"https:\\\/\\\/omnivion.net\\\/core\\\/projets\\\/projets-artistiques\\\/\"},{\"@type\":\"ListItem\",\"position\":4,\"name\":\"Newtopia 7\",\"item\":\"https:\\\/\\\/omnivion.net\\\/core\\\/projets\\\/projets-artistiques\\\/newtopia-7\\\/\"},{\"@type\":\"ListItem\",\"position\":5,\"name\":\"Newtopia 7.1\"}]},{\"@type\":\"WebSite\",\"@id\":\"https:\\\/\\\/omnivion.net\\\/core\\\/fr\\\/#website\",\"url\":\"https:\\\/\\\/omnivion.net\\\/core\\\/fr\\\/\",\"name\":\"omnivion.net\",\"description\":\"...ARTS D&#039;\u00caTRE CORPS...\",\"potentialAction\":[{\"@type\":\"SearchAction\",\"target\":{\"@type\":\"EntryPoint\",\"urlTemplate\":\"https:\\\/\\\/omnivion.net\\\/core\\\/fr\\\/?s={search_term_string}\"},\"query-input\":{\"@type\":\"PropertyValueSpecification\",\"valueRequired\":true,\"valueName\":\"search_term_string\"}}],\"inLanguage\":\"fr-FR\"}]}<\/script>\n<!-- \/ Yoast SEO plugin. -->","yoast_head_json":{"title":"Newtopia 7.1 - omnivion.net","robots":{"index":"index","follow":"follow","max-snippet":"max-snippet:-1","max-image-preview":"max-image-preview:large","max-video-preview":"max-video-preview:-1"},"canonical":"https:\/\/omnivion.net\/core\/fr\/projets\/projets-artistiques\/newtopia-7\/newtopia-7-1\/","og_locale":"fr_FR","og_type":"article","og_title":"Newtopia 7.1 - omnivion.net","og_description":"Newtopia\u00a07.1 (2019) Premier \u00e9v\u00e9nement de la s\u00e9rie Newtopia 7\u00a0autour de la th\u00e9matique\u00a0du vivre [&hellip;]","og_url":"https:\/\/omnivion.net\/core\/fr\/projets\/projets-artistiques\/newtopia-7\/newtopia-7-1\/","og_site_name":"omnivion.net","article_modified_time":"2019-01-08T00:01:57+00:00","og_image":[{"url":"http:\/\/omnivion.net\/core\/wp-content\/uploads\/2018\/03\/logos_N6_New_3.jpg","type":"","width":"","height":""}],"twitter_card":"summary_large_image","twitter_misc":{"Dur\u00e9e de lecture estim\u00e9e":"1 minute"},"schema":{"@context":"https:\/\/schema.org","@graph":[{"@type":"WebPage","@id":"https:\/\/omnivion.net\/core\/fr\/projets\/projets-artistiques\/newtopia-7\/newtopia-7-1\/","url":"https:\/\/omnivion.net\/core\/fr\/projets\/projets-artistiques\/newtopia-7\/newtopia-7-1\/","name":"Newtopia 7.1 - omnivion.net","isPartOf":{"@id":"https:\/\/omnivion.net\/core\/fr\/#website"},"primaryImageOfPage":{"@id":"https:\/\/omnivion.net\/core\/fr\/projets\/projets-artistiques\/newtopia-7\/newtopia-7-1\/#primaryimage"},"image":{"@id":"https:\/\/omnivion.net\/core\/fr\/projets\/projets-artistiques\/newtopia-7\/newtopia-7-1\/#primaryimage"},"thumbnailUrl":"http:\/\/omnivion.net\/core\/wp-content\/uploads\/2018\/03\/logos_N6_New_3.jpg","datePublished":"2019-01-04T17:51:03+00:00","dateModified":"2019-01-08T00:01:57+00:00","breadcrumb":{"@id":"https:\/\/omnivion.net\/core\/fr\/projets\/projets-artistiques\/newtopia-7\/newtopia-7-1\/#breadcrumb"},"inLanguage":"fr-FR","potentialAction":[{"@type":"ReadAction","target":["https:\/\/omnivion.net\/core\/fr\/projets\/projets-artistiques\/newtopia-7\/newtopia-7-1\/"]}]},{"@type":"ImageObject","inLanguage":"fr-FR","@id":"https:\/\/omnivion.net\/core\/fr\/projets\/projets-artistiques\/newtopia-7\/newtopia-7-1\/#primaryimage","url":"http:\/\/omnivion.net\/core\/wp-content\/uploads\/2018\/03\/logos_N6_New_3.jpg","contentUrl":"http:\/\/omnivion.net\/core\/wp-content\/uploads\/2018\/03\/logos_N6_New_3.jpg"},{"@type":"BreadcrumbList","@id":"https:\/\/omnivion.net\/core\/fr\/projets\/projets-artistiques\/newtopia-7\/newtopia-7-1\/#breadcrumb","itemListElement":[{"@type":"ListItem","position":1,"name":"Accueil","item":"https:\/\/omnivion.net\/core\/en\/silverstorm\/"},{"@type":"ListItem","position":2,"name":"Projets","item":"https:\/\/omnivion.net\/core\/fr\/projets\/"},{"@type":"ListItem","position":3,"name":"Projets Artistiques","item":"https:\/\/omnivion.net\/core\/projets\/projets-artistiques\/"},{"@type":"ListItem","position":4,"name":"Newtopia 7","item":"https:\/\/omnivion.net\/core\/projets\/projets-artistiques\/newtopia-7\/"},{"@type":"ListItem","position":5,"name":"Newtopia 7.1"}]},{"@type":"WebSite","@id":"https:\/\/omnivion.net\/core\/fr\/#website","url":"https:\/\/omnivion.net\/core\/fr\/","name":"omnivion.net","description":"...ARTS D&#039;\u00caTRE CORPS...","potentialAction":[{"@type":"SearchAction","target":{"@type":"EntryPoint","urlTemplate":"https:\/\/omnivion.net\/core\/fr\/?s={search_term_string}"},"query-input":{"@type":"PropertyValueSpecification","valueRequired":true,"valueName":"search_term_string"}}],"inLanguage":"fr-FR"}]}},"jetpack_sharing_enabled":true,"jetpack_shortlink":"https:\/\/wp.me\/P2fe7Q-Nz","jetpack_likes_enabled":true,"_links":{"self":[{"href":"https:\/\/omnivion.net\/core\/fr\/wp-json\/wp\/v2\/pages\/3073","targetHints":{"allow":["GET"]}}],"collection":[{"href":"https:\/\/omnivion.net\/core\/fr\/wp-json\/wp\/v2\/pages"}],"about":[{"href":"https:\/\/omnivion.net\/core\/fr\/wp-json\/wp\/v2\/types\/page"}],"author":[{"embeddable":true,"href":"https:\/\/omnivion.net\/core\/fr\/wp-json\/wp\/v2\/users\/1"}],"replies":[{"embeddable":true,"href":"https:\/\/omnivion.net\/core\/fr\/wp-json\/wp\/v2\/comments?post=3073"}],"version-history":[{"count":10,"href":"https:\/\/omnivion.net\/core\/fr\/wp-json\/wp\/v2\/pages\/3073\/revisions"}],"predecessor-version":[{"id":3104,"href":"https:\/\/omnivion.net\/core\/fr\/wp-json\/wp\/v2\/pages\/3073\/revisions\/3104"}],"up":[{"embeddable":true,"href":"https:\/\/omnivion.net\/core\/fr\/wp-json\/wp\/v2\/pages\/3058"}],"wp:attachment":[{"href":"https:\/\/omnivion.net\/core\/fr\/wp-json\/wp\/v2\/media?parent=3073"}],"curies":[{"name":"wp","href":"https:\/\/api.w.org\/{rel}","templated":true}]}}