{"id":3058,"date":"2019-01-02T23:03:54","date_gmt":"2019-01-02T22:03:54","guid":{"rendered":"http:\/\/omnivion.net\/core\/projets\/projets-artistiques\/newtopia-6-copy\/"},"modified":"2021-05-27T21:44:45","modified_gmt":"2021-05-27T20:44:45","slug":"newtopia-7","status":"publish","type":"page","link":"https:\/\/omnivion.net\/core\/fr\/projets\/projets-artistiques\/newtopia-7\/","title":{"rendered":"Newtopia 7"},"content":{"rendered":"<p><div id=\"attachment_3075\" style=\"width: 810px\" class=\"wp-caption alignnone\"><a href=\"https:\/\/i0.wp.com\/omnivion.net\/core\/wp-content\/uploads\/2019\/01\/2018-11-18_Divines_Biblioth%C3%A8que_Tours_11_edit_web.jpg\"><img data-recalc-dims=\"1\" loading=\"lazy\" decoding=\"async\" aria-describedby=\"caption-attachment-3075\" class=\"size-full wp-image-3075\" src=\"https:\/\/i0.wp.com\/omnivion.net\/core\/wp-content\/uploads\/2019\/01\/2018-11-18_Divines_Biblioth%C3%A8que_Tours_11_edit_web.jpg?resize=800%2C449\" alt=\"\" width=\"800\" height=\"449\" srcset=\"https:\/\/i0.wp.com\/omnivion.net\/core\/wp-content\/uploads\/2019\/01\/2018-11-18_Divines_Biblioth%C3%A8que_Tours_11_edit_web.jpg?w=800&amp;ssl=1 800w, https:\/\/i0.wp.com\/omnivion.net\/core\/wp-content\/uploads\/2019\/01\/2018-11-18_Divines_Biblioth%C3%A8que_Tours_11_edit_web.jpg?resize=300%2C168&amp;ssl=1 300w, https:\/\/i0.wp.com\/omnivion.net\/core\/wp-content\/uploads\/2019\/01\/2018-11-18_Divines_Biblioth%C3%A8que_Tours_11_edit_web.jpg?resize=768%2C431&amp;ssl=1 768w\" sizes=\"auto, (max-width: 800px) 100vw, 800px\" \/><\/a><p id=\"caption-attachment-3075\" class=\"wp-caption-text\">Photo (edit) par Bernard Duret<\/p><\/div><\/p>\n<h1>Newtopia 7 (2019)<\/h1>\n<p>Des \u00e9v\u00e9nements chor\u00e9graphiques et artistiques <em>inclusifs<\/em> d\u00e9velopp\u00e9s autour de la th\u00e9matique du vivre ensemble en communaut\u00e9. Le d\u00e9sir ancestral de se rassembler en grand nombre et \u00e9voluer en communaut\u00e9 nous intrigue. Cette ann\u00e9e nous allons \u00e9tudier des exp\u00e9riences du vivre ensemble en d\u00e9mocratie. Et nous le ferons avec nos outils po\u00e9tiques, avec nos corpor\u00e9it\u00e9s, avec nos fragilit\u00e9s, avec nos singularit\u00e9s. Quel monde imaginer pour demain? Encore et toujours cette question. C&rsquo;est notre devoir et notre plaisir de contempler en mode cr\u00e9ation et chercher \u00e0 nous transformer.<\/p>\n<p><em>La <strong>d\u00e9mocratie<\/strong> semble \u00eatre une de plus grandes inventions humaines. Comment pourrions nous la faire \u00e9voluer \u00e0 travers l&rsquo;art de la danse?<\/em><\/p>\n<p>Avec Newtopia 7, <a href=\"http:\/\/omnivion.net\/core\/team\/dimitrios-tsiapkinis\/\">Dimitri Tsiapkinis<\/a>, l&rsquo;\u00e9quipe d&rsquo;Omnivion et ses partenaires, renouvellent leur engagement artistique et solidaire pour <strong>faire face aux d\u00e9fis sociaux de notre si\u00e8cle : immigration, diversit\u00e9 culturelle, partage de ressources, \u00e9quit\u00e9, justice sociale, d\u00e9mocratie.<\/strong> Prendre plaisir et se battre pour affirmer des projets exp\u00e9rimentaux qui mettent \u00e0 l&rsquo;\u00e9preuve des approches p\u00e9dagogiques en danse contemporaine, dans le contexte psychiatrique (CHU de Tours).<\/p>\n<p><strong>Au programme\u00a0 :<\/strong>une nouvelle cr\u00e9ation, des performances d\u2019artistes invit\u00e9s, des projections de documentaires et une exposition de photos. La cr\u00e9ation principale de cette ann\u00e9e est Polite(\u1fd3)es et sera encore une fois un partenariat avec <a href=\"http:\/\/www.ville-lariche.fr\/spip.php?page=pleiade\" target=\"_blank\" rel=\"noopener noreferrer\"><strong>La Pl\u00e9iade<\/strong><\/a>! En plus, nous aurons le plaisir d&rsquo;accueillir <b>une chor\u00e9graphe de Milos Gr\u00e8ce : Filio Louvari! On vous attend pour danser et \u00e9changer! <\/b><br \/>\n<strong>Programmation :<\/strong><\/p>\n<p><strong>&lt;&lt; 7-31 janvier 2019 : Derni\u00e8re date de l&rsquo;<a href=\"http:\/\/www.leolagrange-gentiana.org\/\" target=\"_blank\" rel=\"noopener noreferrer\">exposition <em>Plus pr\u00e8s de soi par le mouvement<\/em><\/a>, par Bernard Duret, <\/strong>Centre Gentiana \/ L\u00e9o Lagrange \/ Tours (37000). <strong>Vernissage le 10 janvier \u00e0 18H00!<\/strong><\/p>\n<p><strong>&lt;&lt; 17 January 2019 : <a href=\"http:\/\/omnivion.net\/core\/en\/projets\/projets-artistiques\/newtopia-7\/newtopia-7-1\/\">Newtopia 7.1<\/a> \/\u00a0<\/strong><strong><a href=\"http:\/\/www.cemeacentre.org\/soiree-debat-au-cinema-studio-de-tours-2\/#more-1206\" target=\"_blank\" rel=\"noopener noreferrer\">P\u00e9dagogies alternatives et d\u00e9mocratie \u00e0 l\u2019\u00e9cole<\/a>,<\/strong> projection du film <em>\u00catre plut\u00f4t qu\u2019Avoir<\/em> by Agn\u00e8s Fouilleux (France-2018-1h28) et d\u00e9bat, en partenariat avec le CEMEA le CNP (Cin\u00e9ma National Populaire) aux Cin\u00e9mas Studio \/ Tours (37000)<\/p>\n<p><strong>&lt;&lt; 22 janvier 2019 : <a href=\"http:\/\/omnivion.net\/core\/projets\/projets-artistiques\/newtopia-7\/newtopia-7-1\/\">Newtopia 7.1<\/a>, <\/strong>Conf\u00e9rence dans\u00e9e : <em>la danse Inclusive<\/em>, APAJ37, Tours (37000)<\/p>\n<p><strong>&lt;&lt; 8 mars 2019 : <a href=\"http:\/\/omnivion.net\/core\/projets\/projets-artistiques\/newtopia-7\/newtopia-7-2\/\">Newtopia 7.2<\/a>, <\/strong><em>Les fables de la Censure<\/em> \/ performances, Salle Ockengem, Tours (37000)<\/p>\n<p><strong>&lt;&lt; 27 septembre 2019 : <a href=\"http:\/\/omnivion.net\/core\/projets\/projets-artistiques\/newtopia-7\/newtopia-7-4\/\">Newtopia 7.4<\/a>, Cr\u00e9ation 2019 et Thylax (0,2) par Filio Louvari, <\/strong>\u00e0 la Pl\u00e9iade \/ La Riche (37520)<\/p>\n<p><strong>&lt;&lt; 5 oct &#8211; 4 nov 2019 : <a href=\"http:\/\/omnivion.net\/core\/projets\/projets-artistiques\/newtopia-7\/newtopia-7-5\/\">Newtopia 7.5<\/a> : \u00catre Autre \/ Corps Extatique, exposition photographique par Dimitri Tsiapkinis, <\/strong>au bar le Strapontin \u00e0 Tours (37000)<\/p>\n<p><strong>&lt;&lt; 15 novembre 2019 : Newtopia 7.6, Conf\u00e9rence dans\u00e9e <\/strong>de Dimitri Tsiapkinis et projection du documentaire <em>Indigo<\/em>, <em>Couleur du temps<\/em> de Bertrand Girard, aux <strong><a href=\"http:\/\/www.apil37.fr\/journees-annuelles-oct-2019-tours\/\" target=\"_blank\" rel=\"noopener noreferrer\">Journ\u00e9es Annuelles de Th\u00e9rapies Psychomotrices<\/a>, <\/strong>\u00e0 Espace Malraux, Jou\u00e9-l\u00e8s-Tours (37300).<\/p>\n<p><strong>&lt;&lt; 7 D\u00e9cembre 2019 : Newtopia 7.7, <\/strong>\u00e0 l&rsquo;h\u00f4pital Trousseau (CHU de Tours), Chambray-l\u00e8s-Tours (37170)<\/p>\n<p><strong>&lt;&lt; 20 d\u00e9cembre 2019 : <a href=\"http:\/\/omnivion.net\/core\/projets\/projets-artistiques\/newtopia-7\/newtopia-7-3\/\">Newtopia 7.3<\/a>, <\/strong>performances, au Centre Social la Rabi\u00e8re \/ Jou\u00e9-l\u00e8s-Tours (37300)<\/p>\n<p>&nbsp;<\/p>\n<p><strong>Partenaires et financement :<\/strong><\/p>\n<p><a href=\"https:\/\/i0.wp.com\/omnivion.net\/core\/wp-content\/uploads\/2019\/06\/Logos_Polite%C3%AFes_II.jpg\"><img data-recalc-dims=\"1\" loading=\"lazy\" decoding=\"async\" class=\"alignnone size-large wp-image-3274\" src=\"https:\/\/i0.wp.com\/omnivion.net\/core\/wp-content\/uploads\/2019\/06\/Logos_Polite%C3%AFes_II-1024x435.jpg?resize=800%2C340\" alt=\"\" width=\"800\" height=\"340\" srcset=\"https:\/\/i0.wp.com\/omnivion.net\/core\/wp-content\/uploads\/2019\/06\/Logos_Polite%C3%AFes_II.jpg?resize=1024%2C435&amp;ssl=1 1024w, https:\/\/i0.wp.com\/omnivion.net\/core\/wp-content\/uploads\/2019\/06\/Logos_Polite%C3%AFes_II.jpg?resize=300%2C128&amp;ssl=1 300w, https:\/\/i0.wp.com\/omnivion.net\/core\/wp-content\/uploads\/2019\/06\/Logos_Polite%C3%AFes_II.jpg?resize=768%2C327&amp;ssl=1 768w, https:\/\/i0.wp.com\/omnivion.net\/core\/wp-content\/uploads\/2019\/06\/Logos_Polite%C3%AFes_II.jpg?w=1385&amp;ssl=1 1385w\" sizes=\"auto, (max-width: 800px) 100vw, 800px\" \/><\/a><\/p>\n<p>&nbsp;<\/p>\n<p>&nbsp;<\/p>\n<p>&nbsp;<\/p>","protected":false},"excerpt":{"rendered":"<p>Newtopia 7 (2019) Des \u00e9v\u00e9nements chor\u00e9graphiques et artistiques inclusifs d\u00e9velopp\u00e9s autour de la [&hellip;]<\/p>\n","protected":false},"author":1,"featured_media":0,"parent":60,"menu_order":0,"comment_status":"closed","ping_status":"closed","template":"","meta":{"jetpack_post_was_ever_published":false,"footnotes":""},"class_list":["post-3058","page","type-page","status-publish","hentry"],"yoast_head":"<!-- This site is optimized with the Yoast SEO plugin v26.8 - https:\/\/yoast.com\/product\/yoast-seo-wordpress\/ -->\n<title>Newtopia 7 - omnivion.net<\/title>\n<meta name=\"robots\" content=\"index, follow, max-snippet:-1, max-image-preview:large, max-video-preview:-1\" \/>\n<link rel=\"canonical\" href=\"https:\/\/omnivion.net\/core\/fr\/projets\/projets-artistiques\/newtopia-7\/\" \/>\n<meta property=\"og:locale\" content=\"fr_FR\" \/>\n<meta property=\"og:type\" content=\"article\" \/>\n<meta property=\"og:title\" content=\"Newtopia 7 - omnivion.net\" \/>\n<meta property=\"og:description\" content=\"Newtopia 7 (2019) Des \u00e9v\u00e9nements chor\u00e9graphiques et artistiques inclusifs d\u00e9velopp\u00e9s autour de la [&hellip;]\" \/>\n<meta property=\"og:url\" content=\"https:\/\/omnivion.net\/core\/fr\/projets\/projets-artistiques\/newtopia-7\/\" \/>\n<meta property=\"og:site_name\" content=\"omnivion.net\" \/>\n<meta property=\"article:modified_time\" content=\"2021-05-27T20:44:45+00:00\" \/>\n<meta name=\"twitter:card\" content=\"summary_large_image\" \/>\n<meta name=\"twitter:label1\" content=\"Dur\u00e9e de lecture estim\u00e9e\" \/>\n\t<meta name=\"twitter:data1\" content=\"3 minutes\" \/>\n<script type=\"application\/ld+json\" class=\"yoast-schema-graph\">{\"@context\":\"https:\/\/schema.org\",\"@graph\":[{\"@type\":\"WebPage\",\"@id\":\"https:\/\/omnivion.net\/core\/fr\/projets\/projets-artistiques\/newtopia-7\/\",\"url\":\"https:\/\/omnivion.net\/core\/fr\/projets\/projets-artistiques\/newtopia-7\/\",\"name\":\"Newtopia 7 - omnivion.net\",\"isPartOf\":{\"@id\":\"https:\/\/omnivion.net\/core\/fr\/#website\"},\"datePublished\":\"2019-01-02T22:03:54+00:00\",\"dateModified\":\"2021-05-27T20:44:45+00:00\",\"breadcrumb\":{\"@id\":\"https:\/\/omnivion.net\/core\/fr\/projets\/projets-artistiques\/newtopia-7\/#breadcrumb\"},\"inLanguage\":\"fr-FR\",\"potentialAction\":[{\"@type\":\"ReadAction\",\"target\":[\"https:\/\/omnivion.net\/core\/fr\/projets\/projets-artistiques\/newtopia-7\/\"]}]},{\"@type\":\"BreadcrumbList\",\"@id\":\"https:\/\/omnivion.net\/core\/fr\/projets\/projets-artistiques\/newtopia-7\/#breadcrumb\",\"itemListElement\":[{\"@type\":\"ListItem\",\"position\":1,\"name\":\"Accueil\",\"item\":\"https:\/\/omnivion.net\/core\/en\/silverstorm\/\"},{\"@type\":\"ListItem\",\"position\":2,\"name\":\"Projets\",\"item\":\"https:\/\/omnivion.net\/core\/fr\/projets\/\"},{\"@type\":\"ListItem\",\"position\":3,\"name\":\"Projets Artistiques\",\"item\":\"https:\/\/omnivion.net\/core\/projets\/projets-artistiques\/\"},{\"@type\":\"ListItem\",\"position\":4,\"name\":\"Newtopia 7\"}]},{\"@type\":\"WebSite\",\"@id\":\"https:\/\/omnivion.net\/core\/fr\/#website\",\"url\":\"https:\/\/omnivion.net\/core\/fr\/\",\"name\":\"omnivion.net\",\"description\":\"...ARTS D&#039;\u00caTRE CORPS...\",\"potentialAction\":[{\"@type\":\"SearchAction\",\"target\":{\"@type\":\"EntryPoint\",\"urlTemplate\":\"https:\/\/omnivion.net\/core\/fr\/?s={search_term_string}\"},\"query-input\":{\"@type\":\"PropertyValueSpecification\",\"valueRequired\":true,\"valueName\":\"search_term_string\"}}],\"inLanguage\":\"fr-FR\"}]}<\/script>\n<!-- \/ Yoast SEO plugin. -->","yoast_head_json":{"title":"Newtopia 7 - omnivion.net","robots":{"index":"index","follow":"follow","max-snippet":"max-snippet:-1","max-image-preview":"max-image-preview:large","max-video-preview":"max-video-preview:-1"},"canonical":"https:\/\/omnivion.net\/core\/fr\/projets\/projets-artistiques\/newtopia-7\/","og_locale":"fr_FR","og_type":"article","og_title":"Newtopia 7 - omnivion.net","og_description":"Newtopia 7 (2019) Des \u00e9v\u00e9nements chor\u00e9graphiques et artistiques inclusifs d\u00e9velopp\u00e9s autour de la [&hellip;]","og_url":"https:\/\/omnivion.net\/core\/fr\/projets\/projets-artistiques\/newtopia-7\/","og_site_name":"omnivion.net","article_modified_time":"2021-05-27T20:44:45+00:00","twitter_card":"summary_large_image","twitter_misc":{"Dur\u00e9e de lecture estim\u00e9e":"3 minutes"},"schema":{"@context":"https:\/\/schema.org","@graph":[{"@type":"WebPage","@id":"https:\/\/omnivion.net\/core\/fr\/projets\/projets-artistiques\/newtopia-7\/","url":"https:\/\/omnivion.net\/core\/fr\/projets\/projets-artistiques\/newtopia-7\/","name":"Newtopia 7 - omnivion.net","isPartOf":{"@id":"https:\/\/omnivion.net\/core\/fr\/#website"},"datePublished":"2019-01-02T22:03:54+00:00","dateModified":"2021-05-27T20:44:45+00:00","breadcrumb":{"@id":"https:\/\/omnivion.net\/core\/fr\/projets\/projets-artistiques\/newtopia-7\/#breadcrumb"},"inLanguage":"fr-FR","potentialAction":[{"@type":"ReadAction","target":["https:\/\/omnivion.net\/core\/fr\/projets\/projets-artistiques\/newtopia-7\/"]}]},{"@type":"BreadcrumbList","@id":"https:\/\/omnivion.net\/core\/fr\/projets\/projets-artistiques\/newtopia-7\/#breadcrumb","itemListElement":[{"@type":"ListItem","position":1,"name":"Accueil","item":"https:\/\/omnivion.net\/core\/en\/silverstorm\/"},{"@type":"ListItem","position":2,"name":"Projets","item":"https:\/\/omnivion.net\/core\/fr\/projets\/"},{"@type":"ListItem","position":3,"name":"Projets Artistiques","item":"https:\/\/omnivion.net\/core\/projets\/projets-artistiques\/"},{"@type":"ListItem","position":4,"name":"Newtopia 7"}]},{"@type":"WebSite","@id":"https:\/\/omnivion.net\/core\/fr\/#website","url":"https:\/\/omnivion.net\/core\/fr\/","name":"omnivion.net","description":"...ARTS D&#039;\u00caTRE CORPS...","potentialAction":[{"@type":"SearchAction","target":{"@type":"EntryPoint","urlTemplate":"https:\/\/omnivion.net\/core\/fr\/?s={search_term_string}"},"query-input":{"@type":"PropertyValueSpecification","valueRequired":true,"valueName":"search_term_string"}}],"inLanguage":"fr-FR"}]}},"jetpack_sharing_enabled":true,"jetpack_shortlink":"https:\/\/wp.me\/P2fe7Q-Nk","jetpack_likes_enabled":true,"_links":{"self":[{"href":"https:\/\/omnivion.net\/core\/fr\/wp-json\/wp\/v2\/pages\/3058","targetHints":{"allow":["GET"]}}],"collection":[{"href":"https:\/\/omnivion.net\/core\/fr\/wp-json\/wp\/v2\/pages"}],"about":[{"href":"https:\/\/omnivion.net\/core\/fr\/wp-json\/wp\/v2\/types\/page"}],"author":[{"embeddable":true,"href":"https:\/\/omnivion.net\/core\/fr\/wp-json\/wp\/v2\/users\/1"}],"replies":[{"embeddable":true,"href":"https:\/\/omnivion.net\/core\/fr\/wp-json\/wp\/v2\/comments?post=3058"}],"version-history":[{"count":34,"href":"https:\/\/omnivion.net\/core\/fr\/wp-json\/wp\/v2\/pages\/3058\/revisions"}],"predecessor-version":[{"id":4055,"href":"https:\/\/omnivion.net\/core\/fr\/wp-json\/wp\/v2\/pages\/3058\/revisions\/4055"}],"up":[{"embeddable":true,"href":"https:\/\/omnivion.net\/core\/fr\/wp-json\/wp\/v2\/pages\/60"}],"wp:attachment":[{"href":"https:\/\/omnivion.net\/core\/fr\/wp-json\/wp\/v2\/media?parent=3058"}],"curies":[{"name":"wp","href":"https:\/\/api.w.org\/{rel}","templated":true}]}}