{"id":2972,"date":"2018-11-01T15:35:47","date_gmt":"2018-11-01T14:35:47","guid":{"rendered":"http:\/\/omnivion.net\/core\/projets\/projets-artistiques\/newtopia-6\/newtopia_6_4-copy\/"},"modified":"2019-01-13T21:42:39","modified_gmt":"2019-01-13T20:42:39","slug":"newtopia_6_5","status":"publish","type":"page","link":"https:\/\/omnivion.net\/core\/fr\/projets\/projets-artistiques\/newtopia-6\/newtopia_6_5\/","title":{"rendered":"Newtopia 6.5"},"content":{"rendered":"<p><a href=\"https:\/\/i0.wp.com\/omnivion.net\/core\/wp-content\/uploads\/2018\/11\/45521726132_4680aa7f0f_o.jpg\"><img data-recalc-dims=\"1\" loading=\"lazy\" decoding=\"async\" class=\"alignnone wp-image-2973 size-large\" src=\"https:\/\/i0.wp.com\/omnivion.net\/core\/wp-content\/uploads\/2018\/11\/45521726132_4680aa7f0f_o-1024x768.jpg?resize=800%2C600\" alt=\"\" width=\"800\" height=\"600\" srcset=\"https:\/\/i0.wp.com\/omnivion.net\/core\/wp-content\/uploads\/2018\/11\/45521726132_4680aa7f0f_o.jpg?resize=1024%2C768&amp;ssl=1 1024w, https:\/\/i0.wp.com\/omnivion.net\/core\/wp-content\/uploads\/2018\/11\/45521726132_4680aa7f0f_o.jpg?resize=300%2C225&amp;ssl=1 300w, https:\/\/i0.wp.com\/omnivion.net\/core\/wp-content\/uploads\/2018\/11\/45521726132_4680aa7f0f_o.jpg?resize=768%2C576&amp;ssl=1 768w, https:\/\/i0.wp.com\/omnivion.net\/core\/wp-content\/uploads\/2018\/11\/45521726132_4680aa7f0f_o.jpg?w=2000&amp;ssl=1 2000w, https:\/\/i0.wp.com\/omnivion.net\/core\/wp-content\/uploads\/2018\/11\/45521726132_4680aa7f0f_o.jpg?w=3000&amp;ssl=1 3000w\" sizes=\"auto, (max-width: 800px) 100vw, 800px\" \/><\/a><\/p>\n<p><b><i>Voici<\/i><\/b> le cinqui\u00e8me et dernier volet de <a style=\"font-weight: bold;\" href=\"http:\/\/omnivion.net\/core\/projets\/projets-artistiques\/newtopia-6\/\">Newtopia 6<\/a><b> \/\u00a0Danse et sant\u00e9 mentale. (\u00c9v\u00e9nement\u00a0priv\u00e9 en service psychiatrique!)<\/b><\/p>\n<h3>15 d\u00e9cembre \u00e0 14H30,\u00a0caf\u00e9t\u00e9ria de la clinique psychiatrique A du CHU de Tours (Trousseau\/St.Avertin)<\/h3>\n<p>Avec cette \u00e9dition, dans la clinique de la psy A, nous cl\u00f4turons la longue f\u00eate de nos cinq ans du projet Newtopia. Merci pour vos participations et vos soutiens!<\/p>\n<p>&nbsp;<\/p>\n<h2><strong>Programme :<\/strong><\/h2>\n<ul>\n<li><strong>#PolEis<\/strong>\u00a0: Performance de danse contemporaine avec des nouvelles mati\u00e8res de nos recherches chor\u00e9graphique 2019.<\/li>\n<li>Danse partag\u00e9e entre les membres d&rsquo;Omnivion et le public de la clinique.<\/li>\n<\/ul>\n<p>&nbsp;<\/p>\n<p>&lt;&lt;&lt;&lt;&lt;&lt;&lt;&lt;&lt;&lt;&lt;&lt;&lt;&lt;&lt;&lt;&lt;&lt;&lt;&lt;&lt;&lt;&lt;&lt;&lt;&lt;&lt;&lt;&lt;&lt;&lt;&lt;&lt;&lt;&lt;&lt;&lt;&lt;&lt;&lt;&lt;&lt;&lt;&lt;&lt;&lt;&lt;&lt;&lt;&lt;&lt;&lt;&lt;&lt;&lt;&lt;&lt;&lt;&lt;&lt;&lt;&lt;&lt;&lt;&lt;&lt;&lt;&lt;&lt;&lt;&lt;<\/p>\n<p><strong>Partenaires et financement : <\/strong><\/p>\n<p><strong><a href=\"http:\/\/www.culturecommunication.gouv.fr\/Regions\/Drac-Centre-Val-de-Loire\" target=\"_blank\" rel=\"noopener noreferrer\">DRAC Centre<\/a>, <a href=\"http:\/\/ars.centre.sante.fr\/\" target=\"_blank\" rel=\"noopener noreferrer\">ARS Centre<\/a>, <a href=\"https:\/\/transept37.fr\/\" target=\"_blank\" rel=\"noopener noreferrer\">Fonds de dotation Transept37<\/a>, <a href=\"http:\/\/www.chu-tours.fr\/\" target=\"_blank\" rel=\"noopener noreferrer\">CHRU de Tours<\/a>, <a href=\"http:\/\/lesarpentsdart.fr\/cms\/\" target=\"_blank\" rel=\"noopener noreferrer\">Arpents d\u2019Art<\/a>, <a href=\"http:\/\/ville-lariche.fr\/spip.php?page=pleiade\">Ville de la Riche\/Pl\u00e9iade<\/a>, <a href=\"http:\/\/www.tours.fr\/\">Ville de Tours<\/a>, <a href=\"http:\/\/centresocialrabiere.fr\/\" target=\"_blank\" rel=\"noopener noreferrer\">Centre Sociale la Rabi\u00e8re<\/a>.<\/strong><\/p>\n<p>&nbsp;<\/p>\n<p><strong>ACCESSIBILIT\u00c9 :<\/strong><\/p>\n<p><a href=\"http:\/\/omnivion.net\/core\/projets\/projets-artistiques\/newtopia-5\/newtopia-5-3\/log\/\" rel=\"attachment wp-att-2307\"><img data-recalc-dims=\"1\" loading=\"lazy\" decoding=\"async\" class=\"alignnone wp-image-2307\" src=\"https:\/\/i0.wp.com\/omnivion.net\/core\/wp-content\/uploads\/2017\/05\/log.jpg?resize=242%2C136\" alt=\"\" width=\"242\" height=\"136\" srcset=\"https:\/\/i0.wp.com\/omnivion.net\/core\/wp-content\/uploads\/2017\/05\/log.jpg?w=556&amp;ssl=1 556w, https:\/\/i0.wp.com\/omnivion.net\/core\/wp-content\/uploads\/2017\/05\/log.jpg?resize=300%2C169&amp;ssl=1 300w\" sizes=\"auto, (max-width: 242px) 100vw, 242px\" \/><\/a><\/p>\n<p>&nbsp;<\/p>\n<p>&nbsp;<\/p>","protected":false},"excerpt":{"rendered":"<p>Voici le cinqui\u00e8me et dernier volet de Newtopia 6 \/\u00a0Danse et sant\u00e9 mentale. [&hellip;]<\/p>\n","protected":false},"author":1,"featured_media":0,"parent":2332,"menu_order":0,"comment_status":"closed","ping_status":"closed","template":"","meta":{"jetpack_post_was_ever_published":false,"footnotes":""},"class_list":["post-2972","page","type-page","status-publish","hentry"],"yoast_head":"<!-- This site is optimized with the Yoast SEO plugin v26.8 - https:\/\/yoast.com\/product\/yoast-seo-wordpress\/ -->\n<title>Newtopia 6.5 - omnivion.net<\/title>\n<meta name=\"robots\" content=\"index, follow, max-snippet:-1, max-image-preview:large, max-video-preview:-1\" \/>\n<link rel=\"canonical\" href=\"https:\/\/omnivion.net\/core\/fr\/projets\/projets-artistiques\/newtopia-6\/newtopia_6_5\/\" \/>\n<meta property=\"og:locale\" content=\"fr_FR\" \/>\n<meta property=\"og:type\" content=\"article\" \/>\n<meta property=\"og:title\" content=\"Newtopia 6.5 - omnivion.net\" \/>\n<meta property=\"og:description\" content=\"Voici le cinqui\u00e8me et dernier volet de Newtopia 6 \/\u00a0Danse et sant\u00e9 mentale. [&hellip;]\" \/>\n<meta property=\"og:url\" content=\"https:\/\/omnivion.net\/core\/fr\/projets\/projets-artistiques\/newtopia-6\/newtopia_6_5\/\" \/>\n<meta property=\"og:site_name\" content=\"omnivion.net\" \/>\n<meta property=\"article:modified_time\" content=\"2019-01-13T20:42:39+00:00\" \/>\n<meta property=\"og:image\" content=\"http:\/\/omnivion.net\/core\/wp-content\/uploads\/2018\/11\/45521726132_4680aa7f0f_o-1024x768.jpg\" \/>\n<meta name=\"twitter:card\" content=\"summary_large_image\" \/>\n<meta name=\"twitter:label1\" content=\"Dur\u00e9e de lecture estim\u00e9e\" \/>\n\t<meta name=\"twitter:data1\" content=\"2 minutes\" \/>\n<script type=\"application\/ld+json\" class=\"yoast-schema-graph\">{\"@context\":\"https:\/\/schema.org\",\"@graph\":[{\"@type\":\"WebPage\",\"@id\":\"https:\/\/omnivion.net\/core\/fr\/projets\/projets-artistiques\/newtopia-6\/newtopia_6_5\/\",\"url\":\"https:\/\/omnivion.net\/core\/fr\/projets\/projets-artistiques\/newtopia-6\/newtopia_6_5\/\",\"name\":\"Newtopia 6.5 - omnivion.net\",\"isPartOf\":{\"@id\":\"https:\/\/omnivion.net\/core\/fr\/#website\"},\"primaryImageOfPage\":{\"@id\":\"https:\/\/omnivion.net\/core\/fr\/projets\/projets-artistiques\/newtopia-6\/newtopia_6_5\/#primaryimage\"},\"image\":{\"@id\":\"https:\/\/omnivion.net\/core\/fr\/projets\/projets-artistiques\/newtopia-6\/newtopia_6_5\/#primaryimage\"},\"thumbnailUrl\":\"http:\/\/omnivion.net\/core\/wp-content\/uploads\/2018\/11\/45521726132_4680aa7f0f_o-1024x768.jpg\",\"datePublished\":\"2018-11-01T14:35:47+00:00\",\"dateModified\":\"2019-01-13T20:42:39+00:00\",\"breadcrumb\":{\"@id\":\"https:\/\/omnivion.net\/core\/fr\/projets\/projets-artistiques\/newtopia-6\/newtopia_6_5\/#breadcrumb\"},\"inLanguage\":\"fr-FR\",\"potentialAction\":[{\"@type\":\"ReadAction\",\"target\":[\"https:\/\/omnivion.net\/core\/fr\/projets\/projets-artistiques\/newtopia-6\/newtopia_6_5\/\"]}]},{\"@type\":\"ImageObject\",\"inLanguage\":\"fr-FR\",\"@id\":\"https:\/\/omnivion.net\/core\/fr\/projets\/projets-artistiques\/newtopia-6\/newtopia_6_5\/#primaryimage\",\"url\":\"http:\/\/omnivion.net\/core\/wp-content\/uploads\/2018\/11\/45521726132_4680aa7f0f_o-1024x768.jpg\",\"contentUrl\":\"http:\/\/omnivion.net\/core\/wp-content\/uploads\/2018\/11\/45521726132_4680aa7f0f_o-1024x768.jpg\"},{\"@type\":\"BreadcrumbList\",\"@id\":\"https:\/\/omnivion.net\/core\/fr\/projets\/projets-artistiques\/newtopia-6\/newtopia_6_5\/#breadcrumb\",\"itemListElement\":[{\"@type\":\"ListItem\",\"position\":1,\"name\":\"Accueil\",\"item\":\"https:\/\/omnivion.net\/core\/en\/silverstorm\/\"},{\"@type\":\"ListItem\",\"position\":2,\"name\":\"Projets\",\"item\":\"https:\/\/omnivion.net\/core\/fr\/projets\/\"},{\"@type\":\"ListItem\",\"position\":3,\"name\":\"Projets Artistiques\",\"item\":\"https:\/\/omnivion.net\/core\/projets\/projets-artistiques\/\"},{\"@type\":\"ListItem\",\"position\":4,\"name\":\"Newtopia 6\",\"item\":\"https:\/\/omnivion.net\/core\/projets\/projets-artistiques\/newtopia-6\/\"},{\"@type\":\"ListItem\",\"position\":5,\"name\":\"Newtopia 6.5\"}]},{\"@type\":\"WebSite\",\"@id\":\"https:\/\/omnivion.net\/core\/fr\/#website\",\"url\":\"https:\/\/omnivion.net\/core\/fr\/\",\"name\":\"omnivion.net\",\"description\":\"...ARTS D&#039;\u00caTRE CORPS...\",\"potentialAction\":[{\"@type\":\"SearchAction\",\"target\":{\"@type\":\"EntryPoint\",\"urlTemplate\":\"https:\/\/omnivion.net\/core\/fr\/?s={search_term_string}\"},\"query-input\":{\"@type\":\"PropertyValueSpecification\",\"valueRequired\":true,\"valueName\":\"search_term_string\"}}],\"inLanguage\":\"fr-FR\"}]}<\/script>\n<!-- \/ Yoast SEO plugin. -->","yoast_head_json":{"title":"Newtopia 6.5 - omnivion.net","robots":{"index":"index","follow":"follow","max-snippet":"max-snippet:-1","max-image-preview":"max-image-preview:large","max-video-preview":"max-video-preview:-1"},"canonical":"https:\/\/omnivion.net\/core\/fr\/projets\/projets-artistiques\/newtopia-6\/newtopia_6_5\/","og_locale":"fr_FR","og_type":"article","og_title":"Newtopia 6.5 - omnivion.net","og_description":"Voici le cinqui\u00e8me et dernier volet de Newtopia 6 \/\u00a0Danse et sant\u00e9 mentale. [&hellip;]","og_url":"https:\/\/omnivion.net\/core\/fr\/projets\/projets-artistiques\/newtopia-6\/newtopia_6_5\/","og_site_name":"omnivion.net","article_modified_time":"2019-01-13T20:42:39+00:00","og_image":[{"url":"http:\/\/omnivion.net\/core\/wp-content\/uploads\/2018\/11\/45521726132_4680aa7f0f_o-1024x768.jpg","type":"","width":"","height":""}],"twitter_card":"summary_large_image","twitter_misc":{"Dur\u00e9e de lecture estim\u00e9e":"2 minutes"},"schema":{"@context":"https:\/\/schema.org","@graph":[{"@type":"WebPage","@id":"https:\/\/omnivion.net\/core\/fr\/projets\/projets-artistiques\/newtopia-6\/newtopia_6_5\/","url":"https:\/\/omnivion.net\/core\/fr\/projets\/projets-artistiques\/newtopia-6\/newtopia_6_5\/","name":"Newtopia 6.5 - omnivion.net","isPartOf":{"@id":"https:\/\/omnivion.net\/core\/fr\/#website"},"primaryImageOfPage":{"@id":"https:\/\/omnivion.net\/core\/fr\/projets\/projets-artistiques\/newtopia-6\/newtopia_6_5\/#primaryimage"},"image":{"@id":"https:\/\/omnivion.net\/core\/fr\/projets\/projets-artistiques\/newtopia-6\/newtopia_6_5\/#primaryimage"},"thumbnailUrl":"http:\/\/omnivion.net\/core\/wp-content\/uploads\/2018\/11\/45521726132_4680aa7f0f_o-1024x768.jpg","datePublished":"2018-11-01T14:35:47+00:00","dateModified":"2019-01-13T20:42:39+00:00","breadcrumb":{"@id":"https:\/\/omnivion.net\/core\/fr\/projets\/projets-artistiques\/newtopia-6\/newtopia_6_5\/#breadcrumb"},"inLanguage":"fr-FR","potentialAction":[{"@type":"ReadAction","target":["https:\/\/omnivion.net\/core\/fr\/projets\/projets-artistiques\/newtopia-6\/newtopia_6_5\/"]}]},{"@type":"ImageObject","inLanguage":"fr-FR","@id":"https:\/\/omnivion.net\/core\/fr\/projets\/projets-artistiques\/newtopia-6\/newtopia_6_5\/#primaryimage","url":"http:\/\/omnivion.net\/core\/wp-content\/uploads\/2018\/11\/45521726132_4680aa7f0f_o-1024x768.jpg","contentUrl":"http:\/\/omnivion.net\/core\/wp-content\/uploads\/2018\/11\/45521726132_4680aa7f0f_o-1024x768.jpg"},{"@type":"BreadcrumbList","@id":"https:\/\/omnivion.net\/core\/fr\/projets\/projets-artistiques\/newtopia-6\/newtopia_6_5\/#breadcrumb","itemListElement":[{"@type":"ListItem","position":1,"name":"Accueil","item":"https:\/\/omnivion.net\/core\/en\/silverstorm\/"},{"@type":"ListItem","position":2,"name":"Projets","item":"https:\/\/omnivion.net\/core\/fr\/projets\/"},{"@type":"ListItem","position":3,"name":"Projets Artistiques","item":"https:\/\/omnivion.net\/core\/projets\/projets-artistiques\/"},{"@type":"ListItem","position":4,"name":"Newtopia 6","item":"https:\/\/omnivion.net\/core\/projets\/projets-artistiques\/newtopia-6\/"},{"@type":"ListItem","position":5,"name":"Newtopia 6.5"}]},{"@type":"WebSite","@id":"https:\/\/omnivion.net\/core\/fr\/#website","url":"https:\/\/omnivion.net\/core\/fr\/","name":"omnivion.net","description":"...ARTS D&#039;\u00caTRE CORPS...","potentialAction":[{"@type":"SearchAction","target":{"@type":"EntryPoint","urlTemplate":"https:\/\/omnivion.net\/core\/fr\/?s={search_term_string}"},"query-input":{"@type":"PropertyValueSpecification","valueRequired":true,"valueName":"search_term_string"}}],"inLanguage":"fr-FR"}]}},"jetpack_sharing_enabled":true,"jetpack_shortlink":"https:\/\/wp.me\/P2fe7Q-LW","jetpack_likes_enabled":true,"_links":{"self":[{"href":"https:\/\/omnivion.net\/core\/fr\/wp-json\/wp\/v2\/pages\/2972","targetHints":{"allow":["GET"]}}],"collection":[{"href":"https:\/\/omnivion.net\/core\/fr\/wp-json\/wp\/v2\/pages"}],"about":[{"href":"https:\/\/omnivion.net\/core\/fr\/wp-json\/wp\/v2\/types\/page"}],"author":[{"embeddable":true,"href":"https:\/\/omnivion.net\/core\/fr\/wp-json\/wp\/v2\/users\/1"}],"replies":[{"embeddable":true,"href":"https:\/\/omnivion.net\/core\/fr\/wp-json\/wp\/v2\/comments?post=2972"}],"version-history":[{"count":8,"href":"https:\/\/omnivion.net\/core\/fr\/wp-json\/wp\/v2\/pages\/2972\/revisions"}],"predecessor-version":[{"id":3117,"href":"https:\/\/omnivion.net\/core\/fr\/wp-json\/wp\/v2\/pages\/2972\/revisions\/3117"}],"up":[{"embeddable":true,"href":"https:\/\/omnivion.net\/core\/fr\/wp-json\/wp\/v2\/pages\/2332"}],"wp:attachment":[{"href":"https:\/\/omnivion.net\/core\/fr\/wp-json\/wp\/v2\/media?parent=2972"}],"curies":[{"name":"wp","href":"https:\/\/api.w.org\/{rel}","templated":true}]}}