{"id":2913,"date":"2018-10-09T22:20:55","date_gmt":"2018-10-09T21:20:55","guid":{"rendered":"http:\/\/omnivion.net\/core\/?page_id=2913"},"modified":"2019-01-24T18:27:41","modified_gmt":"2019-01-24T17:27:41","slug":"stage-dimitri-tsiapkinis","status":"publish","type":"page","link":"https:\/\/omnivion.net\/core\/fr\/projets\/educational-projects\/stage-dimitri-tsiapkinis\/","title":{"rendered":"Danse et P\u00e9dagogie Perceptive avec Dimitri Tsiapkinis"},"content":{"rendered":"<p><a href=\"https:\/\/i0.wp.com\/omnivion.net\/core\/wp-content\/uploads\/2018\/10\/2017-11-18-13-51-40-P1180050-01b_web.jpeg\"><img data-recalc-dims=\"1\" loading=\"lazy\" decoding=\"async\" class=\"alignnone size-full wp-image-2915\" src=\"https:\/\/i0.wp.com\/omnivion.net\/core\/wp-content\/uploads\/2018\/10\/2017-11-18-13-51-40-P1180050-01b_web.jpeg?resize=800%2C462\" alt=\"\" width=\"800\" height=\"462\" srcset=\"https:\/\/i0.wp.com\/omnivion.net\/core\/wp-content\/uploads\/2018\/10\/2017-11-18-13-51-40-P1180050-01b_web.jpeg?w=800&amp;ssl=1 800w, https:\/\/i0.wp.com\/omnivion.net\/core\/wp-content\/uploads\/2018\/10\/2017-11-18-13-51-40-P1180050-01b_web.jpeg?resize=300%2C173&amp;ssl=1 300w, https:\/\/i0.wp.com\/omnivion.net\/core\/wp-content\/uploads\/2018\/10\/2017-11-18-13-51-40-P1180050-01b_web.jpeg?resize=768%2C444&amp;ssl=1 768w\" sizes=\"auto, (max-width: 800px) 100vw, 800px\" \/><\/a><\/p>\n<h2>une approche p\u00e9dagogique par <a href=\"http:\/\/omnivion.net\/core\/team\/dimitrios-tsiapkinis\/\">Dimitri Tsiapkinis<\/a>, M.A.<\/h2>\n<h3>Perception subtile du corps et expressivit\u00e9 du geste dans\u00e9, \u00e0 Orl\u00e9ans!<\/h3>\n<p><strong>Dates :<\/strong><\/p>\n<h3>le 2 et 3 mars 2019<\/h3>\n<h3>le 10 et 11 novembre 2018 (accompli; voir les photos : <a href=\"https:\/\/flic.kr\/s\/aHsm8M5eJc\" target=\"_blank\" rel=\"noopener\">Flickr\/Orl\u00e9ans_PP&amp;Danse<\/a>)<\/h3>\n<p>&nbsp;<\/p>\n<p><strong>A propos<\/strong><\/p>\n<p>Apr\u00e8s deux saisons d\u2019ateliers au Centre Chor\u00e9graphique National d\u2019Orl\u00e9ans, Dimitri Tsiapkinis est de retour pour deux weekends \u00e0 :<\/p>\n<p>l&rsquo;ASELQO, Centre Boli\u00e8re,\u00a08 rue Henri Poincar\u00e9, 45100 Orl\u00e9ans (tramway A : Boli\u00e8re)<\/p>\n<p>Horaires : Samedi 14H-17H et Dimanche 10H-13H. \/ Prix : 65\u20ac<\/p>\n<p><strong>R\u00e9servations : <a href=\"https:\/\/www.helloasso.com\/associations\/omnivion\/evenements\/stage-danse-et-pedagogie-perceptive-a-orleans-1\">HELLOASSO\/Danse_&amp;_PP_DIMITRI<\/a><\/strong><\/p>\n<p>Un stage ayant deux objectifs majeurs : d\u00e9velopper le sens kinesth\u00e9sique et promouvoir des expressivit\u00e9s authentiques. Dimitri travaille depuis plus que 20 ans avec des danseurs, com\u00e9diens, musiciens, soignants et des personnes d\u2019autres domaines pour \u00e9laborer des nouvelles approches p\u00e9dagogiques en danse.<\/p>\n<p>Sa recherche a \u00e9t\u00e9 nourrie de nombreuses exp\u00e9riences avec des pratiques d\u2019\u00e9ducation somatique (Pilates, Feldenkrais, Body Mind Centering, etc.) pour finalement se focaliser sur une m\u00e9thode fran\u00e7aise bas\u00e9e sur les mouvements fluides tr\u00e8s subtils des tissus conjonctifs : P\u00e9dagogie de la perception (issue de la Fasciath\u00e9rapie). En travaillant avec les outils de cette m\u00e9thode, nous observons d\u2019apaisements spontan\u00e9s des douleurs musculaires, une sensibilisation posturale accrue et un renouvellement des impulsions expressives et cr\u00e9atrices.<\/p>\n<p>Outre cet axe de travail, il y aura l\u2019habituelle fusion de courants et d\u2019esth\u00e9tiques dans la perspective m\u00e9tamoderne : un travail r\u00e9flexif et inclusif qui permet l\u2019exp\u00e9rimentation de toute forme de danse : moderne et post-moderne, Skinner release, b\u00fbto, danse africaine, physical theater, etc. Et aussi, \u00e9tant assistant du ma\u00eetre Shaolin Shi Yan Jun depuis 6 ans, ses outils sont \u00e9galement enrichis de sa pratique du Tai Chi (style Chen).<\/p>\n<p>&nbsp;<\/p>\n<p><strong>Contenu du stage<br \/>\n<\/strong><br \/>\n<strong>\u00c9chauffement :<\/strong><\/p>\n<p>\u2022 Stimulation sensorielle par mobilisation et assouplissement des fascias.<br \/>\n\u2022 Exercices de tonicit\u00e9 du tronc et pratiques qui promeuvent une attention accrue.<br \/>\n\u2022 Red\u00e9finition posturale sensible \u00e0 travers des encha\u00eenements et improvisations au sol ou debout.<\/p>\n<p><strong>Travail de technicit\u00e9 en lien avec l\u2019expressivit\u00e9 personnelle :<\/strong><\/p>\n<p>\u2022 Ancrage au sol et coordination entre le tronc et les membres<br \/>\n\u2022 Changements radicaux d\u2019\u00e9nergie et de qualit\u00e9 de mouvement<br \/>\n\u2022 Enrichissement de la perception spatiale<\/p>\n<p><strong>Atelier cr\u00e9atif<br \/>\n<\/strong><br \/>\n\u2022 Stimuler l\u2019int\u00e9gration et la spontan\u00e9it\u00e9 en improvisant sur les mati\u00e8res du cours<br \/>\n\u2022 Explorer diverses approches dramaturgiques du mouvement en solo, duo ou en groupe (th\u00e9\u00e2tre, contact improvisation, sc\u00e9narios sensoriels, authentic mouvement, etc.)<br \/>\n\u2022 Explorer des \u00e9tats extatiques<\/p>\n<p>Pour plus d\u2019information, contactez : omniviations@protonmail.com ou visitez : omniviations.com<\/p>","protected":false},"excerpt":{"rendered":"<p>une approche p\u00e9dagogique par Dimitri Tsiapkinis, M.A. Perception subtile du corps et expressivit\u00e9 [&hellip;]<\/p>\n","protected":false},"author":1,"featured_media":0,"parent":63,"menu_order":0,"comment_status":"closed","ping_status":"closed","template":"","meta":{"jetpack_post_was_ever_published":false,"footnotes":""},"class_list":["post-2913","page","type-page","status-publish","hentry"],"yoast_head":"<!-- This site is optimized with the Yoast SEO plugin v26.8 - https:\/\/yoast.com\/product\/yoast-seo-wordpress\/ -->\n<title>Danse et P\u00e9dagogie Perceptive avec Dimitri Tsiapkinis - omnivion.net<\/title>\n<meta name=\"robots\" content=\"index, follow, max-snippet:-1, max-image-preview:large, max-video-preview:-1\" \/>\n<link rel=\"canonical\" href=\"https:\/\/omnivion.net\/core\/fr\/projets\/educational-projects\/stage-dimitri-tsiapkinis\/\" \/>\n<meta property=\"og:locale\" content=\"fr_FR\" \/>\n<meta property=\"og:type\" content=\"article\" \/>\n<meta property=\"og:title\" content=\"Danse et P\u00e9dagogie Perceptive avec Dimitri Tsiapkinis - omnivion.net\" \/>\n<meta property=\"og:description\" content=\"une approche p\u00e9dagogique par Dimitri Tsiapkinis, M.A. Perception subtile du corps et expressivit\u00e9 [&hellip;]\" \/>\n<meta property=\"og:url\" content=\"https:\/\/omnivion.net\/core\/fr\/projets\/educational-projects\/stage-dimitri-tsiapkinis\/\" \/>\n<meta property=\"og:site_name\" content=\"omnivion.net\" \/>\n<meta property=\"article:modified_time\" content=\"2019-01-24T17:27:41+00:00\" \/>\n<meta property=\"og:image\" content=\"http:\/\/omnivion.net\/core\/wp-content\/uploads\/2018\/10\/2017-11-18-13-51-40-P1180050-01b_web.jpeg\" \/>\n<meta name=\"twitter:card\" content=\"summary_large_image\" \/>\n<meta name=\"twitter:label1\" content=\"Dur\u00e9e de lecture estim\u00e9e\" \/>\n\t<meta name=\"twitter:data1\" content=\"4 minutes\" \/>\n<script type=\"application\/ld+json\" class=\"yoast-schema-graph\">{\"@context\":\"https:\/\/schema.org\",\"@graph\":[{\"@type\":\"WebPage\",\"@id\":\"https:\/\/omnivion.net\/core\/fr\/projets\/educational-projects\/stage-dimitri-tsiapkinis\/\",\"url\":\"https:\/\/omnivion.net\/core\/fr\/projets\/educational-projects\/stage-dimitri-tsiapkinis\/\",\"name\":\"Danse et P\u00e9dagogie Perceptive avec Dimitri Tsiapkinis - omnivion.net\",\"isPartOf\":{\"@id\":\"https:\/\/omnivion.net\/core\/fr\/#website\"},\"primaryImageOfPage\":{\"@id\":\"https:\/\/omnivion.net\/core\/fr\/projets\/educational-projects\/stage-dimitri-tsiapkinis\/#primaryimage\"},\"image\":{\"@id\":\"https:\/\/omnivion.net\/core\/fr\/projets\/educational-projects\/stage-dimitri-tsiapkinis\/#primaryimage\"},\"thumbnailUrl\":\"http:\/\/omnivion.net\/core\/wp-content\/uploads\/2018\/10\/2017-11-18-13-51-40-P1180050-01b_web.jpeg\",\"datePublished\":\"2018-10-09T21:20:55+00:00\",\"dateModified\":\"2019-01-24T17:27:41+00:00\",\"breadcrumb\":{\"@id\":\"https:\/\/omnivion.net\/core\/fr\/projets\/educational-projects\/stage-dimitri-tsiapkinis\/#breadcrumb\"},\"inLanguage\":\"fr-FR\",\"potentialAction\":[{\"@type\":\"ReadAction\",\"target\":[\"https:\/\/omnivion.net\/core\/fr\/projets\/educational-projects\/stage-dimitri-tsiapkinis\/\"]}]},{\"@type\":\"ImageObject\",\"inLanguage\":\"fr-FR\",\"@id\":\"https:\/\/omnivion.net\/core\/fr\/projets\/educational-projects\/stage-dimitri-tsiapkinis\/#primaryimage\",\"url\":\"http:\/\/omnivion.net\/core\/wp-content\/uploads\/2018\/10\/2017-11-18-13-51-40-P1180050-01b_web.jpeg\",\"contentUrl\":\"http:\/\/omnivion.net\/core\/wp-content\/uploads\/2018\/10\/2017-11-18-13-51-40-P1180050-01b_web.jpeg\"},{\"@type\":\"BreadcrumbList\",\"@id\":\"https:\/\/omnivion.net\/core\/fr\/projets\/educational-projects\/stage-dimitri-tsiapkinis\/#breadcrumb\",\"itemListElement\":[{\"@type\":\"ListItem\",\"position\":1,\"name\":\"Accueil\",\"item\":\"https:\/\/omnivion.net\/core\/en\/silverstorm\/\"},{\"@type\":\"ListItem\",\"position\":2,\"name\":\"Projets\",\"item\":\"https:\/\/omnivion.net\/core\/fr\/projets\/\"},{\"@type\":\"ListItem\",\"position\":3,\"name\":\"Projets Educatifs\",\"item\":\"https:\/\/omnivion.net\/core\/projets\/educational-projects\/\"},{\"@type\":\"ListItem\",\"position\":4,\"name\":\"Danse et P\u00e9dagogie Perceptive avec Dimitri Tsiapkinis\"}]},{\"@type\":\"WebSite\",\"@id\":\"https:\/\/omnivion.net\/core\/fr\/#website\",\"url\":\"https:\/\/omnivion.net\/core\/fr\/\",\"name\":\"omnivion.net\",\"description\":\"...ARTS D&#039;\u00caTRE CORPS...\",\"potentialAction\":[{\"@type\":\"SearchAction\",\"target\":{\"@type\":\"EntryPoint\",\"urlTemplate\":\"https:\/\/omnivion.net\/core\/fr\/?s={search_term_string}\"},\"query-input\":{\"@type\":\"PropertyValueSpecification\",\"valueRequired\":true,\"valueName\":\"search_term_string\"}}],\"inLanguage\":\"fr-FR\"}]}<\/script>\n<!-- \/ Yoast SEO plugin. -->","yoast_head_json":{"title":"Danse et P\u00e9dagogie Perceptive avec Dimitri Tsiapkinis - omnivion.net","robots":{"index":"index","follow":"follow","max-snippet":"max-snippet:-1","max-image-preview":"max-image-preview:large","max-video-preview":"max-video-preview:-1"},"canonical":"https:\/\/omnivion.net\/core\/fr\/projets\/educational-projects\/stage-dimitri-tsiapkinis\/","og_locale":"fr_FR","og_type":"article","og_title":"Danse et P\u00e9dagogie Perceptive avec Dimitri Tsiapkinis - omnivion.net","og_description":"une approche p\u00e9dagogique par Dimitri Tsiapkinis, M.A. Perception subtile du corps et expressivit\u00e9 [&hellip;]","og_url":"https:\/\/omnivion.net\/core\/fr\/projets\/educational-projects\/stage-dimitri-tsiapkinis\/","og_site_name":"omnivion.net","article_modified_time":"2019-01-24T17:27:41+00:00","og_image":[{"url":"http:\/\/omnivion.net\/core\/wp-content\/uploads\/2018\/10\/2017-11-18-13-51-40-P1180050-01b_web.jpeg","type":"","width":"","height":""}],"twitter_card":"summary_large_image","twitter_misc":{"Dur\u00e9e de lecture estim\u00e9e":"4 minutes"},"schema":{"@context":"https:\/\/schema.org","@graph":[{"@type":"WebPage","@id":"https:\/\/omnivion.net\/core\/fr\/projets\/educational-projects\/stage-dimitri-tsiapkinis\/","url":"https:\/\/omnivion.net\/core\/fr\/projets\/educational-projects\/stage-dimitri-tsiapkinis\/","name":"Danse et P\u00e9dagogie Perceptive avec Dimitri Tsiapkinis - omnivion.net","isPartOf":{"@id":"https:\/\/omnivion.net\/core\/fr\/#website"},"primaryImageOfPage":{"@id":"https:\/\/omnivion.net\/core\/fr\/projets\/educational-projects\/stage-dimitri-tsiapkinis\/#primaryimage"},"image":{"@id":"https:\/\/omnivion.net\/core\/fr\/projets\/educational-projects\/stage-dimitri-tsiapkinis\/#primaryimage"},"thumbnailUrl":"http:\/\/omnivion.net\/core\/wp-content\/uploads\/2018\/10\/2017-11-18-13-51-40-P1180050-01b_web.jpeg","datePublished":"2018-10-09T21:20:55+00:00","dateModified":"2019-01-24T17:27:41+00:00","breadcrumb":{"@id":"https:\/\/omnivion.net\/core\/fr\/projets\/educational-projects\/stage-dimitri-tsiapkinis\/#breadcrumb"},"inLanguage":"fr-FR","potentialAction":[{"@type":"ReadAction","target":["https:\/\/omnivion.net\/core\/fr\/projets\/educational-projects\/stage-dimitri-tsiapkinis\/"]}]},{"@type":"ImageObject","inLanguage":"fr-FR","@id":"https:\/\/omnivion.net\/core\/fr\/projets\/educational-projects\/stage-dimitri-tsiapkinis\/#primaryimage","url":"http:\/\/omnivion.net\/core\/wp-content\/uploads\/2018\/10\/2017-11-18-13-51-40-P1180050-01b_web.jpeg","contentUrl":"http:\/\/omnivion.net\/core\/wp-content\/uploads\/2018\/10\/2017-11-18-13-51-40-P1180050-01b_web.jpeg"},{"@type":"BreadcrumbList","@id":"https:\/\/omnivion.net\/core\/fr\/projets\/educational-projects\/stage-dimitri-tsiapkinis\/#breadcrumb","itemListElement":[{"@type":"ListItem","position":1,"name":"Accueil","item":"https:\/\/omnivion.net\/core\/en\/silverstorm\/"},{"@type":"ListItem","position":2,"name":"Projets","item":"https:\/\/omnivion.net\/core\/fr\/projets\/"},{"@type":"ListItem","position":3,"name":"Projets Educatifs","item":"https:\/\/omnivion.net\/core\/projets\/educational-projects\/"},{"@type":"ListItem","position":4,"name":"Danse et P\u00e9dagogie Perceptive avec Dimitri Tsiapkinis"}]},{"@type":"WebSite","@id":"https:\/\/omnivion.net\/core\/fr\/#website","url":"https:\/\/omnivion.net\/core\/fr\/","name":"omnivion.net","description":"...ARTS D&#039;\u00caTRE CORPS...","potentialAction":[{"@type":"SearchAction","target":{"@type":"EntryPoint","urlTemplate":"https:\/\/omnivion.net\/core\/fr\/?s={search_term_string}"},"query-input":{"@type":"PropertyValueSpecification","valueRequired":true,"valueName":"search_term_string"}}],"inLanguage":"fr-FR"}]}},"jetpack_sharing_enabled":true,"jetpack_shortlink":"https:\/\/wp.me\/P2fe7Q-KZ","jetpack_likes_enabled":true,"_links":{"self":[{"href":"https:\/\/omnivion.net\/core\/fr\/wp-json\/wp\/v2\/pages\/2913","targetHints":{"allow":["GET"]}}],"collection":[{"href":"https:\/\/omnivion.net\/core\/fr\/wp-json\/wp\/v2\/pages"}],"about":[{"href":"https:\/\/omnivion.net\/core\/fr\/wp-json\/wp\/v2\/types\/page"}],"author":[{"embeddable":true,"href":"https:\/\/omnivion.net\/core\/fr\/wp-json\/wp\/v2\/users\/1"}],"replies":[{"embeddable":true,"href":"https:\/\/omnivion.net\/core\/fr\/wp-json\/wp\/v2\/comments?post=2913"}],"version-history":[{"count":8,"href":"https:\/\/omnivion.net\/core\/fr\/wp-json\/wp\/v2\/pages\/2913\/revisions"}],"predecessor-version":[{"id":3136,"href":"https:\/\/omnivion.net\/core\/fr\/wp-json\/wp\/v2\/pages\/2913\/revisions\/3136"}],"up":[{"embeddable":true,"href":"https:\/\/omnivion.net\/core\/fr\/wp-json\/wp\/v2\/pages\/63"}],"wp:attachment":[{"href":"https:\/\/omnivion.net\/core\/fr\/wp-json\/wp\/v2\/media?parent=2913"}],"curies":[{"name":"wp","href":"https:\/\/api.w.org\/{rel}","templated":true}]}}