{"id":2868,"date":"2018-09-01T11:09:16","date_gmt":"2018-09-01T10:09:16","guid":{"rendered":"http:\/\/omnivion.net\/core\/projets\/projets-artistiques\/newtopia-6\/newtopia_6_2-copy\/"},"modified":"2019-01-13T21:18:09","modified_gmt":"2019-01-13T20:18:09","slug":"newtopia_6_4","status":"publish","type":"page","link":"https:\/\/omnivion.net\/core\/fr\/projets\/projets-artistiques\/newtopia-6\/newtopia_6_4\/","title":{"rendered":"Newtopia 6.4 \/ Visions Indigo"},"content":{"rendered":"<p><div id=\"attachment_2869\" style=\"width: 810px\" class=\"wp-caption alignnone\"><a href=\"https:\/\/i0.wp.com\/omnivion.net\/core\/wp-content\/uploads\/2018\/09\/DURET-Bernard-64_edit_web.jpg\"><img data-recalc-dims=\"1\" loading=\"lazy\" decoding=\"async\" aria-describedby=\"caption-attachment-2869\" class=\"size-full wp-image-2869\" src=\"https:\/\/i0.wp.com\/omnivion.net\/core\/wp-content\/uploads\/2018\/09\/DURET-Bernard-64_edit_web.jpg?resize=800%2C527\" alt=\"\" width=\"800\" height=\"527\" srcset=\"https:\/\/i0.wp.com\/omnivion.net\/core\/wp-content\/uploads\/2018\/09\/DURET-Bernard-64_edit_web.jpg?w=800&amp;ssl=1 800w, https:\/\/i0.wp.com\/omnivion.net\/core\/wp-content\/uploads\/2018\/09\/DURET-Bernard-64_edit_web.jpg?resize=300%2C198&amp;ssl=1 300w, https:\/\/i0.wp.com\/omnivion.net\/core\/wp-content\/uploads\/2018\/09\/DURET-Bernard-64_edit_web.jpg?resize=768%2C506&amp;ssl=1 768w\" sizes=\"auto, (max-width: 800px) 100vw, 800px\" \/><\/a><p id=\"caption-attachment-2869\" class=\"wp-caption-text\">Photo \u00a9 Bernard Duret<\/p><\/div><\/p>\n<p>&nbsp;<\/p>\n<p><em><strong>Visions Indigo\u00a0<\/strong><\/em>est le quatri\u00e8me volet de <strong><a href=\"http:\/\/omnivion.net\/core\/projets\/projets-artistiques\/newtopia-6\/\">Newtopia 6<\/a> \/\u00a0Danse et sant\u00e9 mentale.\u00a0<\/strong>Avec la sixi\u00e8me \u00e9dition, nous f\u00eatons cinq ans de cr\u00e9ations, performances, conf\u00e9rences et expositions singuli\u00e8res. La session 6.4 sera pr\u00e9sent\u00e9 dans le cadre <strong><em>Au Tours du Handicap et de la Culture 2018<\/em><\/strong>, mais aussi\u00a0dans\u00a0<b><em>Rencontres Vid\u00e9o en Sant\u00e9 Mentale<\/em>, <\/b>\u00e0 Paris. Une diffusion de danses et d&rsquo;images qui promeut la diversit\u00e9 et la multiplicit\u00e9. Une multiplicit\u00e9 qui d\u00e9fie la culture de la normalit\u00e9, de l&rsquo;unicit\u00e9, des pens\u00e9es uniques. Encore une fois, l\u2019\u00e9quipe d\u2019Omnivion tentera de po\u00e9tiser la\u00a0<em>folie<\/em>, d&rsquo;interroger nos a priori sur les <em>normalit\u00e9s<\/em> expressives et cr\u00e9atives. Avant dernier rendez-vous pour l&rsquo;ann\u00e9e 2018!<\/p>\n<p>&nbsp;<\/p>\n<h2><strong>Programme :<br \/>\n<\/strong><\/h2>\n<ul>\n<li style=\"list-style-type: none;\">\n<ul>\n<li>\n<ul>\n<li style=\"list-style-type: none;\">\n<ul>\n<li><span style=\"font-family: Calibri, sans-serif;\"><b>&gt;&gt;13 nov. au 8 d\u00e9cembre \u2013 \u00ab\u00a0<\/b><\/span><span style=\"font-family: Calibri, sans-serif;\"><i><b>\u00catre plus pr\u00e8s de soi par le mouvement<\/b><\/i><\/span><span style=\"font-family: Calibri, sans-serif;\"><b>\u00a0\u00bb exposition de photographies de Bernard Duret et\u00a0projections d&rsquo;extraits de vid\u00e9o des Newtopias des ann\u00e9es pr\u00e9c\u00e9dentes,<\/b><\/span><span style=\"font-family: Calibri, sans-serif;\">\u00a0\u00e0 la biblioth\u00e8que centrale de Tours.\u00a0P<\/span><span style=\"font-family: Calibri, sans-serif;\">lus d\u2019info (PDF)<\/span><span style=\"font-family: Calibri, sans-serif;\"> :\u00a0<\/span><span style=\"color: #0563c1;\"><u><span style=\"font-family: Calibri, sans-serif;\"><a href=\"http:\/\/www.bm-tours.fr\/userfiles\/file\/agenda\/prognovdec18.pdf\" target=\"_blank\" rel=\"noopener\">Tours Biblioth\u00e8que<\/a> <\/span><\/u><\/span><u><span style=\"font-family: Calibri, sans-serif;\">Programme<\/span><\/u><\/span><\/span><\/span><\/span>&nbsp;\n<p><span style=\"font-family: Calibri, sans-serif;\"><b>&gt;&gt;15 nov. \u00e0 19H45 \u2013\u00a0projection du film\u00a0<\/b><\/span><span style=\"font-family: Calibri, sans-serif;\"><i><b>Couleur du Temps, ateliers de danse Indigo<\/b><\/i><\/span><span style=\"font-family: Calibri, sans-serif;\"><b>\u00a0\/ Danse en milieu psychiatrique<\/b><\/span><span style=\"font-family: Calibri, sans-serif;\">\u00a0et d\u00e9bat conjointement avec l\u2019ADAPEI\u00a0au Cin\u00e9ma Les Studios, 2 rue des Ursulines, 37000, Tours. Il y aura \u00e9galement le film <strong><em>Des visages, des figures\u00a0<\/em>\/ Marionettes et handicap mental,<\/strong> de Hubert J\u00e9gat et Yohan Vioux. Horaire : 19 h 45 (Dur\u00e9e des deux films plus le d\u00e9bat : 2 h 30) Accessibilit\u00e9s : handicaps moteur (jauge limit\u00e9e \u2013 r\u00e9servation indispensable), mental, psychique et auditif (boucle magn\u00e9tique). Tarifs : 3,50 \u20ac adh\u00e9rents Studio \u2013 4,50 \u20ac non adh\u00e9rents. <\/span><span style=\"font-family: Calibri, sans-serif;\">Projection dans le cadre du Cin\u00e9ma National Populaire. Info\u00a0: <\/span><a href=\"http:\/\/www.studiocine.com\/presentation-cnp.html#.W9OBmmgzaUk\"><span style=\"font-family: Calibri, sans-serif;\"><b>CNP.<\/b><\/span><\/a><\/li>\n<\/ul>\n<\/li>\n<\/ul>\n<\/li>\n<li>\n<ul>\n<li style=\"list-style-type: none;\">\n<ul>\n<li><span style=\"font-family: Calibri, sans-serif;\"><b>&gt;&gt;16\u00a0nov. \u00e0 15H15 \u2013\u00a0projection du film\u00a0<\/b><\/span><span style=\"font-family: Calibri, sans-serif;\"><i><b>Couleur du Temps<\/b><\/i><\/span><span style=\"font-family: Calibri, sans-serif;\"><b>,\u00a0aux\u00a019\u00e8mes\u00a0Rencontres Vid\u00e9o en Sant\u00e9 Mentale<\/b><\/span><span style=\"font-family: Calibri, sans-serif;\">, \u00e0 la Cit\u00e9 des sciences et de l\u2019industrie, 30 avenue Corentin Cariou 75019 Paris. Dur\u00e9e avec \u00e9changes : 45 min. Accessibilit\u00e9s : handicaps moteur (jauge limit\u00e9e \u2013 r\u00e9servation indispensable), mental, psychique et auditif. Tarif (souhait\u00e9) : 10\u20ac. <\/span><span style=\"font-family: Calibri, sans-serif;\"><span style=\"font-family: Calibri, sans-serif;\"><span style=\"font-family: Calibri, sans-serif;\">Plus d\u2019infos : <a href=\"https:\/\/www.mediapsy.tv\/rencontres-video-en-sante-mentale\">mediapsy.tv\/rencontres-video-en-sante-mentale<\/a><\/span><\/span><\/span>&nbsp;<\/li>\n<\/ul>\n<\/li>\n<\/ul>\n<ul>\n<li style=\"list-style-type: none;\">\n<ul>\n<li><span style=\"font-family: Calibri, sans-serif;\"><b>&gt;&gt;18\u00a0nov. \u00e0 16H00 \u2013 \u00ab\u00a0<\/b><\/span><span style=\"font-family: Calibri, sans-serif;\"><i><b>Extraits Divine(s)<\/b><\/i><\/span><span style=\"font-family: Calibri, sans-serif;\"><b>\u00a0\u00bb performance de danse contemporaine,<\/b><\/span><span style=\"font-family: Calibri, sans-serif;\">\u00a0\u00e0 la biblioth\u00e8que municipale de Tours (Dur\u00e9e : 30 minutes).\u00a0Adresse :\u00a0<\/span><span style=\"color: #0563c1;\"><u><a href=\"https:\/\/www.tours.fr\/services-infos-pratiques\/95-bibliotheques.htm\" target=\"_blank\" rel=\"noopener\"><span style=\"font-family: Calibri, sans-serif;\">Tours Biblioth\u00e8que<\/span><\/a><\/u><\/span><span style=\"font-family: Calibri, sans-serif;\">, Salle Actualit\u00e9s, au rez-de-chauss\u00e9e de la biblioth\u00e8que centrale \u2013 2 avenue Andr\u00e9 Malraux, Tout public. Accessibilit\u00e9s : handicaps moteur (jauge limit\u00e9e \u2013 r\u00e9servation indispensable), mental, psychique, auditif (sourds et malentendants). Tarif : Gratuit. R\u00e9servations : 02 47 31 07 36 ou 02 47 54 30 43. P<\/span><span style=\"font-family: Calibri, sans-serif;\">lus d\u2019infos (PDF)<\/span><span style=\"font-family: Calibri, sans-serif;\"> :\u00a0<\/span><span style=\"color: #0563c1;\"><u><span style=\"font-family: Calibri, sans-serif;\"><a href=\"http:\/\/www.bm-tours.fr\/userfiles\/file\/agenda\/prognovdec18.pdf\" target=\"_blank\" rel=\"noopener\">Tours Biblioth\u00e8que<\/a> <\/span><\/u><\/span><span style=\"color: #0563c1;\"><u><span style=\"font-family: Calibri, sans-serif;\">Programme<\/span><\/u><\/span><\/li>\n<\/ul>\n<\/li>\n<\/ul>\n<\/li>\n<\/ul>\n<\/li>\n<\/ul>\n<p>&nbsp;<\/p>\n<p>&lt;&lt;&lt;&lt;&lt;&lt;&lt;&lt;&lt;&lt;&lt;&lt;&lt;&lt;&lt;&lt;&lt;&lt;&lt;&lt;&lt;&lt;&lt;&lt;&lt;&lt;&lt;&lt;&lt;&lt;&lt;&lt;&lt;&lt;&lt;&lt;&lt;&lt;&lt;&lt;&lt;&lt;&lt;&lt;&lt;&lt;&lt;&lt;&lt;&lt;&lt;&lt;&lt;&lt;&lt;&lt;&lt;&lt;&lt;&lt;&lt;&lt;&lt;&lt;&lt;&lt;&lt;&lt;&lt;&lt;&lt;<\/p>\n<p><strong>Partenaires et financement : <\/strong><\/p>\n<p><strong><a href=\"http:\/\/www.culturecommunication.gouv.fr\/Regions\/Drac-Centre-Val-de-Loire\" target=\"_blank\" rel=\"noopener noreferrer\">DRAC Centre<\/a>, <a href=\"http:\/\/ars.centre.sante.fr\/\" target=\"_blank\" rel=\"noopener noreferrer\">ARS Centre<\/a>, <a href=\"https:\/\/transept37.fr\/\" target=\"_blank\" rel=\"noopener noreferrer\">Fonds de dotation Transept37<\/a>, <a href=\"http:\/\/www.chu-tours.fr\/\" target=\"_blank\" rel=\"noopener noreferrer\">CHRU de Tours<\/a>, <a href=\"http:\/\/lesarpentsdart.fr\/cms\/\" target=\"_blank\" rel=\"noopener noreferrer\">Arpents d\u2019Art<\/a>, <a href=\"http:\/\/ville-lariche.fr\/spip.php?page=pleiade\">Ville de la Riche\/Pl\u00e9iade<\/a>, <a href=\"http:\/\/www.tours.fr\/\">Ville de Tours<\/a>, <a href=\"http:\/\/centresocialrabiere.fr\/\" target=\"_blank\" rel=\"noopener noreferrer\">Centre Sociale la Rabi\u00e8re<\/a>.<\/strong><\/p>\n<p>&nbsp;<\/p>\n<p><strong>ACCESSIBILIT\u00c9 :<\/strong><\/p>\n<p><a href=\"http:\/\/omnivion.net\/core\/projets\/projets-artistiques\/newtopia-5\/newtopia-5-3\/log\/\" rel=\"attachment wp-att-2307\"><img data-recalc-dims=\"1\" loading=\"lazy\" decoding=\"async\" class=\"alignnone wp-image-2307\" src=\"https:\/\/i0.wp.com\/omnivion.net\/core\/wp-content\/uploads\/2017\/05\/log.jpg?resize=242%2C136\" alt=\"\" width=\"242\" height=\"136\" srcset=\"https:\/\/i0.wp.com\/omnivion.net\/core\/wp-content\/uploads\/2017\/05\/log.jpg?w=556&amp;ssl=1 556w, https:\/\/i0.wp.com\/omnivion.net\/core\/wp-content\/uploads\/2017\/05\/log.jpg?resize=300%2C169&amp;ssl=1 300w\" sizes=\"auto, (max-width: 242px) 100vw, 242px\" \/><\/a><\/p>\n<p>&nbsp;<\/p>\n<p>&nbsp;<\/p>","protected":false},"excerpt":{"rendered":"<p>&nbsp; Visions Indigo\u00a0est le quatri\u00e8me volet de Newtopia 6 \/\u00a0Danse et sant\u00e9 mentale.\u00a0Avec [&hellip;]<\/p>\n","protected":false},"author":1,"featured_media":0,"parent":2332,"menu_order":0,"comment_status":"closed","ping_status":"closed","template":"","meta":{"jetpack_post_was_ever_published":false,"footnotes":""},"class_list":["post-2868","page","type-page","status-publish","hentry"],"yoast_head":"<!-- This site is optimized with the Yoast SEO plugin v27.4 - https:\/\/yoast.com\/product\/yoast-seo-wordpress\/ -->\n<title>Newtopia 6.4 \/ Visions Indigo - omnivion.net<\/title>\n<meta name=\"robots\" content=\"index, follow, max-snippet:-1, max-image-preview:large, max-video-preview:-1\" \/>\n<link rel=\"canonical\" href=\"https:\/\/omnivion.net\/core\/fr\/projets\/projets-artistiques\/newtopia-6\/newtopia_6_4\/\" \/>\n<meta property=\"og:locale\" content=\"fr_FR\" \/>\n<meta property=\"og:type\" content=\"article\" \/>\n<meta property=\"og:title\" content=\"Newtopia 6.4 \/ Visions Indigo - omnivion.net\" \/>\n<meta property=\"og:description\" content=\"&nbsp; Visions Indigo\u00a0est le quatri\u00e8me volet de Newtopia 6 \/\u00a0Danse et sant\u00e9 mentale.\u00a0Avec [&hellip;]\" \/>\n<meta property=\"og:url\" content=\"https:\/\/omnivion.net\/core\/fr\/projets\/projets-artistiques\/newtopia-6\/newtopia_6_4\/\" \/>\n<meta property=\"og:site_name\" content=\"omnivion.net\" \/>\n<meta property=\"article:modified_time\" content=\"2019-01-13T20:18:09+00:00\" \/>\n<meta property=\"og:image\" content=\"http:\/\/omnivion.net\/core\/wp-content\/uploads\/2018\/09\/DURET-Bernard-64_edit_web.jpg\" \/>\n<meta name=\"twitter:card\" content=\"summary_large_image\" \/>\n<meta name=\"twitter:label1\" content=\"Dur\u00e9e de lecture estim\u00e9e\" \/>\n\t<meta name=\"twitter:data1\" content=\"4 minutes\" \/>\n<script type=\"application\/ld+json\" class=\"yoast-schema-graph\">{\"@context\":\"https:\\\/\\\/schema.org\",\"@graph\":[{\"@type\":\"WebPage\",\"@id\":\"https:\\\/\\\/omnivion.net\\\/core\\\/fr\\\/projets\\\/projets-artistiques\\\/newtopia-6\\\/newtopia_6_4\\\/\",\"url\":\"https:\\\/\\\/omnivion.net\\\/core\\\/fr\\\/projets\\\/projets-artistiques\\\/newtopia-6\\\/newtopia_6_4\\\/\",\"name\":\"Newtopia 6.4 \\\/ Visions Indigo - omnivion.net\",\"isPartOf\":{\"@id\":\"https:\\\/\\\/omnivion.net\\\/core\\\/fr\\\/#website\"},\"primaryImageOfPage\":{\"@id\":\"https:\\\/\\\/omnivion.net\\\/core\\\/fr\\\/projets\\\/projets-artistiques\\\/newtopia-6\\\/newtopia_6_4\\\/#primaryimage\"},\"image\":{\"@id\":\"https:\\\/\\\/omnivion.net\\\/core\\\/fr\\\/projets\\\/projets-artistiques\\\/newtopia-6\\\/newtopia_6_4\\\/#primaryimage\"},\"thumbnailUrl\":\"http:\\\/\\\/omnivion.net\\\/core\\\/wp-content\\\/uploads\\\/2018\\\/09\\\/DURET-Bernard-64_edit_web.jpg\",\"datePublished\":\"2018-09-01T10:09:16+00:00\",\"dateModified\":\"2019-01-13T20:18:09+00:00\",\"breadcrumb\":{\"@id\":\"https:\\\/\\\/omnivion.net\\\/core\\\/fr\\\/projets\\\/projets-artistiques\\\/newtopia-6\\\/newtopia_6_4\\\/#breadcrumb\"},\"inLanguage\":\"fr-FR\",\"potentialAction\":[{\"@type\":\"ReadAction\",\"target\":[\"https:\\\/\\\/omnivion.net\\\/core\\\/fr\\\/projets\\\/projets-artistiques\\\/newtopia-6\\\/newtopia_6_4\\\/\"]}]},{\"@type\":\"ImageObject\",\"inLanguage\":\"fr-FR\",\"@id\":\"https:\\\/\\\/omnivion.net\\\/core\\\/fr\\\/projets\\\/projets-artistiques\\\/newtopia-6\\\/newtopia_6_4\\\/#primaryimage\",\"url\":\"http:\\\/\\\/omnivion.net\\\/core\\\/wp-content\\\/uploads\\\/2018\\\/09\\\/DURET-Bernard-64_edit_web.jpg\",\"contentUrl\":\"http:\\\/\\\/omnivion.net\\\/core\\\/wp-content\\\/uploads\\\/2018\\\/09\\\/DURET-Bernard-64_edit_web.jpg\"},{\"@type\":\"BreadcrumbList\",\"@id\":\"https:\\\/\\\/omnivion.net\\\/core\\\/fr\\\/projets\\\/projets-artistiques\\\/newtopia-6\\\/newtopia_6_4\\\/#breadcrumb\",\"itemListElement\":[{\"@type\":\"ListItem\",\"position\":1,\"name\":\"Accueil\",\"item\":\"https:\\\/\\\/omnivion.net\\\/core\\\/en\\\/silverstorm\\\/\"},{\"@type\":\"ListItem\",\"position\":2,\"name\":\"Projets\",\"item\":\"https:\\\/\\\/omnivion.net\\\/core\\\/fr\\\/projets\\\/\"},{\"@type\":\"ListItem\",\"position\":3,\"name\":\"Projets Artistiques\",\"item\":\"https:\\\/\\\/omnivion.net\\\/core\\\/projets\\\/projets-artistiques\\\/\"},{\"@type\":\"ListItem\",\"position\":4,\"name\":\"Newtopia 6\",\"item\":\"https:\\\/\\\/omnivion.net\\\/core\\\/projets\\\/projets-artistiques\\\/newtopia-6\\\/\"},{\"@type\":\"ListItem\",\"position\":5,\"name\":\"Newtopia 6.4 \\\/ Visions Indigo\"}]},{\"@type\":\"WebSite\",\"@id\":\"https:\\\/\\\/omnivion.net\\\/core\\\/fr\\\/#website\",\"url\":\"https:\\\/\\\/omnivion.net\\\/core\\\/fr\\\/\",\"name\":\"omnivion.net\",\"description\":\"...ARTS D&#039;\u00caTRE CORPS...\",\"potentialAction\":[{\"@type\":\"SearchAction\",\"target\":{\"@type\":\"EntryPoint\",\"urlTemplate\":\"https:\\\/\\\/omnivion.net\\\/core\\\/fr\\\/?s={search_term_string}\"},\"query-input\":{\"@type\":\"PropertyValueSpecification\",\"valueRequired\":true,\"valueName\":\"search_term_string\"}}],\"inLanguage\":\"fr-FR\"}]}<\/script>\n<!-- \/ Yoast SEO plugin. -->","yoast_head_json":{"title":"Newtopia 6.4 \/ Visions Indigo - omnivion.net","robots":{"index":"index","follow":"follow","max-snippet":"max-snippet:-1","max-image-preview":"max-image-preview:large","max-video-preview":"max-video-preview:-1"},"canonical":"https:\/\/omnivion.net\/core\/fr\/projets\/projets-artistiques\/newtopia-6\/newtopia_6_4\/","og_locale":"fr_FR","og_type":"article","og_title":"Newtopia 6.4 \/ Visions Indigo - omnivion.net","og_description":"&nbsp; Visions Indigo\u00a0est le quatri\u00e8me volet de Newtopia 6 \/\u00a0Danse et sant\u00e9 mentale.\u00a0Avec [&hellip;]","og_url":"https:\/\/omnivion.net\/core\/fr\/projets\/projets-artistiques\/newtopia-6\/newtopia_6_4\/","og_site_name":"omnivion.net","article_modified_time":"2019-01-13T20:18:09+00:00","og_image":[{"url":"http:\/\/omnivion.net\/core\/wp-content\/uploads\/2018\/09\/DURET-Bernard-64_edit_web.jpg","type":"","width":"","height":""}],"twitter_card":"summary_large_image","twitter_misc":{"Dur\u00e9e de lecture estim\u00e9e":"4 minutes"},"schema":{"@context":"https:\/\/schema.org","@graph":[{"@type":"WebPage","@id":"https:\/\/omnivion.net\/core\/fr\/projets\/projets-artistiques\/newtopia-6\/newtopia_6_4\/","url":"https:\/\/omnivion.net\/core\/fr\/projets\/projets-artistiques\/newtopia-6\/newtopia_6_4\/","name":"Newtopia 6.4 \/ Visions Indigo - omnivion.net","isPartOf":{"@id":"https:\/\/omnivion.net\/core\/fr\/#website"},"primaryImageOfPage":{"@id":"https:\/\/omnivion.net\/core\/fr\/projets\/projets-artistiques\/newtopia-6\/newtopia_6_4\/#primaryimage"},"image":{"@id":"https:\/\/omnivion.net\/core\/fr\/projets\/projets-artistiques\/newtopia-6\/newtopia_6_4\/#primaryimage"},"thumbnailUrl":"http:\/\/omnivion.net\/core\/wp-content\/uploads\/2018\/09\/DURET-Bernard-64_edit_web.jpg","datePublished":"2018-09-01T10:09:16+00:00","dateModified":"2019-01-13T20:18:09+00:00","breadcrumb":{"@id":"https:\/\/omnivion.net\/core\/fr\/projets\/projets-artistiques\/newtopia-6\/newtopia_6_4\/#breadcrumb"},"inLanguage":"fr-FR","potentialAction":[{"@type":"ReadAction","target":["https:\/\/omnivion.net\/core\/fr\/projets\/projets-artistiques\/newtopia-6\/newtopia_6_4\/"]}]},{"@type":"ImageObject","inLanguage":"fr-FR","@id":"https:\/\/omnivion.net\/core\/fr\/projets\/projets-artistiques\/newtopia-6\/newtopia_6_4\/#primaryimage","url":"http:\/\/omnivion.net\/core\/wp-content\/uploads\/2018\/09\/DURET-Bernard-64_edit_web.jpg","contentUrl":"http:\/\/omnivion.net\/core\/wp-content\/uploads\/2018\/09\/DURET-Bernard-64_edit_web.jpg"},{"@type":"BreadcrumbList","@id":"https:\/\/omnivion.net\/core\/fr\/projets\/projets-artistiques\/newtopia-6\/newtopia_6_4\/#breadcrumb","itemListElement":[{"@type":"ListItem","position":1,"name":"Accueil","item":"https:\/\/omnivion.net\/core\/en\/silverstorm\/"},{"@type":"ListItem","position":2,"name":"Projets","item":"https:\/\/omnivion.net\/core\/fr\/projets\/"},{"@type":"ListItem","position":3,"name":"Projets Artistiques","item":"https:\/\/omnivion.net\/core\/projets\/projets-artistiques\/"},{"@type":"ListItem","position":4,"name":"Newtopia 6","item":"https:\/\/omnivion.net\/core\/projets\/projets-artistiques\/newtopia-6\/"},{"@type":"ListItem","position":5,"name":"Newtopia 6.4 \/ Visions Indigo"}]},{"@type":"WebSite","@id":"https:\/\/omnivion.net\/core\/fr\/#website","url":"https:\/\/omnivion.net\/core\/fr\/","name":"omnivion.net","description":"...ARTS D&#039;\u00caTRE CORPS...","potentialAction":[{"@type":"SearchAction","target":{"@type":"EntryPoint","urlTemplate":"https:\/\/omnivion.net\/core\/fr\/?s={search_term_string}"},"query-input":{"@type":"PropertyValueSpecification","valueRequired":true,"valueName":"search_term_string"}}],"inLanguage":"fr-FR"}]}},"jetpack_sharing_enabled":true,"jetpack_shortlink":"https:\/\/wp.me\/P2fe7Q-Kg","jetpack_likes_enabled":true,"_links":{"self":[{"href":"https:\/\/omnivion.net\/core\/fr\/wp-json\/wp\/v2\/pages\/2868","targetHints":{"allow":["GET"]}}],"collection":[{"href":"https:\/\/omnivion.net\/core\/fr\/wp-json\/wp\/v2\/pages"}],"about":[{"href":"https:\/\/omnivion.net\/core\/fr\/wp-json\/wp\/v2\/types\/page"}],"author":[{"embeddable":true,"href":"https:\/\/omnivion.net\/core\/fr\/wp-json\/wp\/v2\/users\/1"}],"replies":[{"embeddable":true,"href":"https:\/\/omnivion.net\/core\/fr\/wp-json\/wp\/v2\/comments?post=2868"}],"version-history":[{"count":18,"href":"https:\/\/omnivion.net\/core\/fr\/wp-json\/wp\/v2\/pages\/2868\/revisions"}],"predecessor-version":[{"id":3112,"href":"https:\/\/omnivion.net\/core\/fr\/wp-json\/wp\/v2\/pages\/2868\/revisions\/3112"}],"up":[{"embeddable":true,"href":"https:\/\/omnivion.net\/core\/fr\/wp-json\/wp\/v2\/pages\/2332"}],"wp:attachment":[{"href":"https:\/\/omnivion.net\/core\/fr\/wp-json\/wp\/v2\/media?parent=2868"}],"curies":[{"name":"wp","href":"https:\/\/api.w.org\/{rel}","templated":true}]}}