{"id":2840,"date":"2018-08-22T19:41:11","date_gmt":"2018-08-22T18:41:11","guid":{"rendered":"http:\/\/omnivion.net\/core\/projets\/educational-projects\/atelier_danse_2017-2018-copy\/"},"modified":"2019-05-02T16:59:32","modified_gmt":"2019-05-02T15:59:32","slug":"atelier_danse_2018-2019","status":"publish","type":"page","link":"https:\/\/omnivion.net\/core\/fr\/projets\/educational-projects\/atelier_danse_2018-2019\/","title":{"rendered":"Atelier de danse contemporaine Omnivion 2018-2019"},"content":{"rendered":"<p><div id=\"attachment_2841\" style=\"width: 810px\" class=\"wp-caption alignnone\"><a href=\"https:\/\/i0.wp.com\/omnivion.net\/core\/wp-content\/uploads\/2018\/08\/20180620_205212b_web.jpg\"><img data-recalc-dims=\"1\" loading=\"lazy\" decoding=\"async\" aria-describedby=\"caption-attachment-2841\" class=\"size-full wp-image-2841\" src=\"https:\/\/i0.wp.com\/omnivion.net\/core\/wp-content\/uploads\/2018\/08\/20180620_205212b_web.jpg?resize=800%2C559\" alt=\"\" width=\"800\" height=\"559\" srcset=\"https:\/\/i0.wp.com\/omnivion.net\/core\/wp-content\/uploads\/2018\/08\/20180620_205212b_web.jpg?w=800&amp;ssl=1 800w, https:\/\/i0.wp.com\/omnivion.net\/core\/wp-content\/uploads\/2018\/08\/20180620_205212b_web.jpg?resize=300%2C210&amp;ssl=1 300w, https:\/\/i0.wp.com\/omnivion.net\/core\/wp-content\/uploads\/2018\/08\/20180620_205212b_web.jpg?resize=768%2C537&amp;ssl=1 768w\" sizes=\"auto, (max-width: 800px) 100vw, 800px\" \/><\/a><p id=\"caption-attachment-2841\" class=\"wp-caption-text\">Photo par D.Tsiapkinis<\/p><\/div><\/p>\n<h2><\/h2>\n<h2>Atelier de danse contemporaine Omnivion 2018-2019<\/h2>\n<h3>Danse danse la plan\u00e8te!<\/h3>\n<p><b>Atelier hebdomadaire avec Dimitri Tsiapkinis ouvert \u00e0 toute personne ayant un minimum d&rsquo;exp\u00e9rience en danse contemporaine (Niveau mixte)\u00a0<\/b><\/p>\n<p>Une nouvelle s\u00e9rie d\u2019ateliers Omnivion commence ce 11 septembre 2018 (ce 1er atelier est gratuit)<\/p>\n<p><strong>Objectifs\u00a0 :<\/strong><\/p>\n<ul>\n<li>&gt;\u00c9tudier diverses techniques de danse contemporaine<\/li>\n<li>&gt;Prendre plaisir \u00e0 inventer des danses\u00a0; seul ou \u00e0 plusieurs<\/li>\n<li>&gt;Participer \u00e0 l\u2019invention des mati\u00e8res pour Newtopia 7.2 \u00e0 la Pl\u00e9iade (27-28 septembre 2019)<\/li>\n<\/ul>\n<p>Un travail technique et cr\u00e9atif avec les fondamentaux de la danse contemporaine qui s\u2019inspire de multiples sources, comme les pratiques somatiques (p\u00e9dagogie perceptive\/fascia), les arts martiaux Shaolin, le th\u00e9\u00e2tre corporel, les danses d\u2019ailleurs. Les improvisations cadencent et re-contextualisent le travail technique. Nous insistons \u00e0 l\u2019expressivit\u00e9 sensible et \u00e0 la singularit\u00e9 du danseur en opposition au <em>corps-objet<\/em> qui perdure dans nos soci\u00e9t\u00e9s. Les univers po\u00e9tiques que nous allons partager vont nourrir la cr\u00e9ation 2019 \/ POLIS (:Cit\u00e9 en grec ancien), sans obligation de participer au spectacle (!)<\/p>\n<p><strong>Horaires<\/strong> : les mardis 18H30-21H00 (25 sessions \u00e0 9\u20ac la s\u00e9ance)<\/p>\n<p><strong>Prix<\/strong> : 225\u20ac (Facilit\u00e9s de paiement possibles)<\/p>\n<p>Cotisation \u00e0 Omnivion : 10\u20ac.<\/p>\n<p><strong>Dates du 1er trimestre \/ 1\u00e8re* gratuite + 8 s\u00e9ances<br \/>\n<\/strong><\/p>\n<p><strong>11*<\/strong>, 18, 25 septembre \/ 2, 16 octobre \/ 6, 20, 27 novembre \/ 18 d\u00e9cembre.<\/p>\n<p><strong>Dates du 2\u00e8me+3\u00e8me trimestre \/ 17 s\u00e9ances + 3 r\u00e9p\u00e9titions (en parenth\u00e8se):<\/strong><\/p>\n<div>8, 15, 22, 29 janvier<\/div>\n<div>5, 26 f\u00e9vrier<\/div>\n<div>5, 12, <em>(19),<\/em> 26 mars<\/div>\n<div><em>(2), (23)<\/em>, 30 avril<\/div>\n<div>7, 14, 21, 28 mai<\/div>\n<div>4, 25 juin<\/div>\n<p><strong>Inscriptions<\/strong> : <a href=\"https:\/\/www.helloasso.com\/associations\/omnivion\/evenements\/atelier-de-danse-contemporaine-omnivion-2018-2019\">helloasso.com\/omnivion\/atelier-de-danse-contemporaine-2018-2019<\/a><\/p>\n<p>&nbsp;<\/p>\n<p>&nbsp;<\/p>\n<p><strong>\/\/\/\/\/\/\/\/\/\/\/\/\/\/\/\/\/\/\/\/\/\/\/\/\/\/\/\/\/\/\/\/\/\/\/\/\/\/\/\/\/\/\/\/\/\/\/\/\/\/\/\/\/\/\/\/\/\/\/\/\/\/\/\/\/\/\/\/\/\/\/\/\/\/\/\/\/\/\/\/\/\/\/\/\/\/\/\/\/\/\/\/\/\/\/\/\/\/\/\/\/\/\/\/\/\/\/\/\/\/\/\/\/\/\/<\/strong><\/p>\n<p>Autres infos, photos etc.\u00a0sur <a href=\"https:\/\/www.facebook.com\/events\/209297939593717\">Facebook <\/a>et par \u00e9mail aux participants.<\/p>\n<p>Lieu des cours : Centre social La Rabi\u00e8re, Rue de la Roti\u00e9re 37300 Jou\u00e9-l\u00e8s-Tours (Il y a une station de tramway juste devant la porte!)<\/p>\n<p><iframe loading=\"lazy\" src=\"https:\/\/maps.google.com\/maps?oe=utf-8&amp;client=firefox-a&amp;ie=UTF8&amp;q=Centre+social+La+Rabi%C3%A8re,+Rue+de+la+Roti%C3%A9re+37300+Jou%C3%A9-l%C3%A8s-Tours&amp;fb=1&amp;hq=Centre+social+La+Rabi%C3%A8re,&amp;hnear=0x47fcd6232f10961b:0x96b5e6581903f88f,Rue+de+la+Roti%C3%A9re,+37300+Jou%C3%A9-l%C3%A8s-Tours,+France&amp;cid=0,0,4778865265520604691&amp;ll=47.346521,0.662299&amp;spn=0.006295,0.006295&amp;t=h&amp;iwloc=A&amp;output=embed\" width=\"425\" height=\"350\" frameborder=\"0\" marginwidth=\"0\" marginheight=\"0\" scrolling=\"no\"><\/iframe><br \/>\n<small><a style=\"color: #0000ff; text-align: left;\" href=\"https:\/\/maps.google.com\/maps?oe=utf-8&amp;client=firefox-a&amp;ie=UTF8&amp;q=Centre+social+La+Rabi%C3%A8re,+Rue+de+la+Roti%C3%A9re+37300+Jou%C3%A9-l%C3%A8s-Tours&amp;fb=1&amp;hq=Centre+social+La+Rabi%C3%A8re,&amp;hnear=0x47fcd6232f10961b:0x96b5e6581903f88f,Rue+de+la+Roti%C3%A9re,+37300+Jou%C3%A9-l%C3%A8s-Tours,+France&amp;cid=0,0,4778865265520604691&amp;ll=47.346521,0.662299&amp;spn=0.006295,0.006295&amp;t=h&amp;iwloc=A&amp;source=embed\">Agrandir le plan<\/a><\/small><\/p>","protected":false},"excerpt":{"rendered":"<p>Atelier de danse contemporaine Omnivion 2018-2019 Danse danse la plan\u00e8te! Atelier hebdomadaire avec [&hellip;]<\/p>\n","protected":false},"author":1,"featured_media":0,"parent":63,"menu_order":0,"comment_status":"closed","ping_status":"closed","template":"","meta":{"jetpack_post_was_ever_published":false,"footnotes":""},"class_list":["post-2840","page","type-page","status-publish","hentry"],"yoast_head":"<!-- This site is optimized with the Yoast SEO plugin v26.8 - https:\/\/yoast.com\/product\/yoast-seo-wordpress\/ -->\n<title>Atelier de danse contemporaine Omnivion 2018-2019 - omnivion.net<\/title>\n<meta name=\"robots\" content=\"index, follow, max-snippet:-1, max-image-preview:large, max-video-preview:-1\" \/>\n<link rel=\"canonical\" href=\"https:\/\/omnivion.net\/core\/fr\/projets\/educational-projects\/atelier_danse_2018-2019\/\" \/>\n<meta property=\"og:locale\" content=\"fr_FR\" \/>\n<meta property=\"og:type\" content=\"article\" \/>\n<meta property=\"og:title\" content=\"Atelier de danse contemporaine Omnivion 2018-2019 - omnivion.net\" \/>\n<meta property=\"og:description\" content=\"Atelier de danse contemporaine Omnivion 2018-2019 Danse danse la plan\u00e8te! Atelier hebdomadaire avec [&hellip;]\" \/>\n<meta property=\"og:url\" content=\"https:\/\/omnivion.net\/core\/fr\/projets\/educational-projects\/atelier_danse_2018-2019\/\" \/>\n<meta property=\"og:site_name\" content=\"omnivion.net\" \/>\n<meta property=\"article:modified_time\" content=\"2019-05-02T15:59:32+00:00\" \/>\n<meta property=\"og:image\" content=\"http:\/\/omnivion.net\/core\/wp-content\/uploads\/2018\/08\/20180620_205212b_web.jpg\" \/>\n<meta name=\"twitter:card\" content=\"summary_large_image\" \/>\n<meta name=\"twitter:label1\" content=\"Dur\u00e9e de lecture estim\u00e9e\" \/>\n\t<meta name=\"twitter:data1\" content=\"2 minutes\" \/>\n<script type=\"application\/ld+json\" class=\"yoast-schema-graph\">{\"@context\":\"https:\/\/schema.org\",\"@graph\":[{\"@type\":\"WebPage\",\"@id\":\"https:\/\/omnivion.net\/core\/fr\/projets\/educational-projects\/atelier_danse_2018-2019\/\",\"url\":\"https:\/\/omnivion.net\/core\/fr\/projets\/educational-projects\/atelier_danse_2018-2019\/\",\"name\":\"Atelier de danse contemporaine Omnivion 2018-2019 - omnivion.net\",\"isPartOf\":{\"@id\":\"https:\/\/omnivion.net\/core\/fr\/#website\"},\"primaryImageOfPage\":{\"@id\":\"https:\/\/omnivion.net\/core\/fr\/projets\/educational-projects\/atelier_danse_2018-2019\/#primaryimage\"},\"image\":{\"@id\":\"https:\/\/omnivion.net\/core\/fr\/projets\/educational-projects\/atelier_danse_2018-2019\/#primaryimage\"},\"thumbnailUrl\":\"http:\/\/omnivion.net\/core\/wp-content\/uploads\/2018\/08\/20180620_205212b_web.jpg\",\"datePublished\":\"2018-08-22T18:41:11+00:00\",\"dateModified\":\"2019-05-02T15:59:32+00:00\",\"breadcrumb\":{\"@id\":\"https:\/\/omnivion.net\/core\/fr\/projets\/educational-projects\/atelier_danse_2018-2019\/#breadcrumb\"},\"inLanguage\":\"fr-FR\",\"potentialAction\":[{\"@type\":\"ReadAction\",\"target\":[\"https:\/\/omnivion.net\/core\/fr\/projets\/educational-projects\/atelier_danse_2018-2019\/\"]}]},{\"@type\":\"ImageObject\",\"inLanguage\":\"fr-FR\",\"@id\":\"https:\/\/omnivion.net\/core\/fr\/projets\/educational-projects\/atelier_danse_2018-2019\/#primaryimage\",\"url\":\"http:\/\/omnivion.net\/core\/wp-content\/uploads\/2018\/08\/20180620_205212b_web.jpg\",\"contentUrl\":\"http:\/\/omnivion.net\/core\/wp-content\/uploads\/2018\/08\/20180620_205212b_web.jpg\"},{\"@type\":\"BreadcrumbList\",\"@id\":\"https:\/\/omnivion.net\/core\/fr\/projets\/educational-projects\/atelier_danse_2018-2019\/#breadcrumb\",\"itemListElement\":[{\"@type\":\"ListItem\",\"position\":1,\"name\":\"Accueil\",\"item\":\"https:\/\/omnivion.net\/core\/en\/silverstorm\/\"},{\"@type\":\"ListItem\",\"position\":2,\"name\":\"Projets\",\"item\":\"https:\/\/omnivion.net\/core\/fr\/projets\/\"},{\"@type\":\"ListItem\",\"position\":3,\"name\":\"Projets Educatifs\",\"item\":\"https:\/\/omnivion.net\/core\/projets\/educational-projects\/\"},{\"@type\":\"ListItem\",\"position\":4,\"name\":\"Atelier de danse contemporaine Omnivion 2018-2019\"}]},{\"@type\":\"WebSite\",\"@id\":\"https:\/\/omnivion.net\/core\/fr\/#website\",\"url\":\"https:\/\/omnivion.net\/core\/fr\/\",\"name\":\"omnivion.net\",\"description\":\"...ARTS D&#039;\u00caTRE CORPS...\",\"potentialAction\":[{\"@type\":\"SearchAction\",\"target\":{\"@type\":\"EntryPoint\",\"urlTemplate\":\"https:\/\/omnivion.net\/core\/fr\/?s={search_term_string}\"},\"query-input\":{\"@type\":\"PropertyValueSpecification\",\"valueRequired\":true,\"valueName\":\"search_term_string\"}}],\"inLanguage\":\"fr-FR\"}]}<\/script>\n<!-- \/ Yoast SEO plugin. -->","yoast_head_json":{"title":"Atelier de danse contemporaine Omnivion 2018-2019 - omnivion.net","robots":{"index":"index","follow":"follow","max-snippet":"max-snippet:-1","max-image-preview":"max-image-preview:large","max-video-preview":"max-video-preview:-1"},"canonical":"https:\/\/omnivion.net\/core\/fr\/projets\/educational-projects\/atelier_danse_2018-2019\/","og_locale":"fr_FR","og_type":"article","og_title":"Atelier de danse contemporaine Omnivion 2018-2019 - omnivion.net","og_description":"Atelier de danse contemporaine Omnivion 2018-2019 Danse danse la plan\u00e8te! Atelier hebdomadaire avec [&hellip;]","og_url":"https:\/\/omnivion.net\/core\/fr\/projets\/educational-projects\/atelier_danse_2018-2019\/","og_site_name":"omnivion.net","article_modified_time":"2019-05-02T15:59:32+00:00","og_image":[{"url":"http:\/\/omnivion.net\/core\/wp-content\/uploads\/2018\/08\/20180620_205212b_web.jpg","type":"","width":"","height":""}],"twitter_card":"summary_large_image","twitter_misc":{"Dur\u00e9e de lecture estim\u00e9e":"2 minutes"},"schema":{"@context":"https:\/\/schema.org","@graph":[{"@type":"WebPage","@id":"https:\/\/omnivion.net\/core\/fr\/projets\/educational-projects\/atelier_danse_2018-2019\/","url":"https:\/\/omnivion.net\/core\/fr\/projets\/educational-projects\/atelier_danse_2018-2019\/","name":"Atelier de danse contemporaine Omnivion 2018-2019 - omnivion.net","isPartOf":{"@id":"https:\/\/omnivion.net\/core\/fr\/#website"},"primaryImageOfPage":{"@id":"https:\/\/omnivion.net\/core\/fr\/projets\/educational-projects\/atelier_danse_2018-2019\/#primaryimage"},"image":{"@id":"https:\/\/omnivion.net\/core\/fr\/projets\/educational-projects\/atelier_danse_2018-2019\/#primaryimage"},"thumbnailUrl":"http:\/\/omnivion.net\/core\/wp-content\/uploads\/2018\/08\/20180620_205212b_web.jpg","datePublished":"2018-08-22T18:41:11+00:00","dateModified":"2019-05-02T15:59:32+00:00","breadcrumb":{"@id":"https:\/\/omnivion.net\/core\/fr\/projets\/educational-projects\/atelier_danse_2018-2019\/#breadcrumb"},"inLanguage":"fr-FR","potentialAction":[{"@type":"ReadAction","target":["https:\/\/omnivion.net\/core\/fr\/projets\/educational-projects\/atelier_danse_2018-2019\/"]}]},{"@type":"ImageObject","inLanguage":"fr-FR","@id":"https:\/\/omnivion.net\/core\/fr\/projets\/educational-projects\/atelier_danse_2018-2019\/#primaryimage","url":"http:\/\/omnivion.net\/core\/wp-content\/uploads\/2018\/08\/20180620_205212b_web.jpg","contentUrl":"http:\/\/omnivion.net\/core\/wp-content\/uploads\/2018\/08\/20180620_205212b_web.jpg"},{"@type":"BreadcrumbList","@id":"https:\/\/omnivion.net\/core\/fr\/projets\/educational-projects\/atelier_danse_2018-2019\/#breadcrumb","itemListElement":[{"@type":"ListItem","position":1,"name":"Accueil","item":"https:\/\/omnivion.net\/core\/en\/silverstorm\/"},{"@type":"ListItem","position":2,"name":"Projets","item":"https:\/\/omnivion.net\/core\/fr\/projets\/"},{"@type":"ListItem","position":3,"name":"Projets Educatifs","item":"https:\/\/omnivion.net\/core\/projets\/educational-projects\/"},{"@type":"ListItem","position":4,"name":"Atelier de danse contemporaine Omnivion 2018-2019"}]},{"@type":"WebSite","@id":"https:\/\/omnivion.net\/core\/fr\/#website","url":"https:\/\/omnivion.net\/core\/fr\/","name":"omnivion.net","description":"...ARTS D&#039;\u00caTRE CORPS...","potentialAction":[{"@type":"SearchAction","target":{"@type":"EntryPoint","urlTemplate":"https:\/\/omnivion.net\/core\/fr\/?s={search_term_string}"},"query-input":{"@type":"PropertyValueSpecification","valueRequired":true,"valueName":"search_term_string"}}],"inLanguage":"fr-FR"}]}},"jetpack_sharing_enabled":true,"jetpack_shortlink":"https:\/\/wp.me\/P2fe7Q-JO","jetpack_likes_enabled":true,"_links":{"self":[{"href":"https:\/\/omnivion.net\/core\/fr\/wp-json\/wp\/v2\/pages\/2840","targetHints":{"allow":["GET"]}}],"collection":[{"href":"https:\/\/omnivion.net\/core\/fr\/wp-json\/wp\/v2\/pages"}],"about":[{"href":"https:\/\/omnivion.net\/core\/fr\/wp-json\/wp\/v2\/types\/page"}],"author":[{"embeddable":true,"href":"https:\/\/omnivion.net\/core\/fr\/wp-json\/wp\/v2\/users\/1"}],"replies":[{"embeddable":true,"href":"https:\/\/omnivion.net\/core\/fr\/wp-json\/wp\/v2\/comments?post=2840"}],"version-history":[{"count":15,"href":"https:\/\/omnivion.net\/core\/fr\/wp-json\/wp\/v2\/pages\/2840\/revisions"}],"predecessor-version":[{"id":3213,"href":"https:\/\/omnivion.net\/core\/fr\/wp-json\/wp\/v2\/pages\/2840\/revisions\/3213"}],"up":[{"embeddable":true,"href":"https:\/\/omnivion.net\/core\/fr\/wp-json\/wp\/v2\/pages\/63"}],"wp:attachment":[{"href":"https:\/\/omnivion.net\/core\/fr\/wp-json\/wp\/v2\/media?parent=2840"}],"curies":[{"name":"wp","href":"https:\/\/api.w.org\/{rel}","templated":true}]}}