{"id":282,"date":"2012-03-04T16:31:51","date_gmt":"2012-03-04T15:31:51","guid":{"rendered":"http:\/\/www.omnivion.net\/core\/?page_id=282"},"modified":"2016-03-10T22:43:54","modified_gmt":"2016-03-10T21:43:54","slug":"delirium-tremens-2010","status":"publish","type":"page","link":"https:\/\/omnivion.net\/core\/fr\/projets\/projets-artistiques\/delirium-tremens-2010\/","title":{"rendered":"Delirium Tremens (2010)"},"content":{"rendered":"<p><div id=\"attachment_1670\" style=\"width: 810px\" class=\"wp-caption alignnone\"><a href=\"http:\/\/omnivion.net\/core\/projets\/projets-artistiques\/delirium-tremens-2010\/2012-03-06_delirium-tremens_on-marche_marrakech_15_web\/\" rel=\"attachment wp-att-1670\"><img data-recalc-dims=\"1\" loading=\"lazy\" decoding=\"async\" aria-describedby=\"caption-attachment-1670\" class=\"size-full wp-image-1670\" src=\"https:\/\/i0.wp.com\/omnivion.net\/core\/wp-content\/uploads\/2012\/03\/2012-03-06_Delirium-Tremens_On-Marche_Marrakech_15_web.jpg?resize=800%2C344\" alt=\"Photo par : Moulay M.Saadi\" width=\"800\" height=\"344\" srcset=\"https:\/\/i0.wp.com\/omnivion.net\/core\/wp-content\/uploads\/2012\/03\/2012-03-06_Delirium-Tremens_On-Marche_Marrakech_15_web.jpg?w=800&amp;ssl=1 800w, https:\/\/i0.wp.com\/omnivion.net\/core\/wp-content\/uploads\/2012\/03\/2012-03-06_Delirium-Tremens_On-Marche_Marrakech_15_web.jpg?resize=300%2C129&amp;ssl=1 300w, https:\/\/i0.wp.com\/omnivion.net\/core\/wp-content\/uploads\/2012\/03\/2012-03-06_Delirium-Tremens_On-Marche_Marrakech_15_web.jpg?resize=768%2C330&amp;ssl=1 768w\" sizes=\"auto, (max-width: 800px) 100vw, 800px\" \/><\/a><p id=\"caption-attachment-1670\" class=\"wp-caption-text\">Photo par : Moulay M.Saadi<\/p><\/div><\/p>\n<p>&nbsp;<\/p>\n<p><em><strong>Solo <strong>performance \/ <\/strong>danse-th\u00e9\u00e2tre<\/strong><\/em><\/p>\n<p><small><em>Conception, performance : <strong>Dimitri Tsiapkinis<\/strong><\/em><\/small><\/p>\n<p><small><em>Cr\u00e9ation vid\u00e9o : <strong>Maud Martin<\/strong><\/em> <\/small><\/p>\n<p><small><em> Costumes : <strong>Rose-Marie Melka<\/strong><\/em> <\/small><\/p>\n<p><small><em> Cr\u00e9ation lumi\u00e8res : <strong>Jean-Philippe Filleul<\/strong><\/em> <\/small><\/p>\n<p><small><em> Production &amp; Communication : <strong>Rixi Okladon, Art Minds, Omnivion<\/strong><\/em> <\/small><\/p>\n<p><small><em> Co-Production : <strong>Centre Chor\u00e9graphique National de Tours<\/strong><\/em> <\/small><\/p>\n<p><small><em> Financement : <strong>Greek Ministry of Culture (2010)<\/strong><\/em><\/small><\/p>\n<p><strong>Delirium Tremens<\/strong> cherche \u00e0 \u00e9voluer la vision de son protagoniste au-del\u00e0 d&rsquo;une tradition dualiste, vers un <em>\u00ab polyth\u00e9isme psychologique \u00bb<\/em> : un \u00e9tat d&rsquo;\u00eatre qui favorise l&rsquo;int\u00e9gration et la transcendance plus que la d\u00e9fense et la r\u00e9sistance. Comme disait <strong>J.Hillmann<\/strong> (psychologue post-jungien), <em>\u00ab lorsqu&rsquo;on chasse la multiplicit\u00e9 de notre propre auto-d\u00e9finition, on est condamn\u00e9 de vivre cette fragmentation dans la soci\u00e9t\u00e9 \u00bb<\/em><\/p>\n<p>Psychanalyse, psychologie arch\u00e9typale, et Gestalt th\u00e9rapie sont des influences majeures \u00e0 la conception chor\u00e9graphique. Le \u00ab <em>paradigme du sensible<\/em> \u00bb, promu entre-autres par Danis Bois, influence aussi fortement la qualit\u00e9 de la performance : r\u00e9ciprocit\u00e9 actuante, paroxysmes sensorielles, et authenticit\u00e9 expressive.<\/p>\n<p>Les notions de l&rsquo;individualisme et du narcissisme sont explor\u00e9es \u00e0 travers des gestes et des paroles po\u00e9tiques et humoristiques. Le sc\u00e9nario de la pi\u00e8ce promeut une catharsis non-rationnelle du protagoniste, \u00e0 travers des recyclages de mati\u00e8res intimes du geste et de la parole. On se retrouve aux limites de l&rsquo;intime et de l&rsquo;universelle, ce qui met en d\u00e9fi l&rsquo;acteur : comment partager l&rsquo;exp\u00e9rience subjective tout en concernant la perception et le ressenti du public ?<\/p>\n<p>C&rsquo;est une performance hybride pleine d&rsquo;\u00e9nergies contradictoires, d&rsquo;une physicalit\u00e9 violente \u00e0 une tendresse extr\u00eame. \u00ab<em>&#8230;Apparaissent dans ce solo, des images vid\u00e9o et des personnages de cin\u00e9ma ex\u00e9cutant des tests de folie, des actes explosifs, des monologues semi-improvis\u00e9s et des danses sensibles.<\/em> \u00bb [D. T.]<\/p>\n<p>Les images diffus\u00e9es sur trois t\u00e9l\u00e9visions sont les seuls \u00e9l\u00e9ments de d\u00e9cor de la pi\u00e8ce. Un m\u00e9lange entre images intimes et omnipr\u00e9sence m\u00e9diatique.<\/p>\n<p>Extrait vid\u00e9o Youtube : <a href=\"https:\/\/www.youtube.com\/watch?v=DGWuFq435ng\">Delirium Tremens<\/a><\/p>\n<p><strong>Tourn\u00e9e 2010-2012 :<\/strong><\/p>\n<p>23 avril 2010,<em> au Centre Chor\u00e9graphique National de Tours, France<\/em><\/p>\n<p>4 et 5 juin 2010, <em>au th\u00e9\u00e2tre Sofouli \u00e0 Thessaloniki, Gr\u00e8ce<\/em><\/p>\n<p>9-12 juin 2010, <em>au th\u00e9\u00e2tre Roes \u00e0 Ath\u00e8nes, Gr\u00e8ce<\/em><\/p>\n<p>28-30 d\u00e9cembre 2010, <em>au Th\u00e9\u00e2tre M.Teiresia in Thessaloniki, Gr\u00e8ce<\/em><\/p>\n<p>20-21 janvier 2011, <em>au th\u00e9\u00e2tre Olvio \u00e0 Ath\u00e8nes, Gr\u00e8ce<\/em><\/p>\n<p>06 mars 2012, <em>\u00e0 l&rsquo;Institut Fran\u00e7ais de Marrakech, Maroc<\/em><\/p>\n<p>&nbsp;<\/p>","protected":false},"excerpt":{"rendered":"<p>&nbsp; Solo performance \/ danse-th\u00e9\u00e2tre Conception, performance : Dimitri Tsiapkinis Cr\u00e9ation vid\u00e9o : [&hellip;]<\/p>\n","protected":false},"author":1,"featured_media":0,"parent":60,"menu_order":0,"comment_status":"closed","ping_status":"closed","template":"","meta":{"jetpack_post_was_ever_published":false,"footnotes":""},"class_list":["post-282","page","type-page","status-publish","hentry"],"yoast_head":"<!-- This site is optimized with the Yoast SEO plugin v26.8 - https:\/\/yoast.com\/product\/yoast-seo-wordpress\/ -->\n<title>Delirium Tremens (2010) - omnivion.net<\/title>\n<meta name=\"robots\" content=\"index, follow, max-snippet:-1, max-image-preview:large, max-video-preview:-1\" \/>\n<link rel=\"canonical\" href=\"https:\/\/omnivion.net\/core\/fr\/projets\/projets-artistiques\/delirium-tremens-2010\/\" \/>\n<meta property=\"og:locale\" content=\"fr_FR\" \/>\n<meta property=\"og:type\" content=\"article\" \/>\n<meta property=\"og:title\" content=\"Delirium Tremens (2010) - omnivion.net\" \/>\n<meta property=\"og:description\" content=\"&nbsp; Solo performance \/ danse-th\u00e9\u00e2tre Conception, performance : Dimitri Tsiapkinis Cr\u00e9ation vid\u00e9o : [&hellip;]\" \/>\n<meta property=\"og:url\" content=\"https:\/\/omnivion.net\/core\/fr\/projets\/projets-artistiques\/delirium-tremens-2010\/\" \/>\n<meta property=\"og:site_name\" content=\"omnivion.net\" \/>\n<meta property=\"article:modified_time\" content=\"2016-03-10T21:43:54+00:00\" \/>\n<meta property=\"og:image\" content=\"http:\/\/omnivion.net\/core\/wp-content\/uploads\/2012\/03\/2012-03-06_Delirium-Tremens_On-Marche_Marrakech_15_web.jpg\" \/>\n<meta name=\"twitter:card\" content=\"summary_large_image\" \/>\n<meta name=\"twitter:label1\" content=\"Dur\u00e9e de lecture estim\u00e9e\" \/>\n\t<meta name=\"twitter:data1\" content=\"3 minutes\" \/>\n<script type=\"application\/ld+json\" class=\"yoast-schema-graph\">{\"@context\":\"https:\/\/schema.org\",\"@graph\":[{\"@type\":\"WebPage\",\"@id\":\"https:\/\/omnivion.net\/core\/fr\/projets\/projets-artistiques\/delirium-tremens-2010\/\",\"url\":\"https:\/\/omnivion.net\/core\/fr\/projets\/projets-artistiques\/delirium-tremens-2010\/\",\"name\":\"Delirium Tremens (2010) - omnivion.net\",\"isPartOf\":{\"@id\":\"https:\/\/omnivion.net\/core\/fr\/#website\"},\"primaryImageOfPage\":{\"@id\":\"https:\/\/omnivion.net\/core\/fr\/projets\/projets-artistiques\/delirium-tremens-2010\/#primaryimage\"},\"image\":{\"@id\":\"https:\/\/omnivion.net\/core\/fr\/projets\/projets-artistiques\/delirium-tremens-2010\/#primaryimage\"},\"thumbnailUrl\":\"http:\/\/omnivion.net\/core\/wp-content\/uploads\/2012\/03\/2012-03-06_Delirium-Tremens_On-Marche_Marrakech_15_web.jpg\",\"datePublished\":\"2012-03-04T15:31:51+00:00\",\"dateModified\":\"2016-03-10T21:43:54+00:00\",\"breadcrumb\":{\"@id\":\"https:\/\/omnivion.net\/core\/fr\/projets\/projets-artistiques\/delirium-tremens-2010\/#breadcrumb\"},\"inLanguage\":\"fr-FR\",\"potentialAction\":[{\"@type\":\"ReadAction\",\"target\":[\"https:\/\/omnivion.net\/core\/fr\/projets\/projets-artistiques\/delirium-tremens-2010\/\"]}]},{\"@type\":\"ImageObject\",\"inLanguage\":\"fr-FR\",\"@id\":\"https:\/\/omnivion.net\/core\/fr\/projets\/projets-artistiques\/delirium-tremens-2010\/#primaryimage\",\"url\":\"http:\/\/omnivion.net\/core\/wp-content\/uploads\/2012\/03\/2012-03-06_Delirium-Tremens_On-Marche_Marrakech_15_web.jpg\",\"contentUrl\":\"http:\/\/omnivion.net\/core\/wp-content\/uploads\/2012\/03\/2012-03-06_Delirium-Tremens_On-Marche_Marrakech_15_web.jpg\"},{\"@type\":\"BreadcrumbList\",\"@id\":\"https:\/\/omnivion.net\/core\/fr\/projets\/projets-artistiques\/delirium-tremens-2010\/#breadcrumb\",\"itemListElement\":[{\"@type\":\"ListItem\",\"position\":1,\"name\":\"Accueil\",\"item\":\"https:\/\/omnivion.net\/core\/en\/silverstorm\/\"},{\"@type\":\"ListItem\",\"position\":2,\"name\":\"Projets\",\"item\":\"https:\/\/omnivion.net\/core\/fr\/projets\/\"},{\"@type\":\"ListItem\",\"position\":3,\"name\":\"Projets Artistiques\",\"item\":\"https:\/\/omnivion.net\/core\/projets\/projets-artistiques\/\"},{\"@type\":\"ListItem\",\"position\":4,\"name\":\"Delirium Tremens (2010)\"}]},{\"@type\":\"WebSite\",\"@id\":\"https:\/\/omnivion.net\/core\/fr\/#website\",\"url\":\"https:\/\/omnivion.net\/core\/fr\/\",\"name\":\"omnivion.net\",\"description\":\"...ARTS D&#039;\u00caTRE CORPS...\",\"potentialAction\":[{\"@type\":\"SearchAction\",\"target\":{\"@type\":\"EntryPoint\",\"urlTemplate\":\"https:\/\/omnivion.net\/core\/fr\/?s={search_term_string}\"},\"query-input\":{\"@type\":\"PropertyValueSpecification\",\"valueRequired\":true,\"valueName\":\"search_term_string\"}}],\"inLanguage\":\"fr-FR\"}]}<\/script>\n<!-- \/ Yoast SEO plugin. -->","yoast_head_json":{"title":"Delirium Tremens (2010) - omnivion.net","robots":{"index":"index","follow":"follow","max-snippet":"max-snippet:-1","max-image-preview":"max-image-preview:large","max-video-preview":"max-video-preview:-1"},"canonical":"https:\/\/omnivion.net\/core\/fr\/projets\/projets-artistiques\/delirium-tremens-2010\/","og_locale":"fr_FR","og_type":"article","og_title":"Delirium Tremens (2010) - omnivion.net","og_description":"&nbsp; Solo performance \/ danse-th\u00e9\u00e2tre Conception, performance : Dimitri Tsiapkinis Cr\u00e9ation vid\u00e9o : [&hellip;]","og_url":"https:\/\/omnivion.net\/core\/fr\/projets\/projets-artistiques\/delirium-tremens-2010\/","og_site_name":"omnivion.net","article_modified_time":"2016-03-10T21:43:54+00:00","og_image":[{"url":"http:\/\/omnivion.net\/core\/wp-content\/uploads\/2012\/03\/2012-03-06_Delirium-Tremens_On-Marche_Marrakech_15_web.jpg","type":"","width":"","height":""}],"twitter_card":"summary_large_image","twitter_misc":{"Dur\u00e9e de lecture estim\u00e9e":"3 minutes"},"schema":{"@context":"https:\/\/schema.org","@graph":[{"@type":"WebPage","@id":"https:\/\/omnivion.net\/core\/fr\/projets\/projets-artistiques\/delirium-tremens-2010\/","url":"https:\/\/omnivion.net\/core\/fr\/projets\/projets-artistiques\/delirium-tremens-2010\/","name":"Delirium Tremens (2010) - omnivion.net","isPartOf":{"@id":"https:\/\/omnivion.net\/core\/fr\/#website"},"primaryImageOfPage":{"@id":"https:\/\/omnivion.net\/core\/fr\/projets\/projets-artistiques\/delirium-tremens-2010\/#primaryimage"},"image":{"@id":"https:\/\/omnivion.net\/core\/fr\/projets\/projets-artistiques\/delirium-tremens-2010\/#primaryimage"},"thumbnailUrl":"http:\/\/omnivion.net\/core\/wp-content\/uploads\/2012\/03\/2012-03-06_Delirium-Tremens_On-Marche_Marrakech_15_web.jpg","datePublished":"2012-03-04T15:31:51+00:00","dateModified":"2016-03-10T21:43:54+00:00","breadcrumb":{"@id":"https:\/\/omnivion.net\/core\/fr\/projets\/projets-artistiques\/delirium-tremens-2010\/#breadcrumb"},"inLanguage":"fr-FR","potentialAction":[{"@type":"ReadAction","target":["https:\/\/omnivion.net\/core\/fr\/projets\/projets-artistiques\/delirium-tremens-2010\/"]}]},{"@type":"ImageObject","inLanguage":"fr-FR","@id":"https:\/\/omnivion.net\/core\/fr\/projets\/projets-artistiques\/delirium-tremens-2010\/#primaryimage","url":"http:\/\/omnivion.net\/core\/wp-content\/uploads\/2012\/03\/2012-03-06_Delirium-Tremens_On-Marche_Marrakech_15_web.jpg","contentUrl":"http:\/\/omnivion.net\/core\/wp-content\/uploads\/2012\/03\/2012-03-06_Delirium-Tremens_On-Marche_Marrakech_15_web.jpg"},{"@type":"BreadcrumbList","@id":"https:\/\/omnivion.net\/core\/fr\/projets\/projets-artistiques\/delirium-tremens-2010\/#breadcrumb","itemListElement":[{"@type":"ListItem","position":1,"name":"Accueil","item":"https:\/\/omnivion.net\/core\/en\/silverstorm\/"},{"@type":"ListItem","position":2,"name":"Projets","item":"https:\/\/omnivion.net\/core\/fr\/projets\/"},{"@type":"ListItem","position":3,"name":"Projets Artistiques","item":"https:\/\/omnivion.net\/core\/projets\/projets-artistiques\/"},{"@type":"ListItem","position":4,"name":"Delirium Tremens (2010)"}]},{"@type":"WebSite","@id":"https:\/\/omnivion.net\/core\/fr\/#website","url":"https:\/\/omnivion.net\/core\/fr\/","name":"omnivion.net","description":"...ARTS D&#039;\u00caTRE CORPS...","potentialAction":[{"@type":"SearchAction","target":{"@type":"EntryPoint","urlTemplate":"https:\/\/omnivion.net\/core\/fr\/?s={search_term_string}"},"query-input":{"@type":"PropertyValueSpecification","valueRequired":true,"valueName":"search_term_string"}}],"inLanguage":"fr-FR"}]}},"jetpack_sharing_enabled":true,"jetpack_shortlink":"https:\/\/wp.me\/P2fe7Q-4y","jetpack_likes_enabled":true,"_links":{"self":[{"href":"https:\/\/omnivion.net\/core\/fr\/wp-json\/wp\/v2\/pages\/282","targetHints":{"allow":["GET"]}}],"collection":[{"href":"https:\/\/omnivion.net\/core\/fr\/wp-json\/wp\/v2\/pages"}],"about":[{"href":"https:\/\/omnivion.net\/core\/fr\/wp-json\/wp\/v2\/types\/page"}],"author":[{"embeddable":true,"href":"https:\/\/omnivion.net\/core\/fr\/wp-json\/wp\/v2\/users\/1"}],"replies":[{"embeddable":true,"href":"https:\/\/omnivion.net\/core\/fr\/wp-json\/wp\/v2\/comments?post=282"}],"version-history":[{"count":31,"href":"https:\/\/omnivion.net\/core\/fr\/wp-json\/wp\/v2\/pages\/282\/revisions"}],"predecessor-version":[{"id":1671,"href":"https:\/\/omnivion.net\/core\/fr\/wp-json\/wp\/v2\/pages\/282\/revisions\/1671"}],"up":[{"embeddable":true,"href":"https:\/\/omnivion.net\/core\/fr\/wp-json\/wp\/v2\/pages\/60"}],"wp:attachment":[{"href":"https:\/\/omnivion.net\/core\/fr\/wp-json\/wp\/v2\/media?parent=282"}],"curies":[{"name":"wp","href":"https:\/\/api.w.org\/{rel}","templated":true}]}}