{"id":2616,"date":"2018-01-26T21:38:46","date_gmt":"2018-01-26T20:38:46","guid":{"rendered":"http:\/\/omnivion.net\/core\/projets\/educational-projects\/stage_dipla_2017-10-copy\/"},"modified":"2018-03-04T14:08:00","modified_gmt":"2018-03-04T13:08:00","slug":"stage_dipla_2018-02","status":"publish","type":"page","link":"https:\/\/omnivion.net\/core\/fr\/projets\/educational-projects\/stage_dipla_2018-02\/","title":{"rendered":"Stages de danse contemporaine avec Nina Dipla (2017-2018)"},"content":{"rendered":"<p><a href=\"http:\/\/omnivion.net\/core\/projets\/educational-projects\/stage_dipla_2017-10-copy\/sar0032580271_web\/\" rel=\"attachment wp-att-2619\"><img data-recalc-dims=\"1\" loading=\"lazy\" decoding=\"async\" class=\"alignnone size-large wp-image-2619\" src=\"https:\/\/i0.wp.com\/omnivion.net\/core\/wp-content\/uploads\/2018\/01\/SAR0032580271_web.jpg?resize=800%2C356\" alt=\"\" width=\"800\" height=\"356\" srcset=\"https:\/\/i0.wp.com\/omnivion.net\/core\/wp-content\/uploads\/2018\/01\/SAR0032580271_web.jpg?w=800&amp;ssl=1 800w, https:\/\/i0.wp.com\/omnivion.net\/core\/wp-content\/uploads\/2018\/01\/SAR0032580271_web.jpg?resize=300%2C134&amp;ssl=1 300w, https:\/\/i0.wp.com\/omnivion.net\/core\/wp-content\/uploads\/2018\/01\/SAR0032580271_web.jpg?resize=768%2C342&amp;ssl=1 768w\" sizes=\"auto, (max-width: 800px) 100vw, 800px\" \/><\/a><\/p>\n<h3>Nina Dipla le 10-11 f\u00e9vrier et le 5-6 mai 2018, \u00e0 Tours!<em><br \/>\n<\/em><\/h3>\n<p><strong>Deux stages co-organis\u00e9s avec le Petit Morier !<\/strong><\/p>\n<p>Ces stages s&rsquo;adressent aux danseurs, com\u00e9diens, circassiens mais aussi aux amateurs du mouvement dans\u00e9 de tout horizon. Inspir\u00e9e de l\u2019enseignement de la Folkwang Hochschule de Pina Bausch, la m\u00e9thode de travail de Nina Dipla est bas\u00e9e sur la simplicit\u00e9 et la qualit\u00e9 du mouvement. Sa recherche personnelle est bas\u00e9e sur la respiration, l\u2019utilisation du sol, l\u2019utilisation du centre, la suspension, le poids du corps. Nina abordera un travail d\u2019ouverture du corps et de l\u2019esprit par l\u2019utilisation de la voix, tout en laissant place \u00e0 des moments d\u2019\u00e9coute envers son corps et celui du partenaire. Elle mettra en avant la notion de simplicit\u00e9 d\u2019\u00eatre pr\u00e9sent, \u00eatre simplement l\u00e0, \u00eatre concret, sans se laisser perdre.<\/p>\n<p><strong>Courte biographie : <\/strong><\/p>\n<p>Membre du Folkwang Tanzstudio \u00e0 partir de 1994, elle travaille notamment avec Pina Bausch. Depuis 1999, elle collabore en tant qu\u2019interpr\u00e8te avec divers chor\u00e9graphes, compositeurs et metteurs en sc\u00e8ne. Elle a \u00e9t\u00e9 assistante chor\u00e9graphique au Tanztheater Wuppertal (Pina Bausch) pour la reprise du Tannh\u00e4user. Nina habite actuellement \u00e0 Paris o\u00f9 elle enseigne la danse contemporaine et propose des stages en France et \u00e0 l\u2019\u00e9tranger (Allemagne, Gr\u00e8ce, Slov\u00e9nie, Argentine, Italie, Br\u00e9sil, Chili, P\u00e9rou, Japon, Serbie, Angleterre, Chypre, Suisse, Su\u00e8de&#8230;).<\/p>\n<p><strong>Vid\u00e9os de Nina sur Youtube :\u00a0<a href=\"https:\/\/www.youtube.com\/user\/evdomida\/videos\">Nina_videos<\/a><\/strong><\/p>\n<p><strong>&lt;&lt;&lt;&lt;&lt;&lt;&lt;&lt;&lt;&lt;&lt;&lt;&lt;&lt;&lt;&lt;&lt;&lt;&lt;&lt;&lt;&lt;&lt;&lt;&lt;&lt;&lt;&lt;&lt;&lt;&lt;&lt;&lt;&lt;&lt;&lt;&lt;&lt;&lt;&lt;&lt;&lt;&lt;&lt;&lt;&lt;&lt;&lt;&lt;&lt;&lt;&lt;&lt;&lt;&lt;&lt;&lt;&lt;&lt;&lt;&lt;&lt;&lt;<\/strong><\/p>\n<p>&nbsp;<\/p>\n<h3><strong>R\u00e9servations :\u00a0<a href=\"https:\/\/www.e-cotiz.com\/app\/site\/6111-stage_nina_dipla\" target=\"_blank\" rel=\"noopener\">e-cotiz.com\/Nina_Dipla<\/a><\/strong><\/h3>\n<p><strong>Dates :<\/strong><\/p>\n<p><strong><span style=\"text-decoration: line-through;\">10-11 f\u00e9vrier 2018 <\/span><\/strong><strong>(stage pass\u00e9) <\/strong><\/p>\n<p><strong>Prochain stage : <\/strong><\/p>\n<p><strong>5-6 mai 2018<\/strong><\/p>\n<p><strong>Horaires : 10H00-14H00 le samedi\u00a0et 14H00-18H00 le dimanche<\/strong><\/p>\n<p><strong>Prix : 50\u20ac<\/strong><\/p>\n<p><strong>Lieu : Petit Morier, 81 Boulevard Jean Royer, 37000 Tours (Bus 4, station Duplessis)<\/strong><\/p>\n<p><iframe loading=\"lazy\" style=\"border: 0;\" src=\"https:\/\/www.google.com\/maps\/embed?pb=!1m14!1m8!1m3!1d21612.106358634694!2d0.689583!3d47.382417000000004!3m2!1i1024!2i768!4f13.1!3m3!1m2!1s0x0%3A0xed63f5ea39e98f3e!2sLe+petit+Morier!5e0!3m2!1sfr!2sus!4v1487765234216\" width=\"400\" height=\"300\" frameborder=\"0\" allowfullscreen=\"allowfullscreen\"><\/iframe><\/p>","protected":false},"excerpt":{"rendered":"<p>Nina Dipla le 10-11 f\u00e9vrier et le 5-6 mai 2018, \u00e0 Tours! Deux [&hellip;]<\/p>\n","protected":false},"author":1,"featured_media":0,"parent":63,"menu_order":0,"comment_status":"closed","ping_status":"closed","template":"","meta":{"jetpack_post_was_ever_published":false,"footnotes":""},"class_list":["post-2616","page","type-page","status-publish","hentry"],"yoast_head":"<!-- This site is optimized with the Yoast SEO plugin v27.4 - https:\/\/yoast.com\/product\/yoast-seo-wordpress\/ -->\n<title>Stages de danse contemporaine avec Nina Dipla (2017-2018) - omnivion.net<\/title>\n<meta name=\"robots\" content=\"index, follow, max-snippet:-1, max-image-preview:large, max-video-preview:-1\" \/>\n<link rel=\"canonical\" href=\"https:\/\/omnivion.net\/core\/fr\/projets\/educational-projects\/stage_dipla_2018-02\/\" \/>\n<meta property=\"og:locale\" content=\"fr_FR\" \/>\n<meta property=\"og:type\" content=\"article\" \/>\n<meta property=\"og:title\" content=\"Stages de danse contemporaine avec Nina Dipla (2017-2018) - omnivion.net\" \/>\n<meta property=\"og:description\" content=\"Nina Dipla le 10-11 f\u00e9vrier et le 5-6 mai 2018, \u00e0 Tours! Deux [&hellip;]\" \/>\n<meta property=\"og:url\" content=\"https:\/\/omnivion.net\/core\/fr\/projets\/educational-projects\/stage_dipla_2018-02\/\" \/>\n<meta property=\"og:site_name\" content=\"omnivion.net\" \/>\n<meta property=\"article:modified_time\" content=\"2018-03-04T13:08:00+00:00\" \/>\n<meta property=\"og:image\" content=\"http:\/\/omnivion.net\/core\/wp-content\/uploads\/2018\/01\/SAR0032580271_web.jpg\" \/>\n<meta name=\"twitter:card\" content=\"summary_large_image\" \/>\n<meta name=\"twitter:label1\" content=\"Dur\u00e9e de lecture estim\u00e9e\" \/>\n\t<meta name=\"twitter:data1\" content=\"3 minutes\" \/>\n<script type=\"application\/ld+json\" class=\"yoast-schema-graph\">{\"@context\":\"https:\\\/\\\/schema.org\",\"@graph\":[{\"@type\":\"WebPage\",\"@id\":\"https:\\\/\\\/omnivion.net\\\/core\\\/fr\\\/projets\\\/educational-projects\\\/stage_dipla_2018-02\\\/\",\"url\":\"https:\\\/\\\/omnivion.net\\\/core\\\/fr\\\/projets\\\/educational-projects\\\/stage_dipla_2018-02\\\/\",\"name\":\"Stages de danse contemporaine avec Nina Dipla (2017-2018) - omnivion.net\",\"isPartOf\":{\"@id\":\"https:\\\/\\\/omnivion.net\\\/core\\\/fr\\\/#website\"},\"primaryImageOfPage\":{\"@id\":\"https:\\\/\\\/omnivion.net\\\/core\\\/fr\\\/projets\\\/educational-projects\\\/stage_dipla_2018-02\\\/#primaryimage\"},\"image\":{\"@id\":\"https:\\\/\\\/omnivion.net\\\/core\\\/fr\\\/projets\\\/educational-projects\\\/stage_dipla_2018-02\\\/#primaryimage\"},\"thumbnailUrl\":\"http:\\\/\\\/omnivion.net\\\/core\\\/wp-content\\\/uploads\\\/2018\\\/01\\\/SAR0032580271_web.jpg\",\"datePublished\":\"2018-01-26T20:38:46+00:00\",\"dateModified\":\"2018-03-04T13:08:00+00:00\",\"breadcrumb\":{\"@id\":\"https:\\\/\\\/omnivion.net\\\/core\\\/fr\\\/projets\\\/educational-projects\\\/stage_dipla_2018-02\\\/#breadcrumb\"},\"inLanguage\":\"fr-FR\",\"potentialAction\":[{\"@type\":\"ReadAction\",\"target\":[\"https:\\\/\\\/omnivion.net\\\/core\\\/fr\\\/projets\\\/educational-projects\\\/stage_dipla_2018-02\\\/\"]}]},{\"@type\":\"ImageObject\",\"inLanguage\":\"fr-FR\",\"@id\":\"https:\\\/\\\/omnivion.net\\\/core\\\/fr\\\/projets\\\/educational-projects\\\/stage_dipla_2018-02\\\/#primaryimage\",\"url\":\"http:\\\/\\\/omnivion.net\\\/core\\\/wp-content\\\/uploads\\\/2018\\\/01\\\/SAR0032580271_web.jpg\",\"contentUrl\":\"http:\\\/\\\/omnivion.net\\\/core\\\/wp-content\\\/uploads\\\/2018\\\/01\\\/SAR0032580271_web.jpg\"},{\"@type\":\"BreadcrumbList\",\"@id\":\"https:\\\/\\\/omnivion.net\\\/core\\\/fr\\\/projets\\\/educational-projects\\\/stage_dipla_2018-02\\\/#breadcrumb\",\"itemListElement\":[{\"@type\":\"ListItem\",\"position\":1,\"name\":\"Accueil\",\"item\":\"https:\\\/\\\/omnivion.net\\\/core\\\/en\\\/silverstorm\\\/\"},{\"@type\":\"ListItem\",\"position\":2,\"name\":\"Projets\",\"item\":\"https:\\\/\\\/omnivion.net\\\/core\\\/fr\\\/projets\\\/\"},{\"@type\":\"ListItem\",\"position\":3,\"name\":\"Projets Educatifs\",\"item\":\"https:\\\/\\\/omnivion.net\\\/core\\\/projets\\\/educational-projects\\\/\"},{\"@type\":\"ListItem\",\"position\":4,\"name\":\"Stages de danse contemporaine avec Nina Dipla (2017-2018)\"}]},{\"@type\":\"WebSite\",\"@id\":\"https:\\\/\\\/omnivion.net\\\/core\\\/fr\\\/#website\",\"url\":\"https:\\\/\\\/omnivion.net\\\/core\\\/fr\\\/\",\"name\":\"omnivion.net\",\"description\":\"...ARTS D&#039;\u00caTRE CORPS...\",\"potentialAction\":[{\"@type\":\"SearchAction\",\"target\":{\"@type\":\"EntryPoint\",\"urlTemplate\":\"https:\\\/\\\/omnivion.net\\\/core\\\/fr\\\/?s={search_term_string}\"},\"query-input\":{\"@type\":\"PropertyValueSpecification\",\"valueRequired\":true,\"valueName\":\"search_term_string\"}}],\"inLanguage\":\"fr-FR\"}]}<\/script>\n<!-- \/ Yoast SEO plugin. -->","yoast_head_json":{"title":"Stages de danse contemporaine avec Nina Dipla (2017-2018) - omnivion.net","robots":{"index":"index","follow":"follow","max-snippet":"max-snippet:-1","max-image-preview":"max-image-preview:large","max-video-preview":"max-video-preview:-1"},"canonical":"https:\/\/omnivion.net\/core\/fr\/projets\/educational-projects\/stage_dipla_2018-02\/","og_locale":"fr_FR","og_type":"article","og_title":"Stages de danse contemporaine avec Nina Dipla (2017-2018) - omnivion.net","og_description":"Nina Dipla le 10-11 f\u00e9vrier et le 5-6 mai 2018, \u00e0 Tours! Deux [&hellip;]","og_url":"https:\/\/omnivion.net\/core\/fr\/projets\/educational-projects\/stage_dipla_2018-02\/","og_site_name":"omnivion.net","article_modified_time":"2018-03-04T13:08:00+00:00","og_image":[{"url":"http:\/\/omnivion.net\/core\/wp-content\/uploads\/2018\/01\/SAR0032580271_web.jpg","type":"","width":"","height":""}],"twitter_card":"summary_large_image","twitter_misc":{"Dur\u00e9e de lecture estim\u00e9e":"3 minutes"},"schema":{"@context":"https:\/\/schema.org","@graph":[{"@type":"WebPage","@id":"https:\/\/omnivion.net\/core\/fr\/projets\/educational-projects\/stage_dipla_2018-02\/","url":"https:\/\/omnivion.net\/core\/fr\/projets\/educational-projects\/stage_dipla_2018-02\/","name":"Stages de danse contemporaine avec Nina Dipla (2017-2018) - omnivion.net","isPartOf":{"@id":"https:\/\/omnivion.net\/core\/fr\/#website"},"primaryImageOfPage":{"@id":"https:\/\/omnivion.net\/core\/fr\/projets\/educational-projects\/stage_dipla_2018-02\/#primaryimage"},"image":{"@id":"https:\/\/omnivion.net\/core\/fr\/projets\/educational-projects\/stage_dipla_2018-02\/#primaryimage"},"thumbnailUrl":"http:\/\/omnivion.net\/core\/wp-content\/uploads\/2018\/01\/SAR0032580271_web.jpg","datePublished":"2018-01-26T20:38:46+00:00","dateModified":"2018-03-04T13:08:00+00:00","breadcrumb":{"@id":"https:\/\/omnivion.net\/core\/fr\/projets\/educational-projects\/stage_dipla_2018-02\/#breadcrumb"},"inLanguage":"fr-FR","potentialAction":[{"@type":"ReadAction","target":["https:\/\/omnivion.net\/core\/fr\/projets\/educational-projects\/stage_dipla_2018-02\/"]}]},{"@type":"ImageObject","inLanguage":"fr-FR","@id":"https:\/\/omnivion.net\/core\/fr\/projets\/educational-projects\/stage_dipla_2018-02\/#primaryimage","url":"http:\/\/omnivion.net\/core\/wp-content\/uploads\/2018\/01\/SAR0032580271_web.jpg","contentUrl":"http:\/\/omnivion.net\/core\/wp-content\/uploads\/2018\/01\/SAR0032580271_web.jpg"},{"@type":"BreadcrumbList","@id":"https:\/\/omnivion.net\/core\/fr\/projets\/educational-projects\/stage_dipla_2018-02\/#breadcrumb","itemListElement":[{"@type":"ListItem","position":1,"name":"Accueil","item":"https:\/\/omnivion.net\/core\/en\/silverstorm\/"},{"@type":"ListItem","position":2,"name":"Projets","item":"https:\/\/omnivion.net\/core\/fr\/projets\/"},{"@type":"ListItem","position":3,"name":"Projets Educatifs","item":"https:\/\/omnivion.net\/core\/projets\/educational-projects\/"},{"@type":"ListItem","position":4,"name":"Stages de danse contemporaine avec Nina Dipla (2017-2018)"}]},{"@type":"WebSite","@id":"https:\/\/omnivion.net\/core\/fr\/#website","url":"https:\/\/omnivion.net\/core\/fr\/","name":"omnivion.net","description":"...ARTS D&#039;\u00caTRE CORPS...","potentialAction":[{"@type":"SearchAction","target":{"@type":"EntryPoint","urlTemplate":"https:\/\/omnivion.net\/core\/fr\/?s={search_term_string}"},"query-input":{"@type":"PropertyValueSpecification","valueRequired":true,"valueName":"search_term_string"}}],"inLanguage":"fr-FR"}]}},"jetpack_sharing_enabled":true,"jetpack_shortlink":"https:\/\/wp.me\/P2fe7Q-Gc","jetpack_likes_enabled":true,"_links":{"self":[{"href":"https:\/\/omnivion.net\/core\/fr\/wp-json\/wp\/v2\/pages\/2616","targetHints":{"allow":["GET"]}}],"collection":[{"href":"https:\/\/omnivion.net\/core\/fr\/wp-json\/wp\/v2\/pages"}],"about":[{"href":"https:\/\/omnivion.net\/core\/fr\/wp-json\/wp\/v2\/types\/page"}],"author":[{"embeddable":true,"href":"https:\/\/omnivion.net\/core\/fr\/wp-json\/wp\/v2\/users\/1"}],"replies":[{"embeddable":true,"href":"https:\/\/omnivion.net\/core\/fr\/wp-json\/wp\/v2\/comments?post=2616"}],"version-history":[{"count":3,"href":"https:\/\/omnivion.net\/core\/fr\/wp-json\/wp\/v2\/pages\/2616\/revisions"}],"predecessor-version":[{"id":2673,"href":"https:\/\/omnivion.net\/core\/fr\/wp-json\/wp\/v2\/pages\/2616\/revisions\/2673"}],"up":[{"embeddable":true,"href":"https:\/\/omnivion.net\/core\/fr\/wp-json\/wp\/v2\/pages\/63"}],"wp:attachment":[{"href":"https:\/\/omnivion.net\/core\/fr\/wp-json\/wp\/v2\/media?parent=2616"}],"curies":[{"name":"wp","href":"https:\/\/api.w.org\/{rel}","templated":true}]}}