{"id":2578,"date":"2017-12-28T14:31:13","date_gmt":"2017-12-28T13:31:13","guid":{"rendered":"http:\/\/omnivion.net\/core\/projets\/projets-artistiques\/newtopia-6\/newtopia_6_1\/%cf%89-%e2%88%9e-copy\/"},"modified":"2018-09-01T13:50:48","modified_gmt":"2018-09-01T12:50:48","slug":"divines","status":"publish","type":"page","link":"https:\/\/omnivion.net\/core\/fr\/projets\/projets-artistiques\/newtopia-6\/newtopia_6_1\/divines\/","title":{"rendered":"Divine(s)"},"content":{"rendered":"<p><iframe loading=\"lazy\" src=\"https:\/\/player.vimeo.com\/video\/268165176\" width=\"800\" height=\"450\" frameborder=\"0\" allowfullscreen=\"allowfullscreen\"><\/iframe><\/p>\n<p><a href=\"https:\/\/vimeo.com\/268165176\">DIVINE(S) (2018)<\/a> d&rsquo;<a href=\"https:\/\/vimeo.com\/omnivion\">Omnivion \/ Arts d&rsquo;\u00eatre corps<\/a> sur\u00a0<a href=\"https:\/\/vimeo.com\">Vimeo<\/a>.<\/p>\n<p>&nbsp;<\/p>\n<h2><strong><em>Divine(s) (2018)<\/em><\/strong><\/h2>\n<p>Performance inspir\u00e9e du nom de l&rsquo;association (<em>Omnivion<\/em>) et associ\u00e9 aux symboliques spirituelles. La multiplicit\u00e9 du vivant, la multiplicit\u00e9 de nos croyances. Une jubilation chor\u00e9graphique du potentiel expressif g\u00e9n\u00e9r\u00e9 par une communaut\u00e9 h\u00e9t\u00e9rog\u00e8ne. Une aventure de groupe qui\u00a0 interroge le sacr\u00e9 tout en accueillant la diff\u00e9rence.<\/p>\n<p>Conceptuellement, nous nous sommes appuy\u00e9s sur une id\u00e9e du psychologue James Hillman, qui promeut \u00ab\u00a0<em>la multiplicit\u00e9 des voix, la Babel de l&rsquo;anima et de l&rsquo;animus, sans insister pour les unifier en une seule figure, et accepter aussi le processus de dissolution dans la diversit\u00e9, comme \u00e9gale en valeur au processus de coagulation en unit\u00e9<\/em>.\u00a0\u00bb (J.Hillman, A Blue Fire, 1989, page 39)<\/p>\n<p><strong>Conception \/ direction :<\/strong> Dimitri Tsiapkinis<br \/>\n<strong>Interpr\u00e9t\u00e9 par<\/strong> l&rsquo;\u00e9quipe d&rsquo;Omnivion : Cereza Candela, Marie Chapron, Emilie Coud\u00e8re, Magali Dijoux, Nina Fourton, Claire Guillaume, Nikicha Jaillette, Roland Lebret, Catherine Mondou, Bruno Morin, Quentin Perrotte, Yvan Pousset, Rosa Pires de Matos, Dimitri Tsiapkinis.<br \/>\n<strong>Eclairage\/r\u00e9gie technique : <\/strong>Marine Pourqui\u00e9<br \/>\n<strong>Dur\u00e9e<\/strong> : ~ 55min<\/p>\n<p><strong>Teaser : <a href=\"https:\/\/vimeo.com\/268165176\">vimeo.com\/DIVINES<\/a><\/strong><\/p>\n<p><strong>Photos :\u00a0<a href=\"https:\/\/flic.kr\/s\/aHsme7mShq\">flickr\/DIVINES<\/a><\/strong><\/p>\n<h2>&lt;&lt;&lt;&lt;&lt;&lt;&lt;&lt;&lt;&lt;&lt;&lt;&lt;&lt;&lt;&lt;&lt;&lt;&lt;&lt;&lt;&lt;&lt;&lt;&lt;&lt;&lt;&lt;&lt;&lt;&lt;&lt;&lt;&lt;&lt;&lt;&lt;&lt;&lt;&lt;&lt;&lt;&lt;&lt;&lt;&lt;&lt;&lt;&lt;&lt;&lt;&lt;&lt;&lt;&lt;&lt;&lt;&lt;&lt;&lt;&lt;&lt;<\/h2>\n<p>&nbsp;<\/p>\n<h3><span style=\"color: #ff0000;\"><strong>DATES :\u00a0<\/strong><\/span><\/h3>\n<p><strong>&lt;&lt; 5 avril 2018, \u00e0 20H pendant<\/strong>\u00a0<strong><a href=\"http:\/\/omnivion.net\/core\/projets\/projets-artistiques\/newtopia-6\/newtopia_6_1\/\">Newtopia 6<\/a><a href=\"http:\/\/omnivion.net\/core\/projets\/projets-artistiques\/newtopia-6\/newtopia_6_1\/\">.1<\/a>\u00a0<\/strong><strong>\u00e0 la Pl\u00e9iade, \u00e0 la Riche (37520)<\/strong><\/p>\n<p>&lt;&lt; <strong>6 octobre, 2018, \u00e0 16H : au C\u00e9same, Centre de Sant\u00e9 Mentale Angevin \/ Sainte Gemmes sur Loire (49130)<\/strong><\/p>\n<p>&nbsp;<\/p>\n<p>&nbsp;<\/p>\n<p><strong>Info &amp; r<\/strong><strong>\u00e9servations : <a href=\"https:\/\/www.e-cotiz.com\/app\/site\/5319-newtopia_6.1\">e-cotiz.com\/newtopia_6.1<\/a><\/strong><\/p>\n<h2>&lt;&lt;&lt;&lt;&lt;&lt;&lt;&lt;&lt;&lt;&lt;&lt;&lt;&lt;&lt;&lt;&lt;&lt;&lt;&lt;&lt;&lt;&lt;&lt;&lt;&lt;&lt;&lt;&lt;&lt;&lt;&lt;&lt;&lt;&lt;&lt;&lt;&lt;&lt;&lt;&lt;&lt;&lt;&lt;&lt;&lt;&lt;&lt;&lt;&lt;&lt;&lt;&lt;&lt;&lt;&lt;&lt;&lt;&lt;&lt;&lt;&lt;<\/h2>\n<p><a href=\"http:\/\/omnivion.net\/core\/projets\/projets-artistiques\/newtopia-5\/newtopia-5-3\/log\/\" rel=\"attachment wp-att-2307\"><img data-recalc-dims=\"1\" loading=\"lazy\" decoding=\"async\" class=\"alignnone wp-image-2307\" src=\"https:\/\/i0.wp.com\/omnivion.net\/core\/wp-content\/uploads\/2017\/05\/log.jpg?resize=213%2C120\" alt=\"\" width=\"213\" height=\"120\" srcset=\"https:\/\/i0.wp.com\/omnivion.net\/core\/wp-content\/uploads\/2017\/05\/log.jpg?w=556&amp;ssl=1 556w, https:\/\/i0.wp.com\/omnivion.net\/core\/wp-content\/uploads\/2017\/05\/log.jpg?resize=300%2C169&amp;ssl=1 300w\" sizes=\"auto, (max-width: 213px) 100vw, 213px\" \/><br \/>\n<\/a><\/p>\n<p>&nbsp;<\/p>","protected":false},"excerpt":{"rendered":"<p>DIVINE(S) (2018) d&rsquo;Omnivion \/ Arts d&rsquo;\u00eatre corps sur\u00a0Vimeo. &nbsp; Divine(s) (2018) Performance inspir\u00e9e [&hellip;]<\/p>\n","protected":false},"author":1,"featured_media":0,"parent":2474,"menu_order":0,"comment_status":"closed","ping_status":"closed","template":"","meta":{"jetpack_post_was_ever_published":false,"footnotes":""},"class_list":["post-2578","page","type-page","status-publish","hentry"],"yoast_head":"<!-- This site is optimized with the Yoast SEO plugin v26.8 - https:\/\/yoast.com\/product\/yoast-seo-wordpress\/ -->\n<title>Divine(s) - omnivion.net<\/title>\n<meta name=\"robots\" content=\"index, follow, max-snippet:-1, max-image-preview:large, max-video-preview:-1\" \/>\n<link rel=\"canonical\" href=\"https:\/\/omnivion.net\/core\/fr\/projets\/projets-artistiques\/newtopia-6\/newtopia_6_1\/divines\/\" \/>\n<meta property=\"og:locale\" content=\"fr_FR\" \/>\n<meta property=\"og:type\" content=\"article\" \/>\n<meta property=\"og:title\" content=\"Divine(s) - omnivion.net\" \/>\n<meta property=\"og:description\" content=\"DIVINE(S) (2018) d&rsquo;Omnivion \/ Arts d&rsquo;\u00eatre corps sur\u00a0Vimeo. &nbsp; Divine(s) (2018) Performance inspir\u00e9e [&hellip;]\" \/>\n<meta property=\"og:url\" content=\"https:\/\/omnivion.net\/core\/fr\/projets\/projets-artistiques\/newtopia-6\/newtopia_6_1\/divines\/\" \/>\n<meta property=\"og:site_name\" content=\"omnivion.net\" \/>\n<meta property=\"article:modified_time\" content=\"2018-09-01T12:50:48+00:00\" \/>\n<meta property=\"og:image\" content=\"http:\/\/omnivion.net\/core\/wp-content\/uploads\/2017\/05\/log.jpg\" \/>\n<meta name=\"twitter:card\" content=\"summary_large_image\" \/>\n<meta name=\"twitter:label1\" content=\"Dur\u00e9e de lecture estim\u00e9e\" \/>\n\t<meta name=\"twitter:data1\" content=\"3 minutes\" \/>\n<script type=\"application\/ld+json\" class=\"yoast-schema-graph\">{\"@context\":\"https:\/\/schema.org\",\"@graph\":[{\"@type\":\"WebPage\",\"@id\":\"https:\/\/omnivion.net\/core\/fr\/projets\/projets-artistiques\/newtopia-6\/newtopia_6_1\/divines\/\",\"url\":\"https:\/\/omnivion.net\/core\/fr\/projets\/projets-artistiques\/newtopia-6\/newtopia_6_1\/divines\/\",\"name\":\"Divine(s) - omnivion.net\",\"isPartOf\":{\"@id\":\"https:\/\/omnivion.net\/core\/fr\/#website\"},\"primaryImageOfPage\":{\"@id\":\"https:\/\/omnivion.net\/core\/fr\/projets\/projets-artistiques\/newtopia-6\/newtopia_6_1\/divines\/#primaryimage\"},\"image\":{\"@id\":\"https:\/\/omnivion.net\/core\/fr\/projets\/projets-artistiques\/newtopia-6\/newtopia_6_1\/divines\/#primaryimage\"},\"thumbnailUrl\":\"http:\/\/omnivion.net\/core\/wp-content\/uploads\/2017\/05\/log.jpg\",\"datePublished\":\"2017-12-28T13:31:13+00:00\",\"dateModified\":\"2018-09-01T12:50:48+00:00\",\"breadcrumb\":{\"@id\":\"https:\/\/omnivion.net\/core\/fr\/projets\/projets-artistiques\/newtopia-6\/newtopia_6_1\/divines\/#breadcrumb\"},\"inLanguage\":\"fr-FR\",\"potentialAction\":[{\"@type\":\"ReadAction\",\"target\":[\"https:\/\/omnivion.net\/core\/fr\/projets\/projets-artistiques\/newtopia-6\/newtopia_6_1\/divines\/\"]}]},{\"@type\":\"ImageObject\",\"inLanguage\":\"fr-FR\",\"@id\":\"https:\/\/omnivion.net\/core\/fr\/projets\/projets-artistiques\/newtopia-6\/newtopia_6_1\/divines\/#primaryimage\",\"url\":\"http:\/\/omnivion.net\/core\/wp-content\/uploads\/2017\/05\/log.jpg\",\"contentUrl\":\"http:\/\/omnivion.net\/core\/wp-content\/uploads\/2017\/05\/log.jpg\"},{\"@type\":\"BreadcrumbList\",\"@id\":\"https:\/\/omnivion.net\/core\/fr\/projets\/projets-artistiques\/newtopia-6\/newtopia_6_1\/divines\/#breadcrumb\",\"itemListElement\":[{\"@type\":\"ListItem\",\"position\":1,\"name\":\"Accueil\",\"item\":\"https:\/\/omnivion.net\/core\/en\/silverstorm\/\"},{\"@type\":\"ListItem\",\"position\":2,\"name\":\"Projets\",\"item\":\"https:\/\/omnivion.net\/core\/fr\/projets\/\"},{\"@type\":\"ListItem\",\"position\":3,\"name\":\"Projets Artistiques\",\"item\":\"https:\/\/omnivion.net\/core\/projets\/projets-artistiques\/\"},{\"@type\":\"ListItem\",\"position\":4,\"name\":\"Newtopia 6\",\"item\":\"https:\/\/omnivion.net\/core\/projets\/projets-artistiques\/newtopia-6\/\"},{\"@type\":\"ListItem\",\"position\":5,\"name\":\"Newtopia 6.1\",\"item\":\"https:\/\/omnivion.net\/core\/projets\/projets-artistiques\/newtopia-6\/newtopia_6_1\/\"},{\"@type\":\"ListItem\",\"position\":6,\"name\":\"Divine(s)\"}]},{\"@type\":\"WebSite\",\"@id\":\"https:\/\/omnivion.net\/core\/fr\/#website\",\"url\":\"https:\/\/omnivion.net\/core\/fr\/\",\"name\":\"omnivion.net\",\"description\":\"...ARTS D&#039;\u00caTRE CORPS...\",\"potentialAction\":[{\"@type\":\"SearchAction\",\"target\":{\"@type\":\"EntryPoint\",\"urlTemplate\":\"https:\/\/omnivion.net\/core\/fr\/?s={search_term_string}\"},\"query-input\":{\"@type\":\"PropertyValueSpecification\",\"valueRequired\":true,\"valueName\":\"search_term_string\"}}],\"inLanguage\":\"fr-FR\"}]}<\/script>\n<!-- \/ Yoast SEO plugin. -->","yoast_head_json":{"title":"Divine(s) - omnivion.net","robots":{"index":"index","follow":"follow","max-snippet":"max-snippet:-1","max-image-preview":"max-image-preview:large","max-video-preview":"max-video-preview:-1"},"canonical":"https:\/\/omnivion.net\/core\/fr\/projets\/projets-artistiques\/newtopia-6\/newtopia_6_1\/divines\/","og_locale":"fr_FR","og_type":"article","og_title":"Divine(s) - omnivion.net","og_description":"DIVINE(S) (2018) d&rsquo;Omnivion \/ Arts d&rsquo;\u00eatre corps sur\u00a0Vimeo. &nbsp; Divine(s) (2018) Performance inspir\u00e9e [&hellip;]","og_url":"https:\/\/omnivion.net\/core\/fr\/projets\/projets-artistiques\/newtopia-6\/newtopia_6_1\/divines\/","og_site_name":"omnivion.net","article_modified_time":"2018-09-01T12:50:48+00:00","og_image":[{"url":"http:\/\/omnivion.net\/core\/wp-content\/uploads\/2017\/05\/log.jpg","type":"","width":"","height":""}],"twitter_card":"summary_large_image","twitter_misc":{"Dur\u00e9e de lecture estim\u00e9e":"3 minutes"},"schema":{"@context":"https:\/\/schema.org","@graph":[{"@type":"WebPage","@id":"https:\/\/omnivion.net\/core\/fr\/projets\/projets-artistiques\/newtopia-6\/newtopia_6_1\/divines\/","url":"https:\/\/omnivion.net\/core\/fr\/projets\/projets-artistiques\/newtopia-6\/newtopia_6_1\/divines\/","name":"Divine(s) - omnivion.net","isPartOf":{"@id":"https:\/\/omnivion.net\/core\/fr\/#website"},"primaryImageOfPage":{"@id":"https:\/\/omnivion.net\/core\/fr\/projets\/projets-artistiques\/newtopia-6\/newtopia_6_1\/divines\/#primaryimage"},"image":{"@id":"https:\/\/omnivion.net\/core\/fr\/projets\/projets-artistiques\/newtopia-6\/newtopia_6_1\/divines\/#primaryimage"},"thumbnailUrl":"http:\/\/omnivion.net\/core\/wp-content\/uploads\/2017\/05\/log.jpg","datePublished":"2017-12-28T13:31:13+00:00","dateModified":"2018-09-01T12:50:48+00:00","breadcrumb":{"@id":"https:\/\/omnivion.net\/core\/fr\/projets\/projets-artistiques\/newtopia-6\/newtopia_6_1\/divines\/#breadcrumb"},"inLanguage":"fr-FR","potentialAction":[{"@type":"ReadAction","target":["https:\/\/omnivion.net\/core\/fr\/projets\/projets-artistiques\/newtopia-6\/newtopia_6_1\/divines\/"]}]},{"@type":"ImageObject","inLanguage":"fr-FR","@id":"https:\/\/omnivion.net\/core\/fr\/projets\/projets-artistiques\/newtopia-6\/newtopia_6_1\/divines\/#primaryimage","url":"http:\/\/omnivion.net\/core\/wp-content\/uploads\/2017\/05\/log.jpg","contentUrl":"http:\/\/omnivion.net\/core\/wp-content\/uploads\/2017\/05\/log.jpg"},{"@type":"BreadcrumbList","@id":"https:\/\/omnivion.net\/core\/fr\/projets\/projets-artistiques\/newtopia-6\/newtopia_6_1\/divines\/#breadcrumb","itemListElement":[{"@type":"ListItem","position":1,"name":"Accueil","item":"https:\/\/omnivion.net\/core\/en\/silverstorm\/"},{"@type":"ListItem","position":2,"name":"Projets","item":"https:\/\/omnivion.net\/core\/fr\/projets\/"},{"@type":"ListItem","position":3,"name":"Projets Artistiques","item":"https:\/\/omnivion.net\/core\/projets\/projets-artistiques\/"},{"@type":"ListItem","position":4,"name":"Newtopia 6","item":"https:\/\/omnivion.net\/core\/projets\/projets-artistiques\/newtopia-6\/"},{"@type":"ListItem","position":5,"name":"Newtopia 6.1","item":"https:\/\/omnivion.net\/core\/projets\/projets-artistiques\/newtopia-6\/newtopia_6_1\/"},{"@type":"ListItem","position":6,"name":"Divine(s)"}]},{"@type":"WebSite","@id":"https:\/\/omnivion.net\/core\/fr\/#website","url":"https:\/\/omnivion.net\/core\/fr\/","name":"omnivion.net","description":"...ARTS D&#039;\u00caTRE CORPS...","potentialAction":[{"@type":"SearchAction","target":{"@type":"EntryPoint","urlTemplate":"https:\/\/omnivion.net\/core\/fr\/?s={search_term_string}"},"query-input":{"@type":"PropertyValueSpecification","valueRequired":true,"valueName":"search_term_string"}}],"inLanguage":"fr-FR"}]}},"jetpack_sharing_enabled":true,"jetpack_shortlink":"https:\/\/wp.me\/P2fe7Q-FA","jetpack_likes_enabled":true,"_links":{"self":[{"href":"https:\/\/omnivion.net\/core\/fr\/wp-json\/wp\/v2\/pages\/2578","targetHints":{"allow":["GET"]}}],"collection":[{"href":"https:\/\/omnivion.net\/core\/fr\/wp-json\/wp\/v2\/pages"}],"about":[{"href":"https:\/\/omnivion.net\/core\/fr\/wp-json\/wp\/v2\/types\/page"}],"author":[{"embeddable":true,"href":"https:\/\/omnivion.net\/core\/fr\/wp-json\/wp\/v2\/users\/1"}],"replies":[{"embeddable":true,"href":"https:\/\/omnivion.net\/core\/fr\/wp-json\/wp\/v2\/comments?post=2578"}],"version-history":[{"count":14,"href":"https:\/\/omnivion.net\/core\/fr\/wp-json\/wp\/v2\/pages\/2578\/revisions"}],"predecessor-version":[{"id":2887,"href":"https:\/\/omnivion.net\/core\/fr\/wp-json\/wp\/v2\/pages\/2578\/revisions\/2887"}],"up":[{"embeddable":true,"href":"https:\/\/omnivion.net\/core\/fr\/wp-json\/wp\/v2\/pages\/2474"}],"wp:attachment":[{"href":"https:\/\/omnivion.net\/core\/fr\/wp-json\/wp\/v2\/media?parent=2578"}],"curies":[{"name":"wp","href":"https:\/\/api.w.org\/{rel}","templated":true}]}}