{"id":2566,"date":"2017-12-23T13:39:09","date_gmt":"2017-12-23T12:39:09","guid":{"rendered":"http:\/\/omnivion.net\/core\/?page_id=2566"},"modified":"2018-02-13T18:01:18","modified_gmt":"2018-02-13T17:01:18","slug":"omega_plus","status":"publish","type":"page","link":"https:\/\/omnivion.net\/core\/fr\/projets\/projets-artistiques\/newtopia-6\/newtopia_6_1\/omega_plus\/","title":{"rendered":"\u03a9mega + \u221e (2018)"},"content":{"rendered":"<p><div id=\"attachment_2568\" style=\"width: 810px\" class=\"wp-caption alignnone\"><a href=\"http:\/\/omnivion.net\/core\/projets\/projets-artistiques\/newtopia-6\/newtopia_6_1\/%cf%89-%e2%88%9e\/2005-06-20_repetition-minuit-moins-5_07_lomo_logo_2\/\" rel=\"attachment wp-att-2568\"><img data-recalc-dims=\"1\" loading=\"lazy\" decoding=\"async\" aria-describedby=\"caption-attachment-2568\" class=\"size-large wp-image-2568\" src=\"https:\/\/i0.wp.com\/omnivion.net\/core\/wp-content\/uploads\/2017\/12\/2005-06-20_R%C3%A9p%C3%A9tition-Minuit-moins-5_07_lomo_logo_2-1024x619.jpg?resize=800%2C484\" alt=\"\" width=\"800\" height=\"484\" srcset=\"https:\/\/i0.wp.com\/omnivion.net\/core\/wp-content\/uploads\/2017\/12\/2005-06-20_R%C3%A9p%C3%A9tition-Minuit-moins-5_07_lomo_logo_2.jpg?resize=1024%2C619&amp;ssl=1 1024w, https:\/\/i0.wp.com\/omnivion.net\/core\/wp-content\/uploads\/2017\/12\/2005-06-20_R%C3%A9p%C3%A9tition-Minuit-moins-5_07_lomo_logo_2.jpg?resize=300%2C181&amp;ssl=1 300w, https:\/\/i0.wp.com\/omnivion.net\/core\/wp-content\/uploads\/2017\/12\/2005-06-20_R%C3%A9p%C3%A9tition-Minuit-moins-5_07_lomo_logo_2.jpg?resize=768%2C464&amp;ssl=1 768w, https:\/\/i0.wp.com\/omnivion.net\/core\/wp-content\/uploads\/2017\/12\/2005-06-20_R%C3%A9p%C3%A9tition-Minuit-moins-5_07_lomo_logo_2.jpg?w=1699&amp;ssl=1 1699w\" sizes=\"auto, (max-width: 800px) 100vw, 800px\" \/><\/a><p id=\"caption-attachment-2568\" class=\"wp-caption-text\">Photo by D. Tsiapkinis<\/p><\/div><\/p>\n<p>&nbsp;<\/p>\n<h2><\/h2>\n<h1><strong><em>\u03a9<\/em><\/strong><em>mega<\/em><strong><em> +\u00a0<b>\u221e\u00a0<\/b><\/em>(2018)<\/strong><\/h1>\n<p><strong>Performance chor\u00e9graphique et musicale<\/strong><\/p>\n<p><strong>Conception \/ direction :<\/strong> Taoufiq Izeddiou<br \/>\n<strong>Danse<\/strong> : Taoufiq Izeddiou<br \/>\n<strong>Musique<\/strong> : Mathieu Gaborit<br \/>\n<strong>Dur\u00e9e<\/strong> : ~ 40min<\/p>\n<p>Une performance in\u00e9dite de Taoufiq Izeddiou, directeur de <em>Anania-Danses<\/em> et de <em>On Marche Festival de Danse de Marrakech<\/em>. Dans cette performance, Taoufiq explore des \u00e9tats de transe, entre tradition et modernit\u00e9. Une qu\u00eate qui s\u2019inspire de ces pr\u00e9c\u00e9dentes cr\u00e9ations \u00ab En Alerte \u00bb et \u00ab Aalef \u00bb : un corps dans une urgence de nouvelles d\u00e9finitions du r\u00e9el \u00e0 travers l\u2019abandon extatique, l\u2019\u00e9puisement des sens, la confrontation avec des notions du sacr\u00e9.<\/p>\n<p>&nbsp;<\/p>\n<h2>&lt;&lt;&lt;&lt;&lt;&lt;&lt;&lt;&lt;&lt;&lt;&lt;&lt;&lt;&lt;&lt;&lt;&lt;&lt;&lt;&lt;&lt;&lt;&lt;&lt;&lt;&lt;&lt;&lt;&lt;&lt;&lt;&lt;&lt;&lt;&lt;&lt;&lt;&lt;&lt;&lt;&lt;&lt;&lt;&lt;&lt;&lt;&lt;&lt;&lt;&lt;&lt;&lt;&lt;&lt;&lt;&lt;&lt;&lt;&lt;&lt;&lt;<\/h2>\n<p>&nbsp;<\/p>\n<p>La premi\u00e8re sera pr\u00e9sent\u00e9e lors de l&rsquo;\u00e9v\u00e9nement <strong><a href=\"http:\/\/omnivion.net\/core\/projets\/projets-artistiques\/newtopia-6\/newtopia_6_1\/\">Newtopia 6<\/a><a href=\"http:\/\/omnivion.net\/core\/projets\/projets-artistiques\/newtopia-6\/newtopia_6_1\/\">.1<\/a> <\/strong><strong>\u00e0 la Pl\u00e9iade, \u00e0 la Riche (37520), le 4 avril 2018, \u00e0 20H.<\/strong><\/p>\n<p><strong>Info &amp; r<\/strong><strong>\u00e9servations : <a href=\"https:\/\/www.e-cotiz.com\/app\/site\/5319-newtopia_6.1\">e-cotiz.com\/newtopia_6.1<\/a><\/strong><\/p>","protected":false},"excerpt":{"rendered":"<p>&nbsp; \u03a9mega +\u00a0\u221e\u00a0(2018) Performance chor\u00e9graphique et musicale Conception \/ direction : Taoufiq Izeddiou [&hellip;]<\/p>\n","protected":false},"author":1,"featured_media":0,"parent":2474,"menu_order":0,"comment_status":"closed","ping_status":"closed","template":"","meta":{"jetpack_post_was_ever_published":false,"footnotes":""},"class_list":["post-2566","page","type-page","status-publish","hentry"],"yoast_head":"<!-- This site is optimized with the Yoast SEO plugin v26.8 - https:\/\/yoast.com\/product\/yoast-seo-wordpress\/ -->\n<title>\u03a9mega + \u221e (2018) - omnivion.net<\/title>\n<meta name=\"robots\" content=\"index, follow, max-snippet:-1, max-image-preview:large, max-video-preview:-1\" \/>\n<link rel=\"canonical\" href=\"https:\/\/omnivion.net\/core\/fr\/projets\/projets-artistiques\/newtopia-6\/newtopia_6_1\/omega_plus\/\" \/>\n<meta property=\"og:locale\" content=\"fr_FR\" \/>\n<meta property=\"og:type\" content=\"article\" \/>\n<meta property=\"og:title\" content=\"\u03a9mega + \u221e (2018) - omnivion.net\" \/>\n<meta property=\"og:description\" content=\"&nbsp; \u03a9mega +\u00a0\u221e\u00a0(2018) Performance chor\u00e9graphique et musicale Conception \/ direction : Taoufiq Izeddiou [&hellip;]\" \/>\n<meta property=\"og:url\" content=\"https:\/\/omnivion.net\/core\/fr\/projets\/projets-artistiques\/newtopia-6\/newtopia_6_1\/omega_plus\/\" \/>\n<meta property=\"og:site_name\" content=\"omnivion.net\" \/>\n<meta property=\"article:modified_time\" content=\"2018-02-13T17:01:18+00:00\" \/>\n<meta name=\"twitter:card\" content=\"summary_large_image\" \/>\n<meta name=\"twitter:label1\" content=\"Dur\u00e9e de lecture estim\u00e9e\" \/>\n\t<meta name=\"twitter:data1\" content=\"2 minutes\" \/>\n<script type=\"application\/ld+json\" class=\"yoast-schema-graph\">{\"@context\":\"https:\/\/schema.org\",\"@graph\":[{\"@type\":\"WebPage\",\"@id\":\"https:\/\/omnivion.net\/core\/fr\/projets\/projets-artistiques\/newtopia-6\/newtopia_6_1\/omega_plus\/\",\"url\":\"https:\/\/omnivion.net\/core\/fr\/projets\/projets-artistiques\/newtopia-6\/newtopia_6_1\/omega_plus\/\",\"name\":\"\u03a9mega + \u221e (2018) - omnivion.net\",\"isPartOf\":{\"@id\":\"https:\/\/omnivion.net\/core\/fr\/#website\"},\"datePublished\":\"2017-12-23T12:39:09+00:00\",\"dateModified\":\"2018-02-13T17:01:18+00:00\",\"breadcrumb\":{\"@id\":\"https:\/\/omnivion.net\/core\/fr\/projets\/projets-artistiques\/newtopia-6\/newtopia_6_1\/omega_plus\/#breadcrumb\"},\"inLanguage\":\"fr-FR\",\"potentialAction\":[{\"@type\":\"ReadAction\",\"target\":[\"https:\/\/omnivion.net\/core\/fr\/projets\/projets-artistiques\/newtopia-6\/newtopia_6_1\/omega_plus\/\"]}]},{\"@type\":\"BreadcrumbList\",\"@id\":\"https:\/\/omnivion.net\/core\/fr\/projets\/projets-artistiques\/newtopia-6\/newtopia_6_1\/omega_plus\/#breadcrumb\",\"itemListElement\":[{\"@type\":\"ListItem\",\"position\":1,\"name\":\"Accueil\",\"item\":\"https:\/\/omnivion.net\/core\/en\/silverstorm\/\"},{\"@type\":\"ListItem\",\"position\":2,\"name\":\"Projets\",\"item\":\"https:\/\/omnivion.net\/core\/fr\/projets\/\"},{\"@type\":\"ListItem\",\"position\":3,\"name\":\"Projets Artistiques\",\"item\":\"https:\/\/omnivion.net\/core\/projets\/projets-artistiques\/\"},{\"@type\":\"ListItem\",\"position\":4,\"name\":\"Newtopia 6\",\"item\":\"https:\/\/omnivion.net\/core\/projets\/projets-artistiques\/newtopia-6\/\"},{\"@type\":\"ListItem\",\"position\":5,\"name\":\"Newtopia 6.1\",\"item\":\"https:\/\/omnivion.net\/core\/projets\/projets-artistiques\/newtopia-6\/newtopia_6_1\/\"},{\"@type\":\"ListItem\",\"position\":6,\"name\":\"\u03a9mega + \u221e (2018)\"}]},{\"@type\":\"WebSite\",\"@id\":\"https:\/\/omnivion.net\/core\/fr\/#website\",\"url\":\"https:\/\/omnivion.net\/core\/fr\/\",\"name\":\"omnivion.net\",\"description\":\"...ARTS D&#039;\u00caTRE CORPS...\",\"potentialAction\":[{\"@type\":\"SearchAction\",\"target\":{\"@type\":\"EntryPoint\",\"urlTemplate\":\"https:\/\/omnivion.net\/core\/fr\/?s={search_term_string}\"},\"query-input\":{\"@type\":\"PropertyValueSpecification\",\"valueRequired\":true,\"valueName\":\"search_term_string\"}}],\"inLanguage\":\"fr-FR\"}]}<\/script>\n<!-- \/ Yoast SEO plugin. -->","yoast_head_json":{"title":"\u03a9mega + \u221e (2018) - omnivion.net","robots":{"index":"index","follow":"follow","max-snippet":"max-snippet:-1","max-image-preview":"max-image-preview:large","max-video-preview":"max-video-preview:-1"},"canonical":"https:\/\/omnivion.net\/core\/fr\/projets\/projets-artistiques\/newtopia-6\/newtopia_6_1\/omega_plus\/","og_locale":"fr_FR","og_type":"article","og_title":"\u03a9mega + \u221e (2018) - omnivion.net","og_description":"&nbsp; \u03a9mega +\u00a0\u221e\u00a0(2018) Performance chor\u00e9graphique et musicale Conception \/ direction : Taoufiq Izeddiou [&hellip;]","og_url":"https:\/\/omnivion.net\/core\/fr\/projets\/projets-artistiques\/newtopia-6\/newtopia_6_1\/omega_plus\/","og_site_name":"omnivion.net","article_modified_time":"2018-02-13T17:01:18+00:00","twitter_card":"summary_large_image","twitter_misc":{"Dur\u00e9e de lecture estim\u00e9e":"2 minutes"},"schema":{"@context":"https:\/\/schema.org","@graph":[{"@type":"WebPage","@id":"https:\/\/omnivion.net\/core\/fr\/projets\/projets-artistiques\/newtopia-6\/newtopia_6_1\/omega_plus\/","url":"https:\/\/omnivion.net\/core\/fr\/projets\/projets-artistiques\/newtopia-6\/newtopia_6_1\/omega_plus\/","name":"\u03a9mega + \u221e (2018) - omnivion.net","isPartOf":{"@id":"https:\/\/omnivion.net\/core\/fr\/#website"},"datePublished":"2017-12-23T12:39:09+00:00","dateModified":"2018-02-13T17:01:18+00:00","breadcrumb":{"@id":"https:\/\/omnivion.net\/core\/fr\/projets\/projets-artistiques\/newtopia-6\/newtopia_6_1\/omega_plus\/#breadcrumb"},"inLanguage":"fr-FR","potentialAction":[{"@type":"ReadAction","target":["https:\/\/omnivion.net\/core\/fr\/projets\/projets-artistiques\/newtopia-6\/newtopia_6_1\/omega_plus\/"]}]},{"@type":"BreadcrumbList","@id":"https:\/\/omnivion.net\/core\/fr\/projets\/projets-artistiques\/newtopia-6\/newtopia_6_1\/omega_plus\/#breadcrumb","itemListElement":[{"@type":"ListItem","position":1,"name":"Accueil","item":"https:\/\/omnivion.net\/core\/en\/silverstorm\/"},{"@type":"ListItem","position":2,"name":"Projets","item":"https:\/\/omnivion.net\/core\/fr\/projets\/"},{"@type":"ListItem","position":3,"name":"Projets Artistiques","item":"https:\/\/omnivion.net\/core\/projets\/projets-artistiques\/"},{"@type":"ListItem","position":4,"name":"Newtopia 6","item":"https:\/\/omnivion.net\/core\/projets\/projets-artistiques\/newtopia-6\/"},{"@type":"ListItem","position":5,"name":"Newtopia 6.1","item":"https:\/\/omnivion.net\/core\/projets\/projets-artistiques\/newtopia-6\/newtopia_6_1\/"},{"@type":"ListItem","position":6,"name":"\u03a9mega + \u221e (2018)"}]},{"@type":"WebSite","@id":"https:\/\/omnivion.net\/core\/fr\/#website","url":"https:\/\/omnivion.net\/core\/fr\/","name":"omnivion.net","description":"...ARTS D&#039;\u00caTRE CORPS...","potentialAction":[{"@type":"SearchAction","target":{"@type":"EntryPoint","urlTemplate":"https:\/\/omnivion.net\/core\/fr\/?s={search_term_string}"},"query-input":{"@type":"PropertyValueSpecification","valueRequired":true,"valueName":"search_term_string"}}],"inLanguage":"fr-FR"}]}},"jetpack_sharing_enabled":true,"jetpack_shortlink":"https:\/\/wp.me\/P2fe7Q-Fo","jetpack_likes_enabled":true,"_links":{"self":[{"href":"https:\/\/omnivion.net\/core\/fr\/wp-json\/wp\/v2\/pages\/2566","targetHints":{"allow":["GET"]}}],"collection":[{"href":"https:\/\/omnivion.net\/core\/fr\/wp-json\/wp\/v2\/pages"}],"about":[{"href":"https:\/\/omnivion.net\/core\/fr\/wp-json\/wp\/v2\/types\/page"}],"author":[{"embeddable":true,"href":"https:\/\/omnivion.net\/core\/fr\/wp-json\/wp\/v2\/users\/1"}],"replies":[{"embeddable":true,"href":"https:\/\/omnivion.net\/core\/fr\/wp-json\/wp\/v2\/comments?post=2566"}],"version-history":[{"count":6,"href":"https:\/\/omnivion.net\/core\/fr\/wp-json\/wp\/v2\/pages\/2566\/revisions"}],"predecessor-version":[{"id":2636,"href":"https:\/\/omnivion.net\/core\/fr\/wp-json\/wp\/v2\/pages\/2566\/revisions\/2636"}],"up":[{"embeddable":true,"href":"https:\/\/omnivion.net\/core\/fr\/wp-json\/wp\/v2\/pages\/2474"}],"wp:attachment":[{"href":"https:\/\/omnivion.net\/core\/fr\/wp-json\/wp\/v2\/media?parent=2566"}],"curies":[{"name":"wp","href":"https:\/\/api.w.org\/{rel}","templated":true}]}}