{"id":2549,"date":"2017-11-26T22:06:47","date_gmt":"2017-11-26T21:06:47","guid":{"rendered":"http:\/\/omnivion.net\/core\/projets\/educational-projects\/atelier_danse_2017-2018-copy\/"},"modified":"2017-11-26T22:30:24","modified_gmt":"2017-11-26T21:30:24","slug":"atelier_corps_sonore","status":"publish","type":"page","link":"https:\/\/omnivion.net\/core\/fr\/projets\/educational-projects\/atelier_corps_sonore\/","title":{"rendered":"Atelier le Corps Sonore"},"content":{"rendered":"<p><\/p>\n<h2><a href=\"http:\/\/omnivion.net\/core\/projets\/educational-projects\/atelier_danse_2017-2018-copy\/duret-bernard-44_edit_web\/\" rel=\"attachment wp-att-2552\"><img data-recalc-dims=\"1\" loading=\"lazy\" decoding=\"async\" class=\"alignnone size-full wp-image-2552\" src=\"https:\/\/i0.wp.com\/omnivion.net\/core\/wp-content\/uploads\/2017\/11\/DURET-Bernard-44_edit_web.jpg?resize=800%2C468\" alt=\"\" width=\"800\" height=\"468\" srcset=\"https:\/\/i0.wp.com\/omnivion.net\/core\/wp-content\/uploads\/2017\/11\/DURET-Bernard-44_edit_web.jpg?w=800&amp;ssl=1 800w, https:\/\/i0.wp.com\/omnivion.net\/core\/wp-content\/uploads\/2017\/11\/DURET-Bernard-44_edit_web.jpg?resize=300%2C176&amp;ssl=1 300w, https:\/\/i0.wp.com\/omnivion.net\/core\/wp-content\/uploads\/2017\/11\/DURET-Bernard-44_edit_web.jpg?resize=768%2C449&amp;ssl=1 768w\" sizes=\"auto, (max-width: 800px) 100vw, 800px\" \/><\/a><\/h2>\n<p>&nbsp;<\/p>\n<h2><\/h2>\n<h2>Atelier Le Corps Sonore \/\u00a0Voix-Mouvement-Improvisation<\/h2>\n<p><b>Atelier de\u00a0<\/b><strong>chant<\/strong>\u00a0<b>mensuel avec Keely Sigot ouvert \u00e0 tous<\/b><\/p>\n<p>Exploration de la voix dans tous ses \u00e9tats, \u00e0 travers l&rsquo;improvisation et le mouvement, en s&rsquo;appuyant sur le ch\u0153ur comme forme variable \u00e0 inventer.<\/p>\n<p>L&rsquo;atelier \u00ab\u00a0Le Corps Sonore\u00a0\u00bb propose d&rsquo;explorer la voix et le chant comme moyens d&rsquo;expression ouverts, libres et sensoriels, \u00e0 travers le corps et le mouvement.<\/p>\n<p>Le choeur sera envisag\u00e9 comme un terrain de jeu et d&rsquo;exp\u00e9rimentation tout aussi ouvert et libre, o\u00f9 singularit\u00e9 de chacun et po\u00e9tique collective seront convoqu\u00e9es.<\/p>\n<p>La relation voix-mouvement et l&rsquo;improvisation guid\u00e9e constitueront des axes essentiels d&rsquo;exploration de cet atelier, avec comme objectif le plaisir de jouer et de se surprendre. L&rsquo;\u00e9coute des sensations, la conscience de soi et du groupe, permettront \u00e0 chacun d&rsquo;\u00e9voluer selon son propre rythme.<\/p>\n<p>Des notions techniques et fondamentales seront abord\u00e9es \u00e0 chaque s\u00e9ance, par le biais de travaux d&rsquo;int\u00e9riorisation et d&rsquo;exercices ludiques faits en groupe, afin d&rsquo;allier respiration consciente et gestes vocaux sains, aisance vocale, savoir-faire et l\u00e2cher prise.<\/p>\n<p>Circle songs, jeux de bourdon, m\u00e9lodies, rythmes, jeux vocaux, jeux de mots, jeux de corps et de gestes, danse, sons etc; seront les points de d\u00e9part de cr\u00e9ations collectives o\u00f9 il s&rsquo;agira d&rsquo;exploiter la dynamique du choeur tout en r\u00e9inventant ses formes.<\/p>\n<p><strong>Keely Sigot est chanteuse, professeure de chant, chef de choeur et danseuse.<\/strong><br \/>\nPlus d&rsquo;info sur : <a href=\"http:\/\/omnivion.net\/core\/team\/keely-sigot\/\"><strong>Keely<\/strong><\/a><\/p>\n<p><strong>INFO &amp; INSCRIPTIONS<\/strong>\u00a0:\u00a0<a href=\"http:\/\/www.atelierschampgirault.fr\/Chant-Tours-keely-sigot.html\" target=\"_blank\" rel=\"noopener\"><strong>ateliers champ girault \/ Chant-Tours-keely-sigot<\/strong><\/a><\/p>\n<p>&nbsp;<\/p>\n<p>&nbsp;<\/p>\n<p><strong>\/\/\/\/\/\/\/\/\/\/\/\/\/\/\/\/\/\/\/\/\/\/\/\/\/\/\/\/\/\/\/\/\/\/\/\/\/\/\/\/\/\/\/\/\/\/\/\/\/\/\/\/\/\/\/\/\/\/\/\/\/\/\/\/\/\/\/\/\/\/\/\/\/\/\/\/\/\/\/\/\/\/\/\/\/\/\/\/\/\/\/\/\/\/\/\/\/\/\/\/\/\/\/\/\/\/\/\/\/\/\/\/\/\/\/<\/strong><\/p>\n<p>&nbsp;<\/p>","protected":false},"excerpt":{"rendered":"<p>&nbsp; Atelier Le Corps Sonore \/\u00a0Voix-Mouvement-Improvisation Atelier de\u00a0chant\u00a0mensuel avec Keely Sigot ouvert \u00e0 [&hellip;]<\/p>\n","protected":false},"author":1,"featured_media":0,"parent":63,"menu_order":0,"comment_status":"closed","ping_status":"closed","template":"","meta":{"jetpack_post_was_ever_published":false,"footnotes":""},"class_list":["post-2549","page","type-page","status-publish","hentry"],"yoast_head":"<!-- This site is optimized with the Yoast SEO plugin v26.8 - https:\/\/yoast.com\/product\/yoast-seo-wordpress\/ -->\n<title>Atelier le Corps Sonore - omnivion.net<\/title>\n<meta name=\"robots\" content=\"index, follow, max-snippet:-1, max-image-preview:large, max-video-preview:-1\" \/>\n<link rel=\"canonical\" href=\"https:\/\/omnivion.net\/core\/fr\/projets\/educational-projects\/atelier_corps_sonore\/\" \/>\n<meta property=\"og:locale\" content=\"fr_FR\" \/>\n<meta property=\"og:type\" content=\"article\" \/>\n<meta property=\"og:title\" content=\"Atelier le Corps Sonore - omnivion.net\" \/>\n<meta property=\"og:description\" content=\"&nbsp; Atelier Le Corps Sonore \/\u00a0Voix-Mouvement-Improvisation Atelier de\u00a0chant\u00a0mensuel avec Keely Sigot ouvert \u00e0 [&hellip;]\" \/>\n<meta property=\"og:url\" content=\"https:\/\/omnivion.net\/core\/fr\/projets\/educational-projects\/atelier_corps_sonore\/\" \/>\n<meta property=\"og:site_name\" content=\"omnivion.net\" \/>\n<meta property=\"article:modified_time\" content=\"2017-11-26T21:30:24+00:00\" \/>\n<meta property=\"og:image\" content=\"http:\/\/omnivion.net\/core\/wp-content\/uploads\/2017\/11\/DURET-Bernard-44_edit_web.jpg\" \/>\n<meta name=\"twitter:card\" content=\"summary_large_image\" \/>\n<meta name=\"twitter:label1\" content=\"Dur\u00e9e de lecture estim\u00e9e\" \/>\n\t<meta name=\"twitter:data1\" content=\"2 minutes\" \/>\n<script type=\"application\/ld+json\" class=\"yoast-schema-graph\">{\"@context\":\"https:\/\/schema.org\",\"@graph\":[{\"@type\":\"WebPage\",\"@id\":\"https:\/\/omnivion.net\/core\/fr\/projets\/educational-projects\/atelier_corps_sonore\/\",\"url\":\"https:\/\/omnivion.net\/core\/fr\/projets\/educational-projects\/atelier_corps_sonore\/\",\"name\":\"Atelier le Corps Sonore - omnivion.net\",\"isPartOf\":{\"@id\":\"https:\/\/omnivion.net\/core\/fr\/#website\"},\"primaryImageOfPage\":{\"@id\":\"https:\/\/omnivion.net\/core\/fr\/projets\/educational-projects\/atelier_corps_sonore\/#primaryimage\"},\"image\":{\"@id\":\"https:\/\/omnivion.net\/core\/fr\/projets\/educational-projects\/atelier_corps_sonore\/#primaryimage\"},\"thumbnailUrl\":\"http:\/\/omnivion.net\/core\/wp-content\/uploads\/2017\/11\/DURET-Bernard-44_edit_web.jpg\",\"datePublished\":\"2017-11-26T21:06:47+00:00\",\"dateModified\":\"2017-11-26T21:30:24+00:00\",\"breadcrumb\":{\"@id\":\"https:\/\/omnivion.net\/core\/fr\/projets\/educational-projects\/atelier_corps_sonore\/#breadcrumb\"},\"inLanguage\":\"fr-FR\",\"potentialAction\":[{\"@type\":\"ReadAction\",\"target\":[\"https:\/\/omnivion.net\/core\/fr\/projets\/educational-projects\/atelier_corps_sonore\/\"]}]},{\"@type\":\"ImageObject\",\"inLanguage\":\"fr-FR\",\"@id\":\"https:\/\/omnivion.net\/core\/fr\/projets\/educational-projects\/atelier_corps_sonore\/#primaryimage\",\"url\":\"http:\/\/omnivion.net\/core\/wp-content\/uploads\/2017\/11\/DURET-Bernard-44_edit_web.jpg\",\"contentUrl\":\"http:\/\/omnivion.net\/core\/wp-content\/uploads\/2017\/11\/DURET-Bernard-44_edit_web.jpg\"},{\"@type\":\"BreadcrumbList\",\"@id\":\"https:\/\/omnivion.net\/core\/fr\/projets\/educational-projects\/atelier_corps_sonore\/#breadcrumb\",\"itemListElement\":[{\"@type\":\"ListItem\",\"position\":1,\"name\":\"Accueil\",\"item\":\"https:\/\/omnivion.net\/core\/en\/silverstorm\/\"},{\"@type\":\"ListItem\",\"position\":2,\"name\":\"Projets\",\"item\":\"https:\/\/omnivion.net\/core\/fr\/projets\/\"},{\"@type\":\"ListItem\",\"position\":3,\"name\":\"Projets Educatifs\",\"item\":\"https:\/\/omnivion.net\/core\/projets\/educational-projects\/\"},{\"@type\":\"ListItem\",\"position\":4,\"name\":\"Atelier le Corps Sonore\"}]},{\"@type\":\"WebSite\",\"@id\":\"https:\/\/omnivion.net\/core\/fr\/#website\",\"url\":\"https:\/\/omnivion.net\/core\/fr\/\",\"name\":\"omnivion.net\",\"description\":\"...ARTS D&#039;\u00caTRE CORPS...\",\"potentialAction\":[{\"@type\":\"SearchAction\",\"target\":{\"@type\":\"EntryPoint\",\"urlTemplate\":\"https:\/\/omnivion.net\/core\/fr\/?s={search_term_string}\"},\"query-input\":{\"@type\":\"PropertyValueSpecification\",\"valueRequired\":true,\"valueName\":\"search_term_string\"}}],\"inLanguage\":\"fr-FR\"}]}<\/script>\n<!-- \/ Yoast SEO plugin. -->","yoast_head_json":{"title":"Atelier le Corps Sonore - omnivion.net","robots":{"index":"index","follow":"follow","max-snippet":"max-snippet:-1","max-image-preview":"max-image-preview:large","max-video-preview":"max-video-preview:-1"},"canonical":"https:\/\/omnivion.net\/core\/fr\/projets\/educational-projects\/atelier_corps_sonore\/","og_locale":"fr_FR","og_type":"article","og_title":"Atelier le Corps Sonore - omnivion.net","og_description":"&nbsp; Atelier Le Corps Sonore \/\u00a0Voix-Mouvement-Improvisation Atelier de\u00a0chant\u00a0mensuel avec Keely Sigot ouvert \u00e0 [&hellip;]","og_url":"https:\/\/omnivion.net\/core\/fr\/projets\/educational-projects\/atelier_corps_sonore\/","og_site_name":"omnivion.net","article_modified_time":"2017-11-26T21:30:24+00:00","og_image":[{"url":"http:\/\/omnivion.net\/core\/wp-content\/uploads\/2017\/11\/DURET-Bernard-44_edit_web.jpg","type":"","width":"","height":""}],"twitter_card":"summary_large_image","twitter_misc":{"Dur\u00e9e de lecture estim\u00e9e":"2 minutes"},"schema":{"@context":"https:\/\/schema.org","@graph":[{"@type":"WebPage","@id":"https:\/\/omnivion.net\/core\/fr\/projets\/educational-projects\/atelier_corps_sonore\/","url":"https:\/\/omnivion.net\/core\/fr\/projets\/educational-projects\/atelier_corps_sonore\/","name":"Atelier le Corps Sonore - omnivion.net","isPartOf":{"@id":"https:\/\/omnivion.net\/core\/fr\/#website"},"primaryImageOfPage":{"@id":"https:\/\/omnivion.net\/core\/fr\/projets\/educational-projects\/atelier_corps_sonore\/#primaryimage"},"image":{"@id":"https:\/\/omnivion.net\/core\/fr\/projets\/educational-projects\/atelier_corps_sonore\/#primaryimage"},"thumbnailUrl":"http:\/\/omnivion.net\/core\/wp-content\/uploads\/2017\/11\/DURET-Bernard-44_edit_web.jpg","datePublished":"2017-11-26T21:06:47+00:00","dateModified":"2017-11-26T21:30:24+00:00","breadcrumb":{"@id":"https:\/\/omnivion.net\/core\/fr\/projets\/educational-projects\/atelier_corps_sonore\/#breadcrumb"},"inLanguage":"fr-FR","potentialAction":[{"@type":"ReadAction","target":["https:\/\/omnivion.net\/core\/fr\/projets\/educational-projects\/atelier_corps_sonore\/"]}]},{"@type":"ImageObject","inLanguage":"fr-FR","@id":"https:\/\/omnivion.net\/core\/fr\/projets\/educational-projects\/atelier_corps_sonore\/#primaryimage","url":"http:\/\/omnivion.net\/core\/wp-content\/uploads\/2017\/11\/DURET-Bernard-44_edit_web.jpg","contentUrl":"http:\/\/omnivion.net\/core\/wp-content\/uploads\/2017\/11\/DURET-Bernard-44_edit_web.jpg"},{"@type":"BreadcrumbList","@id":"https:\/\/omnivion.net\/core\/fr\/projets\/educational-projects\/atelier_corps_sonore\/#breadcrumb","itemListElement":[{"@type":"ListItem","position":1,"name":"Accueil","item":"https:\/\/omnivion.net\/core\/en\/silverstorm\/"},{"@type":"ListItem","position":2,"name":"Projets","item":"https:\/\/omnivion.net\/core\/fr\/projets\/"},{"@type":"ListItem","position":3,"name":"Projets Educatifs","item":"https:\/\/omnivion.net\/core\/projets\/educational-projects\/"},{"@type":"ListItem","position":4,"name":"Atelier le Corps Sonore"}]},{"@type":"WebSite","@id":"https:\/\/omnivion.net\/core\/fr\/#website","url":"https:\/\/omnivion.net\/core\/fr\/","name":"omnivion.net","description":"...ARTS D&#039;\u00caTRE CORPS...","potentialAction":[{"@type":"SearchAction","target":{"@type":"EntryPoint","urlTemplate":"https:\/\/omnivion.net\/core\/fr\/?s={search_term_string}"},"query-input":{"@type":"PropertyValueSpecification","valueRequired":true,"valueName":"search_term_string"}}],"inLanguage":"fr-FR"}]}},"jetpack_sharing_enabled":true,"jetpack_shortlink":"https:\/\/wp.me\/P2fe7Q-F7","jetpack_likes_enabled":true,"_links":{"self":[{"href":"https:\/\/omnivion.net\/core\/fr\/wp-json\/wp\/v2\/pages\/2549","targetHints":{"allow":["GET"]}}],"collection":[{"href":"https:\/\/omnivion.net\/core\/fr\/wp-json\/wp\/v2\/pages"}],"about":[{"href":"https:\/\/omnivion.net\/core\/fr\/wp-json\/wp\/v2\/types\/page"}],"author":[{"embeddable":true,"href":"https:\/\/omnivion.net\/core\/fr\/wp-json\/wp\/v2\/users\/1"}],"replies":[{"embeddable":true,"href":"https:\/\/omnivion.net\/core\/fr\/wp-json\/wp\/v2\/comments?post=2549"}],"version-history":[{"count":1,"href":"https:\/\/omnivion.net\/core\/fr\/wp-json\/wp\/v2\/pages\/2549\/revisions"}],"predecessor-version":[{"id":2553,"href":"https:\/\/omnivion.net\/core\/fr\/wp-json\/wp\/v2\/pages\/2549\/revisions\/2553"}],"up":[{"embeddable":true,"href":"https:\/\/omnivion.net\/core\/fr\/wp-json\/wp\/v2\/pages\/63"}],"wp:attachment":[{"href":"https:\/\/omnivion.net\/core\/fr\/wp-json\/wp\/v2\/media?parent=2549"}],"curies":[{"name":"wp","href":"https:\/\/api.w.org\/{rel}","templated":true}]}}