{"id":2502,"date":"2017-11-16T13:10:05","date_gmt":"2017-11-16T12:10:05","guid":{"rendered":"http:\/\/omnivion.net\/core\/projets\/projets-artistiques\/newtopia-4\/newtopia-4-3-copy\/"},"modified":"2018-07-15T17:32:16","modified_gmt":"2018-07-15T16:32:16","slug":"newtopia-5-4","status":"publish","type":"page","link":"https:\/\/omnivion.net\/core\/fr\/projets\/projets-artistiques\/newtopia-5\/newtopia-5-4\/","title":{"rendered":"Newtopia 5.4"},"content":{"rendered":"<p><\/p>\n<h1><a href=\"http:\/\/omnivion.net\/core\/projets\/projets-artistiques\/newtopia-5\/newtopia-4-3-copy\/2017-01-12_newtopia_4-3_bretonneau_008-01_web\/\" rel=\"attachment wp-att-2504\"><img data-recalc-dims=\"1\" loading=\"lazy\" decoding=\"async\" class=\"alignnone size-full wp-image-2504\" src=\"https:\/\/i0.wp.com\/omnivion.net\/core\/wp-content\/uploads\/2017\/11\/2017-01-12_Newtopia_4.3_Bretonneau_008-01_web.jpeg?resize=800%2C399\" alt=\"\" width=\"800\" height=\"399\" srcset=\"https:\/\/i0.wp.com\/omnivion.net\/core\/wp-content\/uploads\/2017\/11\/2017-01-12_Newtopia_4.3_Bretonneau_008-01_web.jpeg?w=800&amp;ssl=1 800w, https:\/\/i0.wp.com\/omnivion.net\/core\/wp-content\/uploads\/2017\/11\/2017-01-12_Newtopia_4.3_Bretonneau_008-01_web.jpeg?resize=300%2C150&amp;ssl=1 300w, https:\/\/i0.wp.com\/omnivion.net\/core\/wp-content\/uploads\/2017\/11\/2017-01-12_Newtopia_4.3_Bretonneau_008-01_web.jpeg?resize=768%2C383&amp;ssl=1 768w\" sizes=\"auto, (max-width: 800px) 100vw, 800px\" \/><\/a><\/h1>\n<h1><\/h1>\n<p>Quatri\u00e8me session de <strong><a href=\"http:\/\/omnivion.net\/core\/projets\/projets-artistiques\/newtopia-5\/\">Newtopia 5<\/a><\/strong> avec des membres de l&rsquo;association Omnivion, le public du CHU, les patients et l&rsquo;\u00e9quipe des soignants, le 09 d\u00e9cembre 2017, \u00e0 15H dans la cafeteria de la Clinique Psychiatrique A (CHRU de Tours \/ Trousseau).<\/p>\n<p><strong>ATTENTION :<\/strong>\u00a0il ne s&rsquo;agit pas d&rsquo;une performance publique. C&rsquo;est uniquement \u00e0 l&rsquo;attention du public de l&rsquo;H\u00f4pital pour des raisons de s\u00e9curit\u00e9 et pour le bon fonctionnement des diff\u00e9rents services.<\/p>\n<p>Photos de l&rsquo;\u00e9v\u00e9nement pass\u00e9 en janvier 2017 : <a href=\"https:\/\/flic.kr\/s\/aHskSnZ9my\" target=\"_blank\" rel=\"noopener\"><strong>Album Newtopia 4.3<\/strong><\/a><\/p>\n<p><strong>Au programme :<\/strong><\/p>\n<ul>\n<li style=\"list-style-type: none;\">\n<ul>\n<li>\n<h2>Improvisation de danse contemporaine<\/h2>\n<p><strong>Performances de danse<\/strong> inspir\u00e9s du travail fait pendant les ateliers <strong>Newtopia 6 (en cours), <\/strong>adress\u00e9 aux soignants et patients de l&rsquo;H\u00f4pital. D\u00e9ambulations chor\u00e9graphiques et expositions d&rsquo;\u00ab\u00c9tats de corps\u00bb dans l&rsquo;enceinte de l&rsquo;H\u00f4pital Trousseau.<\/p>\n<p>Interpr\u00e8tes : Emilie Coud\u00e8re, Bruno Morin, Rosa Pires de Matos, Keely Sigot, Dimitri Tsiapkinis.<\/p>\n<h3><\/h3>\n<h3>NOS PARTENAIRES :<\/h3>\n<\/li>\n<\/ul>\n<\/li>\n<\/ul>\n<p><a href=\"https:\/\/i0.wp.com\/www.omnivion.net\/core\/wp-content\/uploads\/2014\/08\/640px-CHRU_logo_RVB.jpg\"><img data-recalc-dims=\"1\" loading=\"lazy\" decoding=\"async\" class=\"alignnone size-large wp-image-1094\" src=\"https:\/\/i0.wp.com\/www.omnivion.net\/core\/wp-content\/uploads\/2014\/08\/640px-CHRU_logo_RVB.jpg?resize=1%2C1\" alt=\"640px-CHRU_logo_RVB\" width=\"1\" height=\"1\" srcset=\"https:\/\/i0.wp.com\/omnivion.net\/core\/wp-content\/uploads\/2014\/08\/640px-CHRU_logo_RVB.jpg?w=640&amp;ssl=1 640w, https:\/\/i0.wp.com\/omnivion.net\/core\/wp-content\/uploads\/2014\/08\/640px-CHRU_logo_RVB.jpg?resize=150%2C150&amp;ssl=1 150w, https:\/\/i0.wp.com\/omnivion.net\/core\/wp-content\/uploads\/2014\/08\/640px-CHRU_logo_RVB.jpg?resize=300%2C155&amp;ssl=1 300w\" sizes=\"auto, (max-width: 1px) 100vw, 1px\" \/><\/a> \u00a0\u00a0 \u00a0\u00a0 \u00a0 \u00a0 \u00a0 \u00a0 \u00a0 <a href=\"http:\/\/omnivion.net\/core\/projets\/projets-artistiques\/newtopia-6\/logos_n6_new\/\" rel=\"attachment wp-att-2486\"><img data-recalc-dims=\"1\" loading=\"lazy\" decoding=\"async\" class=\"alignnone size-large wp-image-2486\" src=\"https:\/\/i0.wp.com\/omnivion.net\/core\/wp-content\/uploads\/2017\/07\/Logos_N6_new-1024x576.jpg?resize=800%2C450\" alt=\"Logos_partenaires\" width=\"800\" height=\"450\" srcset=\"https:\/\/i0.wp.com\/omnivion.net\/core\/wp-content\/uploads\/2017\/07\/Logos_N6_new.jpg?resize=1024%2C576&amp;ssl=1 1024w, https:\/\/i0.wp.com\/omnivion.net\/core\/wp-content\/uploads\/2017\/07\/Logos_N6_new.jpg?resize=300%2C169&amp;ssl=1 300w, https:\/\/i0.wp.com\/omnivion.net\/core\/wp-content\/uploads\/2017\/07\/Logos_N6_new.jpg?resize=768%2C432&amp;ssl=1 768w, https:\/\/i0.wp.com\/omnivion.net\/core\/wp-content\/uploads\/2017\/07\/Logos_N6_new.jpg?w=1055&amp;ssl=1 1055w\" sizes=\"auto, (max-width: 800px) 100vw, 800px\" \/><\/a><\/p>\n<h2><strong>et la Fondation Transept37.<\/strong><\/h2>\n<p><\/p>","protected":false},"excerpt":{"rendered":"<p>Quatri\u00e8me session de Newtopia 5 avec des membres de l&rsquo;association Omnivion, le public [&hellip;]<\/p>\n","protected":false},"author":1,"featured_media":0,"parent":2099,"menu_order":0,"comment_status":"closed","ping_status":"closed","template":"","meta":{"jetpack_post_was_ever_published":false,"footnotes":""},"class_list":["post-2502","page","type-page","status-publish","hentry"],"yoast_head":"<!-- This site is optimized with the Yoast SEO plugin v27.4 - https:\/\/yoast.com\/product\/yoast-seo-wordpress\/ -->\n<title>Newtopia 5.4 - omnivion.net<\/title>\n<meta name=\"robots\" content=\"index, follow, max-snippet:-1, max-image-preview:large, max-video-preview:-1\" \/>\n<link rel=\"canonical\" href=\"https:\/\/omnivion.net\/core\/fr\/projets\/projets-artistiques\/newtopia-5\/newtopia-5-4\/\" \/>\n<meta property=\"og:locale\" content=\"fr_FR\" \/>\n<meta property=\"og:type\" content=\"article\" \/>\n<meta property=\"og:title\" content=\"Newtopia 5.4 - omnivion.net\" \/>\n<meta property=\"og:description\" content=\"Quatri\u00e8me session de Newtopia 5 avec des membres de l&rsquo;association Omnivion, le public [&hellip;]\" \/>\n<meta property=\"og:url\" content=\"https:\/\/omnivion.net\/core\/fr\/projets\/projets-artistiques\/newtopia-5\/newtopia-5-4\/\" \/>\n<meta property=\"og:site_name\" content=\"omnivion.net\" \/>\n<meta property=\"article:modified_time\" content=\"2018-07-15T16:32:16+00:00\" \/>\n<meta property=\"og:image\" content=\"http:\/\/omnivion.net\/core\/wp-content\/uploads\/2017\/11\/2017-01-12_Newtopia_4.3_Bretonneau_008-01_web.jpeg\" \/>\n<meta name=\"twitter:card\" content=\"summary_large_image\" \/>\n<meta name=\"twitter:label1\" content=\"Dur\u00e9e de lecture estim\u00e9e\" \/>\n\t<meta name=\"twitter:data1\" content=\"1 minute\" \/>\n<script type=\"application\/ld+json\" class=\"yoast-schema-graph\">{\"@context\":\"https:\\\/\\\/schema.org\",\"@graph\":[{\"@type\":\"WebPage\",\"@id\":\"https:\\\/\\\/omnivion.net\\\/core\\\/fr\\\/projets\\\/projets-artistiques\\\/newtopia-5\\\/newtopia-5-4\\\/\",\"url\":\"https:\\\/\\\/omnivion.net\\\/core\\\/fr\\\/projets\\\/projets-artistiques\\\/newtopia-5\\\/newtopia-5-4\\\/\",\"name\":\"Newtopia 5.4 - omnivion.net\",\"isPartOf\":{\"@id\":\"https:\\\/\\\/omnivion.net\\\/core\\\/fr\\\/#website\"},\"primaryImageOfPage\":{\"@id\":\"https:\\\/\\\/omnivion.net\\\/core\\\/fr\\\/projets\\\/projets-artistiques\\\/newtopia-5\\\/newtopia-5-4\\\/#primaryimage\"},\"image\":{\"@id\":\"https:\\\/\\\/omnivion.net\\\/core\\\/fr\\\/projets\\\/projets-artistiques\\\/newtopia-5\\\/newtopia-5-4\\\/#primaryimage\"},\"thumbnailUrl\":\"http:\\\/\\\/omnivion.net\\\/core\\\/wp-content\\\/uploads\\\/2017\\\/11\\\/2017-01-12_Newtopia_4.3_Bretonneau_008-01_web.jpeg\",\"datePublished\":\"2017-11-16T12:10:05+00:00\",\"dateModified\":\"2018-07-15T16:32:16+00:00\",\"breadcrumb\":{\"@id\":\"https:\\\/\\\/omnivion.net\\\/core\\\/fr\\\/projets\\\/projets-artistiques\\\/newtopia-5\\\/newtopia-5-4\\\/#breadcrumb\"},\"inLanguage\":\"fr-FR\",\"potentialAction\":[{\"@type\":\"ReadAction\",\"target\":[\"https:\\\/\\\/omnivion.net\\\/core\\\/fr\\\/projets\\\/projets-artistiques\\\/newtopia-5\\\/newtopia-5-4\\\/\"]}]},{\"@type\":\"ImageObject\",\"inLanguage\":\"fr-FR\",\"@id\":\"https:\\\/\\\/omnivion.net\\\/core\\\/fr\\\/projets\\\/projets-artistiques\\\/newtopia-5\\\/newtopia-5-4\\\/#primaryimage\",\"url\":\"http:\\\/\\\/omnivion.net\\\/core\\\/wp-content\\\/uploads\\\/2017\\\/11\\\/2017-01-12_Newtopia_4.3_Bretonneau_008-01_web.jpeg\",\"contentUrl\":\"http:\\\/\\\/omnivion.net\\\/core\\\/wp-content\\\/uploads\\\/2017\\\/11\\\/2017-01-12_Newtopia_4.3_Bretonneau_008-01_web.jpeg\"},{\"@type\":\"BreadcrumbList\",\"@id\":\"https:\\\/\\\/omnivion.net\\\/core\\\/fr\\\/projets\\\/projets-artistiques\\\/newtopia-5\\\/newtopia-5-4\\\/#breadcrumb\",\"itemListElement\":[{\"@type\":\"ListItem\",\"position\":1,\"name\":\"Accueil\",\"item\":\"https:\\\/\\\/omnivion.net\\\/core\\\/en\\\/silverstorm\\\/\"},{\"@type\":\"ListItem\",\"position\":2,\"name\":\"Projets\",\"item\":\"https:\\\/\\\/omnivion.net\\\/core\\\/fr\\\/projets\\\/\"},{\"@type\":\"ListItem\",\"position\":3,\"name\":\"Projets Artistiques\",\"item\":\"https:\\\/\\\/omnivion.net\\\/core\\\/projets\\\/projets-artistiques\\\/\"},{\"@type\":\"ListItem\",\"position\":4,\"name\":\"Newtopia 5\",\"item\":\"https:\\\/\\\/omnivion.net\\\/core\\\/projets\\\/projets-artistiques\\\/newtopia-5\\\/\"},{\"@type\":\"ListItem\",\"position\":5,\"name\":\"Newtopia 5.4\"}]},{\"@type\":\"WebSite\",\"@id\":\"https:\\\/\\\/omnivion.net\\\/core\\\/fr\\\/#website\",\"url\":\"https:\\\/\\\/omnivion.net\\\/core\\\/fr\\\/\",\"name\":\"omnivion.net\",\"description\":\"...ARTS D&#039;\u00caTRE CORPS...\",\"potentialAction\":[{\"@type\":\"SearchAction\",\"target\":{\"@type\":\"EntryPoint\",\"urlTemplate\":\"https:\\\/\\\/omnivion.net\\\/core\\\/fr\\\/?s={search_term_string}\"},\"query-input\":{\"@type\":\"PropertyValueSpecification\",\"valueRequired\":true,\"valueName\":\"search_term_string\"}}],\"inLanguage\":\"fr-FR\"}]}<\/script>\n<!-- \/ Yoast SEO plugin. -->","yoast_head_json":{"title":"Newtopia 5.4 - omnivion.net","robots":{"index":"index","follow":"follow","max-snippet":"max-snippet:-1","max-image-preview":"max-image-preview:large","max-video-preview":"max-video-preview:-1"},"canonical":"https:\/\/omnivion.net\/core\/fr\/projets\/projets-artistiques\/newtopia-5\/newtopia-5-4\/","og_locale":"fr_FR","og_type":"article","og_title":"Newtopia 5.4 - omnivion.net","og_description":"Quatri\u00e8me session de Newtopia 5 avec des membres de l&rsquo;association Omnivion, le public [&hellip;]","og_url":"https:\/\/omnivion.net\/core\/fr\/projets\/projets-artistiques\/newtopia-5\/newtopia-5-4\/","og_site_name":"omnivion.net","article_modified_time":"2018-07-15T16:32:16+00:00","og_image":[{"url":"http:\/\/omnivion.net\/core\/wp-content\/uploads\/2017\/11\/2017-01-12_Newtopia_4.3_Bretonneau_008-01_web.jpeg","type":"","width":"","height":""}],"twitter_card":"summary_large_image","twitter_misc":{"Dur\u00e9e de lecture estim\u00e9e":"1 minute"},"schema":{"@context":"https:\/\/schema.org","@graph":[{"@type":"WebPage","@id":"https:\/\/omnivion.net\/core\/fr\/projets\/projets-artistiques\/newtopia-5\/newtopia-5-4\/","url":"https:\/\/omnivion.net\/core\/fr\/projets\/projets-artistiques\/newtopia-5\/newtopia-5-4\/","name":"Newtopia 5.4 - omnivion.net","isPartOf":{"@id":"https:\/\/omnivion.net\/core\/fr\/#website"},"primaryImageOfPage":{"@id":"https:\/\/omnivion.net\/core\/fr\/projets\/projets-artistiques\/newtopia-5\/newtopia-5-4\/#primaryimage"},"image":{"@id":"https:\/\/omnivion.net\/core\/fr\/projets\/projets-artistiques\/newtopia-5\/newtopia-5-4\/#primaryimage"},"thumbnailUrl":"http:\/\/omnivion.net\/core\/wp-content\/uploads\/2017\/11\/2017-01-12_Newtopia_4.3_Bretonneau_008-01_web.jpeg","datePublished":"2017-11-16T12:10:05+00:00","dateModified":"2018-07-15T16:32:16+00:00","breadcrumb":{"@id":"https:\/\/omnivion.net\/core\/fr\/projets\/projets-artistiques\/newtopia-5\/newtopia-5-4\/#breadcrumb"},"inLanguage":"fr-FR","potentialAction":[{"@type":"ReadAction","target":["https:\/\/omnivion.net\/core\/fr\/projets\/projets-artistiques\/newtopia-5\/newtopia-5-4\/"]}]},{"@type":"ImageObject","inLanguage":"fr-FR","@id":"https:\/\/omnivion.net\/core\/fr\/projets\/projets-artistiques\/newtopia-5\/newtopia-5-4\/#primaryimage","url":"http:\/\/omnivion.net\/core\/wp-content\/uploads\/2017\/11\/2017-01-12_Newtopia_4.3_Bretonneau_008-01_web.jpeg","contentUrl":"http:\/\/omnivion.net\/core\/wp-content\/uploads\/2017\/11\/2017-01-12_Newtopia_4.3_Bretonneau_008-01_web.jpeg"},{"@type":"BreadcrumbList","@id":"https:\/\/omnivion.net\/core\/fr\/projets\/projets-artistiques\/newtopia-5\/newtopia-5-4\/#breadcrumb","itemListElement":[{"@type":"ListItem","position":1,"name":"Accueil","item":"https:\/\/omnivion.net\/core\/en\/silverstorm\/"},{"@type":"ListItem","position":2,"name":"Projets","item":"https:\/\/omnivion.net\/core\/fr\/projets\/"},{"@type":"ListItem","position":3,"name":"Projets Artistiques","item":"https:\/\/omnivion.net\/core\/projets\/projets-artistiques\/"},{"@type":"ListItem","position":4,"name":"Newtopia 5","item":"https:\/\/omnivion.net\/core\/projets\/projets-artistiques\/newtopia-5\/"},{"@type":"ListItem","position":5,"name":"Newtopia 5.4"}]},{"@type":"WebSite","@id":"https:\/\/omnivion.net\/core\/fr\/#website","url":"https:\/\/omnivion.net\/core\/fr\/","name":"omnivion.net","description":"...ARTS D&#039;\u00caTRE CORPS...","potentialAction":[{"@type":"SearchAction","target":{"@type":"EntryPoint","urlTemplate":"https:\/\/omnivion.net\/core\/fr\/?s={search_term_string}"},"query-input":{"@type":"PropertyValueSpecification","valueRequired":true,"valueName":"search_term_string"}}],"inLanguage":"fr-FR"}]}},"jetpack_sharing_enabled":true,"jetpack_shortlink":"https:\/\/wp.me\/P2fe7Q-Em","jetpack_likes_enabled":true,"_links":{"self":[{"href":"https:\/\/omnivion.net\/core\/fr\/wp-json\/wp\/v2\/pages\/2502","targetHints":{"allow":["GET"]}}],"collection":[{"href":"https:\/\/omnivion.net\/core\/fr\/wp-json\/wp\/v2\/pages"}],"about":[{"href":"https:\/\/omnivion.net\/core\/fr\/wp-json\/wp\/v2\/types\/page"}],"author":[{"embeddable":true,"href":"https:\/\/omnivion.net\/core\/fr\/wp-json\/wp\/v2\/users\/1"}],"replies":[{"embeddable":true,"href":"https:\/\/omnivion.net\/core\/fr\/wp-json\/wp\/v2\/comments?post=2502"}],"version-history":[{"count":6,"href":"https:\/\/omnivion.net\/core\/fr\/wp-json\/wp\/v2\/pages\/2502\/revisions"}],"predecessor-version":[{"id":2819,"href":"https:\/\/omnivion.net\/core\/fr\/wp-json\/wp\/v2\/pages\/2502\/revisions\/2819"}],"up":[{"embeddable":true,"href":"https:\/\/omnivion.net\/core\/fr\/wp-json\/wp\/v2\/pages\/2099"}],"wp:attachment":[{"href":"https:\/\/omnivion.net\/core\/fr\/wp-json\/wp\/v2\/media?parent=2502"}],"curies":[{"name":"wp","href":"https:\/\/api.w.org\/{rel}","templated":true}]}}