{"id":2474,"date":"2017-10-21T07:55:24","date_gmt":"2017-10-21T06:55:24","guid":{"rendered":"http:\/\/omnivion.net\/core\/projets\/projets-artistiques\/newtopia-6-copy\/"},"modified":"2025-06-30T11:00:49","modified_gmt":"2025-06-30T10:00:49","slug":"newtopia_6_1","status":"publish","type":"page","link":"https:\/\/omnivion.net\/core\/fr\/projets\/projets-artistiques\/newtopia-6\/newtopia_6_1\/","title":{"rendered":"Newtopia 6.1"},"content":{"rendered":"<p><div id=\"attachment_2585\" style=\"width: 810px\" class=\"wp-caption alignnone\"><a href=\"http:\/\/omnivion.net\/core\/projets\/projets-artistiques\/newtopia-6\/newtopia_6_1\/duret-bernard-153_edit_web\/\" rel=\"attachment wp-att-2585\"><img data-recalc-dims=\"1\" loading=\"lazy\" decoding=\"async\" aria-describedby=\"caption-attachment-2585\" class=\"size-full wp-image-2585\" src=\"https:\/\/i0.wp.com\/omnivion.net\/core\/wp-content\/uploads\/2017\/12\/DURET-Bernard-153_edit_web.jpg?resize=800%2C385\" alt=\"\" width=\"800\" height=\"385\" srcset=\"https:\/\/i0.wp.com\/omnivion.net\/core\/wp-content\/uploads\/2017\/12\/DURET-Bernard-153_edit_web.jpg?w=800&amp;ssl=1 800w, https:\/\/i0.wp.com\/omnivion.net\/core\/wp-content\/uploads\/2017\/12\/DURET-Bernard-153_edit_web.jpg?resize=300%2C144&amp;ssl=1 300w, https:\/\/i0.wp.com\/omnivion.net\/core\/wp-content\/uploads\/2017\/12\/DURET-Bernard-153_edit_web.jpg?resize=768%2C370&amp;ssl=1 768w\" sizes=\"auto, (max-width: 800px) 100vw, 800px\" \/><\/a><p id=\"caption-attachment-2585\" class=\"wp-caption-text\">Photo (edit) par Bernard Duret<\/p><\/div><\/p>\n<h1><\/h1>\n<h1><\/h1>\n<h1>Newtopia\u00a06.1 \/ Folies Divines<\/h1>\n<p>Premier volet de la s\u00e9rie <strong><a href=\"http:\/\/omnivion.net\/core\/projets\/projets-artistiques\/newtopia-6\/\">Newtopia 6<\/a>,<\/strong> qui a pos\u00e9 des questions chor\u00e9graphiques sur les liens entre le sacr\u00e9 et la folie : avec une cr\u00e9ation de l\u2019\u00e9quipe d\u2019Omnivion, une performance du chor\u00e9graphe Taoufiq Izeddiou, un film produit par le CHRU de Tours (Service Communication) et une exposition photo par Bernard Duret,\u00a0<strong>\u00e0 la Pl\u00e9iade, La Riche (37520), le 4 &amp; 5 avril 2018. \/ Info pratiques : <a href=\"http:\/\/www.ville-lariche.fr\/Infos-pratiques#.VtMCW8eObq0\">ville-lariche.fr\/Infos-pratiques<\/a><\/strong><\/p>\n<p><strong>Teaser : <a href=\"https:\/\/vimeo.com\/268165176\">vimeo.com\/DIVINES<\/a><\/strong><\/p>\n<p>&nbsp;<\/p>\n<h2>Programme de la soir\u00e9e du 4 avril :<\/h2>\n<hr \/>\n<h2><\/h2>\n<h2>19H00 &lt; <strong><em>Neutopies (2018)<\/em><\/strong><\/h2>\n<p><strong>Vernissage de l&rsquo;exposition du photographe<em> Bernard Duret.<br \/>\n<\/em><\/strong>T\u00e9moignages photographiques des 5 ans de Newtopia. L&rsquo;expo photo a \u00e9t\u00e9 ouverte au public du 4 au 9 avril dans le hall d&rsquo;entr\u00e9e de la Pl\u00e9iade.<strong><em><br \/>\n<\/em><\/strong><\/p>\n<p>&nbsp;<\/p>\n<h2>20H00 &lt;<strong><em> 5 ans Newtopia <\/em>(2013-2017)<\/strong><\/h2>\n<p><strong>Projection de film<br \/>\nMontage<\/strong> : Julien Besse<br \/>\n<strong>Dur\u00e9e<\/strong> : ~ 30min<\/p>\n<p>Montage vid\u00e9o des moments phare des sessions Newtopia depuis 2013 : performances, conf\u00e9rences, expositions.<\/p>\n<p><strong>Voici le film entier sur Vimeo : <a href=\"https:\/\/vimeo.com\/263761080\">vimeo.com\/NEWTOPIAS<\/a><\/strong><\/p>\n<h2><\/h2>\n<h2>20H20 &lt; <a href=\"http:\/\/omnivion.net\/core\/projets\/projets-artistiques\/newtopia-6\/newtopia_6_1\/omega_plus\/\"><strong><em>\u03a9mega +\u00a0<b>\u221e\u00a0<\/b><\/em>(2018)<\/strong><\/a><\/h2>\n<p><strong>Performance chor\u00e9graphique et musicale<\/strong><\/p>\n<p><strong>Conception \/ direction :<\/strong> Taoufiq Izeddiou<br \/>\n<strong>Danse<\/strong> : Taoufiq Izeddiou<br \/>\n<strong>Musique<\/strong> : Mathieu Gaborit<br \/>\n<strong>Dur\u00e9e<\/strong> : ~ 40min<\/p>\n<p>Une performance in\u00e9dite de Taoufiq Izeddiou, directeur de <em>Anania-Danses<\/em> et de <em>On Marche Festival de Danse de Marrakech<\/em>. Dans cette performance, Taoufiq &#8211; accompagn\u00e9 musicalement par Mathieu Gaborit &#8211; explore des \u00e9tats de transe, entre tradition et modernit\u00e9. Une qu\u00eate qui s\u2019inspire de ces pr\u00e9c\u00e9dentes cr\u00e9ations \u00ab En Alerte \u00bb et \u00ab Aalef \u00bb : un corps dans une urgence de nouvelles d\u00e9finitions du r\u00e9el \u00e0 travers l\u2019abandon extatique, l\u2019\u00e9puisement des sens, la confrontation avec des notions du sacr\u00e9.<\/p>\n<h2>&lt;&lt;&lt;&lt;&lt;&lt;&lt;&lt;&lt;&lt;&lt;&lt;&lt;&lt;&lt;&lt;&lt;&lt;&lt;&lt;&lt;&lt;&lt;&lt;&lt;&lt;&lt;&lt;&lt;&lt;&lt;&lt;&lt;&lt;&lt;&lt;&lt;&lt;&lt;&lt;&lt;&lt;&lt;&lt;&lt;&lt;&lt;&lt;&lt;&lt;&lt;&lt;&lt;&lt;&lt;&lt;&lt;&lt;&lt;&lt;&lt;&lt;<\/h2>\n<p>&nbsp;<\/p>\n<h2>Programme de la soir\u00e9e du 5 avril :<\/h2>\n<hr \/>\n<h2><\/h2>\n<h2>20H00 &lt; <a href=\"http:\/\/omnivion.net\/core\/projets\/projets-artistiques\/newtopia-6\/newtopia_6_1\/divines\/\"><strong><em>Divine(s) (2018)<\/em><\/strong><\/a><\/h2>\n<p>Performance inspir\u00e9e du nom de l&rsquo;association (<em>Omnivion<\/em>) associ\u00e9 aux symboliques spirituelles. La multiplicit\u00e9 du vivant, la multiplicit\u00e9 de nos croyances. Une jubilation chor\u00e9graphique du potentiel expressif g\u00e9n\u00e9r\u00e9 par une communaut\u00e9 h\u00e9t\u00e9rog\u00e8ne. Une aventure de groupe qui\u00a0 interroge le sacr\u00e9 tout en accueillant la diff\u00e9rence. Plus d&rsquo;info : <a href=\"http:\/\/omnivion.net\/core\/projets\/projets-artistiques\/newtopia-6\/newtopia_6_1\/divines\/\">Divine(s)<\/a><\/p>\n<p><strong>Conception \/ direction :<\/strong> Dimitri Tsiapkinis<br \/>\n<strong>Interpr\u00e9tation, chor\u00e9graphie<\/strong>\u00a0: Cereza Candela, Marie Chapron, Emilie Coud\u00e8re, Magali Dijoux, Nina Fourton, Claire Guillaume, Nikicha Jaillette, Roland Lebret, Catherine Mondou, Bruno Morin, Quentin Perrotte, Yvan Pousset, Rosa Pires de Matos, Dimitri Tsiapkinis.<br \/>\n<strong>\u00c9clairage\/r\u00e9gie technique : <\/strong>Marine Pourqui\u00e9<br \/>\n<strong>Dur\u00e9e<\/strong> : ~ 40min<\/p>\n<p><strong>Teaser : <a href=\"https:\/\/vimeo.com\/268165176\">vimeo.com\/DIVINES<\/a><\/strong><\/p>\n<h2><\/h2>\n<h2>20H45 &lt; <strong><em>Indigo, Couleur du temps <\/em>(2013-2017)<\/strong><\/h2>\n<p><strong>Projection de film; <\/strong>Un reportage sur l&rsquo;atelier Indigo \/ Danse en milieu psychiatrique, initi\u00e9 conjointement en 2005 par le CHRU et le CCN de Tours et repris par Omnivion en 2011.<\/p>\n<p><strong>R\u00e9alisateur<\/strong> : Bertrand Girard<br \/>\n<b>Production\u00a0<\/b>: Service de Communication du CHRU de Tours<br \/>\n<strong>Dur\u00e9e<\/strong> : ~ 30min<\/p>\n<p><strong>Voici le film entier sur Vimeo : <a href=\"https:\/\/vimeo.com\/269361072\">vimeo.com\/INDIGO<\/a><\/strong><\/p>\n<p>&nbsp;<\/p>\n<h2>21H30 &lt; <strong><em>Courts Circuits Verbaux &amp; Culinaires\u00a0<\/em><\/strong><\/h2>\n<p><strong>Buffet culinaire et \u00e9changes; <\/strong>\u00c9changes avec l&rsquo;\u00e9quipe d&rsquo;Omnivion sur les 5 ans de Newtopia en d\u00e9gustant des produits locaux du caf\u00e9 branch\u00e9 <strong><a href=\"http:\/\/courtcircuit-tours.fr\/le-lieu\" target=\"_blank\" rel=\"noopener\">Court Circuit<\/a> <\/strong>et les bi\u00e8res locales de la <strong><a href=\"https:\/\/www.facebook.com\/pg\/microbrasseriedetours\/about\/\">Microbrasserie de Tours!<\/a><br \/>\n<\/strong><\/p>\n<p>&nbsp;<\/p>\n<p>&nbsp;<\/p>\n<h2>&lt;&lt;&lt;&lt;&lt;&lt;&lt;&lt;&lt;&lt;&lt;&lt;&lt;&lt;&lt;&lt;&lt;&lt;&lt;&lt;&lt;&lt;&lt;&lt;&lt;&lt;&lt;&lt;&lt;&lt;&lt;&lt;&lt;&lt;&lt;&lt;&lt;&lt;&lt;&lt;&lt;&lt;&lt;&lt;&lt;&lt;&lt;&lt;&lt;&lt;&lt;&lt;&lt;&lt;&lt;&lt;&lt;&lt;&lt;&lt;&lt;&lt;<\/h2>\n<hr \/>\n<h2>NOS PARTENAIRES<\/h2>\n<hr \/>\n<p><a href=\"http:\/\/omnivion.net\/core\/projets\/projets-artistiques\/newtopia-6\/newtopia_6_1\/logos_n6_final\/\" rel=\"attachment wp-att-2633\"><img data-recalc-dims=\"1\" loading=\"lazy\" decoding=\"async\" class=\"alignnone size-full wp-image-2633\" src=\"https:\/\/i0.wp.com\/omnivion.net\/core\/wp-content\/uploads\/2018\/02\/Logos_N6_Final.jpg?resize=842%2C672\" alt=\"\" width=\"842\" height=\"672\" srcset=\"https:\/\/i0.wp.com\/omnivion.net\/core\/wp-content\/uploads\/2018\/02\/Logos_N6_Final.jpg?w=842&amp;ssl=1 842w, https:\/\/i0.wp.com\/omnivion.net\/core\/wp-content\/uploads\/2018\/02\/Logos_N6_Final.jpg?resize=300%2C239&amp;ssl=1 300w, https:\/\/i0.wp.com\/omnivion.net\/core\/wp-content\/uploads\/2018\/02\/Logos_N6_Final.jpg?resize=768%2C613&amp;ssl=1 768w\" sizes=\"auto, (max-width: 842px) 100vw, 842px\" \/><\/a><\/p>\n<p><strong>ACCESSIBILIT\u00c9 :<\/strong><\/p>\n<p><a href=\"http:\/\/omnivion.net\/core\/projets\/projets-artistiques\/newtopia-5\/newtopia-5-3\/log\/\" rel=\"attachment wp-att-2307\"><img data-recalc-dims=\"1\" loading=\"lazy\" decoding=\"async\" class=\"alignnone wp-image-2307\" src=\"https:\/\/i0.wp.com\/omnivion.net\/core\/wp-content\/uploads\/2017\/05\/log.jpg?resize=242%2C136\" alt=\"\" width=\"242\" height=\"136\" srcset=\"https:\/\/i0.wp.com\/omnivion.net\/core\/wp-content\/uploads\/2017\/05\/log.jpg?w=556&amp;ssl=1 556w, https:\/\/i0.wp.com\/omnivion.net\/core\/wp-content\/uploads\/2017\/05\/log.jpg?resize=300%2C169&amp;ssl=1 300w\" sizes=\"auto, (max-width: 242px) 100vw, 242px\" \/><\/a><\/p>\n<p>&nbsp;<\/p>\n<p>&nbsp;<\/p>","protected":false},"excerpt":{"rendered":"<p>Newtopia\u00a06.1 \/ Folies Divines Premier volet de la s\u00e9rie Newtopia 6, qui a [&hellip;]<\/p>\n","protected":false},"author":1,"featured_media":0,"parent":2332,"menu_order":0,"comment_status":"closed","ping_status":"closed","template":"","meta":{"jetpack_post_was_ever_published":false,"footnotes":""},"class_list":["post-2474","page","type-page","status-publish","hentry"],"yoast_head":"<!-- This site is optimized with the Yoast SEO plugin v26.8 - https:\/\/yoast.com\/product\/yoast-seo-wordpress\/ -->\n<title>Newtopia 6.1 - omnivion.net<\/title>\n<meta name=\"robots\" content=\"index, follow, max-snippet:-1, max-image-preview:large, max-video-preview:-1\" \/>\n<link rel=\"canonical\" href=\"https:\/\/omnivion.net\/core\/fr\/projets\/projets-artistiques\/newtopia-6\/newtopia_6_1\/\" \/>\n<meta property=\"og:locale\" content=\"fr_FR\" \/>\n<meta property=\"og:type\" content=\"article\" \/>\n<meta property=\"og:title\" content=\"Newtopia 6.1 - omnivion.net\" \/>\n<meta property=\"og:description\" content=\"Newtopia\u00a06.1 \/ Folies Divines Premier volet de la s\u00e9rie Newtopia 6, qui a [&hellip;]\" \/>\n<meta property=\"og:url\" content=\"https:\/\/omnivion.net\/core\/fr\/projets\/projets-artistiques\/newtopia-6\/newtopia_6_1\/\" \/>\n<meta property=\"og:site_name\" content=\"omnivion.net\" \/>\n<meta property=\"article:modified_time\" content=\"2025-06-30T10:00:49+00:00\" \/>\n<meta property=\"og:image\" content=\"http:\/\/omnivion.net\/core\/wp-content\/uploads\/2017\/12\/DURET-Bernard-153_edit_web.jpg\" \/>\n<meta name=\"twitter:card\" content=\"summary_large_image\" \/>\n<meta name=\"twitter:label1\" content=\"Dur\u00e9e de lecture estim\u00e9e\" \/>\n\t<meta name=\"twitter:data1\" content=\"3 minutes\" \/>\n<script type=\"application\/ld+json\" class=\"yoast-schema-graph\">{\"@context\":\"https:\/\/schema.org\",\"@graph\":[{\"@type\":\"WebPage\",\"@id\":\"https:\/\/omnivion.net\/core\/fr\/projets\/projets-artistiques\/newtopia-6\/newtopia_6_1\/\",\"url\":\"https:\/\/omnivion.net\/core\/fr\/projets\/projets-artistiques\/newtopia-6\/newtopia_6_1\/\",\"name\":\"Newtopia 6.1 - omnivion.net\",\"isPartOf\":{\"@id\":\"https:\/\/omnivion.net\/core\/fr\/#website\"},\"primaryImageOfPage\":{\"@id\":\"https:\/\/omnivion.net\/core\/fr\/projets\/projets-artistiques\/newtopia-6\/newtopia_6_1\/#primaryimage\"},\"image\":{\"@id\":\"https:\/\/omnivion.net\/core\/fr\/projets\/projets-artistiques\/newtopia-6\/newtopia_6_1\/#primaryimage\"},\"thumbnailUrl\":\"http:\/\/omnivion.net\/core\/wp-content\/uploads\/2017\/12\/DURET-Bernard-153_edit_web.jpg\",\"datePublished\":\"2017-10-21T06:55:24+00:00\",\"dateModified\":\"2025-06-30T10:00:49+00:00\",\"breadcrumb\":{\"@id\":\"https:\/\/omnivion.net\/core\/fr\/projets\/projets-artistiques\/newtopia-6\/newtopia_6_1\/#breadcrumb\"},\"inLanguage\":\"fr-FR\",\"potentialAction\":[{\"@type\":\"ReadAction\",\"target\":[\"https:\/\/omnivion.net\/core\/fr\/projets\/projets-artistiques\/newtopia-6\/newtopia_6_1\/\"]}]},{\"@type\":\"ImageObject\",\"inLanguage\":\"fr-FR\",\"@id\":\"https:\/\/omnivion.net\/core\/fr\/projets\/projets-artistiques\/newtopia-6\/newtopia_6_1\/#primaryimage\",\"url\":\"http:\/\/omnivion.net\/core\/wp-content\/uploads\/2017\/12\/DURET-Bernard-153_edit_web.jpg\",\"contentUrl\":\"http:\/\/omnivion.net\/core\/wp-content\/uploads\/2017\/12\/DURET-Bernard-153_edit_web.jpg\"},{\"@type\":\"BreadcrumbList\",\"@id\":\"https:\/\/omnivion.net\/core\/fr\/projets\/projets-artistiques\/newtopia-6\/newtopia_6_1\/#breadcrumb\",\"itemListElement\":[{\"@type\":\"ListItem\",\"position\":1,\"name\":\"Accueil\",\"item\":\"https:\/\/omnivion.net\/core\/en\/silverstorm\/\"},{\"@type\":\"ListItem\",\"position\":2,\"name\":\"Projets\",\"item\":\"https:\/\/omnivion.net\/core\/fr\/projets\/\"},{\"@type\":\"ListItem\",\"position\":3,\"name\":\"Projets Artistiques\",\"item\":\"https:\/\/omnivion.net\/core\/projets\/projets-artistiques\/\"},{\"@type\":\"ListItem\",\"position\":4,\"name\":\"Newtopia 6\",\"item\":\"https:\/\/omnivion.net\/core\/projets\/projets-artistiques\/newtopia-6\/\"},{\"@type\":\"ListItem\",\"position\":5,\"name\":\"Newtopia 6.1\"}]},{\"@type\":\"WebSite\",\"@id\":\"https:\/\/omnivion.net\/core\/fr\/#website\",\"url\":\"https:\/\/omnivion.net\/core\/fr\/\",\"name\":\"omnivion.net\",\"description\":\"...ARTS D&#039;\u00caTRE CORPS...\",\"potentialAction\":[{\"@type\":\"SearchAction\",\"target\":{\"@type\":\"EntryPoint\",\"urlTemplate\":\"https:\/\/omnivion.net\/core\/fr\/?s={search_term_string}\"},\"query-input\":{\"@type\":\"PropertyValueSpecification\",\"valueRequired\":true,\"valueName\":\"search_term_string\"}}],\"inLanguage\":\"fr-FR\"}]}<\/script>\n<!-- \/ Yoast SEO plugin. -->","yoast_head_json":{"title":"Newtopia 6.1 - omnivion.net","robots":{"index":"index","follow":"follow","max-snippet":"max-snippet:-1","max-image-preview":"max-image-preview:large","max-video-preview":"max-video-preview:-1"},"canonical":"https:\/\/omnivion.net\/core\/fr\/projets\/projets-artistiques\/newtopia-6\/newtopia_6_1\/","og_locale":"fr_FR","og_type":"article","og_title":"Newtopia 6.1 - omnivion.net","og_description":"Newtopia\u00a06.1 \/ Folies Divines Premier volet de la s\u00e9rie Newtopia 6, qui a [&hellip;]","og_url":"https:\/\/omnivion.net\/core\/fr\/projets\/projets-artistiques\/newtopia-6\/newtopia_6_1\/","og_site_name":"omnivion.net","article_modified_time":"2025-06-30T10:00:49+00:00","og_image":[{"url":"http:\/\/omnivion.net\/core\/wp-content\/uploads\/2017\/12\/DURET-Bernard-153_edit_web.jpg","type":"","width":"","height":""}],"twitter_card":"summary_large_image","twitter_misc":{"Dur\u00e9e de lecture estim\u00e9e":"3 minutes"},"schema":{"@context":"https:\/\/schema.org","@graph":[{"@type":"WebPage","@id":"https:\/\/omnivion.net\/core\/fr\/projets\/projets-artistiques\/newtopia-6\/newtopia_6_1\/","url":"https:\/\/omnivion.net\/core\/fr\/projets\/projets-artistiques\/newtopia-6\/newtopia_6_1\/","name":"Newtopia 6.1 - omnivion.net","isPartOf":{"@id":"https:\/\/omnivion.net\/core\/fr\/#website"},"primaryImageOfPage":{"@id":"https:\/\/omnivion.net\/core\/fr\/projets\/projets-artistiques\/newtopia-6\/newtopia_6_1\/#primaryimage"},"image":{"@id":"https:\/\/omnivion.net\/core\/fr\/projets\/projets-artistiques\/newtopia-6\/newtopia_6_1\/#primaryimage"},"thumbnailUrl":"http:\/\/omnivion.net\/core\/wp-content\/uploads\/2017\/12\/DURET-Bernard-153_edit_web.jpg","datePublished":"2017-10-21T06:55:24+00:00","dateModified":"2025-06-30T10:00:49+00:00","breadcrumb":{"@id":"https:\/\/omnivion.net\/core\/fr\/projets\/projets-artistiques\/newtopia-6\/newtopia_6_1\/#breadcrumb"},"inLanguage":"fr-FR","potentialAction":[{"@type":"ReadAction","target":["https:\/\/omnivion.net\/core\/fr\/projets\/projets-artistiques\/newtopia-6\/newtopia_6_1\/"]}]},{"@type":"ImageObject","inLanguage":"fr-FR","@id":"https:\/\/omnivion.net\/core\/fr\/projets\/projets-artistiques\/newtopia-6\/newtopia_6_1\/#primaryimage","url":"http:\/\/omnivion.net\/core\/wp-content\/uploads\/2017\/12\/DURET-Bernard-153_edit_web.jpg","contentUrl":"http:\/\/omnivion.net\/core\/wp-content\/uploads\/2017\/12\/DURET-Bernard-153_edit_web.jpg"},{"@type":"BreadcrumbList","@id":"https:\/\/omnivion.net\/core\/fr\/projets\/projets-artistiques\/newtopia-6\/newtopia_6_1\/#breadcrumb","itemListElement":[{"@type":"ListItem","position":1,"name":"Accueil","item":"https:\/\/omnivion.net\/core\/en\/silverstorm\/"},{"@type":"ListItem","position":2,"name":"Projets","item":"https:\/\/omnivion.net\/core\/fr\/projets\/"},{"@type":"ListItem","position":3,"name":"Projets Artistiques","item":"https:\/\/omnivion.net\/core\/projets\/projets-artistiques\/"},{"@type":"ListItem","position":4,"name":"Newtopia 6","item":"https:\/\/omnivion.net\/core\/projets\/projets-artistiques\/newtopia-6\/"},{"@type":"ListItem","position":5,"name":"Newtopia 6.1"}]},{"@type":"WebSite","@id":"https:\/\/omnivion.net\/core\/fr\/#website","url":"https:\/\/omnivion.net\/core\/fr\/","name":"omnivion.net","description":"...ARTS D&#039;\u00caTRE CORPS...","potentialAction":[{"@type":"SearchAction","target":{"@type":"EntryPoint","urlTemplate":"https:\/\/omnivion.net\/core\/fr\/?s={search_term_string}"},"query-input":{"@type":"PropertyValueSpecification","valueRequired":true,"valueName":"search_term_string"}}],"inLanguage":"fr-FR"}]}},"jetpack_sharing_enabled":true,"jetpack_shortlink":"https:\/\/wp.me\/P2fe7Q-DU","jetpack_likes_enabled":true,"_links":{"self":[{"href":"https:\/\/omnivion.net\/core\/fr\/wp-json\/wp\/v2\/pages\/2474","targetHints":{"allow":["GET"]}}],"collection":[{"href":"https:\/\/omnivion.net\/core\/fr\/wp-json\/wp\/v2\/pages"}],"about":[{"href":"https:\/\/omnivion.net\/core\/fr\/wp-json\/wp\/v2\/types\/page"}],"author":[{"embeddable":true,"href":"https:\/\/omnivion.net\/core\/fr\/wp-json\/wp\/v2\/users\/1"}],"replies":[{"embeddable":true,"href":"https:\/\/omnivion.net\/core\/fr\/wp-json\/wp\/v2\/comments?post=2474"}],"version-history":[{"count":47,"href":"https:\/\/omnivion.net\/core\/fr\/wp-json\/wp\/v2\/pages\/2474\/revisions"}],"predecessor-version":[{"id":5624,"href":"https:\/\/omnivion.net\/core\/fr\/wp-json\/wp\/v2\/pages\/2474\/revisions\/5624"}],"up":[{"embeddable":true,"href":"https:\/\/omnivion.net\/core\/fr\/wp-json\/wp\/v2\/pages\/2332"}],"wp:attachment":[{"href":"https:\/\/omnivion.net\/core\/fr\/wp-json\/wp\/v2\/media?parent=2474"}],"curies":[{"name":"wp","href":"https:\/\/api.w.org\/{rel}","templated":true}]}}