{"id":2415,"date":"2017-08-05T18:36:48","date_gmt":"2017-08-05T17:36:48","guid":{"rendered":"http:\/\/omnivion.net\/core\/team\/emilie_coudere-copy\/"},"modified":"2022-01-03T12:08:12","modified_gmt":"2022-01-03T11:08:12","slug":"claire_guillaume","status":"publish","type":"page","link":"https:\/\/omnivion.net\/core\/fr\/team\/claire_guillaume\/","title":{"rendered":"Claire Guillaume"},"content":{"rendered":"<p><div id=\"attachment_3462\" style=\"width: 810px\" class=\"wp-caption alignnone\"><a href=\"https:\/\/i0.wp.com\/omnivion.net\/core\/wp-content\/uploads\/2019\/12\/DURET-Bernard-51_edit_web.jpg\"><img data-recalc-dims=\"1\" loading=\"lazy\" decoding=\"async\" aria-describedby=\"caption-attachment-3462\" class=\"size-full wp-image-3462\" src=\"https:\/\/i0.wp.com\/omnivion.net\/core\/wp-content\/uploads\/2019\/12\/DURET-Bernard-51_edit_web.jpg?resize=800%2C411\" alt=\"\" width=\"800\" height=\"411\" srcset=\"https:\/\/i0.wp.com\/omnivion.net\/core\/wp-content\/uploads\/2019\/12\/DURET-Bernard-51_edit_web.jpg?w=800&amp;ssl=1 800w, https:\/\/i0.wp.com\/omnivion.net\/core\/wp-content\/uploads\/2019\/12\/DURET-Bernard-51_edit_web.jpg?resize=300%2C154&amp;ssl=1 300w, https:\/\/i0.wp.com\/omnivion.net\/core\/wp-content\/uploads\/2019\/12\/DURET-Bernard-51_edit_web.jpg?resize=768%2C395&amp;ssl=1 768w\" sizes=\"auto, (max-width: 800px) 100vw, 800px\" \/><\/a><p id=\"caption-attachment-3462\" class=\"wp-caption-text\">Photo par Bernard Duret<\/p><\/div><\/p>\n<h3>Claire Guillaume \/ Pr\u00e9sidente<\/h3>\n<p>est professeur de Lettres et enseigne la litt\u00e9rature aux lyc\u00e9ens \u00e0 travers une approche sensible et des ateliers enrichis par sa pratique de la danse contemporaine, en particulier autour de la po\u00e9sie.<\/p>\n<p>Elle a suivi les cours r\u00e9guliers du Centre Chor\u00e9graphique National de Tours (CCNT) sous la direction de Bernardo Montet puis de Thomas Lebrun et y a effectu\u00e9 des stages pour amateurs lui permettant de d\u00e9couvrir le travail de diff\u00e9rents chor\u00e9graphes.<\/p>\n<p>Elle a \u00e9galement dans\u00e9, \u00e0 Tours, au sein d&rsquo;une association de danse contemporaine, La Lisi\u00e8re des Marges, et a effectu\u00e9 des performances avec le Tours Soundpainting Orchestra et l&rsquo;artiste Zazu.<\/p>\n<p>L&rsquo;approche sensible de Dimitri Tsiapkinis, d\u00e9couverte au CCNT, l&rsquo;am\u00e8ne \u00e0 le suivre en 2013 dans la cr\u00e9ation d\u2019Omnivion dont elle est la pr\u00e9sidente depuis 2021 et au sein de laquelle elle danse. Ce travail reposant sur le rapport sensible avec soi et le monde la touche personnellement et correspond \u00e0 sa d\u00e9marche professionnelle.<\/p>\n<p>&nbsp;<\/p>","protected":false},"excerpt":{"rendered":"<p>Claire Guillaume \/ Pr\u00e9sidente est professeur de Lettres et enseigne la litt\u00e9rature aux [&hellip;]<\/p>\n","protected":false},"author":1,"featured_media":0,"parent":66,"menu_order":0,"comment_status":"closed","ping_status":"closed","template":"","meta":{"jetpack_post_was_ever_published":false,"footnotes":""},"class_list":["post-2415","page","type-page","status-publish","hentry"],"yoast_head":"<!-- This site is optimized with the Yoast SEO plugin v27.4 - https:\/\/yoast.com\/product\/yoast-seo-wordpress\/ -->\n<title>Claire Guillaume - omnivion.net<\/title>\n<meta name=\"robots\" content=\"index, follow, max-snippet:-1, max-image-preview:large, max-video-preview:-1\" \/>\n<link rel=\"canonical\" href=\"https:\/\/omnivion.net\/core\/fr\/team\/claire_guillaume\/\" \/>\n<meta property=\"og:locale\" content=\"fr_FR\" \/>\n<meta property=\"og:type\" content=\"article\" \/>\n<meta property=\"og:title\" content=\"Claire Guillaume - omnivion.net\" \/>\n<meta property=\"og:description\" content=\"Claire Guillaume \/ Pr\u00e9sidente est professeur de Lettres et enseigne la litt\u00e9rature aux [&hellip;]\" \/>\n<meta property=\"og:url\" content=\"https:\/\/omnivion.net\/core\/fr\/team\/claire_guillaume\/\" \/>\n<meta property=\"og:site_name\" content=\"omnivion.net\" \/>\n<meta property=\"article:modified_time\" content=\"2022-01-03T11:08:12+00:00\" \/>\n<meta property=\"og:image\" content=\"http:\/\/omnivion.net\/core\/wp-content\/uploads\/2019\/12\/DURET-Bernard-51_edit_web.jpg\" \/>\n<meta name=\"twitter:card\" content=\"summary_large_image\" \/>\n<meta name=\"twitter:label1\" content=\"Dur\u00e9e de lecture estim\u00e9e\" \/>\n\t<meta name=\"twitter:data1\" content=\"1 minute\" \/>\n<script type=\"application\/ld+json\" class=\"yoast-schema-graph\">{\"@context\":\"https:\\\/\\\/schema.org\",\"@graph\":[{\"@type\":\"WebPage\",\"@id\":\"https:\\\/\\\/omnivion.net\\\/core\\\/fr\\\/team\\\/claire_guillaume\\\/\",\"url\":\"https:\\\/\\\/omnivion.net\\\/core\\\/fr\\\/team\\\/claire_guillaume\\\/\",\"name\":\"Claire Guillaume - omnivion.net\",\"isPartOf\":{\"@id\":\"https:\\\/\\\/omnivion.net\\\/core\\\/fr\\\/#website\"},\"primaryImageOfPage\":{\"@id\":\"https:\\\/\\\/omnivion.net\\\/core\\\/fr\\\/team\\\/claire_guillaume\\\/#primaryimage\"},\"image\":{\"@id\":\"https:\\\/\\\/omnivion.net\\\/core\\\/fr\\\/team\\\/claire_guillaume\\\/#primaryimage\"},\"thumbnailUrl\":\"http:\\\/\\\/omnivion.net\\\/core\\\/wp-content\\\/uploads\\\/2019\\\/12\\\/DURET-Bernard-51_edit_web.jpg\",\"datePublished\":\"2017-08-05T17:36:48+00:00\",\"dateModified\":\"2022-01-03T11:08:12+00:00\",\"breadcrumb\":{\"@id\":\"https:\\\/\\\/omnivion.net\\\/core\\\/fr\\\/team\\\/claire_guillaume\\\/#breadcrumb\"},\"inLanguage\":\"fr-FR\",\"potentialAction\":[{\"@type\":\"ReadAction\",\"target\":[\"https:\\\/\\\/omnivion.net\\\/core\\\/fr\\\/team\\\/claire_guillaume\\\/\"]}]},{\"@type\":\"ImageObject\",\"inLanguage\":\"fr-FR\",\"@id\":\"https:\\\/\\\/omnivion.net\\\/core\\\/fr\\\/team\\\/claire_guillaume\\\/#primaryimage\",\"url\":\"http:\\\/\\\/omnivion.net\\\/core\\\/wp-content\\\/uploads\\\/2019\\\/12\\\/DURET-Bernard-51_edit_web.jpg\",\"contentUrl\":\"http:\\\/\\\/omnivion.net\\\/core\\\/wp-content\\\/uploads\\\/2019\\\/12\\\/DURET-Bernard-51_edit_web.jpg\"},{\"@type\":\"BreadcrumbList\",\"@id\":\"https:\\\/\\\/omnivion.net\\\/core\\\/fr\\\/team\\\/claire_guillaume\\\/#breadcrumb\",\"itemListElement\":[{\"@type\":\"ListItem\",\"position\":1,\"name\":\"Accueil\",\"item\":\"https:\\\/\\\/omnivion.net\\\/core\\\/en\\\/silverstorm\\\/\"},{\"@type\":\"ListItem\",\"position\":2,\"name\":\"Equipe\",\"item\":\"https:\\\/\\\/omnivion.net\\\/core\\\/team\\\/\"},{\"@type\":\"ListItem\",\"position\":3,\"name\":\"Claire Guillaume\"}]},{\"@type\":\"WebSite\",\"@id\":\"https:\\\/\\\/omnivion.net\\\/core\\\/fr\\\/#website\",\"url\":\"https:\\\/\\\/omnivion.net\\\/core\\\/fr\\\/\",\"name\":\"omnivion.net\",\"description\":\"...ARTS D&#039;\u00caTRE CORPS...\",\"potentialAction\":[{\"@type\":\"SearchAction\",\"target\":{\"@type\":\"EntryPoint\",\"urlTemplate\":\"https:\\\/\\\/omnivion.net\\\/core\\\/fr\\\/?s={search_term_string}\"},\"query-input\":{\"@type\":\"PropertyValueSpecification\",\"valueRequired\":true,\"valueName\":\"search_term_string\"}}],\"inLanguage\":\"fr-FR\"}]}<\/script>\n<!-- \/ Yoast SEO plugin. -->","yoast_head_json":{"title":"Claire Guillaume - omnivion.net","robots":{"index":"index","follow":"follow","max-snippet":"max-snippet:-1","max-image-preview":"max-image-preview:large","max-video-preview":"max-video-preview:-1"},"canonical":"https:\/\/omnivion.net\/core\/fr\/team\/claire_guillaume\/","og_locale":"fr_FR","og_type":"article","og_title":"Claire Guillaume - omnivion.net","og_description":"Claire Guillaume \/ Pr\u00e9sidente est professeur de Lettres et enseigne la litt\u00e9rature aux [&hellip;]","og_url":"https:\/\/omnivion.net\/core\/fr\/team\/claire_guillaume\/","og_site_name":"omnivion.net","article_modified_time":"2022-01-03T11:08:12+00:00","og_image":[{"url":"http:\/\/omnivion.net\/core\/wp-content\/uploads\/2019\/12\/DURET-Bernard-51_edit_web.jpg","type":"","width":"","height":""}],"twitter_card":"summary_large_image","twitter_misc":{"Dur\u00e9e de lecture estim\u00e9e":"1 minute"},"schema":{"@context":"https:\/\/schema.org","@graph":[{"@type":"WebPage","@id":"https:\/\/omnivion.net\/core\/fr\/team\/claire_guillaume\/","url":"https:\/\/omnivion.net\/core\/fr\/team\/claire_guillaume\/","name":"Claire Guillaume - omnivion.net","isPartOf":{"@id":"https:\/\/omnivion.net\/core\/fr\/#website"},"primaryImageOfPage":{"@id":"https:\/\/omnivion.net\/core\/fr\/team\/claire_guillaume\/#primaryimage"},"image":{"@id":"https:\/\/omnivion.net\/core\/fr\/team\/claire_guillaume\/#primaryimage"},"thumbnailUrl":"http:\/\/omnivion.net\/core\/wp-content\/uploads\/2019\/12\/DURET-Bernard-51_edit_web.jpg","datePublished":"2017-08-05T17:36:48+00:00","dateModified":"2022-01-03T11:08:12+00:00","breadcrumb":{"@id":"https:\/\/omnivion.net\/core\/fr\/team\/claire_guillaume\/#breadcrumb"},"inLanguage":"fr-FR","potentialAction":[{"@type":"ReadAction","target":["https:\/\/omnivion.net\/core\/fr\/team\/claire_guillaume\/"]}]},{"@type":"ImageObject","inLanguage":"fr-FR","@id":"https:\/\/omnivion.net\/core\/fr\/team\/claire_guillaume\/#primaryimage","url":"http:\/\/omnivion.net\/core\/wp-content\/uploads\/2019\/12\/DURET-Bernard-51_edit_web.jpg","contentUrl":"http:\/\/omnivion.net\/core\/wp-content\/uploads\/2019\/12\/DURET-Bernard-51_edit_web.jpg"},{"@type":"BreadcrumbList","@id":"https:\/\/omnivion.net\/core\/fr\/team\/claire_guillaume\/#breadcrumb","itemListElement":[{"@type":"ListItem","position":1,"name":"Accueil","item":"https:\/\/omnivion.net\/core\/en\/silverstorm\/"},{"@type":"ListItem","position":2,"name":"Equipe","item":"https:\/\/omnivion.net\/core\/team\/"},{"@type":"ListItem","position":3,"name":"Claire Guillaume"}]},{"@type":"WebSite","@id":"https:\/\/omnivion.net\/core\/fr\/#website","url":"https:\/\/omnivion.net\/core\/fr\/","name":"omnivion.net","description":"...ARTS D&#039;\u00caTRE CORPS...","potentialAction":[{"@type":"SearchAction","target":{"@type":"EntryPoint","urlTemplate":"https:\/\/omnivion.net\/core\/fr\/?s={search_term_string}"},"query-input":{"@type":"PropertyValueSpecification","valueRequired":true,"valueName":"search_term_string"}}],"inLanguage":"fr-FR"}]}},"jetpack_sharing_enabled":true,"jetpack_shortlink":"https:\/\/wp.me\/P2fe7Q-CX","jetpack_likes_enabled":true,"_links":{"self":[{"href":"https:\/\/omnivion.net\/core\/fr\/wp-json\/wp\/v2\/pages\/2415","targetHints":{"allow":["GET"]}}],"collection":[{"href":"https:\/\/omnivion.net\/core\/fr\/wp-json\/wp\/v2\/pages"}],"about":[{"href":"https:\/\/omnivion.net\/core\/fr\/wp-json\/wp\/v2\/types\/page"}],"author":[{"embeddable":true,"href":"https:\/\/omnivion.net\/core\/fr\/wp-json\/wp\/v2\/users\/1"}],"replies":[{"embeddable":true,"href":"https:\/\/omnivion.net\/core\/fr\/wp-json\/wp\/v2\/comments?post=2415"}],"version-history":[{"count":5,"href":"https:\/\/omnivion.net\/core\/fr\/wp-json\/wp\/v2\/pages\/2415\/revisions"}],"predecessor-version":[{"id":4370,"href":"https:\/\/omnivion.net\/core\/fr\/wp-json\/wp\/v2\/pages\/2415\/revisions\/4370"}],"up":[{"embeddable":true,"href":"https:\/\/omnivion.net\/core\/fr\/wp-json\/wp\/v2\/pages\/66"}],"wp:attachment":[{"href":"https:\/\/omnivion.net\/core\/fr\/wp-json\/wp\/v2\/media?parent=2415"}],"curies":[{"name":"wp","href":"https:\/\/api.w.org\/{rel}","templated":true}]}}