{"id":2332,"date":"2017-07-04T19:48:12","date_gmt":"2017-07-04T18:48:12","guid":{"rendered":"http:\/\/omnivion.net\/core\/projets\/projets-artistiques\/newtopia-5-copy\/"},"modified":"2020-01-04T00:37:39","modified_gmt":"2020-01-03T23:37:39","slug":"newtopia-6","status":"publish","type":"page","link":"https:\/\/omnivion.net\/core\/fr\/projets\/projets-artistiques\/newtopia-6\/","title":{"rendered":"Newtopia 6"},"content":{"rendered":"<p><div id=\"attachment_2397\" style=\"width: 810px\" class=\"wp-caption alignnone\"><a href=\"http:\/\/omnivion.net\/core\/projets\/projets-artistiques\/newtopia-6\/duret-bernard-20_edit_pleiade\/\" rel=\"attachment wp-att-2397\"><img data-recalc-dims=\"1\" loading=\"lazy\" decoding=\"async\" aria-describedby=\"caption-attachment-2397\" class=\"size-large wp-image-2397\" src=\"https:\/\/i0.wp.com\/omnivion.net\/core\/wp-content\/uploads\/2017\/07\/DURET-Bernard-20_edit_Pl%C3%A9iade-1024x575.jpg?resize=800%2C449\" alt=\"\" width=\"800\" height=\"449\" srcset=\"https:\/\/i0.wp.com\/omnivion.net\/core\/wp-content\/uploads\/2017\/07\/DURET-Bernard-20_edit_Pl%C3%A9iade.jpg?resize=1024%2C575&amp;ssl=1 1024w, https:\/\/i0.wp.com\/omnivion.net\/core\/wp-content\/uploads\/2017\/07\/DURET-Bernard-20_edit_Pl%C3%A9iade.jpg?resize=300%2C168&amp;ssl=1 300w, https:\/\/i0.wp.com\/omnivion.net\/core\/wp-content\/uploads\/2017\/07\/DURET-Bernard-20_edit_Pl%C3%A9iade.jpg?resize=768%2C431&amp;ssl=1 768w, https:\/\/i0.wp.com\/omnivion.net\/core\/wp-content\/uploads\/2017\/07\/DURET-Bernard-20_edit_Pl%C3%A9iade.jpg?w=2000&amp;ssl=1 2000w, https:\/\/i0.wp.com\/omnivion.net\/core\/wp-content\/uploads\/2017\/07\/DURET-Bernard-20_edit_Pl%C3%A9iade.jpg?w=3000&amp;ssl=1 3000w\" sizes=\"auto, (max-width: 800px) 100vw, 800px\" \/><\/a><p id=\"caption-attachment-2397\" class=\"wp-caption-text\">Photo (edit) \u00a9 par Bernard DURET<\/p><\/div><\/p>\n<h1>Newtopia\u00a06 (2018)<\/h1>\n<p>Le mot invent\u00e9 <em>Omnivion<\/em>, fait r\u00e9f\u00e9rence \u00e0 la multiplicit\u00e9 du vivant. Une multiplicit\u00e9 qui d\u00e9fie la culture de la normalit\u00e9, de l&rsquo;unicit\u00e9, des pens\u00e9es uniques. Encore une fois, l\u2019\u00e9quipe d\u2019Omnivion tentera de po\u00e9tiser la\u00a0<em>folie<\/em>, d&rsquo;interroger nos a priori sur les <em>normalit\u00e9s<\/em> expressives et cr\u00e9atives.<\/p>\n<p>Avec Newtopia 6, nous f\u00eaterons cinq ans de cr\u00e9ations, performances, conf\u00e9rences et expositions singuli\u00e8res. Au programme\u00a0: une nouvelle cr\u00e9ation, des performances d\u2019artistes invit\u00e9s, des projections de documentaires et une exposition de photos.<\/p>\n<p>Le moment fort de cette nouvelle vague cr\u00e9ative de\u00a0<strong>danse, arts et sant\u00e9 mentale sera un partenariat important avec la Pl\u00e9iade.<\/strong><\/p>\n<p><a href=\"http:\/\/omnivion.net\/core\/team\/dimitrios-tsiapkinis\/\">Dimitri Tsiapkinis<\/a>,\u00a0l&rsquo;\u00e9quipe d&rsquo;Omnivion et ses partenaires, poursuivent ce projet collaboratif durable initi\u00e9 conjointement par le CCN de Tours et le service psychiatrique du CHRU de Tours en 2006, bien avant la fondation d&rsquo;Omnivion. Sur une id\u00e9e commune d&rsquo;Evelyne Rebboh-Flachner (psychologue du CHU) et de Bernardo Montet (directeur du CCNT jusqu&rsquo;en 2011) d\u00e9marre alors un projet exp\u00e9rimental qui met \u00e0 l&rsquo;\u00e9preuve des approches p\u00e9dagogiques en danse contemporaine, dans le contexte psychiatrique. Dimitri Tsiapkinis, pr\u00e9sent dans l&rsquo;\u00e9quipe initiale et passionn\u00e9 du propos, a repris la direction de cet atelier d\u00e8s ses d\u00e9buts pour le mettre au centre des pr\u00e9occupations de l&rsquo;association Omnivion, lors de sa fondation en 2011.<\/p>\n<p>&nbsp;<\/p>\n<p><strong>Programmation\u00a0 :<\/strong><\/p>\n<p><strong>&lt;&lt; 4 &amp; 5 avril 2018 : <a href=\"http:\/\/omnivion.net\/core\/projets\/projets-artistiques\/newtopia-6\/newtopia_6_1\/\">Newtopia 6.1<\/a>,\u00a0<\/strong>\u00e0 la Pl\u00e9iade \/ La Riche (37520)<\/p>\n<p><strong>&lt;&lt; 12 juin 2018 : <a href=\"http:\/\/omnivion.net\/core\/projets\/projets-artistiques\/newtopia-6\/newtopia_6_2\/\">Newtopia 6.2<\/a>,\u00a0<\/strong>au Centre Social la Rabi\u00e8re \/ Jou\u00e9-l\u00e8s-Tours<\/p>\n<p><strong>&lt;&lt; 28 Septembre 2018 : Newtopia 6.3,\u00a0<\/strong>\u00e0 la Clinique Psychiatrique Universitaire (adolescents) \/ St.Cyr-sur-Loire<\/p>\n<p><strong>&lt;&lt; 15 &#8211; 18 novembre 2018 : <a href=\"http:\/\/omnivion.net\/core\/projets\/projets-artistiques\/newtopia-6\/newtopia_6_4\/\">Newtopia 6.4 \/ <\/a><\/strong><i><b>Culture &amp; Handicap :\u00a0<\/b><\/i><\/p>\n<ul>\n<li style=\"text-align: left;\"><b>\u00a0 1<\/b><b>3<\/b><b> nov. au 9 d\u00e9cembre &#8211;<\/b><b> <\/b><b>expo photo de Bernard Duret et\u00a0<\/b><b><b>projections<\/b>\u00a0<\/b>\u00e0 la biblioth\u00e8que municipale de Tours.<\/li>\n<li style=\"text-align: left;\"><b>\u00a0 15 nov.\u00a0&#8211;<\/b><b> <\/b><b>projection du film Couleur du Temps, ateliers de danse Indigo \/ Danse en milieu psychiatrique et d\u00e9bat conjointement avec l\u2019ADAPEI\u00a0<\/b>aux Cin\u00e9mas Studios.<\/li>\n<li style=\"text-align: left;\"><b>\u00a0 1<\/b><b>6<\/b><b> nov.\u00a0&#8211;<\/b><b> <\/b><b>projection du film Couleur du Temps, <\/b><b>aux <\/b><b>19\u00e8me<\/b><b>s<\/b><b> Rencontres Vid\u00e9o en Sant\u00e9 Mentale, <\/b>Cit\u00e9 des sciences et de l&rsquo;industrie, Paris<\/li>\n<li style=\"text-align: left;\"><b>\u00a0 1<\/b><b>8<\/b><b> nov.\u00a0&#8211;<\/b><b> <\/b><b>p<\/b><b>e<\/b><b>rformance de danse contemporaine et<\/b><b>\u00a0expo photo de Bernard Duret<\/b><b> <\/b>\u00e0 la biblioth\u00e8que municipale de Tours.\/<\/li>\n<\/ul>\n<p><strong>&lt;&lt; 15 d\u00e9cembre 2018 : <a href=\"http:\/\/omnivion.net\/core\/projets\/projets-artistiques\/newtopia-6\/newtopia_6_5\/\">Newtopia 6.5<\/a>,\u00a0<\/strong>\u00e0 l&rsquo;h\u00f4pital Trousseau (CHU de Tours), Chambray-l\u00e8s-Tours (37170)<\/p>\n<p>&nbsp;<\/p>\n<p><strong>Partenaires et financement :<\/strong><\/p>\n<p><a href=\"http:\/\/omnivion.net\/core\/projets\/projets-artistiques\/newtopia-6\/logos_n6_new_3\/\" rel=\"attachment wp-att-2665\"><img data-recalc-dims=\"1\" loading=\"lazy\" decoding=\"async\" class=\"alignnone size-full wp-image-2665\" src=\"https:\/\/i0.wp.com\/omnivion.net\/core\/wp-content\/uploads\/2018\/03\/logos_N6_New_3.jpg?resize=800%2C429\" alt=\"\" width=\"800\" height=\"429\" srcset=\"https:\/\/i0.wp.com\/omnivion.net\/core\/wp-content\/uploads\/2018\/03\/logos_N6_New_3.jpg?w=800&amp;ssl=1 800w, https:\/\/i0.wp.com\/omnivion.net\/core\/wp-content\/uploads\/2018\/03\/logos_N6_New_3.jpg?resize=300%2C161&amp;ssl=1 300w, https:\/\/i0.wp.com\/omnivion.net\/core\/wp-content\/uploads\/2018\/03\/logos_N6_New_3.jpg?resize=768%2C412&amp;ssl=1 768w\" sizes=\"auto, (max-width: 800px) 100vw, 800px\" \/><\/a><\/p>\n<p>&nbsp;<\/p>\n<p>&nbsp;<\/p>\n<p>&nbsp;<\/p>","protected":false},"excerpt":{"rendered":"<p>Newtopia\u00a06 (2018) Le mot invent\u00e9 Omnivion, fait r\u00e9f\u00e9rence \u00e0 la multiplicit\u00e9 du vivant. [&hellip;]<\/p>\n","protected":false},"author":1,"featured_media":0,"parent":60,"menu_order":0,"comment_status":"closed","ping_status":"closed","template":"","meta":{"jetpack_post_was_ever_published":false,"footnotes":""},"class_list":["post-2332","page","type-page","status-publish","hentry"],"yoast_head":"<!-- This site is optimized with the Yoast SEO plugin v26.8 - https:\/\/yoast.com\/product\/yoast-seo-wordpress\/ -->\n<title>Newtopia 6 - omnivion.net<\/title>\n<meta name=\"robots\" content=\"index, follow, max-snippet:-1, max-image-preview:large, max-video-preview:-1\" \/>\n<link rel=\"canonical\" href=\"https:\/\/omnivion.net\/core\/fr\/projets\/projets-artistiques\/newtopia-6\/\" \/>\n<meta property=\"og:locale\" content=\"fr_FR\" \/>\n<meta property=\"og:type\" content=\"article\" \/>\n<meta property=\"og:title\" content=\"Newtopia 6 - omnivion.net\" \/>\n<meta property=\"og:description\" content=\"Newtopia\u00a06 (2018) Le mot invent\u00e9 Omnivion, fait r\u00e9f\u00e9rence \u00e0 la multiplicit\u00e9 du vivant. [&hellip;]\" \/>\n<meta property=\"og:url\" content=\"https:\/\/omnivion.net\/core\/fr\/projets\/projets-artistiques\/newtopia-6\/\" \/>\n<meta property=\"og:site_name\" content=\"omnivion.net\" \/>\n<meta property=\"article:modified_time\" content=\"2020-01-03T23:37:39+00:00\" \/>\n<meta property=\"og:image\" content=\"http:\/\/omnivion.net\/core\/wp-content\/uploads\/2018\/03\/logos_N6_New_3.jpg\" \/>\n<meta name=\"twitter:card\" content=\"summary_large_image\" \/>\n<meta name=\"twitter:label1\" content=\"Dur\u00e9e de lecture estim\u00e9e\" \/>\n\t<meta name=\"twitter:data1\" content=\"4 minutes\" \/>\n<script type=\"application\/ld+json\" class=\"yoast-schema-graph\">{\"@context\":\"https:\/\/schema.org\",\"@graph\":[{\"@type\":\"WebPage\",\"@id\":\"https:\/\/omnivion.net\/core\/fr\/projets\/projets-artistiques\/newtopia-6\/\",\"url\":\"https:\/\/omnivion.net\/core\/fr\/projets\/projets-artistiques\/newtopia-6\/\",\"name\":\"Newtopia 6 - omnivion.net\",\"isPartOf\":{\"@id\":\"https:\/\/omnivion.net\/core\/fr\/#website\"},\"primaryImageOfPage\":{\"@id\":\"https:\/\/omnivion.net\/core\/fr\/projets\/projets-artistiques\/newtopia-6\/#primaryimage\"},\"image\":{\"@id\":\"https:\/\/omnivion.net\/core\/fr\/projets\/projets-artistiques\/newtopia-6\/#primaryimage\"},\"thumbnailUrl\":\"http:\/\/omnivion.net\/core\/wp-content\/uploads\/2018\/03\/logos_N6_New_3.jpg\",\"datePublished\":\"2017-07-04T18:48:12+00:00\",\"dateModified\":\"2020-01-03T23:37:39+00:00\",\"breadcrumb\":{\"@id\":\"https:\/\/omnivion.net\/core\/fr\/projets\/projets-artistiques\/newtopia-6\/#breadcrumb\"},\"inLanguage\":\"fr-FR\",\"potentialAction\":[{\"@type\":\"ReadAction\",\"target\":[\"https:\/\/omnivion.net\/core\/fr\/projets\/projets-artistiques\/newtopia-6\/\"]}]},{\"@type\":\"ImageObject\",\"inLanguage\":\"fr-FR\",\"@id\":\"https:\/\/omnivion.net\/core\/fr\/projets\/projets-artistiques\/newtopia-6\/#primaryimage\",\"url\":\"http:\/\/omnivion.net\/core\/wp-content\/uploads\/2018\/03\/logos_N6_New_3.jpg\",\"contentUrl\":\"http:\/\/omnivion.net\/core\/wp-content\/uploads\/2018\/03\/logos_N6_New_3.jpg\"},{\"@type\":\"BreadcrumbList\",\"@id\":\"https:\/\/omnivion.net\/core\/fr\/projets\/projets-artistiques\/newtopia-6\/#breadcrumb\",\"itemListElement\":[{\"@type\":\"ListItem\",\"position\":1,\"name\":\"Accueil\",\"item\":\"https:\/\/omnivion.net\/core\/en\/silverstorm\/\"},{\"@type\":\"ListItem\",\"position\":2,\"name\":\"Projets\",\"item\":\"https:\/\/omnivion.net\/core\/fr\/projets\/\"},{\"@type\":\"ListItem\",\"position\":3,\"name\":\"Projets Artistiques\",\"item\":\"https:\/\/omnivion.net\/core\/projets\/projets-artistiques\/\"},{\"@type\":\"ListItem\",\"position\":4,\"name\":\"Newtopia 6\"}]},{\"@type\":\"WebSite\",\"@id\":\"https:\/\/omnivion.net\/core\/fr\/#website\",\"url\":\"https:\/\/omnivion.net\/core\/fr\/\",\"name\":\"omnivion.net\",\"description\":\"...ARTS D&#039;\u00caTRE CORPS...\",\"potentialAction\":[{\"@type\":\"SearchAction\",\"target\":{\"@type\":\"EntryPoint\",\"urlTemplate\":\"https:\/\/omnivion.net\/core\/fr\/?s={search_term_string}\"},\"query-input\":{\"@type\":\"PropertyValueSpecification\",\"valueRequired\":true,\"valueName\":\"search_term_string\"}}],\"inLanguage\":\"fr-FR\"}]}<\/script>\n<!-- \/ Yoast SEO plugin. -->","yoast_head_json":{"title":"Newtopia 6 - omnivion.net","robots":{"index":"index","follow":"follow","max-snippet":"max-snippet:-1","max-image-preview":"max-image-preview:large","max-video-preview":"max-video-preview:-1"},"canonical":"https:\/\/omnivion.net\/core\/fr\/projets\/projets-artistiques\/newtopia-6\/","og_locale":"fr_FR","og_type":"article","og_title":"Newtopia 6 - omnivion.net","og_description":"Newtopia\u00a06 (2018) Le mot invent\u00e9 Omnivion, fait r\u00e9f\u00e9rence \u00e0 la multiplicit\u00e9 du vivant. [&hellip;]","og_url":"https:\/\/omnivion.net\/core\/fr\/projets\/projets-artistiques\/newtopia-6\/","og_site_name":"omnivion.net","article_modified_time":"2020-01-03T23:37:39+00:00","og_image":[{"url":"http:\/\/omnivion.net\/core\/wp-content\/uploads\/2018\/03\/logos_N6_New_3.jpg","type":"","width":"","height":""}],"twitter_card":"summary_large_image","twitter_misc":{"Dur\u00e9e de lecture estim\u00e9e":"4 minutes"},"schema":{"@context":"https:\/\/schema.org","@graph":[{"@type":"WebPage","@id":"https:\/\/omnivion.net\/core\/fr\/projets\/projets-artistiques\/newtopia-6\/","url":"https:\/\/omnivion.net\/core\/fr\/projets\/projets-artistiques\/newtopia-6\/","name":"Newtopia 6 - omnivion.net","isPartOf":{"@id":"https:\/\/omnivion.net\/core\/fr\/#website"},"primaryImageOfPage":{"@id":"https:\/\/omnivion.net\/core\/fr\/projets\/projets-artistiques\/newtopia-6\/#primaryimage"},"image":{"@id":"https:\/\/omnivion.net\/core\/fr\/projets\/projets-artistiques\/newtopia-6\/#primaryimage"},"thumbnailUrl":"http:\/\/omnivion.net\/core\/wp-content\/uploads\/2018\/03\/logos_N6_New_3.jpg","datePublished":"2017-07-04T18:48:12+00:00","dateModified":"2020-01-03T23:37:39+00:00","breadcrumb":{"@id":"https:\/\/omnivion.net\/core\/fr\/projets\/projets-artistiques\/newtopia-6\/#breadcrumb"},"inLanguage":"fr-FR","potentialAction":[{"@type":"ReadAction","target":["https:\/\/omnivion.net\/core\/fr\/projets\/projets-artistiques\/newtopia-6\/"]}]},{"@type":"ImageObject","inLanguage":"fr-FR","@id":"https:\/\/omnivion.net\/core\/fr\/projets\/projets-artistiques\/newtopia-6\/#primaryimage","url":"http:\/\/omnivion.net\/core\/wp-content\/uploads\/2018\/03\/logos_N6_New_3.jpg","contentUrl":"http:\/\/omnivion.net\/core\/wp-content\/uploads\/2018\/03\/logos_N6_New_3.jpg"},{"@type":"BreadcrumbList","@id":"https:\/\/omnivion.net\/core\/fr\/projets\/projets-artistiques\/newtopia-6\/#breadcrumb","itemListElement":[{"@type":"ListItem","position":1,"name":"Accueil","item":"https:\/\/omnivion.net\/core\/en\/silverstorm\/"},{"@type":"ListItem","position":2,"name":"Projets","item":"https:\/\/omnivion.net\/core\/fr\/projets\/"},{"@type":"ListItem","position":3,"name":"Projets Artistiques","item":"https:\/\/omnivion.net\/core\/projets\/projets-artistiques\/"},{"@type":"ListItem","position":4,"name":"Newtopia 6"}]},{"@type":"WebSite","@id":"https:\/\/omnivion.net\/core\/fr\/#website","url":"https:\/\/omnivion.net\/core\/fr\/","name":"omnivion.net","description":"...ARTS D&#039;\u00caTRE CORPS...","potentialAction":[{"@type":"SearchAction","target":{"@type":"EntryPoint","urlTemplate":"https:\/\/omnivion.net\/core\/fr\/?s={search_term_string}"},"query-input":{"@type":"PropertyValueSpecification","valueRequired":true,"valueName":"search_term_string"}}],"inLanguage":"fr-FR"}]}},"jetpack_sharing_enabled":true,"jetpack_shortlink":"https:\/\/wp.me\/P2fe7Q-BC","jetpack_likes_enabled":true,"_links":{"self":[{"href":"https:\/\/omnivion.net\/core\/fr\/wp-json\/wp\/v2\/pages\/2332","targetHints":{"allow":["GET"]}}],"collection":[{"href":"https:\/\/omnivion.net\/core\/fr\/wp-json\/wp\/v2\/pages"}],"about":[{"href":"https:\/\/omnivion.net\/core\/fr\/wp-json\/wp\/v2\/types\/page"}],"author":[{"embeddable":true,"href":"https:\/\/omnivion.net\/core\/fr\/wp-json\/wp\/v2\/users\/1"}],"replies":[{"embeddable":true,"href":"https:\/\/omnivion.net\/core\/fr\/wp-json\/wp\/v2\/comments?post=2332"}],"version-history":[{"count":34,"href":"https:\/\/omnivion.net\/core\/fr\/wp-json\/wp\/v2\/pages\/2332\/revisions"}],"predecessor-version":[{"id":3488,"href":"https:\/\/omnivion.net\/core\/fr\/wp-json\/wp\/v2\/pages\/2332\/revisions\/3488"}],"up":[{"embeddable":true,"href":"https:\/\/omnivion.net\/core\/fr\/wp-json\/wp\/v2\/pages\/60"}],"wp:attachment":[{"href":"https:\/\/omnivion.net\/core\/fr\/wp-json\/wp\/v2\/media?parent=2332"}],"curies":[{"name":"wp","href":"https:\/\/api.w.org\/{rel}","templated":true}]}}