{"id":2319,"date":"2017-06-29T11:32:16","date_gmt":"2017-06-29T10:32:16","guid":{"rendered":"http:\/\/omnivion.net\/core\/projets\/educational-projects\/atelier_danse_2016-2017-copy\/"},"modified":"2018-03-04T13:28:06","modified_gmt":"2018-03-04T12:28:06","slug":"atelier_danse_2017-2018","status":"publish","type":"page","link":"https:\/\/omnivion.net\/core\/fr\/projets\/educational-projects\/atelier_danse_2017-2018\/","title":{"rendered":"Atelier de danse contemporaine Omnivion 2017-2018"},"content":{"rendered":"<p><\/p>\n<h2><a href=\"http:\/\/omnivion.net\/core\/projets\/educational-projects\/atelier_danse_2016-2017-copy\/2016-12-07_atelier_danse_rabiere_05\/\" rel=\"attachment wp-att-2320\"><img data-recalc-dims=\"1\" loading=\"lazy\" decoding=\"async\" class=\"alignnone size-large wp-image-2320\" src=\"https:\/\/i0.wp.com\/omnivion.net\/core\/wp-content\/uploads\/2017\/06\/2016-12-07_Atelier_Danse_Rabi%C3%A8re_05-1024x576.jpg?resize=800%2C450\" alt=\"\" width=\"800\" height=\"450\" srcset=\"https:\/\/i0.wp.com\/omnivion.net\/core\/wp-content\/uploads\/2017\/06\/2016-12-07_Atelier_Danse_Rabi%C3%A8re_05.jpg?resize=1024%2C576&amp;ssl=1 1024w, https:\/\/i0.wp.com\/omnivion.net\/core\/wp-content\/uploads\/2017\/06\/2016-12-07_Atelier_Danse_Rabi%C3%A8re_05.jpg?resize=300%2C169&amp;ssl=1 300w, https:\/\/i0.wp.com\/omnivion.net\/core\/wp-content\/uploads\/2017\/06\/2016-12-07_Atelier_Danse_Rabi%C3%A8re_05.jpg?resize=768%2C432&amp;ssl=1 768w, https:\/\/i0.wp.com\/omnivion.net\/core\/wp-content\/uploads\/2017\/06\/2016-12-07_Atelier_Danse_Rabi%C3%A8re_05.jpg?w=2000&amp;ssl=1 2000w, https:\/\/i0.wp.com\/omnivion.net\/core\/wp-content\/uploads\/2017\/06\/2016-12-07_Atelier_Danse_Rabi%C3%A8re_05.jpg?w=3000&amp;ssl=1 3000w\" sizes=\"auto, (max-width: 800px) 100vw, 800px\" \/><\/a><\/h2>\n<p>&nbsp;<\/p>\n<h2><\/h2>\n<h2>Atelier de danse contemporaine Omnivion 2017-2018<\/h2>\n<h3>Prendre corps avec la danse !<\/h3>\n<p><b>Atelier hebdomadaire avec Dimitri Tsiapkinis ouvert \u00e0 toute personne ayant un minimum d&rsquo;exp\u00e9rience en danse contemporaine (Niveau mixte)\u00a0<\/b><\/p>\n<p>Une nouvelle s\u00e9rie d\u2019ateliers Omnivion commence ce 20 septembre 2017 avec les objectifs suivants :<\/p>\n<ul>\n<li>Etudier diverses techniques de danse contemporaine<\/li>\n<li>Prendre plaisir \u00e0 inventer des danses\u00a0; seul ou \u00e0 plusieurs<\/li>\n<li>Participer \u00e0 l\u2019invention des mati\u00e8res pour les 5 ans de Newtopia \u00e0 la Pl\u00e9iade (4-5 avril 2018)<\/li>\n<\/ul>\n<p>Un travail technique et cr\u00e9atif avec les fondamentaux de la danse contemporaine qui s\u2019inspire de multiples sources, comme les pratiques somatiques (p\u00e9dagogie perceptive\/fascia), les arts martiaux Shaolin, le th\u00e9\u00e2tre corporel, les danses d\u2019ailleurs. Les improvisations cadencent et re-contextualisent le travail technique. Nous insistons \u00e0 l\u2019expressivit\u00e9 sensible et \u00e0 la singularit\u00e9 du danseur en opposition au <em>corps-objet<\/em> qui perdure dans nos soci\u00e9t\u00e9s. Les univers po\u00e9tiques que nous allons partager vont nourrir la cr\u00e9ation 2018 \/ f\u00eate des 5 ans de Newtopia (sans obligation de participer au spectacle).<\/p>\n<p><strong>Horaires<\/strong> : les mercredis 18H30-21H00 (25 sessions \u00e0 7,80\u20ac la s\u00e9ance)<\/p>\n<p><strong>Prix<\/strong> : 195\u20ac (Facilit\u00e9s de paiement possibles)<\/p>\n<p>Cotisation \u00e0 Omnivion : 10\u20ac.<\/p>\n<p><strong>Dates du 1er trimestre :<\/strong><\/p>\n<p>20, 27 septembre \/ 4, 11, 18 octobre \/ 8, 15, 22, 29 novembre \/ 6, 13 &amp; 20 d\u00e9cembre.<\/p>\n<p><strong>Dates du 2\u00e8me+3\u00e8me trimestre :<\/strong><\/p>\n<p>10, 31 janvier \/ 14 mars \/ 18, 25 avril \/ 16, 23, 30 mai \/ 6, 13, 20 juin.<\/p>\n<p><strong>Inscriptions<\/strong> :<\/p>\n<p>info@omnivion.net<\/p>\n<p><strong>\/\/\/\/\/\/\/\/\/\/\/\/\/\/\/\/\/\/\/\/\/\/\/\/\/\/\/\/\/\/\/\/\/\/\/\/\/\/\/\/\/\/\/\/\/\/\/\/\/\/\/\/\/\/\/\/\/\/\/\/\/\/\/\/\/\/\/\/\/\/\/\/\/\/\/\/\/\/\/\/\/\/\/\/\/\/\/\/\/\/\/\/\/\/\/\/\/\/\/\/\/\/\/\/\/\/\/\/\/\/\/\/\/\/\/<\/strong><\/p>\n<p>Autres infos, photos etc.\u00a0sur <a href=\"https:\/\/www.facebook.com\/events\/209297939593717\">Facebook <\/a>et par email aux participants.<\/p>\n<p>Lieu des cours : Centre social La Rabi\u00e8re, Rue de la Roti\u00e9re 37300 Jou\u00e9-l\u00e8s-Tours (Il y a une station de tramway juste devant la porte!)<\/p>\n<p><iframe loading=\"lazy\" src=\"https:\/\/maps.google.com\/maps?oe=utf-8&amp;client=firefox-a&amp;ie=UTF8&amp;q=Centre+social+La+Rabi%C3%A8re,+Rue+de+la+Roti%C3%A9re+37300+Jou%C3%A9-l%C3%A8s-Tours&amp;fb=1&amp;hq=Centre+social+La+Rabi%C3%A8re,&amp;hnear=0x47fcd6232f10961b:0x96b5e6581903f88f,Rue+de+la+Roti%C3%A9re,+37300+Jou%C3%A9-l%C3%A8s-Tours,+France&amp;cid=0,0,4778865265520604691&amp;ll=47.346521,0.662299&amp;spn=0.006295,0.006295&amp;t=h&amp;iwloc=A&amp;output=embed\" width=\"425\" height=\"350\" frameborder=\"0\" marginwidth=\"0\" marginheight=\"0\" scrolling=\"no\"><\/iframe><br \/>\n<small><a style=\"color: #0000ff; text-align: left;\" href=\"https:\/\/maps.google.com\/maps?oe=utf-8&amp;client=firefox-a&amp;ie=UTF8&amp;q=Centre+social+La+Rabi%C3%A8re,+Rue+de+la+Roti%C3%A9re+37300+Jou%C3%A9-l%C3%A8s-Tours&amp;fb=1&amp;hq=Centre+social+La+Rabi%C3%A8re,&amp;hnear=0x47fcd6232f10961b:0x96b5e6581903f88f,Rue+de+la+Roti%C3%A9re,+37300+Jou%C3%A9-l%C3%A8s-Tours,+France&amp;cid=0,0,4778865265520604691&amp;ll=47.346521,0.662299&amp;spn=0.006295,0.006295&amp;t=h&amp;iwloc=A&amp;source=embed\">Agrandir le plan<\/a><\/small><\/p>","protected":false},"excerpt":{"rendered":"<p>&nbsp; Atelier de danse contemporaine Omnivion 2017-2018 Prendre corps avec la danse ! [&hellip;]<\/p>\n","protected":false},"author":1,"featured_media":0,"parent":63,"menu_order":0,"comment_status":"closed","ping_status":"closed","template":"","meta":{"jetpack_post_was_ever_published":false,"footnotes":""},"class_list":["post-2319","page","type-page","status-publish","hentry"],"yoast_head":"<!-- This site is optimized with the Yoast SEO plugin v26.8 - https:\/\/yoast.com\/product\/yoast-seo-wordpress\/ -->\n<title>Atelier de danse contemporaine Omnivion 2017-2018 - omnivion.net<\/title>\n<meta name=\"robots\" content=\"index, follow, max-snippet:-1, max-image-preview:large, max-video-preview:-1\" \/>\n<link rel=\"canonical\" href=\"https:\/\/omnivion.net\/core\/fr\/projets\/educational-projects\/atelier_danse_2017-2018\/\" \/>\n<meta property=\"og:locale\" content=\"fr_FR\" \/>\n<meta property=\"og:type\" content=\"article\" \/>\n<meta property=\"og:title\" content=\"Atelier de danse contemporaine Omnivion 2017-2018 - omnivion.net\" \/>\n<meta property=\"og:description\" content=\"&nbsp; Atelier de danse contemporaine Omnivion 2017-2018 Prendre corps avec la danse ! [&hellip;]\" \/>\n<meta property=\"og:url\" content=\"https:\/\/omnivion.net\/core\/fr\/projets\/educational-projects\/atelier_danse_2017-2018\/\" \/>\n<meta property=\"og:site_name\" content=\"omnivion.net\" \/>\n<meta property=\"article:modified_time\" content=\"2018-03-04T12:28:06+00:00\" \/>\n<meta name=\"twitter:card\" content=\"summary_large_image\" \/>\n<meta name=\"twitter:label1\" content=\"Dur\u00e9e de lecture estim\u00e9e\" \/>\n\t<meta name=\"twitter:data1\" content=\"2 minutes\" \/>\n<script type=\"application\/ld+json\" class=\"yoast-schema-graph\">{\"@context\":\"https:\/\/schema.org\",\"@graph\":[{\"@type\":\"WebPage\",\"@id\":\"https:\/\/omnivion.net\/core\/fr\/projets\/educational-projects\/atelier_danse_2017-2018\/\",\"url\":\"https:\/\/omnivion.net\/core\/fr\/projets\/educational-projects\/atelier_danse_2017-2018\/\",\"name\":\"Atelier de danse contemporaine Omnivion 2017-2018 - omnivion.net\",\"isPartOf\":{\"@id\":\"https:\/\/omnivion.net\/core\/fr\/#website\"},\"datePublished\":\"2017-06-29T10:32:16+00:00\",\"dateModified\":\"2018-03-04T12:28:06+00:00\",\"breadcrumb\":{\"@id\":\"https:\/\/omnivion.net\/core\/fr\/projets\/educational-projects\/atelier_danse_2017-2018\/#breadcrumb\"},\"inLanguage\":\"fr-FR\",\"potentialAction\":[{\"@type\":\"ReadAction\",\"target\":[\"https:\/\/omnivion.net\/core\/fr\/projets\/educational-projects\/atelier_danse_2017-2018\/\"]}]},{\"@type\":\"BreadcrumbList\",\"@id\":\"https:\/\/omnivion.net\/core\/fr\/projets\/educational-projects\/atelier_danse_2017-2018\/#breadcrumb\",\"itemListElement\":[{\"@type\":\"ListItem\",\"position\":1,\"name\":\"Accueil\",\"item\":\"https:\/\/omnivion.net\/core\/en\/silverstorm\/\"},{\"@type\":\"ListItem\",\"position\":2,\"name\":\"Projets\",\"item\":\"https:\/\/omnivion.net\/core\/fr\/projets\/\"},{\"@type\":\"ListItem\",\"position\":3,\"name\":\"Projets Educatifs\",\"item\":\"https:\/\/omnivion.net\/core\/projets\/educational-projects\/\"},{\"@type\":\"ListItem\",\"position\":4,\"name\":\"Atelier de danse contemporaine Omnivion 2017-2018\"}]},{\"@type\":\"WebSite\",\"@id\":\"https:\/\/omnivion.net\/core\/fr\/#website\",\"url\":\"https:\/\/omnivion.net\/core\/fr\/\",\"name\":\"omnivion.net\",\"description\":\"...ARTS D&#039;\u00caTRE CORPS...\",\"potentialAction\":[{\"@type\":\"SearchAction\",\"target\":{\"@type\":\"EntryPoint\",\"urlTemplate\":\"https:\/\/omnivion.net\/core\/fr\/?s={search_term_string}\"},\"query-input\":{\"@type\":\"PropertyValueSpecification\",\"valueRequired\":true,\"valueName\":\"search_term_string\"}}],\"inLanguage\":\"fr-FR\"}]}<\/script>\n<!-- \/ Yoast SEO plugin. -->","yoast_head_json":{"title":"Atelier de danse contemporaine Omnivion 2017-2018 - omnivion.net","robots":{"index":"index","follow":"follow","max-snippet":"max-snippet:-1","max-image-preview":"max-image-preview:large","max-video-preview":"max-video-preview:-1"},"canonical":"https:\/\/omnivion.net\/core\/fr\/projets\/educational-projects\/atelier_danse_2017-2018\/","og_locale":"fr_FR","og_type":"article","og_title":"Atelier de danse contemporaine Omnivion 2017-2018 - omnivion.net","og_description":"&nbsp; Atelier de danse contemporaine Omnivion 2017-2018 Prendre corps avec la danse ! [&hellip;]","og_url":"https:\/\/omnivion.net\/core\/fr\/projets\/educational-projects\/atelier_danse_2017-2018\/","og_site_name":"omnivion.net","article_modified_time":"2018-03-04T12:28:06+00:00","twitter_card":"summary_large_image","twitter_misc":{"Dur\u00e9e de lecture estim\u00e9e":"2 minutes"},"schema":{"@context":"https:\/\/schema.org","@graph":[{"@type":"WebPage","@id":"https:\/\/omnivion.net\/core\/fr\/projets\/educational-projects\/atelier_danse_2017-2018\/","url":"https:\/\/omnivion.net\/core\/fr\/projets\/educational-projects\/atelier_danse_2017-2018\/","name":"Atelier de danse contemporaine Omnivion 2017-2018 - omnivion.net","isPartOf":{"@id":"https:\/\/omnivion.net\/core\/fr\/#website"},"datePublished":"2017-06-29T10:32:16+00:00","dateModified":"2018-03-04T12:28:06+00:00","breadcrumb":{"@id":"https:\/\/omnivion.net\/core\/fr\/projets\/educational-projects\/atelier_danse_2017-2018\/#breadcrumb"},"inLanguage":"fr-FR","potentialAction":[{"@type":"ReadAction","target":["https:\/\/omnivion.net\/core\/fr\/projets\/educational-projects\/atelier_danse_2017-2018\/"]}]},{"@type":"BreadcrumbList","@id":"https:\/\/omnivion.net\/core\/fr\/projets\/educational-projects\/atelier_danse_2017-2018\/#breadcrumb","itemListElement":[{"@type":"ListItem","position":1,"name":"Accueil","item":"https:\/\/omnivion.net\/core\/en\/silverstorm\/"},{"@type":"ListItem","position":2,"name":"Projets","item":"https:\/\/omnivion.net\/core\/fr\/projets\/"},{"@type":"ListItem","position":3,"name":"Projets Educatifs","item":"https:\/\/omnivion.net\/core\/projets\/educational-projects\/"},{"@type":"ListItem","position":4,"name":"Atelier de danse contemporaine Omnivion 2017-2018"}]},{"@type":"WebSite","@id":"https:\/\/omnivion.net\/core\/fr\/#website","url":"https:\/\/omnivion.net\/core\/fr\/","name":"omnivion.net","description":"...ARTS D&#039;\u00caTRE CORPS...","potentialAction":[{"@type":"SearchAction","target":{"@type":"EntryPoint","urlTemplate":"https:\/\/omnivion.net\/core\/fr\/?s={search_term_string}"},"query-input":{"@type":"PropertyValueSpecification","valueRequired":true,"valueName":"search_term_string"}}],"inLanguage":"fr-FR"}]}},"jetpack_sharing_enabled":true,"jetpack_shortlink":"https:\/\/wp.me\/P2fe7Q-Bp","jetpack_likes_enabled":true,"_links":{"self":[{"href":"https:\/\/omnivion.net\/core\/fr\/wp-json\/wp\/v2\/pages\/2319","targetHints":{"allow":["GET"]}}],"collection":[{"href":"https:\/\/omnivion.net\/core\/fr\/wp-json\/wp\/v2\/pages"}],"about":[{"href":"https:\/\/omnivion.net\/core\/fr\/wp-json\/wp\/v2\/types\/page"}],"author":[{"embeddable":true,"href":"https:\/\/omnivion.net\/core\/fr\/wp-json\/wp\/v2\/users\/1"}],"replies":[{"embeddable":true,"href":"https:\/\/omnivion.net\/core\/fr\/wp-json\/wp\/v2\/comments?post=2319"}],"version-history":[{"count":12,"href":"https:\/\/omnivion.net\/core\/fr\/wp-json\/wp\/v2\/pages\/2319\/revisions"}],"predecessor-version":[{"id":2671,"href":"https:\/\/omnivion.net\/core\/fr\/wp-json\/wp\/v2\/pages\/2319\/revisions\/2671"}],"up":[{"embeddable":true,"href":"https:\/\/omnivion.net\/core\/fr\/wp-json\/wp\/v2\/pages\/63"}],"wp:attachment":[{"href":"https:\/\/omnivion.net\/core\/fr\/wp-json\/wp\/v2\/media?parent=2319"}],"curies":[{"name":"wp","href":"https:\/\/api.w.org\/{rel}","templated":true}]}}