{"id":2261,"date":"2017-05-29T11:05:08","date_gmt":"2017-05-29T10:05:08","guid":{"rendered":"http:\/\/omnivion.net\/core\/projets\/projets-artistiques\/newtopia-5\/newtopia-5-1-copy\/"},"modified":"2017-06-23T13:48:51","modified_gmt":"2017-06-23T12:48:51","slug":"newtopia-5-3","status":"publish","type":"page","link":"https:\/\/omnivion.net\/core\/fr\/projets\/projets-artistiques\/newtopia-5\/newtopia-5-3\/","title":{"rendered":"Newtopia 5.3"},"content":{"rendered":"<p><div id=\"attachment_2265\" style=\"width: 910px\" class=\"wp-caption alignnone\"><a href=\"http:\/\/omnivion.net\/core\/projets\/projets-artistiques\/newtopia-5\/newtopia-5-1-copy\/zabid_yemen_rod-waddington_edit_wenbjpg\/\" rel=\"attachment wp-att-2265\"><img data-recalc-dims=\"1\" loading=\"lazy\" decoding=\"async\" aria-describedby=\"caption-attachment-2265\" class=\"size-full wp-image-2265\" src=\"https:\/\/i0.wp.com\/omnivion.net\/core\/wp-content\/uploads\/2017\/05\/Zabid_Yemen_Rod-Waddington_edit_wenbjpg.jpg?resize=900%2C368\" alt=\"\" width=\"900\" height=\"368\" srcset=\"https:\/\/i0.wp.com\/omnivion.net\/core\/wp-content\/uploads\/2017\/05\/Zabid_Yemen_Rod-Waddington_edit_wenbjpg.jpg?w=900&amp;ssl=1 900w, https:\/\/i0.wp.com\/omnivion.net\/core\/wp-content\/uploads\/2017\/05\/Zabid_Yemen_Rod-Waddington_edit_wenbjpg.jpg?resize=300%2C123&amp;ssl=1 300w, https:\/\/i0.wp.com\/omnivion.net\/core\/wp-content\/uploads\/2017\/05\/Zabid_Yemen_Rod-Waddington_edit_wenbjpg.jpg?resize=768%2C314&amp;ssl=1 768w\" sizes=\"auto, (max-width: 900px) 100vw, 900px\" \/><\/a><p id=\"caption-attachment-2265\" class=\"wp-caption-text\">Photo by Rod Waddington (CC BY-SA 2.0)<\/p><\/div><\/p>\n<h2><\/h2>\n<h1><strong>Newtopia 5.3 \/\u00a0<\/strong><strong>Arpenter les murs<\/strong><\/h1>\n<p>&nbsp;<\/p>\n<p><strong>En coproduction avec les Arpents d&rsquo;Art,\u00a0<\/strong><strong>dans le cadre de IN \/\/ OFF ART, innover pour rencontrer\u00a0<\/strong><\/p>\n<p style=\"text-align: center;\"><strong>vendredi 30 juin 2017 \u00e0 20H, \u00e0 la Salle Jacques Villeret, 11 rue de Saussure-les Fontaines 37200 Tours<\/strong><\/p>\n<p>Entr\u00e9e : 5\u20ac \/ Gratuit (minima sociaux).<\/p>\n<p>R\u00e9servations :\u00a0<a href=\"mailto:lesarpentsdart@gmail.com\">lesarpentsdart@gmail.com<\/a> ou au\u00a0<b id=\"yui_3_16_0_1_1496821745180_84032\">02 47 51 36 58<\/b><\/p>\n<p><span style=\"text-decoration: underline;\"><strong>A propos:\u00a0<\/strong><\/span><\/p>\n<p>5 ans sont pass\u00e9s d\u00e9j\u00e0 depuis les premi\u00e8res tentatives de l\u2019\u00e9quipe d\u2019Omnivion de po\u00e9tiser la\u00a0<em>folie<\/em>, d\u2019interroger nos a priori sur les\u00a0<em>normalit\u00e9s<\/em>\u00a0expressives et cr\u00e9atives. Le projet artistique\u00a0<em>Newtopia<\/em>\u00a0est pour\u00a0l\u2019Association Omnivion\u00a0et ses partenaires, un puissant facteur de rassemblement, de coop\u00e9ration et de valorisation<strong>. \u00a0C&rsquo;est le fruit d&rsquo;une\u00a0collaboration durable entre artistes amateurs et professionnels en lien avec le CHRU de Tours (service psychiatrie).<br \/>\n<\/strong><\/p>\n<p>C&rsquo;est un\u00a0terrain qui permet de faire appara\u00eetre un\u00a0ensemble de formes esth\u00e9tiques qui promeuvent une r\u00e9ciprocit\u00e9 sensible\u00a0et des interrogations sur le\u00a0vivre et agir ensemble. Comme\u00a0Newtopia 5 est ax\u00e9 sur la diffusion des propositions artistiques pass\u00e9s, nous mettons en avant une performance pr\u00e9sent\u00e9e en d\u00e9cembre 2016 \u00e0 la Chapelle St. Anne. Mais le d\u00e9sir de cr\u00e9er, partag\u00e9 avec <strong> Les Arpents d\u2019art<\/strong>, nous a conduit \u00e0 pr\u00e9senter aussi <strong>une performance in\u00e9dite en collaboration avec les adh\u00e9rents de leur association.\u00a0<\/strong><\/p>\n<p><strong>La th\u00e9matique : les murs comme fronti\u00e8res, comme limites, comme symboles de la m\u00e9fiance d&rsquo;autrui. On s\u2019y attaquera avec nos danses et nos cris, pour nourrir\u00a0des nouvelles confiances face \u00e0 l&rsquo;humain,\u00a0face \u00e0 nous-m\u00eames.<br \/>\n<\/strong><br \/>\n\/\/\/\/\/\/\/\/\/\/\/\/\/\/\/\/\/\/\/\/\/\/\/\/\/\/\/\/\/\/\/\/\/\/\/\/\/\/\/\/\/\/\/\/\/\/\/\/\/\/\/\/\/\/\/\/\/\/\/\/\/\/\/\/\/\/\/\/\/\/\/\/\/\/\/\/\/\/\/\/\/\/\/\/\/\/\/\/\/\/\/\/\/\/\/\/\/\/\/\/\/\/\/\/\/\/\/\/\/\/\/\/\/\/\/\/\/\/\/\/\/<\/p>\n<p>&nbsp;<\/p>\n<p><span style=\"text-decoration: underline;\"><strong>Programme :<\/strong><\/span><\/p>\n<p><strong>SILENCE DES BOUCS (2016)\u00a0<\/strong>\/\u00a0Performance posturale et vocale (20 min)<\/p>\n<p>Dimitri Tsiapkinis en collaboration avec Roland Lebret et Claire Guillaume.\u00a0Dans son texte \u2018\u2018\u2026juste avant demain\u2019\u2019 Roland Lebret nous parle d\u2019un autre silence qui envahit nos mondes, silence entropique g\u00e9n\u00e9r\u00e9 par la violence de l\u2019Homme, aveugle et autodestructrice. Avec quels gestes r\u00e9pondre \u00e0 cet appel, \u00e0 ce cri ?<\/p>\n<p>Interpr\u00e8tes\u00a0: Claire Guillaume, Roland Lebret<\/p>\n<p>&nbsp;<\/p>\n<p><strong>CE QUE MURMURENT LES MURS (2017)\u00a0<\/strong>\/\u00a0Performance posturale et vocale (30 min)<\/p>\n<p>Un travail collectif entre l\u2019\u00e9quipe d\u2019Omnivion et des Arpents d\u2019Art. Roland Lebret en collaboration avec Dimitri Tsiapkinis proposent une performance qui interroge les cloisonnements de toute sorte, impos\u00e9es par nos soci\u00e9t\u00e9s et surtout par nous-m\u00eames.<\/p>\n<p>Interpr\u00e8tes : Gilles Lolivier, Fr\u00e9deric Simon, Bruno Morin, Carl Loiseau, C\u00e9cile Lebret, Rosa Pires de Matos, Roland Lebret, Quentin Perrotte, Patrick Robert<\/p>\n<p>\/\/\/\/\/\/\/\/\/\/\/\/\/\/\/\/\/\/\/\/\/\/\/\/\/\/\/\/\/\/\/\/\/\/\/\/\/\/\/\/\/\/\/\/\/\/\/\/\/\/\/\/\/\/\/\/\/\/\/\/\/\/\/\/\/\/\/\/\/\/\/\/\/\/\/\/\/\/\/\/\/\/\/\/\/\/\/\/\/\/\/\/\/\/\/\/\/\/\/\/\/\/\/\/\/\/\/\/\/\/\/\/\/\/\/\/\/\/\/\/\/<\/p>\n<p><strong><span style=\"font-size: 10.5pt; font-family: 'Arial',sans-serif; color: #2e2626;\">Dans le cadre de IN\/\/OFF ART, innover pour rencontrer\u00a0, l\u2019association Les Arpents d\u2019art pr\u00e9sente aussi, avec le soutien de la Compagnie de Jos\u00e9 Cano Lopez, au Ch\u00e2teau du Plessis, \u00e0 La RICHE\u00a0, une pi\u00e8ce de CERVANTES\u00a0: LE RETABLE DES MERVEILLES qui interrogera le rapport que nous avons avec le monde et donc avec ce que nous nommons la politique, au travers de la croyance ou des croyances.<\/span><\/strong><\/p>\n<p><strong><span style=\"font-size: 10.5pt; font-family: 'Arial',sans-serif; color: #2e2626;\">Le jeudi 15 JUIN 2017 \u00e0 20H au Ch\u00e2teau du Plessis, LA RICHE<\/span><\/strong><\/p>\n<p>\/\/\/\/\/\/\/\/\/\/\/\/\/\/\/\/\/\/\/\/\/\/\/\/\/\/\/\/\/\/\/\/\/\/\/\/\/\/\/\/\/\/\/\/\/\/\/\/\/\/\/\/\/\/\/\/\/\/\/\/\/\/\/\/\/\/\/\/\/\/\/\/\/\/\/\/\/\/\/\/\/\/\/\/\/\/\/\/\/\/\/\/\/\/\/\/\/\/\/\/\/\/\/\/\/\/\/\/\/\/\/\/\/\/\/\/\/\/\/\/\/<\/p>\n<p><strong>LES RESERVATIONS pour les deux spectacles, ou pour l\u2019un ou l\u2019autre spectacle,\u00a0 peuvent se faire au 02 47 51 36 58 ou <a href=\"mailto:rlebret@netcourrier.com\">rlebret@netcourrier.com<\/a> <\/strong><\/p>\n<p><a href=\"http:\/\/omnivion.net\/core\/projets\/projets-artistiques\/newtopia-5\/newtopia-5-3\/log\/\" rel=\"attachment wp-att-2307\"><img data-recalc-dims=\"1\" loading=\"lazy\" decoding=\"async\" class=\"alignnone wp-image-2307\" src=\"https:\/\/i0.wp.com\/omnivion.net\/core\/wp-content\/uploads\/2017\/05\/log.jpg?resize=194%2C109\" alt=\"\" width=\"194\" height=\"109\" srcset=\"https:\/\/i0.wp.com\/omnivion.net\/core\/wp-content\/uploads\/2017\/05\/log.jpg?w=556&amp;ssl=1 556w, https:\/\/i0.wp.com\/omnivion.net\/core\/wp-content\/uploads\/2017\/05\/log.jpg?resize=300%2C169&amp;ssl=1 300w\" sizes=\"auto, (max-width: 194px) 100vw, 194px\" \/><\/a><\/p>\n<p>\/\/\/\/\/\/\/\/\/\/\/\/\/\/\/\/\/\/\/\/\/\/\/\/\/\/\/\/\/\/\/\/\/\/\/\/\/\/\/\/\/\/\/\/\/\/\/\/\/\/\/\/\/\/\/\/\/\/\/\/\/\/\/\/\/\/\/\/\/\/\/\/\/\/\/\/\/\/\/\/\/\/\/\/\/\/\/\/\/\/\/\/\/\/\/\/\/\/\/\/\/\/\/\/\/\/\/\/\/\/\/\/\/\/\/\/\/\/\/\/\/<\/p>\n<p><strong>Partenaires et financement : <\/strong><\/p>\n<p><strong><a href=\"http:\/\/www.culturecommunication.gouv.fr\/Regions\/Drac-Centre-Val-de-Loire\" target=\"_blank\" rel=\"noopener noreferrer\">DRAC Centre<\/a>, <a href=\"http:\/\/ars.centre.sante.fr\/\" target=\"_blank\" rel=\"noopener noreferrer\">ARS Centre<\/a>, <a href=\"https:\/\/transept37.fr\/\" target=\"_blank\" rel=\"noopener noreferrer\">Fonds de dotation Transept37<\/a>, <a href=\"http:\/\/www.chu-tours.fr\/\" target=\"_blank\" rel=\"noopener noreferrer\">CHRU de Tours<\/a>, <a href=\"http:\/\/lesarpentsdart.fr\/cms\/\" target=\"_blank\" rel=\"noopener noreferrer\">Arpents d\u2019Art<\/a>, <a href=\"http:\/\/www.tours.fr\/\" target=\"_blank\" rel=\"noopener noreferrer\">Ville de Tours<\/a>,\u00a0<a href=\"http:\/\/centresocialrabiere.fr\/\" target=\"_blank\" rel=\"noopener noreferrer\">Centre Sociale la Rabi\u00e8re<\/a>.<\/strong><\/p>\n<p><a href=\"http:\/\/omnivion.net\/core\/projets\/projets-artistiques\/newtopia-5\/newtopia-5-1-copy\/logos_n_5-3\/\" rel=\"attachment wp-att-2266\"><img data-recalc-dims=\"1\" loading=\"lazy\" decoding=\"async\" class=\"alignnone wp-image-2266\" src=\"https:\/\/i0.wp.com\/omnivion.net\/core\/wp-content\/uploads\/2017\/05\/logos_N_5.3-1024x576.jpg?resize=679%2C382\" alt=\"\" width=\"679\" height=\"382\" srcset=\"https:\/\/i0.wp.com\/omnivion.net\/core\/wp-content\/uploads\/2017\/05\/logos_N_5.3.jpg?resize=1024%2C576&amp;ssl=1 1024w, https:\/\/i0.wp.com\/omnivion.net\/core\/wp-content\/uploads\/2017\/05\/logos_N_5.3.jpg?resize=300%2C169&amp;ssl=1 300w, https:\/\/i0.wp.com\/omnivion.net\/core\/wp-content\/uploads\/2017\/05\/logos_N_5.3.jpg?resize=768%2C432&amp;ssl=1 768w, https:\/\/i0.wp.com\/omnivion.net\/core\/wp-content\/uploads\/2017\/05\/logos_N_5.3.jpg?w=1293&amp;ssl=1 1293w\" sizes=\"auto, (max-width: 679px) 100vw, 679px\" \/><\/a><\/p>\n<p>\/\/\/\/\/\/\/\/\/\/\/\/\/\/\/\/\/\/\/\/\/\/\/\/\/\/\/\/\/\/\/\/\/\/\/\/\/\/\/\/\/\/\/\/\/\/\/\/\/\/\/\/\/\/\/\/\/\/\/\/\/\/\/\/\/\/\/\/\/\/\/\/\/\/\/\/\/\/\/\/\/\/\/\/\/\/\/\/\/\/\/\/\/\/\/\/\/\/\/\/\/\/\/\/\/\/\/\/\/\/\/\/\/\/\/\/\/\/\/\/\/<\/p>\n<p>&nbsp;<\/p>\n<p>&nbsp;<\/p>\n<p><strong><em>\u00a0<\/em><\/strong><\/p>","protected":false},"excerpt":{"rendered":"<p>Newtopia 5.3 \/\u00a0Arpenter les murs &nbsp; En coproduction avec les Arpents d&rsquo;Art,\u00a0dans le [&hellip;]<\/p>\n","protected":false},"author":1,"featured_media":0,"parent":2099,"menu_order":0,"comment_status":"closed","ping_status":"closed","template":"","meta":{"jetpack_post_was_ever_published":false,"footnotes":""},"class_list":["post-2261","page","type-page","status-publish","hentry"],"yoast_head":"<!-- This site is optimized with the Yoast SEO plugin v26.8 - https:\/\/yoast.com\/product\/yoast-seo-wordpress\/ -->\n<title>Newtopia 5.3 - omnivion.net<\/title>\n<meta name=\"robots\" content=\"index, follow, max-snippet:-1, max-image-preview:large, max-video-preview:-1\" \/>\n<link rel=\"canonical\" href=\"https:\/\/omnivion.net\/core\/fr\/projets\/projets-artistiques\/newtopia-5\/newtopia-5-3\/\" \/>\n<meta property=\"og:locale\" content=\"fr_FR\" \/>\n<meta property=\"og:type\" content=\"article\" \/>\n<meta property=\"og:title\" content=\"Newtopia 5.3 - omnivion.net\" \/>\n<meta property=\"og:description\" content=\"Newtopia 5.3 \/\u00a0Arpenter les murs &nbsp; En coproduction avec les Arpents d&rsquo;Art,\u00a0dans le [&hellip;]\" \/>\n<meta property=\"og:url\" content=\"https:\/\/omnivion.net\/core\/fr\/projets\/projets-artistiques\/newtopia-5\/newtopia-5-3\/\" \/>\n<meta property=\"og:site_name\" content=\"omnivion.net\" \/>\n<meta property=\"article:modified_time\" content=\"2017-06-23T12:48:51+00:00\" \/>\n<meta property=\"og:image\" content=\"http:\/\/omnivion.net\/core\/wp-content\/uploads\/2017\/05\/Zabid_Yemen_Rod-Waddington_edit_wenbjpg.jpg\" \/>\n<meta name=\"twitter:card\" content=\"summary_large_image\" \/>\n<meta name=\"twitter:label1\" content=\"Dur\u00e9e de lecture estim\u00e9e\" \/>\n\t<meta name=\"twitter:data1\" content=\"5 minutes\" \/>\n<script type=\"application\/ld+json\" class=\"yoast-schema-graph\">{\"@context\":\"https:\/\/schema.org\",\"@graph\":[{\"@type\":\"WebPage\",\"@id\":\"https:\/\/omnivion.net\/core\/fr\/projets\/projets-artistiques\/newtopia-5\/newtopia-5-3\/\",\"url\":\"https:\/\/omnivion.net\/core\/fr\/projets\/projets-artistiques\/newtopia-5\/newtopia-5-3\/\",\"name\":\"Newtopia 5.3 - omnivion.net\",\"isPartOf\":{\"@id\":\"https:\/\/omnivion.net\/core\/fr\/#website\"},\"primaryImageOfPage\":{\"@id\":\"https:\/\/omnivion.net\/core\/fr\/projets\/projets-artistiques\/newtopia-5\/newtopia-5-3\/#primaryimage\"},\"image\":{\"@id\":\"https:\/\/omnivion.net\/core\/fr\/projets\/projets-artistiques\/newtopia-5\/newtopia-5-3\/#primaryimage\"},\"thumbnailUrl\":\"http:\/\/omnivion.net\/core\/wp-content\/uploads\/2017\/05\/Zabid_Yemen_Rod-Waddington_edit_wenbjpg.jpg\",\"datePublished\":\"2017-05-29T10:05:08+00:00\",\"dateModified\":\"2017-06-23T12:48:51+00:00\",\"breadcrumb\":{\"@id\":\"https:\/\/omnivion.net\/core\/fr\/projets\/projets-artistiques\/newtopia-5\/newtopia-5-3\/#breadcrumb\"},\"inLanguage\":\"fr-FR\",\"potentialAction\":[{\"@type\":\"ReadAction\",\"target\":[\"https:\/\/omnivion.net\/core\/fr\/projets\/projets-artistiques\/newtopia-5\/newtopia-5-3\/\"]}]},{\"@type\":\"ImageObject\",\"inLanguage\":\"fr-FR\",\"@id\":\"https:\/\/omnivion.net\/core\/fr\/projets\/projets-artistiques\/newtopia-5\/newtopia-5-3\/#primaryimage\",\"url\":\"http:\/\/omnivion.net\/core\/wp-content\/uploads\/2017\/05\/Zabid_Yemen_Rod-Waddington_edit_wenbjpg.jpg\",\"contentUrl\":\"http:\/\/omnivion.net\/core\/wp-content\/uploads\/2017\/05\/Zabid_Yemen_Rod-Waddington_edit_wenbjpg.jpg\"},{\"@type\":\"BreadcrumbList\",\"@id\":\"https:\/\/omnivion.net\/core\/fr\/projets\/projets-artistiques\/newtopia-5\/newtopia-5-3\/#breadcrumb\",\"itemListElement\":[{\"@type\":\"ListItem\",\"position\":1,\"name\":\"Accueil\",\"item\":\"https:\/\/omnivion.net\/core\/en\/silverstorm\/\"},{\"@type\":\"ListItem\",\"position\":2,\"name\":\"Projets\",\"item\":\"https:\/\/omnivion.net\/core\/fr\/projets\/\"},{\"@type\":\"ListItem\",\"position\":3,\"name\":\"Projets Artistiques\",\"item\":\"https:\/\/omnivion.net\/core\/projets\/projets-artistiques\/\"},{\"@type\":\"ListItem\",\"position\":4,\"name\":\"Newtopia 5\",\"item\":\"https:\/\/omnivion.net\/core\/projets\/projets-artistiques\/newtopia-5\/\"},{\"@type\":\"ListItem\",\"position\":5,\"name\":\"Newtopia 5.3\"}]},{\"@type\":\"WebSite\",\"@id\":\"https:\/\/omnivion.net\/core\/fr\/#website\",\"url\":\"https:\/\/omnivion.net\/core\/fr\/\",\"name\":\"omnivion.net\",\"description\":\"...ARTS D&#039;\u00caTRE CORPS...\",\"potentialAction\":[{\"@type\":\"SearchAction\",\"target\":{\"@type\":\"EntryPoint\",\"urlTemplate\":\"https:\/\/omnivion.net\/core\/fr\/?s={search_term_string}\"},\"query-input\":{\"@type\":\"PropertyValueSpecification\",\"valueRequired\":true,\"valueName\":\"search_term_string\"}}],\"inLanguage\":\"fr-FR\"}]}<\/script>\n<!-- \/ Yoast SEO plugin. -->","yoast_head_json":{"title":"Newtopia 5.3 - omnivion.net","robots":{"index":"index","follow":"follow","max-snippet":"max-snippet:-1","max-image-preview":"max-image-preview:large","max-video-preview":"max-video-preview:-1"},"canonical":"https:\/\/omnivion.net\/core\/fr\/projets\/projets-artistiques\/newtopia-5\/newtopia-5-3\/","og_locale":"fr_FR","og_type":"article","og_title":"Newtopia 5.3 - omnivion.net","og_description":"Newtopia 5.3 \/\u00a0Arpenter les murs &nbsp; En coproduction avec les Arpents d&rsquo;Art,\u00a0dans le [&hellip;]","og_url":"https:\/\/omnivion.net\/core\/fr\/projets\/projets-artistiques\/newtopia-5\/newtopia-5-3\/","og_site_name":"omnivion.net","article_modified_time":"2017-06-23T12:48:51+00:00","og_image":[{"url":"http:\/\/omnivion.net\/core\/wp-content\/uploads\/2017\/05\/Zabid_Yemen_Rod-Waddington_edit_wenbjpg.jpg","type":"","width":"","height":""}],"twitter_card":"summary_large_image","twitter_misc":{"Dur\u00e9e de lecture estim\u00e9e":"5 minutes"},"schema":{"@context":"https:\/\/schema.org","@graph":[{"@type":"WebPage","@id":"https:\/\/omnivion.net\/core\/fr\/projets\/projets-artistiques\/newtopia-5\/newtopia-5-3\/","url":"https:\/\/omnivion.net\/core\/fr\/projets\/projets-artistiques\/newtopia-5\/newtopia-5-3\/","name":"Newtopia 5.3 - omnivion.net","isPartOf":{"@id":"https:\/\/omnivion.net\/core\/fr\/#website"},"primaryImageOfPage":{"@id":"https:\/\/omnivion.net\/core\/fr\/projets\/projets-artistiques\/newtopia-5\/newtopia-5-3\/#primaryimage"},"image":{"@id":"https:\/\/omnivion.net\/core\/fr\/projets\/projets-artistiques\/newtopia-5\/newtopia-5-3\/#primaryimage"},"thumbnailUrl":"http:\/\/omnivion.net\/core\/wp-content\/uploads\/2017\/05\/Zabid_Yemen_Rod-Waddington_edit_wenbjpg.jpg","datePublished":"2017-05-29T10:05:08+00:00","dateModified":"2017-06-23T12:48:51+00:00","breadcrumb":{"@id":"https:\/\/omnivion.net\/core\/fr\/projets\/projets-artistiques\/newtopia-5\/newtopia-5-3\/#breadcrumb"},"inLanguage":"fr-FR","potentialAction":[{"@type":"ReadAction","target":["https:\/\/omnivion.net\/core\/fr\/projets\/projets-artistiques\/newtopia-5\/newtopia-5-3\/"]}]},{"@type":"ImageObject","inLanguage":"fr-FR","@id":"https:\/\/omnivion.net\/core\/fr\/projets\/projets-artistiques\/newtopia-5\/newtopia-5-3\/#primaryimage","url":"http:\/\/omnivion.net\/core\/wp-content\/uploads\/2017\/05\/Zabid_Yemen_Rod-Waddington_edit_wenbjpg.jpg","contentUrl":"http:\/\/omnivion.net\/core\/wp-content\/uploads\/2017\/05\/Zabid_Yemen_Rod-Waddington_edit_wenbjpg.jpg"},{"@type":"BreadcrumbList","@id":"https:\/\/omnivion.net\/core\/fr\/projets\/projets-artistiques\/newtopia-5\/newtopia-5-3\/#breadcrumb","itemListElement":[{"@type":"ListItem","position":1,"name":"Accueil","item":"https:\/\/omnivion.net\/core\/en\/silverstorm\/"},{"@type":"ListItem","position":2,"name":"Projets","item":"https:\/\/omnivion.net\/core\/fr\/projets\/"},{"@type":"ListItem","position":3,"name":"Projets Artistiques","item":"https:\/\/omnivion.net\/core\/projets\/projets-artistiques\/"},{"@type":"ListItem","position":4,"name":"Newtopia 5","item":"https:\/\/omnivion.net\/core\/projets\/projets-artistiques\/newtopia-5\/"},{"@type":"ListItem","position":5,"name":"Newtopia 5.3"}]},{"@type":"WebSite","@id":"https:\/\/omnivion.net\/core\/fr\/#website","url":"https:\/\/omnivion.net\/core\/fr\/","name":"omnivion.net","description":"...ARTS D&#039;\u00caTRE CORPS...","potentialAction":[{"@type":"SearchAction","target":{"@type":"EntryPoint","urlTemplate":"https:\/\/omnivion.net\/core\/fr\/?s={search_term_string}"},"query-input":{"@type":"PropertyValueSpecification","valueRequired":true,"valueName":"search_term_string"}}],"inLanguage":"fr-FR"}]}},"jetpack_sharing_enabled":true,"jetpack_shortlink":"https:\/\/wp.me\/P2fe7Q-At","jetpack_likes_enabled":true,"_links":{"self":[{"href":"https:\/\/omnivion.net\/core\/fr\/wp-json\/wp\/v2\/pages\/2261","targetHints":{"allow":["GET"]}}],"collection":[{"href":"https:\/\/omnivion.net\/core\/fr\/wp-json\/wp\/v2\/pages"}],"about":[{"href":"https:\/\/omnivion.net\/core\/fr\/wp-json\/wp\/v2\/types\/page"}],"author":[{"embeddable":true,"href":"https:\/\/omnivion.net\/core\/fr\/wp-json\/wp\/v2\/users\/1"}],"replies":[{"embeddable":true,"href":"https:\/\/omnivion.net\/core\/fr\/wp-json\/wp\/v2\/comments?post=2261"}],"version-history":[{"count":19,"href":"https:\/\/omnivion.net\/core\/fr\/wp-json\/wp\/v2\/pages\/2261\/revisions"}],"predecessor-version":[{"id":2310,"href":"https:\/\/omnivion.net\/core\/fr\/wp-json\/wp\/v2\/pages\/2261\/revisions\/2310"}],"up":[{"embeddable":true,"href":"https:\/\/omnivion.net\/core\/fr\/wp-json\/wp\/v2\/pages\/2099"}],"wp:attachment":[{"href":"https:\/\/omnivion.net\/core\/fr\/wp-json\/wp\/v2\/media?parent=2261"}],"curies":[{"name":"wp","href":"https:\/\/api.w.org\/{rel}","templated":true}]}}