{"id":2197,"date":"2017-04-04T22:37:35","date_gmt":"2017-04-04T21:37:35","guid":{"rendered":"http:\/\/omnivion.net\/core\/projets\/projets-artistiques\/newtopia-4\/newtopia-4-1-copy\/"},"modified":"2018-01-31T10:49:21","modified_gmt":"2018-01-31T09:49:21","slug":"newtopia-5-2","status":"publish","type":"page","link":"https:\/\/omnivion.net\/core\/fr\/projets\/projets-artistiques\/newtopia-5\/newtopia-5-2\/","title":{"rendered":"Newtopia 5.2 SOLAIRES"},"content":{"rendered":"<p><a href=\"http:\/\/omnivion.net\/core\/projets\/projets-artistiques\/newtopia-5\/newtopia-5-2\/2016-06-21_newtopia_4-1_rabiere_17b_web\/\" rel=\"attachment wp-att-2200\"><img data-recalc-dims=\"1\" loading=\"lazy\" decoding=\"async\" class=\"alignnone size-full wp-image-2200\" src=\"https:\/\/i0.wp.com\/omnivion.net\/core\/wp-content\/uploads\/2017\/04\/2016-06-21_Newtopia_4.1_Rabi%C3%A8re_17b_web.jpg?resize=800%2C455\" alt=\"\" width=\"800\" height=\"455\" srcset=\"https:\/\/i0.wp.com\/omnivion.net\/core\/wp-content\/uploads\/2017\/04\/2016-06-21_Newtopia_4.1_Rabi%C3%A8re_17b_web.jpg?w=800&amp;ssl=1 800w, https:\/\/i0.wp.com\/omnivion.net\/core\/wp-content\/uploads\/2017\/04\/2016-06-21_Newtopia_4.1_Rabi%C3%A8re_17b_web.jpg?resize=300%2C171&amp;ssl=1 300w, https:\/\/i0.wp.com\/omnivion.net\/core\/wp-content\/uploads\/2017\/04\/2016-06-21_Newtopia_4.1_Rabi%C3%A8re_17b_web.jpg?resize=768%2C437&amp;ssl=1 768w\" sizes=\"auto, (max-width: 800px) 100vw, 800px\" \/><\/a><\/p>\n<p>&nbsp;<\/p>\n<p><strong>SOLAIRES<\/strong> est le deuxi\u00e8me volet de <strong><a href=\"http:\/\/omnivion.net\/core\/projets\/projets-artistiques\/newtopia-5\/\">Newtopia 5 <\/a>\/\u00a0Danse et sant\u00e9 mentale, <\/strong>pr\u00e9sent\u00e9 dans le cadre de Mardi Pratiques du <a href=\"http:\/\/www.centresocialrabiere.fr\/\" target=\"_blank\" rel=\"noopener noreferrer\">Centre Social la Rabi\u00e8re<\/a>, le 13 juin 2017 \u00e0 14H. Un partage de notre univers chor\u00e9graphique avec des adh\u00e9rents du Centre Social et des habitants du quartier de la Rabi\u00e8re \u00e0 Jou\u00e9-l\u00e8s-Tours.<\/p>\n<p><span style=\"text-decoration: underline;\">Entr\u00e9e libre<\/span>.<\/p>\n<p><span style=\"text-decoration: underline;\"><strong>Programme :<br \/>\n<\/strong><\/span><strong><em><br \/>\n<\/em><\/strong>1.<strong>\u00a0Newtopia 4.2 teaser!<\/strong> par Julien Besse (<a href=\"https:\/\/vimeo.com\/205126191\">vid\u00e9o extrait du spectacle<\/a>).<\/p>\n<p>2.\u00a0<strong>Performance<\/strong> d&rsquo;improvisation avec Claire Guillaume et Dimitri Tsiapkinis.<\/p>\n<p>4. <strong>\u00c9changes<\/strong> avec le public.<\/p>\n<p><strong><em>\u00a0<\/em><\/strong><\/p>\n<p>&lt;&lt;&lt;&lt;&lt;&lt;&lt;&lt;&lt;&lt;&lt;&lt;&lt;&lt;&lt;&lt;&lt;&lt;&lt;&lt;&lt;&lt;&lt;&lt;&lt;&lt;&lt;&lt;&lt;&lt;&lt;&lt;&lt;&lt;&lt;&lt;&lt;&lt;&lt;&lt;&lt;&lt;&lt;&lt;&lt;&lt;&lt;&lt;&lt;&lt;&lt;&lt;&lt;&lt;&lt;&lt;&lt;&lt;&lt;&lt;&lt;&lt;&lt;&lt;&lt;&lt;&lt;&lt;&lt;&lt;&lt;<\/p>\n<p><strong>Partenaires et financeurs\u00a0: <\/strong><\/p>\n<p><strong><a href=\"http:\/\/www.culturecommunication.gouv.fr\/Regions\/Drac-Centre-Val-de-Loire\" target=\"_blank\" rel=\"noopener noreferrer\">DRAC Centre<\/a>, <a href=\"http:\/\/ars.centre.sante.fr\/\" target=\"_blank\" rel=\"noopener noreferrer\">ARS Centre<\/a>, <a href=\"https:\/\/transept37.fr\/\" target=\"_blank\" rel=\"noopener noreferrer\">Fonds de dotation Transept37<\/a>, <a href=\"http:\/\/www.chu-tours.fr\/\" target=\"_blank\" rel=\"noopener noreferrer\">CHRU de Tours<\/a>, <a href=\"http:\/\/lesarpentsdart.fr\/cms\/\" target=\"_blank\" rel=\"noopener noreferrer\">Arpents d\u2019Art<\/a>, <a href=\"http:\/\/www.tours.fr\/\">Ville de Tours<\/a>, <a href=\"http:\/\/centresocialrabiere.fr\/\" target=\"_blank\" rel=\"noopener noreferrer\">Centre Sociale la Rabi\u00e8re<\/a>.<\/strong><\/p>\n<p><a href=\"http:\/\/omnivion.net\/core\/projets\/projets-artistiques\/newtopia-5\/newtopia-5-2\/photo_log\/\" rel=\"attachment wp-att-2246\"><img data-recalc-dims=\"1\" loading=\"lazy\" decoding=\"async\" class=\"alignnone wp-image-2246\" src=\"https:\/\/i0.wp.com\/omnivion.net\/core\/wp-content\/uploads\/2017\/04\/photo_log-1024x576.jpg?resize=729%2C410\" alt=\"\" width=\"729\" height=\"410\" srcset=\"https:\/\/i0.wp.com\/omnivion.net\/core\/wp-content\/uploads\/2017\/04\/photo_log.jpg?resize=1024%2C576&amp;ssl=1 1024w, https:\/\/i0.wp.com\/omnivion.net\/core\/wp-content\/uploads\/2017\/04\/photo_log.jpg?resize=300%2C169&amp;ssl=1 300w, https:\/\/i0.wp.com\/omnivion.net\/core\/wp-content\/uploads\/2017\/04\/photo_log.jpg?resize=768%2C432&amp;ssl=1 768w, https:\/\/i0.wp.com\/omnivion.net\/core\/wp-content\/uploads\/2017\/04\/photo_log.jpg?w=1225&amp;ssl=1 1225w\" sizes=\"auto, (max-width: 729px) 100vw, 729px\" \/><\/a><\/p>\n<p>&lt;&lt;&lt;&lt;&lt;&lt;&lt;&lt;&lt;&lt;&lt;&lt;&lt;&lt;&lt;&lt;&lt;&lt;&lt;&lt;&lt;&lt;&lt;&lt;&lt;&lt;&lt;&lt;&lt;&lt;&lt;&lt;&lt;&lt;&lt;&lt;&lt;&lt;&lt;&lt;&lt;&lt;&lt;&lt;&lt;&lt;&lt;&lt;&lt;&lt;&lt;&lt;&lt;&lt;&lt;&lt;&lt;&lt;&lt;&lt;&lt;&lt;&lt;&lt;&lt;&lt;&lt;&lt;&lt;&lt;&lt;<\/p>\n<p>&nbsp;<\/p>\n<p>&nbsp;<\/p>\n<p><strong><em>\u00a0<\/em><\/strong><\/p>","protected":false},"excerpt":{"rendered":"<p>&nbsp; SOLAIRES est le deuxi\u00e8me volet de Newtopia 5 \/\u00a0Danse et sant\u00e9 mentale, [&hellip;]<\/p>\n","protected":false},"author":1,"featured_media":0,"parent":2099,"menu_order":0,"comment_status":"closed","ping_status":"closed","template":"","meta":{"jetpack_post_was_ever_published":false,"footnotes":""},"class_list":["post-2197","page","type-page","status-publish","hentry"],"yoast_head":"<!-- This site is optimized with the Yoast SEO plugin v26.8 - https:\/\/yoast.com\/product\/yoast-seo-wordpress\/ -->\n<title>Newtopia 5.2 SOLAIRES - omnivion.net<\/title>\n<meta name=\"robots\" content=\"index, follow, max-snippet:-1, max-image-preview:large, max-video-preview:-1\" \/>\n<link rel=\"canonical\" href=\"https:\/\/omnivion.net\/core\/fr\/projets\/projets-artistiques\/newtopia-5\/newtopia-5-2\/\" \/>\n<meta property=\"og:locale\" content=\"fr_FR\" \/>\n<meta property=\"og:type\" content=\"article\" \/>\n<meta property=\"og:title\" content=\"Newtopia 5.2 SOLAIRES - omnivion.net\" \/>\n<meta property=\"og:description\" content=\"&nbsp; SOLAIRES est le deuxi\u00e8me volet de Newtopia 5 \/\u00a0Danse et sant\u00e9 mentale, [&hellip;]\" \/>\n<meta property=\"og:url\" content=\"https:\/\/omnivion.net\/core\/fr\/projets\/projets-artistiques\/newtopia-5\/newtopia-5-2\/\" \/>\n<meta property=\"og:site_name\" content=\"omnivion.net\" \/>\n<meta property=\"article:modified_time\" content=\"2018-01-31T09:49:21+00:00\" \/>\n<meta property=\"og:image\" content=\"http:\/\/omnivion.net\/core\/wp-content\/uploads\/2017\/04\/photo_log-1024x576.jpg\" \/>\n<meta name=\"twitter:card\" content=\"summary_large_image\" \/>\n<meta name=\"twitter:label1\" content=\"Dur\u00e9e de lecture estim\u00e9e\" \/>\n\t<meta name=\"twitter:data1\" content=\"2 minutes\" \/>\n<script type=\"application\/ld+json\" class=\"yoast-schema-graph\">{\"@context\":\"https:\/\/schema.org\",\"@graph\":[{\"@type\":\"WebPage\",\"@id\":\"https:\/\/omnivion.net\/core\/fr\/projets\/projets-artistiques\/newtopia-5\/newtopia-5-2\/\",\"url\":\"https:\/\/omnivion.net\/core\/fr\/projets\/projets-artistiques\/newtopia-5\/newtopia-5-2\/\",\"name\":\"Newtopia 5.2 SOLAIRES - omnivion.net\",\"isPartOf\":{\"@id\":\"https:\/\/omnivion.net\/core\/fr\/#website\"},\"primaryImageOfPage\":{\"@id\":\"https:\/\/omnivion.net\/core\/fr\/projets\/projets-artistiques\/newtopia-5\/newtopia-5-2\/#primaryimage\"},\"image\":{\"@id\":\"https:\/\/omnivion.net\/core\/fr\/projets\/projets-artistiques\/newtopia-5\/newtopia-5-2\/#primaryimage\"},\"thumbnailUrl\":\"http:\/\/omnivion.net\/core\/wp-content\/uploads\/2017\/04\/photo_log-1024x576.jpg\",\"datePublished\":\"2017-04-04T21:37:35+00:00\",\"dateModified\":\"2018-01-31T09:49:21+00:00\",\"breadcrumb\":{\"@id\":\"https:\/\/omnivion.net\/core\/fr\/projets\/projets-artistiques\/newtopia-5\/newtopia-5-2\/#breadcrumb\"},\"inLanguage\":\"fr-FR\",\"potentialAction\":[{\"@type\":\"ReadAction\",\"target\":[\"https:\/\/omnivion.net\/core\/fr\/projets\/projets-artistiques\/newtopia-5\/newtopia-5-2\/\"]}]},{\"@type\":\"ImageObject\",\"inLanguage\":\"fr-FR\",\"@id\":\"https:\/\/omnivion.net\/core\/fr\/projets\/projets-artistiques\/newtopia-5\/newtopia-5-2\/#primaryimage\",\"url\":\"http:\/\/omnivion.net\/core\/wp-content\/uploads\/2017\/04\/photo_log-1024x576.jpg\",\"contentUrl\":\"http:\/\/omnivion.net\/core\/wp-content\/uploads\/2017\/04\/photo_log-1024x576.jpg\"},{\"@type\":\"BreadcrumbList\",\"@id\":\"https:\/\/omnivion.net\/core\/fr\/projets\/projets-artistiques\/newtopia-5\/newtopia-5-2\/#breadcrumb\",\"itemListElement\":[{\"@type\":\"ListItem\",\"position\":1,\"name\":\"Accueil\",\"item\":\"https:\/\/omnivion.net\/core\/en\/silverstorm\/\"},{\"@type\":\"ListItem\",\"position\":2,\"name\":\"Projets\",\"item\":\"https:\/\/omnivion.net\/core\/fr\/projets\/\"},{\"@type\":\"ListItem\",\"position\":3,\"name\":\"Projets Artistiques\",\"item\":\"https:\/\/omnivion.net\/core\/projets\/projets-artistiques\/\"},{\"@type\":\"ListItem\",\"position\":4,\"name\":\"Newtopia 5\",\"item\":\"https:\/\/omnivion.net\/core\/projets\/projets-artistiques\/newtopia-5\/\"},{\"@type\":\"ListItem\",\"position\":5,\"name\":\"Newtopia 5.2 SOLAIRES\"}]},{\"@type\":\"WebSite\",\"@id\":\"https:\/\/omnivion.net\/core\/fr\/#website\",\"url\":\"https:\/\/omnivion.net\/core\/fr\/\",\"name\":\"omnivion.net\",\"description\":\"...ARTS D&#039;\u00caTRE CORPS...\",\"potentialAction\":[{\"@type\":\"SearchAction\",\"target\":{\"@type\":\"EntryPoint\",\"urlTemplate\":\"https:\/\/omnivion.net\/core\/fr\/?s={search_term_string}\"},\"query-input\":{\"@type\":\"PropertyValueSpecification\",\"valueRequired\":true,\"valueName\":\"search_term_string\"}}],\"inLanguage\":\"fr-FR\"}]}<\/script>\n<!-- \/ Yoast SEO plugin. -->","yoast_head_json":{"title":"Newtopia 5.2 SOLAIRES - omnivion.net","robots":{"index":"index","follow":"follow","max-snippet":"max-snippet:-1","max-image-preview":"max-image-preview:large","max-video-preview":"max-video-preview:-1"},"canonical":"https:\/\/omnivion.net\/core\/fr\/projets\/projets-artistiques\/newtopia-5\/newtopia-5-2\/","og_locale":"fr_FR","og_type":"article","og_title":"Newtopia 5.2 SOLAIRES - omnivion.net","og_description":"&nbsp; SOLAIRES est le deuxi\u00e8me volet de Newtopia 5 \/\u00a0Danse et sant\u00e9 mentale, [&hellip;]","og_url":"https:\/\/omnivion.net\/core\/fr\/projets\/projets-artistiques\/newtopia-5\/newtopia-5-2\/","og_site_name":"omnivion.net","article_modified_time":"2018-01-31T09:49:21+00:00","og_image":[{"url":"http:\/\/omnivion.net\/core\/wp-content\/uploads\/2017\/04\/photo_log-1024x576.jpg","type":"","width":"","height":""}],"twitter_card":"summary_large_image","twitter_misc":{"Dur\u00e9e de lecture estim\u00e9e":"2 minutes"},"schema":{"@context":"https:\/\/schema.org","@graph":[{"@type":"WebPage","@id":"https:\/\/omnivion.net\/core\/fr\/projets\/projets-artistiques\/newtopia-5\/newtopia-5-2\/","url":"https:\/\/omnivion.net\/core\/fr\/projets\/projets-artistiques\/newtopia-5\/newtopia-5-2\/","name":"Newtopia 5.2 SOLAIRES - omnivion.net","isPartOf":{"@id":"https:\/\/omnivion.net\/core\/fr\/#website"},"primaryImageOfPage":{"@id":"https:\/\/omnivion.net\/core\/fr\/projets\/projets-artistiques\/newtopia-5\/newtopia-5-2\/#primaryimage"},"image":{"@id":"https:\/\/omnivion.net\/core\/fr\/projets\/projets-artistiques\/newtopia-5\/newtopia-5-2\/#primaryimage"},"thumbnailUrl":"http:\/\/omnivion.net\/core\/wp-content\/uploads\/2017\/04\/photo_log-1024x576.jpg","datePublished":"2017-04-04T21:37:35+00:00","dateModified":"2018-01-31T09:49:21+00:00","breadcrumb":{"@id":"https:\/\/omnivion.net\/core\/fr\/projets\/projets-artistiques\/newtopia-5\/newtopia-5-2\/#breadcrumb"},"inLanguage":"fr-FR","potentialAction":[{"@type":"ReadAction","target":["https:\/\/omnivion.net\/core\/fr\/projets\/projets-artistiques\/newtopia-5\/newtopia-5-2\/"]}]},{"@type":"ImageObject","inLanguage":"fr-FR","@id":"https:\/\/omnivion.net\/core\/fr\/projets\/projets-artistiques\/newtopia-5\/newtopia-5-2\/#primaryimage","url":"http:\/\/omnivion.net\/core\/wp-content\/uploads\/2017\/04\/photo_log-1024x576.jpg","contentUrl":"http:\/\/omnivion.net\/core\/wp-content\/uploads\/2017\/04\/photo_log-1024x576.jpg"},{"@type":"BreadcrumbList","@id":"https:\/\/omnivion.net\/core\/fr\/projets\/projets-artistiques\/newtopia-5\/newtopia-5-2\/#breadcrumb","itemListElement":[{"@type":"ListItem","position":1,"name":"Accueil","item":"https:\/\/omnivion.net\/core\/en\/silverstorm\/"},{"@type":"ListItem","position":2,"name":"Projets","item":"https:\/\/omnivion.net\/core\/fr\/projets\/"},{"@type":"ListItem","position":3,"name":"Projets Artistiques","item":"https:\/\/omnivion.net\/core\/projets\/projets-artistiques\/"},{"@type":"ListItem","position":4,"name":"Newtopia 5","item":"https:\/\/omnivion.net\/core\/projets\/projets-artistiques\/newtopia-5\/"},{"@type":"ListItem","position":5,"name":"Newtopia 5.2 SOLAIRES"}]},{"@type":"WebSite","@id":"https:\/\/omnivion.net\/core\/fr\/#website","url":"https:\/\/omnivion.net\/core\/fr\/","name":"omnivion.net","description":"...ARTS D&#039;\u00caTRE CORPS...","potentialAction":[{"@type":"SearchAction","target":{"@type":"EntryPoint","urlTemplate":"https:\/\/omnivion.net\/core\/fr\/?s={search_term_string}"},"query-input":{"@type":"PropertyValueSpecification","valueRequired":true,"valueName":"search_term_string"}}],"inLanguage":"fr-FR"}]}},"jetpack_sharing_enabled":true,"jetpack_shortlink":"https:\/\/wp.me\/P2fe7Q-zr","jetpack_likes_enabled":true,"_links":{"self":[{"href":"https:\/\/omnivion.net\/core\/fr\/wp-json\/wp\/v2\/pages\/2197","targetHints":{"allow":["GET"]}}],"collection":[{"href":"https:\/\/omnivion.net\/core\/fr\/wp-json\/wp\/v2\/pages"}],"about":[{"href":"https:\/\/omnivion.net\/core\/fr\/wp-json\/wp\/v2\/types\/page"}],"author":[{"embeddable":true,"href":"https:\/\/omnivion.net\/core\/fr\/wp-json\/wp\/v2\/users\/1"}],"replies":[{"embeddable":true,"href":"https:\/\/omnivion.net\/core\/fr\/wp-json\/wp\/v2\/comments?post=2197"}],"version-history":[{"count":10,"href":"https:\/\/omnivion.net\/core\/fr\/wp-json\/wp\/v2\/pages\/2197\/revisions"}],"predecessor-version":[{"id":2625,"href":"https:\/\/omnivion.net\/core\/fr\/wp-json\/wp\/v2\/pages\/2197\/revisions\/2625"}],"up":[{"embeddable":true,"href":"https:\/\/omnivion.net\/core\/fr\/wp-json\/wp\/v2\/pages\/2099"}],"wp:attachment":[{"href":"https:\/\/omnivion.net\/core\/fr\/wp-json\/wp\/v2\/media?parent=2197"}],"curies":[{"name":"wp","href":"https:\/\/api.w.org\/{rel}","templated":true}]}}