{"id":2140,"date":"2017-03-23T21:21:46","date_gmt":"2017-03-23T20:21:46","guid":{"rendered":"http:\/\/omnivion.net\/core\/projets\/projets-artistiques\/newtopia-4\/newtopia-4-1-copy\/"},"modified":"2017-05-27T10:08:03","modified_gmt":"2017-05-27T09:08:03","slug":"newtopia-5-1","status":"publish","type":"page","link":"https:\/\/omnivion.net\/core\/fr\/projets\/projets-artistiques\/newtopia-5\/newtopia-5-1\/","title":{"rendered":"Newtopia 5.1"},"content":{"rendered":"<p><div id=\"attachment_2143\" style=\"width: 810px\" class=\"wp-caption alignnone\"><a href=\"http:\/\/omnivion.net\/core\/projets\/projets-artistiques\/newtopia-5\/newtopia-5-1\/vinoth-chandar_the-lonely-walk_cc-by-2-0_edit_web\/\" rel=\"attachment wp-att-2143\"><img data-recalc-dims=\"1\" loading=\"lazy\" decoding=\"async\" aria-describedby=\"caption-attachment-2143\" class=\"size-full wp-image-2143\" src=\"https:\/\/i0.wp.com\/omnivion.net\/core\/wp-content\/uploads\/2017\/03\/Vinoth-Chandar_The-lonely-walk_CC-BY-2.0_edit_web.jpg?resize=800%2C349\" alt=\"\" width=\"800\" height=\"349\" srcset=\"https:\/\/i0.wp.com\/omnivion.net\/core\/wp-content\/uploads\/2017\/03\/Vinoth-Chandar_The-lonely-walk_CC-BY-2.0_edit_web.jpg?w=800&amp;ssl=1 800w, https:\/\/i0.wp.com\/omnivion.net\/core\/wp-content\/uploads\/2017\/03\/Vinoth-Chandar_The-lonely-walk_CC-BY-2.0_edit_web.jpg?resize=300%2C131&amp;ssl=1 300w, https:\/\/i0.wp.com\/omnivion.net\/core\/wp-content\/uploads\/2017\/03\/Vinoth-Chandar_The-lonely-walk_CC-BY-2.0_edit_web.jpg?resize=768%2C335&amp;ssl=1 768w\" sizes=\"auto, (max-width: 800px) 100vw, 800px\" \/><\/a><p id=\"caption-attachment-2143\" class=\"wp-caption-text\">Photo by Vinoth Chandar_The lonely walk_(CC BY 2.0)_[edit]<\/p><\/div><\/p>\n<h2>Errances chor\u00e9graphiques<\/h2>\n<p><strong>Une nouvelle vague de propositions artistiques sur la th\u00e9matique danse, arts et sant\u00e9 mentale.\u00a0<\/strong><strong>5.1<\/strong> a \u00e9t\u00e9 la premi\u00e8re action\u00a0de <strong><a href=\"http:\/\/omnivion.net\/core\/projets\/projets-artistiques\/newtopia-5\/\">Newtopia 5<\/a>, <\/strong>en collaboration avec <strong><a href=\"https:\/\/www.facebook.com\/psysansfrontieres\/\" target=\"_blank\" rel=\"noopener noreferrer\">Psy sans fronti\u00e8res<\/a> <\/strong><strong>et <\/strong><strong>l&rsquo;<a href=\"http:\/\/www.asso-hebe.fr\/\" target=\"_blank\" rel=\"noopener noreferrer\">association H\u00e9b\u00e9<\/a>,\u00a0<\/strong>dans le cadre du colloque <strong>DE L\u2019ERRANCE AUX ERRANTS<\/strong> :<\/p>\n<p style=\"text-align: center;\"><strong>le vendredi 19 mai 2017 \u00e0 14H,\u00a0\u00e0 l&rsquo;IRFSS Croix Rouge Centre Val de Loire, 6 Avenue Alexandre Minkowski, 37170 Chambray Les Tours<\/strong><\/p>\n<p><strong><u>Informations et inscriptions<\/u><\/strong>\u00a0<strong>: <a href=\"mailto:hebe.colloque@gmail.com\">hebe.colloque@gmail.com<\/a> \u00a0\/ <a href=\"http:\/\/www.asso-hebe.fr\">www.asso-hebe.fr<\/a> <\/strong><\/p>\n<p>Tarifs : 25\u20ac \/ 50\u20ac \/ 100\u20ac<br \/>\n(Pas d\u2019inscription ni de paiement sur place;\u00a0Le paiement valide l\u2019inscription.)<\/p>\n<p><span style=\"text-decoration: underline;\"><strong>A propos:\u00a0<\/strong><\/span><\/p>\n<p>Le projet artistique <strong><em>Newtopia<\/em><\/strong> &#8211; pour une 5<sup>\u00e8me<\/sup> ann\u00e9e cons\u00e9cutive &#8211; est pour <strong>l\u2019Association Omnivion<\/strong> et ses partenaires, un puissant facteur de rassemblement, de coop\u00e9ration et de valorisation. Une s\u00e9rie d\u2019\u00e9v\u00e9nements chor\u00e9graphiques r\u00e9alis\u00e9s \u00e0 travers <strong>une collaboration entre amateurs et professionnels en lien avec le CHRU de Tours (service psychiatrie) C&rsquo;est un ensemble des formes esth\u00e9tiques\u00a0<\/strong><strong>qui promeuvent une r\u00e9ciprocit\u00e9 sensible\u00a0et des interrogations sur le\u00a0vivre ensemble.<\/strong><\/p>\n<p>5 ans sont pass\u00e9s d\u00e9j\u00e0 depuis les premi\u00e8res tentatives de l\u2019\u00e9quipe d\u2019Omnivion de po\u00e9tiser la\u00a0<em>folie<\/em>, d\u2019interroger nos a priori sur les <em>normalit\u00e9s<\/em> expressives et cr\u00e9atives. Comme\u00a0Newtopia 5 est ax\u00e9 sur la diffusion des propositions artistiques pass\u00e9s, nous avons accept\u00e9 avec grand plaisir l&rsquo;invitation de nos partenaires H\u00e9b\u00e9 et Psy sans Fronti\u00e8res.<\/p>\n<p>\/\/\/\/\/\/\/\/\/\/\/\/\/\/\/\/\/\/\/\/\/\/\/\/\/\/\/\/\/\/\/\/\/\/\/\/\/\/\/\/\/\/\/\/\/\/\/\/\/\/\/\/\/\/\/\/\/\/\/\/\/\/\/\/\/\/\/\/\/\/\/\/\/\/\/\/\/\/\/\/\/\/\/\/\/\/\/\/\/\/\/\/\/\/<\/p>\n<p><span style=\"text-decoration: underline;\"><strong>Programme :<\/strong><\/span><\/p>\n<ol>\n<li><strong><em>Forme -D\u00e9(sin)forme [Extraits]<\/em><\/strong><\/li>\n<\/ol>\n<p><strong><em>Conception \/ direction<\/em><\/strong><em> : Dimitri Tsiapkinis,\u00a0<strong>Assistante \u00e0 la chor\u00e9graphie\u00a0:<\/strong> Ahlam Ettamri,\u00a0<\/em><strong><em>Co-auteurs &#8211; Interpr\u00e8tes<\/em><\/strong><em>\u00a0: Emilie Coud\u00e8re, Bruno Morin, Rosa Pires de Matos, Keely Sigot, Dimitri Tsiapkinis \/ <strong>Musique<\/strong> :\u00a0Keely Sigot \/ <\/em><strong><em>Dur\u00e9e\u00a0<\/em><\/strong><em>: ~ 15 min<\/em><\/p>\n<p><strong>Concept g\u00e9n\u00e9ral\u00a0: <\/strong>Extraits de la derni\u00e8re performance<strong>\u00a0<\/strong>de l\u2019\u00e9quipe d&rsquo;Omnivion, une\u00a0<em>\u00e9criture de plateau<\/em>\u00a0, dans le contexte de Newtopia \/ danse et sant\u00e9 mentale. Le sc\u00e9nario se construit avec la participation active des interpr\u00e8tes et ce pendant les r\u00e9p\u00e9titions. Depuis sa premi\u00e8re cr\u00e9ation Ex-Gudrun (1992), Dimitri Tsiapkinis cherche \u00e0 sublimer l\u2019exp\u00e9rience intime de l\u2019interpr\u00e8te et la transformer en \u00ab\u00a0objet esth\u00e9tique\u00a0\u00bb, tout en la mettant en lien avec l\u2019actualit\u00e9 socio-politique. Dans le cadre sp\u00e9cifique du colloque, on interrogera le potentiel de r\u00e9silience qu&rsquo;apporte la danse au sujet souffrant.<\/p>\n<p>&nbsp;<\/p>\n<ol start=\"2\">\n<li><strong><em>Conf\u00e9rence\u00a0: errances chor\u00e9graphiques et sant\u00e9 mentale<\/em><\/strong><\/li>\n<\/ol>\n<p><strong><em>Conf\u00e9rencier :<\/em><\/strong><em> Dimitri Tsiapkinis\u00a0<\/em><em>\/ <strong>Dur\u00e9e<\/strong> : ~ 30min<\/em><\/p>\n<p>Dans la lign\u00e9e de <strong><em><a href=\"https:\/\/omnivion.net\/core\/fr\/projets\/projets-artistiques\/newtopia-2-0\/newtopia-2-2-0\/\">Newtopia 2<\/a><\/em><\/strong> (2014), <strong><em><a href=\"https:\/\/omnivion.net\/core\/fr\/projets\/projets-artistiques\/newtopia-3\/\">Newtopia 3<\/a><\/em><\/strong> (2015) et <strong><em><a href=\"https:\/\/omnivion.net\/core\/fr\/projets\/projets-artistiques\/newtopia-4\/\">Newtopia 4<\/a><\/em><\/strong> (2016) centr\u00e9es sur la sant\u00e9 mentale, l\u2019\u00e9quipe de l\u2019association Omnivion continue les interrogations esth\u00e9tiques et philosophiques sur la folie, avec divers partenaires en Touraine, \u00e0 Orl\u00e9ans et en Bretagne. Elle r\u00e9alise des exp\u00e9riences dans les services de Psychiatrie du CHRU de Tours et des performances dans des lieux publics. Qu\u2019est-ce qu\u2019<em>errance<\/em> en danse contemporaine\u00a0? Est-ce une expression po\u00e9tique pour d\u00e9crire un processus de <em>cr\u00e9ation de soi<\/em>\u00a0? Est-ce une posture dramaturgique qui permet au chaos de ressourcer nos moyens expressifs et de potentialiser nos choix d&rsquo;action?<\/p>\n<p>Dans cette conf\u00e9rence Dimitri Tsiapkinis abordera ces questions, en faisant r\u00e9f\u00e9rence \u00e0 son travail de recherche Master 2, intitul\u00e9 \u00ab\u00a0Pertinence d\u2019un atelier de danse contemporaine en milieu psychiatrique\u00a0\u00bb (Universit\u00e9 Fernando Pessoa, Porto \/ Portugal 2015). Lien de t\u00e9l\u00e9chargement\u00a0: <a href=\"http:\/\/bdigital.ufp.pt\/handle\/10284\/4645\">http:\/\/bdigital.ufp.pt\/handle\/10284\/4645<br \/>\n<\/a><\/p>\n<p>&nbsp;<\/p>\n<p><strong>3. Echanges avec le public.<\/strong><\/p>\n<p>&nbsp;<\/p>\n<p><strong>Le <em>Conf\u00e9rencier <\/em>\/ directeur du projet Newtopia\u00a0:<\/strong><\/p>\n<p>Dipl\u00f4m\u00e9 de <strong>l\u2019Universit\u00e9 de la Caroline du Nord <\/strong>\/ \u00c9cole des Arts du Spectacle (U.S.A.) et de <strong>l\u2019Universit\u00e9 Fernando Pessoa <\/strong>(Portugal),<strong> <a href=\"http:\/\/www.omnivion.net\/core\/team\/dimitrios-tsiapkinis\/\">Dimitri Tsiapkinis<\/a><\/strong> a dans\u00e9 entre autres dans la troupe de <strong>Bernardo Montet<\/strong> pendant 20 ans (CCNRB, Mawguerite &amp; CCNT). En Gr\u00e8ce, il fonde avec des amies <strong><a href=\"http:\/\/omnivion.net\/xsoma.net\/\">xsoma<\/a><\/strong> un collectif qui a r\u00e9alis\u00e9 plusieurs performances et cr\u00e9ations entre 2002 et 2009. En 2003, il est nomm\u00e9<strong> danseur de l\u2019ann\u00e9e en Gr\u00e8ce<\/strong> dans le magazine allemand <em>Tanz\/Jahrbuch<\/em>. Il a donn\u00e9 des stages &amp; master classes dans plusieurs missions internationales, en m\u00ealant danse et pratiques somatiques <strong>(<em>P\u00e9dagogie perceptive\/Danis Bois<\/em>).<\/strong> Depuis sa premi\u00e8re cr\u00e9ation \u00e0 Berlin en 1992, il d\u00e9veloppe une <strong>pratique de la danse contemporaine centr\u00e9e sur la psychologie de l\u2019individu et son potentiel de transformation<\/strong>, de lui-m\u00eame et de son environnement. N\u00e9anmoins, cette perspective \u00e9volue pour inclure les nouvelles connaissances de la P\u00e9dagogie Perceptive. Ainsi, outre ces <strong>exp\u00e9rimentations\u00a0artistiques centr\u00e9es sur l&rsquo;unit\u00e9<\/strong> <strong>psych\u00e9-corps sensible<\/strong>,\u00a0il cr\u00e9e des exp\u00e9riences dans les services de Psychiatrie du CHRU de Tours (depuis 2011). Co-fondateur de l\u2019association Omnivion, il pr\u00e9sente, avec elle, entre 2011-2014, plusieurs\u00a0spectacles de danse associant professionnels, amateurs, \u00e9quipes de soignants et patients. En parall\u00e8le, il continue sa collaboration avec Bernardo Montet au sein de l\u2019association Mawguerite (Morlaix). Plus d\u2019info :<strong> <a href=\"https:\/\/omnivion.net\/core\/fr\/team\/dimitrios-tsiapkinis\/\">Dimitri (CV)<\/a><\/strong><\/p>\n<p>&nbsp;<\/p>\n<p>&lt;&lt;&lt;&lt;&lt;&lt;&lt;&lt;&lt;&lt;&lt;&lt;&lt;&lt;&lt;&lt;&lt;&lt;&lt;&lt;&lt;&lt;&lt;&lt;&lt;&lt;&lt;&lt;&lt;&lt;&lt;&lt;&lt;&lt;&lt;&lt;&lt;&lt;&lt;&lt;&lt;&lt;&lt;&lt;&lt;&lt;&lt;&lt;&lt;&lt;&lt;&lt;&lt;&lt;&lt;&lt;&lt;&lt;&lt;&lt;&lt;&lt;&lt;&lt;&lt;&lt;&lt;&lt;&lt;&lt;&lt;<\/p>\n<p><strong>Partenaires et financeurs\u00a0: <\/strong><\/p>\n<p><strong><a href=\"http:\/\/www.culturecommunication.gouv.fr\/Regions\/Drac-Centre-Val-de-Loire\" target=\"_blank\" rel=\"noopener noreferrer\">DRAC Centre<\/a>, <a href=\"http:\/\/ars.centre.sante.fr\/\" target=\"_blank\" rel=\"noopener noreferrer\">ARS Centre<\/a>, <a href=\"https:\/\/transept37.fr\/\" target=\"_blank\" rel=\"noopener noreferrer\">Fonds de dotation Transept37<\/a>, <a href=\"http:\/\/www.chu-tours.fr\/\" target=\"_blank\" rel=\"noopener noreferrer\">CHRU de Tours<\/a>, <a href=\"http:\/\/lesarpentsdart.fr\/cms\/\" target=\"_blank\" rel=\"noopener noreferrer\">Arpents d\u2019Art<\/a>,\u00a0<a href=\"http:\/\/www.asso-hebe.fr\" target=\"_blank\" rel=\"noopener noreferrer\">association H\u00e9b\u00e9<\/a>, <a href=\"https:\/\/www.facebook.com\/psysansfrontieres\/\" target=\"_blank\" rel=\"noopener noreferrer\">Psy sans fronti\u00e8res<\/a>, <a href=\"http:\/\/centresocialrabiere.fr\/\" target=\"_blank\" rel=\"noopener noreferrer\">Centre Sociale la Rabi\u00e8re<\/a>.<\/strong><\/p>\n<p><a href=\"http:\/\/omnivion.net\/core\/projets\/projets-artistiques\/newtopia-5\/logos3\/\" rel=\"attachment wp-att-2239\"><img data-recalc-dims=\"1\" loading=\"lazy\" decoding=\"async\" class=\"alignnone wp-image-2239\" src=\"https:\/\/i0.wp.com\/omnivion.net\/core\/wp-content\/uploads\/2017\/03\/logos3-1024x538.jpg?resize=720%2C378\" alt=\"\" width=\"720\" height=\"378\" srcset=\"https:\/\/i0.wp.com\/omnivion.net\/core\/wp-content\/uploads\/2017\/03\/logos3.jpg?resize=1024%2C538&amp;ssl=1 1024w, https:\/\/i0.wp.com\/omnivion.net\/core\/wp-content\/uploads\/2017\/03\/logos3.jpg?resize=300%2C158&amp;ssl=1 300w, https:\/\/i0.wp.com\/omnivion.net\/core\/wp-content\/uploads\/2017\/03\/logos3.jpg?resize=768%2C404&amp;ssl=1 768w, https:\/\/i0.wp.com\/omnivion.net\/core\/wp-content\/uploads\/2017\/03\/logos3.jpg?w=1360&amp;ssl=1 1360w\" sizes=\"auto, (max-width: 720px) 100vw, 720px\" \/><\/a><\/p>\n<p>&lt;&lt;&lt;&lt;&lt;&lt;&lt;&lt;&lt;&lt;&lt;&lt;&lt;&lt;&lt;&lt;&lt;&lt;&lt;&lt;&lt;&lt;&lt;&lt;&lt;&lt;&lt;&lt;&lt;&lt;&lt;&lt;&lt;&lt;&lt;&lt;&lt;&lt;&lt;&lt;&lt;&lt;&lt;&lt;&lt;&lt;&lt;&lt;&lt;&lt;&lt;&lt;&lt;&lt;&lt;&lt;&lt;&lt;&lt;&lt;&lt;&lt;&lt;&lt;&lt;&lt;&lt;&lt;&lt;&lt;&lt;<\/p>\n<p>&nbsp;<\/p>\n<p>&nbsp;<\/p>\n<p><strong><em>\u00a0<\/em><\/strong><\/p>","protected":false},"excerpt":{"rendered":"<p>Errances chor\u00e9graphiques Une nouvelle vague de propositions artistiques sur la th\u00e9matique danse, arts [&hellip;]<\/p>\n","protected":false},"author":1,"featured_media":0,"parent":2099,"menu_order":0,"comment_status":"closed","ping_status":"closed","template":"","meta":{"jetpack_post_was_ever_published":false,"footnotes":""},"class_list":["post-2140","page","type-page","status-publish","hentry"],"yoast_head":"<!-- This site is optimized with the Yoast SEO plugin v26.8 - https:\/\/yoast.com\/product\/yoast-seo-wordpress\/ -->\n<title>Newtopia 5.1 - omnivion.net<\/title>\n<meta name=\"robots\" content=\"index, follow, max-snippet:-1, max-image-preview:large, max-video-preview:-1\" \/>\n<link rel=\"canonical\" href=\"https:\/\/omnivion.net\/core\/fr\/projets\/projets-artistiques\/newtopia-5\/newtopia-5-1\/\" \/>\n<meta property=\"og:locale\" content=\"fr_FR\" \/>\n<meta property=\"og:type\" content=\"article\" \/>\n<meta property=\"og:title\" content=\"Newtopia 5.1 - omnivion.net\" \/>\n<meta property=\"og:description\" content=\"Errances chor\u00e9graphiques Une nouvelle vague de propositions artistiques sur la th\u00e9matique danse, arts [&hellip;]\" \/>\n<meta property=\"og:url\" content=\"https:\/\/omnivion.net\/core\/fr\/projets\/projets-artistiques\/newtopia-5\/newtopia-5-1\/\" \/>\n<meta property=\"og:site_name\" content=\"omnivion.net\" \/>\n<meta property=\"article:modified_time\" content=\"2017-05-27T09:08:03+00:00\" \/>\n<meta property=\"og:image\" content=\"http:\/\/omnivion.net\/core\/wp-content\/uploads\/2017\/03\/Vinoth-Chandar_The-lonely-walk_CC-BY-2.0_edit_web.jpg\" \/>\n<meta name=\"twitter:card\" content=\"summary_large_image\" \/>\n<meta name=\"twitter:label1\" content=\"Dur\u00e9e de lecture estim\u00e9e\" \/>\n\t<meta name=\"twitter:data1\" content=\"10 minutes\" \/>\n<script type=\"application\/ld+json\" class=\"yoast-schema-graph\">{\"@context\":\"https:\/\/schema.org\",\"@graph\":[{\"@type\":\"WebPage\",\"@id\":\"https:\/\/omnivion.net\/core\/fr\/projets\/projets-artistiques\/newtopia-5\/newtopia-5-1\/\",\"url\":\"https:\/\/omnivion.net\/core\/fr\/projets\/projets-artistiques\/newtopia-5\/newtopia-5-1\/\",\"name\":\"Newtopia 5.1 - omnivion.net\",\"isPartOf\":{\"@id\":\"https:\/\/omnivion.net\/core\/fr\/#website\"},\"primaryImageOfPage\":{\"@id\":\"https:\/\/omnivion.net\/core\/fr\/projets\/projets-artistiques\/newtopia-5\/newtopia-5-1\/#primaryimage\"},\"image\":{\"@id\":\"https:\/\/omnivion.net\/core\/fr\/projets\/projets-artistiques\/newtopia-5\/newtopia-5-1\/#primaryimage\"},\"thumbnailUrl\":\"http:\/\/omnivion.net\/core\/wp-content\/uploads\/2017\/03\/Vinoth-Chandar_The-lonely-walk_CC-BY-2.0_edit_web.jpg\",\"datePublished\":\"2017-03-23T20:21:46+00:00\",\"dateModified\":\"2017-05-27T09:08:03+00:00\",\"breadcrumb\":{\"@id\":\"https:\/\/omnivion.net\/core\/fr\/projets\/projets-artistiques\/newtopia-5\/newtopia-5-1\/#breadcrumb\"},\"inLanguage\":\"fr-FR\",\"potentialAction\":[{\"@type\":\"ReadAction\",\"target\":[\"https:\/\/omnivion.net\/core\/fr\/projets\/projets-artistiques\/newtopia-5\/newtopia-5-1\/\"]}]},{\"@type\":\"ImageObject\",\"inLanguage\":\"fr-FR\",\"@id\":\"https:\/\/omnivion.net\/core\/fr\/projets\/projets-artistiques\/newtopia-5\/newtopia-5-1\/#primaryimage\",\"url\":\"http:\/\/omnivion.net\/core\/wp-content\/uploads\/2017\/03\/Vinoth-Chandar_The-lonely-walk_CC-BY-2.0_edit_web.jpg\",\"contentUrl\":\"http:\/\/omnivion.net\/core\/wp-content\/uploads\/2017\/03\/Vinoth-Chandar_The-lonely-walk_CC-BY-2.0_edit_web.jpg\"},{\"@type\":\"BreadcrumbList\",\"@id\":\"https:\/\/omnivion.net\/core\/fr\/projets\/projets-artistiques\/newtopia-5\/newtopia-5-1\/#breadcrumb\",\"itemListElement\":[{\"@type\":\"ListItem\",\"position\":1,\"name\":\"Accueil\",\"item\":\"https:\/\/omnivion.net\/core\/en\/silverstorm\/\"},{\"@type\":\"ListItem\",\"position\":2,\"name\":\"Projets\",\"item\":\"https:\/\/omnivion.net\/core\/fr\/projets\/\"},{\"@type\":\"ListItem\",\"position\":3,\"name\":\"Projets Artistiques\",\"item\":\"https:\/\/omnivion.net\/core\/projets\/projets-artistiques\/\"},{\"@type\":\"ListItem\",\"position\":4,\"name\":\"Newtopia 5\",\"item\":\"https:\/\/omnivion.net\/core\/projets\/projets-artistiques\/newtopia-5\/\"},{\"@type\":\"ListItem\",\"position\":5,\"name\":\"Newtopia 5.1\"}]},{\"@type\":\"WebSite\",\"@id\":\"https:\/\/omnivion.net\/core\/fr\/#website\",\"url\":\"https:\/\/omnivion.net\/core\/fr\/\",\"name\":\"omnivion.net\",\"description\":\"...ARTS D&#039;\u00caTRE CORPS...\",\"potentialAction\":[{\"@type\":\"SearchAction\",\"target\":{\"@type\":\"EntryPoint\",\"urlTemplate\":\"https:\/\/omnivion.net\/core\/fr\/?s={search_term_string}\"},\"query-input\":{\"@type\":\"PropertyValueSpecification\",\"valueRequired\":true,\"valueName\":\"search_term_string\"}}],\"inLanguage\":\"fr-FR\"}]}<\/script>\n<!-- \/ Yoast SEO plugin. -->","yoast_head_json":{"title":"Newtopia 5.1 - omnivion.net","robots":{"index":"index","follow":"follow","max-snippet":"max-snippet:-1","max-image-preview":"max-image-preview:large","max-video-preview":"max-video-preview:-1"},"canonical":"https:\/\/omnivion.net\/core\/fr\/projets\/projets-artistiques\/newtopia-5\/newtopia-5-1\/","og_locale":"fr_FR","og_type":"article","og_title":"Newtopia 5.1 - omnivion.net","og_description":"Errances chor\u00e9graphiques Une nouvelle vague de propositions artistiques sur la th\u00e9matique danse, arts [&hellip;]","og_url":"https:\/\/omnivion.net\/core\/fr\/projets\/projets-artistiques\/newtopia-5\/newtopia-5-1\/","og_site_name":"omnivion.net","article_modified_time":"2017-05-27T09:08:03+00:00","og_image":[{"url":"http:\/\/omnivion.net\/core\/wp-content\/uploads\/2017\/03\/Vinoth-Chandar_The-lonely-walk_CC-BY-2.0_edit_web.jpg","type":"","width":"","height":""}],"twitter_card":"summary_large_image","twitter_misc":{"Dur\u00e9e de lecture estim\u00e9e":"10 minutes"},"schema":{"@context":"https:\/\/schema.org","@graph":[{"@type":"WebPage","@id":"https:\/\/omnivion.net\/core\/fr\/projets\/projets-artistiques\/newtopia-5\/newtopia-5-1\/","url":"https:\/\/omnivion.net\/core\/fr\/projets\/projets-artistiques\/newtopia-5\/newtopia-5-1\/","name":"Newtopia 5.1 - omnivion.net","isPartOf":{"@id":"https:\/\/omnivion.net\/core\/fr\/#website"},"primaryImageOfPage":{"@id":"https:\/\/omnivion.net\/core\/fr\/projets\/projets-artistiques\/newtopia-5\/newtopia-5-1\/#primaryimage"},"image":{"@id":"https:\/\/omnivion.net\/core\/fr\/projets\/projets-artistiques\/newtopia-5\/newtopia-5-1\/#primaryimage"},"thumbnailUrl":"http:\/\/omnivion.net\/core\/wp-content\/uploads\/2017\/03\/Vinoth-Chandar_The-lonely-walk_CC-BY-2.0_edit_web.jpg","datePublished":"2017-03-23T20:21:46+00:00","dateModified":"2017-05-27T09:08:03+00:00","breadcrumb":{"@id":"https:\/\/omnivion.net\/core\/fr\/projets\/projets-artistiques\/newtopia-5\/newtopia-5-1\/#breadcrumb"},"inLanguage":"fr-FR","potentialAction":[{"@type":"ReadAction","target":["https:\/\/omnivion.net\/core\/fr\/projets\/projets-artistiques\/newtopia-5\/newtopia-5-1\/"]}]},{"@type":"ImageObject","inLanguage":"fr-FR","@id":"https:\/\/omnivion.net\/core\/fr\/projets\/projets-artistiques\/newtopia-5\/newtopia-5-1\/#primaryimage","url":"http:\/\/omnivion.net\/core\/wp-content\/uploads\/2017\/03\/Vinoth-Chandar_The-lonely-walk_CC-BY-2.0_edit_web.jpg","contentUrl":"http:\/\/omnivion.net\/core\/wp-content\/uploads\/2017\/03\/Vinoth-Chandar_The-lonely-walk_CC-BY-2.0_edit_web.jpg"},{"@type":"BreadcrumbList","@id":"https:\/\/omnivion.net\/core\/fr\/projets\/projets-artistiques\/newtopia-5\/newtopia-5-1\/#breadcrumb","itemListElement":[{"@type":"ListItem","position":1,"name":"Accueil","item":"https:\/\/omnivion.net\/core\/en\/silverstorm\/"},{"@type":"ListItem","position":2,"name":"Projets","item":"https:\/\/omnivion.net\/core\/fr\/projets\/"},{"@type":"ListItem","position":3,"name":"Projets Artistiques","item":"https:\/\/omnivion.net\/core\/projets\/projets-artistiques\/"},{"@type":"ListItem","position":4,"name":"Newtopia 5","item":"https:\/\/omnivion.net\/core\/projets\/projets-artistiques\/newtopia-5\/"},{"@type":"ListItem","position":5,"name":"Newtopia 5.1"}]},{"@type":"WebSite","@id":"https:\/\/omnivion.net\/core\/fr\/#website","url":"https:\/\/omnivion.net\/core\/fr\/","name":"omnivion.net","description":"...ARTS D&#039;\u00caTRE CORPS...","potentialAction":[{"@type":"SearchAction","target":{"@type":"EntryPoint","urlTemplate":"https:\/\/omnivion.net\/core\/fr\/?s={search_term_string}"},"query-input":{"@type":"PropertyValueSpecification","valueRequired":true,"valueName":"search_term_string"}}],"inLanguage":"fr-FR"}]}},"jetpack_sharing_enabled":true,"jetpack_shortlink":"https:\/\/wp.me\/P2fe7Q-yw","jetpack_likes_enabled":true,"_links":{"self":[{"href":"https:\/\/omnivion.net\/core\/fr\/wp-json\/wp\/v2\/pages\/2140","targetHints":{"allow":["GET"]}}],"collection":[{"href":"https:\/\/omnivion.net\/core\/fr\/wp-json\/wp\/v2\/pages"}],"about":[{"href":"https:\/\/omnivion.net\/core\/fr\/wp-json\/wp\/v2\/types\/page"}],"author":[{"embeddable":true,"href":"https:\/\/omnivion.net\/core\/fr\/wp-json\/wp\/v2\/users\/1"}],"replies":[{"embeddable":true,"href":"https:\/\/omnivion.net\/core\/fr\/wp-json\/wp\/v2\/comments?post=2140"}],"version-history":[{"count":25,"href":"https:\/\/omnivion.net\/core\/fr\/wp-json\/wp\/v2\/pages\/2140\/revisions"}],"predecessor-version":[{"id":2260,"href":"https:\/\/omnivion.net\/core\/fr\/wp-json\/wp\/v2\/pages\/2140\/revisions\/2260"}],"up":[{"embeddable":true,"href":"https:\/\/omnivion.net\/core\/fr\/wp-json\/wp\/v2\/pages\/2099"}],"wp:attachment":[{"href":"https:\/\/omnivion.net\/core\/fr\/wp-json\/wp\/v2\/media?parent=2140"}],"curies":[{"name":"wp","href":"https:\/\/api.w.org\/{rel}","templated":true}]}}