{"id":2099,"date":"2017-03-08T11:29:49","date_gmt":"2017-03-08T10:29:49","guid":{"rendered":"http:\/\/omnivion.net\/core\/projets\/projets-artistiques\/newtopia-4-copy\/"},"modified":"2017-11-16T13:57:27","modified_gmt":"2017-11-16T12:57:27","slug":"newtopia-5","status":"publish","type":"page","link":"https:\/\/omnivion.net\/core\/fr\/projets\/projets-artistiques\/newtopia-5\/","title":{"rendered":"Newtopia 5"},"content":{"rendered":"<p><div id=\"attachment_2134\" style=\"width: 810px\" class=\"wp-caption alignnone\"><a href=\"http:\/\/omnivion.net\/core\/projets\/projets-artistiques\/newtopia-5\/2017-03-19-14-26-47-p1150309b_web\/\" rel=\"attachment wp-att-2134\"><img data-recalc-dims=\"1\" loading=\"lazy\" decoding=\"async\" aria-describedby=\"caption-attachment-2134\" class=\"size-full wp-image-2134\" src=\"https:\/\/i0.wp.com\/omnivion.net\/core\/wp-content\/uploads\/2017\/03\/2017-03-19-14-26-47-P1150309b_web.jpg?resize=800%2C306\" alt=\"\" width=\"800\" height=\"306\" srcset=\"https:\/\/i0.wp.com\/omnivion.net\/core\/wp-content\/uploads\/2017\/03\/2017-03-19-14-26-47-P1150309b_web.jpg?w=800&amp;ssl=1 800w, https:\/\/i0.wp.com\/omnivion.net\/core\/wp-content\/uploads\/2017\/03\/2017-03-19-14-26-47-P1150309b_web.jpg?resize=300%2C115&amp;ssl=1 300w, https:\/\/i0.wp.com\/omnivion.net\/core\/wp-content\/uploads\/2017\/03\/2017-03-19-14-26-47-P1150309b_web.jpg?resize=768%2C294&amp;ssl=1 768w\" sizes=\"auto, (max-width: 800px) 100vw, 800px\" \/><\/a><p id=\"caption-attachment-2134\" class=\"wp-caption-text\">Photo par D.Tsiapkinis<\/p><\/div><\/p>\n<h1>Newtopia\u00a05<\/h1>\n<p>Une nouvelle vague de propositions artistiques sur la th\u00e9matique <strong>danse, arts et sant\u00e9 mentale.<\/strong><\/p>\n<p>5 ans sont pass\u00e9s d\u00e9j\u00e0 depuis les premi\u00e8res tentatives de l&rsquo;\u00e9quipe d&rsquo;Omnivion de po\u00e9tiser la\u00a0<em>folie<\/em>, d&rsquo;interroger nos a priori sur les <em>normalit\u00e9s<\/em> expressives et cr\u00e9atives.<\/p>\n<p><a href=\"http:\/\/omnivion.net\/core\/team\/dimitrios-tsiapkinis\/\">Dimitri Tsiapkinis<\/a>,\u00a0l&rsquo;\u00e9quipe d&rsquo;Omnivion et ses partenaires, poursuivent ce projet collaboratif durable initi\u00e9 par le service psychiatrique du CHRU de Tours en 2006, bien avant la fondation d&rsquo;Omnivion. Sur une id\u00e9e commune d&rsquo;Evelyne Rebboh-Flachner (psychologue du CHU) et de Bernardo Montet (directeur du CCNT jusqu&rsquo;en 2011) d\u00e9marre alors un projet exp\u00e9rimental qui met \u00e0 l&rsquo;\u00e9preuve des approches p\u00e9dagogiques en danse contemporaine, dans le contexte psychiatrique. Dimitri Tsiapkinis, pr\u00e9sent dans l&rsquo;\u00e9quipe initiale et passionn\u00e9 du propos, a repris la direction de cet atelier d\u00e8s ses d\u00e9buts pour le mettre au centre des pr\u00e9occupations de l&rsquo;association Omnivion, lors de sa fondation en 2011.<\/p>\n<p>Aujourd&rsquo;hui, apr\u00e8s une multitude de performances, cr\u00e9ations et expositions, nous souhaitons\u00a0partager un peu plus le travail d\u00e9j\u00e0 fait, dans des lieux divers de la Touraine et ailleurs. Ainsi Newtopia 5 focalise sur la diffusion et la reprise des propositions artistiques pass\u00e9s, tout en continuant \u00e0 pr\u00e9senter des performances nouvelles en lien avec des contextes artistiques et scientifiques locales et r\u00e9gionales.<\/p>\n<p>&nbsp;<\/p>\n<p><strong>Programmation\u00a0 :<\/strong><\/p>\n<p><strong>19 mai : <a href=\"http:\/\/omnivion.net\/core\/projets\/projets-artistiques\/newtopia-5\/newtopia-5-1\/\">Newtopia 5.1<\/a>,\u00a0<\/strong>\u00e0 l&rsquo;IRFSS, Croix Rouge, Centre Val de Loire \/ Chambray-l\u00e8s-Tours<\/p>\n<p><strong>13 juin : <a href=\"http:\/\/omnivion.net\/core\/projets\/projets-artistiques\/newtopia-5\/newtopia-5-2\/\">Newtopia 5.2<\/a>,\u00a0<\/strong>au Centre Social la Rabi\u00e8re \/ Jou\u00e9-l\u00e8s-Tours<\/p>\n<p><strong>30 juin : <a href=\"http:\/\/omnivion.net\/core\/projets\/projets-artistiques\/newtopia-5\/newtopia-5-3\/\">Newtopia 5.3<\/a>,\u00a0<\/strong>\u00e0 la Salle Villeret \/ Tours (Fontaines)<\/p>\n<p><strong>09 d\u00e9cembre : <a href=\"http:\/\/omnivion.net\/core\/projets\/projets-artistiques\/newtopia-5\/newtopia-5-4\/\">Newtopia 5.4<\/a>, <\/strong>aux cliniques psychiatriques A &amp; B de Trousseau.<\/p>\n<p>&nbsp;<\/p>\n<p><a href=\"http:\/\/omnivion.net\/core\/projets\/projets-artistiques\/newtopia-5\/logos3\/\" rel=\"attachment wp-att-2239\"><img data-recalc-dims=\"1\" loading=\"lazy\" decoding=\"async\" class=\"alignnone size-large wp-image-2239\" src=\"https:\/\/i0.wp.com\/omnivion.net\/core\/wp-content\/uploads\/2017\/03\/logos3-1024x538.jpg?resize=800%2C420\" alt=\"\" width=\"800\" height=\"420\" srcset=\"https:\/\/i0.wp.com\/omnivion.net\/core\/wp-content\/uploads\/2017\/03\/logos3.jpg?resize=1024%2C538&amp;ssl=1 1024w, https:\/\/i0.wp.com\/omnivion.net\/core\/wp-content\/uploads\/2017\/03\/logos3.jpg?resize=300%2C158&amp;ssl=1 300w, https:\/\/i0.wp.com\/omnivion.net\/core\/wp-content\/uploads\/2017\/03\/logos3.jpg?resize=768%2C404&amp;ssl=1 768w, https:\/\/i0.wp.com\/omnivion.net\/core\/wp-content\/uploads\/2017\/03\/logos3.jpg?w=1360&amp;ssl=1 1360w\" sizes=\"auto, (max-width: 800px) 100vw, 800px\" \/><\/a><\/p>","protected":false},"excerpt":{"rendered":"<p>Newtopia\u00a05 Une nouvelle vague de propositions artistiques sur la th\u00e9matique danse, arts et [&hellip;]<\/p>\n","protected":false},"author":1,"featured_media":0,"parent":60,"menu_order":0,"comment_status":"closed","ping_status":"closed","template":"","meta":{"jetpack_post_was_ever_published":false,"footnotes":""},"class_list":["post-2099","page","type-page","status-publish","hentry"],"yoast_head":"<!-- This site is optimized with the Yoast SEO plugin v26.8 - https:\/\/yoast.com\/product\/yoast-seo-wordpress\/ -->\n<title>Newtopia 5 - omnivion.net<\/title>\n<meta name=\"robots\" content=\"index, follow, max-snippet:-1, max-image-preview:large, max-video-preview:-1\" \/>\n<link rel=\"canonical\" href=\"https:\/\/omnivion.net\/core\/fr\/projets\/projets-artistiques\/newtopia-5\/\" \/>\n<meta property=\"og:locale\" content=\"fr_FR\" \/>\n<meta property=\"og:type\" content=\"article\" \/>\n<meta property=\"og:title\" content=\"Newtopia 5 - omnivion.net\" \/>\n<meta property=\"og:description\" content=\"Newtopia\u00a05 Une nouvelle vague de propositions artistiques sur la th\u00e9matique danse, arts et [&hellip;]\" \/>\n<meta property=\"og:url\" content=\"https:\/\/omnivion.net\/core\/fr\/projets\/projets-artistiques\/newtopia-5\/\" \/>\n<meta property=\"og:site_name\" content=\"omnivion.net\" \/>\n<meta property=\"article:modified_time\" content=\"2017-11-16T12:57:27+00:00\" \/>\n<meta property=\"og:image\" content=\"http:\/\/omnivion.net\/core\/wp-content\/uploads\/2017\/03\/2017-03-19-14-26-47-P1150309b_web.jpg\" \/>\n<meta name=\"twitter:card\" content=\"summary_large_image\" \/>\n<meta name=\"twitter:label1\" content=\"Dur\u00e9e de lecture estim\u00e9e\" \/>\n\t<meta name=\"twitter:data1\" content=\"3 minutes\" \/>\n<script type=\"application\/ld+json\" class=\"yoast-schema-graph\">{\"@context\":\"https:\/\/schema.org\",\"@graph\":[{\"@type\":\"WebPage\",\"@id\":\"https:\/\/omnivion.net\/core\/fr\/projets\/projets-artistiques\/newtopia-5\/\",\"url\":\"https:\/\/omnivion.net\/core\/fr\/projets\/projets-artistiques\/newtopia-5\/\",\"name\":\"Newtopia 5 - omnivion.net\",\"isPartOf\":{\"@id\":\"https:\/\/omnivion.net\/core\/fr\/#website\"},\"primaryImageOfPage\":{\"@id\":\"https:\/\/omnivion.net\/core\/fr\/projets\/projets-artistiques\/newtopia-5\/#primaryimage\"},\"image\":{\"@id\":\"https:\/\/omnivion.net\/core\/fr\/projets\/projets-artistiques\/newtopia-5\/#primaryimage\"},\"thumbnailUrl\":\"http:\/\/omnivion.net\/core\/wp-content\/uploads\/2017\/03\/2017-03-19-14-26-47-P1150309b_web.jpg\",\"datePublished\":\"2017-03-08T10:29:49+00:00\",\"dateModified\":\"2017-11-16T12:57:27+00:00\",\"breadcrumb\":{\"@id\":\"https:\/\/omnivion.net\/core\/fr\/projets\/projets-artistiques\/newtopia-5\/#breadcrumb\"},\"inLanguage\":\"fr-FR\",\"potentialAction\":[{\"@type\":\"ReadAction\",\"target\":[\"https:\/\/omnivion.net\/core\/fr\/projets\/projets-artistiques\/newtopia-5\/\"]}]},{\"@type\":\"ImageObject\",\"inLanguage\":\"fr-FR\",\"@id\":\"https:\/\/omnivion.net\/core\/fr\/projets\/projets-artistiques\/newtopia-5\/#primaryimage\",\"url\":\"http:\/\/omnivion.net\/core\/wp-content\/uploads\/2017\/03\/2017-03-19-14-26-47-P1150309b_web.jpg\",\"contentUrl\":\"http:\/\/omnivion.net\/core\/wp-content\/uploads\/2017\/03\/2017-03-19-14-26-47-P1150309b_web.jpg\"},{\"@type\":\"BreadcrumbList\",\"@id\":\"https:\/\/omnivion.net\/core\/fr\/projets\/projets-artistiques\/newtopia-5\/#breadcrumb\",\"itemListElement\":[{\"@type\":\"ListItem\",\"position\":1,\"name\":\"Accueil\",\"item\":\"https:\/\/omnivion.net\/core\/en\/silverstorm\/\"},{\"@type\":\"ListItem\",\"position\":2,\"name\":\"Projets\",\"item\":\"https:\/\/omnivion.net\/core\/fr\/projets\/\"},{\"@type\":\"ListItem\",\"position\":3,\"name\":\"Projets Artistiques\",\"item\":\"https:\/\/omnivion.net\/core\/projets\/projets-artistiques\/\"},{\"@type\":\"ListItem\",\"position\":4,\"name\":\"Newtopia 5\"}]},{\"@type\":\"WebSite\",\"@id\":\"https:\/\/omnivion.net\/core\/fr\/#website\",\"url\":\"https:\/\/omnivion.net\/core\/fr\/\",\"name\":\"omnivion.net\",\"description\":\"...ARTS D&#039;\u00caTRE CORPS...\",\"potentialAction\":[{\"@type\":\"SearchAction\",\"target\":{\"@type\":\"EntryPoint\",\"urlTemplate\":\"https:\/\/omnivion.net\/core\/fr\/?s={search_term_string}\"},\"query-input\":{\"@type\":\"PropertyValueSpecification\",\"valueRequired\":true,\"valueName\":\"search_term_string\"}}],\"inLanguage\":\"fr-FR\"}]}<\/script>\n<!-- \/ Yoast SEO plugin. -->","yoast_head_json":{"title":"Newtopia 5 - omnivion.net","robots":{"index":"index","follow":"follow","max-snippet":"max-snippet:-1","max-image-preview":"max-image-preview:large","max-video-preview":"max-video-preview:-1"},"canonical":"https:\/\/omnivion.net\/core\/fr\/projets\/projets-artistiques\/newtopia-5\/","og_locale":"fr_FR","og_type":"article","og_title":"Newtopia 5 - omnivion.net","og_description":"Newtopia\u00a05 Une nouvelle vague de propositions artistiques sur la th\u00e9matique danse, arts et [&hellip;]","og_url":"https:\/\/omnivion.net\/core\/fr\/projets\/projets-artistiques\/newtopia-5\/","og_site_name":"omnivion.net","article_modified_time":"2017-11-16T12:57:27+00:00","og_image":[{"url":"http:\/\/omnivion.net\/core\/wp-content\/uploads\/2017\/03\/2017-03-19-14-26-47-P1150309b_web.jpg","type":"","width":"","height":""}],"twitter_card":"summary_large_image","twitter_misc":{"Dur\u00e9e de lecture estim\u00e9e":"3 minutes"},"schema":{"@context":"https:\/\/schema.org","@graph":[{"@type":"WebPage","@id":"https:\/\/omnivion.net\/core\/fr\/projets\/projets-artistiques\/newtopia-5\/","url":"https:\/\/omnivion.net\/core\/fr\/projets\/projets-artistiques\/newtopia-5\/","name":"Newtopia 5 - omnivion.net","isPartOf":{"@id":"https:\/\/omnivion.net\/core\/fr\/#website"},"primaryImageOfPage":{"@id":"https:\/\/omnivion.net\/core\/fr\/projets\/projets-artistiques\/newtopia-5\/#primaryimage"},"image":{"@id":"https:\/\/omnivion.net\/core\/fr\/projets\/projets-artistiques\/newtopia-5\/#primaryimage"},"thumbnailUrl":"http:\/\/omnivion.net\/core\/wp-content\/uploads\/2017\/03\/2017-03-19-14-26-47-P1150309b_web.jpg","datePublished":"2017-03-08T10:29:49+00:00","dateModified":"2017-11-16T12:57:27+00:00","breadcrumb":{"@id":"https:\/\/omnivion.net\/core\/fr\/projets\/projets-artistiques\/newtopia-5\/#breadcrumb"},"inLanguage":"fr-FR","potentialAction":[{"@type":"ReadAction","target":["https:\/\/omnivion.net\/core\/fr\/projets\/projets-artistiques\/newtopia-5\/"]}]},{"@type":"ImageObject","inLanguage":"fr-FR","@id":"https:\/\/omnivion.net\/core\/fr\/projets\/projets-artistiques\/newtopia-5\/#primaryimage","url":"http:\/\/omnivion.net\/core\/wp-content\/uploads\/2017\/03\/2017-03-19-14-26-47-P1150309b_web.jpg","contentUrl":"http:\/\/omnivion.net\/core\/wp-content\/uploads\/2017\/03\/2017-03-19-14-26-47-P1150309b_web.jpg"},{"@type":"BreadcrumbList","@id":"https:\/\/omnivion.net\/core\/fr\/projets\/projets-artistiques\/newtopia-5\/#breadcrumb","itemListElement":[{"@type":"ListItem","position":1,"name":"Accueil","item":"https:\/\/omnivion.net\/core\/en\/silverstorm\/"},{"@type":"ListItem","position":2,"name":"Projets","item":"https:\/\/omnivion.net\/core\/fr\/projets\/"},{"@type":"ListItem","position":3,"name":"Projets Artistiques","item":"https:\/\/omnivion.net\/core\/projets\/projets-artistiques\/"},{"@type":"ListItem","position":4,"name":"Newtopia 5"}]},{"@type":"WebSite","@id":"https:\/\/omnivion.net\/core\/fr\/#website","url":"https:\/\/omnivion.net\/core\/fr\/","name":"omnivion.net","description":"...ARTS D&#039;\u00caTRE CORPS...","potentialAction":[{"@type":"SearchAction","target":{"@type":"EntryPoint","urlTemplate":"https:\/\/omnivion.net\/core\/fr\/?s={search_term_string}"},"query-input":{"@type":"PropertyValueSpecification","valueRequired":true,"valueName":"search_term_string"}}],"inLanguage":"fr-FR"}]}},"jetpack_sharing_enabled":true,"jetpack_shortlink":"https:\/\/wp.me\/P2fe7Q-xR","jetpack_likes_enabled":true,"_links":{"self":[{"href":"https:\/\/omnivion.net\/core\/fr\/wp-json\/wp\/v2\/pages\/2099","targetHints":{"allow":["GET"]}}],"collection":[{"href":"https:\/\/omnivion.net\/core\/fr\/wp-json\/wp\/v2\/pages"}],"about":[{"href":"https:\/\/omnivion.net\/core\/fr\/wp-json\/wp\/v2\/types\/page"}],"author":[{"embeddable":true,"href":"https:\/\/omnivion.net\/core\/fr\/wp-json\/wp\/v2\/users\/1"}],"replies":[{"embeddable":true,"href":"https:\/\/omnivion.net\/core\/fr\/wp-json\/wp\/v2\/comments?post=2099"}],"version-history":[{"count":22,"href":"https:\/\/omnivion.net\/core\/fr\/wp-json\/wp\/v2\/pages\/2099\/revisions"}],"predecessor-version":[{"id":2510,"href":"https:\/\/omnivion.net\/core\/fr\/wp-json\/wp\/v2\/pages\/2099\/revisions\/2510"}],"up":[{"embeddable":true,"href":"https:\/\/omnivion.net\/core\/fr\/wp-json\/wp\/v2\/pages\/60"}],"wp:attachment":[{"href":"https:\/\/omnivion.net\/core\/fr\/wp-json\/wp\/v2\/media?parent=2099"}],"curies":[{"name":"wp","href":"https:\/\/api.w.org\/{rel}","templated":true}]}}