{"id":2053,"date":"2017-02-20T23:14:06","date_gmt":"2017-02-20T22:14:06","guid":{"rendered":"http:\/\/omnivion.net\/core\/projets\/projets-artistiques\/newtopia-3\/mooneaters-copy\/"},"modified":"2018-01-31T10:06:22","modified_gmt":"2018-01-31T09:06:22","slug":"mooneaters_ii","status":"publish","type":"page","link":"https:\/\/omnivion.net\/core\/fr\/projets\/projets-artistiques\/newtopia-4\/mooneaters_ii\/","title":{"rendered":"Moon Eaters II (2017)"},"content":{"rendered":"<p><div id=\"attachment_2211\" style=\"width: 810px\" class=\"wp-caption alignnone\"><a href=\"http:\/\/omnivion.net\/core\/projets\/projets-artistiques\/newtopia-4\/mooneaters_ii\/33573115360_afb6cd664c_o\/\" rel=\"attachment wp-att-2211\"><img data-recalc-dims=\"1\" loading=\"lazy\" decoding=\"async\" aria-describedby=\"caption-attachment-2211\" class=\"size-large wp-image-2211\" src=\"https:\/\/i0.wp.com\/omnivion.net\/core\/wp-content\/uploads\/2017\/02\/33573115360_afb6cd664c_o-1024x581.png?resize=800%2C454\" alt=\"\" width=\"800\" height=\"454\" srcset=\"https:\/\/i0.wp.com\/omnivion.net\/core\/wp-content\/uploads\/2017\/02\/33573115360_afb6cd664c_o.png?resize=1024%2C581&amp;ssl=1 1024w, https:\/\/i0.wp.com\/omnivion.net\/core\/wp-content\/uploads\/2017\/02\/33573115360_afb6cd664c_o.png?resize=300%2C170&amp;ssl=1 300w, https:\/\/i0.wp.com\/omnivion.net\/core\/wp-content\/uploads\/2017\/02\/33573115360_afb6cd664c_o.png?resize=768%2C436&amp;ssl=1 768w, https:\/\/i0.wp.com\/omnivion.net\/core\/wp-content\/uploads\/2017\/02\/33573115360_afb6cd664c_o.png?w=1920&amp;ssl=1 1920w\" sizes=\"auto, (max-width: 800px) 100vw, 800px\" \/><\/a><p id=\"caption-attachment-2211\" class=\"wp-caption-text\">Photo par Omnivion<\/p><\/div><\/p>\n<h1>Moon eaters II<\/h1>\n<p><strong><em>Conception \/ direction :<\/em><\/strong><a href=\"http:\/\/omnivion.net\/core\/team\/dimitrios-tsiapkinis\/\"><em> Dimitri Tsiapkinis<\/em><\/a><\/p>\n<p><em><strong>Encadrante p\u00e9dagogique<\/strong> : Val\u00e9rie Bruez<\/em><\/p>\n<p><em><strong>Une performance chor\u00e9graphique<\/strong><\/em> par<em> des\u00a0\u00e9tudiants et des salari\u00e9s de <a href=\"https:\/\/www.univ-orleans.fr\/vie\/le-suapse\">l\u2019Universit\u00e9 d\u2019Orl\u00e9ans \/<\/a> <a href=\"https:\/\/www.univ-orleans.fr\/vie\/le-suapse\">SUAPSE<\/a> et coproduit par le <a href=\"http:\/\/www.ccn-orleans.com\/\">CCN d\u2019Orl\u00e9ans<\/a>, qui fait partie du projet global <a href=\"http:\/\/omnivion.net\/core\/projets\/projets-artistiques\/newtopia-4\/\"><strong>Newtopia 4.<\/strong><\/a><\/em><\/p>\n<p><strong><em>Interpr\u00e8tes <\/em><\/strong><em>: CHENINI Vanessa, COURTIAL Estelle, MUNIER Catherine, CONTE Atiti, LIGER Doriane, LOMBARD Alice, ENYMAYEN Nana Efuo, GUIMARAES Maylis, TISSIER Eve-Marie<\/em><\/p>\n<p><em><strong>Eclairage\/r\u00e9gie technique :<\/strong>\u00a0Marine POURQUIE<br \/>\n<\/em><\/p>\n<p><em> <strong>Dur\u00e9e<\/strong> : ~ 25min<\/em><\/p>\n<p><strong><b>R\u00c9SERVATIONS<\/b>\u00a0:\u00a0<a href=\"https:\/\/omnivion.net\/core\/fr\/reservations\/\">omnivion.net\/reservations<\/a><\/strong><\/p>\n<p><strong><br \/>\nContenu :<\/strong><\/p>\n<p>Apr\u00e8s une premi\u00e8re version tendre et\u2026explosive par l\u2019\u00e9quipe de l\u2019Universit\u00e9 St.John de York (Flight Effect) et une tourn\u00e9e en Angleterre du Nord, voici une nouvelle (re-)interpr\u00e9tation, recompos\u00e9e \u00e0 partir de m\u00eames th\u00e9matiques\u00a0:\u00a0la notion de \u00ab folie \u00bb, arch\u00e9types du f\u00e9minin, \u00e9tats limites, la transe, les transgressions, la coh\u00e9sion sociale, la singularit\u00e9\u2026<\/p>\n<p>Cette fois-ci les danseuses viennent de l\u2019universit\u00e9 d\u2019Orl\u00e9ans. Elles vont\u00a0participer activement \u00e0 la construction du contenu chor\u00e9graphique\u00a0\u2013\u00a0comme leurs camarades anglais\u00a0\u2013\u00a0en y amenant du mouvement, des textes et des suggestions dramaturgiques.<\/p>\n<p>Dans la lign\u00e9e de <strong><em><a href=\"http:\/\/omnivion.net\/core\/en\/projets\/projets-artistiques\/newtopia-2-0\/newtopia-2-2-0\/\">Newtopia 2<\/a><\/em><\/strong> (2014) et <strong><em><a href=\"https:\/\/omnivion.net\/core\/fr\/projets\/projets-artistiques\/newtopia-3\/\">Newtopia 3<\/a><\/em><\/strong> (2015) centr\u00e9es sur la sant\u00e9 mentale, nous avons voulu continuer nos interrogations esth\u00e9tiques et philosophiques sur la folie, avec l\u2019\u00e9quipe du SUAPSE de l\u2019Universit\u00e9 d\u2019Orl\u00e9ans. La lune, \u00e9tait un pr\u00e9texte graphique et culturel pour explorer des \u00e9tats extatiques, ses liens avec l\u2019arch\u00e9type du f\u00e9minin et le monde du r\u00eave. Bien que la science r\u00e9fute ces ph\u00e9nom\u00e8nes comme des constructions culturelles sans preuve tangible, les artistes ont l\u2019avantage de l\u2019exp\u00e9rimentation esth\u00e9tique et po\u00e9tique, tout en mettant \u00e0 l\u2019\u00e9preuve les diff\u00e9rentes \u00abv\u00e9rit\u00e9s\u00bb scientifiques, sociales et morales.<\/p>\n<p>&nbsp;<\/p>\n<p><strong>Prochaines dates :<\/strong><\/p>\n<p>5 avril 2017 : Bouillon Centre Culturel Universitaire, Orl\u00e9ans (45000)<\/p>\n<p>17 mai 2017 : La Pl\u00e9iade, La Riche (37520)<\/p>\n<p><b>R\u00c9SERVATIONS<\/b><strong>\u00a0pour la Pl\u00e9iade\u00a0<\/strong>:\u00a0<strong><a href=\"https:\/\/omnivion.net\/core\/fr\/reservations\/\">omnivion.net\/reservations<\/a><\/strong><\/p>\n<p><strong>* IMPORTANT\u00a0: N\u2019appelez pas la Pl\u00e9iade pour r\u00e9server s\u2019il vous pla\u00eet.<br \/>\n<u>R\u00e9servations uniquement sur<\/u><\/strong> :\u00a0<a href=\"http:\/\/www.omnivion.net\/core\/reservations\/\">omnivion.net\/core\/reservations<\/a><\/p>\n<p>&nbsp;<\/p>\n<h2><\/h2>\n<p><\/p>","protected":false},"excerpt":{"rendered":"<p>Moon eaters II Conception \/ direction : Dimitri Tsiapkinis Encadrante p\u00e9dagogique : Val\u00e9rie [&hellip;]<\/p>\n","protected":false},"author":1,"featured_media":0,"parent":1603,"menu_order":0,"comment_status":"closed","ping_status":"closed","template":"","meta":{"jetpack_post_was_ever_published":false,"footnotes":""},"class_list":["post-2053","page","type-page","status-publish","hentry"],"yoast_head":"<!-- This site is optimized with the Yoast SEO plugin v26.8 - https:\/\/yoast.com\/product\/yoast-seo-wordpress\/ -->\n<title>Moon Eaters II (2017) - omnivion.net<\/title>\n<meta name=\"robots\" content=\"index, follow, max-snippet:-1, max-image-preview:large, max-video-preview:-1\" \/>\n<link rel=\"canonical\" href=\"https:\/\/omnivion.net\/core\/fr\/projets\/projets-artistiques\/newtopia-4\/mooneaters_ii\/\" \/>\n<meta property=\"og:locale\" content=\"fr_FR\" \/>\n<meta property=\"og:type\" content=\"article\" \/>\n<meta property=\"og:title\" content=\"Moon Eaters II (2017) - omnivion.net\" \/>\n<meta property=\"og:description\" content=\"Moon eaters II Conception \/ direction : Dimitri Tsiapkinis Encadrante p\u00e9dagogique : Val\u00e9rie [&hellip;]\" \/>\n<meta property=\"og:url\" content=\"https:\/\/omnivion.net\/core\/fr\/projets\/projets-artistiques\/newtopia-4\/mooneaters_ii\/\" \/>\n<meta property=\"og:site_name\" content=\"omnivion.net\" \/>\n<meta property=\"article:modified_time\" content=\"2018-01-31T09:06:22+00:00\" \/>\n<meta property=\"og:image\" content=\"http:\/\/omnivion.net\/core\/wp-content\/uploads\/2017\/02\/33573115360_afb6cd664c_o-1024x581.png\" \/>\n<meta name=\"twitter:card\" content=\"summary_large_image\" \/>\n<meta name=\"twitter:label1\" content=\"Dur\u00e9e de lecture estim\u00e9e\" \/>\n\t<meta name=\"twitter:data1\" content=\"3 minutes\" \/>\n<script type=\"application\/ld+json\" class=\"yoast-schema-graph\">{\"@context\":\"https:\/\/schema.org\",\"@graph\":[{\"@type\":\"WebPage\",\"@id\":\"https:\/\/omnivion.net\/core\/fr\/projets\/projets-artistiques\/newtopia-4\/mooneaters_ii\/\",\"url\":\"https:\/\/omnivion.net\/core\/fr\/projets\/projets-artistiques\/newtopia-4\/mooneaters_ii\/\",\"name\":\"Moon Eaters II (2017) - omnivion.net\",\"isPartOf\":{\"@id\":\"https:\/\/omnivion.net\/core\/fr\/#website\"},\"primaryImageOfPage\":{\"@id\":\"https:\/\/omnivion.net\/core\/fr\/projets\/projets-artistiques\/newtopia-4\/mooneaters_ii\/#primaryimage\"},\"image\":{\"@id\":\"https:\/\/omnivion.net\/core\/fr\/projets\/projets-artistiques\/newtopia-4\/mooneaters_ii\/#primaryimage\"},\"thumbnailUrl\":\"http:\/\/omnivion.net\/core\/wp-content\/uploads\/2017\/02\/33573115360_afb6cd664c_o-1024x581.png\",\"datePublished\":\"2017-02-20T22:14:06+00:00\",\"dateModified\":\"2018-01-31T09:06:22+00:00\",\"breadcrumb\":{\"@id\":\"https:\/\/omnivion.net\/core\/fr\/projets\/projets-artistiques\/newtopia-4\/mooneaters_ii\/#breadcrumb\"},\"inLanguage\":\"fr-FR\",\"potentialAction\":[{\"@type\":\"ReadAction\",\"target\":[\"https:\/\/omnivion.net\/core\/fr\/projets\/projets-artistiques\/newtopia-4\/mooneaters_ii\/\"]}]},{\"@type\":\"ImageObject\",\"inLanguage\":\"fr-FR\",\"@id\":\"https:\/\/omnivion.net\/core\/fr\/projets\/projets-artistiques\/newtopia-4\/mooneaters_ii\/#primaryimage\",\"url\":\"http:\/\/omnivion.net\/core\/wp-content\/uploads\/2017\/02\/33573115360_afb6cd664c_o-1024x581.png\",\"contentUrl\":\"http:\/\/omnivion.net\/core\/wp-content\/uploads\/2017\/02\/33573115360_afb6cd664c_o-1024x581.png\"},{\"@type\":\"BreadcrumbList\",\"@id\":\"https:\/\/omnivion.net\/core\/fr\/projets\/projets-artistiques\/newtopia-4\/mooneaters_ii\/#breadcrumb\",\"itemListElement\":[{\"@type\":\"ListItem\",\"position\":1,\"name\":\"Accueil\",\"item\":\"https:\/\/omnivion.net\/core\/en\/silverstorm\/\"},{\"@type\":\"ListItem\",\"position\":2,\"name\":\"Projets\",\"item\":\"https:\/\/omnivion.net\/core\/fr\/projets\/\"},{\"@type\":\"ListItem\",\"position\":3,\"name\":\"Projets Artistiques\",\"item\":\"https:\/\/omnivion.net\/core\/projets\/projets-artistiques\/\"},{\"@type\":\"ListItem\",\"position\":4,\"name\":\"Newtopia 4\",\"item\":\"https:\/\/omnivion.net\/core\/projets\/projets-artistiques\/newtopia-4\/\"},{\"@type\":\"ListItem\",\"position\":5,\"name\":\"Moon Eaters II (2017)\"}]},{\"@type\":\"WebSite\",\"@id\":\"https:\/\/omnivion.net\/core\/fr\/#website\",\"url\":\"https:\/\/omnivion.net\/core\/fr\/\",\"name\":\"omnivion.net\",\"description\":\"...ARTS D&#039;\u00caTRE CORPS...\",\"potentialAction\":[{\"@type\":\"SearchAction\",\"target\":{\"@type\":\"EntryPoint\",\"urlTemplate\":\"https:\/\/omnivion.net\/core\/fr\/?s={search_term_string}\"},\"query-input\":{\"@type\":\"PropertyValueSpecification\",\"valueRequired\":true,\"valueName\":\"search_term_string\"}}],\"inLanguage\":\"fr-FR\"}]}<\/script>\n<!-- \/ Yoast SEO plugin. -->","yoast_head_json":{"title":"Moon Eaters II (2017) - omnivion.net","robots":{"index":"index","follow":"follow","max-snippet":"max-snippet:-1","max-image-preview":"max-image-preview:large","max-video-preview":"max-video-preview:-1"},"canonical":"https:\/\/omnivion.net\/core\/fr\/projets\/projets-artistiques\/newtopia-4\/mooneaters_ii\/","og_locale":"fr_FR","og_type":"article","og_title":"Moon Eaters II (2017) - omnivion.net","og_description":"Moon eaters II Conception \/ direction : Dimitri Tsiapkinis Encadrante p\u00e9dagogique : Val\u00e9rie [&hellip;]","og_url":"https:\/\/omnivion.net\/core\/fr\/projets\/projets-artistiques\/newtopia-4\/mooneaters_ii\/","og_site_name":"omnivion.net","article_modified_time":"2018-01-31T09:06:22+00:00","og_image":[{"url":"http:\/\/omnivion.net\/core\/wp-content\/uploads\/2017\/02\/33573115360_afb6cd664c_o-1024x581.png","type":"","width":"","height":""}],"twitter_card":"summary_large_image","twitter_misc":{"Dur\u00e9e de lecture estim\u00e9e":"3 minutes"},"schema":{"@context":"https:\/\/schema.org","@graph":[{"@type":"WebPage","@id":"https:\/\/omnivion.net\/core\/fr\/projets\/projets-artistiques\/newtopia-4\/mooneaters_ii\/","url":"https:\/\/omnivion.net\/core\/fr\/projets\/projets-artistiques\/newtopia-4\/mooneaters_ii\/","name":"Moon Eaters II (2017) - omnivion.net","isPartOf":{"@id":"https:\/\/omnivion.net\/core\/fr\/#website"},"primaryImageOfPage":{"@id":"https:\/\/omnivion.net\/core\/fr\/projets\/projets-artistiques\/newtopia-4\/mooneaters_ii\/#primaryimage"},"image":{"@id":"https:\/\/omnivion.net\/core\/fr\/projets\/projets-artistiques\/newtopia-4\/mooneaters_ii\/#primaryimage"},"thumbnailUrl":"http:\/\/omnivion.net\/core\/wp-content\/uploads\/2017\/02\/33573115360_afb6cd664c_o-1024x581.png","datePublished":"2017-02-20T22:14:06+00:00","dateModified":"2018-01-31T09:06:22+00:00","breadcrumb":{"@id":"https:\/\/omnivion.net\/core\/fr\/projets\/projets-artistiques\/newtopia-4\/mooneaters_ii\/#breadcrumb"},"inLanguage":"fr-FR","potentialAction":[{"@type":"ReadAction","target":["https:\/\/omnivion.net\/core\/fr\/projets\/projets-artistiques\/newtopia-4\/mooneaters_ii\/"]}]},{"@type":"ImageObject","inLanguage":"fr-FR","@id":"https:\/\/omnivion.net\/core\/fr\/projets\/projets-artistiques\/newtopia-4\/mooneaters_ii\/#primaryimage","url":"http:\/\/omnivion.net\/core\/wp-content\/uploads\/2017\/02\/33573115360_afb6cd664c_o-1024x581.png","contentUrl":"http:\/\/omnivion.net\/core\/wp-content\/uploads\/2017\/02\/33573115360_afb6cd664c_o-1024x581.png"},{"@type":"BreadcrumbList","@id":"https:\/\/omnivion.net\/core\/fr\/projets\/projets-artistiques\/newtopia-4\/mooneaters_ii\/#breadcrumb","itemListElement":[{"@type":"ListItem","position":1,"name":"Accueil","item":"https:\/\/omnivion.net\/core\/en\/silverstorm\/"},{"@type":"ListItem","position":2,"name":"Projets","item":"https:\/\/omnivion.net\/core\/fr\/projets\/"},{"@type":"ListItem","position":3,"name":"Projets Artistiques","item":"https:\/\/omnivion.net\/core\/projets\/projets-artistiques\/"},{"@type":"ListItem","position":4,"name":"Newtopia 4","item":"https:\/\/omnivion.net\/core\/projets\/projets-artistiques\/newtopia-4\/"},{"@type":"ListItem","position":5,"name":"Moon Eaters II (2017)"}]},{"@type":"WebSite","@id":"https:\/\/omnivion.net\/core\/fr\/#website","url":"https:\/\/omnivion.net\/core\/fr\/","name":"omnivion.net","description":"...ARTS D&#039;\u00caTRE CORPS...","potentialAction":[{"@type":"SearchAction","target":{"@type":"EntryPoint","urlTemplate":"https:\/\/omnivion.net\/core\/fr\/?s={search_term_string}"},"query-input":{"@type":"PropertyValueSpecification","valueRequired":true,"valueName":"search_term_string"}}],"inLanguage":"fr-FR"}]}},"jetpack_sharing_enabled":true,"jetpack_shortlink":"https:\/\/wp.me\/P2fe7Q-x7","jetpack_likes_enabled":true,"_links":{"self":[{"href":"https:\/\/omnivion.net\/core\/fr\/wp-json\/wp\/v2\/pages\/2053","targetHints":{"allow":["GET"]}}],"collection":[{"href":"https:\/\/omnivion.net\/core\/fr\/wp-json\/wp\/v2\/pages"}],"about":[{"href":"https:\/\/omnivion.net\/core\/fr\/wp-json\/wp\/v2\/types\/page"}],"author":[{"embeddable":true,"href":"https:\/\/omnivion.net\/core\/fr\/wp-json\/wp\/v2\/users\/1"}],"replies":[{"embeddable":true,"href":"https:\/\/omnivion.net\/core\/fr\/wp-json\/wp\/v2\/comments?post=2053"}],"version-history":[{"count":14,"href":"https:\/\/omnivion.net\/core\/fr\/wp-json\/wp\/v2\/pages\/2053\/revisions"}],"predecessor-version":[{"id":2624,"href":"https:\/\/omnivion.net\/core\/fr\/wp-json\/wp\/v2\/pages\/2053\/revisions\/2624"}],"up":[{"embeddable":true,"href":"https:\/\/omnivion.net\/core\/fr\/wp-json\/wp\/v2\/pages\/1603"}],"wp:attachment":[{"href":"https:\/\/omnivion.net\/core\/fr\/wp-json\/wp\/v2\/media?parent=2053"}],"curies":[{"name":"wp","href":"https:\/\/api.w.org\/{rel}","templated":true}]}}